{"id":37620,"date":"2016-11-18T13:45:14","date_gmt":"2016-11-18T15:45:14","guid":{"rendered":"http:\/\/homolog.saopaulo.sp.leg.br\/apartes-anteriores\/?page_id=37620"},"modified":"2016-12-16T13:09:53","modified_gmt":"2016-12-16T15:09:53","slug":"no03-palavra-do-presidente","status":"publish","type":"page","link":"https:\/\/homolog.saopaulo.sp.leg.br\/apartes-anteriores\/revista-apartes\/numero-3-novembro2013\/no03-palavra-do-presidente\/","title":{"rendered":"N\u00ba03 &#8211; Palavra do Presidente"},"content":{"rendered":"<h1><strong><span style=\"color: #800000\">Palavra do Presidente<\/span><\/strong><\/h1>\n<div style=\"float: right;width: 160px;margin-left: 1.5em;margin-bottom: 1.5em\">\n<div style=\"float: right;padding: 5px;background-color: #eee !important\">\n<p><a href=\"http:\/\/homolog.saopaulo.sp.leg.br\/apartes-anteriores\/wp-content\/uploads\/sites\/9\/2016\/11\/apartes_n02_01.jpg\"><img loading=\"lazy\" decoding=\"async\" class=\"aligncenter wp-image-37378\" src=\"http:\/\/homolog.saopaulo.sp.leg.br\/apartes-anteriores\/wp-content\/uploads\/sites\/9\/2016\/11\/apartes_n02_01-150x150.jpg\" width=\"170\" height=\"211\" srcset=\"https:\/\/homolog.saopaulo.sp.leg.br\/apartes-anteriores\/wp-content\/uploads\/sites\/9\/2016\/11\/apartes_n02_01-242x300.jpg 242w, https:\/\/homolog.saopaulo.sp.leg.br\/apartes-anteriores\/wp-content\/uploads\/sites\/9\/2016\/11\/apartes_n02_01-768x951.jpg 768w, https:\/\/homolog.saopaulo.sp.leg.br\/apartes-anteriores\/wp-content\/uploads\/sites\/9\/2016\/11\/apartes_n02_01-827x1024.jpg 827w, https:\/\/homolog.saopaulo.sp.leg.br\/apartes-anteriores\/wp-content\/uploads\/sites\/9\/2016\/11\/apartes_n02_01.jpg 1212w\" sizes=\"auto, (max-width: 170px) 100vw, 170px\" \/><\/a><\/p>\n<p style=\"font-size: 0.8em;line-height: 1.1em;text-align: center;margin: 0em 0px 7px 0px;color: #333;!important;background-color: transparent !important\" align=\"center\">Vereador Jos\u00e9 Am\u00e9rico<br \/>\nPresidente da CMSP<\/p>\n<\/div>\n<p style=\"font-size: 0.5em;line-height: 1.1em;text-align: right;margin: 4px 0px 0px 0px;background-color: transparent !important\">Equipe de Eventos\/CMSP<\/p>\n<\/div>\n<p>Esta edi\u00e7\u00e3o da <strong>Apartes<\/strong> dedica a maioria de suas p\u00e1ginas \u00e0 mat\u00e9ria especial sobre uma importante conquista relacionada \u00e0 luta pela democracia no Brasil: o reconhecimento, ainda que simb\u00f3lico, dos mandatos de todos os vereadores paulistanos cassados n\u00e3o somente em per\u00edodos de ditadura, mas tamb\u00e9m em tempos considerados democr\u00e1ticos. A repara\u00e7\u00e3o, nos mesmos moldes, tamb\u00e9m ocorreu na Assembleia Legislativa de S\u00e3o Paulo e no Congresso Nacional.<\/p>\n<p>Esse trabalho de corre\u00e7\u00e3o hist\u00f3rica representa muito bem o esfor\u00e7o conjunto desenvolvido na C\u00e2mara Municipal de S\u00e3o Paulo (CMSP). Envolveu vereadores que desejavam ver alguns mandatos restitu\u00eddos, principalmente os dos cassados ligados \u00e0 corrente comunista. Contou com a participa\u00e7\u00e3o fundamental da Comiss\u00e3o Municipal da Verdade Vladimir Herzog e da Escola do Parlamento. Movimentou os setores de comunica\u00e7\u00e3o da Casa. E teve a importante colabora\u00e7\u00e3o do Centro de Mem\u00f3ria Legislativa (Cemel) do Tribunal Regional Eleitoral de S\u00e3o Paulo.<\/p>\n<p>O resultado desse trabalho, narrado em mat\u00e9ria deste n\u00famero, ser\u00e1 coroado no dia 9 de dezembro, com a Sess\u00e3o Solene de entrega dos mandatos dos vereadores injusti\u00e7ados. Por falar em injusti\u00e7a, tamb\u00e9m \u00e9 tema desta edi\u00e7\u00e3o n\u00e3o uma repara\u00e7\u00e3o, mas outro desagravo a um dos fatos mais lament\u00e1veis proporcionados pela ditadura militar: por iniciativa desta Casa, a pra\u00e7a ao lado da CMSP (antiga Divina Provid\u00eancia) passou a se chamar Vladimir Herzog, uma homenagem ao jornalista torturado e assassinado em 1975 e que se tornou s\u00edmbolo da luta pela democracia no Brasil.<\/p>\n<p>Homenagear Vlado \u00e9 um orgulho e felicidade para este Parlamento. Ser homenageado com um trof\u00e9u que leva o nome dele, ent\u00e3o, \u00e9 motivo de grande festa. A mat\u00e9ria de capa da edi\u00e7\u00e3o n\u00famero 1 da <strong>Apartes<\/strong>, escrita pelo jornalista Fausto Salvadori Filho, sobre o trabalho realizado pela Comiss\u00e3o da Verdade desta Casa, ganhou men\u00e7\u00e3o honrosa na categoria revista do Pr\u00eamio Vladimir Herzog de Jornalismo deste ano. Mais uma vez, temos uma prova de que as iniciativas da CMSP est\u00e3o no rumo certo.<\/p>\n<p>Por fim, vale aqui uma nota carinhosa sobre um grupo de jovens que, a partir desta edi\u00e7\u00e3o, passou a contribuir com a log\u00edstica de distribui\u00e7\u00e3o da revista. A tarefa de envelopar e etiquetar os exemplares enviados pelos Correios est\u00e1 sendo desenvolvida por estagi\u00e1rios especiais da CMSP, portadores de algum tipo de defici\u00eancia intelectual, sob coordena\u00e7\u00e3o das equipes de Expedi\u00e7\u00e3o e Distribui\u00e7\u00e3o de Correspond\u00eancia e Sele\u00e7\u00e3o, Desenvolvimento e Avalia\u00e7\u00e3o de Pessoal.<\/p>\n<p>A essa turminha especial e a todos os funcion\u00e1rios da Casa que contribuem desde a elabora\u00e7\u00e3o da pauta at\u00e9 a confec\u00e7\u00e3o da revista, estocagem e distribui\u00e7\u00e3o, o meu forte abra\u00e7o e agradecimento pela dedica\u00e7\u00e3o com que realizam essas importantes tarefas.<\/p>\n<p>Uma \u00f3tima leitura a todos!<\/p>\n","protected":false},"excerpt":{"rendered":"<p>Palavra do Presidente Vereador Jos\u00e9 Am\u00e9rico Presidente da CMSP Equipe de Eventos\/CMSP Esta edi\u00e7\u00e3o da Apartes dedica a maioria de suas p\u00e1ginas \u00e0 mat\u00e9ria especial sobre uma importante conquista relacionada \u00e0 luta pela democracia no Brasil: o reconhecimento, ainda que simb\u00f3lico, dos mandatos de todos os vereadores paulistanos cassados n\u00e3o somente em per\u00edodos de ditadura, [&hellip;]<\/p>\n","protected":false},"author":109,"featured_media":0,"parent":24338,"menu_order":0,"comment_status":"closed","ping_status":"closed","template":"","meta":{"footnotes":""},"class_list":["post-37620","page","type-page","status-publish","hentry"],"meta_all":{"_edit_lock":["1481901013:109"],"_edit_last":["109"],"_wp_page_template":["default"],"_yoast_wpseo_content_score":["30"],"_cmsp_page_download-files":["a:1:{i:0;a:1:{s:4:\"type\";s:3:\"pdf\";}}"],"_yoast_wpseo_opengraph-title":["Palavra do Presidente"],"_yoast_wpseo_opengraph-description":["Revista Apartes"],"_yoast_wpseo_twitter-title":["Palavra do Presidente"],"_yoast_wpseo_twitter-description":["Revista Apartes"]},"meta_all_2":{"_edit_lock":["1481901013:109"],"_edit_last":["109"],"_wp_page_template":["default"],"_yoast_wpseo_content_score":["30"],"_cmsp_page_download-files":["a:1:{i:0;a:1:{s:4:\"type\";s:3:\"pdf\";}}"],"_yoast_wpseo_opengraph-title":["Palavra do Presidente"],"_yoast_wpseo_opengraph-description":["Revista Apartes"],"_yoast_wpseo_twitter-title":["Palavra do Presidente"],"_yoast_wpseo_twitter-description":["Revista Apartes"]},"yoast_head":"<!-- This site is optimized with the Yoast SEO plugin v27.4 - https:\/\/yoast.com\/product\/yoast-seo-wordpress\/ -->\r\n<title>N\u00ba03 - Palavra do Presidente - Revista Apartes (edi\u00e7\u00f5es anteriores)<\/title>\r\n<meta name=\"robots\" content=\"noindex, follow, max-snippet:-1, max-image-preview:large, max-video-preview:-1\" \/>\r\n<meta property=\"og:locale\" content=\"pt_BR\" \/>\r\n<meta property=\"og:type\" content=\"article\" \/>\r\n<meta property=\"og:title\" content=\"Palavra do Presidente\" \/>\r\n<meta property=\"og:description\" content=\"Revista Apartes\" \/>\r\n<meta property=\"og:url\" content=\"https:\/\/www.saopaulo.sp.leg.br\/apartes-anteriores\/revista-apartes\/numero-3-novembro2013\/no03-palavra-do-presidente\/\" \/>\r\n<meta property=\"og:site_name\" content=\"Revista Apartes (edi\u00e7\u00f5es anteriores)\" \/>\r\n<meta property=\"article:publisher\" content=\"https:\/\/www.facebook.com\/RevistaApartes\/\" \/>\r\n<meta property=\"article:modified_time\" content=\"2016-12-16T15:09:53+00:00\" \/>\r\n<meta property=\"og:image\" content=\"http:\/\/www.saopaulo.sp.leg.br\/apartes-anteriores\/wp-content\/uploads\/sites\/9\/2016\/11\/apartes_n02_01-150x150.jpg\" \/>\r\n<meta name=\"twitter:card\" content=\"summary_large_image\" \/>\r\n<meta name=\"twitter:title\" content=\"Palavra do Presidente\" \/>\r\n<meta name=\"twitter:description\" content=\"Revista Apartes\" \/>\r\n<meta name=\"twitter:site\" content=\"@revistaapartes\" \/>\r\n<meta name=\"twitter:label1\" content=\"Est. tempo de leitura\" \/>\n\t<meta name=\"twitter:data1\" content=\"2 minutos\" \/>\r\n<script type=\"application\/ld+json\" class=\"yoast-schema-graph\">{\"@context\":\"https:\\\/\\\/schema.org\",\"@graph\":[{\"@type\":\"WebPage\",\"@id\":\"https:\\\/\\\/www.saopaulo.sp.leg.br\\\/apartes-anteriores\\\/revista-apartes\\\/numero-3-novembro2013\\\/no03-palavra-do-presidente\\\/\",\"url\":\"https:\\\/\\\/www.saopaulo.sp.leg.br\\\/apartes-anteriores\\\/revista-apartes\\\/numero-3-novembro2013\\\/no03-palavra-do-presidente\\\/\",\"name\":\"N\u00ba03 - Palavra do Presidente - Revista Apartes (edi\u00e7\u00f5es anteriores)\",\"isPartOf\":{\"@id\":\"https:\\\/\\\/homolog.saopaulo.sp.leg.br\\\/apartes-anteriores\\\/#website\"},\"primaryImageOfPage\":{\"@id\":\"https:\\\/\\\/www.saopaulo.sp.leg.br\\\/apartes-anteriores\\\/revista-apartes\\\/numero-3-novembro2013\\\/no03-palavra-do-presidente\\\/#primaryimage\"},\"image\":{\"@id\":\"https:\\\/\\\/www.saopaulo.sp.leg.br\\\/apartes-anteriores\\\/revista-apartes\\\/numero-3-novembro2013\\\/no03-palavra-do-presidente\\\/#primaryimage\"},\"thumbnailUrl\":\"http:\\\/\\\/homolog.saopaulo.sp.leg.br\\\/apartes-anteriores\\\/wp-content\\\/uploads\\\/sites\\\/9\\\/2016\\\/11\\\/apartes_n02_01-150x150.jpg\",\"datePublished\":\"2016-11-18T15:45:14+00:00\",\"dateModified\":\"2016-12-16T15:09:53+00:00\",\"breadcrumb\":{\"@id\":\"https:\\\/\\\/www.saopaulo.sp.leg.br\\\/apartes-anteriores\\\/revista-apartes\\\/numero-3-novembro2013\\\/no03-palavra-do-presidente\\\/#breadcrumb\"},\"inLanguage\":\"pt-BR\",\"potentialAction\":[{\"@type\":\"ReadAction\",\"target\":[\"https:\\\/\\\/www.saopaulo.sp.leg.br\\\/apartes-anteriores\\\/revista-apartes\\\/numero-3-novembro2013\\\/no03-palavra-do-presidente\\\/\"]}]},{\"@type\":\"ImageObject\",\"inLanguage\":\"pt-BR\",\"@id\":\"https:\\\/\\\/www.saopaulo.sp.leg.br\\\/apartes-anteriores\\\/revista-apartes\\\/numero-3-novembro2013\\\/no03-palavra-do-presidente\\\/#primaryimage\",\"url\":\"https:\\\/\\\/homolog.saopaulo.sp.leg.br\\\/apartes-anteriores\\\/wp-content\\\/uploads\\\/sites\\\/9\\\/2016\\\/11\\\/apartes_n02_01.jpg\",\"contentUrl\":\"https:\\\/\\\/homolog.saopaulo.sp.leg.br\\\/apartes-anteriores\\\/wp-content\\\/uploads\\\/sites\\\/9\\\/2016\\\/11\\\/apartes_n02_01.jpg\",\"width\":1212,\"height\":1501},{\"@type\":\"BreadcrumbList\",\"@id\":\"https:\\\/\\\/www.saopaulo.sp.leg.br\\\/apartes-anteriores\\\/revista-apartes\\\/numero-3-novembro2013\\\/no03-palavra-do-presidente\\\/#breadcrumb\",\"itemListElement\":[{\"@type\":\"ListItem\",\"position\":1,\"name\":\"Home\",\"item\":\"https:\\\/\\\/www.saopaulo.sp.leg.br\\\/apartes-anteriores\\\/\"},{\"@type\":\"ListItem\",\"position\":2,\"name\":\"Revista Apartes\",\"item\":\"https:\\\/\\\/www.saopaulo.sp.leg.br\\\/apartes-anteriores\\\/\"},{\"@type\":\"ListItem\",\"position\":3,\"name\":\"N\u00famero 03 &#8211; nov\\\/2013\",\"item\":\"https:\\\/\\\/www.saopaulo.sp.leg.br\\\/apartes-anteriores\\\/revista-apartes\\\/numero-3-novembro2013\\\/\"},{\"@type\":\"ListItem\",\"position\":4,\"name\":\"N\u00ba03 &#8211; Palavra do Presidente\"}]},{\"@type\":\"WebSite\",\"@id\":\"https:\\\/\\\/homolog.saopaulo.sp.leg.br\\\/apartes-anteriores\\\/#website\",\"url\":\"https:\\\/\\\/homolog.saopaulo.sp.leg.br\\\/apartes-anteriores\\\/\",\"name\":\"Revista Apartes (edi\u00e7\u00f5es anteriores)\",\"description\":\"Revista Apartes (edi\u00e7\u00f5es anteriores)\",\"potentialAction\":[{\"@type\":\"SearchAction\",\"target\":{\"@type\":\"EntryPoint\",\"urlTemplate\":\"https:\\\/\\\/homolog.saopaulo.sp.leg.br\\\/apartes-anteriores\\\/?s={search_term_string}\"},\"query-input\":{\"@type\":\"PropertyValueSpecification\",\"valueRequired\":true,\"valueName\":\"search_term_string\"}}],\"inLanguage\":\"pt-BR\"}]}<\/script>\r\n<!-- \/ Yoast SEO plugin. -->","yoast_head_json":{"title":"N\u00ba03 - Palavra do Presidente - Revista Apartes (edi\u00e7\u00f5es anteriores)","robots":{"index":"noindex","follow":"follow","max-snippet":"max-snippet:-1","max-image-preview":"max-image-preview:large","max-video-preview":"max-video-preview:-1"},"og_locale":"pt_BR","og_type":"article","og_title":"Palavra do Presidente","og_description":"Revista Apartes","og_url":"https:\/\/www.saopaulo.sp.leg.br\/apartes-anteriores\/revista-apartes\/numero-3-novembro2013\/no03-palavra-do-presidente\/","og_site_name":"Revista Apartes (edi\u00e7\u00f5es anteriores)","article_publisher":"https:\/\/www.facebook.com\/RevistaApartes\/","article_modified_time":"2016-12-16T15:09:53+00:00","og_image":[{"url":"http:\/\/www.saopaulo.sp.leg.br\/apartes-anteriores\/wp-content\/uploads\/sites\/9\/2016\/11\/apartes_n02_01-150x150.jpg","type":"","width":"","height":""}],"twitter_card":"summary_large_image","twitter_title":"Palavra do Presidente","twitter_description":"Revista Apartes","twitter_site":"@revistaapartes","twitter_misc":{"Est. tempo de leitura":"2 minutos"},"schema":{"@context":"https:\/\/schema.org","@graph":[{"@type":"WebPage","@id":"https:\/\/www.saopaulo.sp.leg.br\/apartes-anteriores\/revista-apartes\/numero-3-novembro2013\/no03-palavra-do-presidente\/","url":"https:\/\/www.saopaulo.sp.leg.br\/apartes-anteriores\/revista-apartes\/numero-3-novembro2013\/no03-palavra-do-presidente\/","name":"N\u00ba03 - Palavra do Presidente - Revista Apartes (edi\u00e7\u00f5es anteriores)","isPartOf":{"@id":"https:\/\/homolog.saopaulo.sp.leg.br\/apartes-anteriores\/#website"},"primaryImageOfPage":{"@id":"https:\/\/www.saopaulo.sp.leg.br\/apartes-anteriores\/revista-apartes\/numero-3-novembro2013\/no03-palavra-do-presidente\/#primaryimage"},"image":{"@id":"https:\/\/www.saopaulo.sp.leg.br\/apartes-anteriores\/revista-apartes\/numero-3-novembro2013\/no03-palavra-do-presidente\/#primaryimage"},"thumbnailUrl":"http:\/\/homolog.saopaulo.sp.leg.br\/apartes-anteriores\/wp-content\/uploads\/sites\/9\/2016\/11\/apartes_n02_01-150x150.jpg","datePublished":"2016-11-18T15:45:14+00:00","dateModified":"2016-12-16T15:09:53+00:00","breadcrumb":{"@id":"https:\/\/www.saopaulo.sp.leg.br\/apartes-anteriores\/revista-apartes\/numero-3-novembro2013\/no03-palavra-do-presidente\/#breadcrumb"},"inLanguage":"pt-BR","potentialAction":[{"@type":"ReadAction","target":["https:\/\/www.saopaulo.sp.leg.br\/apartes-anteriores\/revista-apartes\/numero-3-novembro2013\/no03-palavra-do-presidente\/"]}]},{"@type":"ImageObject","inLanguage":"pt-BR","@id":"https:\/\/www.saopaulo.sp.leg.br\/apartes-anteriores\/revista-apartes\/numero-3-novembro2013\/no03-palavra-do-presidente\/#primaryimage","url":"https:\/\/homolog.saopaulo.sp.leg.br\/apartes-anteriores\/wp-content\/uploads\/sites\/9\/2016\/11\/apartes_n02_01.jpg","contentUrl":"https:\/\/homolog.saopaulo.sp.leg.br\/apartes-anteriores\/wp-content\/uploads\/sites\/9\/2016\/11\/apartes_n02_01.jpg","width":1212,"height":1501},{"@type":"BreadcrumbList","@id":"https:\/\/www.saopaulo.sp.leg.br\/apartes-anteriores\/revista-apartes\/numero-3-novembro2013\/no03-palavra-do-presidente\/#breadcrumb","itemListElement":[{"@type":"ListItem","position":1,"name":"Home","item":"https:\/\/www.saopaulo.sp.leg.br\/apartes-anteriores\/"},{"@type":"ListItem","position":2,"name":"Revista Apartes","item":"https:\/\/www.saopaulo.sp.leg.br\/apartes-anteriores\/"},{"@type":"ListItem","position":3,"name":"N\u00famero 03 &#8211; nov\/2013","item":"https:\/\/www.saopaulo.sp.leg.br\/apartes-anteriores\/revista-apartes\/numero-3-novembro2013\/"},{"@type":"ListItem","position":4,"name":"N\u00ba03 &#8211; Palavra do Presidente"}]},{"@type":"WebSite","@id":"https:\/\/homolog.saopaulo.sp.leg.br\/apartes-anteriores\/#website","url":"https:\/\/homolog.saopaulo.sp.leg.br\/apartes-anteriores\/","name":"Revista Apartes (edi\u00e7\u00f5es anteriores)","description":"Revista Apartes (edi\u00e7\u00f5es anteriores)","potentialAction":[{"@type":"SearchAction","target":{"@type":"EntryPoint","urlTemplate":"https:\/\/homolog.saopaulo.sp.leg.br\/apartes-anteriores\/?s={search_term_string}"},"query-input":{"@type":"PropertyValueSpecification","valueRequired":true,"valueName":"search_term_string"}}],"inLanguage":"pt-BR"}]}},"_links":{"self":[{"href":"https:\/\/homolog.saopaulo.sp.leg.br\/apartes-anteriores\/wp-json\/wp\/v2\/pages\/37620","targetHints":{"allow":["GET"]}}],"collection":[{"href":"https:\/\/homolog.saopaulo.sp.leg.br\/apartes-anteriores\/wp-json\/wp\/v2\/pages"}],"about":[{"href":"https:\/\/homolog.saopaulo.sp.leg.br\/apartes-anteriores\/wp-json\/wp\/v2\/types\/page"}],"author":[{"embeddable":true,"href":"https:\/\/homolog.saopaulo.sp.leg.br\/apartes-anteriores\/wp-json\/wp\/v2\/users\/109"}],"replies":[{"embeddable":true,"href":"https:\/\/homolog.saopaulo.sp.leg.br\/apartes-anteriores\/wp-json\/wp\/v2\/comments?post=37620"}],"version-history":[{"count":4,"href":"https:\/\/homolog.saopaulo.sp.leg.br\/apartes-anteriores\/wp-json\/wp\/v2\/pages\/37620\/revisions"}],"predecessor-version":[{"id":38648,"href":"https:\/\/homolog.saopaulo.sp.leg.br\/apartes-anteriores\/wp-json\/wp\/v2\/pages\/37620\/revisions\/38648"}],"up":[{"embeddable":true,"href":"https:\/\/homolog.saopaulo.sp.leg.br\/apartes-anteriores\/wp-json\/wp\/v2\/pages\/24338"}],"wp:attachment":[{"href":"https:\/\/homolog.saopaulo.sp.leg.br\/apartes-anteriores\/wp-json\/wp\/v2\/media?parent=37620"}],"curies":[{"name":"wp","href":"https:\/\/api.w.org\/{rel}","templated":true}]}}