{"id":37623,"date":"2016-11-18T14:24:06","date_gmt":"2016-11-18T16:24:06","guid":{"rendered":"http:\/\/homolog.saopaulo.sp.leg.br\/apartes-anteriores\/?page_id=37623"},"modified":"2021-10-06T17:02:28","modified_gmt":"2021-10-06T20:02:28","slug":"no03-notas","status":"publish","type":"page","link":"https:\/\/homolog.saopaulo.sp.leg.br\/apartes-anteriores\/revista-apartes\/numero-3-novembro2013\/no03-notas\/","title":{"rendered":"N\u00ba03 &#8211; Notas"},"content":{"rendered":"<h1><span style=\"color: #800000\"><strong>NOTAS<\/strong><\/span><\/h1>\n<h3><strong>S\u00e3o Paulo ter\u00e1 ag\u00eancia de fomento ao cinema<\/strong><\/h3>\n<p><!-- imagem MEDIA - com legenda - LADO DIREITO --><\/p>\n<div style=\"float: right;width: 227px;margin-left: 1.5em;margin-bottom: 1.5em\">\n<div style=\"float: right;padding: 5px;background-color: #eee !important\">\n<p><a href=\"http:\/\/homolog.saopaulo.sp.leg.br\/apartes-anteriores\/wp-content\/uploads\/sites\/9\/2016\/11\/apartes_n03_02.jpg\"><img loading=\"lazy\" decoding=\"async\" class=\"aligncenter wp-image-37629\" src=\"http:\/\/homolog.saopaulo.sp.leg.br\/apartes-anteriores\/wp-content\/uploads\/sites\/9\/2016\/11\/apartes_n03_02-209x300.jpg\" width=\"230\" height=\"331\" srcset=\"https:\/\/homolog.saopaulo.sp.leg.br\/apartes-anteriores\/wp-content\/uploads\/sites\/9\/2016\/11\/apartes_n03_02-209x300.jpg 209w, https:\/\/homolog.saopaulo.sp.leg.br\/apartes-anteriores\/wp-content\/uploads\/sites\/9\/2016\/11\/apartes_n03_02-768x1105.jpg 768w, https:\/\/homolog.saopaulo.sp.leg.br\/apartes-anteriores\/wp-content\/uploads\/sites\/9\/2016\/11\/apartes_n03_02-712x1024.jpg 712w, https:\/\/homolog.saopaulo.sp.leg.br\/apartes-anteriores\/wp-content\/uploads\/sites\/9\/2016\/11\/apartes_n03_02.jpg 1068w\" sizes=\"auto, (max-width: 230px) 100vw, 230px\" \/><\/a><\/p>\n<p style=\"font-size: 0.8em;line-height: 1.1em;text-align: center;margin: -1.5em 0px 7px 0px;color: #333;!important;background-color: transparent !important\" align=\"center\">Haddad entrega a Jos\u00e9 Am\u00e9rico projeto da SPCine<\/p>\n<\/div>\n<p style=\"font-size: 0.5em;line-height: 1.1em;text-align: right;margin: 4px 0px 7px 0px;background-color: transparent !important\">F\u00e1bio Lazzari\/CMSP<\/p>\n<\/div>\n<p><!-- imagem MEDIA - com legenda - LADO DIREITO --><\/p>\n<p>A C\u00e2mara Municipal de S\u00e3o Paulo est\u00e1 analisando o projeto do Executivo que cria a Empresa de Cinema e Audiovisual de S\u00e3o Paulo, a SPCine. Essa ag\u00eancia de fomento ter\u00e1 o objetivo de facilitar a produ\u00e7\u00e3o, a distribui\u00e7\u00e3o e a exibi\u00e7\u00e3o de conte\u00fados audiovisuais em diversas plataformas, da tela de cinema aos telefones celulares.<\/p>\n<p>No dia 31 de outubro, o presidente da C\u00e2mara, Jos\u00e9 Am\u00e9rico (PT), recebeu o projeto das m\u00e3os do prefeito de S\u00e3o Paulo, Fernando Haddad (PT), em uma cerim\u00f4nia na Pra\u00e7a das Artes, que tamb\u00e9m contou com a presen\u00e7a do governador do Estado, Geraldo Alckmin (PSDB), da ministra da Cultura, Marta Suplicy (PT), de vereadores e de dezenas de cineastas. \u201cEm um m\u00eas vamos realizar audi\u00eancias p\u00fablicas e aprovar o projeto\u201d, afirmou Jos\u00e9 Am\u00e9rico. \u201cTodos os l\u00edderes de bancada se mostraram comprometidos com essa quest\u00e3o.\u201d<\/p>\n<h3><strong>TV C\u00e2mara SP abre espa\u00e7o para produ\u00e7\u00e3o universit\u00e1ria<\/strong><\/h3>\n<p>A TV C\u00e2mara S\u00e3o Paulo exibe em sua grade, desde agosto, o programa Espa\u00e7o Universit\u00e1rio, com produ\u00e7\u00f5es de universit\u00e1rios e rec\u00e9m-formados nos cursos de Jornalismo, Publicidade e Propaganda, Cinema e R\u00e1dio e TV, em institui\u00e7\u00f5es paulistanas. O programa vai ao ar todo s\u00e1bado, \u00e0s 19h.<\/p>\n<p>Apenas materiais em audiovisual s\u00e3o aceitos, como reportagens, curtas-metragens e document\u00e1rios, com no m\u00ednimo cinco minutos. Trabalhos de conclus\u00e3o de curso tamb\u00e9m podem ser enviados.<\/p>\n<p>Para participar, os interessados devem enviar e-mail para <a href=\"mailto:tv@saopaulo.sp.leg.br\"><em>tv@saopaulo.sp.leg.br<\/em><\/a>, com o link do trabalho e um n\u00famero de telefone para contato.<\/p>\n<p>A TV C\u00e2mara \u00e9 exibida nos canais 61.4 (TV aberta digital), 7 (NET Digital) ou 13 (NET Anal\u00f3gica). O programa tamb\u00e9m tem um canal exclusivo no YouTube.<\/p>\n<h3><strong>C\u00e2mara prepara curso de p\u00f3s-gradua\u00e7\u00e3o<\/strong><\/h3>\n<p>A Escola do Parlamento lan\u00e7ar\u00e1, no pr\u00f3ximo ano, o primeiro curso de p\u00f3s-gradua\u00e7\u00e3o da C\u00e2mara Municipal. Com carga hor\u00e1rio de 360 horas, o curso Democracia e Legislativo no Brasil \u00e9 gratuito e vai abordar temas como teoria pol\u00edtica, rela\u00e7\u00f5es entre sociedade civil e Estado, natureza do Poder Legislativo, gest\u00e3o e administra\u00e7\u00e3o p\u00fablica no Brasil, poder local, terceiro setor e participa\u00e7\u00e3o popular.<\/p>\n<p>A sele\u00e7\u00e3o de alunos ser\u00e1 feita no in\u00edcio de 2014. Mais informa\u00e7\u00f5es pelo <em><a href=\"mailto:escoladoparlamento@saopaulo.sp.leg.br\">escoladoparlamento@saopaulo.sp.leg.br<\/a><\/em>.<\/p>\n<h3><strong>Debates sobre edif\u00edcios sustent\u00e1veis<\/strong><\/h3>\n<p>A Escola do Parlamento da C\u00e2mara Municipal de S\u00e3o Paulo (CMSP), a Basf e a Funda\u00e7\u00e3o Espa\u00e7o Eco realizam, em novembro, o Ciclo de Debates Edif\u00edcios Sustent\u00e1veis. Os encontros, gratuitos, ocorrem na<br \/>\nCasaE da Basf (<a href=\"http:\/\/app.enext.com.br\/basf\/casaE\/\"><em>www.casae.basf.com.br<\/em><\/a>), a primeira constru\u00e7\u00e3o ecoeficiente da empresa no Brasil, v\u00e3o at\u00e9 30 de novembro e s\u00e3o abertos \u00e0 popula\u00e7\u00e3o.<\/p>\n<p>O objetivo do evento \u00e9 debater medidas e materiais que poderiam ser adotados para transformar os edif\u00edcios da cidade de S\u00e3o Paulo em ambientes mais econ\u00f4micos, recreativos e arborizados.<\/p>\n<p>Entre os temas debatidos est\u00e3o efici\u00eancia energ\u00e9tica, destina\u00e7\u00e3o de res\u00edduos, incentivos fiscais e arquitetura paisag\u00edstica. As discuss\u00f5es ser\u00e3o compiladas e servir\u00e3o como propostas para o Plano Diretor Estrat\u00e9gico, que est\u00e1 sendo discutido na CMSP. Mais informa\u00e7\u00f5es no portal <a href=\"http:\/\/homolog.saopaulo.sp.leg.br\"><em>homolog.saopaulo.sp.leg.br<\/em><\/a> ou\u00a0<em><a href=\"mailto:escoladoparlamento@saopaulo.sp.leg.br\">escoladoparlamento@saopaulo.sp.leg.br<\/a><\/em>.<\/p>\n<h3><strong>Campanha pede m\u00eddia democr\u00e1tica<\/strong><\/h3>\n<p>A campanha Para Expressar a Liberdade \u2013 Uma Nova Lei para um Novo Tempo realizou, em 17 de outubro, um encontro na C\u00e2mara para estimular a coleta de assinaturas a um projeto de lei de iniciativa popular que pretende democratizar a comunica\u00e7\u00e3o no Brasil.<\/p>\n<p>O projeto precisa de 1,3 milh\u00e3o de assinaturas para ser levado ao Congresso e pretende regulamentar os artigos da Constitui\u00e7\u00e3o que combatem os oligop\u00f3lios dos meios de comunica\u00e7\u00e3o e pro\u00edbem que pol\u00edticos controlem concess\u00f5es de emissoras de r\u00e1dio e TV. O objetivo \u00e9 produzir uma m\u00eddia eletr\u00f4nica que respeite os direitos humanos, ampliar o alcance dos canais comunit\u00e1rios e abrir espa\u00e7o para a participa\u00e7\u00e3o popular nas grades de programa\u00e7\u00e3o.<\/p>\n<p>Na C\u00e2mara Municipal, a iniciativa tem apoio dos vereadores Toninho Vespoli (PSOL) e Nabil Bonduki (PT).<\/p>\n<h3><strong>Estagi\u00e1rios especiais participam da <\/strong><strong>Apartes<\/strong><\/h3>\n<p><!-- imagem GRANDE - com legenda - LADO ESQUERDO --><\/p>\n<div style=\"float: left;width: 310px;margin-right: 1.5em;margin-bottom: 1.5em\">\n<div style=\"float: left;padding: 5px;background-color: #eee !important\">\n<p><a href=\"http:\/\/homolog.saopaulo.sp.leg.br\/apartes-anteriores\/wp-content\/uploads\/sites\/9\/2016\/11\/apartes_n03_03.jpg\"><img loading=\"lazy\" decoding=\"async\" class=\"aligncenter wp-image-36908 size-medium\" src=\"http:\/\/homolog.saopaulo.sp.leg.br\/apartes-anteriores\/wp-content\/uploads\/sites\/9\/2016\/11\/apartes_n01_27-300x163.jpg\" width=\"300\" height=\"163\" srcset=\"https:\/\/homolog.saopaulo.sp.leg.br\/apartes-anteriores\/wp-content\/uploads\/sites\/9\/2016\/11\/apartes_n01_27-300x163.jpg 300w, https:\/\/homolog.saopaulo.sp.leg.br\/apartes-anteriores\/wp-content\/uploads\/sites\/9\/2016\/11\/apartes_n01_27-768x416.jpg 768w, https:\/\/homolog.saopaulo.sp.leg.br\/apartes-anteriores\/wp-content\/uploads\/sites\/9\/2016\/11\/apartes_n01_27-1024x555.jpg 1024w, https:\/\/homolog.saopaulo.sp.leg.br\/apartes-anteriores\/wp-content\/uploads\/sites\/9\/2016\/11\/apartes_n01_27.jpg 1798w\" sizes=\"auto, (max-width: 300px) 100vw, 300px\" \/><\/a><\/p>\n<p style=\"font-size: 0.8em;line-height: 1.1em;text-align: center;margin: -1.5em 0px 7px 0px;color: #333;!important;background-color: transparent !important\" align=\"center\">Estagi\u00e1rios e funcion\u00e1rias da SGA.14 durante o envelopamento<\/p>\n<\/div>\n<p style=\"font-size: 0.5em;line-height: 1.1em;text-align: right;margin: 4px 0px 7px 0px;background-color: transparent !important\">Fotos: Gute Garbelotto\/CMSP<\/p>\n<\/div>\n<p><!-- imagem GRANDE - com legenda - LADO ESQUERDO --><\/p>\n<p>O envelopamento e a etiquetagem dos exemplares da <strong>Apartes<\/strong>, para envio pelos Correios, contam com o trabalho dedicado de uma turminha muito especial, formada por 13 estagi\u00e1rios de diferentes setores da Casa com algum tipo de defici\u00eancia intelectual.<\/p>\n<p>A tarefa \u00e9 realizada com a ajuda de outros dois estagi\u00e1rios da Equipe de Expedi\u00e7\u00e3o e Distribui\u00e7\u00e3o de Correspond\u00eancia (SGA.7) e a coordena\u00e7\u00e3o da Equipe de Sele\u00e7\u00e3o, Desenvolvimento e Avalia\u00e7\u00e3o de Pessoal (SGA.14).<\/p>\n<p>Segundo Yara Falconi, supervisora da SGA.14, \u201ca atividade feita com os estudantes, al\u00e9m de ter promovido um espa\u00e7o para integra\u00e7\u00e3o, ofereceu oportunidade de colocarem em pr\u00e1tica os conhecimentos adquiridos em suas equipes de trabalho\u201d.<\/p>\n<div>\n<table>\n<tbody>\n<tr>\n<td style=\"border: none\">\n<div style=\"float: left\"><a href=\"http:\/\/homolog.saopaulo.sp.leg.br\/apartes-anteriores\/wp-content\/uploads\/sites\/9\/2016\/11\/apartes_n03_05.jpg\"><img loading=\"lazy\" decoding=\"async\" class=\"aligncenter wp-image-37632 size-medium\" src=\"http:\/\/homolog.saopaulo.sp.leg.br\/apartes-anteriores\/wp-content\/uploads\/sites\/9\/2016\/11\/apartes_n03_05-300x204.jpg\" width=\"300\" height=\"204\" srcset=\"https:\/\/homolog.saopaulo.sp.leg.br\/apartes-anteriores\/wp-content\/uploads\/sites\/9\/2016\/11\/apartes_n03_05-300x204.jpg 300w, https:\/\/homolog.saopaulo.sp.leg.br\/apartes-anteriores\/wp-content\/uploads\/sites\/9\/2016\/11\/apartes_n03_05-768x522.jpg 768w, https:\/\/homolog.saopaulo.sp.leg.br\/apartes-anteriores\/wp-content\/uploads\/sites\/9\/2016\/11\/apartes_n03_05-1024x696.jpg 1024w, https:\/\/homolog.saopaulo.sp.leg.br\/apartes-anteriores\/wp-content\/uploads\/sites\/9\/2016\/11\/apartes_n03_05.jpg 1412w\" sizes=\"auto, (max-width: 300px) 100vw, 300px\" \/><\/a><\/div>\n<\/td>\n<td style=\"border: none\">\n<div style=\"float: left\"><a href=\"http:\/\/homolog.saopaulo.sp.leg.br\/apartes-anteriores\/wp-content\/uploads\/sites\/9\/2016\/11\/apartes_n03_04.jpg\"><img loading=\"lazy\" decoding=\"async\" class=\"aligncenter wp-image-37631 size-medium\" src=\"http:\/\/homolog.saopaulo.sp.leg.br\/apartes-anteriores\/wp-content\/uploads\/sites\/9\/2016\/11\/apartes_n03_04-300x205.jpg\" width=\"300\" height=\"205\" srcset=\"https:\/\/homolog.saopaulo.sp.leg.br\/apartes-anteriores\/wp-content\/uploads\/sites\/9\/2016\/11\/apartes_n03_04-300x205.jpg 300w, https:\/\/homolog.saopaulo.sp.leg.br\/apartes-anteriores\/wp-content\/uploads\/sites\/9\/2016\/11\/apartes_n03_04-768x524.jpg 768w, https:\/\/homolog.saopaulo.sp.leg.br\/apartes-anteriores\/wp-content\/uploads\/sites\/9\/2016\/11\/apartes_n03_04-1024x699.jpg 1024w, https:\/\/homolog.saopaulo.sp.leg.br\/apartes-anteriores\/wp-content\/uploads\/sites\/9\/2016\/11\/apartes_n03_04.jpg 1394w\" sizes=\"auto, (max-width: 300px) 100vw, 300px\" \/><\/a><\/div>\n<\/td>\n<\/tr>\n<\/tbody>\n<\/table>\n<p style=\"font-size: 0.5em;line-height: 1.1em;text-align: right;margin: 4px 0px 7px 0px;background-color: transparent !important\">Fotos: Gute Garbelotto\/CMSP<\/p>\n<\/div>\n","protected":false},"excerpt":{"rendered":"<p>NOTAS S\u00e3o Paulo ter\u00e1 ag\u00eancia de fomento ao cinema Haddad entrega a Jos\u00e9 Am\u00e9rico projeto da SPCine F\u00e1bio Lazzari\/CMSP A C\u00e2mara Municipal de S\u00e3o Paulo est\u00e1 analisando o projeto do Executivo que cria a Empresa de Cinema e Audiovisual de S\u00e3o Paulo, a SPCine. Essa ag\u00eancia de fomento ter\u00e1 o objetivo de facilitar a produ\u00e7\u00e3o, [&hellip;]<\/p>\n","protected":false},"author":109,"featured_media":0,"parent":24338,"menu_order":0,"comment_status":"closed","ping_status":"closed","template":"","meta":{"footnotes":""},"class_list":["post-37623","page","type-page","status-publish","hentry"],"meta_all":{"_edit_lock":["1633550412:109"],"_edit_last":["109"],"_wp_page_template":["default"],"_yoast_wpseo_content_score":["30"],"_cmsp_page_download-files":["a:1:{i:0;a:1:{s:4:\"type\";s:3:\"pdf\";}}"],"_yoast_wpseo_opengraph-title":["Notas"],"_yoast_wpseo_opengraph-description":["Revista Apartes"],"_yoast_wpseo_twitter-title":["Notas"],"_yoast_wpseo_twitter-description":["Revista Apartes"],"_yoast_wpseo_estimated-reading-time-minutes":[""]},"meta_all_2":{"_edit_lock":["1633550412:109"],"_edit_last":["109"],"_wp_page_template":["default"],"_yoast_wpseo_content_score":["30"],"_cmsp_page_download-files":["a:1:{i:0;a:1:{s:4:\"type\";s:3:\"pdf\";}}"],"_yoast_wpseo_opengraph-title":["Notas"],"_yoast_wpseo_opengraph-description":["Revista Apartes"],"_yoast_wpseo_twitter-title":["Notas"],"_yoast_wpseo_twitter-description":["Revista Apartes"],"_yoast_wpseo_estimated-reading-time-minutes":[""]},"yoast_head":"<!-- This site is optimized with the Yoast SEO plugin v27.4 - https:\/\/yoast.com\/product\/yoast-seo-wordpress\/ -->\r\n<title>N\u00ba03 - Notas - Revista Apartes (edi\u00e7\u00f5es anteriores)<\/title>\r\n<meta name=\"robots\" content=\"noindex, follow, max-snippet:-1, max-image-preview:large, max-video-preview:-1\" \/>\r\n<meta property=\"og:locale\" content=\"pt_BR\" \/>\r\n<meta property=\"og:type\" content=\"article\" \/>\r\n<meta property=\"og:title\" content=\"Notas\" \/>\r\n<meta property=\"og:description\" content=\"Revista Apartes\" \/>\r\n<meta property=\"og:url\" content=\"https:\/\/www.saopaulo.sp.leg.br\/apartes-anteriores\/revista-apartes\/numero-3-novembro2013\/no03-notas\/\" \/>\r\n<meta property=\"og:site_name\" content=\"Revista Apartes (edi\u00e7\u00f5es anteriores)\" \/>\r\n<meta property=\"article:publisher\" content=\"https:\/\/www.facebook.com\/RevistaApartes\/\" \/>\r\n<meta property=\"article:modified_time\" content=\"2021-10-06T20:02:28+00:00\" \/>\r\n<meta property=\"og:image\" content=\"http:\/\/www.saopaulo.sp.leg.br\/apartes-anteriores\/wp-content\/uploads\/sites\/9\/2016\/11\/apartes_n03_02-209x300.jpg\" \/>\r\n<meta name=\"twitter:card\" content=\"summary_large_image\" \/>\r\n<meta name=\"twitter:title\" content=\"Notas\" \/>\r\n<meta name=\"twitter:description\" content=\"Revista Apartes\" \/>\r\n<meta name=\"twitter:site\" content=\"@revistaapartes\" \/>\r\n<meta name=\"twitter:label1\" content=\"Est. tempo de leitura\" \/>\n\t<meta name=\"twitter:data1\" content=\"4 minutos\" \/>\r\n<script type=\"application\/ld+json\" class=\"yoast-schema-graph\">{\"@context\":\"https:\\\/\\\/schema.org\",\"@graph\":[{\"@type\":\"WebPage\",\"@id\":\"https:\\\/\\\/www.saopaulo.sp.leg.br\\\/apartes-anteriores\\\/revista-apartes\\\/numero-3-novembro2013\\\/no03-notas\\\/\",\"url\":\"https:\\\/\\\/www.saopaulo.sp.leg.br\\\/apartes-anteriores\\\/revista-apartes\\\/numero-3-novembro2013\\\/no03-notas\\\/\",\"name\":\"N\u00ba03 - Notas - Revista Apartes (edi\u00e7\u00f5es anteriores)\",\"isPartOf\":{\"@id\":\"https:\\\/\\\/homolog.saopaulo.sp.leg.br\\\/apartes-anteriores\\\/#website\"},\"primaryImageOfPage\":{\"@id\":\"https:\\\/\\\/www.saopaulo.sp.leg.br\\\/apartes-anteriores\\\/revista-apartes\\\/numero-3-novembro2013\\\/no03-notas\\\/#primaryimage\"},\"image\":{\"@id\":\"https:\\\/\\\/www.saopaulo.sp.leg.br\\\/apartes-anteriores\\\/revista-apartes\\\/numero-3-novembro2013\\\/no03-notas\\\/#primaryimage\"},\"thumbnailUrl\":\"http:\\\/\\\/homolog.saopaulo.sp.leg.br\\\/apartes-anteriores\\\/wp-content\\\/uploads\\\/sites\\\/9\\\/2016\\\/11\\\/apartes_n03_02-209x300.jpg\",\"datePublished\":\"2016-11-18T16:24:06+00:00\",\"dateModified\":\"2021-10-06T20:02:28+00:00\",\"breadcrumb\":{\"@id\":\"https:\\\/\\\/www.saopaulo.sp.leg.br\\\/apartes-anteriores\\\/revista-apartes\\\/numero-3-novembro2013\\\/no03-notas\\\/#breadcrumb\"},\"inLanguage\":\"pt-BR\",\"potentialAction\":[{\"@type\":\"ReadAction\",\"target\":[\"https:\\\/\\\/www.saopaulo.sp.leg.br\\\/apartes-anteriores\\\/revista-apartes\\\/numero-3-novembro2013\\\/no03-notas\\\/\"]}]},{\"@type\":\"ImageObject\",\"inLanguage\":\"pt-BR\",\"@id\":\"https:\\\/\\\/www.saopaulo.sp.leg.br\\\/apartes-anteriores\\\/revista-apartes\\\/numero-3-novembro2013\\\/no03-notas\\\/#primaryimage\",\"url\":\"https:\\\/\\\/homolog.saopaulo.sp.leg.br\\\/apartes-anteriores\\\/wp-content\\\/uploads\\\/sites\\\/9\\\/2016\\\/11\\\/apartes_n03_02.jpg\",\"contentUrl\":\"https:\\\/\\\/homolog.saopaulo.sp.leg.br\\\/apartes-anteriores\\\/wp-content\\\/uploads\\\/sites\\\/9\\\/2016\\\/11\\\/apartes_n03_02.jpg\",\"width\":1068,\"height\":1536},{\"@type\":\"BreadcrumbList\",\"@id\":\"https:\\\/\\\/www.saopaulo.sp.leg.br\\\/apartes-anteriores\\\/revista-apartes\\\/numero-3-novembro2013\\\/no03-notas\\\/#breadcrumb\",\"itemListElement\":[{\"@type\":\"ListItem\",\"position\":1,\"name\":\"Home\",\"item\":\"https:\\\/\\\/www.saopaulo.sp.leg.br\\\/apartes-anteriores\\\/\"},{\"@type\":\"ListItem\",\"position\":2,\"name\":\"Revista Apartes\",\"item\":\"https:\\\/\\\/www.saopaulo.sp.leg.br\\\/apartes-anteriores\\\/\"},{\"@type\":\"ListItem\",\"position\":3,\"name\":\"N\u00famero 03 &#8211; nov\\\/2013\",\"item\":\"https:\\\/\\\/www.saopaulo.sp.leg.br\\\/apartes-anteriores\\\/revista-apartes\\\/numero-3-novembro2013\\\/\"},{\"@type\":\"ListItem\",\"position\":4,\"name\":\"N\u00ba03 &#8211; Notas\"}]},{\"@type\":\"WebSite\",\"@id\":\"https:\\\/\\\/homolog.saopaulo.sp.leg.br\\\/apartes-anteriores\\\/#website\",\"url\":\"https:\\\/\\\/homolog.saopaulo.sp.leg.br\\\/apartes-anteriores\\\/\",\"name\":\"Revista Apartes (edi\u00e7\u00f5es anteriores)\",\"description\":\"Revista Apartes (edi\u00e7\u00f5es anteriores)\",\"potentialAction\":[{\"@type\":\"SearchAction\",\"target\":{\"@type\":\"EntryPoint\",\"urlTemplate\":\"https:\\\/\\\/homolog.saopaulo.sp.leg.br\\\/apartes-anteriores\\\/?s={search_term_string}\"},\"query-input\":{\"@type\":\"PropertyValueSpecification\",\"valueRequired\":true,\"valueName\":\"search_term_string\"}}],\"inLanguage\":\"pt-BR\"}]}<\/script>\r\n<!-- \/ Yoast SEO plugin. -->","yoast_head_json":{"title":"N\u00ba03 - Notas - Revista Apartes (edi\u00e7\u00f5es anteriores)","robots":{"index":"noindex","follow":"follow","max-snippet":"max-snippet:-1","max-image-preview":"max-image-preview:large","max-video-preview":"max-video-preview:-1"},"og_locale":"pt_BR","og_type":"article","og_title":"Notas","og_description":"Revista Apartes","og_url":"https:\/\/www.saopaulo.sp.leg.br\/apartes-anteriores\/revista-apartes\/numero-3-novembro2013\/no03-notas\/","og_site_name":"Revista Apartes (edi\u00e7\u00f5es anteriores)","article_publisher":"https:\/\/www.facebook.com\/RevistaApartes\/","article_modified_time":"2021-10-06T20:02:28+00:00","og_image":[{"url":"http:\/\/www.saopaulo.sp.leg.br\/apartes-anteriores\/wp-content\/uploads\/sites\/9\/2016\/11\/apartes_n03_02-209x300.jpg","type":"","width":"","height":""}],"twitter_card":"summary_large_image","twitter_title":"Notas","twitter_description":"Revista Apartes","twitter_site":"@revistaapartes","twitter_misc":{"Est. tempo de leitura":"4 minutos"},"schema":{"@context":"https:\/\/schema.org","@graph":[{"@type":"WebPage","@id":"https:\/\/www.saopaulo.sp.leg.br\/apartes-anteriores\/revista-apartes\/numero-3-novembro2013\/no03-notas\/","url":"https:\/\/www.saopaulo.sp.leg.br\/apartes-anteriores\/revista-apartes\/numero-3-novembro2013\/no03-notas\/","name":"N\u00ba03 - Notas - Revista Apartes (edi\u00e7\u00f5es anteriores)","isPartOf":{"@id":"https:\/\/homolog.saopaulo.sp.leg.br\/apartes-anteriores\/#website"},"primaryImageOfPage":{"@id":"https:\/\/www.saopaulo.sp.leg.br\/apartes-anteriores\/revista-apartes\/numero-3-novembro2013\/no03-notas\/#primaryimage"},"image":{"@id":"https:\/\/www.saopaulo.sp.leg.br\/apartes-anteriores\/revista-apartes\/numero-3-novembro2013\/no03-notas\/#primaryimage"},"thumbnailUrl":"http:\/\/homolog.saopaulo.sp.leg.br\/apartes-anteriores\/wp-content\/uploads\/sites\/9\/2016\/11\/apartes_n03_02-209x300.jpg","datePublished":"2016-11-18T16:24:06+00:00","dateModified":"2021-10-06T20:02:28+00:00","breadcrumb":{"@id":"https:\/\/www.saopaulo.sp.leg.br\/apartes-anteriores\/revista-apartes\/numero-3-novembro2013\/no03-notas\/#breadcrumb"},"inLanguage":"pt-BR","potentialAction":[{"@type":"ReadAction","target":["https:\/\/www.saopaulo.sp.leg.br\/apartes-anteriores\/revista-apartes\/numero-3-novembro2013\/no03-notas\/"]}]},{"@type":"ImageObject","inLanguage":"pt-BR","@id":"https:\/\/www.saopaulo.sp.leg.br\/apartes-anteriores\/revista-apartes\/numero-3-novembro2013\/no03-notas\/#primaryimage","url":"https:\/\/homolog.saopaulo.sp.leg.br\/apartes-anteriores\/wp-content\/uploads\/sites\/9\/2016\/11\/apartes_n03_02.jpg","contentUrl":"https:\/\/homolog.saopaulo.sp.leg.br\/apartes-anteriores\/wp-content\/uploads\/sites\/9\/2016\/11\/apartes_n03_02.jpg","width":1068,"height":1536},{"@type":"BreadcrumbList","@id":"https:\/\/www.saopaulo.sp.leg.br\/apartes-anteriores\/revista-apartes\/numero-3-novembro2013\/no03-notas\/#breadcrumb","itemListElement":[{"@type":"ListItem","position":1,"name":"Home","item":"https:\/\/www.saopaulo.sp.leg.br\/apartes-anteriores\/"},{"@type":"ListItem","position":2,"name":"Revista Apartes","item":"https:\/\/www.saopaulo.sp.leg.br\/apartes-anteriores\/"},{"@type":"ListItem","position":3,"name":"N\u00famero 03 &#8211; nov\/2013","item":"https:\/\/www.saopaulo.sp.leg.br\/apartes-anteriores\/revista-apartes\/numero-3-novembro2013\/"},{"@type":"ListItem","position":4,"name":"N\u00ba03 &#8211; Notas"}]},{"@type":"WebSite","@id":"https:\/\/homolog.saopaulo.sp.leg.br\/apartes-anteriores\/#website","url":"https:\/\/homolog.saopaulo.sp.leg.br\/apartes-anteriores\/","name":"Revista Apartes (edi\u00e7\u00f5es anteriores)","description":"Revista Apartes (edi\u00e7\u00f5es anteriores)","potentialAction":[{"@type":"SearchAction","target":{"@type":"EntryPoint","urlTemplate":"https:\/\/homolog.saopaulo.sp.leg.br\/apartes-anteriores\/?s={search_term_string}"},"query-input":{"@type":"PropertyValueSpecification","valueRequired":true,"valueName":"search_term_string"}}],"inLanguage":"pt-BR"}]}},"_links":{"self":[{"href":"https:\/\/homolog.saopaulo.sp.leg.br\/apartes-anteriores\/wp-json\/wp\/v2\/pages\/37623","targetHints":{"allow":["GET"]}}],"collection":[{"href":"https:\/\/homolog.saopaulo.sp.leg.br\/apartes-anteriores\/wp-json\/wp\/v2\/pages"}],"about":[{"href":"https:\/\/homolog.saopaulo.sp.leg.br\/apartes-anteriores\/wp-json\/wp\/v2\/types\/page"}],"author":[{"embeddable":true,"href":"https:\/\/homolog.saopaulo.sp.leg.br\/apartes-anteriores\/wp-json\/wp\/v2\/users\/109"}],"replies":[{"embeddable":true,"href":"https:\/\/homolog.saopaulo.sp.leg.br\/apartes-anteriores\/wp-json\/wp\/v2\/comments?post=37623"}],"version-history":[{"count":5,"href":"https:\/\/homolog.saopaulo.sp.leg.br\/apartes-anteriores\/wp-json\/wp\/v2\/pages\/37623\/revisions"}],"predecessor-version":[{"id":42125,"href":"https:\/\/homolog.saopaulo.sp.leg.br\/apartes-anteriores\/wp-json\/wp\/v2\/pages\/37623\/revisions\/42125"}],"up":[{"embeddable":true,"href":"https:\/\/homolog.saopaulo.sp.leg.br\/apartes-anteriores\/wp-json\/wp\/v2\/pages\/24338"}],"wp:attachment":[{"href":"https:\/\/homolog.saopaulo.sp.leg.br\/apartes-anteriores\/wp-json\/wp\/v2\/media?parent=37623"}],"curies":[{"name":"wp","href":"https:\/\/api.w.org\/{rel}","templated":true}]}}