{"id":37877,"date":"2016-11-21T19:30:44","date_gmt":"2016-11-21T21:30:44","guid":{"rendered":"http:\/\/homolog.saopaulo.sp.leg.br\/apartes-anteriores\/?page_id=37877"},"modified":"2016-12-15T19:06:56","modified_gmt":"2016-12-15T21:06:56","slug":"no03-o-adeus-de-colasuonno","status":"publish","type":"page","link":"https:\/\/homolog.saopaulo.sp.leg.br\/apartes-anteriores\/revista-apartes\/numero-3-novembro2013\/no03-o-adeus-de-colasuonno\/","title":{"rendered":"N\u00ba03 &#8211; Falecimento"},"content":{"rendered":"<h1><span style=\"color: #800000\"><strong>O adeus de Colasuonno<\/strong><\/span><\/h1>\n<h2>Ex-vereador viveu \u00e9pocas conturbadas da pol\u00edtica de SP<\/h2>\n<p><strong>S\u00e2ndor Vasconcelos<\/strong> | <a href=\"mailto:sandorvasconcelos@saopaulo.sp.leg.br\">sandorvasconcelos@saopaulo.sp.leg.br<\/a><\/p>\n<p><!-- imagem TOTAL - com legenda - CENTRALIZADA --><\/p>\n<div style=\"width: 100%;margin-right: 1.5em;margin-bottom: 1.5em\">\n<div style=\"padding: 5px;background-color: #eee !important\">\n<p><a href=\"http:\/\/homolog.saopaulo.sp.leg.br\/apartes-anteriores\/wp-content\/uploads\/sites\/9\/2016\/11\/apartes_n03_54.jpg\"><img loading=\"lazy\" decoding=\"async\" class=\"aligncenter wp-image-37681 size-full\" src=\"http:\/\/homolog.saopaulo.sp.leg.br\/apartes-anteriores\/wp-content\/uploads\/sites\/9\/2016\/11\/apartes_n03_54.jpg\" width=\"1874\" height=\"999\" srcset=\"https:\/\/homolog.saopaulo.sp.leg.br\/apartes-anteriores\/wp-content\/uploads\/sites\/9\/2016\/11\/apartes_n03_54.jpg 1874w, https:\/\/homolog.saopaulo.sp.leg.br\/apartes-anteriores\/wp-content\/uploads\/sites\/9\/2016\/11\/apartes_n03_54-300x160.jpg 300w, https:\/\/homolog.saopaulo.sp.leg.br\/apartes-anteriores\/wp-content\/uploads\/sites\/9\/2016\/11\/apartes_n03_54-768x409.jpg 768w, https:\/\/homolog.saopaulo.sp.leg.br\/apartes-anteriores\/wp-content\/uploads\/sites\/9\/2016\/11\/apartes_n03_54-1024x546.jpg 1024w\" sizes=\"auto, (max-width: 1874px) 100vw, 1874px\" \/><\/a><\/p>\n<p style=\"font-size: 0.8em;line-height: 1.1em;text-align: center;margin: -1.5em 0px 7px 0px;color: #333;!important;background-color: transparent !important\" align=\"center\">L\u00edder: Miguel Colasuonno (em foto de 1994) morreu aos 74 anos<\/p>\n<\/div>\n<p style=\"font-size: 0.5em;line-height: 1.1em;text-align: right;margin: 4px 0px 7px 0px;background-color: transparent !important\">Arquivo CCI.1\/CMSP<\/p>\n<\/div>\n<p><!-- imagem TOTAL - com legenda - CENTRALIZADA --><\/p>\n<p>No dia 4 de outubro, faleceu aos 74 anos Miguel Colasuonno, que ocupou cargos de alto escal\u00e3o na pol\u00edtica nacional. Ele foi prefeito da capital paulista e vereador na C\u00e2mara Municipal de S\u00e3o Paulo (CMSP) em duas legislaturas. Na Casa, foi presidente por dois anos. A causa da morte foi infec\u00e7\u00e3o generalizada decorrente de leucemia aguda.<\/p>\n<p>Colasuonno comandou a Prefeitura paulistana entre 1973 e 1975, durante a ditadura militar. Como prefeito bi\u00f4nico, foi eleito pela Assembleia Legislativa e inaugurou, em 14 de setembro de 1974, a opera\u00e7\u00e3o comercial do Metr\u00f4 de S\u00e3o Paulo, que na \u00e9poca se resumia ao trecho Jabaquara-Vila Mariana (linha 1 azul). Na CMSP, atuou em duas legislaturas, de 1993 a 2000, e foi presidente em 1994 e 1995.<\/p>\n<p>Al\u00e9m da participa\u00e7\u00e3o na pol\u00edtica da capital, Colasuonno ocupou cargos de destaque nacional. Come\u00e7ou a carreira em 1971, aos 31 anos, como secret\u00e1rio de Planejamento do Estado de S\u00e3o Paulo, no governo de Laudo Natel. Depois se tornou assessor econ\u00f4mico da Presid\u00eancia da Rep\u00fablica na gest\u00e3o do general Ernesto Geisel (1976-1979) e presidiu a Empresa Brasileira de Turismo (Embratur) de 1979 a 1985, no governo do general Jo\u00e3o Figueiredo. Desde 2008, era presidente do conselho de administra\u00e7\u00e3o da Eletrobras Eletronuclear.<\/p>\n<h3><strong>Hist\u00f3ria na C\u00e2mara<\/strong><\/h3>\n<p><!-- imagem GRANDE - com legenda - LADO ESQUERDO --><\/p>\n<div style=\"float: left;width: 310px;margin-right: 1.5em;margin-bottom: 1.5em\">\n<div style=\"float: left;padding: 5px;background-color: #eee !important\">\n<p><a href=\"http:\/\/homolog.saopaulo.sp.leg.br\/apartes-anteriores\/wp-content\/uploads\/sites\/9\/2016\/11\/apartes_n03_56.jpg\"><img loading=\"lazy\" decoding=\"async\" class=\"aligncenter wp-image-37683\" src=\"http:\/\/homolog.saopaulo.sp.leg.br\/apartes-anteriores\/wp-content\/uploads\/sites\/9\/2016\/11\/apartes_n03_56-210x300.jpg\" width=\"300\" height=\"429\" srcset=\"https:\/\/homolog.saopaulo.sp.leg.br\/apartes-anteriores\/wp-content\/uploads\/sites\/9\/2016\/11\/apartes_n03_56-210x300.jpg 210w, https:\/\/homolog.saopaulo.sp.leg.br\/apartes-anteriores\/wp-content\/uploads\/sites\/9\/2016\/11\/apartes_n03_56-768x1098.jpg 768w, https:\/\/homolog.saopaulo.sp.leg.br\/apartes-anteriores\/wp-content\/uploads\/sites\/9\/2016\/11\/apartes_n03_56-716x1024.jpg 716w, https:\/\/homolog.saopaulo.sp.leg.br\/apartes-anteriores\/wp-content\/uploads\/sites\/9\/2016\/11\/apartes_n03_56.jpg 1053w\" sizes=\"auto, (max-width: 300px) 100vw, 300px\" \/><\/a><\/p>\n<p style=\"font-size: 0.8em;line-height: 1.1em;text-align: center;margin: -1.5em 0px 7px 0px;color: #333;!important;background-color: transparent !important\" align=\"center\">Retratado: Quadro de Colasuonno na galeria dos ex-presidentes da CMSP<\/p>\n<\/div>\n<p style=\"font-size: 0.5em;line-height: 1.1em;text-align: right;margin: 4px 0px 7px 0px;background-color: transparent !important\">Arquivo CCI.1\/CMSP<\/p>\n<\/div>\n<p><!-- imagem GRANDE - com legenda - LADO ESQUERDO --><\/p>\n<p>Miguel Colasuonno foi eleito vereador de S\u00e3o Paulo pela primeira vez em 1992, com 33.042 votos, pelo Partido Democr\u00e1tico Social (PDS). Quatro anos depois, foi reeleito pelo Partido Progressista Brasileiro (PPB), com 63.585 votos. Sua \u00faltima agremia\u00e7\u00e3o pol\u00edtica como parlamentar da CMSP foi o Partido do Movimento Democr\u00e1tico Brasileiro (PMDB).<\/p>\n<p>O ex-vereador integrava o grupo pol\u00edtico conhecido como \u201cos not\u00e1veis\u201d e era uma das principais lideran\u00e7as na CMSP dos governos dos prefeitos Paulo Maluf (1993-1996) e Celso Pitta (1997-2000). Esteve na linha de frente em debates sobre quest\u00f5es espinhosas, como a defini\u00e7\u00e3o do Imposto Predial e Territorial Urbano (IPTU), em 1998, e a revis\u00e3o do Plano Diretor Estrat\u00e9gico, em 1997.<\/p>\n<p>Nos oito anos na C\u00e2mara paulistana, Colasuonno viveu um dos per\u00edodos mais conturbados da hist\u00f3ria pol\u00edtica da cidade, quando vereadores foram acusados e cassados por participa\u00e7\u00e3o na chamada M\u00e1fia dos Fiscais, na gest\u00e3o de Celso Pitta. O pr\u00f3prio prefeito, que tamb\u00e9m era do PPB, chegou a ser afastado temporariamente do cargo pela Justi\u00e7a.<\/p>\n<p>Em rela\u00e7\u00e3o \u00e0 atua\u00e7\u00e3o parlamentar, o ex-vereador fez parte da comiss\u00e3o que deu a S\u00e3o Paulo o t\u00edtulo de Capital Mundial da Gastronomia e criou o trof\u00e9u de mesmo nome, para premiar os melhores trabalhos jornal\u00edsticos sobre a gastronomia paulistana.<\/p>\n<p>Um projeto de Colasuonno tornou-se a lei 12.153\/1996, que prev\u00ea aviso pr\u00e9vio \u00e0 Companhia de Engenharia de Tr\u00e1fego do Munic\u00edpio de S\u00e3o Paulo (CET) sobre manifesta\u00e7\u00f5es p\u00fablicas que prejudiquem a livre circula\u00e7\u00e3o de ve\u00edculos na Avenida Paulista. O ex-vereador tamb\u00e9m \u00e9 respons\u00e1vel pela denomina\u00e7\u00e3o do Complexo Vi\u00e1rio Maria Maluf, no Bairro Ipiranga.<\/p>\n<p><!-- imagem MEDIA - com legenda - LADO DIREITO --><\/p>\n<div style=\"float: right;width: 227px;margin-left: 1.5em;margin-bottom: 1.5em\">\n<div style=\"float: right;padding: 5px;background-color: #eee !important\">\n<p><a href=\"http:\/\/homolog.saopaulo.sp.leg.br\/apartes-anteriores\/wp-content\/uploads\/sites\/9\/2016\/11\/apartes_n03_55.jpg\"><img loading=\"lazy\" decoding=\"async\" class=\"aligncenter wp-image-37682\" src=\"http:\/\/homolog.saopaulo.sp.leg.br\/apartes-anteriores\/wp-content\/uploads\/sites\/9\/2016\/11\/apartes_n03_55-300x178.jpg\" width=\"240\" height=\"143\" srcset=\"https:\/\/homolog.saopaulo.sp.leg.br\/apartes-anteriores\/wp-content\/uploads\/sites\/9\/2016\/11\/apartes_n03_55-300x178.jpg 300w, https:\/\/homolog.saopaulo.sp.leg.br\/apartes-anteriores\/wp-content\/uploads\/sites\/9\/2016\/11\/apartes_n03_55-768x456.jpg 768w, https:\/\/homolog.saopaulo.sp.leg.br\/apartes-anteriores\/wp-content\/uploads\/sites\/9\/2016\/11\/apartes_n03_55-1024x608.jpg 1024w, https:\/\/homolog.saopaulo.sp.leg.br\/apartes-anteriores\/wp-content\/uploads\/sites\/9\/2016\/11\/apartes_n03_55.jpg 1353w\" sizes=\"auto, (max-width: 240px) 100vw, 240px\" \/><\/a><\/p>\n<p style=\"font-size: 0.8em;line-height: 1.1em;text-align: center;margin: -1.5em 0px 7px 0px;color: #333;!important;background-color: transparent !important\" align=\"center\">Aliados: Colasuonno e o casal Sylvia e Paulo Maluf, no Plen\u00e1rio do Pal\u00e1cio Anchieta<\/p>\n<\/div>\n<p style=\"font-size: 0.5em;line-height: 1.1em;text-align: right;margin: 4px 0px 7px 0px;background-color: transparent !important\">CCI.1\/CMSP<\/p>\n<\/div>\n<p><!-- imagem MEDIA - com legenda - LADO DIREITO --><\/p>\n<p>Entre as propostas curiosas, Colasuonno idealizou a lei 12.392\/1997, que incluiu o idioma italiano como mat\u00e9ria facultativa no curr\u00edculo das escolas da rede municipal de ensino de S\u00e3o Paulo. O ex-vereador tamb\u00e9m fazia parte da comiss\u00e3o que criou o Dia da Cerveja (21 de dezembro) e o Dia do Vinho (21 de junho).<\/p>\n<p>Em seus dois mandatos, Colasuonno tamb\u00e9m comandou a Comiss\u00e3o de Finan\u00e7as e Or\u00e7amento. Ainda foi membro das comiss\u00f5es de Pol\u00edtica Urbana, Metropolitana e Meio Ambiente; de Educa\u00e7\u00e3o, Cultura e Esportes; de Tr\u00e2nsito, Transporte e Atividade Econ\u00f4mica; de Finan\u00e7as e Or\u00e7amento e da Comiss\u00e3o Permanente de Apoio ao Desenvolvimento do Turismo, do Lazer e da Gastronomia.<\/p>\n<h3><strong>Fam\u00edlia<\/strong><\/h3>\n<p>Miguel Colasuonno nasceu em 2 de fevereiro de 1939, em S\u00e3o Paulo. Era filho de Jos\u00e9 Colasuonno e Vincenza Orlandi Colasuonno. Iniciou os estudos no Col\u00e9gio Dante Alighieri, onde tamb\u00e9m fez curso t\u00e9cnico de Contabilidade.<\/p>\n<p>Em 1962, bacharelou-se em Ci\u00eancias Econ\u00f4micas pela Faculdade de Economia e Administra\u00e7\u00e3o e Contabilidade da Universidade de S\u00e3o Paulo (FEA-USP). Era p\u00f3s-graduado em Economia na USP e especializado em Com\u00e9rcio Internacional e C\u00e2mbio. Obteve o t\u00edtulo de professor Ph.D. pela Universidade Vanderbilt, de Nashville, no Tennessee (EUA).<\/p>\n<p>Colasuonno era casado com Marlene Cintra Colasuonno, com quem teve os filhos Maria Cristina, Jos\u00e9, Eduardo e as g\u00eameas Maria Fernanda e Maria Claudia.<\/p>\n","protected":false},"excerpt":{"rendered":"<p>O adeus de Colasuonno Ex-vereador viveu \u00e9pocas conturbadas da pol\u00edtica de SP S\u00e2ndor Vasconcelos | sandorvasconcelos@saopaulo.sp.leg.br L\u00edder: Miguel Colasuonno (em foto de 1994) morreu aos 74 anos Arquivo CCI.1\/CMSP No dia 4 de outubro, faleceu aos 74 anos Miguel Colasuonno, que ocupou cargos de alto escal\u00e3o na pol\u00edtica nacional. Ele foi prefeito da capital paulista [&hellip;]<\/p>\n","protected":false},"author":109,"featured_media":0,"parent":24338,"menu_order":0,"comment_status":"closed","ping_status":"closed","template":"","meta":{"footnotes":""},"class_list":["post-37877","page","type-page","status-publish","hentry"],"meta_all":{"_edit_lock":["1481836041:109"],"_edit_last":["109"],"_wp_page_template":["default"],"_yoast_wpseo_opengraph-title":["O adeus de Colasuonno"],"_yoast_wpseo_opengraph-description":["Ex-vereador viveu \u00e9pocas conturbadas da pol\u00edtica de SP"],"_yoast_wpseo_twitter-title":["O adeus de Colasuonno"],"_yoast_wpseo_twitter-description":["Ex-vereador viveu \u00e9pocas conturbadas da pol\u00edtica de SP"],"_yoast_wpseo_content_score":["30"],"_cmsp_page_download-files":["a:1:{i:0;a:1:{s:4:\"type\";s:3:\"pdf\";}}"]},"meta_all_2":{"_edit_lock":["1481836041:109"],"_edit_last":["109"],"_wp_page_template":["default"],"_yoast_wpseo_opengraph-title":["O adeus de Colasuonno"],"_yoast_wpseo_opengraph-description":["Ex-vereador viveu \u00e9pocas conturbadas da pol\u00edtica de SP"],"_yoast_wpseo_twitter-title":["O adeus de Colasuonno"],"_yoast_wpseo_twitter-description":["Ex-vereador viveu \u00e9pocas conturbadas da pol\u00edtica de SP"],"_yoast_wpseo_content_score":["30"],"_cmsp_page_download-files":["a:1:{i:0;a:1:{s:4:\"type\";s:3:\"pdf\";}}"]},"yoast_head":"<!-- This site is optimized with the Yoast SEO plugin v27.4 - https:\/\/yoast.com\/product\/yoast-seo-wordpress\/ -->\r\n<title>N\u00ba03 - Falecimento - Revista Apartes (edi\u00e7\u00f5es anteriores)<\/title>\r\n<meta name=\"robots\" content=\"noindex, follow, max-snippet:-1, max-image-preview:large, max-video-preview:-1\" \/>\r\n<meta property=\"og:locale\" content=\"pt_BR\" \/>\r\n<meta property=\"og:type\" content=\"article\" \/>\r\n<meta property=\"og:title\" content=\"O adeus de Colasuonno\" \/>\r\n<meta property=\"og:description\" content=\"Ex-vereador viveu \u00e9pocas conturbadas da pol\u00edtica de SP\" \/>\r\n<meta property=\"og:url\" content=\"https:\/\/www.saopaulo.sp.leg.br\/apartes-anteriores\/revista-apartes\/numero-3-novembro2013\/no03-o-adeus-de-colasuonno\/\" \/>\r\n<meta property=\"og:site_name\" content=\"Revista Apartes (edi\u00e7\u00f5es anteriores)\" \/>\r\n<meta property=\"article:publisher\" content=\"https:\/\/www.facebook.com\/RevistaApartes\/\" \/>\r\n<meta property=\"article:modified_time\" content=\"2016-12-15T21:06:56+00:00\" \/>\r\n<meta property=\"og:image\" content=\"http:\/\/www.saopaulo.sp.leg.br\/apartes-anteriores\/wp-content\/uploads\/sites\/9\/2016\/11\/apartes_n03_54.jpg\" \/>\r\n<meta name=\"twitter:card\" content=\"summary_large_image\" \/>\r\n<meta name=\"twitter:title\" content=\"O adeus de Colasuonno\" \/>\r\n<meta name=\"twitter:description\" content=\"Ex-vereador viveu \u00e9pocas conturbadas da pol\u00edtica de SP\" \/>\r\n<meta name=\"twitter:site\" content=\"@revistaapartes\" \/>\r\n<meta name=\"twitter:label1\" content=\"Est. tempo de leitura\" \/>\n\t<meta name=\"twitter:data1\" content=\"4 minutos\" \/>\r\n<script type=\"application\/ld+json\" class=\"yoast-schema-graph\">{\"@context\":\"https:\\\/\\\/schema.org\",\"@graph\":[{\"@type\":\"WebPage\",\"@id\":\"https:\\\/\\\/www.saopaulo.sp.leg.br\\\/apartes-anteriores\\\/revista-apartes\\\/numero-3-novembro2013\\\/no03-o-adeus-de-colasuonno\\\/\",\"url\":\"https:\\\/\\\/www.saopaulo.sp.leg.br\\\/apartes-anteriores\\\/revista-apartes\\\/numero-3-novembro2013\\\/no03-o-adeus-de-colasuonno\\\/\",\"name\":\"N\u00ba03 - Falecimento - Revista Apartes (edi\u00e7\u00f5es anteriores)\",\"isPartOf\":{\"@id\":\"https:\\\/\\\/homolog.saopaulo.sp.leg.br\\\/apartes-anteriores\\\/#website\"},\"primaryImageOfPage\":{\"@id\":\"https:\\\/\\\/www.saopaulo.sp.leg.br\\\/apartes-anteriores\\\/revista-apartes\\\/numero-3-novembro2013\\\/no03-o-adeus-de-colasuonno\\\/#primaryimage\"},\"image\":{\"@id\":\"https:\\\/\\\/www.saopaulo.sp.leg.br\\\/apartes-anteriores\\\/revista-apartes\\\/numero-3-novembro2013\\\/no03-o-adeus-de-colasuonno\\\/#primaryimage\"},\"thumbnailUrl\":\"http:\\\/\\\/homolog.saopaulo.sp.leg.br\\\/apartes-anteriores\\\/wp-content\\\/uploads\\\/sites\\\/9\\\/2016\\\/11\\\/apartes_n03_54.jpg\",\"datePublished\":\"2016-11-21T21:30:44+00:00\",\"dateModified\":\"2016-12-15T21:06:56+00:00\",\"breadcrumb\":{\"@id\":\"https:\\\/\\\/www.saopaulo.sp.leg.br\\\/apartes-anteriores\\\/revista-apartes\\\/numero-3-novembro2013\\\/no03-o-adeus-de-colasuonno\\\/#breadcrumb\"},\"inLanguage\":\"pt-BR\",\"potentialAction\":[{\"@type\":\"ReadAction\",\"target\":[\"https:\\\/\\\/www.saopaulo.sp.leg.br\\\/apartes-anteriores\\\/revista-apartes\\\/numero-3-novembro2013\\\/no03-o-adeus-de-colasuonno\\\/\"]}]},{\"@type\":\"ImageObject\",\"inLanguage\":\"pt-BR\",\"@id\":\"https:\\\/\\\/www.saopaulo.sp.leg.br\\\/apartes-anteriores\\\/revista-apartes\\\/numero-3-novembro2013\\\/no03-o-adeus-de-colasuonno\\\/#primaryimage\",\"url\":\"https:\\\/\\\/homolog.saopaulo.sp.leg.br\\\/apartes-anteriores\\\/wp-content\\\/uploads\\\/sites\\\/9\\\/2016\\\/11\\\/apartes_n03_54.jpg\",\"contentUrl\":\"https:\\\/\\\/homolog.saopaulo.sp.leg.br\\\/apartes-anteriores\\\/wp-content\\\/uploads\\\/sites\\\/9\\\/2016\\\/11\\\/apartes_n03_54.jpg\",\"width\":1874,\"height\":999},{\"@type\":\"BreadcrumbList\",\"@id\":\"https:\\\/\\\/www.saopaulo.sp.leg.br\\\/apartes-anteriores\\\/revista-apartes\\\/numero-3-novembro2013\\\/no03-o-adeus-de-colasuonno\\\/#breadcrumb\",\"itemListElement\":[{\"@type\":\"ListItem\",\"position\":1,\"name\":\"Home\",\"item\":\"https:\\\/\\\/www.saopaulo.sp.leg.br\\\/apartes-anteriores\\\/\"},{\"@type\":\"ListItem\",\"position\":2,\"name\":\"Revista Apartes\",\"item\":\"https:\\\/\\\/www.saopaulo.sp.leg.br\\\/apartes-anteriores\\\/\"},{\"@type\":\"ListItem\",\"position\":3,\"name\":\"N\u00famero 03 &#8211; nov\\\/2013\",\"item\":\"https:\\\/\\\/www.saopaulo.sp.leg.br\\\/apartes-anteriores\\\/revista-apartes\\\/numero-3-novembro2013\\\/\"},{\"@type\":\"ListItem\",\"position\":4,\"name\":\"N\u00ba03 &#8211; Falecimento\"}]},{\"@type\":\"WebSite\",\"@id\":\"https:\\\/\\\/homolog.saopaulo.sp.leg.br\\\/apartes-anteriores\\\/#website\",\"url\":\"https:\\\/\\\/homolog.saopaulo.sp.leg.br\\\/apartes-anteriores\\\/\",\"name\":\"Revista Apartes (edi\u00e7\u00f5es anteriores)\",\"description\":\"Revista Apartes (edi\u00e7\u00f5es anteriores)\",\"potentialAction\":[{\"@type\":\"SearchAction\",\"target\":{\"@type\":\"EntryPoint\",\"urlTemplate\":\"https:\\\/\\\/homolog.saopaulo.sp.leg.br\\\/apartes-anteriores\\\/?s={search_term_string}\"},\"query-input\":{\"@type\":\"PropertyValueSpecification\",\"valueRequired\":true,\"valueName\":\"search_term_string\"}}],\"inLanguage\":\"pt-BR\"}]}<\/script>\r\n<!-- \/ Yoast SEO plugin. -->","yoast_head_json":{"title":"N\u00ba03 - Falecimento - Revista Apartes (edi\u00e7\u00f5es anteriores)","robots":{"index":"noindex","follow":"follow","max-snippet":"max-snippet:-1","max-image-preview":"max-image-preview:large","max-video-preview":"max-video-preview:-1"},"og_locale":"pt_BR","og_type":"article","og_title":"O adeus de Colasuonno","og_description":"Ex-vereador viveu \u00e9pocas conturbadas da pol\u00edtica de SP","og_url":"https:\/\/www.saopaulo.sp.leg.br\/apartes-anteriores\/revista-apartes\/numero-3-novembro2013\/no03-o-adeus-de-colasuonno\/","og_site_name":"Revista Apartes (edi\u00e7\u00f5es anteriores)","article_publisher":"https:\/\/www.facebook.com\/RevistaApartes\/","article_modified_time":"2016-12-15T21:06:56+00:00","og_image":[{"url":"http:\/\/www.saopaulo.sp.leg.br\/apartes-anteriores\/wp-content\/uploads\/sites\/9\/2016\/11\/apartes_n03_54.jpg","type":"","width":"","height":""}],"twitter_card":"summary_large_image","twitter_title":"O adeus de Colasuonno","twitter_description":"Ex-vereador viveu \u00e9pocas conturbadas da pol\u00edtica de SP","twitter_site":"@revistaapartes","twitter_misc":{"Est. tempo de leitura":"4 minutos"},"schema":{"@context":"https:\/\/schema.org","@graph":[{"@type":"WebPage","@id":"https:\/\/www.saopaulo.sp.leg.br\/apartes-anteriores\/revista-apartes\/numero-3-novembro2013\/no03-o-adeus-de-colasuonno\/","url":"https:\/\/www.saopaulo.sp.leg.br\/apartes-anteriores\/revista-apartes\/numero-3-novembro2013\/no03-o-adeus-de-colasuonno\/","name":"N\u00ba03 - Falecimento - Revista Apartes (edi\u00e7\u00f5es anteriores)","isPartOf":{"@id":"https:\/\/homolog.saopaulo.sp.leg.br\/apartes-anteriores\/#website"},"primaryImageOfPage":{"@id":"https:\/\/www.saopaulo.sp.leg.br\/apartes-anteriores\/revista-apartes\/numero-3-novembro2013\/no03-o-adeus-de-colasuonno\/#primaryimage"},"image":{"@id":"https:\/\/www.saopaulo.sp.leg.br\/apartes-anteriores\/revista-apartes\/numero-3-novembro2013\/no03-o-adeus-de-colasuonno\/#primaryimage"},"thumbnailUrl":"http:\/\/homolog.saopaulo.sp.leg.br\/apartes-anteriores\/wp-content\/uploads\/sites\/9\/2016\/11\/apartes_n03_54.jpg","datePublished":"2016-11-21T21:30:44+00:00","dateModified":"2016-12-15T21:06:56+00:00","breadcrumb":{"@id":"https:\/\/www.saopaulo.sp.leg.br\/apartes-anteriores\/revista-apartes\/numero-3-novembro2013\/no03-o-adeus-de-colasuonno\/#breadcrumb"},"inLanguage":"pt-BR","potentialAction":[{"@type":"ReadAction","target":["https:\/\/www.saopaulo.sp.leg.br\/apartes-anteriores\/revista-apartes\/numero-3-novembro2013\/no03-o-adeus-de-colasuonno\/"]}]},{"@type":"ImageObject","inLanguage":"pt-BR","@id":"https:\/\/www.saopaulo.sp.leg.br\/apartes-anteriores\/revista-apartes\/numero-3-novembro2013\/no03-o-adeus-de-colasuonno\/#primaryimage","url":"https:\/\/homolog.saopaulo.sp.leg.br\/apartes-anteriores\/wp-content\/uploads\/sites\/9\/2016\/11\/apartes_n03_54.jpg","contentUrl":"https:\/\/homolog.saopaulo.sp.leg.br\/apartes-anteriores\/wp-content\/uploads\/sites\/9\/2016\/11\/apartes_n03_54.jpg","width":1874,"height":999},{"@type":"BreadcrumbList","@id":"https:\/\/www.saopaulo.sp.leg.br\/apartes-anteriores\/revista-apartes\/numero-3-novembro2013\/no03-o-adeus-de-colasuonno\/#breadcrumb","itemListElement":[{"@type":"ListItem","position":1,"name":"Home","item":"https:\/\/www.saopaulo.sp.leg.br\/apartes-anteriores\/"},{"@type":"ListItem","position":2,"name":"Revista Apartes","item":"https:\/\/www.saopaulo.sp.leg.br\/apartes-anteriores\/"},{"@type":"ListItem","position":3,"name":"N\u00famero 03 &#8211; nov\/2013","item":"https:\/\/www.saopaulo.sp.leg.br\/apartes-anteriores\/revista-apartes\/numero-3-novembro2013\/"},{"@type":"ListItem","position":4,"name":"N\u00ba03 &#8211; Falecimento"}]},{"@type":"WebSite","@id":"https:\/\/homolog.saopaulo.sp.leg.br\/apartes-anteriores\/#website","url":"https:\/\/homolog.saopaulo.sp.leg.br\/apartes-anteriores\/","name":"Revista Apartes (edi\u00e7\u00f5es anteriores)","description":"Revista Apartes (edi\u00e7\u00f5es anteriores)","potentialAction":[{"@type":"SearchAction","target":{"@type":"EntryPoint","urlTemplate":"https:\/\/homolog.saopaulo.sp.leg.br\/apartes-anteriores\/?s={search_term_string}"},"query-input":{"@type":"PropertyValueSpecification","valueRequired":true,"valueName":"search_term_string"}}],"inLanguage":"pt-BR"}]}},"_links":{"self":[{"href":"https:\/\/homolog.saopaulo.sp.leg.br\/apartes-anteriores\/wp-json\/wp\/v2\/pages\/37877","targetHints":{"allow":["GET"]}}],"collection":[{"href":"https:\/\/homolog.saopaulo.sp.leg.br\/apartes-anteriores\/wp-json\/wp\/v2\/pages"}],"about":[{"href":"https:\/\/homolog.saopaulo.sp.leg.br\/apartes-anteriores\/wp-json\/wp\/v2\/types\/page"}],"author":[{"embeddable":true,"href":"https:\/\/homolog.saopaulo.sp.leg.br\/apartes-anteriores\/wp-json\/wp\/v2\/users\/109"}],"replies":[{"embeddable":true,"href":"https:\/\/homolog.saopaulo.sp.leg.br\/apartes-anteriores\/wp-json\/wp\/v2\/comments?post=37877"}],"version-history":[{"count":5,"href":"https:\/\/homolog.saopaulo.sp.leg.br\/apartes-anteriores\/wp-json\/wp\/v2\/pages\/37877\/revisions"}],"predecessor-version":[{"id":38639,"href":"https:\/\/homolog.saopaulo.sp.leg.br\/apartes-anteriores\/wp-json\/wp\/v2\/pages\/37877\/revisions\/38639"}],"up":[{"embeddable":true,"href":"https:\/\/homolog.saopaulo.sp.leg.br\/apartes-anteriores\/wp-json\/wp\/v2\/pages\/24338"}],"wp:attachment":[{"href":"https:\/\/homolog.saopaulo.sp.leg.br\/apartes-anteriores\/wp-json\/wp\/v2\/media?parent=37877"}],"curies":[{"name":"wp","href":"https:\/\/api.w.org\/{rel}","templated":true}]}}