{"id":37881,"date":"2016-11-21T19:43:08","date_gmt":"2016-11-21T21:43:08","guid":{"rendered":"http:\/\/homolog.saopaulo.sp.leg.br\/apartes-anteriores\/?page_id=37881"},"modified":"2016-12-15T19:12:26","modified_gmt":"2016-12-15T21:12:26","slug":"no03-em-pauta-o-trabalho-dos-jornalistas","status":"publish","type":"page","link":"https:\/\/homolog.saopaulo.sp.leg.br\/apartes-anteriores\/revista-apartes\/numero-3-novembro2013\/no03-em-pauta-o-trabalho-dos-jornalistas\/","title":{"rendered":"N\u00ba03- Evento"},"content":{"rendered":"<h1><span style=\"color: #800000\"><strong>Em pauta, o trabalho dos jornalistas<\/strong><\/span><\/h1>\n<h2>Ciclo de Debates recebe pesquisadora da USP para discutir a profiss\u00e3o<\/h2>\n<p><strong>S\u00e2ndor Vasconcelos<\/strong> | <a href=\"mailto:sandor@saopaulo.sp.leg.br\">sandor@saopaulo.sp.leg.br<\/a><\/p>\n<p><!-- imagem MEDIA - com legenda - LADO DIREITO --><\/p>\n<div style=\"float: right;width: 227px;margin-left: 1.5em;margin-bottom: 1.5em\">\n<div style=\"float: right;padding: 5px;background-color: #eee !important\">\n<p><a href=\"http:\/\/homolog.saopaulo.sp.leg.br\/apartes-anteriores\/wp-content\/uploads\/sites\/9\/2016\/11\/apartes_n03_57.jpg\"><img loading=\"lazy\" decoding=\"async\" class=\"aligncenter wp-image-37684\" src=\"http:\/\/homolog.saopaulo.sp.leg.br\/apartes-anteriores\/wp-content\/uploads\/sites\/9\/2016\/11\/apartes_n03_57-175x300.jpg\" width=\"220\" height=\"376\" srcset=\"https:\/\/homolog.saopaulo.sp.leg.br\/apartes-anteriores\/wp-content\/uploads\/sites\/9\/2016\/11\/apartes_n03_57-175x300.jpg 175w, https:\/\/homolog.saopaulo.sp.leg.br\/apartes-anteriores\/wp-content\/uploads\/sites\/9\/2016\/11\/apartes_n03_57-768x1314.jpg 768w, https:\/\/homolog.saopaulo.sp.leg.br\/apartes-anteriores\/wp-content\/uploads\/sites\/9\/2016\/11\/apartes_n03_57-598x1024.jpg 598w, https:\/\/homolog.saopaulo.sp.leg.br\/apartes-anteriores\/wp-content\/uploads\/sites\/9\/2016\/11\/apartes_n03_57.jpg 1042w\" sizes=\"auto, (max-width: 220px) 100vw, 220px\" \/><\/a><\/p>\n<p style=\"font-size: 0.8em;line-height: 1.1em;text-align: center;margin: -1.5em 0px 7px 0px;color: #333;!important;background-color: transparent !important\" align=\"center\">Cr\u00edtica: Roseli F\u00edgaro: \u201cO que mais me choca \u00e9 acharem a carga hor\u00e1ria do jornalista normal\u201d<\/p>\n<\/div>\n<p style=\"font-size: 0.5em;line-height: 1.1em;text-align: right;margin: 4px 0px 7px 0px;background-color: transparent !important\">Gute Garbelotto\/CMSP<\/p>\n<\/div>\n<p><!-- imagem MEDIA - com legenda - LADO DIREITO --><\/p>\n<p>A C\u00e2mara Municipal de S\u00e3o Paulo (CMSP) recebeu, no dia 17 de outubro, a professora Roseli F\u00edgaro, do Programa de P\u00f3s-gradua\u00e7\u00e3o em Ci\u00eancias da Comunica\u00e7\u00e3o da Escola de Comunica\u00e7\u00e3o e Artes da Universidade de S\u00e3o Paulo (ECA-USP), como convidada para o Ciclo de Debates em Comunica\u00e7\u00e3o, que discutiu a evolu\u00e7\u00e3o da profiss\u00e3o de jornalista.<\/p>\n<p>F\u00edgaro, que \u00e9 fundadora e atua no Centro de Pesquisa em Comunica\u00e7\u00e3o e Trabalho da ECA, organizou o livro <em>As Mudan\u00e7as no Mundo do Trabalho do Jornalista<\/em>, escrito por Cl\u00e1udia Nonato e Rafael Grohmann. Na obra, os pesquisadores tra\u00e7aram um perfil da profiss\u00e3o com base em 538 entrevistas com jornalistas do Estado de S\u00e3o Paulo, entre 2008 e 2010.<\/p>\n<p>De acordo com as pesquisas, houve aumento do n\u00famero de mulheres jovens no mercado. Al\u00e9m disso, as fronteiras de atua\u00e7\u00e3o est\u00e3o mais t\u00eanues e o profissional desempenha v\u00e1rias fun\u00e7\u00f5es. \u201cO jornalista tem de se desdobrar: ser editor, cinegrafista\u201d, afirma Rafael Grohmann.<\/p>\n<p>O livro tamb\u00e9m revela que a maioria dos jornalistas est\u00e1 preocupada com a forma\u00e7\u00e3o profissional, tem carga hor\u00e1ria di\u00e1ria de at\u00e9 12 horas e assume fun\u00e7\u00f5es de chefia cada vez mais precocemente. \u201cSou da \u00e9poca em que o profissional mais velho estava na reda\u00e7\u00e3o para ensinar, dar dicas e broncas. Hoje, aos 23 o jornalista j\u00e1 \u00e9 editor\u201d, conta Cl\u00e1udia Nonato. Essa realidade \u00e9 criticada por Roseli F\u00edgaro: \u201cN\u00e3o podemos dar a um jovem a responsabilidade de decidir o que estar\u00e1 na capa de um jornal que pode afetar um pa\u00eds inteiro\u201d.<\/p>\n<p>O debate foi mediado pelo jornalista Eug\u00eanio Monteiro de Ara\u00fajo, da Assessoria de Comunica\u00e7\u00e3o e Imprensa da CMSP, organizadora do Ciclo de Debates.<\/p>\n","protected":false},"excerpt":{"rendered":"<p>Em pauta, o trabalho dos jornalistas Ciclo de Debates recebe pesquisadora da USP para discutir a profiss\u00e3o S\u00e2ndor Vasconcelos | sandor@saopaulo.sp.leg.br Cr\u00edtica: Roseli F\u00edgaro: \u201cO que mais me choca \u00e9 acharem a carga hor\u00e1ria do jornalista normal\u201d Gute Garbelotto\/CMSP A C\u00e2mara Municipal de S\u00e3o Paulo (CMSP) recebeu, no dia 17 de outubro, a professora Roseli [&hellip;]<\/p>\n","protected":false},"author":109,"featured_media":0,"parent":24338,"menu_order":0,"comment_status":"closed","ping_status":"closed","template":"","meta":{"footnotes":""},"class_list":["post-37881","page","type-page","status-publish","hentry"],"meta_all":{"_edit_lock":["1481836458:109"],"_edit_last":["109"],"_wp_page_template":["default"],"_yoast_wpseo_content_score":["60"],"_cmsp_page_download-files":["a:1:{i:0;a:1:{s:4:\"type\";s:3:\"pdf\";}}"],"_yoast_wpseo_opengraph-title":["Em pauta, o trabalho dos jornalistas"],"_yoast_wpseo_opengraph-description":["Ciclo de Debates recebe pesquisadora da USP para discutir a profiss\u00e3o"],"_yoast_wpseo_twitter-title":["Em pauta, o trabalho dos jornalistas"],"_yoast_wpseo_twitter-description":["Ciclo de Debates recebe pesquisadora da USP para discutir a profiss\u00e3o"]},"meta_all_2":{"_edit_lock":["1481836458:109"],"_edit_last":["109"],"_wp_page_template":["default"],"_yoast_wpseo_content_score":["60"],"_cmsp_page_download-files":["a:1:{i:0;a:1:{s:4:\"type\";s:3:\"pdf\";}}"],"_yoast_wpseo_opengraph-title":["Em pauta, o trabalho dos jornalistas"],"_yoast_wpseo_opengraph-description":["Ciclo de Debates recebe pesquisadora da USP para discutir a profiss\u00e3o"],"_yoast_wpseo_twitter-title":["Em pauta, o trabalho dos jornalistas"],"_yoast_wpseo_twitter-description":["Ciclo de Debates recebe pesquisadora da USP para discutir a profiss\u00e3o"]},"yoast_head":"<!-- This site is optimized with the Yoast SEO plugin v27.4 - https:\/\/yoast.com\/product\/yoast-seo-wordpress\/ -->\r\n<title>N\u00ba03- Evento - Revista Apartes (edi\u00e7\u00f5es anteriores)<\/title>\r\n<meta name=\"robots\" content=\"noindex, follow, max-snippet:-1, max-image-preview:large, max-video-preview:-1\" \/>\r\n<meta property=\"og:locale\" content=\"pt_BR\" \/>\r\n<meta property=\"og:type\" content=\"article\" \/>\r\n<meta property=\"og:title\" content=\"Em pauta, o trabalho dos jornalistas\" \/>\r\n<meta property=\"og:description\" content=\"Ciclo de Debates recebe pesquisadora da USP para discutir a profiss\u00e3o\" \/>\r\n<meta property=\"og:url\" content=\"https:\/\/www.saopaulo.sp.leg.br\/apartes-anteriores\/revista-apartes\/numero-3-novembro2013\/no03-em-pauta-o-trabalho-dos-jornalistas\/\" \/>\r\n<meta property=\"og:site_name\" content=\"Revista Apartes (edi\u00e7\u00f5es anteriores)\" \/>\r\n<meta property=\"article:publisher\" content=\"https:\/\/www.facebook.com\/RevistaApartes\/\" \/>\r\n<meta property=\"article:modified_time\" content=\"2016-12-15T21:12:26+00:00\" \/>\r\n<meta property=\"og:image\" content=\"http:\/\/www.saopaulo.sp.leg.br\/apartes-anteriores\/wp-content\/uploads\/sites\/9\/2016\/11\/apartes_n03_57-175x300.jpg\" \/>\r\n<meta name=\"twitter:card\" content=\"summary_large_image\" \/>\r\n<meta name=\"twitter:title\" content=\"Em pauta, o trabalho dos jornalistas\" \/>\r\n<meta name=\"twitter:description\" content=\"Ciclo de Debates recebe pesquisadora da USP para discutir a profiss\u00e3o\" \/>\r\n<meta name=\"twitter:site\" content=\"@revistaapartes\" \/>\r\n<meta name=\"twitter:label1\" content=\"Est. tempo de leitura\" \/>\n\t<meta name=\"twitter:data1\" content=\"2 minutos\" \/>\r\n<script type=\"application\/ld+json\" class=\"yoast-schema-graph\">{\"@context\":\"https:\\\/\\\/schema.org\",\"@graph\":[{\"@type\":\"WebPage\",\"@id\":\"https:\\\/\\\/www.saopaulo.sp.leg.br\\\/apartes-anteriores\\\/revista-apartes\\\/numero-3-novembro2013\\\/no03-em-pauta-o-trabalho-dos-jornalistas\\\/\",\"url\":\"https:\\\/\\\/www.saopaulo.sp.leg.br\\\/apartes-anteriores\\\/revista-apartes\\\/numero-3-novembro2013\\\/no03-em-pauta-o-trabalho-dos-jornalistas\\\/\",\"name\":\"N\u00ba03- Evento - Revista Apartes (edi\u00e7\u00f5es anteriores)\",\"isPartOf\":{\"@id\":\"https:\\\/\\\/homolog.saopaulo.sp.leg.br\\\/apartes-anteriores\\\/#website\"},\"primaryImageOfPage\":{\"@id\":\"https:\\\/\\\/www.saopaulo.sp.leg.br\\\/apartes-anteriores\\\/revista-apartes\\\/numero-3-novembro2013\\\/no03-em-pauta-o-trabalho-dos-jornalistas\\\/#primaryimage\"},\"image\":{\"@id\":\"https:\\\/\\\/www.saopaulo.sp.leg.br\\\/apartes-anteriores\\\/revista-apartes\\\/numero-3-novembro2013\\\/no03-em-pauta-o-trabalho-dos-jornalistas\\\/#primaryimage\"},\"thumbnailUrl\":\"http:\\\/\\\/homolog.saopaulo.sp.leg.br\\\/apartes-anteriores\\\/wp-content\\\/uploads\\\/sites\\\/9\\\/2016\\\/11\\\/apartes_n03_57-175x300.jpg\",\"datePublished\":\"2016-11-21T21:43:08+00:00\",\"dateModified\":\"2016-12-15T21:12:26+00:00\",\"breadcrumb\":{\"@id\":\"https:\\\/\\\/www.saopaulo.sp.leg.br\\\/apartes-anteriores\\\/revista-apartes\\\/numero-3-novembro2013\\\/no03-em-pauta-o-trabalho-dos-jornalistas\\\/#breadcrumb\"},\"inLanguage\":\"pt-BR\",\"potentialAction\":[{\"@type\":\"ReadAction\",\"target\":[\"https:\\\/\\\/www.saopaulo.sp.leg.br\\\/apartes-anteriores\\\/revista-apartes\\\/numero-3-novembro2013\\\/no03-em-pauta-o-trabalho-dos-jornalistas\\\/\"]}]},{\"@type\":\"ImageObject\",\"inLanguage\":\"pt-BR\",\"@id\":\"https:\\\/\\\/www.saopaulo.sp.leg.br\\\/apartes-anteriores\\\/revista-apartes\\\/numero-3-novembro2013\\\/no03-em-pauta-o-trabalho-dos-jornalistas\\\/#primaryimage\",\"url\":\"https:\\\/\\\/homolog.saopaulo.sp.leg.br\\\/apartes-anteriores\\\/wp-content\\\/uploads\\\/sites\\\/9\\\/2016\\\/11\\\/apartes_n03_57.jpg\",\"contentUrl\":\"https:\\\/\\\/homolog.saopaulo.sp.leg.br\\\/apartes-anteriores\\\/wp-content\\\/uploads\\\/sites\\\/9\\\/2016\\\/11\\\/apartes_n03_57.jpg\",\"width\":1042,\"height\":1783},{\"@type\":\"BreadcrumbList\",\"@id\":\"https:\\\/\\\/www.saopaulo.sp.leg.br\\\/apartes-anteriores\\\/revista-apartes\\\/numero-3-novembro2013\\\/no03-em-pauta-o-trabalho-dos-jornalistas\\\/#breadcrumb\",\"itemListElement\":[{\"@type\":\"ListItem\",\"position\":1,\"name\":\"Home\",\"item\":\"https:\\\/\\\/www.saopaulo.sp.leg.br\\\/apartes-anteriores\\\/\"},{\"@type\":\"ListItem\",\"position\":2,\"name\":\"Revista Apartes\",\"item\":\"https:\\\/\\\/www.saopaulo.sp.leg.br\\\/apartes-anteriores\\\/\"},{\"@type\":\"ListItem\",\"position\":3,\"name\":\"N\u00famero 03 &#8211; nov\\\/2013\",\"item\":\"https:\\\/\\\/www.saopaulo.sp.leg.br\\\/apartes-anteriores\\\/revista-apartes\\\/numero-3-novembro2013\\\/\"},{\"@type\":\"ListItem\",\"position\":4,\"name\":\"N\u00ba03- Evento\"}]},{\"@type\":\"WebSite\",\"@id\":\"https:\\\/\\\/homolog.saopaulo.sp.leg.br\\\/apartes-anteriores\\\/#website\",\"url\":\"https:\\\/\\\/homolog.saopaulo.sp.leg.br\\\/apartes-anteriores\\\/\",\"name\":\"Revista Apartes (edi\u00e7\u00f5es anteriores)\",\"description\":\"Revista Apartes (edi\u00e7\u00f5es anteriores)\",\"potentialAction\":[{\"@type\":\"SearchAction\",\"target\":{\"@type\":\"EntryPoint\",\"urlTemplate\":\"https:\\\/\\\/homolog.saopaulo.sp.leg.br\\\/apartes-anteriores\\\/?s={search_term_string}\"},\"query-input\":{\"@type\":\"PropertyValueSpecification\",\"valueRequired\":true,\"valueName\":\"search_term_string\"}}],\"inLanguage\":\"pt-BR\"}]}<\/script>\r\n<!-- \/ Yoast SEO plugin. -->","yoast_head_json":{"title":"N\u00ba03- Evento - Revista Apartes (edi\u00e7\u00f5es anteriores)","robots":{"index":"noindex","follow":"follow","max-snippet":"max-snippet:-1","max-image-preview":"max-image-preview:large","max-video-preview":"max-video-preview:-1"},"og_locale":"pt_BR","og_type":"article","og_title":"Em pauta, o trabalho dos jornalistas","og_description":"Ciclo de Debates recebe pesquisadora da USP para discutir a profiss\u00e3o","og_url":"https:\/\/www.saopaulo.sp.leg.br\/apartes-anteriores\/revista-apartes\/numero-3-novembro2013\/no03-em-pauta-o-trabalho-dos-jornalistas\/","og_site_name":"Revista Apartes (edi\u00e7\u00f5es anteriores)","article_publisher":"https:\/\/www.facebook.com\/RevistaApartes\/","article_modified_time":"2016-12-15T21:12:26+00:00","og_image":[{"url":"http:\/\/www.saopaulo.sp.leg.br\/apartes-anteriores\/wp-content\/uploads\/sites\/9\/2016\/11\/apartes_n03_57-175x300.jpg","type":"","width":"","height":""}],"twitter_card":"summary_large_image","twitter_title":"Em pauta, o trabalho dos jornalistas","twitter_description":"Ciclo de Debates recebe pesquisadora da USP para discutir a profiss\u00e3o","twitter_site":"@revistaapartes","twitter_misc":{"Est. tempo de leitura":"2 minutos"},"schema":{"@context":"https:\/\/schema.org","@graph":[{"@type":"WebPage","@id":"https:\/\/www.saopaulo.sp.leg.br\/apartes-anteriores\/revista-apartes\/numero-3-novembro2013\/no03-em-pauta-o-trabalho-dos-jornalistas\/","url":"https:\/\/www.saopaulo.sp.leg.br\/apartes-anteriores\/revista-apartes\/numero-3-novembro2013\/no03-em-pauta-o-trabalho-dos-jornalistas\/","name":"N\u00ba03- Evento - Revista Apartes (edi\u00e7\u00f5es anteriores)","isPartOf":{"@id":"https:\/\/homolog.saopaulo.sp.leg.br\/apartes-anteriores\/#website"},"primaryImageOfPage":{"@id":"https:\/\/www.saopaulo.sp.leg.br\/apartes-anteriores\/revista-apartes\/numero-3-novembro2013\/no03-em-pauta-o-trabalho-dos-jornalistas\/#primaryimage"},"image":{"@id":"https:\/\/www.saopaulo.sp.leg.br\/apartes-anteriores\/revista-apartes\/numero-3-novembro2013\/no03-em-pauta-o-trabalho-dos-jornalistas\/#primaryimage"},"thumbnailUrl":"http:\/\/homolog.saopaulo.sp.leg.br\/apartes-anteriores\/wp-content\/uploads\/sites\/9\/2016\/11\/apartes_n03_57-175x300.jpg","datePublished":"2016-11-21T21:43:08+00:00","dateModified":"2016-12-15T21:12:26+00:00","breadcrumb":{"@id":"https:\/\/www.saopaulo.sp.leg.br\/apartes-anteriores\/revista-apartes\/numero-3-novembro2013\/no03-em-pauta-o-trabalho-dos-jornalistas\/#breadcrumb"},"inLanguage":"pt-BR","potentialAction":[{"@type":"ReadAction","target":["https:\/\/www.saopaulo.sp.leg.br\/apartes-anteriores\/revista-apartes\/numero-3-novembro2013\/no03-em-pauta-o-trabalho-dos-jornalistas\/"]}]},{"@type":"ImageObject","inLanguage":"pt-BR","@id":"https:\/\/www.saopaulo.sp.leg.br\/apartes-anteriores\/revista-apartes\/numero-3-novembro2013\/no03-em-pauta-o-trabalho-dos-jornalistas\/#primaryimage","url":"https:\/\/homolog.saopaulo.sp.leg.br\/apartes-anteriores\/wp-content\/uploads\/sites\/9\/2016\/11\/apartes_n03_57.jpg","contentUrl":"https:\/\/homolog.saopaulo.sp.leg.br\/apartes-anteriores\/wp-content\/uploads\/sites\/9\/2016\/11\/apartes_n03_57.jpg","width":1042,"height":1783},{"@type":"BreadcrumbList","@id":"https:\/\/www.saopaulo.sp.leg.br\/apartes-anteriores\/revista-apartes\/numero-3-novembro2013\/no03-em-pauta-o-trabalho-dos-jornalistas\/#breadcrumb","itemListElement":[{"@type":"ListItem","position":1,"name":"Home","item":"https:\/\/www.saopaulo.sp.leg.br\/apartes-anteriores\/"},{"@type":"ListItem","position":2,"name":"Revista Apartes","item":"https:\/\/www.saopaulo.sp.leg.br\/apartes-anteriores\/"},{"@type":"ListItem","position":3,"name":"N\u00famero 03 &#8211; nov\/2013","item":"https:\/\/www.saopaulo.sp.leg.br\/apartes-anteriores\/revista-apartes\/numero-3-novembro2013\/"},{"@type":"ListItem","position":4,"name":"N\u00ba03- Evento"}]},{"@type":"WebSite","@id":"https:\/\/homolog.saopaulo.sp.leg.br\/apartes-anteriores\/#website","url":"https:\/\/homolog.saopaulo.sp.leg.br\/apartes-anteriores\/","name":"Revista Apartes (edi\u00e7\u00f5es anteriores)","description":"Revista Apartes (edi\u00e7\u00f5es anteriores)","potentialAction":[{"@type":"SearchAction","target":{"@type":"EntryPoint","urlTemplate":"https:\/\/homolog.saopaulo.sp.leg.br\/apartes-anteriores\/?s={search_term_string}"},"query-input":{"@type":"PropertyValueSpecification","valueRequired":true,"valueName":"search_term_string"}}],"inLanguage":"pt-BR"}]}},"_links":{"self":[{"href":"https:\/\/homolog.saopaulo.sp.leg.br\/apartes-anteriores\/wp-json\/wp\/v2\/pages\/37881","targetHints":{"allow":["GET"]}}],"collection":[{"href":"https:\/\/homolog.saopaulo.sp.leg.br\/apartes-anteriores\/wp-json\/wp\/v2\/pages"}],"about":[{"href":"https:\/\/homolog.saopaulo.sp.leg.br\/apartes-anteriores\/wp-json\/wp\/v2\/types\/page"}],"author":[{"embeddable":true,"href":"https:\/\/homolog.saopaulo.sp.leg.br\/apartes-anteriores\/wp-json\/wp\/v2\/users\/109"}],"replies":[{"embeddable":true,"href":"https:\/\/homolog.saopaulo.sp.leg.br\/apartes-anteriores\/wp-json\/wp\/v2\/comments?post=37881"}],"version-history":[{"count":5,"href":"https:\/\/homolog.saopaulo.sp.leg.br\/apartes-anteriores\/wp-json\/wp\/v2\/pages\/37881\/revisions"}],"predecessor-version":[{"id":38641,"href":"https:\/\/homolog.saopaulo.sp.leg.br\/apartes-anteriores\/wp-json\/wp\/v2\/pages\/37881\/revisions\/38641"}],"up":[{"embeddable":true,"href":"https:\/\/homolog.saopaulo.sp.leg.br\/apartes-anteriores\/wp-json\/wp\/v2\/pages\/24338"}],"wp:attachment":[{"href":"https:\/\/homolog.saopaulo.sp.leg.br\/apartes-anteriores\/wp-json\/wp\/v2\/media?parent=37881"}],"curies":[{"name":"wp","href":"https:\/\/api.w.org\/{rel}","templated":true}]}}