{"id":37949,"date":"2016-11-22T16:44:45","date_gmt":"2016-11-22T18:44:45","guid":{"rendered":"http:\/\/homolog.saopaulo.sp.leg.br\/apartes-anteriores\/?page_id=37949"},"modified":"2016-12-16T13:22:25","modified_gmt":"2016-12-16T15:22:25","slug":"no04-notas","status":"publish","type":"page","link":"https:\/\/homolog.saopaulo.sp.leg.br\/apartes-anteriores\/revista-apartes\/numero-4-dezembro2013\/no04-notas\/","title":{"rendered":"N\u00ba04 &#8211; Notas"},"content":{"rendered":"<h3><strong><span style=\"color: #000000\">Copa do Mundo j\u00e1 come\u00e7ou na C\u00e2mara<\/span><\/strong><\/h3>\n<p><!-- imagem TOTAL - com legenda - CENTRALIZADA --><\/p>\n<div style=\"width: 100%;margin-right: 1.5em;margin-bottom: 1.5em\">\n<div style=\"padding: 5px;background-color: #eee !important\">\n<p><a href=\"http:\/\/homolog.saopaulo.sp.leg.br\/apartes-anteriores\/wp-content\/uploads\/sites\/9\/2016\/11\/apartes_n04_04.jpg\"><img loading=\"lazy\" decoding=\"async\" class=\"aligncenter wp-image-37893 size-full\" src=\"http:\/\/homolog.saopaulo.sp.leg.br\/apartes-anteriores\/wp-content\/uploads\/sites\/9\/2016\/11\/apartes_n04_04.jpg\" width=\"1118\" height=\"984\" srcset=\"https:\/\/homolog.saopaulo.sp.leg.br\/apartes-anteriores\/wp-content\/uploads\/sites\/9\/2016\/11\/apartes_n04_04.jpg 1118w, https:\/\/homolog.saopaulo.sp.leg.br\/apartes-anteriores\/wp-content\/uploads\/sites\/9\/2016\/11\/apartes_n04_04-300x264.jpg 300w, https:\/\/homolog.saopaulo.sp.leg.br\/apartes-anteriores\/wp-content\/uploads\/sites\/9\/2016\/11\/apartes_n04_04-768x676.jpg 768w, https:\/\/homolog.saopaulo.sp.leg.br\/apartes-anteriores\/wp-content\/uploads\/sites\/9\/2016\/11\/apartes_n04_04-1024x901.jpg 1024w\" sizes=\"auto, (max-width: 1118px) 100vw, 1118px\" \/><\/a><\/p>\n<p style=\"font-size: 0.8em;line-height: 1.1em;text-align: center;margin: -1.5em 0px 7px 0px;color: #333;!important;background-color: transparent !important\" align=\"center\">As sele\u00e7\u00f5es do Brasil que venceram Copas s\u00e3o homenageadas pela C\u00e2mara<\/p>\n<\/div>\n<p style=\"font-size: 0.5em;line-height: 1.1em;text-align: right;margin: 4px 0px 7px 0px;background-color: transparent !important\">Mozart Gomes\/CMSP<\/p>\n<\/div>\n<p><!-- imagem TOTAL - com legenda - CENTRALIZADA --><\/p>\n<p>A C\u00e2mara Municipal de S\u00e3o Paulo j\u00e1 entrou em clima de Copa do Mundo. Em 3 de dezembro, inaugurou sua \u00e1rvore de Natal, cujo tema \u00e9 o mundial futebol\u00edstico de sele\u00e7\u00f5es, que ocorre em 2014, no Brasil.<\/p>\n<p>A \u00e1rvore est\u00e1 decorada com enfeites alusivos ao futebol e bonequinhos que homenageiam os craques das sele\u00e7\u00f5es brasileiras campe\u00e3s do mundo, em 1958, 1962, 1970, 1994 e 2002.<\/p>\n<p>At\u00e9 o Papai Noel j\u00e1 est\u00e1 pronto para torcer para o Brasil, com seu uniforme da sele\u00e7\u00e3o.<\/p>\n<h3><strong>C\u00e2mara lan\u00e7a revistas t\u00e9cnicas<\/strong><\/h3>\n<p>A CMSP lan\u00e7ou em dezembro quatro revistas com pareceres e artigos: <em>Procuradoria da C\u00e2mara Municipal de S\u00e3o Paulo \u2013 2013,<\/em> <em>Parlamento &amp; Sociedade <\/em>(da Escola do Parlamento), <em>Revista Consultoria T\u00e9cnico-Legislativa \u2013 SGP.5 \u2013 2013;<\/em> e <em>Revista CTEO \u2013 Consultoria T\u00e9cnica de Economia e Or\u00e7amento \u2013 2013<\/em>. As publica\u00e7\u00f5es est\u00e3o dispon\u00edveis em: <em><a href=\"http:\/\/homolog.saopaulo.sp.leg.br\/\">homolog.saopaulo.sp.leg.br<\/a><\/em>.<\/p>\n<h3><strong>Evento tem orquestra para terceira idade<\/strong><\/h3>\n<p><!-- imagem MEDIA - com legenda - LADO DIREITO --><\/p>\n<div style=\"float: right;width: 227px;margin-left: 1.5em;margin-bottom: 1.5em\">\n<div style=\"float: right;padding: 5px;background-color: #eee !important\">\n<p><a href=\"http:\/\/homolog.saopaulo.sp.leg.br\/apartes-anteriores\/wp-content\/uploads\/sites\/9\/2016\/11\/apartes_n04_03.jpg\"><img loading=\"lazy\" decoding=\"async\" class=\"aligncenter wp-image-37892\" src=\"http:\/\/homolog.saopaulo.sp.leg.br\/apartes-anteriores\/wp-content\/uploads\/sites\/9\/2016\/11\/apartes_n04_03-300x172.jpg\" width=\"240\" height=\"138\" srcset=\"https:\/\/homolog.saopaulo.sp.leg.br\/apartes-anteriores\/wp-content\/uploads\/sites\/9\/2016\/11\/apartes_n04_03-300x172.jpg 300w, https:\/\/homolog.saopaulo.sp.leg.br\/apartes-anteriores\/wp-content\/uploads\/sites\/9\/2016\/11\/apartes_n04_03-768x441.jpg 768w, https:\/\/homolog.saopaulo.sp.leg.br\/apartes-anteriores\/wp-content\/uploads\/sites\/9\/2016\/11\/apartes_n04_03-1024x588.jpg 1024w, https:\/\/homolog.saopaulo.sp.leg.br\/apartes-anteriores\/wp-content\/uploads\/sites\/9\/2016\/11\/apartes_n04_03.jpg 1034w\" sizes=\"auto, (max-width: 240px) 100vw, 240px\" \/><\/a><\/p>\n<p style=\"font-size: 0.8em;line-height: 1.1em;text-align: center;margin: -1.5em 0px 7px 0px;color: #333;!important;background-color: transparent !important\" align=\"center\">Orquestra P\u00e3o de A\u00e7\u00facar tocou de Caetano Veloso a Vivaldi<\/p>\n<\/div>\n<p style=\"font-size: 0.5em;line-height: 1.1em;text-align: right;margin: 4px 0px 7px 0px;background-color: transparent !important\">Mozart Gomes\/CMSP<\/p>\n<\/div>\n<p><!-- imagem MEDIA - com legenda - LADO DIREITO --><\/p>\n<p>Os jovens e adolescentes da Orquestra Grupo P\u00e3o de A\u00e7\u00facar se apresentaram para um p\u00fablico quase todo formado por gente acima dos 60 anos, durante o evento Terceira Idade em Festa, realizada no Sal\u00e3o Nobre da C\u00e2mara Municipal de S\u00e3o Paulo (CMSP), em 6 de dezembro. Com qualidade t\u00e9cnica, gestos teatrais e alegria de tocar, os m\u00fasicos executaram obras como <em>Aquarela<\/em>, <em>Sampa<\/em>, <em>Tico-tico no Fub\u00e1<\/em> e o primeiro movimento de <em>As Quatro Esta\u00e7\u00f5es<\/em>.<\/p>\n<p>A apresenta\u00e7\u00e3o ocorreu no formato de uma sess\u00e3o solene, conduzida pelo vereador M\u00e1rio Covas Neto (PSDB). Realizado anualmente na primeira quinzena de dezembro, o Terceira Idade em Festa \u00e9 um evento criado pela Resolu\u00e7\u00e3o 1\/2005, \u201cdestinado ao congra\u00e7amento dos cidad\u00e3os da terceira idade do Munic\u00edpio de S\u00e3o Paulo\u201d, e serve para celebrar o final dos trabalhos da Comiss\u00e3o Extraordin\u00e1ria Permanente do Idoso.<\/p>\n<p>A Orquestra P\u00e3o de A\u00e7\u00facar, com reg\u00eancia de Daniel Misiuk e dire\u00e7\u00e3o art\u00edstica de Renata Jaff\u00e9, \u00e9 presen\u00e7a regular no Terceira Idade em Festa.<\/p>\n<h3><strong>Agenda da Democracia<\/strong><\/h3>\n<p>O portal da CMSP lan\u00e7ou em novembro um espa\u00e7o dedicado \u00e0 Agenda da Democracia, que re\u00fane eventos ligados \u00e0s quest\u00f5es democr\u00e1ticas, pelas liberdades e em defesa da vida na cidade de S\u00e3o Paulo. A agenda \u00e9 p\u00fablica e est\u00e1 constantemente sendo atualizada.<\/p>\n<p>Nesse novo espa\u00e7o, haver\u00e1 informes sobre eventos como audi\u00eancias p\u00fablicas da Comiss\u00e3o da Verdade Municipal Vladimir Herzog, da CMSP, e de outras Comiss\u00f5es da Verdade, al\u00e9m de exposi\u00e7\u00f5es, palestras, semin\u00e1rios e debates realizados por museus, universidades, parlamentares, secretarias de governos e organiza\u00e7\u00f5es da sociedade civil.<\/p>\n<p>Para divulgar um evento, entre em contato pelo e-mail <a href=\"mailto:agenda.democracia@saopaulo.sp.leg.br\"><em>agenda.democracia@saopaulo.sp.leg.br<\/em><\/a> informando data, hor\u00e1rio, local e telefone ou e-mail de contato.<\/p>\n<h3><strong>Valet mais seguro<\/strong><\/h3>\n<p>A CMSP aprovou mudan\u00e7as na presta\u00e7\u00e3o de servi\u00e7o de manobra e guarda de ve\u00edculos, o chamado \u201cvalet service\u201d, na cidade de S\u00e3o Paulo. A partir de agora, al\u00e9m do modelo e da marca do autom\u00f3vel, tamb\u00e9m dever\u00e3o ser anotados e entregues ao cliente dados como a placa, registro de eventual avaria e a quilometragem no momento da entrega do ve\u00edculo. Al\u00e9m disso, o funcion\u00e1rio da empresa de valet fica proibido de circular com o carro, exceto entre o ponto de sua coleta e o estacionamento.<\/p>\n<p>As mudan\u00e7as constam na Lei 15.887\/2013, dos vereadores Marco Aur\u00e9lio Cunha e Marta Costa (ambos do PSD), que foi sancionada pelo Executivo e altera a Lei 13.763\/2004, que estabelece normas para o servi\u00e7o de valet no Munic\u00edpio.<\/p>\n<p>A legisla\u00e7\u00e3o j\u00e1 \u00e9 v\u00e1lida, mas ainda deve ser regulamentada pela Prefeitura \u2013 que precisa definir como ser\u00e1 a fiscaliza\u00e7\u00e3o e quais ser\u00e3o as penalidades no caso de infra\u00e7\u00f5es.<\/p>\n<h3><strong>Autores discutem biografias n\u00e3o autorizadas<\/strong><\/h3>\n<p>\u201cA hist\u00f3ria de um biografado pertence \u00e0 hist\u00f3ria do Pa\u00eds\u201d, disse o jornalista e escritor Moacir Assun\u00e7\u00e3o no Ciclo de Debates em Comunica\u00e7\u00e3o, realizado pela CMSP em 11 de novembro. Assun\u00e7\u00e3o e seu colega de profiss\u00e3o Assis \u00c2ngelo criticaram a possibilidade de veto legal a biografias sem autoriza\u00e7\u00e3o pr\u00e9via.<\/p>\n<p><!-- imagem GRANDE - com legenda - LADO ESQUERDO --><\/p>\n<div style=\"float: left;width: 310px;margin-right: 1.5em;margin-bottom: 1.5em\">\n<div style=\"float: left;padding: 5px;background-color: #eee !important\">\n<p><a href=\"http:\/\/homolog.saopaulo.sp.leg.br\/apartes-anteriores\/wp-content\/uploads\/sites\/9\/2016\/11\/apartes_n04_02.jpg\"><img loading=\"lazy\" decoding=\"async\" class=\"aligncenter wp-image-37891 size-medium\" src=\"http:\/\/homolog.saopaulo.sp.leg.br\/apartes-anteriores\/wp-content\/uploads\/sites\/9\/2016\/11\/apartes_n04_02-300x229.jpg\" width=\"300\" height=\"229\" srcset=\"https:\/\/homolog.saopaulo.sp.leg.br\/apartes-anteriores\/wp-content\/uploads\/sites\/9\/2016\/11\/apartes_n04_02-300x229.jpg 300w, https:\/\/homolog.saopaulo.sp.leg.br\/apartes-anteriores\/wp-content\/uploads\/sites\/9\/2016\/11\/apartes_n04_02-768x586.jpg 768w, https:\/\/homolog.saopaulo.sp.leg.br\/apartes-anteriores\/wp-content\/uploads\/sites\/9\/2016\/11\/apartes_n04_02.jpg 867w\" sizes=\"auto, (max-width: 300px) 100vw, 300px\" \/><\/a><\/p>\n<p style=\"font-size: 0.8em;line-height: 1.1em;text-align: center;margin: -1.5em 0px 7px 0px;color: #333;!important;background-color: transparent !important\" align=\"center\">Da esquerda para a direita, Assis \u00c2ngelo, Eug\u00eanio Ara\u00fajo (apresentador do evento) e Moacir Assun\u00e7\u00e3o<\/p>\n<\/div>\n<p style=\"font-size: 0.5em;line-height: 1.1em;text-align: right;margin: 4px 0px 7px 0px;background-color: transparent !important\">Gute Garbelotto\/CMSP<\/p>\n<\/div>\n<p><!-- imagem GRANDE - com legenda - LADO ESQUERDO --><\/p>\n<p>Para Assis \u00c2ngelo, as quest\u00f5es de interesse do Brasil n\u00e3o teriam sido escritas se, \u201cdo outro lado, existissem comerciantes como os da associa\u00e7\u00e3o Procure Saber\u201d, que re\u00fane m\u00fasicos \u2013 como Gilberto Gil e Caetano Veloso \u2013 no combate \u00e0 venda da \u201cintimidade alheia\u201d. No encontro, gratuito e aberto ao p\u00fablico, Assun\u00e7\u00e3o e Assis \u00c2ngelo debateram tamb\u00e9m o investimento crescente de jornalistas na produ\u00e7\u00e3o de livros.<\/p>\n<p>Assis \u00c2ngelo \u00e9 presidente do Instituto Mem\u00f3ria Brasil e foi chefe de reportagem em <em>O Estado de S. Paulo<\/em>. \u00c9 autor, entre outros livros, de <em>Lua, Estrela, Bai\u00e3o &#8211; A Hist\u00f3ria de um Rei<\/em>, sobre Luiz Gonzaga. Moacir Assun\u00e7\u00e3o \u00e9 professor na Universidade S\u00e3o Judas Tadeu e tamb\u00e9m trabalhou em jornais de grande circula\u00e7\u00e3o. Entre os livros publicados, est\u00e1 <em>Os Homens que Mataram o Fac\u00ednora<\/em>, sobre os inimigos de Lampi\u00e3o e que foi finalista do pr\u00eamio Jabuti em 2008.<\/p>\n<p>O Ciclo de Debates \u00e9 promovido mensalmente pela C\u00e2mara e os encontros s\u00e3o divulgados com anteced\u00eancia no portal.<\/p>\n","protected":false},"excerpt":{"rendered":"<p>Copa do Mundo j\u00e1 come\u00e7ou na C\u00e2mara As sele\u00e7\u00f5es do Brasil que venceram Copas s\u00e3o homenageadas pela C\u00e2mara Mozart Gomes\/CMSP A C\u00e2mara Municipal de S\u00e3o Paulo j\u00e1 entrou em clima de Copa do Mundo. Em 3 de dezembro, inaugurou sua \u00e1rvore de Natal, cujo tema \u00e9 o mundial futebol\u00edstico de sele\u00e7\u00f5es, que ocorre em 2014, [&hellip;]<\/p>\n","protected":false},"author":109,"featured_media":0,"parent":24332,"menu_order":0,"comment_status":"closed","ping_status":"closed","template":"","meta":{"footnotes":""},"class_list":["post-37949","page","type-page","status-publish","hentry"],"meta_all":{"_edit_lock":["1481901812:109"],"_edit_last":["109"],"_wp_page_template":["default"],"_yoast_wpseo_content_score":["60"],"_cmsp_page_download-files":["a:1:{i:0;a:1:{s:4:\"type\";s:3:\"pdf\";}}"],"_yoast_wpseo_opengraph-title":["Notas"],"_yoast_wpseo_opengraph-description":["Revista Apartes"],"_yoast_wpseo_twitter-title":["Notas"],"_yoast_wpseo_twitter-description":["Revista Apartes"]},"meta_all_2":{"_edit_lock":["1481901812:109"],"_edit_last":["109"],"_wp_page_template":["default"],"_yoast_wpseo_content_score":["60"],"_cmsp_page_download-files":["a:1:{i:0;a:1:{s:4:\"type\";s:3:\"pdf\";}}"],"_yoast_wpseo_opengraph-title":["Notas"],"_yoast_wpseo_opengraph-description":["Revista Apartes"],"_yoast_wpseo_twitter-title":["Notas"],"_yoast_wpseo_twitter-description":["Revista Apartes"]},"yoast_head":"<!-- This site is optimized with the Yoast SEO plugin v27.4 - https:\/\/yoast.com\/product\/yoast-seo-wordpress\/ -->\r\n<title>N\u00ba04 - Notas - Revista Apartes (edi\u00e7\u00f5es anteriores)<\/title>\r\n<meta name=\"robots\" content=\"noindex, follow, max-snippet:-1, max-image-preview:large, max-video-preview:-1\" \/>\r\n<meta property=\"og:locale\" content=\"pt_BR\" \/>\r\n<meta property=\"og:type\" content=\"article\" \/>\r\n<meta property=\"og:title\" content=\"Notas\" \/>\r\n<meta property=\"og:description\" content=\"Revista Apartes\" \/>\r\n<meta property=\"og:url\" content=\"https:\/\/www.saopaulo.sp.leg.br\/apartes-anteriores\/revista-apartes\/numero-4-dezembro2013\/no04-notas\/\" \/>\r\n<meta property=\"og:site_name\" content=\"Revista Apartes (edi\u00e7\u00f5es anteriores)\" \/>\r\n<meta property=\"article:publisher\" content=\"https:\/\/www.facebook.com\/RevistaApartes\/\" \/>\r\n<meta property=\"article:modified_time\" content=\"2016-12-16T15:22:25+00:00\" \/>\r\n<meta property=\"og:image\" content=\"http:\/\/www.saopaulo.sp.leg.br\/apartes-anteriores\/wp-content\/uploads\/sites\/9\/2016\/11\/apartes_n04_04.jpg\" \/>\r\n<meta name=\"twitter:card\" content=\"summary_large_image\" \/>\r\n<meta name=\"twitter:title\" content=\"Notas\" \/>\r\n<meta name=\"twitter:description\" content=\"Revista Apartes\" \/>\r\n<meta name=\"twitter:site\" content=\"@revistaapartes\" \/>\r\n<meta name=\"twitter:label1\" content=\"Est. tempo de leitura\" \/>\n\t<meta name=\"twitter:data1\" content=\"5 minutos\" \/>\r\n<script type=\"application\/ld+json\" class=\"yoast-schema-graph\">{\"@context\":\"https:\\\/\\\/schema.org\",\"@graph\":[{\"@type\":\"WebPage\",\"@id\":\"https:\\\/\\\/www.saopaulo.sp.leg.br\\\/apartes-anteriores\\\/revista-apartes\\\/numero-4-dezembro2013\\\/no04-notas\\\/\",\"url\":\"https:\\\/\\\/www.saopaulo.sp.leg.br\\\/apartes-anteriores\\\/revista-apartes\\\/numero-4-dezembro2013\\\/no04-notas\\\/\",\"name\":\"N\u00ba04 - Notas - Revista Apartes (edi\u00e7\u00f5es anteriores)\",\"isPartOf\":{\"@id\":\"https:\\\/\\\/homolog.saopaulo.sp.leg.br\\\/apartes-anteriores\\\/#website\"},\"primaryImageOfPage\":{\"@id\":\"https:\\\/\\\/www.saopaulo.sp.leg.br\\\/apartes-anteriores\\\/revista-apartes\\\/numero-4-dezembro2013\\\/no04-notas\\\/#primaryimage\"},\"image\":{\"@id\":\"https:\\\/\\\/www.saopaulo.sp.leg.br\\\/apartes-anteriores\\\/revista-apartes\\\/numero-4-dezembro2013\\\/no04-notas\\\/#primaryimage\"},\"thumbnailUrl\":\"http:\\\/\\\/homolog.saopaulo.sp.leg.br\\\/apartes-anteriores\\\/wp-content\\\/uploads\\\/sites\\\/9\\\/2016\\\/11\\\/apartes_n04_04.jpg\",\"datePublished\":\"2016-11-22T18:44:45+00:00\",\"dateModified\":\"2016-12-16T15:22:25+00:00\",\"breadcrumb\":{\"@id\":\"https:\\\/\\\/www.saopaulo.sp.leg.br\\\/apartes-anteriores\\\/revista-apartes\\\/numero-4-dezembro2013\\\/no04-notas\\\/#breadcrumb\"},\"inLanguage\":\"pt-BR\",\"potentialAction\":[{\"@type\":\"ReadAction\",\"target\":[\"https:\\\/\\\/www.saopaulo.sp.leg.br\\\/apartes-anteriores\\\/revista-apartes\\\/numero-4-dezembro2013\\\/no04-notas\\\/\"]}]},{\"@type\":\"ImageObject\",\"inLanguage\":\"pt-BR\",\"@id\":\"https:\\\/\\\/www.saopaulo.sp.leg.br\\\/apartes-anteriores\\\/revista-apartes\\\/numero-4-dezembro2013\\\/no04-notas\\\/#primaryimage\",\"url\":\"https:\\\/\\\/homolog.saopaulo.sp.leg.br\\\/apartes-anteriores\\\/wp-content\\\/uploads\\\/sites\\\/9\\\/2016\\\/11\\\/apartes_n04_04.jpg\",\"contentUrl\":\"https:\\\/\\\/homolog.saopaulo.sp.leg.br\\\/apartes-anteriores\\\/wp-content\\\/uploads\\\/sites\\\/9\\\/2016\\\/11\\\/apartes_n04_04.jpg\",\"width\":1118,\"height\":984},{\"@type\":\"BreadcrumbList\",\"@id\":\"https:\\\/\\\/www.saopaulo.sp.leg.br\\\/apartes-anteriores\\\/revista-apartes\\\/numero-4-dezembro2013\\\/no04-notas\\\/#breadcrumb\",\"itemListElement\":[{\"@type\":\"ListItem\",\"position\":1,\"name\":\"Home\",\"item\":\"https:\\\/\\\/www.saopaulo.sp.leg.br\\\/apartes-anteriores\\\/\"},{\"@type\":\"ListItem\",\"position\":2,\"name\":\"Revista Apartes\",\"item\":\"https:\\\/\\\/www.saopaulo.sp.leg.br\\\/apartes-anteriores\\\/\"},{\"@type\":\"ListItem\",\"position\":3,\"name\":\"N\u00famero 04 &#8211; dez\\\/2013\",\"item\":\"https:\\\/\\\/www.saopaulo.sp.leg.br\\\/apartes-anteriores\\\/revista-apartes\\\/numero-4-dezembro2013\\\/\"},{\"@type\":\"ListItem\",\"position\":4,\"name\":\"N\u00ba04 &#8211; Notas\"}]},{\"@type\":\"WebSite\",\"@id\":\"https:\\\/\\\/homolog.saopaulo.sp.leg.br\\\/apartes-anteriores\\\/#website\",\"url\":\"https:\\\/\\\/homolog.saopaulo.sp.leg.br\\\/apartes-anteriores\\\/\",\"name\":\"Revista Apartes (edi\u00e7\u00f5es anteriores)\",\"description\":\"Revista Apartes (edi\u00e7\u00f5es anteriores)\",\"potentialAction\":[{\"@type\":\"SearchAction\",\"target\":{\"@type\":\"EntryPoint\",\"urlTemplate\":\"https:\\\/\\\/homolog.saopaulo.sp.leg.br\\\/apartes-anteriores\\\/?s={search_term_string}\"},\"query-input\":{\"@type\":\"PropertyValueSpecification\",\"valueRequired\":true,\"valueName\":\"search_term_string\"}}],\"inLanguage\":\"pt-BR\"}]}<\/script>\r\n<!-- \/ Yoast SEO plugin. -->","yoast_head_json":{"title":"N\u00ba04 - Notas - Revista Apartes (edi\u00e7\u00f5es anteriores)","robots":{"index":"noindex","follow":"follow","max-snippet":"max-snippet:-1","max-image-preview":"max-image-preview:large","max-video-preview":"max-video-preview:-1"},"og_locale":"pt_BR","og_type":"article","og_title":"Notas","og_description":"Revista Apartes","og_url":"https:\/\/www.saopaulo.sp.leg.br\/apartes-anteriores\/revista-apartes\/numero-4-dezembro2013\/no04-notas\/","og_site_name":"Revista Apartes (edi\u00e7\u00f5es anteriores)","article_publisher":"https:\/\/www.facebook.com\/RevistaApartes\/","article_modified_time":"2016-12-16T15:22:25+00:00","og_image":[{"url":"http:\/\/www.saopaulo.sp.leg.br\/apartes-anteriores\/wp-content\/uploads\/sites\/9\/2016\/11\/apartes_n04_04.jpg","type":"","width":"","height":""}],"twitter_card":"summary_large_image","twitter_title":"Notas","twitter_description":"Revista Apartes","twitter_site":"@revistaapartes","twitter_misc":{"Est. tempo de leitura":"5 minutos"},"schema":{"@context":"https:\/\/schema.org","@graph":[{"@type":"WebPage","@id":"https:\/\/www.saopaulo.sp.leg.br\/apartes-anteriores\/revista-apartes\/numero-4-dezembro2013\/no04-notas\/","url":"https:\/\/www.saopaulo.sp.leg.br\/apartes-anteriores\/revista-apartes\/numero-4-dezembro2013\/no04-notas\/","name":"N\u00ba04 - Notas - Revista Apartes (edi\u00e7\u00f5es anteriores)","isPartOf":{"@id":"https:\/\/homolog.saopaulo.sp.leg.br\/apartes-anteriores\/#website"},"primaryImageOfPage":{"@id":"https:\/\/www.saopaulo.sp.leg.br\/apartes-anteriores\/revista-apartes\/numero-4-dezembro2013\/no04-notas\/#primaryimage"},"image":{"@id":"https:\/\/www.saopaulo.sp.leg.br\/apartes-anteriores\/revista-apartes\/numero-4-dezembro2013\/no04-notas\/#primaryimage"},"thumbnailUrl":"http:\/\/homolog.saopaulo.sp.leg.br\/apartes-anteriores\/wp-content\/uploads\/sites\/9\/2016\/11\/apartes_n04_04.jpg","datePublished":"2016-11-22T18:44:45+00:00","dateModified":"2016-12-16T15:22:25+00:00","breadcrumb":{"@id":"https:\/\/www.saopaulo.sp.leg.br\/apartes-anteriores\/revista-apartes\/numero-4-dezembro2013\/no04-notas\/#breadcrumb"},"inLanguage":"pt-BR","potentialAction":[{"@type":"ReadAction","target":["https:\/\/www.saopaulo.sp.leg.br\/apartes-anteriores\/revista-apartes\/numero-4-dezembro2013\/no04-notas\/"]}]},{"@type":"ImageObject","inLanguage":"pt-BR","@id":"https:\/\/www.saopaulo.sp.leg.br\/apartes-anteriores\/revista-apartes\/numero-4-dezembro2013\/no04-notas\/#primaryimage","url":"https:\/\/homolog.saopaulo.sp.leg.br\/apartes-anteriores\/wp-content\/uploads\/sites\/9\/2016\/11\/apartes_n04_04.jpg","contentUrl":"https:\/\/homolog.saopaulo.sp.leg.br\/apartes-anteriores\/wp-content\/uploads\/sites\/9\/2016\/11\/apartes_n04_04.jpg","width":1118,"height":984},{"@type":"BreadcrumbList","@id":"https:\/\/www.saopaulo.sp.leg.br\/apartes-anteriores\/revista-apartes\/numero-4-dezembro2013\/no04-notas\/#breadcrumb","itemListElement":[{"@type":"ListItem","position":1,"name":"Home","item":"https:\/\/www.saopaulo.sp.leg.br\/apartes-anteriores\/"},{"@type":"ListItem","position":2,"name":"Revista Apartes","item":"https:\/\/www.saopaulo.sp.leg.br\/apartes-anteriores\/"},{"@type":"ListItem","position":3,"name":"N\u00famero 04 &#8211; dez\/2013","item":"https:\/\/www.saopaulo.sp.leg.br\/apartes-anteriores\/revista-apartes\/numero-4-dezembro2013\/"},{"@type":"ListItem","position":4,"name":"N\u00ba04 &#8211; Notas"}]},{"@type":"WebSite","@id":"https:\/\/homolog.saopaulo.sp.leg.br\/apartes-anteriores\/#website","url":"https:\/\/homolog.saopaulo.sp.leg.br\/apartes-anteriores\/","name":"Revista Apartes (edi\u00e7\u00f5es anteriores)","description":"Revista Apartes (edi\u00e7\u00f5es anteriores)","potentialAction":[{"@type":"SearchAction","target":{"@type":"EntryPoint","urlTemplate":"https:\/\/homolog.saopaulo.sp.leg.br\/apartes-anteriores\/?s={search_term_string}"},"query-input":{"@type":"PropertyValueSpecification","valueRequired":true,"valueName":"search_term_string"}}],"inLanguage":"pt-BR"}]}},"_links":{"self":[{"href":"https:\/\/homolog.saopaulo.sp.leg.br\/apartes-anteriores\/wp-json\/wp\/v2\/pages\/37949","targetHints":{"allow":["GET"]}}],"collection":[{"href":"https:\/\/homolog.saopaulo.sp.leg.br\/apartes-anteriores\/wp-json\/wp\/v2\/pages"}],"about":[{"href":"https:\/\/homolog.saopaulo.sp.leg.br\/apartes-anteriores\/wp-json\/wp\/v2\/types\/page"}],"author":[{"embeddable":true,"href":"https:\/\/homolog.saopaulo.sp.leg.br\/apartes-anteriores\/wp-json\/wp\/v2\/users\/109"}],"replies":[{"embeddable":true,"href":"https:\/\/homolog.saopaulo.sp.leg.br\/apartes-anteriores\/wp-json\/wp\/v2\/comments?post=37949"}],"version-history":[{"count":5,"href":"https:\/\/homolog.saopaulo.sp.leg.br\/apartes-anteriores\/wp-json\/wp\/v2\/pages\/37949\/revisions"}],"predecessor-version":[{"id":38652,"href":"https:\/\/homolog.saopaulo.sp.leg.br\/apartes-anteriores\/wp-json\/wp\/v2\/pages\/37949\/revisions\/38652"}],"up":[{"embeddable":true,"href":"https:\/\/homolog.saopaulo.sp.leg.br\/apartes-anteriores\/wp-json\/wp\/v2\/pages\/24332"}],"wp:attachment":[{"href":"https:\/\/homolog.saopaulo.sp.leg.br\/apartes-anteriores\/wp-json\/wp\/v2\/media?parent=37949"}],"curies":[{"name":"wp","href":"https:\/\/api.w.org\/{rel}","templated":true}]}}