{"id":38098,"date":"2016-11-23T19:37:16","date_gmt":"2016-11-23T21:37:16","guid":{"rendered":"http:\/\/homolog.saopaulo.sp.leg.br\/apartes-anteriores\/?page_id=38098"},"modified":"2016-12-16T15:28:35","modified_gmt":"2016-12-16T17:28:35","slug":"no04-menos-burocracia-para-o-comercio-e-a-industria","status":"publish","type":"page","link":"https:\/\/homolog.saopaulo.sp.leg.br\/apartes-anteriores\/revista-apartes\/numero-4-dezembro2013\/no04-menos-burocracia-para-o-comercio-e-a-industria\/","title":{"rendered":"N\u00ba04 &#8211; Regulamenta\u00e7\u00e3o"},"content":{"rendered":"<h1><strong><span style=\"color: #800000\">Menos burocracia para o com\u00e9rcio e a ind\u00fastria<\/span><\/strong><\/h1>\n<h2>Lei da CMSP permite que im\u00f3veis de at\u00e9 1.500 m\u00b2 funcionem sem o Habite-se<\/h2>\n<p><strong>Gisele Machado<\/strong> | <a href=\"mailto:gisele@saopaulo.sp.leg.br\">gisele@saopaulo.sp.leg.br<\/a><\/p>\n<p><!-- imagem TOTAL - com legenda - CENTRALIZADA --><\/p>\n<div style=\"width: 100%;margin-right: 1.5em;margin-bottom: 1.5em\">\n<div style=\"padding: 5px;background-color: #eee !important\">\n<p><a href=\"http:\/\/homolog.saopaulo.sp.leg.br\/apartes-anteriores\/wp-content\/uploads\/sites\/9\/2016\/11\/apartes_n04_25.jpg\"><img loading=\"lazy\" decoding=\"async\" class=\"aligncenter wp-image-37914 size-full\" src=\"http:\/\/homolog.saopaulo.sp.leg.br\/apartes-anteriores\/wp-content\/uploads\/sites\/9\/2016\/11\/apartes_n04_25.jpg\" width=\"2159\" height=\"1306\" srcset=\"https:\/\/homolog.saopaulo.sp.leg.br\/apartes-anteriores\/wp-content\/uploads\/sites\/9\/2016\/11\/apartes_n04_25.jpg 2159w, https:\/\/homolog.saopaulo.sp.leg.br\/apartes-anteriores\/wp-content\/uploads\/sites\/9\/2016\/11\/apartes_n04_25-300x181.jpg 300w, https:\/\/homolog.saopaulo.sp.leg.br\/apartes-anteriores\/wp-content\/uploads\/sites\/9\/2016\/11\/apartes_n04_25-768x465.jpg 768w, https:\/\/homolog.saopaulo.sp.leg.br\/apartes-anteriores\/wp-content\/uploads\/sites\/9\/2016\/11\/apartes_n04_25-1024x619.jpg 1024w\" sizes=\"auto, (max-width: 2159px) 100vw, 2159px\" \/><\/a><\/p>\n<p style=\"font-size: 0.8em;line-height: 1.1em;text-align: center;margin: -1.5em 0px 7px 0px;color: #333;!important;background-color: transparent !important\" align=\"center\">LEGALIDADE &#8211; Estabelecimentos menores poder\u00e3o funcionar apenas com um laudo<\/p>\n<\/div>\n<p style=\"font-size: 0.5em;line-height: 1.1em;text-align: right;margin: 4px 0px 7px 0px;background-color: transparent !important\">Ricardo Rocha\/CMSP<\/p>\n<\/div>\n<p><!-- imagem TOTAL - com legenda - CENTRALIZADA --><\/p>\n<p>Entre os estabelecimentos comerciais, industriais, institucionais ou de presta\u00e7\u00e3o de servi\u00e7os da capital paulista, apenas 65 mil t\u00eam autoriza\u00e7\u00e3o da Prefeitura. Esse n\u00famero representa menos de 10% dos que deveriam ter o Habite-se (Certificado de Conclus\u00e3o, tamb\u00e9m conhecido com Auto de Vistoria, Alvar\u00e1 de Conserva\u00e7\u00e3o e Auto de Conclus\u00e3o) para funcionar. O principal motivo \u00e9 a extensa lista de documentos necess\u00e1rios para conseguir uma Licen\u00e7a de Funcionamento definitiva. \u201cN\u00e3o existe outra cidade brasileira com tamanho n\u00edvel de exig\u00eancia para a regulariza\u00e7\u00e3o dos estabelecimentos\u201d, conta o vereador Ricardo Nunes, l\u00edder da bancada do PMDB na C\u00e2mara Municipal de S\u00e3o Paulo (CMSP). Junto com os colegas de partido Calvo, George Hato e Nelo Rodolfo, Nunes \u00e9 autor da Lei 15.855\/2013, que simplifica as regras para obter a permiss\u00e3o para funcionar. \u201cSe voc\u00ea for ao Rio de Janeiro, por exemplo, tira a sua Licen\u00e7a de Funcionamento em uma semana com laudo t\u00e9cnico, sem precisar do Habite-se\u201d, compara Nunes.<\/p>\n<p>Para amenizar o problema na capital paulista, os parlamentares redigiram o texto que dispensa os estabelecimentos com at\u00e9 1.500 m\u00b2 constru\u00eddos de apresentar Habite-se e Auto de Regulariza\u00e7\u00e3o (referente aos pedidos de anistia) ao pleitear a licen\u00e7a definitiva. No lugar desses documentos, o dono do im\u00f3vel ter\u00e1 de fazer um laudo t\u00e9cnico em que se comprometa a cumprir as regras existentes sobre higiene, acessibilidade, seguran\u00e7a, estabilidade e habitabilidade da edifica\u00e7\u00e3o, al\u00e9m do Auto de Vistoria do Corpo de Bombeiros (AVCB), em alguns casos. \u201cA parte da seguran\u00e7a continuar\u00e1 a mesma\u201d, explica Paula Motta Lara, secret\u00e1ria de Licenciamento do Munic\u00edpio, por meio de sua assessoria de imprensa. O laudo poder\u00e1 ser feito por qualquer engenheiro ou arquiteto credenciado no conselho da categoria. Tamb\u00e9m permanece necess\u00e1rio respeitar a Lei de Zoneamento.<\/p>\n<div>\n<div style=\"float: left;height: 410px\"><a href=\"http:\/\/homolog.saopaulo.sp.leg.br\/apartes-anteriores\/wp-content\/uploads\/sites\/9\/2016\/11\/apartes_n04_28.jpg\"><img loading=\"lazy\" decoding=\"async\" class=\"aligncenter wp-image-37917\" src=\"http:\/\/homolog.saopaulo.sp.leg.br\/apartes-anteriores\/wp-content\/uploads\/sites\/9\/2016\/11\/apartes_n04_28.jpg\" alt=\"apartes_n04_28\" width=\"315\" height=\"398\" \/><\/a><\/div>\n<div style=\"float: left;height: 410px\"><a href=\"http:\/\/homolog.saopaulo.sp.leg.br\/apartes-anteriores\/wp-content\/uploads\/sites\/9\/2016\/11\/apartes_n04_29.jpg\"><img loading=\"lazy\" decoding=\"async\" class=\"aligncenter wp-image-37918\" src=\"http:\/\/homolog.saopaulo.sp.leg.br\/apartes-anteriores\/wp-content\/uploads\/sites\/9\/2016\/11\/apartes_n04_29.jpg\" alt=\"apartes_n04_29\" width=\"315\" height=\"398\" \/><\/a><\/div>\n<\/div>\n<div>\n<div style=\"float: left;height: 410px\"><a href=\"http:\/\/homolog.saopaulo.sp.leg.br\/apartes-anteriores\/wp-content\/uploads\/sites\/9\/2016\/11\/apartes_n04_30.jpg\"><img loading=\"lazy\" decoding=\"async\" class=\"aligncenter wp-image-37919\" src=\"http:\/\/homolog.saopaulo.sp.leg.br\/apartes-anteriores\/wp-content\/uploads\/sites\/9\/2016\/11\/apartes_n04_30.jpg\" alt=\"apartes_n04_30\" width=\"313\" height=\"392\" srcset=\"https:\/\/homolog.saopaulo.sp.leg.br\/apartes-anteriores\/wp-content\/uploads\/sites\/9\/2016\/11\/apartes_n04_30.jpg 697w, https:\/\/homolog.saopaulo.sp.leg.br\/apartes-anteriores\/wp-content\/uploads\/sites\/9\/2016\/11\/apartes_n04_30-240x300.jpg 240w\" sizes=\"auto, (max-width: 313px) 100vw, 313px\" \/><\/a><\/div>\n<div style=\"float: left;height: 410px\"><a href=\"http:\/\/homolog.saopaulo.sp.leg.br\/apartes-anteriores\/wp-content\/uploads\/sites\/9\/2016\/11\/apartes_n04_31.jpg\"><img loading=\"lazy\" decoding=\"async\" class=\"aligncenter wp-image-37920\" src=\"http:\/\/homolog.saopaulo.sp.leg.br\/apartes-anteriores\/wp-content\/uploads\/sites\/9\/2016\/11\/apartes_n04_31.jpg\" alt=\"apartes_n04_31\" width=\"315\" height=\"398\" \/><\/a><\/div>\n<div style=\"font-size: 0.8em;line-height: 1.1em;text-align: right;margin: 4px 0px 7px 0px;background-color: transparent !important\">MOTOR &#8211; Criadores da lei, os vereadores Ricardo Nunes (foto 1), George Hato (2), Nelo Rodolfo (3) e Calvo (4)<\/div>\n<div style=\"font-size: 0.8em;line-height: 1.1em;text-align: center;background-color: transparent !important\">acreditam que ajudar\u00e3o a movimentar a economia da cidade<\/div>\n<\/div>\n<p>&nbsp;<\/p>\n<p>Outra novidade \u00e9 a possibilidade de licen\u00e7a condicionada para im\u00f3veis n\u00e3o residenciais com \u00e1rea entre 1.500 m\u00b2 e 5 mil m\u00b2, desde que respeitadas as regras espec\u00edficas vigentes. A permiss\u00e3o valer\u00e1 por dois anos e poder\u00e1 ser renovada por igual per\u00edodo. At\u00e9 agora, s\u00f3 tinham direito a essa permiss\u00e3o provis\u00f3ria os locais com at\u00e9 1.500 m\u00b2 constru\u00eddos.<\/p>\n<p>Segundo estimativa de Ricardo Nunes, mais de 1,5 milh\u00e3o de comerciantes poder\u00e3o sair da ilegalidade com a Lei 15.855\/2013, al\u00e9m de ind\u00fastrias, institui\u00e7\u00f5es e prestadores de servi\u00e7os. Dados obtidos pelo vereador na Secretaria de Finan\u00e7as do Munic\u00edpio e na Coordena\u00e7\u00e3o das Subprefeituras mostram que a maioria das empresas da cidade possui at\u00e9 1.500 m\u00b2 e ser\u00e1 beneficiada. \u201cOs locais maiores t\u00eam de ser atendidos, mas j\u00e1 conseguiremos resolver grande parte dos problemas\u201d, confirma o coordenador de Pol\u00edtica Urbana da Associa\u00e7\u00e3o Comercial de S\u00e3o Paulo (ACSP), Ant\u00f4nio Carlos Pela. \u201cAcredito que seja o primeiro passo de uma grande caminhada\u201d, disse o executivo.<\/p>\n<p><!-- imagem MEDIA - com legenda - LADO DIREITO --><\/p>\n<div style=\"float: right;width: 227px;margin-left: 1.5em;margin-bottom: 1.5em\">\n<div style=\"float: right;padding: 5px;background-color: #eee !important\">\n<p><a href=\"http:\/\/homolog.saopaulo.sp.leg.br\/apartes-anteriores\/wp-content\/uploads\/sites\/9\/2016\/11\/apartes_n04_27.jpg\"><img loading=\"lazy\" decoding=\"async\" class=\"aligncenter wp-image-37916\" src=\"http:\/\/homolog.saopaulo.sp.leg.br\/apartes-anteriores\/wp-content\/uploads\/sites\/9\/2016\/11\/apartes_n04_27-300x201.jpg\" width=\"240\" height=\"161\" srcset=\"https:\/\/homolog.saopaulo.sp.leg.br\/apartes-anteriores\/wp-content\/uploads\/sites\/9\/2016\/11\/apartes_n04_27-300x201.jpg 300w, https:\/\/homolog.saopaulo.sp.leg.br\/apartes-anteriores\/wp-content\/uploads\/sites\/9\/2016\/11\/apartes_n04_27-768x515.jpg 768w, https:\/\/homolog.saopaulo.sp.leg.br\/apartes-anteriores\/wp-content\/uploads\/sites\/9\/2016\/11\/apartes_n04_27-1024x687.jpg 1024w, https:\/\/homolog.saopaulo.sp.leg.br\/apartes-anteriores\/wp-content\/uploads\/sites\/9\/2016\/11\/apartes_n04_27.jpg 1399w\" sizes=\"auto, (max-width: 240px) 100vw, 240px\" \/><\/a><\/p>\n<p style=\"font-size: 0.8em;line-height: 1.1em;text-align: center;margin: -1.5em 0px 7px 0px;color: #333;!important;background-color: transparent !important\" align=\"center\">LIBERDADE &#8211; \u201cO empres\u00e1rio quer gerar riqueza, sem ficar preocupado com o agente vistor\u201d, diz o coordenador da ACSP, Ant\u00f4nio Carlos Pela<\/p>\n<\/div>\n<p style=\"font-size: 0.5em;line-height: 1.1em;text-align: right;margin: 4px 0px 7px 0px;background-color: transparent !important\">ACSP<\/p>\n<\/div>\n<p><!-- imagem MEDIA - com legenda - LADO DIREITO --><\/p>\n<p>O representante da ACSP conta que a nova legisla\u00e7\u00e3o foi recebida pelo setor com al\u00edvio: \u201cA regulariza\u00e7\u00e3o das empresas \u00e9 fator de arrecada\u00e7\u00e3o: o empres\u00e1rio quer gerar riqueza, pagar os impostos, cumprir seus deveres sem chatea\u00e7\u00e3o, sem criar problemas, sem ficar devedor da Justi\u00e7a nem ficar preocupado com o agente vistor\u201d.<\/p>\n<p>Com acesso mais r\u00e1pido \u00e0 licen\u00e7a permanente, o empreendedor consegue outras facilidades, como a permiss\u00e3o para instalar as placas que levam o nome e a marca do estabelecimento. \u201cIsso nos leva ao combate efetivo da corrup\u00e7\u00e3o. Voc\u00ea rompe com a cultura do jeitinho, de gerar dificuldade para vender facilidade\u201d, diz o vereador Nunes. Ant\u00f4nio Carlos Pela concorda: \u201cParece que a situa\u00e7\u00e3o ficava aberta de prop\u00f3sito para que agentes mal intencionados pudessem agir\u201d.<\/p>\n<p>O Poder Executivo deveria ter elaborado, at\u00e9 novembro, as normas de aplica\u00e7\u00e3o da lei. Mas at\u00e9 o fechamento desta edi\u00e7\u00e3o, um m\u00eas ap\u00f3s expirar o prazo, o prefeito Fernando Haddad (PT) ainda n\u00e3o havia publicado a regulamenta\u00e7\u00e3o.<\/p>\n<h3><strong>Trauma<\/strong><\/h3>\n<p>A reportagem da <strong>Apartes<\/strong> visitou v\u00e1rios estabelecimentos comerciais para fazer entrevistas com seus propriet\u00e1rios para esta mat\u00e9ria. Em comum, todos tinham o medo de se expor. \u201cEu digo por que muitos empres\u00e1rios se apavoram: eles t\u00eam p\u00e2nico da abordagem dos fiscais. Muitos est\u00e3o ilegais e garanto que n\u00e3o \u00e9 por vontade pr\u00f3pria\u201d, disse a dona de um restaurante, que aceitou falar desde que n\u00e3o fosse identificada.<\/p>\n<p>Quando a empres\u00e1ria estabeleceu seu ponto comercial, o Habite-se j\u00e1 estava garantido, mas ela conhece a hist\u00f3ria de v\u00e1rios colegas de profiss\u00e3o que precisaram do documento para obter a licen\u00e7a de funcionamento: \u201c\u00c9 complicado, muito dif\u00edcil\u201d. No site da Prefeitura paulistana s\u00e3o mencionadas nada menos do que 11 etapas para concluir o tr\u00e2mite de obten\u00e7\u00e3o do Habite-se.<\/p>\n<p>\u201c\u00c9 uma teia, com n\u00f3s, que se constr\u00f3i em cima do alvar\u00e1. E voc\u00ea tem de ficar soltando, ponto a ponto, se quiser sua licen\u00e7a pelas vias legais\u201d, diz a propriet\u00e1ria. A bancada do PMDB acredita que a situa\u00e7\u00e3o tende a mudar com Lei 15.855. Para os vereadores, a cidade ter\u00e1 um fator de intimida\u00e7\u00e3o a menos contra os que pretendem abrir empresas e gerar empregos na capital.<\/p>\n<table>\n<tbody>\n<tr style=\"background-color: #8f3423\">\n<td style=\"text-align: center\" colspan=\"2\"><strong><span style=\"color: #ffffff\">O QUE MUDA<\/span><\/strong><\/td>\n<\/tr>\n<tr style=\"background-color: #707172\">\n<td style=\"text-align: center\"><strong><span style=\"color: #ffffff\">LICEN\u00c7A DEFINITIVA<\/span><\/strong><\/td>\n<td style=\"text-align: center\"><strong><span style=\"color: #ffffff\">LICEN\u00c7A TEMPOR\u00c1RIA<\/span><\/strong><\/td>\n<\/tr>\n<tr style=\"background-color: #d8e9ce\">\n<td style=\"text-align: center\">Passa a ser permitida a<br \/>\nestabelecimentos de <strong>at\u00e9<\/strong><br \/>\n<strong> 1.500 m\u00b2<\/strong> sem Habite-se<br \/>\ne Auto de Regulariza\u00e7\u00e3o<\/td>\n<td style=\"text-align: center\">Passa a ser permitida a<br \/>\nestabelecimentos <strong>entre<\/strong><br \/>\n<strong> 1.500 m\u00b2 e 5 mil m\u00b2<\/strong>, desde<br \/>\nque respeitadas as regras<br \/>\nespec\u00edficas vigentes<\/td>\n<\/tr>\n<\/tbody>\n<\/table>\n<p style=\"font-size: 0.5em;line-height: 1.1em;text-align: right;margin: 4px 0px 7px 0px;background-color: transparent !important\">Fonte: Lideran\u00e7a do PMDB na C\u00e2mara<\/p>\n","protected":false},"excerpt":{"rendered":"<p>Menos burocracia para o com\u00e9rcio e a ind\u00fastria Lei da CMSP permite que im\u00f3veis de at\u00e9 1.500 m\u00b2 funcionem sem o Habite-se Gisele Machado | gisele@saopaulo.sp.leg.br LEGALIDADE &#8211; Estabelecimentos menores poder\u00e3o funcionar apenas com um laudo Ricardo Rocha\/CMSP Entre os estabelecimentos comerciais, industriais, institucionais ou de presta\u00e7\u00e3o de servi\u00e7os da capital paulista, apenas 65 mil [&hellip;]<\/p>\n","protected":false},"author":109,"featured_media":0,"parent":24332,"menu_order":0,"comment_status":"closed","ping_status":"closed","template":"","meta":{"footnotes":""},"class_list":["post-38098","page","type-page","status-publish","hentry"],"meta_all":{"_edit_lock":["1481909419:109"],"_edit_last":["109"],"_wp_page_template":["default"],"_yoast_wpseo_content_score":["30"],"_cmsp_page_download-files":["a:1:{i:0;a:1:{s:4:\"type\";s:3:\"pdf\";}}"],"_yoast_wpseo_opengraph-title":["Menos burocracia para o com\u00e9rcio e a ind\u00fastria"],"_yoast_wpseo_opengraph-description":["Lei da CMSP permite que im\u00f3veis de at\u00e9 1.500 m\u00b2 funcionem sem o Habite-se"],"_yoast_wpseo_twitter-title":["Menos burocracia para o com\u00e9rcio e a ind\u00fastria"],"_yoast_wpseo_twitter-description":["Lei da CMSP permite que im\u00f3veis de at\u00e9 1.500 m\u00b2 funcionem sem o Habite-se"]},"meta_all_2":{"_edit_lock":["1481909419:109"],"_edit_last":["109"],"_wp_page_template":["default"],"_yoast_wpseo_content_score":["30"],"_cmsp_page_download-files":["a:1:{i:0;a:1:{s:4:\"type\";s:3:\"pdf\";}}"],"_yoast_wpseo_opengraph-title":["Menos burocracia para o com\u00e9rcio e a ind\u00fastria"],"_yoast_wpseo_opengraph-description":["Lei da CMSP permite que im\u00f3veis de at\u00e9 1.500 m\u00b2 funcionem sem o Habite-se"],"_yoast_wpseo_twitter-title":["Menos burocracia para o com\u00e9rcio e a ind\u00fastria"],"_yoast_wpseo_twitter-description":["Lei da CMSP permite que im\u00f3veis de at\u00e9 1.500 m\u00b2 funcionem sem o Habite-se"]},"yoast_head":"<!-- This site is optimized with the Yoast SEO plugin v27.4 - https:\/\/yoast.com\/product\/yoast-seo-wordpress\/ -->\r\n<title>N\u00ba04 - Regulamenta\u00e7\u00e3o - Revista Apartes (edi\u00e7\u00f5es anteriores)<\/title>\r\n<meta name=\"robots\" content=\"noindex, follow, max-snippet:-1, max-image-preview:large, max-video-preview:-1\" \/>\r\n<meta property=\"og:locale\" content=\"pt_BR\" \/>\r\n<meta property=\"og:type\" content=\"article\" \/>\r\n<meta property=\"og:title\" content=\"Menos burocracia para o com\u00e9rcio e a ind\u00fastria\" \/>\r\n<meta property=\"og:description\" content=\"Lei da CMSP permite que im\u00f3veis de at\u00e9 1.500 m\u00b2 funcionem sem o Habite-se\" \/>\r\n<meta property=\"og:url\" content=\"https:\/\/www.saopaulo.sp.leg.br\/apartes-anteriores\/revista-apartes\/numero-4-dezembro2013\/no04-menos-burocracia-para-o-comercio-e-a-industria\/\" \/>\r\n<meta property=\"og:site_name\" content=\"Revista Apartes (edi\u00e7\u00f5es anteriores)\" \/>\r\n<meta property=\"article:publisher\" content=\"https:\/\/www.facebook.com\/RevistaApartes\/\" \/>\r\n<meta property=\"article:modified_time\" content=\"2016-12-16T17:28:35+00:00\" \/>\r\n<meta property=\"og:image\" content=\"http:\/\/www.saopaulo.sp.leg.br\/apartes-anteriores\/wp-content\/uploads\/sites\/9\/2016\/11\/apartes_n04_25.jpg\" \/>\r\n<meta name=\"twitter:card\" content=\"summary_large_image\" \/>\r\n<meta name=\"twitter:title\" content=\"Menos burocracia para o com\u00e9rcio e a ind\u00fastria\" \/>\r\n<meta name=\"twitter:description\" content=\"Lei da CMSP permite que im\u00f3veis de at\u00e9 1.500 m\u00b2 funcionem sem o Habite-se\" \/>\r\n<meta name=\"twitter:site\" content=\"@revistaapartes\" \/>\r\n<meta name=\"twitter:label1\" content=\"Est. tempo de leitura\" \/>\n\t<meta name=\"twitter:data1\" content=\"5 minutos\" \/>\r\n<script type=\"application\/ld+json\" class=\"yoast-schema-graph\">{\"@context\":\"https:\\\/\\\/schema.org\",\"@graph\":[{\"@type\":\"WebPage\",\"@id\":\"https:\\\/\\\/www.saopaulo.sp.leg.br\\\/apartes-anteriores\\\/revista-apartes\\\/numero-4-dezembro2013\\\/no04-menos-burocracia-para-o-comercio-e-a-industria\\\/\",\"url\":\"https:\\\/\\\/www.saopaulo.sp.leg.br\\\/apartes-anteriores\\\/revista-apartes\\\/numero-4-dezembro2013\\\/no04-menos-burocracia-para-o-comercio-e-a-industria\\\/\",\"name\":\"N\u00ba04 - Regulamenta\u00e7\u00e3o - Revista Apartes (edi\u00e7\u00f5es anteriores)\",\"isPartOf\":{\"@id\":\"https:\\\/\\\/homolog.saopaulo.sp.leg.br\\\/apartes-anteriores\\\/#website\"},\"primaryImageOfPage\":{\"@id\":\"https:\\\/\\\/www.saopaulo.sp.leg.br\\\/apartes-anteriores\\\/revista-apartes\\\/numero-4-dezembro2013\\\/no04-menos-burocracia-para-o-comercio-e-a-industria\\\/#primaryimage\"},\"image\":{\"@id\":\"https:\\\/\\\/www.saopaulo.sp.leg.br\\\/apartes-anteriores\\\/revista-apartes\\\/numero-4-dezembro2013\\\/no04-menos-burocracia-para-o-comercio-e-a-industria\\\/#primaryimage\"},\"thumbnailUrl\":\"http:\\\/\\\/homolog.saopaulo.sp.leg.br\\\/apartes-anteriores\\\/wp-content\\\/uploads\\\/sites\\\/9\\\/2016\\\/11\\\/apartes_n04_25.jpg\",\"datePublished\":\"2016-11-23T21:37:16+00:00\",\"dateModified\":\"2016-12-16T17:28:35+00:00\",\"breadcrumb\":{\"@id\":\"https:\\\/\\\/www.saopaulo.sp.leg.br\\\/apartes-anteriores\\\/revista-apartes\\\/numero-4-dezembro2013\\\/no04-menos-burocracia-para-o-comercio-e-a-industria\\\/#breadcrumb\"},\"inLanguage\":\"pt-BR\",\"potentialAction\":[{\"@type\":\"ReadAction\",\"target\":[\"https:\\\/\\\/www.saopaulo.sp.leg.br\\\/apartes-anteriores\\\/revista-apartes\\\/numero-4-dezembro2013\\\/no04-menos-burocracia-para-o-comercio-e-a-industria\\\/\"]}]},{\"@type\":\"ImageObject\",\"inLanguage\":\"pt-BR\",\"@id\":\"https:\\\/\\\/www.saopaulo.sp.leg.br\\\/apartes-anteriores\\\/revista-apartes\\\/numero-4-dezembro2013\\\/no04-menos-burocracia-para-o-comercio-e-a-industria\\\/#primaryimage\",\"url\":\"https:\\\/\\\/homolog.saopaulo.sp.leg.br\\\/apartes-anteriores\\\/wp-content\\\/uploads\\\/sites\\\/9\\\/2016\\\/11\\\/apartes_n04_25.jpg\",\"contentUrl\":\"https:\\\/\\\/homolog.saopaulo.sp.leg.br\\\/apartes-anteriores\\\/wp-content\\\/uploads\\\/sites\\\/9\\\/2016\\\/11\\\/apartes_n04_25.jpg\",\"width\":2159,\"height\":1306},{\"@type\":\"BreadcrumbList\",\"@id\":\"https:\\\/\\\/www.saopaulo.sp.leg.br\\\/apartes-anteriores\\\/revista-apartes\\\/numero-4-dezembro2013\\\/no04-menos-burocracia-para-o-comercio-e-a-industria\\\/#breadcrumb\",\"itemListElement\":[{\"@type\":\"ListItem\",\"position\":1,\"name\":\"Home\",\"item\":\"https:\\\/\\\/www.saopaulo.sp.leg.br\\\/apartes-anteriores\\\/\"},{\"@type\":\"ListItem\",\"position\":2,\"name\":\"Revista Apartes\",\"item\":\"https:\\\/\\\/www.saopaulo.sp.leg.br\\\/apartes-anteriores\\\/\"},{\"@type\":\"ListItem\",\"position\":3,\"name\":\"N\u00famero 04 &#8211; dez\\\/2013\",\"item\":\"https:\\\/\\\/www.saopaulo.sp.leg.br\\\/apartes-anteriores\\\/revista-apartes\\\/numero-4-dezembro2013\\\/\"},{\"@type\":\"ListItem\",\"position\":4,\"name\":\"N\u00ba04 &#8211; Regulamenta\u00e7\u00e3o\"}]},{\"@type\":\"WebSite\",\"@id\":\"https:\\\/\\\/homolog.saopaulo.sp.leg.br\\\/apartes-anteriores\\\/#website\",\"url\":\"https:\\\/\\\/homolog.saopaulo.sp.leg.br\\\/apartes-anteriores\\\/\",\"name\":\"Revista Apartes (edi\u00e7\u00f5es anteriores)\",\"description\":\"Revista Apartes (edi\u00e7\u00f5es anteriores)\",\"potentialAction\":[{\"@type\":\"SearchAction\",\"target\":{\"@type\":\"EntryPoint\",\"urlTemplate\":\"https:\\\/\\\/homolog.saopaulo.sp.leg.br\\\/apartes-anteriores\\\/?s={search_term_string}\"},\"query-input\":{\"@type\":\"PropertyValueSpecification\",\"valueRequired\":true,\"valueName\":\"search_term_string\"}}],\"inLanguage\":\"pt-BR\"}]}<\/script>\r\n<!-- \/ Yoast SEO plugin. -->","yoast_head_json":{"title":"N\u00ba04 - Regulamenta\u00e7\u00e3o - Revista Apartes (edi\u00e7\u00f5es anteriores)","robots":{"index":"noindex","follow":"follow","max-snippet":"max-snippet:-1","max-image-preview":"max-image-preview:large","max-video-preview":"max-video-preview:-1"},"og_locale":"pt_BR","og_type":"article","og_title":"Menos burocracia para o com\u00e9rcio e a ind\u00fastria","og_description":"Lei da CMSP permite que im\u00f3veis de at\u00e9 1.500 m\u00b2 funcionem sem o Habite-se","og_url":"https:\/\/www.saopaulo.sp.leg.br\/apartes-anteriores\/revista-apartes\/numero-4-dezembro2013\/no04-menos-burocracia-para-o-comercio-e-a-industria\/","og_site_name":"Revista Apartes (edi\u00e7\u00f5es anteriores)","article_publisher":"https:\/\/www.facebook.com\/RevistaApartes\/","article_modified_time":"2016-12-16T17:28:35+00:00","og_image":[{"url":"http:\/\/www.saopaulo.sp.leg.br\/apartes-anteriores\/wp-content\/uploads\/sites\/9\/2016\/11\/apartes_n04_25.jpg","type":"","width":"","height":""}],"twitter_card":"summary_large_image","twitter_title":"Menos burocracia para o com\u00e9rcio e a ind\u00fastria","twitter_description":"Lei da CMSP permite que im\u00f3veis de at\u00e9 1.500 m\u00b2 funcionem sem o Habite-se","twitter_site":"@revistaapartes","twitter_misc":{"Est. tempo de leitura":"5 minutos"},"schema":{"@context":"https:\/\/schema.org","@graph":[{"@type":"WebPage","@id":"https:\/\/www.saopaulo.sp.leg.br\/apartes-anteriores\/revista-apartes\/numero-4-dezembro2013\/no04-menos-burocracia-para-o-comercio-e-a-industria\/","url":"https:\/\/www.saopaulo.sp.leg.br\/apartes-anteriores\/revista-apartes\/numero-4-dezembro2013\/no04-menos-burocracia-para-o-comercio-e-a-industria\/","name":"N\u00ba04 - Regulamenta\u00e7\u00e3o - Revista Apartes (edi\u00e7\u00f5es anteriores)","isPartOf":{"@id":"https:\/\/homolog.saopaulo.sp.leg.br\/apartes-anteriores\/#website"},"primaryImageOfPage":{"@id":"https:\/\/www.saopaulo.sp.leg.br\/apartes-anteriores\/revista-apartes\/numero-4-dezembro2013\/no04-menos-burocracia-para-o-comercio-e-a-industria\/#primaryimage"},"image":{"@id":"https:\/\/www.saopaulo.sp.leg.br\/apartes-anteriores\/revista-apartes\/numero-4-dezembro2013\/no04-menos-burocracia-para-o-comercio-e-a-industria\/#primaryimage"},"thumbnailUrl":"http:\/\/homolog.saopaulo.sp.leg.br\/apartes-anteriores\/wp-content\/uploads\/sites\/9\/2016\/11\/apartes_n04_25.jpg","datePublished":"2016-11-23T21:37:16+00:00","dateModified":"2016-12-16T17:28:35+00:00","breadcrumb":{"@id":"https:\/\/www.saopaulo.sp.leg.br\/apartes-anteriores\/revista-apartes\/numero-4-dezembro2013\/no04-menos-burocracia-para-o-comercio-e-a-industria\/#breadcrumb"},"inLanguage":"pt-BR","potentialAction":[{"@type":"ReadAction","target":["https:\/\/www.saopaulo.sp.leg.br\/apartes-anteriores\/revista-apartes\/numero-4-dezembro2013\/no04-menos-burocracia-para-o-comercio-e-a-industria\/"]}]},{"@type":"ImageObject","inLanguage":"pt-BR","@id":"https:\/\/www.saopaulo.sp.leg.br\/apartes-anteriores\/revista-apartes\/numero-4-dezembro2013\/no04-menos-burocracia-para-o-comercio-e-a-industria\/#primaryimage","url":"https:\/\/homolog.saopaulo.sp.leg.br\/apartes-anteriores\/wp-content\/uploads\/sites\/9\/2016\/11\/apartes_n04_25.jpg","contentUrl":"https:\/\/homolog.saopaulo.sp.leg.br\/apartes-anteriores\/wp-content\/uploads\/sites\/9\/2016\/11\/apartes_n04_25.jpg","width":2159,"height":1306},{"@type":"BreadcrumbList","@id":"https:\/\/www.saopaulo.sp.leg.br\/apartes-anteriores\/revista-apartes\/numero-4-dezembro2013\/no04-menos-burocracia-para-o-comercio-e-a-industria\/#breadcrumb","itemListElement":[{"@type":"ListItem","position":1,"name":"Home","item":"https:\/\/www.saopaulo.sp.leg.br\/apartes-anteriores\/"},{"@type":"ListItem","position":2,"name":"Revista Apartes","item":"https:\/\/www.saopaulo.sp.leg.br\/apartes-anteriores\/"},{"@type":"ListItem","position":3,"name":"N\u00famero 04 &#8211; dez\/2013","item":"https:\/\/www.saopaulo.sp.leg.br\/apartes-anteriores\/revista-apartes\/numero-4-dezembro2013\/"},{"@type":"ListItem","position":4,"name":"N\u00ba04 &#8211; Regulamenta\u00e7\u00e3o"}]},{"@type":"WebSite","@id":"https:\/\/homolog.saopaulo.sp.leg.br\/apartes-anteriores\/#website","url":"https:\/\/homolog.saopaulo.sp.leg.br\/apartes-anteriores\/","name":"Revista Apartes (edi\u00e7\u00f5es anteriores)","description":"Revista Apartes (edi\u00e7\u00f5es anteriores)","potentialAction":[{"@type":"SearchAction","target":{"@type":"EntryPoint","urlTemplate":"https:\/\/homolog.saopaulo.sp.leg.br\/apartes-anteriores\/?s={search_term_string}"},"query-input":{"@type":"PropertyValueSpecification","valueRequired":true,"valueName":"search_term_string"}}],"inLanguage":"pt-BR"}]}},"_links":{"self":[{"href":"https:\/\/homolog.saopaulo.sp.leg.br\/apartes-anteriores\/wp-json\/wp\/v2\/pages\/38098","targetHints":{"allow":["GET"]}}],"collection":[{"href":"https:\/\/homolog.saopaulo.sp.leg.br\/apartes-anteriores\/wp-json\/wp\/v2\/pages"}],"about":[{"href":"https:\/\/homolog.saopaulo.sp.leg.br\/apartes-anteriores\/wp-json\/wp\/v2\/types\/page"}],"author":[{"embeddable":true,"href":"https:\/\/homolog.saopaulo.sp.leg.br\/apartes-anteriores\/wp-json\/wp\/v2\/users\/109"}],"replies":[{"embeddable":true,"href":"https:\/\/homolog.saopaulo.sp.leg.br\/apartes-anteriores\/wp-json\/wp\/v2\/comments?post=38098"}],"version-history":[{"count":5,"href":"https:\/\/homolog.saopaulo.sp.leg.br\/apartes-anteriores\/wp-json\/wp\/v2\/pages\/38098\/revisions"}],"predecessor-version":[{"id":38484,"href":"https:\/\/homolog.saopaulo.sp.leg.br\/apartes-anteriores\/wp-json\/wp\/v2\/pages\/38098\/revisions\/38484"}],"up":[{"embeddable":true,"href":"https:\/\/homolog.saopaulo.sp.leg.br\/apartes-anteriores\/wp-json\/wp\/v2\/pages\/24332"}],"wp:attachment":[{"href":"https:\/\/homolog.saopaulo.sp.leg.br\/apartes-anteriores\/wp-json\/wp\/v2\/media?parent=38098"}],"curies":[{"name":"wp","href":"https:\/\/api.w.org\/{rel}","templated":true}]}}