{"id":38155,"date":"2016-11-24T14:31:55","date_gmt":"2016-11-24T16:31:55","guid":{"rendered":"http:\/\/homolog.saopaulo.sp.leg.br\/apartes-anteriores\/?page_id=38155"},"modified":"2016-12-16T15:40:38","modified_gmt":"2016-12-16T17:40:38","slug":"no04-a-voz-da-cidade","status":"publish","type":"page","link":"https:\/\/homolog.saopaulo.sp.leg.br\/apartes-anteriores\/revista-apartes\/numero-4-dezembro2013\/no04-a-voz-da-cidade\/","title":{"rendered":"N\u00ba04 &#8211; Plano Diretor"},"content":{"rendered":"<h1><strong><span style=\"color: #800000\">A voz da cidade<\/span><\/strong><\/h1>\n<h2>Nas audi\u00eancias p\u00fablicas do Plano Diretor, um retrato das v\u00e1rias caras de S\u00e3o Paulo<\/h2>\n<p><strong>Fausto Salvadori Filho<\/strong> | <a href=\"mailto:fausto@saopaulo.sp.leg.br\">fausto@saopaulo.sp.leg.br<\/a><\/p>\n<p><!-- imagem TOTAL - com legenda - CENTRALIZADA --><\/p>\n<div style=\"width: 100%;margin-right: 1.5em;margin-bottom: 1.5em\">\n<div style=\"padding: 5px;background-color: #eee !important\">\n<p><a href=\"http:\/\/homolog.saopaulo.sp.leg.br\/apartes-anteriores\/wp-content\/uploads\/sites\/9\/2016\/11\/apartes_n04_56.jpg\"><img loading=\"lazy\" decoding=\"async\" class=\"aligncenter wp-image-38157 size-full\" src=\"http:\/\/homolog.saopaulo.sp.leg.br\/apartes-anteriores\/wp-content\/uploads\/sites\/9\/2016\/11\/apartes_n04_56.jpg\" width=\"1200\" height=\"874\" srcset=\"https:\/\/homolog.saopaulo.sp.leg.br\/apartes-anteriores\/wp-content\/uploads\/sites\/9\/2016\/11\/apartes_n04_56.jpg 1200w, https:\/\/homolog.saopaulo.sp.leg.br\/apartes-anteriores\/wp-content\/uploads\/sites\/9\/2016\/11\/apartes_n04_56-300x219.jpg 300w, https:\/\/homolog.saopaulo.sp.leg.br\/apartes-anteriores\/wp-content\/uploads\/sites\/9\/2016\/11\/apartes_n04_56-768x559.jpg 768w, https:\/\/homolog.saopaulo.sp.leg.br\/apartes-anteriores\/wp-content\/uploads\/sites\/9\/2016\/11\/apartes_n04_56-1024x746.jpg 1024w\" sizes=\"auto, (max-width: 1200px) 100vw, 1200px\" \/><\/a><\/p>\n<p style=\"font-size: 0.8em;line-height: 1.1em;text-align: center;margin: -1.5em 0px 7px 0px;color: #333;!important;background-color: transparent !important\" align=\"center\">DIREITO &#8211; Ana Paula Ribeiro, do MTST, pede mais moradia para baixa renda<\/p>\n<\/div>\n<p style=\"font-size: 0.5em;line-height: 1.1em;text-align: right;margin: 4px 0px 7px 0px;background-color: transparent !important\">Ricardo Rocha\/CMSP<\/p>\n<\/div>\n<p><!-- imagem TOTAL - com legenda - CENTRALIZADA --><\/p>\n<p>Duas S\u00e3o Paulo bem diferentes deram as caras nas principais audi\u00eancias p\u00fablicas convocadas para debater o novo Plano Diretor Estrat\u00e9gico (PDE), que vai definir os rumos do planejamento urbano para a cidade nos pr\u00f3ximos dez anos.<\/p>\n<p>Em 23 de novembro, o Centro Educacional Unificado (CEU) Vila Rubi foi ocupado por mais de mil pessoas, a maioria militantes do Movimento dos Trabalhadores Sem Teto (MTST). Gritos, palmas, tambores e discursos exaltados de quem busca um lugar para morar deram o tom da audi\u00eancia da Macrorregi\u00e3o Sul. Uma semana depois, a audi\u00eancia p\u00fablica da Macrorregi\u00e3o Centro-Oeste atraiu um p\u00fablico mais velho e silencioso, preocupado com \u00e1reas verdes, especula\u00e7\u00e3o imobili\u00e1ria e equipamentos de sa\u00fade.<\/p>\n<p><!-- imagem GRANDE - com legenda - LADO ESQUERDO --><\/p>\n<div style=\"float: left;width: 310px;margin-right: 1.5em;margin-bottom: 1.5em\">\n<div style=\"float: left;padding: 5px;background-color: #eee !important\">\n<p><a href=\"http:\/\/homolog.saopaulo.sp.leg.br\/apartes-anteriores\/wp-content\/uploads\/sites\/9\/2016\/11\/apartes_n04_39.jpg\"><img loading=\"lazy\" decoding=\"async\" class=\"aligncenter wp-image-37928 size-medium\" src=\"http:\/\/homolog.saopaulo.sp.leg.br\/apartes-anteriores\/wp-content\/uploads\/sites\/9\/2016\/11\/apartes_n04_39-300x207.jpg\" width=\"300\" height=\"207\" srcset=\"https:\/\/homolog.saopaulo.sp.leg.br\/apartes-anteriores\/wp-content\/uploads\/sites\/9\/2016\/11\/apartes_n04_39-300x207.jpg 300w, https:\/\/homolog.saopaulo.sp.leg.br\/apartes-anteriores\/wp-content\/uploads\/sites\/9\/2016\/11\/apartes_n04_39-768x530.jpg 768w, https:\/\/homolog.saopaulo.sp.leg.br\/apartes-anteriores\/wp-content\/uploads\/sites\/9\/2016\/11\/apartes_n04_39-1024x707.jpg 1024w, https:\/\/homolog.saopaulo.sp.leg.br\/apartes-anteriores\/wp-content\/uploads\/sites\/9\/2016\/11\/apartes_n04_39.jpg 1026w\" sizes=\"auto, (max-width: 300px) 100vw, 300px\" \/><\/a><\/p>\n<p style=\"font-size: 0.8em;line-height: 1.1em;text-align: center;margin: -1.5em 0px 7px 0px;color: #333;!important;background-color: transparent !important\" align=\"center\">ZONA SUL &#8211; Militantes sem-teto participam de audi\u00eancia da Macrorregi\u00e3o Sul<\/p>\n<\/div>\n<p style=\"font-size: 0.5em;line-height: 1.1em;text-align: right;margin: 4px 0px 7px 0px;background-color: transparent !important\">Ricardo Rocha\/CMSP<\/p>\n<\/div>\n<p><!-- imagem GRANDE - com legenda - LADO ESQUERDO --><\/p>\n<p>De outubro a dezembro, a Comiss\u00e3o de Pol\u00edtica Urbana, Metropolitana e Meio Ambiente da C\u00e2mara Municipal de S\u00e3o Paulo (CMSP) realizou 45 audi\u00eancias para ouvir o que a popula\u00e7\u00e3o tem a dizer a respeito da proposta de Plano Diretor enviado pela Prefeitura, por meio do Projeto de Lei (PL) 688\/2013. Com base nessas sugest\u00f5es, os vereadores devem apresentar, no in\u00edcio de 2014, um substitutivo para o projeto.<\/p>\n<p>Das 45 audi\u00eancias, quatro foram voltadas a debater os problemas das quatro Macrorregi\u00f5es do munic\u00edpio: Leste, Sul, Centro-Oeste e Norte. Al\u00e9m dessas, a Casa organiza uma audi\u00eancia para cada Subprefeitura<br \/>\n(31, no total) e algumas tem\u00e1ticas, sobre assuntos como mobilidade, moradia e meio ambiente, entre outros.<\/p>\n<h3><strong>Moradia antes de tudo<\/strong><\/h3>\n<p>No dia 23, uma multid\u00e3o de vermelho, com mais de mil militantes do MTST, tomou o audit\u00f3rio aos gritos de \u201cCriar, criar, poder popular\u201d e \u201cPisa ligeiro, pisa ligeiro, quem n\u00e3o pode com a formiga n\u00e3o ati\u00e7a o formigueiro\u201d.<\/p>\n<p>Na fala inicial, os vereadores e o representante da Prefeitura ressaltaram que os grandes problemas da Macro\u00e1rea Sul s\u00e3o a moradia e a quest\u00e3o ambiental, j\u00e1 que muitos habitantes vivem de forma irregular em \u00e1reas de mananciais. Quando o microfone foi aberto, contudo, a maioria dos cidad\u00e3os apontou problemas como a falta de moradia e pediu a implanta\u00e7\u00e3o de novas Zonas Especiais de Interesse Social (Zeis).<\/p>\n<p><!-- imagem MEDIA - com legenda - LADO DIREITO --><\/p>\n<div style=\"float: right;width: 310px;margin-left: 1.5em;margin-bottom: 1.5em\">\n<div style=\"float: right;padding: 5px;background-color: #eee !important\">\n<p><a href=\"http:\/\/homolog.saopaulo.sp.leg.br\/apartes-anteriores\/wp-content\/uploads\/sites\/9\/2016\/11\/apartes_n04_37.jpg\"><img loading=\"lazy\" decoding=\"async\" class=\"aligncenter wp-image-37926 size-medium\" src=\"http:\/\/homolog.saopaulo.sp.leg.br\/apartes-anteriores\/wp-content\/uploads\/sites\/9\/2016\/11\/apartes_n04_37-300x239.jpg\" width=\"300\" height=\"239\" srcset=\"https:\/\/homolog.saopaulo.sp.leg.br\/apartes-anteriores\/wp-content\/uploads\/sites\/9\/2016\/11\/apartes_n04_37-300x239.jpg 300w, https:\/\/homolog.saopaulo.sp.leg.br\/apartes-anteriores\/wp-content\/uploads\/sites\/9\/2016\/11\/apartes_n04_37-768x612.jpg 768w, https:\/\/homolog.saopaulo.sp.leg.br\/apartes-anteriores\/wp-content\/uploads\/sites\/9\/2016\/11\/apartes_n04_37.jpg 1019w\" sizes=\"auto, (max-width: 300px) 100vw, 300px\" \/><\/a><\/p>\n<p style=\"font-size: 0.8em;line-height: 1.1em;text-align: center;margin: -1.5em 0px 7px 0px;color: #333;!important;background-color: transparent !important\" align=\"center\">TEL\u00c3O &#8211; P\u00fablico assiste \u00e0 audi\u00eancia p\u00fablica no CEU Rubi<\/p>\n<\/div>\n<p style=\"font-size: 0.5em;line-height: 1.1em;text-align: right;margin: 4px 0px 7px 0px;background-color: transparent !important\">Ricardo Rocha\/CMSP<\/p>\n<\/div>\n<p><!-- imagem MEDIA - com legenda - LADO DIREITO --><\/p>\n<p>\u201cTem que preservar mananciais, mas tamb\u00e9m o direito dos cidad\u00e3os \u00e0 moradia\u201d, disse Nat\u00e1lia Rocha, do MTST. \u201cMoro h\u00e1 26 anos num loteamento irregular, na Ilha do Boror\u00e9, e a \u00fanica luz que tenho ali \u00e9 clandestina.\u201d Valmir de Sena, presidente da Associa\u00e7\u00e3o dos Sem Casa da Zona Sul (Ascaz), lembrou como a press\u00e3o dos movimentos populares levou o poder p\u00fablico a ampliar as fronteiras da legalidade. \u201cQuando chegamos aqui, em 1987, era proibido entrar \u00e1gua, luz, asfalto. O Hospital Graja\u00fa e o CEU em que estamos agora n\u00e3o poderiam ter sido constru\u00eddos se a lei n\u00e3o fosse mudada.\u201d Entre uma fala e outra, o p\u00fablico soltava seus refr\u00f5es, acompanhados pelo som dos tambores.<\/p>\n<p>O presidente da C\u00e2mara, vereador Jos\u00e9 Am\u00e9rico (PT), destacou que a capacidade de mobiliza\u00e7\u00e3o de setores da sociedade, como os sem-teto, pode influenciar no conte\u00fado do Plano Diretor. \u201cQuem decide a cidade s\u00e3o as pessoas que se mobilizam. Isso d\u00e1 muita for\u00e7a para as reivindica\u00e7\u00f5es. Dessa vez n\u00e3o \u00e9 s\u00f3 o Secovi [Sindicato das Empresas de Compra, Venda, Loca\u00e7\u00e3o e Administra\u00e7\u00e3o de Im\u00f3veis Residenciais e Comerciais de S\u00e3o Paulo] que est\u00e1 mobilizado\u201d, afirmou. \u201cAs propostas de altera\u00e7\u00e3o de Zeis que voc\u00eas trouxeram s\u00e3o pertinentes. Estamos estudando e vamos tratar com muito carinho porque precisamos ampliar o espa\u00e7o de moradia em S\u00e3o Paulo\u201d, disse.<\/p>\n<h3><strong>\u201cMuro de Berlim\u201d<\/strong><\/h3>\n<p>Ningu\u00e9m levou tambores e poucos mencionaram a quest\u00e3o da moradia na audi\u00eancia da Macrorregi\u00e3o Centro-Oeste, realizada no dia 30, no Sesc Pinheiros. Como aquela \u00e9 a \u00e1rea que concentra os maiores \u00edndices de emprego do Munic\u00edpio, as preocupa\u00e7\u00f5es ali envolvem mais \u00e1reas verdes e o receio da especula\u00e7\u00e3o imobili\u00e1ria, al\u00e9m do desejo de mais hospitais e melhores condi\u00e7\u00f5es de transporte.<\/p>\n<p>A quest\u00e3o ambiental foi uma das prioridades. O representante da Secretaria de Planejamento, Fernando Bruno, recebeu cr\u00edticas ao mostrar um slide com a previs\u00e3o das \u00e1reas verdes a serem implantadas na macrorregi\u00e3o durante os pr\u00f3ximos tr\u00eas anos. \u201c\u00c9 muito pouco! Quase nada\u201d, gritaram da plateia. \u201cConcordo que n\u00e3o seja muito, mas acho que n\u00e3o \u00e9 pouco para tr\u00eas anos, considerando custos de desapropria\u00e7\u00e3o, projeto, implanta\u00e7\u00e3o\u201d, respondeu Bruno.<\/p>\n<p>Uma das principais propostas do projeto de Plano Diretor enviado pela Prefeitura, a de permitir o adensamento em torno dos corredores de transporte p\u00fablico, tamb\u00e9m foi criticada. Lucila Lacreta, do Defenda S\u00e3o Paulo, movimento que discute as quest\u00f5es sobre a cidade, disse que a proposta vai gerar um padr\u00e3o de ocupa\u00e7\u00e3o semelhante \u00e0 da Avenida Paulista, com um \u201cMuro de Berlim\u201d de pr\u00e9dios altos se espalhando por \u00e1reas de v\u00e1rzeas e por trechos da Serra da Cantareira. \u201cN\u00e3o estamos prevendo as mudan\u00e7as clim\u00e1ticas que isso pode causar numa cidade que j\u00e1 \u00e9 uma ilha de calor\u201d, afirmou.<\/p>\n<p>Em resposta aos questionamentos, o relator do projeto do Plano Diretor Estrat\u00e9gico, vereador Nabil Bonduki (PT), disse que o adensamento em torno dos corredores de transporte foi pensado para \u201cabsorver as necessidades futuras da cidade, porque ela n\u00e3o pode mais crescer horizontalmente\u201d.<\/p>\n<p><!-- imagem TOTAL - com legenda - CENTRALIZADA --><\/p>\n<div style=\"width: 100%;margin-right: 1.5em;margin-bottom: 1.5em\">\n<div style=\"padding: 5px;background-color: #eee !important\">\n<p><a href=\"http:\/\/homolog.saopaulo.sp.leg.br\/apartes-anteriores\/wp-content\/uploads\/sites\/9\/2016\/11\/apartes_n04_38.jpg\"><img loading=\"lazy\" decoding=\"async\" class=\"aligncenter wp-image-37927 size-full\" src=\"http:\/\/homolog.saopaulo.sp.leg.br\/apartes-anteriores\/wp-content\/uploads\/sites\/9\/2016\/11\/apartes_n04_38.jpg\" width=\"2089\" height=\"1277\" srcset=\"https:\/\/homolog.saopaulo.sp.leg.br\/apartes-anteriores\/wp-content\/uploads\/sites\/9\/2016\/11\/apartes_n04_38.jpg 2089w, https:\/\/homolog.saopaulo.sp.leg.br\/apartes-anteriores\/wp-content\/uploads\/sites\/9\/2016\/11\/apartes_n04_38-300x183.jpg 300w, https:\/\/homolog.saopaulo.sp.leg.br\/apartes-anteriores\/wp-content\/uploads\/sites\/9\/2016\/11\/apartes_n04_38-768x469.jpg 768w, https:\/\/homolog.saopaulo.sp.leg.br\/apartes-anteriores\/wp-content\/uploads\/sites\/9\/2016\/11\/apartes_n04_38-1024x626.jpg 1024w\" sizes=\"auto, (max-width: 2089px) 100vw, 2089px\" \/><\/a><\/p>\n<p style=\"font-size: 0.8em;line-height: 1.1em;text-align: center;margin: -1.5em 0px 7px 0px;color: #333;!important;background-color: transparent !important\" align=\"center\">CENTRO-OESTE &#8211; Audi\u00eancia realizada no Sesc Pinheiros, em 30 de novembro<\/p>\n<\/div>\n<p style=\"font-size: 0.5em;line-height: 1.1em;text-align: right;margin: 4px 0px 7px 0px;background-color: transparent !important\">Ricardo Rocha\/CMSP<\/p>\n<\/div>\n<p><!-- imagem TOTAL - com legenda - CENTRALIZADA --><\/p>\n<div>\n<h4><\/h4>\n<h4>SAIBA MAIS<\/h4>\n<\/div>\n<div style=\"text-align: center;background-color: #72bb81\">\n<p><strong><span style=\"color: #ffffff\">Sites<\/span><\/strong><\/p>\n<\/div>\n<div>\n<p><strong>Plano Diretor.<\/strong><br \/>\n<a href=\"http:\/\/planodiretor.camara.sp.gov.br\"><em>http:\/\/planodiretor.camara.sp.gov.br.<\/em><\/a><\/p>\n<\/div>\n","protected":false},"excerpt":{"rendered":"<p>A voz da cidade Nas audi\u00eancias p\u00fablicas do Plano Diretor, um retrato das v\u00e1rias caras de S\u00e3o Paulo Fausto Salvadori Filho | fausto@saopaulo.sp.leg.br DIREITO &#8211; Ana Paula Ribeiro, do MTST, pede mais moradia para baixa renda Ricardo Rocha\/CMSP Duas S\u00e3o Paulo bem diferentes deram as caras nas principais audi\u00eancias p\u00fablicas convocadas para debater o novo [&hellip;]<\/p>\n","protected":false},"author":109,"featured_media":0,"parent":24332,"menu_order":0,"comment_status":"closed","ping_status":"closed","template":"","meta":{"footnotes":""},"class_list":["post-38155","page","type-page","status-publish","hentry"],"meta_all":{"_edit_lock":["1481910123:109"],"_edit_last":["109"],"_wp_page_template":["default"],"_yoast_wpseo_content_score":["30"],"_cmsp_page_download-files":["a:1:{i:0;a:1:{s:4:\"type\";s:3:\"pdf\";}}"],"_yoast_wpseo_opengraph-title":["A voz da cidade"],"_yoast_wpseo_opengraph-description":["Nas audi\u00eancias p\u00fablicas do Plano Diretor, um retrato das v\u00e1rias caras de S\u00e3o Paulo"],"_yoast_wpseo_twitter-title":["A voz da cidade"],"_yoast_wpseo_twitter-description":["Nas audi\u00eancias p\u00fablicas do Plano Diretor, um retrato das v\u00e1rias caras de S\u00e3o Paulo"]},"meta_all_2":{"_edit_lock":["1481910123:109"],"_edit_last":["109"],"_wp_page_template":["default"],"_yoast_wpseo_content_score":["30"],"_cmsp_page_download-files":["a:1:{i:0;a:1:{s:4:\"type\";s:3:\"pdf\";}}"],"_yoast_wpseo_opengraph-title":["A voz da cidade"],"_yoast_wpseo_opengraph-description":["Nas audi\u00eancias p\u00fablicas do Plano Diretor, um retrato das v\u00e1rias caras de S\u00e3o Paulo"],"_yoast_wpseo_twitter-title":["A voz da cidade"],"_yoast_wpseo_twitter-description":["Nas audi\u00eancias p\u00fablicas do Plano Diretor, um retrato das v\u00e1rias caras de S\u00e3o Paulo"]},"yoast_head":"<!-- This site is optimized with the Yoast SEO plugin v27.4 - https:\/\/yoast.com\/product\/yoast-seo-wordpress\/ -->\r\n<title>N\u00ba04 - Plano Diretor - Revista Apartes (edi\u00e7\u00f5es anteriores)<\/title>\r\n<meta name=\"robots\" content=\"noindex, follow, max-snippet:-1, max-image-preview:large, max-video-preview:-1\" \/>\r\n<meta property=\"og:locale\" content=\"pt_BR\" \/>\r\n<meta property=\"og:type\" content=\"article\" \/>\r\n<meta property=\"og:title\" content=\"A voz da cidade\" \/>\r\n<meta property=\"og:description\" content=\"Nas audi\u00eancias p\u00fablicas do Plano Diretor, um retrato das v\u00e1rias caras de S\u00e3o Paulo\" \/>\r\n<meta property=\"og:url\" content=\"https:\/\/www.saopaulo.sp.leg.br\/apartes-anteriores\/revista-apartes\/numero-4-dezembro2013\/no04-a-voz-da-cidade\/\" \/>\r\n<meta property=\"og:site_name\" content=\"Revista Apartes (edi\u00e7\u00f5es anteriores)\" \/>\r\n<meta property=\"article:publisher\" content=\"https:\/\/www.facebook.com\/RevistaApartes\/\" \/>\r\n<meta property=\"article:modified_time\" content=\"2016-12-16T17:40:38+00:00\" \/>\r\n<meta property=\"og:image\" content=\"http:\/\/www.saopaulo.sp.leg.br\/apartes-anteriores\/wp-content\/uploads\/sites\/9\/2016\/11\/apartes_n04_56.jpg\" \/>\r\n<meta name=\"twitter:card\" content=\"summary_large_image\" \/>\r\n<meta name=\"twitter:title\" content=\"A voz da cidade\" \/>\r\n<meta name=\"twitter:description\" content=\"Nas audi\u00eancias p\u00fablicas do Plano Diretor, um retrato das v\u00e1rias caras de S\u00e3o Paulo\" \/>\r\n<meta name=\"twitter:site\" content=\"@revistaapartes\" \/>\r\n<meta name=\"twitter:label1\" content=\"Est. tempo de leitura\" \/>\n\t<meta name=\"twitter:data1\" content=\"5 minutos\" \/>\r\n<script type=\"application\/ld+json\" class=\"yoast-schema-graph\">{\"@context\":\"https:\\\/\\\/schema.org\",\"@graph\":[{\"@type\":\"WebPage\",\"@id\":\"https:\\\/\\\/www.saopaulo.sp.leg.br\\\/apartes-anteriores\\\/revista-apartes\\\/numero-4-dezembro2013\\\/no04-a-voz-da-cidade\\\/\",\"url\":\"https:\\\/\\\/www.saopaulo.sp.leg.br\\\/apartes-anteriores\\\/revista-apartes\\\/numero-4-dezembro2013\\\/no04-a-voz-da-cidade\\\/\",\"name\":\"N\u00ba04 - Plano Diretor - Revista Apartes (edi\u00e7\u00f5es anteriores)\",\"isPartOf\":{\"@id\":\"https:\\\/\\\/homolog.saopaulo.sp.leg.br\\\/apartes-anteriores\\\/#website\"},\"primaryImageOfPage\":{\"@id\":\"https:\\\/\\\/www.saopaulo.sp.leg.br\\\/apartes-anteriores\\\/revista-apartes\\\/numero-4-dezembro2013\\\/no04-a-voz-da-cidade\\\/#primaryimage\"},\"image\":{\"@id\":\"https:\\\/\\\/www.saopaulo.sp.leg.br\\\/apartes-anteriores\\\/revista-apartes\\\/numero-4-dezembro2013\\\/no04-a-voz-da-cidade\\\/#primaryimage\"},\"thumbnailUrl\":\"http:\\\/\\\/homolog.saopaulo.sp.leg.br\\\/apartes-anteriores\\\/wp-content\\\/uploads\\\/sites\\\/9\\\/2016\\\/11\\\/apartes_n04_56.jpg\",\"datePublished\":\"2016-11-24T16:31:55+00:00\",\"dateModified\":\"2016-12-16T17:40:38+00:00\",\"breadcrumb\":{\"@id\":\"https:\\\/\\\/www.saopaulo.sp.leg.br\\\/apartes-anteriores\\\/revista-apartes\\\/numero-4-dezembro2013\\\/no04-a-voz-da-cidade\\\/#breadcrumb\"},\"inLanguage\":\"pt-BR\",\"potentialAction\":[{\"@type\":\"ReadAction\",\"target\":[\"https:\\\/\\\/www.saopaulo.sp.leg.br\\\/apartes-anteriores\\\/revista-apartes\\\/numero-4-dezembro2013\\\/no04-a-voz-da-cidade\\\/\"]}]},{\"@type\":\"ImageObject\",\"inLanguage\":\"pt-BR\",\"@id\":\"https:\\\/\\\/www.saopaulo.sp.leg.br\\\/apartes-anteriores\\\/revista-apartes\\\/numero-4-dezembro2013\\\/no04-a-voz-da-cidade\\\/#primaryimage\",\"url\":\"https:\\\/\\\/homolog.saopaulo.sp.leg.br\\\/apartes-anteriores\\\/wp-content\\\/uploads\\\/sites\\\/9\\\/2016\\\/11\\\/apartes_n04_56.jpg\",\"contentUrl\":\"https:\\\/\\\/homolog.saopaulo.sp.leg.br\\\/apartes-anteriores\\\/wp-content\\\/uploads\\\/sites\\\/9\\\/2016\\\/11\\\/apartes_n04_56.jpg\",\"width\":1200,\"height\":874},{\"@type\":\"BreadcrumbList\",\"@id\":\"https:\\\/\\\/www.saopaulo.sp.leg.br\\\/apartes-anteriores\\\/revista-apartes\\\/numero-4-dezembro2013\\\/no04-a-voz-da-cidade\\\/#breadcrumb\",\"itemListElement\":[{\"@type\":\"ListItem\",\"position\":1,\"name\":\"Home\",\"item\":\"https:\\\/\\\/www.saopaulo.sp.leg.br\\\/apartes-anteriores\\\/\"},{\"@type\":\"ListItem\",\"position\":2,\"name\":\"Revista Apartes\",\"item\":\"https:\\\/\\\/www.saopaulo.sp.leg.br\\\/apartes-anteriores\\\/\"},{\"@type\":\"ListItem\",\"position\":3,\"name\":\"N\u00famero 04 &#8211; dez\\\/2013\",\"item\":\"https:\\\/\\\/www.saopaulo.sp.leg.br\\\/apartes-anteriores\\\/revista-apartes\\\/numero-4-dezembro2013\\\/\"},{\"@type\":\"ListItem\",\"position\":4,\"name\":\"N\u00ba04 &#8211; Plano Diretor\"}]},{\"@type\":\"WebSite\",\"@id\":\"https:\\\/\\\/homolog.saopaulo.sp.leg.br\\\/apartes-anteriores\\\/#website\",\"url\":\"https:\\\/\\\/homolog.saopaulo.sp.leg.br\\\/apartes-anteriores\\\/\",\"name\":\"Revista Apartes (edi\u00e7\u00f5es anteriores)\",\"description\":\"Revista Apartes (edi\u00e7\u00f5es anteriores)\",\"potentialAction\":[{\"@type\":\"SearchAction\",\"target\":{\"@type\":\"EntryPoint\",\"urlTemplate\":\"https:\\\/\\\/homolog.saopaulo.sp.leg.br\\\/apartes-anteriores\\\/?s={search_term_string}\"},\"query-input\":{\"@type\":\"PropertyValueSpecification\",\"valueRequired\":true,\"valueName\":\"search_term_string\"}}],\"inLanguage\":\"pt-BR\"}]}<\/script>\r\n<!-- \/ Yoast SEO plugin. -->","yoast_head_json":{"title":"N\u00ba04 - Plano Diretor - Revista Apartes (edi\u00e7\u00f5es anteriores)","robots":{"index":"noindex","follow":"follow","max-snippet":"max-snippet:-1","max-image-preview":"max-image-preview:large","max-video-preview":"max-video-preview:-1"},"og_locale":"pt_BR","og_type":"article","og_title":"A voz da cidade","og_description":"Nas audi\u00eancias p\u00fablicas do Plano Diretor, um retrato das v\u00e1rias caras de S\u00e3o Paulo","og_url":"https:\/\/www.saopaulo.sp.leg.br\/apartes-anteriores\/revista-apartes\/numero-4-dezembro2013\/no04-a-voz-da-cidade\/","og_site_name":"Revista Apartes (edi\u00e7\u00f5es anteriores)","article_publisher":"https:\/\/www.facebook.com\/RevistaApartes\/","article_modified_time":"2016-12-16T17:40:38+00:00","og_image":[{"url":"http:\/\/www.saopaulo.sp.leg.br\/apartes-anteriores\/wp-content\/uploads\/sites\/9\/2016\/11\/apartes_n04_56.jpg","type":"","width":"","height":""}],"twitter_card":"summary_large_image","twitter_title":"A voz da cidade","twitter_description":"Nas audi\u00eancias p\u00fablicas do Plano Diretor, um retrato das v\u00e1rias caras de S\u00e3o Paulo","twitter_site":"@revistaapartes","twitter_misc":{"Est. tempo de leitura":"5 minutos"},"schema":{"@context":"https:\/\/schema.org","@graph":[{"@type":"WebPage","@id":"https:\/\/www.saopaulo.sp.leg.br\/apartes-anteriores\/revista-apartes\/numero-4-dezembro2013\/no04-a-voz-da-cidade\/","url":"https:\/\/www.saopaulo.sp.leg.br\/apartes-anteriores\/revista-apartes\/numero-4-dezembro2013\/no04-a-voz-da-cidade\/","name":"N\u00ba04 - Plano Diretor - Revista Apartes (edi\u00e7\u00f5es anteriores)","isPartOf":{"@id":"https:\/\/homolog.saopaulo.sp.leg.br\/apartes-anteriores\/#website"},"primaryImageOfPage":{"@id":"https:\/\/www.saopaulo.sp.leg.br\/apartes-anteriores\/revista-apartes\/numero-4-dezembro2013\/no04-a-voz-da-cidade\/#primaryimage"},"image":{"@id":"https:\/\/www.saopaulo.sp.leg.br\/apartes-anteriores\/revista-apartes\/numero-4-dezembro2013\/no04-a-voz-da-cidade\/#primaryimage"},"thumbnailUrl":"http:\/\/homolog.saopaulo.sp.leg.br\/apartes-anteriores\/wp-content\/uploads\/sites\/9\/2016\/11\/apartes_n04_56.jpg","datePublished":"2016-11-24T16:31:55+00:00","dateModified":"2016-12-16T17:40:38+00:00","breadcrumb":{"@id":"https:\/\/www.saopaulo.sp.leg.br\/apartes-anteriores\/revista-apartes\/numero-4-dezembro2013\/no04-a-voz-da-cidade\/#breadcrumb"},"inLanguage":"pt-BR","potentialAction":[{"@type":"ReadAction","target":["https:\/\/www.saopaulo.sp.leg.br\/apartes-anteriores\/revista-apartes\/numero-4-dezembro2013\/no04-a-voz-da-cidade\/"]}]},{"@type":"ImageObject","inLanguage":"pt-BR","@id":"https:\/\/www.saopaulo.sp.leg.br\/apartes-anteriores\/revista-apartes\/numero-4-dezembro2013\/no04-a-voz-da-cidade\/#primaryimage","url":"https:\/\/homolog.saopaulo.sp.leg.br\/apartes-anteriores\/wp-content\/uploads\/sites\/9\/2016\/11\/apartes_n04_56.jpg","contentUrl":"https:\/\/homolog.saopaulo.sp.leg.br\/apartes-anteriores\/wp-content\/uploads\/sites\/9\/2016\/11\/apartes_n04_56.jpg","width":1200,"height":874},{"@type":"BreadcrumbList","@id":"https:\/\/www.saopaulo.sp.leg.br\/apartes-anteriores\/revista-apartes\/numero-4-dezembro2013\/no04-a-voz-da-cidade\/#breadcrumb","itemListElement":[{"@type":"ListItem","position":1,"name":"Home","item":"https:\/\/www.saopaulo.sp.leg.br\/apartes-anteriores\/"},{"@type":"ListItem","position":2,"name":"Revista Apartes","item":"https:\/\/www.saopaulo.sp.leg.br\/apartes-anteriores\/"},{"@type":"ListItem","position":3,"name":"N\u00famero 04 &#8211; dez\/2013","item":"https:\/\/www.saopaulo.sp.leg.br\/apartes-anteriores\/revista-apartes\/numero-4-dezembro2013\/"},{"@type":"ListItem","position":4,"name":"N\u00ba04 &#8211; Plano Diretor"}]},{"@type":"WebSite","@id":"https:\/\/homolog.saopaulo.sp.leg.br\/apartes-anteriores\/#website","url":"https:\/\/homolog.saopaulo.sp.leg.br\/apartes-anteriores\/","name":"Revista Apartes (edi\u00e7\u00f5es anteriores)","description":"Revista Apartes (edi\u00e7\u00f5es anteriores)","potentialAction":[{"@type":"SearchAction","target":{"@type":"EntryPoint","urlTemplate":"https:\/\/homolog.saopaulo.sp.leg.br\/apartes-anteriores\/?s={search_term_string}"},"query-input":{"@type":"PropertyValueSpecification","valueRequired":true,"valueName":"search_term_string"}}],"inLanguage":"pt-BR"}]}},"_links":{"self":[{"href":"https:\/\/homolog.saopaulo.sp.leg.br\/apartes-anteriores\/wp-json\/wp\/v2\/pages\/38155","targetHints":{"allow":["GET"]}}],"collection":[{"href":"https:\/\/homolog.saopaulo.sp.leg.br\/apartes-anteriores\/wp-json\/wp\/v2\/pages"}],"about":[{"href":"https:\/\/homolog.saopaulo.sp.leg.br\/apartes-anteriores\/wp-json\/wp\/v2\/types\/page"}],"author":[{"embeddable":true,"href":"https:\/\/homolog.saopaulo.sp.leg.br\/apartes-anteriores\/wp-json\/wp\/v2\/users\/109"}],"replies":[{"embeddable":true,"href":"https:\/\/homolog.saopaulo.sp.leg.br\/apartes-anteriores\/wp-json\/wp\/v2\/comments?post=38155"}],"version-history":[{"count":5,"href":"https:\/\/homolog.saopaulo.sp.leg.br\/apartes-anteriores\/wp-json\/wp\/v2\/pages\/38155\/revisions"}],"predecessor-version":[{"id":38162,"href":"https:\/\/homolog.saopaulo.sp.leg.br\/apartes-anteriores\/wp-json\/wp\/v2\/pages\/38155\/revisions\/38162"}],"up":[{"embeddable":true,"href":"https:\/\/homolog.saopaulo.sp.leg.br\/apartes-anteriores\/wp-json\/wp\/v2\/pages\/24332"}],"wp:attachment":[{"href":"https:\/\/homolog.saopaulo.sp.leg.br\/apartes-anteriores\/wp-json\/wp\/v2\/media?parent=38155"}],"curies":[{"name":"wp","href":"https:\/\/api.w.org\/{rel}","templated":true}]}}