{"id":38160,"date":"2016-11-24T14:57:10","date_gmt":"2016-11-24T16:57:10","guid":{"rendered":"http:\/\/homolog.saopaulo.sp.leg.br\/apartes-anteriores\/?page_id=38160"},"modified":"2016-12-16T15:47:51","modified_gmt":"2016-12-16T17:47:51","slug":"no04-projetos-simbolicos-intencoes-verdadeiras","status":"publish","type":"page","link":"https:\/\/homolog.saopaulo.sp.leg.br\/apartes-anteriores\/revista-apartes\/numero-4-dezembro2013\/no04-projetos-simbolicos-intencoes-verdadeiras\/","title":{"rendered":"N\u00ba04 &#8211; Evento"},"content":{"rendered":"<h1><span style=\"color: #800000\"><strong>Projetos simb\u00f3licos, inten\u00e7\u00f5es verdadeiras<\/strong><\/span><\/h1>\n<h2>Vereadores jovens apresentam suas propostas para a cidade<\/h2>\n<p><strong>Rodrigo Garcia<\/strong> | <a href=\"mailto:rodrigogarcia@saopaulo.sp.leg.br\">rodrigogarcia@saopaulo.sp.leg.br<\/a><\/p>\n<p><!-- imagem TOTAL - com legenda - CENTRALIZADA --><\/p>\n<div style=\"width: 100%;margin-right: 1.5em;margin-bottom: 1.5em\">\n<div style=\"padding: 5px;background-color: #eee !important\">\n<p><a href=\"http:\/\/homolog.saopaulo.sp.leg.br\/apartes-anteriores\/wp-content\/uploads\/sites\/9\/2016\/11\/apartes_n04_40.jpg\"><img loading=\"lazy\" decoding=\"async\" class=\"aligncenter wp-image-37929 size-full\" src=\"http:\/\/homolog.saopaulo.sp.leg.br\/apartes-anteriores\/wp-content\/uploads\/sites\/9\/2016\/11\/apartes_n04_40.jpg\" width=\"1972\" height=\"1055\" srcset=\"https:\/\/homolog.saopaulo.sp.leg.br\/apartes-anteriores\/wp-content\/uploads\/sites\/9\/2016\/11\/apartes_n04_40.jpg 1972w, https:\/\/homolog.saopaulo.sp.leg.br\/apartes-anteriores\/wp-content\/uploads\/sites\/9\/2016\/11\/apartes_n04_40-300x160.jpg 300w, https:\/\/homolog.saopaulo.sp.leg.br\/apartes-anteriores\/wp-content\/uploads\/sites\/9\/2016\/11\/apartes_n04_40-768x411.jpg 768w, https:\/\/homolog.saopaulo.sp.leg.br\/apartes-anteriores\/wp-content\/uploads\/sites\/9\/2016\/11\/apartes_n04_40-1024x548.jpg 1024w\" sizes=\"auto, (max-width: 1972px) 100vw, 1972px\" \/><\/a><\/p>\n<p style=\"font-size: 0.8em;line-height: 1.1em;text-align: center;margin: -1.5em 0px 7px 0px;color: #333;!important;background-color: transparent !important\" align=\"center\">DESCONTRA\u00c7\u00c3O &#8211; Pais e professores tiram fotos dos vereadores jovens no Plen\u00e1rio 1\u00ba de Maio<\/p>\n<\/div>\n<p style=\"font-size: 0.5em;line-height: 1.1em;text-align: right;margin: 4px 0px 7px 0px;background-color: transparent !important\">Arquivo CCI.1\/CMSP<\/p>\n<\/div>\n<p><!-- imagem TOTAL - com legenda - CENTRALIZADA --><\/p>\n<p>Alice Ye Eun Chug, filha de sul-coreanos, tem 12 anos e estuda no Bom Retiro. No caminho para a escola, ela v\u00ea muitos retalhos de tecidos jogados na rua como se fosse lixo. A estudante, ent\u00e3o, teve uma ideia: a Prefeitura poderia organizar o recolhimento desse material, para que fosse reciclado. A proposta foi aprovada por seus professores e encaminhado \u00e0 C\u00e2mara Municipal de S\u00e3o Paulo (CMSP), onde se tornou um dos 55 projetos que fizeram parte do Parlamento Jovem deste ano. \u201cPara o cidad\u00e3o, \u00e9 melhor andar por uma rua limpa do que uma suja\u201d, justificou Alice. Em 8 de novembro, ela defendeu o projeto na tribuna do Plen\u00e1rio 1\u00ba de Maio, no Pal\u00e1cio Anchieta, sede da CMSP.<\/p>\n<p>O vereador jovem Andr\u00e9 Hardt Cardoso, de 13 anos, prop\u00f4s que em todas as escolas p\u00fablicas municipais houvesse uma horta. \u201cAluno que come bem, estuda bem\u201d, afirmou o garoto de 13 anos, que garante gostar de verdura.<\/p>\n<p><!-- imagem GRANDE - com legenda - LADO ESQUERDO --><\/p>\n<div style=\"float: left;width: 310px;margin-right: 1.5em;margin-bottom: 1.5em\">\n<div style=\"float: left;padding: 5px;background-color: #eee !important\">\n<p><a href=\"http:\/\/homolog.saopaulo.sp.leg.br\/apartes-anteriores\/wp-content\/uploads\/sites\/9\/2016\/11\/apartes_n04_41.jpg\"><img loading=\"lazy\" decoding=\"async\" class=\"aligncenter wp-image-37930 size-medium\" src=\"http:\/\/homolog.saopaulo.sp.leg.br\/apartes-anteriores\/wp-content\/uploads\/sites\/9\/2016\/11\/apartes_n04_41-300x177.jpg\" width=\"300\" height=\"177\" srcset=\"https:\/\/homolog.saopaulo.sp.leg.br\/apartes-anteriores\/wp-content\/uploads\/sites\/9\/2016\/11\/apartes_n04_41-300x177.jpg 300w, https:\/\/homolog.saopaulo.sp.leg.br\/apartes-anteriores\/wp-content\/uploads\/sites\/9\/2016\/11\/apartes_n04_41-768x454.jpg 768w, https:\/\/homolog.saopaulo.sp.leg.br\/apartes-anteriores\/wp-content\/uploads\/sites\/9\/2016\/11\/apartes_n04_41-1024x606.jpg 1024w, https:\/\/homolog.saopaulo.sp.leg.br\/apartes-anteriores\/wp-content\/uploads\/sites\/9\/2016\/11\/apartes_n04_41.jpg 1432w\" sizes=\"auto, (max-width: 300px) 100vw, 300px\" \/><\/a><\/p>\n<p style=\"font-size: 0.8em;line-height: 1.1em;text-align: center;margin: -1.5em 0px 7px 0px;color: #333;!important;background-color: transparent !important\" align=\"center\">COMPROMISSO &#8211; Estudantes prestam juramento ao serem empossados como vereadores jovens<\/p>\n<\/div>\n<p style=\"font-size: 0.5em;line-height: 1.1em;text-align: right;margin: 4px 0px 7px 0px;background-color: transparent !important\">Ricardo Rocha\/CMSP<\/p>\n<\/div>\n<p><!-- imagem GRANDE - com legenda - LADO ESQUERDO --><\/p>\n<p>Heitor Chaves Teodoro, de 10 anos, apresentou proposta para que a sobra de madeira nas obras de constru\u00e7\u00e3o seja enviada para os pres\u00eddios, onde seria transformada em m\u00f3veis pelos detentos. \u201cAssim, quando o preso voltar para a rua n\u00e3o precisar\u00e1 mais roubar, j\u00e1 que ter\u00e1 uma profiss\u00e3o\u201d, afirmou, com convic\u00e7\u00e3o.<\/p>\n<p>Esses s\u00e3o apenas tr\u00eas dos 55 projetos aprovados na 12\u00aa edi\u00e7\u00e3o do Parlamento Jovem Paulistano, uma iniciativa da CMSP para oferecer aos estudantes do 6\u00ba ao 9\u00ba ano do Ensino Fundamental municipal uma li\u00e7\u00e3o de cidadania e democracia, com o exerc\u00edcio, por um dia, das fun\u00e7\u00f5es e dos trabalhos do Poder Legislativo.<\/p>\n<p>Os projetos enviados pelas escolas foram escolhidos por uma comiss\u00e3o de vereadores, seguindo os crit\u00e9rios de respeito ao formato de projeto de lei, pertin\u00eancia em rela\u00e7\u00e3o ao tema do partido, corre\u00e7\u00e3o gramatical, concis\u00e3o e clareza, originalidade e exequibilidade.<\/p>\n<p>Para o presidente da C\u00e2mara Municipal, Jos\u00e9 Am\u00e9rico (PT), o Parlamento Jovem \u00e9 um sucesso. \u201cPela quantidade de garotas e garotos aqui presentes, vemos que a ideia pegou\u201d, observou durante a Sess\u00e3o Solene de abertura dos trabalhos.<\/p>\n<p>O ex-vereador Jos\u00e9 Rog\u00e9rio Farhat, autor da proposta de cria\u00e7\u00e3o do Parlamento Jovem Paulistano, tamb\u00e9m participou da cerim\u00f4nia. \u201cEspero que voc\u00eas continuem na pol\u00edtica, pois um dia v\u00e3o comandar este Pa\u00eds\u201d, afirmou aos jovens.<\/p>\n<h3><strong>Futuro dos projetos<\/strong><\/h3>\n<p>Todos os projetos dos vereadores jovens foram aprovados, mas apenas de forma simb\u00f3lica, j\u00e1 que n\u00e3o v\u00e3o se tornar leis. Essa quest\u00e3o foi mencionada por Laura Franciscato dos Santos em seu discurso como candidata \u00e0 Presid\u00eancia da Mesa Diretora. \u201cEspero que os projetos sejam postos em pr\u00e1tica e virem leis,\u201d declarou ela, que acabou sendo eleita presidenta pelos colegas.<\/p>\n<p>Para que as propostas de Laura e dos outros jovens vereadores tornem-se realidade, \u00e9 necess\u00e1rio que algum vereador apresente os projetos, que a maioria dos parlamentares aprovem e que o prefeito sancione.<\/p>\n<p><!-- imagem MEDIA - com legenda - LADO DIREITO --><\/p>\n<div style=\"float: right;width: 217px;margin-left: 1.5em;margin-bottom: 1.5em\">\n<div style=\"float: right;padding: 5px;background-color: #eee !important\">\n<p><a href=\"http:\/\/homolog.saopaulo.sp.leg.br\/apartes-anteriores\/wp-content\/uploads\/sites\/9\/2016\/11\/apartes_n04_42.jpg\"><img loading=\"lazy\" decoding=\"async\" class=\"aligncenter wp-image-37931\" src=\"http:\/\/homolog.saopaulo.sp.leg.br\/apartes-anteriores\/wp-content\/uploads\/sites\/9\/2016\/11\/apartes_n04_42-281x300.jpg\" width=\"230\" height=\"245\" srcset=\"https:\/\/homolog.saopaulo.sp.leg.br\/apartes-anteriores\/wp-content\/uploads\/sites\/9\/2016\/11\/apartes_n04_42-281x300.jpg 281w, https:\/\/homolog.saopaulo.sp.leg.br\/apartes-anteriores\/wp-content\/uploads\/sites\/9\/2016\/11\/apartes_n04_42-768x819.jpg 768w, https:\/\/homolog.saopaulo.sp.leg.br\/apartes-anteriores\/wp-content\/uploads\/sites\/9\/2016\/11\/apartes_n04_42-960x1024.jpg 960w, https:\/\/homolog.saopaulo.sp.leg.br\/apartes-anteriores\/wp-content\/uploads\/sites\/9\/2016\/11\/apartes_n04_42.jpg 988w\" sizes=\"auto, (max-width: 230px) 100vw, 230px\" \/><\/a><\/p>\n<p style=\"font-size: 0.8em;line-height: 1.1em;text-align: center;margin: -1.5em 0px 7px 0px;color: #333;!important;background-color: transparent !important\" align=\"center\">DIVULGA\u00c7\u00c3O &#8211; Material de apoio do Parlamento Jovem 2013<\/p>\n<\/div>\n<p style=\"font-size: 0.5em;line-height: 1.1em;text-align: right;margin: 4px 0px 7px 0px;background-color: transparent !important\">\u00c2ngelo Dantas\/CMSP<\/p>\n<\/div>\n<p><!-- imagem MEDIA - com legenda - LADO DIREITO --><\/p>\n<p>J\u00e1 houve casos de vereadores que aproveitaram propostas sugeridas no Parlamento Jovem e as encamparam, sempre citando de quem foi a ideia original. La\u00e9rcio Benko (PHS), Aur\u00e9lio Nomura (PSDB) e Coronel Camilo (PSD), por exemplo, j\u00e1 apresentaram projetos baseados em sugest\u00e3o dos vereadores jovens do ano passado. Uma das propostas utilizadas por Benko, que institui o programa de permeabiliza\u00e7\u00e3o do solo paulistano, chama a aten\u00e7\u00e3o por ter sido apresentada no Parlamento Jovem de 2012 por seu filho La\u00e9rcio Benko Lopes Filho.<\/p>\n<p>Independentemente de o projeto virar lei, os professores acham excelente a realiza\u00e7\u00e3o do Parlamento Jovem Paulistano. \u201cOs jovens se sentem ouvidos\u201d, comentou Thiago Braz, que leciona sociologia para alguns dos parlamentares mirins. O professor de portugu\u00eas Lu\u00eds Alberto Camargo acha que \u00e9 muito importante os estudantes passarem um dia ouvindo e conversando com os outros vereadores jovens. \u201c\u00c9 um aprendizado da consci\u00eancia pol\u00edtica\u201d, resumiu.<\/p>\n<p>Mais informa\u00e7\u00f5es sobre o Parlamento Jovem podem ser obtidas com a Equipe de Eventos da C\u00e2mara, pelo e-mail <a href=\"mailto:eventos@saopaulo.sp.leg.br\"><em>eventos@saopaulo.sp.leg.br<\/em><\/a> ou pelo telefone (11) 3396-4170. No portal <a href=\"http:\/\/homolog.saopaulo.sp.leg.br\"><em>homolog.saopaulo.sp.leg.br<\/em><\/a>, em Pr\u00eamios Institucionais, tamb\u00e9m \u00e9 poss\u00edvel encontrar mais detalhes, como cronograma de atividades, fichas de inscri\u00e7\u00e3o e as normas para envio dos trabalhos.<\/p>\n","protected":false},"excerpt":{"rendered":"<p>Projetos simb\u00f3licos, inten\u00e7\u00f5es verdadeiras Vereadores jovens apresentam suas propostas para a cidade Rodrigo Garcia | rodrigogarcia@saopaulo.sp.leg.br DESCONTRA\u00c7\u00c3O &#8211; Pais e professores tiram fotos dos vereadores jovens no Plen\u00e1rio 1\u00ba de Maio Arquivo CCI.1\/CMSP Alice Ye Eun Chug, filha de sul-coreanos, tem 12 anos e estuda no Bom Retiro. No caminho para a escola, ela v\u00ea [&hellip;]<\/p>\n","protected":false},"author":109,"featured_media":0,"parent":24332,"menu_order":0,"comment_status":"closed","ping_status":"closed","template":"","meta":{"footnotes":""},"class_list":["post-38160","page","type-page","status-publish","hentry"],"meta_all":{"_edit_lock":["1481910525:109"],"_edit_last":["109"],"_wp_page_template":["default"],"_yoast_wpseo_content_score":["30"],"_cmsp_page_download-files":["a:1:{i:0;a:1:{s:4:\"type\";s:3:\"pdf\";}}"],"_yoast_wpseo_opengraph-title":["Projetos simb\u00f3licos, inten\u00e7\u00f5es verdadeiras"],"_yoast_wpseo_opengraph-description":["Vereadores jovens apresentam suas propostas para a cidade"],"_yoast_wpseo_twitter-title":["Projetos simb\u00f3licos, inten\u00e7\u00f5es verdadeiras"],"_yoast_wpseo_twitter-description":["Vereadores jovens apresentam suas propostas para a cidade"]},"meta_all_2":{"_edit_lock":["1481910525:109"],"_edit_last":["109"],"_wp_page_template":["default"],"_yoast_wpseo_content_score":["30"],"_cmsp_page_download-files":["a:1:{i:0;a:1:{s:4:\"type\";s:3:\"pdf\";}}"],"_yoast_wpseo_opengraph-title":["Projetos simb\u00f3licos, inten\u00e7\u00f5es verdadeiras"],"_yoast_wpseo_opengraph-description":["Vereadores jovens apresentam suas propostas para a cidade"],"_yoast_wpseo_twitter-title":["Projetos simb\u00f3licos, inten\u00e7\u00f5es verdadeiras"],"_yoast_wpseo_twitter-description":["Vereadores jovens apresentam suas propostas para a cidade"]},"yoast_head":"<!-- This site is optimized with the Yoast SEO plugin v27.4 - https:\/\/yoast.com\/product\/yoast-seo-wordpress\/ -->\r\n<title>N\u00ba04 - Evento - Revista Apartes (edi\u00e7\u00f5es anteriores)<\/title>\r\n<meta name=\"robots\" content=\"noindex, follow, max-snippet:-1, max-image-preview:large, max-video-preview:-1\" \/>\r\n<meta property=\"og:locale\" content=\"pt_BR\" \/>\r\n<meta property=\"og:type\" content=\"article\" \/>\r\n<meta property=\"og:title\" content=\"Projetos simb\u00f3licos, inten\u00e7\u00f5es verdadeiras\" \/>\r\n<meta property=\"og:description\" content=\"Vereadores jovens apresentam suas propostas para a cidade\" \/>\r\n<meta property=\"og:url\" content=\"https:\/\/www.saopaulo.sp.leg.br\/apartes-anteriores\/revista-apartes\/numero-4-dezembro2013\/no04-projetos-simbolicos-intencoes-verdadeiras\/\" \/>\r\n<meta property=\"og:site_name\" content=\"Revista Apartes (edi\u00e7\u00f5es anteriores)\" \/>\r\n<meta property=\"article:publisher\" content=\"https:\/\/www.facebook.com\/RevistaApartes\/\" \/>\r\n<meta property=\"article:modified_time\" content=\"2016-12-16T17:47:51+00:00\" \/>\r\n<meta property=\"og:image\" content=\"http:\/\/www.saopaulo.sp.leg.br\/apartes-anteriores\/wp-content\/uploads\/sites\/9\/2016\/11\/apartes_n04_40.jpg\" \/>\r\n<meta name=\"twitter:card\" content=\"summary_large_image\" \/>\r\n<meta name=\"twitter:title\" content=\"Projetos simb\u00f3licos, inten\u00e7\u00f5es verdadeiras\" \/>\r\n<meta name=\"twitter:description\" content=\"Vereadores jovens apresentam suas propostas para a cidade\" \/>\r\n<meta name=\"twitter:site\" content=\"@revistaapartes\" \/>\r\n<meta name=\"twitter:label1\" content=\"Est. tempo de leitura\" \/>\n\t<meta name=\"twitter:data1\" content=\"4 minutos\" \/>\r\n<script type=\"application\/ld+json\" class=\"yoast-schema-graph\">{\"@context\":\"https:\\\/\\\/schema.org\",\"@graph\":[{\"@type\":\"WebPage\",\"@id\":\"https:\\\/\\\/www.saopaulo.sp.leg.br\\\/apartes-anteriores\\\/revista-apartes\\\/numero-4-dezembro2013\\\/no04-projetos-simbolicos-intencoes-verdadeiras\\\/\",\"url\":\"https:\\\/\\\/www.saopaulo.sp.leg.br\\\/apartes-anteriores\\\/revista-apartes\\\/numero-4-dezembro2013\\\/no04-projetos-simbolicos-intencoes-verdadeiras\\\/\",\"name\":\"N\u00ba04 - Evento - Revista Apartes (edi\u00e7\u00f5es anteriores)\",\"isPartOf\":{\"@id\":\"https:\\\/\\\/homolog.saopaulo.sp.leg.br\\\/apartes-anteriores\\\/#website\"},\"primaryImageOfPage\":{\"@id\":\"https:\\\/\\\/www.saopaulo.sp.leg.br\\\/apartes-anteriores\\\/revista-apartes\\\/numero-4-dezembro2013\\\/no04-projetos-simbolicos-intencoes-verdadeiras\\\/#primaryimage\"},\"image\":{\"@id\":\"https:\\\/\\\/www.saopaulo.sp.leg.br\\\/apartes-anteriores\\\/revista-apartes\\\/numero-4-dezembro2013\\\/no04-projetos-simbolicos-intencoes-verdadeiras\\\/#primaryimage\"},\"thumbnailUrl\":\"http:\\\/\\\/homolog.saopaulo.sp.leg.br\\\/apartes-anteriores\\\/wp-content\\\/uploads\\\/sites\\\/9\\\/2016\\\/11\\\/apartes_n04_40.jpg\",\"datePublished\":\"2016-11-24T16:57:10+00:00\",\"dateModified\":\"2016-12-16T17:47:51+00:00\",\"breadcrumb\":{\"@id\":\"https:\\\/\\\/www.saopaulo.sp.leg.br\\\/apartes-anteriores\\\/revista-apartes\\\/numero-4-dezembro2013\\\/no04-projetos-simbolicos-intencoes-verdadeiras\\\/#breadcrumb\"},\"inLanguage\":\"pt-BR\",\"potentialAction\":[{\"@type\":\"ReadAction\",\"target\":[\"https:\\\/\\\/www.saopaulo.sp.leg.br\\\/apartes-anteriores\\\/revista-apartes\\\/numero-4-dezembro2013\\\/no04-projetos-simbolicos-intencoes-verdadeiras\\\/\"]}]},{\"@type\":\"ImageObject\",\"inLanguage\":\"pt-BR\",\"@id\":\"https:\\\/\\\/www.saopaulo.sp.leg.br\\\/apartes-anteriores\\\/revista-apartes\\\/numero-4-dezembro2013\\\/no04-projetos-simbolicos-intencoes-verdadeiras\\\/#primaryimage\",\"url\":\"https:\\\/\\\/homolog.saopaulo.sp.leg.br\\\/apartes-anteriores\\\/wp-content\\\/uploads\\\/sites\\\/9\\\/2016\\\/11\\\/apartes_n04_40.jpg\",\"contentUrl\":\"https:\\\/\\\/homolog.saopaulo.sp.leg.br\\\/apartes-anteriores\\\/wp-content\\\/uploads\\\/sites\\\/9\\\/2016\\\/11\\\/apartes_n04_40.jpg\",\"width\":1972,\"height\":1055},{\"@type\":\"BreadcrumbList\",\"@id\":\"https:\\\/\\\/www.saopaulo.sp.leg.br\\\/apartes-anteriores\\\/revista-apartes\\\/numero-4-dezembro2013\\\/no04-projetos-simbolicos-intencoes-verdadeiras\\\/#breadcrumb\",\"itemListElement\":[{\"@type\":\"ListItem\",\"position\":1,\"name\":\"Home\",\"item\":\"https:\\\/\\\/www.saopaulo.sp.leg.br\\\/apartes-anteriores\\\/\"},{\"@type\":\"ListItem\",\"position\":2,\"name\":\"Revista Apartes\",\"item\":\"https:\\\/\\\/www.saopaulo.sp.leg.br\\\/apartes-anteriores\\\/\"},{\"@type\":\"ListItem\",\"position\":3,\"name\":\"N\u00famero 04 &#8211; dez\\\/2013\",\"item\":\"https:\\\/\\\/www.saopaulo.sp.leg.br\\\/apartes-anteriores\\\/revista-apartes\\\/numero-4-dezembro2013\\\/\"},{\"@type\":\"ListItem\",\"position\":4,\"name\":\"N\u00ba04 &#8211; Evento\"}]},{\"@type\":\"WebSite\",\"@id\":\"https:\\\/\\\/homolog.saopaulo.sp.leg.br\\\/apartes-anteriores\\\/#website\",\"url\":\"https:\\\/\\\/homolog.saopaulo.sp.leg.br\\\/apartes-anteriores\\\/\",\"name\":\"Revista Apartes (edi\u00e7\u00f5es anteriores)\",\"description\":\"Revista Apartes (edi\u00e7\u00f5es anteriores)\",\"potentialAction\":[{\"@type\":\"SearchAction\",\"target\":{\"@type\":\"EntryPoint\",\"urlTemplate\":\"https:\\\/\\\/homolog.saopaulo.sp.leg.br\\\/apartes-anteriores\\\/?s={search_term_string}\"},\"query-input\":{\"@type\":\"PropertyValueSpecification\",\"valueRequired\":true,\"valueName\":\"search_term_string\"}}],\"inLanguage\":\"pt-BR\"}]}<\/script>\r\n<!-- \/ Yoast SEO plugin. -->","yoast_head_json":{"title":"N\u00ba04 - Evento - Revista Apartes (edi\u00e7\u00f5es anteriores)","robots":{"index":"noindex","follow":"follow","max-snippet":"max-snippet:-1","max-image-preview":"max-image-preview:large","max-video-preview":"max-video-preview:-1"},"og_locale":"pt_BR","og_type":"article","og_title":"Projetos simb\u00f3licos, inten\u00e7\u00f5es verdadeiras","og_description":"Vereadores jovens apresentam suas propostas para a cidade","og_url":"https:\/\/www.saopaulo.sp.leg.br\/apartes-anteriores\/revista-apartes\/numero-4-dezembro2013\/no04-projetos-simbolicos-intencoes-verdadeiras\/","og_site_name":"Revista Apartes (edi\u00e7\u00f5es anteriores)","article_publisher":"https:\/\/www.facebook.com\/RevistaApartes\/","article_modified_time":"2016-12-16T17:47:51+00:00","og_image":[{"url":"http:\/\/www.saopaulo.sp.leg.br\/apartes-anteriores\/wp-content\/uploads\/sites\/9\/2016\/11\/apartes_n04_40.jpg","type":"","width":"","height":""}],"twitter_card":"summary_large_image","twitter_title":"Projetos simb\u00f3licos, inten\u00e7\u00f5es verdadeiras","twitter_description":"Vereadores jovens apresentam suas propostas para a cidade","twitter_site":"@revistaapartes","twitter_misc":{"Est. tempo de leitura":"4 minutos"},"schema":{"@context":"https:\/\/schema.org","@graph":[{"@type":"WebPage","@id":"https:\/\/www.saopaulo.sp.leg.br\/apartes-anteriores\/revista-apartes\/numero-4-dezembro2013\/no04-projetos-simbolicos-intencoes-verdadeiras\/","url":"https:\/\/www.saopaulo.sp.leg.br\/apartes-anteriores\/revista-apartes\/numero-4-dezembro2013\/no04-projetos-simbolicos-intencoes-verdadeiras\/","name":"N\u00ba04 - Evento - Revista Apartes (edi\u00e7\u00f5es anteriores)","isPartOf":{"@id":"https:\/\/homolog.saopaulo.sp.leg.br\/apartes-anteriores\/#website"},"primaryImageOfPage":{"@id":"https:\/\/www.saopaulo.sp.leg.br\/apartes-anteriores\/revista-apartes\/numero-4-dezembro2013\/no04-projetos-simbolicos-intencoes-verdadeiras\/#primaryimage"},"image":{"@id":"https:\/\/www.saopaulo.sp.leg.br\/apartes-anteriores\/revista-apartes\/numero-4-dezembro2013\/no04-projetos-simbolicos-intencoes-verdadeiras\/#primaryimage"},"thumbnailUrl":"http:\/\/homolog.saopaulo.sp.leg.br\/apartes-anteriores\/wp-content\/uploads\/sites\/9\/2016\/11\/apartes_n04_40.jpg","datePublished":"2016-11-24T16:57:10+00:00","dateModified":"2016-12-16T17:47:51+00:00","breadcrumb":{"@id":"https:\/\/www.saopaulo.sp.leg.br\/apartes-anteriores\/revista-apartes\/numero-4-dezembro2013\/no04-projetos-simbolicos-intencoes-verdadeiras\/#breadcrumb"},"inLanguage":"pt-BR","potentialAction":[{"@type":"ReadAction","target":["https:\/\/www.saopaulo.sp.leg.br\/apartes-anteriores\/revista-apartes\/numero-4-dezembro2013\/no04-projetos-simbolicos-intencoes-verdadeiras\/"]}]},{"@type":"ImageObject","inLanguage":"pt-BR","@id":"https:\/\/www.saopaulo.sp.leg.br\/apartes-anteriores\/revista-apartes\/numero-4-dezembro2013\/no04-projetos-simbolicos-intencoes-verdadeiras\/#primaryimage","url":"https:\/\/homolog.saopaulo.sp.leg.br\/apartes-anteriores\/wp-content\/uploads\/sites\/9\/2016\/11\/apartes_n04_40.jpg","contentUrl":"https:\/\/homolog.saopaulo.sp.leg.br\/apartes-anteriores\/wp-content\/uploads\/sites\/9\/2016\/11\/apartes_n04_40.jpg","width":1972,"height":1055},{"@type":"BreadcrumbList","@id":"https:\/\/www.saopaulo.sp.leg.br\/apartes-anteriores\/revista-apartes\/numero-4-dezembro2013\/no04-projetos-simbolicos-intencoes-verdadeiras\/#breadcrumb","itemListElement":[{"@type":"ListItem","position":1,"name":"Home","item":"https:\/\/www.saopaulo.sp.leg.br\/apartes-anteriores\/"},{"@type":"ListItem","position":2,"name":"Revista Apartes","item":"https:\/\/www.saopaulo.sp.leg.br\/apartes-anteriores\/"},{"@type":"ListItem","position":3,"name":"N\u00famero 04 &#8211; dez\/2013","item":"https:\/\/www.saopaulo.sp.leg.br\/apartes-anteriores\/revista-apartes\/numero-4-dezembro2013\/"},{"@type":"ListItem","position":4,"name":"N\u00ba04 &#8211; Evento"}]},{"@type":"WebSite","@id":"https:\/\/homolog.saopaulo.sp.leg.br\/apartes-anteriores\/#website","url":"https:\/\/homolog.saopaulo.sp.leg.br\/apartes-anteriores\/","name":"Revista Apartes (edi\u00e7\u00f5es anteriores)","description":"Revista Apartes (edi\u00e7\u00f5es anteriores)","potentialAction":[{"@type":"SearchAction","target":{"@type":"EntryPoint","urlTemplate":"https:\/\/homolog.saopaulo.sp.leg.br\/apartes-anteriores\/?s={search_term_string}"},"query-input":{"@type":"PropertyValueSpecification","valueRequired":true,"valueName":"search_term_string"}}],"inLanguage":"pt-BR"}]}},"_links":{"self":[{"href":"https:\/\/homolog.saopaulo.sp.leg.br\/apartes-anteriores\/wp-json\/wp\/v2\/pages\/38160","targetHints":{"allow":["GET"]}}],"collection":[{"href":"https:\/\/homolog.saopaulo.sp.leg.br\/apartes-anteriores\/wp-json\/wp\/v2\/pages"}],"about":[{"href":"https:\/\/homolog.saopaulo.sp.leg.br\/apartes-anteriores\/wp-json\/wp\/v2\/types\/page"}],"author":[{"embeddable":true,"href":"https:\/\/homolog.saopaulo.sp.leg.br\/apartes-anteriores\/wp-json\/wp\/v2\/users\/109"}],"replies":[{"embeddable":true,"href":"https:\/\/homolog.saopaulo.sp.leg.br\/apartes-anteriores\/wp-json\/wp\/v2\/comments?post=38160"}],"version-history":[{"count":5,"href":"https:\/\/homolog.saopaulo.sp.leg.br\/apartes-anteriores\/wp-json\/wp\/v2\/pages\/38160\/revisions"}],"predecessor-version":[{"id":38489,"href":"https:\/\/homolog.saopaulo.sp.leg.br\/apartes-anteriores\/wp-json\/wp\/v2\/pages\/38160\/revisions\/38489"}],"up":[{"embeddable":true,"href":"https:\/\/homolog.saopaulo.sp.leg.br\/apartes-anteriores\/wp-json\/wp\/v2\/pages\/24332"}],"wp:attachment":[{"href":"https:\/\/homolog.saopaulo.sp.leg.br\/apartes-anteriores\/wp-json\/wp\/v2\/media?parent=38160"}],"curies":[{"name":"wp","href":"https:\/\/api.w.org\/{rel}","templated":true}]}}