{"id":38171,"date":"2016-11-24T15:16:20","date_gmt":"2016-11-24T17:16:20","guid":{"rendered":"http:\/\/homolog.saopaulo.sp.leg.br\/apartes-anteriores\/?page_id=38171"},"modified":"2016-11-30T18:07:06","modified_gmt":"2016-11-30T20:07:06","slug":"no04-banca-de-jornal-bebida-eletronicos","status":"publish","type":"page","link":"https:\/\/homolog.saopaulo.sp.leg.br\/apartes-anteriores\/revista-apartes\/numero-4-dezembro2013\/no04-banca-de-jornal-bebida-eletronicos\/","title":{"rendered":"N\u00ba04 &#8211; Com\u00e9rcio"},"content":{"rendered":"<h1><strong><span style=\"color: #800000\">Banca de jornal, bebida, eletr\u00f4nicos&#8230;<\/span><\/strong><\/h1>\n<h2>Lei aprovada na C\u00e2mara amplia rol de produtos oferecidos em bancas<\/h2>\n<p><strong>S\u00e2ndor Vasconcelos<\/strong> | <a href=\"mailto:sandor@saopaulo.sp.leg.br\">sandor@saopaulo.sp.leg.br<\/a><\/p>\n<p><!-- imagem TOTAL - com legenda - CENTRALIZADA --><\/p>\n<div style=\"width: 100%;margin-right: 1.5em;margin-bottom: 1.5em\">\n<div style=\"padding: 5px;background-color: #eee !important\">\n<p><a href=\"http:\/\/homolog.saopaulo.sp.leg.br\/apartes-anteriores\/wp-content\/uploads\/sites\/9\/2016\/11\/apartes_n04_43.jpg\"><img loading=\"lazy\" decoding=\"async\" class=\"aligncenter wp-image-37932 size-full\" src=\"http:\/\/homolog.saopaulo.sp.leg.br\/apartes-anteriores\/wp-content\/uploads\/sites\/9\/2016\/11\/apartes_n04_43.jpg\" width=\"1591\" height=\"922\" srcset=\"https:\/\/homolog.saopaulo.sp.leg.br\/apartes-anteriores\/wp-content\/uploads\/sites\/9\/2016\/11\/apartes_n04_43.jpg 1591w, https:\/\/homolog.saopaulo.sp.leg.br\/apartes-anteriores\/wp-content\/uploads\/sites\/9\/2016\/11\/apartes_n04_43-300x174.jpg 300w, https:\/\/homolog.saopaulo.sp.leg.br\/apartes-anteriores\/wp-content\/uploads\/sites\/9\/2016\/11\/apartes_n04_43-768x445.jpg 768w, https:\/\/homolog.saopaulo.sp.leg.br\/apartes-anteriores\/wp-content\/uploads\/sites\/9\/2016\/11\/apartes_n04_43-1024x593.jpg 1024w\" sizes=\"auto, (max-width: 1591px) 100vw, 1591px\" \/><\/a><\/p>\n<p style=\"font-size: 0.8em;line-height: 1.1em;text-align: center;margin: -1.5em 0px 7px 0px;color: #333;!important;background-color: transparent !important\" align=\"center\">\n<\/div>\n<p style=\"font-size: 0.5em;line-height: 1.1em;text-align: right;margin: 4px 0px 7px 0px;background-color: transparent !important\">Mozart Gomes\/CMSP<\/p>\n<\/div>\n<p><!-- imagem TOTAL - com legenda - CENTRALIZADA --><\/p>\n<p>A partir de novembro, os donos das cerca de 3.500 bancas de jornal de S\u00e3o Paulo podem ampliar a lista de produtos e servi\u00e7os oferecidos por seus estabelecimentos, gra\u00e7as \u00e0 Lei 15.895\/2013, cujo projeto foi idealizado pelo presidente da C\u00e2mara Municipal de S\u00e3o Paulo, Jos\u00e9 Am\u00e9rico (PT), e sancionado pelo Executivo.<\/p>\n<p>Segundo Am\u00e9rico, a iniciativa tenta corrigir uma injusti\u00e7a, j\u00e1 que as bancas enfrentam a concorr\u00eancia de, por exemplo, supermercados e lojas de conveni\u00eancia, que podem vender jornais e revistas sem restri\u00e7\u00e3o. \u201cAs bancas n\u00e3o precisam de privil\u00e9gios, mas de condi\u00e7\u00f5es iguais para competir\u201d, apontou o vereador na justificativa do projeto.<\/p>\n<p>De acordo com a lei, bebidas e alimentos devem estar acondicionados em refrigeradores, no interior da banca. A comercializa\u00e7\u00e3o de revistas e jornais segue como atividade principal, por isso 75% do espa\u00e7o interno \u00fatil do estabelecimento continuam destinados apenas a produtos editoriais.<\/p>\n<h3><strong>O que pode<\/strong><\/h3>\n<div style=\"background-color: #d8e9ce\">\n<p class=\"BOXPCORPOBOX\" style=\"text-indent: 0cm\"><b><span style=\"letter-spacing: -.1pt\">Com a nova lei, as bancas podem comercializar:<\/span><\/b><\/p>\n<ul style=\"margin-left: 10px\">\n<li>Refrigerante, \u00e1gua mineral, isot\u00f4nico, energ\u00e9tico, suco industrializado, bebidas \u00e0 base de soja e de caf\u00e9, ch\u00e1 em lata, \u00e1gua de coco, bebidas l\u00e1cteas, iogurte l\u00edquido e natural, leite fermentado e outras bebidas n\u00e3o alco\u00f3licas em embalagem de at\u00e9 600 ml;<\/li>\n<li>Doces industrializados e biscoitos salgados de at\u00e9 200 gramas e sorvetes em embalagens descart\u00e1veis individuais;<\/li>\n<li>Artigos eletr\u00f4nicos de pequeno porte, como pen drives, m\u00eddias, reprodutores de m\u00eddia, jogos de videogame, fones de ouvido, mouse, carregadores de celulares, cartuchos e toner para impressoras, cadeados, capas de chuva, guarda-chuvas e outros produtos de pequeno porte do segmento;<\/li>\n<li>Artigos de papelaria, como papel sulfite A4 (folhas individuais), papel de presente, envelope, caderno, agenda, calend\u00e1rio, cola escolar, pasta, fita e bloco autoadesivos, clipe, el\u00e1stico, etiqueta, \u00edm\u00e3, jogos de tabuleiro, brinquedos pequenos, bon\u00e9, jogos de cartas e similares;<\/li>\n<li>Cart\u00f5es de recarga e chips para celulares;<\/li>\n<li>Transmiss\u00e3o e recep\u00e7\u00e3o de fax e e-mail, assinaturas de revistas, servi\u00e7os de revela\u00e7\u00e3o de fotos e encomendas r\u00e1pidas por conv\u00eanios com a Empresa Brasileira de Correios e Tel\u00e9grafos e outras empresas do ramo.<\/li>\n<\/ul>\n<\/div>\n","protected":false},"excerpt":{"rendered":"<p>Banca de jornal, bebida, eletr\u00f4nicos&#8230; Lei aprovada na C\u00e2mara amplia rol de produtos oferecidos em bancas S\u00e2ndor Vasconcelos | sandor@saopaulo.sp.leg.br Mozart Gomes\/CMSP A partir de novembro, os donos das cerca de 3.500 bancas de jornal de S\u00e3o Paulo podem ampliar a lista de produtos e servi\u00e7os oferecidos por seus estabelecimentos, gra\u00e7as \u00e0 Lei 15.895\/2013, cujo [&hellip;]<\/p>\n","protected":false},"author":109,"featured_media":0,"parent":24332,"menu_order":0,"comment_status":"closed","ping_status":"closed","template":"","meta":{"footnotes":""},"class_list":["post-38171","page","type-page","status-publish","hentry"],"meta_all":{"_edit_lock":["1480536289:109"],"_edit_last":["109"],"_wp_page_template":["default"],"_yoast_wpseo_content_score":["60"],"_cmsp_page_download-files":["a:1:{i:0;a:1:{s:4:\"type\";s:3:\"pdf\";}}"],"_yoast_wpseo_opengraph-title":["Banca de jornal, bebida, eletr\u00f4nicos..."],"_yoast_wpseo_opengraph-description":["Lei aprovada na C\u00e2mara amplia rol de produtos oferecidos em bancas"],"_yoast_wpseo_twitter-title":["Banca de jornal, bebida, eletr\u00f4nicos..."],"_yoast_wpseo_twitter-description":["Lei aprovada na C\u00e2mara amplia rol de produtos oferecidos em bancas"]},"meta_all_2":{"_edit_lock":["1480536289:109"],"_edit_last":["109"],"_wp_page_template":["default"],"_yoast_wpseo_content_score":["60"],"_cmsp_page_download-files":["a:1:{i:0;a:1:{s:4:\"type\";s:3:\"pdf\";}}"],"_yoast_wpseo_opengraph-title":["Banca de jornal, bebida, eletr\u00f4nicos..."],"_yoast_wpseo_opengraph-description":["Lei aprovada na C\u00e2mara amplia rol de produtos oferecidos em bancas"],"_yoast_wpseo_twitter-title":["Banca de jornal, bebida, eletr\u00f4nicos..."],"_yoast_wpseo_twitter-description":["Lei aprovada na C\u00e2mara amplia rol de produtos oferecidos em bancas"]},"yoast_head":"<!-- This site is optimized with the Yoast SEO plugin v27.4 - https:\/\/yoast.com\/product\/yoast-seo-wordpress\/ -->\r\n<title>N\u00ba04 - Com\u00e9rcio - Revista Apartes (edi\u00e7\u00f5es anteriores)<\/title>\r\n<meta name=\"robots\" content=\"noindex, follow, max-snippet:-1, max-image-preview:large, max-video-preview:-1\" \/>\r\n<meta property=\"og:locale\" content=\"pt_BR\" \/>\r\n<meta property=\"og:type\" content=\"article\" \/>\r\n<meta property=\"og:title\" content=\"Banca de jornal, bebida, eletr\u00f4nicos...\" \/>\r\n<meta property=\"og:description\" content=\"Lei aprovada na C\u00e2mara amplia rol de produtos oferecidos em bancas\" \/>\r\n<meta property=\"og:url\" content=\"https:\/\/www.saopaulo.sp.leg.br\/apartes-anteriores\/revista-apartes\/numero-4-dezembro2013\/no04-banca-de-jornal-bebida-eletronicos\/\" \/>\r\n<meta property=\"og:site_name\" content=\"Revista Apartes (edi\u00e7\u00f5es anteriores)\" \/>\r\n<meta property=\"article:publisher\" content=\"https:\/\/www.facebook.com\/RevistaApartes\/\" \/>\r\n<meta property=\"article:modified_time\" content=\"2016-11-30T20:07:06+00:00\" \/>\r\n<meta property=\"og:image\" content=\"http:\/\/www.saopaulo.sp.leg.br\/apartes-anteriores\/wp-content\/uploads\/sites\/9\/2016\/11\/apartes_n04_43.jpg\" \/>\r\n<meta name=\"twitter:card\" content=\"summary_large_image\" \/>\r\n<meta name=\"twitter:title\" content=\"Banca de jornal, bebida, eletr\u00f4nicos...\" \/>\r\n<meta name=\"twitter:description\" content=\"Lei aprovada na C\u00e2mara amplia rol de produtos oferecidos em bancas\" \/>\r\n<meta name=\"twitter:site\" content=\"@revistaapartes\" \/>\r\n<meta name=\"twitter:label1\" content=\"Est. tempo de leitura\" \/>\n\t<meta name=\"twitter:data1\" content=\"2 minutos\" \/>\r\n<script type=\"application\/ld+json\" class=\"yoast-schema-graph\">{\"@context\":\"https:\\\/\\\/schema.org\",\"@graph\":[{\"@type\":\"WebPage\",\"@id\":\"https:\\\/\\\/www.saopaulo.sp.leg.br\\\/apartes-anteriores\\\/revista-apartes\\\/numero-4-dezembro2013\\\/no04-banca-de-jornal-bebida-eletronicos\\\/\",\"url\":\"https:\\\/\\\/www.saopaulo.sp.leg.br\\\/apartes-anteriores\\\/revista-apartes\\\/numero-4-dezembro2013\\\/no04-banca-de-jornal-bebida-eletronicos\\\/\",\"name\":\"N\u00ba04 - Com\u00e9rcio - Revista Apartes (edi\u00e7\u00f5es anteriores)\",\"isPartOf\":{\"@id\":\"https:\\\/\\\/homolog.saopaulo.sp.leg.br\\\/apartes-anteriores\\\/#website\"},\"primaryImageOfPage\":{\"@id\":\"https:\\\/\\\/www.saopaulo.sp.leg.br\\\/apartes-anteriores\\\/revista-apartes\\\/numero-4-dezembro2013\\\/no04-banca-de-jornal-bebida-eletronicos\\\/#primaryimage\"},\"image\":{\"@id\":\"https:\\\/\\\/www.saopaulo.sp.leg.br\\\/apartes-anteriores\\\/revista-apartes\\\/numero-4-dezembro2013\\\/no04-banca-de-jornal-bebida-eletronicos\\\/#primaryimage\"},\"thumbnailUrl\":\"http:\\\/\\\/homolog.saopaulo.sp.leg.br\\\/apartes-anteriores\\\/wp-content\\\/uploads\\\/sites\\\/9\\\/2016\\\/11\\\/apartes_n04_43.jpg\",\"datePublished\":\"2016-11-24T17:16:20+00:00\",\"dateModified\":\"2016-11-30T20:07:06+00:00\",\"breadcrumb\":{\"@id\":\"https:\\\/\\\/www.saopaulo.sp.leg.br\\\/apartes-anteriores\\\/revista-apartes\\\/numero-4-dezembro2013\\\/no04-banca-de-jornal-bebida-eletronicos\\\/#breadcrumb\"},\"inLanguage\":\"pt-BR\",\"potentialAction\":[{\"@type\":\"ReadAction\",\"target\":[\"https:\\\/\\\/www.saopaulo.sp.leg.br\\\/apartes-anteriores\\\/revista-apartes\\\/numero-4-dezembro2013\\\/no04-banca-de-jornal-bebida-eletronicos\\\/\"]}]},{\"@type\":\"ImageObject\",\"inLanguage\":\"pt-BR\",\"@id\":\"https:\\\/\\\/www.saopaulo.sp.leg.br\\\/apartes-anteriores\\\/revista-apartes\\\/numero-4-dezembro2013\\\/no04-banca-de-jornal-bebida-eletronicos\\\/#primaryimage\",\"url\":\"https:\\\/\\\/homolog.saopaulo.sp.leg.br\\\/apartes-anteriores\\\/wp-content\\\/uploads\\\/sites\\\/9\\\/2016\\\/11\\\/apartes_n04_43.jpg\",\"contentUrl\":\"https:\\\/\\\/homolog.saopaulo.sp.leg.br\\\/apartes-anteriores\\\/wp-content\\\/uploads\\\/sites\\\/9\\\/2016\\\/11\\\/apartes_n04_43.jpg\",\"width\":1591,\"height\":922},{\"@type\":\"BreadcrumbList\",\"@id\":\"https:\\\/\\\/www.saopaulo.sp.leg.br\\\/apartes-anteriores\\\/revista-apartes\\\/numero-4-dezembro2013\\\/no04-banca-de-jornal-bebida-eletronicos\\\/#breadcrumb\",\"itemListElement\":[{\"@type\":\"ListItem\",\"position\":1,\"name\":\"Home\",\"item\":\"https:\\\/\\\/www.saopaulo.sp.leg.br\\\/apartes-anteriores\\\/\"},{\"@type\":\"ListItem\",\"position\":2,\"name\":\"Revista Apartes\",\"item\":\"https:\\\/\\\/www.saopaulo.sp.leg.br\\\/apartes-anteriores\\\/\"},{\"@type\":\"ListItem\",\"position\":3,\"name\":\"N\u00famero 04 &#8211; dez\\\/2013\",\"item\":\"https:\\\/\\\/www.saopaulo.sp.leg.br\\\/apartes-anteriores\\\/revista-apartes\\\/numero-4-dezembro2013\\\/\"},{\"@type\":\"ListItem\",\"position\":4,\"name\":\"N\u00ba04 &#8211; Com\u00e9rcio\"}]},{\"@type\":\"WebSite\",\"@id\":\"https:\\\/\\\/homolog.saopaulo.sp.leg.br\\\/apartes-anteriores\\\/#website\",\"url\":\"https:\\\/\\\/homolog.saopaulo.sp.leg.br\\\/apartes-anteriores\\\/\",\"name\":\"Revista Apartes (edi\u00e7\u00f5es anteriores)\",\"description\":\"Revista Apartes (edi\u00e7\u00f5es anteriores)\",\"potentialAction\":[{\"@type\":\"SearchAction\",\"target\":{\"@type\":\"EntryPoint\",\"urlTemplate\":\"https:\\\/\\\/homolog.saopaulo.sp.leg.br\\\/apartes-anteriores\\\/?s={search_term_string}\"},\"query-input\":{\"@type\":\"PropertyValueSpecification\",\"valueRequired\":true,\"valueName\":\"search_term_string\"}}],\"inLanguage\":\"pt-BR\"}]}<\/script>\r\n<!-- \/ Yoast SEO plugin. -->","yoast_head_json":{"title":"N\u00ba04 - Com\u00e9rcio - Revista Apartes (edi\u00e7\u00f5es anteriores)","robots":{"index":"noindex","follow":"follow","max-snippet":"max-snippet:-1","max-image-preview":"max-image-preview:large","max-video-preview":"max-video-preview:-1"},"og_locale":"pt_BR","og_type":"article","og_title":"Banca de jornal, bebida, eletr\u00f4nicos...","og_description":"Lei aprovada na C\u00e2mara amplia rol de produtos oferecidos em bancas","og_url":"https:\/\/www.saopaulo.sp.leg.br\/apartes-anteriores\/revista-apartes\/numero-4-dezembro2013\/no04-banca-de-jornal-bebida-eletronicos\/","og_site_name":"Revista Apartes (edi\u00e7\u00f5es anteriores)","article_publisher":"https:\/\/www.facebook.com\/RevistaApartes\/","article_modified_time":"2016-11-30T20:07:06+00:00","og_image":[{"url":"http:\/\/www.saopaulo.sp.leg.br\/apartes-anteriores\/wp-content\/uploads\/sites\/9\/2016\/11\/apartes_n04_43.jpg","type":"","width":"","height":""}],"twitter_card":"summary_large_image","twitter_title":"Banca de jornal, bebida, eletr\u00f4nicos...","twitter_description":"Lei aprovada na C\u00e2mara amplia rol de produtos oferecidos em bancas","twitter_site":"@revistaapartes","twitter_misc":{"Est. tempo de leitura":"2 minutos"},"schema":{"@context":"https:\/\/schema.org","@graph":[{"@type":"WebPage","@id":"https:\/\/www.saopaulo.sp.leg.br\/apartes-anteriores\/revista-apartes\/numero-4-dezembro2013\/no04-banca-de-jornal-bebida-eletronicos\/","url":"https:\/\/www.saopaulo.sp.leg.br\/apartes-anteriores\/revista-apartes\/numero-4-dezembro2013\/no04-banca-de-jornal-bebida-eletronicos\/","name":"N\u00ba04 - Com\u00e9rcio - Revista Apartes (edi\u00e7\u00f5es anteriores)","isPartOf":{"@id":"https:\/\/homolog.saopaulo.sp.leg.br\/apartes-anteriores\/#website"},"primaryImageOfPage":{"@id":"https:\/\/www.saopaulo.sp.leg.br\/apartes-anteriores\/revista-apartes\/numero-4-dezembro2013\/no04-banca-de-jornal-bebida-eletronicos\/#primaryimage"},"image":{"@id":"https:\/\/www.saopaulo.sp.leg.br\/apartes-anteriores\/revista-apartes\/numero-4-dezembro2013\/no04-banca-de-jornal-bebida-eletronicos\/#primaryimage"},"thumbnailUrl":"http:\/\/homolog.saopaulo.sp.leg.br\/apartes-anteriores\/wp-content\/uploads\/sites\/9\/2016\/11\/apartes_n04_43.jpg","datePublished":"2016-11-24T17:16:20+00:00","dateModified":"2016-11-30T20:07:06+00:00","breadcrumb":{"@id":"https:\/\/www.saopaulo.sp.leg.br\/apartes-anteriores\/revista-apartes\/numero-4-dezembro2013\/no04-banca-de-jornal-bebida-eletronicos\/#breadcrumb"},"inLanguage":"pt-BR","potentialAction":[{"@type":"ReadAction","target":["https:\/\/www.saopaulo.sp.leg.br\/apartes-anteriores\/revista-apartes\/numero-4-dezembro2013\/no04-banca-de-jornal-bebida-eletronicos\/"]}]},{"@type":"ImageObject","inLanguage":"pt-BR","@id":"https:\/\/www.saopaulo.sp.leg.br\/apartes-anteriores\/revista-apartes\/numero-4-dezembro2013\/no04-banca-de-jornal-bebida-eletronicos\/#primaryimage","url":"https:\/\/homolog.saopaulo.sp.leg.br\/apartes-anteriores\/wp-content\/uploads\/sites\/9\/2016\/11\/apartes_n04_43.jpg","contentUrl":"https:\/\/homolog.saopaulo.sp.leg.br\/apartes-anteriores\/wp-content\/uploads\/sites\/9\/2016\/11\/apartes_n04_43.jpg","width":1591,"height":922},{"@type":"BreadcrumbList","@id":"https:\/\/www.saopaulo.sp.leg.br\/apartes-anteriores\/revista-apartes\/numero-4-dezembro2013\/no04-banca-de-jornal-bebida-eletronicos\/#breadcrumb","itemListElement":[{"@type":"ListItem","position":1,"name":"Home","item":"https:\/\/www.saopaulo.sp.leg.br\/apartes-anteriores\/"},{"@type":"ListItem","position":2,"name":"Revista Apartes","item":"https:\/\/www.saopaulo.sp.leg.br\/apartes-anteriores\/"},{"@type":"ListItem","position":3,"name":"N\u00famero 04 &#8211; dez\/2013","item":"https:\/\/www.saopaulo.sp.leg.br\/apartes-anteriores\/revista-apartes\/numero-4-dezembro2013\/"},{"@type":"ListItem","position":4,"name":"N\u00ba04 &#8211; Com\u00e9rcio"}]},{"@type":"WebSite","@id":"https:\/\/homolog.saopaulo.sp.leg.br\/apartes-anteriores\/#website","url":"https:\/\/homolog.saopaulo.sp.leg.br\/apartes-anteriores\/","name":"Revista Apartes (edi\u00e7\u00f5es anteriores)","description":"Revista Apartes (edi\u00e7\u00f5es anteriores)","potentialAction":[{"@type":"SearchAction","target":{"@type":"EntryPoint","urlTemplate":"https:\/\/homolog.saopaulo.sp.leg.br\/apartes-anteriores\/?s={search_term_string}"},"query-input":{"@type":"PropertyValueSpecification","valueRequired":true,"valueName":"search_term_string"}}],"inLanguage":"pt-BR"}]}},"_links":{"self":[{"href":"https:\/\/homolog.saopaulo.sp.leg.br\/apartes-anteriores\/wp-json\/wp\/v2\/pages\/38171","targetHints":{"allow":["GET"]}}],"collection":[{"href":"https:\/\/homolog.saopaulo.sp.leg.br\/apartes-anteriores\/wp-json\/wp\/v2\/pages"}],"about":[{"href":"https:\/\/homolog.saopaulo.sp.leg.br\/apartes-anteriores\/wp-json\/wp\/v2\/types\/page"}],"author":[{"embeddable":true,"href":"https:\/\/homolog.saopaulo.sp.leg.br\/apartes-anteriores\/wp-json\/wp\/v2\/users\/109"}],"replies":[{"embeddable":true,"href":"https:\/\/homolog.saopaulo.sp.leg.br\/apartes-anteriores\/wp-json\/wp\/v2\/comments?post=38171"}],"version-history":[{"count":5,"href":"https:\/\/homolog.saopaulo.sp.leg.br\/apartes-anteriores\/wp-json\/wp\/v2\/pages\/38171\/revisions"}],"predecessor-version":[{"id":38490,"href":"https:\/\/homolog.saopaulo.sp.leg.br\/apartes-anteriores\/wp-json\/wp\/v2\/pages\/38171\/revisions\/38490"}],"up":[{"embeddable":true,"href":"https:\/\/homolog.saopaulo.sp.leg.br\/apartes-anteriores\/wp-json\/wp\/v2\/pages\/24332"}],"wp:attachment":[{"href":"https:\/\/homolog.saopaulo.sp.leg.br\/apartes-anteriores\/wp-json\/wp\/v2\/media?parent=38171"}],"curies":[{"name":"wp","href":"https:\/\/api.w.org\/{rel}","templated":true}]}}