{"id":38182,"date":"2016-11-24T15:37:58","date_gmt":"2016-11-24T17:37:58","guid":{"rendered":"http:\/\/homolog.saopaulo.sp.leg.br\/apartes-anteriores\/?page_id=38182"},"modified":"2016-12-16T16:01:56","modified_gmt":"2016-12-16T18:01:56","slug":"no05-palavra-do-presidente","status":"publish","type":"page","link":"https:\/\/homolog.saopaulo.sp.leg.br\/apartes-anteriores\/revista-apartes\/numero-5-janeiro-fevereiro2014\/no05-palavra-do-presidente\/","title":{"rendered":"N\u00ba05 &#8211; Palavra do Presidente"},"content":{"rendered":"<h1><strong><span style=\"color: #800000\">Palavra do Presidente<\/span><\/strong><\/h1>\n<div style=\"float: right;width: 160px;margin-left: 1.5em;margin-bottom: 1.5em\">\n<div style=\"float: right;padding: 5px;background-color: #eee !important\">\n<p><a href=\"http:\/\/homolog.saopaulo.sp.leg.br\/apartes-anteriores\/wp-content\/uploads\/sites\/9\/2016\/11\/apartes_n02_01.jpg\"><img loading=\"lazy\" decoding=\"async\" class=\"aligncenter wp-image-37378\" src=\"http:\/\/homolog.saopaulo.sp.leg.br\/apartes-anteriores\/wp-content\/uploads\/sites\/9\/2016\/11\/apartes_n02_01-242x300.jpg\" width=\"170\" height=\"211\" srcset=\"https:\/\/homolog.saopaulo.sp.leg.br\/apartes-anteriores\/wp-content\/uploads\/sites\/9\/2016\/11\/apartes_n02_01-242x300.jpg 242w, https:\/\/homolog.saopaulo.sp.leg.br\/apartes-anteriores\/wp-content\/uploads\/sites\/9\/2016\/11\/apartes_n02_01-768x951.jpg 768w, https:\/\/homolog.saopaulo.sp.leg.br\/apartes-anteriores\/wp-content\/uploads\/sites\/9\/2016\/11\/apartes_n02_01-827x1024.jpg 827w, https:\/\/homolog.saopaulo.sp.leg.br\/apartes-anteriores\/wp-content\/uploads\/sites\/9\/2016\/11\/apartes_n02_01.jpg 1212w\" sizes=\"auto, (max-width: 170px) 100vw, 170px\" \/><\/a><\/p>\n<p style=\"font-size: 0.8em;line-height: 1.1em;text-align: center;margin: -15px 0px 5px 0px;color: #333;!important;background-color: transparent !important\" align=\"center\">Vereador Jos\u00e9 Am\u00e9rico<br \/>\nPresidente da CMSP<\/p>\n<\/div>\n<p style=\"font-size: 0.5em;line-height: 1.1em;text-align: right;margin: 4px 0px 0px 0px;background-color: transparent !important\">Equipe de Eventos\/CMSP<\/p>\n<\/div>\n<p>No final do ano passado, gra\u00e7as ao voto e \u00e0 confian\u00e7a dos vereadores da C\u00e2mara Municipal de S\u00e3o Paulo (CMSP), fui escolhido para presidir a Mesa Diretora novamente. Dessa forma, durante 2014 estarei \u00e0 frente do comando desta Casa, juntamente com os vereadores Marta Costa (primeira vice-presidenta), George Hato (segundo vice-presidente), Claudinho de Souza (primeiro secret\u00e1rio) e Conte Lopes (segundo secret\u00e1rio). A Corregedoria ser\u00e1 de responsabilidade da vereadora Sandra Tadeu.<\/p>\n<p>Na primeira edi\u00e7\u00e3o deste ano da <strong>Apartes<\/strong>, destaque para mais um relat\u00f3rio final de um trabalho desenvolvido pe-la combatente Comiss\u00e3o Municipal da Verdade Vladimir Herzog. A parceria entre a Comiss\u00e3o e esta revista, que no ano passado resultou em uma reportagem premiada com men\u00e7\u00e3o honrosa no Pr\u00eamio Vladimir Herzog de Jornalismo, desta vez aborda o epis\u00f3dio da morte do ex-presidente Juscelino Kubitschek. As investiga\u00e7\u00f5es dos vereadores apontam que, diferentemente da vers\u00e3o oficial de acidente, JK foi, na verdade, assassinado pela ditadura militar. Os detalhes dessa reviravolta na hist\u00f3ria est\u00e3o na mat\u00e9ria <em>Emboscada para JK<\/em>.<\/p>\n<p>Outras duas comiss\u00f5es da C\u00e2mara Municipal s\u00e3o temas de reportagens deste n\u00famero. A Comiss\u00e3o Parlamentar de Inqu\u00e9rito (CPI) que investigou irregularidades nos estacionamentos da capital concluiu que a maioria desses estabelecimentos est\u00e1 irregular n\u00e3o paga impostos e alguns ocupam espa\u00e7os p\u00fablicos irregularmente. A CPI tamb\u00e9m investigou a atua\u00e7\u00e3o de flanelinhas pela cidade, que intimidam motoristas e prestam um servi\u00e7o de forma ilegal. Como parte da solu\u00e7\u00e3o, os vereadores querem facilitar a emiss\u00e3o de licen\u00e7as de funcionamento.<\/p>\n<p>A outra CPI que finalizou seus trabalhos no ano passado tratou de uma realidade paulistana e brasileira que nos entristece muito: a explora\u00e7\u00e3o sexual infantil. Os membros da comiss\u00e3o realizaram v\u00e1rias dilig\u00eancias por toda a cidade, ouviram testemunhas e elaboraram o relat\u00f3rio final, apontando o problema e sugerindo solu\u00e7\u00f5es para que um dia possamos acabar com essa situa\u00e7\u00e3o vergonhosa.<\/p>\n<p>Por fim, ressalto tamb\u00e9m um texto que \u00e9 uma homenagem a uma comunidade de imigrantes que tem enorme responsabilidade na constru\u00e7\u00e3o da cidade de S\u00e3o Paulo: o perfil de Yukishigue Tamura, o primeiro vereador de origem japonesa desta C\u00e2mara. Um fato hist\u00f3rico, j\u00e1 que Tamura, ao ser eleito parlamentar nesta Casa, tornou-se tamb\u00e9m o primeiro pol\u00edtico descendente de japoneses a se eleger para um cargo fora do Jap\u00e3o.<\/p>\n<p>Um excelente ano e uma \u00f3tima leitura a todos!<\/p>\n","protected":false},"excerpt":{"rendered":"<p>Palavra do Presidente Vereador Jos\u00e9 Am\u00e9rico Presidente da CMSP Equipe de Eventos\/CMSP No final do ano passado, gra\u00e7as ao voto e \u00e0 confian\u00e7a dos vereadores da C\u00e2mara Municipal de S\u00e3o Paulo (CMSP), fui escolhido para presidir a Mesa Diretora novamente. Dessa forma, durante 2014 estarei \u00e0 frente do comando desta Casa, juntamente com os vereadores [&hellip;]<\/p>\n","protected":false},"author":109,"featured_media":0,"parent":24330,"menu_order":0,"comment_status":"closed","ping_status":"closed","template":"","meta":{"footnotes":""},"class_list":["post-38182","page","type-page","status-publish","hentry"],"meta_all":{"_edit_lock":["1481911422:109"],"_edit_last":["109"],"_wp_page_template":["default"],"_yoast_wpseo_opengraph-title":["Palavra do Presidente"],"_yoast_wpseo_opengraph-description":["Revista Apartes"],"_yoast_wpseo_twitter-title":["Palavra do Presidente"],"_yoast_wpseo_twitter-description":["Revista Apartes"],"_yoast_wpseo_content_score":["30"],"_cmsp_page_download-files":["a:1:{i:0;a:1:{s:4:\"type\";s:3:\"pdf\";}}"]},"meta_all_2":{"_edit_lock":["1481911422:109"],"_edit_last":["109"],"_wp_page_template":["default"],"_yoast_wpseo_opengraph-title":["Palavra do Presidente"],"_yoast_wpseo_opengraph-description":["Revista Apartes"],"_yoast_wpseo_twitter-title":["Palavra do Presidente"],"_yoast_wpseo_twitter-description":["Revista Apartes"],"_yoast_wpseo_content_score":["30"],"_cmsp_page_download-files":["a:1:{i:0;a:1:{s:4:\"type\";s:3:\"pdf\";}}"]},"yoast_head":"<!-- This site is optimized with the Yoast SEO plugin v27.4 - https:\/\/yoast.com\/product\/yoast-seo-wordpress\/ -->\r\n<title>N\u00ba05 - Palavra do Presidente - Revista Apartes (edi\u00e7\u00f5es anteriores)<\/title>\r\n<meta name=\"robots\" content=\"noindex, follow, max-snippet:-1, max-image-preview:large, max-video-preview:-1\" \/>\r\n<meta property=\"og:locale\" content=\"pt_BR\" \/>\r\n<meta property=\"og:type\" content=\"article\" \/>\r\n<meta property=\"og:title\" content=\"Palavra do Presidente\" \/>\r\n<meta property=\"og:description\" content=\"Revista Apartes\" \/>\r\n<meta property=\"og:url\" content=\"https:\/\/www.saopaulo.sp.leg.br\/apartes-anteriores\/revista-apartes\/numero-5-janeiro-fevereiro2014\/no05-palavra-do-presidente\/\" \/>\r\n<meta property=\"og:site_name\" content=\"Revista Apartes (edi\u00e7\u00f5es anteriores)\" \/>\r\n<meta property=\"article:publisher\" content=\"https:\/\/www.facebook.com\/RevistaApartes\/\" \/>\r\n<meta property=\"article:modified_time\" content=\"2016-12-16T18:01:56+00:00\" \/>\r\n<meta property=\"og:image\" content=\"http:\/\/www.saopaulo.sp.leg.br\/apartes-anteriores\/wp-content\/uploads\/sites\/9\/2016\/11\/apartes_n02_01-242x300.jpg\" \/>\r\n<meta name=\"twitter:card\" content=\"summary_large_image\" \/>\r\n<meta name=\"twitter:title\" content=\"Palavra do Presidente\" \/>\r\n<meta name=\"twitter:description\" content=\"Revista Apartes\" \/>\r\n<meta name=\"twitter:site\" content=\"@revistaapartes\" \/>\r\n<meta name=\"twitter:label1\" content=\"Est. tempo de leitura\" \/>\n\t<meta name=\"twitter:data1\" content=\"2 minutos\" \/>\r\n<script type=\"application\/ld+json\" class=\"yoast-schema-graph\">{\"@context\":\"https:\\\/\\\/schema.org\",\"@graph\":[{\"@type\":\"WebPage\",\"@id\":\"https:\\\/\\\/www.saopaulo.sp.leg.br\\\/apartes-anteriores\\\/revista-apartes\\\/numero-5-janeiro-fevereiro2014\\\/no05-palavra-do-presidente\\\/\",\"url\":\"https:\\\/\\\/www.saopaulo.sp.leg.br\\\/apartes-anteriores\\\/revista-apartes\\\/numero-5-janeiro-fevereiro2014\\\/no05-palavra-do-presidente\\\/\",\"name\":\"N\u00ba05 - Palavra do Presidente - Revista Apartes (edi\u00e7\u00f5es anteriores)\",\"isPartOf\":{\"@id\":\"https:\\\/\\\/homolog.saopaulo.sp.leg.br\\\/apartes-anteriores\\\/#website\"},\"primaryImageOfPage\":{\"@id\":\"https:\\\/\\\/www.saopaulo.sp.leg.br\\\/apartes-anteriores\\\/revista-apartes\\\/numero-5-janeiro-fevereiro2014\\\/no05-palavra-do-presidente\\\/#primaryimage\"},\"image\":{\"@id\":\"https:\\\/\\\/www.saopaulo.sp.leg.br\\\/apartes-anteriores\\\/revista-apartes\\\/numero-5-janeiro-fevereiro2014\\\/no05-palavra-do-presidente\\\/#primaryimage\"},\"thumbnailUrl\":\"http:\\\/\\\/homolog.saopaulo.sp.leg.br\\\/apartes-anteriores\\\/wp-content\\\/uploads\\\/sites\\\/9\\\/2016\\\/11\\\/apartes_n02_01-242x300.jpg\",\"datePublished\":\"2016-11-24T17:37:58+00:00\",\"dateModified\":\"2016-12-16T18:01:56+00:00\",\"breadcrumb\":{\"@id\":\"https:\\\/\\\/www.saopaulo.sp.leg.br\\\/apartes-anteriores\\\/revista-apartes\\\/numero-5-janeiro-fevereiro2014\\\/no05-palavra-do-presidente\\\/#breadcrumb\"},\"inLanguage\":\"pt-BR\",\"potentialAction\":[{\"@type\":\"ReadAction\",\"target\":[\"https:\\\/\\\/www.saopaulo.sp.leg.br\\\/apartes-anteriores\\\/revista-apartes\\\/numero-5-janeiro-fevereiro2014\\\/no05-palavra-do-presidente\\\/\"]}]},{\"@type\":\"ImageObject\",\"inLanguage\":\"pt-BR\",\"@id\":\"https:\\\/\\\/www.saopaulo.sp.leg.br\\\/apartes-anteriores\\\/revista-apartes\\\/numero-5-janeiro-fevereiro2014\\\/no05-palavra-do-presidente\\\/#primaryimage\",\"url\":\"https:\\\/\\\/homolog.saopaulo.sp.leg.br\\\/apartes-anteriores\\\/wp-content\\\/uploads\\\/sites\\\/9\\\/2016\\\/11\\\/apartes_n02_01.jpg\",\"contentUrl\":\"https:\\\/\\\/homolog.saopaulo.sp.leg.br\\\/apartes-anteriores\\\/wp-content\\\/uploads\\\/sites\\\/9\\\/2016\\\/11\\\/apartes_n02_01.jpg\",\"width\":1212,\"height\":1501},{\"@type\":\"BreadcrumbList\",\"@id\":\"https:\\\/\\\/www.saopaulo.sp.leg.br\\\/apartes-anteriores\\\/revista-apartes\\\/numero-5-janeiro-fevereiro2014\\\/no05-palavra-do-presidente\\\/#breadcrumb\",\"itemListElement\":[{\"@type\":\"ListItem\",\"position\":1,\"name\":\"Home\",\"item\":\"https:\\\/\\\/www.saopaulo.sp.leg.br\\\/apartes-anteriores\\\/\"},{\"@type\":\"ListItem\",\"position\":2,\"name\":\"Revista Apartes\",\"item\":\"https:\\\/\\\/www.saopaulo.sp.leg.br\\\/apartes-anteriores\\\/\"},{\"@type\":\"ListItem\",\"position\":3,\"name\":\"N\u00famero 05 &#8211; jan-fev\\\/2014\",\"item\":\"https:\\\/\\\/www.saopaulo.sp.leg.br\\\/apartes-anteriores\\\/revista-apartes\\\/numero-5-janeiro-fevereiro2014\\\/\"},{\"@type\":\"ListItem\",\"position\":4,\"name\":\"N\u00ba05 &#8211; Palavra do Presidente\"}]},{\"@type\":\"WebSite\",\"@id\":\"https:\\\/\\\/homolog.saopaulo.sp.leg.br\\\/apartes-anteriores\\\/#website\",\"url\":\"https:\\\/\\\/homolog.saopaulo.sp.leg.br\\\/apartes-anteriores\\\/\",\"name\":\"Revista Apartes (edi\u00e7\u00f5es anteriores)\",\"description\":\"Revista Apartes (edi\u00e7\u00f5es anteriores)\",\"potentialAction\":[{\"@type\":\"SearchAction\",\"target\":{\"@type\":\"EntryPoint\",\"urlTemplate\":\"https:\\\/\\\/homolog.saopaulo.sp.leg.br\\\/apartes-anteriores\\\/?s={search_term_string}\"},\"query-input\":{\"@type\":\"PropertyValueSpecification\",\"valueRequired\":true,\"valueName\":\"search_term_string\"}}],\"inLanguage\":\"pt-BR\"}]}<\/script>\r\n<!-- \/ Yoast SEO plugin. -->","yoast_head_json":{"title":"N\u00ba05 - Palavra do Presidente - Revista Apartes (edi\u00e7\u00f5es anteriores)","robots":{"index":"noindex","follow":"follow","max-snippet":"max-snippet:-1","max-image-preview":"max-image-preview:large","max-video-preview":"max-video-preview:-1"},"og_locale":"pt_BR","og_type":"article","og_title":"Palavra do Presidente","og_description":"Revista Apartes","og_url":"https:\/\/www.saopaulo.sp.leg.br\/apartes-anteriores\/revista-apartes\/numero-5-janeiro-fevereiro2014\/no05-palavra-do-presidente\/","og_site_name":"Revista Apartes (edi\u00e7\u00f5es anteriores)","article_publisher":"https:\/\/www.facebook.com\/RevistaApartes\/","article_modified_time":"2016-12-16T18:01:56+00:00","og_image":[{"url":"http:\/\/www.saopaulo.sp.leg.br\/apartes-anteriores\/wp-content\/uploads\/sites\/9\/2016\/11\/apartes_n02_01-242x300.jpg","type":"","width":"","height":""}],"twitter_card":"summary_large_image","twitter_title":"Palavra do Presidente","twitter_description":"Revista Apartes","twitter_site":"@revistaapartes","twitter_misc":{"Est. tempo de leitura":"2 minutos"},"schema":{"@context":"https:\/\/schema.org","@graph":[{"@type":"WebPage","@id":"https:\/\/www.saopaulo.sp.leg.br\/apartes-anteriores\/revista-apartes\/numero-5-janeiro-fevereiro2014\/no05-palavra-do-presidente\/","url":"https:\/\/www.saopaulo.sp.leg.br\/apartes-anteriores\/revista-apartes\/numero-5-janeiro-fevereiro2014\/no05-palavra-do-presidente\/","name":"N\u00ba05 - Palavra do Presidente - Revista Apartes (edi\u00e7\u00f5es anteriores)","isPartOf":{"@id":"https:\/\/homolog.saopaulo.sp.leg.br\/apartes-anteriores\/#website"},"primaryImageOfPage":{"@id":"https:\/\/www.saopaulo.sp.leg.br\/apartes-anteriores\/revista-apartes\/numero-5-janeiro-fevereiro2014\/no05-palavra-do-presidente\/#primaryimage"},"image":{"@id":"https:\/\/www.saopaulo.sp.leg.br\/apartes-anteriores\/revista-apartes\/numero-5-janeiro-fevereiro2014\/no05-palavra-do-presidente\/#primaryimage"},"thumbnailUrl":"http:\/\/homolog.saopaulo.sp.leg.br\/apartes-anteriores\/wp-content\/uploads\/sites\/9\/2016\/11\/apartes_n02_01-242x300.jpg","datePublished":"2016-11-24T17:37:58+00:00","dateModified":"2016-12-16T18:01:56+00:00","breadcrumb":{"@id":"https:\/\/www.saopaulo.sp.leg.br\/apartes-anteriores\/revista-apartes\/numero-5-janeiro-fevereiro2014\/no05-palavra-do-presidente\/#breadcrumb"},"inLanguage":"pt-BR","potentialAction":[{"@type":"ReadAction","target":["https:\/\/www.saopaulo.sp.leg.br\/apartes-anteriores\/revista-apartes\/numero-5-janeiro-fevereiro2014\/no05-palavra-do-presidente\/"]}]},{"@type":"ImageObject","inLanguage":"pt-BR","@id":"https:\/\/www.saopaulo.sp.leg.br\/apartes-anteriores\/revista-apartes\/numero-5-janeiro-fevereiro2014\/no05-palavra-do-presidente\/#primaryimage","url":"https:\/\/homolog.saopaulo.sp.leg.br\/apartes-anteriores\/wp-content\/uploads\/sites\/9\/2016\/11\/apartes_n02_01.jpg","contentUrl":"https:\/\/homolog.saopaulo.sp.leg.br\/apartes-anteriores\/wp-content\/uploads\/sites\/9\/2016\/11\/apartes_n02_01.jpg","width":1212,"height":1501},{"@type":"BreadcrumbList","@id":"https:\/\/www.saopaulo.sp.leg.br\/apartes-anteriores\/revista-apartes\/numero-5-janeiro-fevereiro2014\/no05-palavra-do-presidente\/#breadcrumb","itemListElement":[{"@type":"ListItem","position":1,"name":"Home","item":"https:\/\/www.saopaulo.sp.leg.br\/apartes-anteriores\/"},{"@type":"ListItem","position":2,"name":"Revista Apartes","item":"https:\/\/www.saopaulo.sp.leg.br\/apartes-anteriores\/"},{"@type":"ListItem","position":3,"name":"N\u00famero 05 &#8211; jan-fev\/2014","item":"https:\/\/www.saopaulo.sp.leg.br\/apartes-anteriores\/revista-apartes\/numero-5-janeiro-fevereiro2014\/"},{"@type":"ListItem","position":4,"name":"N\u00ba05 &#8211; Palavra do Presidente"}]},{"@type":"WebSite","@id":"https:\/\/homolog.saopaulo.sp.leg.br\/apartes-anteriores\/#website","url":"https:\/\/homolog.saopaulo.sp.leg.br\/apartes-anteriores\/","name":"Revista Apartes (edi\u00e7\u00f5es anteriores)","description":"Revista Apartes (edi\u00e7\u00f5es anteriores)","potentialAction":[{"@type":"SearchAction","target":{"@type":"EntryPoint","urlTemplate":"https:\/\/homolog.saopaulo.sp.leg.br\/apartes-anteriores\/?s={search_term_string}"},"query-input":{"@type":"PropertyValueSpecification","valueRequired":true,"valueName":"search_term_string"}}],"inLanguage":"pt-BR"}]}},"_links":{"self":[{"href":"https:\/\/homolog.saopaulo.sp.leg.br\/apartes-anteriores\/wp-json\/wp\/v2\/pages\/38182","targetHints":{"allow":["GET"]}}],"collection":[{"href":"https:\/\/homolog.saopaulo.sp.leg.br\/apartes-anteriores\/wp-json\/wp\/v2\/pages"}],"about":[{"href":"https:\/\/homolog.saopaulo.sp.leg.br\/apartes-anteriores\/wp-json\/wp\/v2\/types\/page"}],"author":[{"embeddable":true,"href":"https:\/\/homolog.saopaulo.sp.leg.br\/apartes-anteriores\/wp-json\/wp\/v2\/users\/109"}],"replies":[{"embeddable":true,"href":"https:\/\/homolog.saopaulo.sp.leg.br\/apartes-anteriores\/wp-json\/wp\/v2\/comments?post=38182"}],"version-history":[{"count":5,"href":"https:\/\/homolog.saopaulo.sp.leg.br\/apartes-anteriores\/wp-json\/wp\/v2\/pages\/38182\/revisions"}],"predecessor-version":[{"id":38665,"href":"https:\/\/homolog.saopaulo.sp.leg.br\/apartes-anteriores\/wp-json\/wp\/v2\/pages\/38182\/revisions\/38665"}],"up":[{"embeddable":true,"href":"https:\/\/homolog.saopaulo.sp.leg.br\/apartes-anteriores\/wp-json\/wp\/v2\/pages\/24330"}],"wp:attachment":[{"href":"https:\/\/homolog.saopaulo.sp.leg.br\/apartes-anteriores\/wp-json\/wp\/v2\/media?parent=38182"}],"curies":[{"name":"wp","href":"https:\/\/api.w.org\/{rel}","templated":true}]}}