{"id":38185,"date":"2016-11-24T16:09:32","date_gmt":"2016-11-24T18:09:32","guid":{"rendered":"http:\/\/homolog.saopaulo.sp.leg.br\/apartes-anteriores\/?page_id=38185"},"modified":"2016-12-16T16:21:45","modified_gmt":"2016-12-16T18:21:45","slug":"no05-notas","status":"publish","type":"page","link":"https:\/\/homolog.saopaulo.sp.leg.br\/apartes-anteriores\/revista-apartes\/numero-5-janeiro-fevereiro2014\/no05-notas\/","title":{"rendered":"N\u00ba05 &#8211; Notas"},"content":{"rendered":"<h3><strong>Lei sobre comida de rua \u00e9 sancionada<\/strong><\/h3>\n<p><!-- imagem TOTAL - com legenda - CENTRALIZADA --><\/p>\n<div style=\"width: 100%;margin-right: 1.5em;margin-bottom: 1.5em\">\n<div style=\"padding: 5px;background-color: #eee !important\">\n<p><a href=\"http:\/\/homolog.saopaulo.sp.leg.br\/apartes-anteriores\/wp-content\/uploads\/sites\/9\/2016\/11\/apartes_n05_04.jpg\"><img loading=\"lazy\" decoding=\"async\" class=\"aligncenter wp-image-38193 size-full\" src=\"http:\/\/homolog.saopaulo.sp.leg.br\/apartes-anteriores\/wp-content\/uploads\/sites\/9\/2016\/11\/apartes_n05_04.jpg\" width=\"652\" height=\"1116\" srcset=\"https:\/\/homolog.saopaulo.sp.leg.br\/apartes-anteriores\/wp-content\/uploads\/sites\/9\/2016\/11\/apartes_n05_04.jpg 652w, https:\/\/homolog.saopaulo.sp.leg.br\/apartes-anteriores\/wp-content\/uploads\/sites\/9\/2016\/11\/apartes_n05_04-175x300.jpg 175w, https:\/\/homolog.saopaulo.sp.leg.br\/apartes-anteriores\/wp-content\/uploads\/sites\/9\/2016\/11\/apartes_n05_04-598x1024.jpg 598w\" sizes=\"auto, (max-width: 652px) 100vw, 652px\" \/><\/a><\/p>\n<p style=\"font-size: 0.8em;line-height: 1.1em;text-align: center;margin: -1.5em 0px 7px 0px;color: #333;!important;background-color: transparent !important\" align=\"center\">Legisla\u00e7\u00e3o prev\u00ea regras para com\u00e9rcio ambulante<\/p>\n<\/div>\n<p style=\"font-size: 0.5em;line-height: 1.1em;text-align: right;margin: 4px 0px 7px 0px;background-color: transparent !important\">\u00c2ngelo Dantas\/CMSP<\/p>\n<\/div>\n<p><!-- imagem TOTAL - com legenda - CENTRALIZADA --><\/p>\n<p>O prefeito Fernando Haddad (PT) sancionou, em dezembro, a Lei 15.947\/2013, que regulamenta a comercializa\u00e7\u00e3o e a distribui\u00e7\u00e3o gratuita de comida nas ruas da cidade. A nova legisla\u00e7\u00e3o prev\u00ea as regras para utiliza\u00e7\u00e3o de barracas desmont\u00e1veis, carrinhos e ve\u00edculos automotores, tamb\u00e9m chamados de <em>food trucks<\/em>.<\/p>\n<p>Um dos pontos da lei permite a venda de bebidas alco\u00f3licas em vias p\u00fablicas apenas em eventos, com a autoriza\u00e7\u00e3o espec\u00edfica da Prefeitura. A comida de rua da capital paulista foi assunto da edi\u00e7\u00e3o de novembro\/2013 da <strong>Apartes<\/strong>.<\/p>\n<h3><strong>Espanhol participa de debate sobre transporte p\u00fablico<\/strong><\/h3>\n<p><!-- imagem GRANDE - com legenda - LADO ESQUERDO --><\/p>\n<div style=\"float: left;width: 310px;margin-right: 1.5em;margin-bottom: 1.5em\">\n<div style=\"float: left;padding: 5px;background-color: #eee !important\">\n<p><a href=\"http:\/\/homolog.saopaulo.sp.leg.br\/apartes-anteriores\/wp-content\/uploads\/sites\/9\/2016\/11\/apartes_n05_02.jpg\"><img loading=\"lazy\" decoding=\"async\" class=\"aligncenter wp-image-38191 size-medium\" src=\"http:\/\/homolog.saopaulo.sp.leg.br\/apartes-anteriores\/wp-content\/uploads\/sites\/9\/2016\/11\/apartes_n05_02-300x277.jpg\" width=\"300\" height=\"277\" srcset=\"https:\/\/homolog.saopaulo.sp.leg.br\/apartes-anteriores\/wp-content\/uploads\/sites\/9\/2016\/11\/apartes_n05_02-300x277.jpg 300w, https:\/\/homolog.saopaulo.sp.leg.br\/apartes-anteriores\/wp-content\/uploads\/sites\/9\/2016\/11\/apartes_n05_02-768x710.jpg 768w, https:\/\/homolog.saopaulo.sp.leg.br\/apartes-anteriores\/wp-content\/uploads\/sites\/9\/2016\/11\/apartes_n05_02-1024x946.jpg 1024w, https:\/\/homolog.saopaulo.sp.leg.br\/apartes-anteriores\/wp-content\/uploads\/sites\/9\/2016\/11\/apartes_n05_02.jpg 1340w\" sizes=\"auto, (max-width: 300px) 100vw, 300px\" \/><\/a><\/p>\n<p style=\"font-size: 0.8em;line-height: 1.1em;text-align: center;margin: -1.5em 0px 7px 0px;color: #333;!important;background-color: transparent !important\" align=\"center\">Mesa-redonda trouxe exemplos da Espanha e de Minas Gerais<\/p>\n<\/div>\n<p style=\"font-size: 0.5em;line-height: 1.1em;text-align: right;margin: 4px 0px 7px 0px;background-color: transparent !important\">F\u00e1bio Lazzari\/CMSP<\/p>\n<\/div>\n<p><!-- imagem GRANDE - com legenda - LADO ESQUERDO --><\/p>\n<p>Com o tema Novo modelo de gest\u00e3o do transporte coletivo, a Comiss\u00e3o Parlamentar de Inqu\u00e9rito (CPI) do Transporte Coletivo da CMSP realizou uma mesa-redonda, em 13 de dezembro, que teve como convidados o espanhol Sergio Fern\u00e1ndez Balaguer, chefe de projetos de coopera\u00e7\u00e3o internacional da Empresa Municipal de Transportes (EMT, uma esp\u00e9cie de SPTrans de Madri), e Daniel Marx Couto, diretor de Planejamento, Desenvolvimento e Implanta\u00e7\u00e3o de Projetos da BHTrans, de Belo Horizonte.<\/p>\n<p>Ambos destacaram a import\u00e2ncia da tecnologia como ferramenta para melhorar a qualidade e o relacionamento do cidad\u00e3o com o transporte p\u00fablico. Segundo Fern\u00e1ndez, redes sociais e aplicativos de celular s\u00e3o ferramentas utilizadas com frequ\u00eancia pela EMT para se comunicar com os usu\u00e1rios do servi\u00e7o. J\u00e1 Couto disse que os \u00f4nibus de Belo Horizonte usam um sistema de fiscaliza\u00e7\u00e3o eletr\u00f4nica para monitorar a pontualidade e a lota\u00e7\u00e3o dos ve\u00edculos, crit\u00e9rios utilizados para garantir a remunera\u00e7\u00e3o \u00e0s empresas.<\/p>\n<h3><strong>Guarda Civil ter\u00e1 aposentadoria especial<\/strong><\/h3>\n<p>A C\u00e2mara Municipal aprovou, em dezembro, projeto que concede aposentadoria especial para os membros da Guarda Civil Metropolitana (GCM). O Projeto de Emenda \u00e0 Lei Org\u00e2nica (PLO) 16\/2011, dos vereadores Abou Anni (PV) e Edir Sales (PSD), foi provado por unanimidade.<\/p>\n<p>Com a mudan\u00e7a, os guardas municipais poder\u00e3o se aposentar com sal\u00e1rio integral ap\u00f3s 30 anos de contribui\u00e7\u00e3o e pelo menos 20 anos na GCM (homens) e 25 anos de contribui\u00e7\u00e3o e 15 na corpora\u00e7\u00e3o (mulheres).<\/p>\n<p>Por ser uma emenda \u00e0 lei org\u00e2nica, o projeto n\u00e3o precisa passar pela san\u00e7\u00e3o do Executivo e foi promulgado pelo presidente da C\u00e2mara, Jos\u00e9 Am\u00e9rico (PT).<\/p>\n<h3><strong>Educa\u00e7\u00e3o especial para superdotados torna-se lei<\/strong><\/h3>\n<p>Abordado na edi\u00e7\u00e3o anterior da <strong>Apartes<\/strong>, o Projeto de Lei 352\/2012 foi aprovado pelos vereadores e tornou-se a Lei 15.919\/2013, que garante educa\u00e7\u00e3o especializada para alunos da rede municipal de ensino identificados com altas habilidades, os superdotados.<\/p>\n<p>A iniciativa, sancionada pelo Executivo, determina que estudantes com elevada potencialidade intelectual e aptid\u00e3o especial para artes, entre outros talentos, ter\u00e3o acesso a curr\u00edculos e recursos educativos diferenciados, adequados \u00e0s suas necessidades.<\/p>\n<p>O atendimento especial ter\u00e1 in\u00edcio na educa\u00e7\u00e3o infantil e dever\u00e1 ser estendido por toda a vida escolar. A previs\u00e3o para a implanta\u00e7\u00e3o gradativa da educa\u00e7\u00e3o especializada \u00e9 de cinco anos.<\/p>\n<h3><strong>Lei do Pancad\u00e3o \u00e9 regulamentada<\/strong><\/h3>\n<p><!-- imagem MEDIA - com legenda - LADO DIREITO --><\/p>\n<div style=\"float: right;width: 310px;margin-left: 1.5em;margin-bottom: 1.5em\">\n<div style=\"float: right;padding: 5px;background-color: #eee !important\">\n<p><a href=\"http:\/\/homolog.saopaulo.sp.leg.br\/apartes-anteriores\/wp-content\/uploads\/sites\/9\/2016\/11\/apartes_n05_03.jpg\"><img loading=\"lazy\" decoding=\"async\" class=\"aligncenter wp-image-38192 size-medium\" src=\"http:\/\/homolog.saopaulo.sp.leg.br\/apartes-anteriores\/wp-content\/uploads\/sites\/9\/2016\/11\/apartes_n05_03-300x227.jpg\" width=\"300\" height=\"227\" srcset=\"https:\/\/homolog.saopaulo.sp.leg.br\/apartes-anteriores\/wp-content\/uploads\/sites\/9\/2016\/11\/apartes_n05_03-300x227.jpg 300w, https:\/\/homolog.saopaulo.sp.leg.br\/apartes-anteriores\/wp-content\/uploads\/sites\/9\/2016\/11\/apartes_n05_03-768x580.jpg 768w, https:\/\/homolog.saopaulo.sp.leg.br\/apartes-anteriores\/wp-content\/uploads\/sites\/9\/2016\/11\/apartes_n05_03-1024x773.jpg 1024w, https:\/\/homolog.saopaulo.sp.leg.br\/apartes-anteriores\/wp-content\/uploads\/sites\/9\/2016\/11\/apartes_n05_03.jpg 1071w\" sizes=\"auto, (max-width: 300px) 100vw, 300px\" \/><\/a><\/p>\n<p style=\"font-size: 0.8em;line-height: 1.1em;text-align: center;margin: -1.5em 0px 7px 0px;color: #333;!important;background-color: transparent !important\" align=\"center\">Som alto levar\u00e1 multa e carro pode ser apreendido<\/p>\n<\/div>\n<p style=\"font-size: 0.5em;line-height: 1.1em;text-align: right;margin: 4px 0px 7px 0px;background-color: transparent !important\">Gute Garbelotto\/CMSP<\/p>\n<\/div>\n<p><!-- imagem MEDIA - com legenda - LADO DIREITO --><\/p>\n<p>A Lei 15.777\/2013, conhecida como Lei do Pancad\u00e3o, criada e aprovada pelos vereadores paulistanos em maio passado e tema de mat\u00e9ria da <strong>Apartes<\/strong> de dezembro passado, foi regulamentada pela Prefeitura (decreto 54.734\/2013).<\/p>\n<p>Segundo o documento, a responsabilidade pela fiscaliza\u00e7\u00e3o ficar\u00e1 aos cuidados da Divis\u00e3o T\u00e9cnica de Fiscaliza\u00e7\u00e3o do Programa de Sil\u00eancio Urbano (Psiu) e da Secretaria Municipal de Coordena\u00e7\u00e3o das Subprefeituras (SMSP).<\/p>\n<p>A partir da regulamenta\u00e7\u00e3o, podem ser multados, em valores que v\u00e3o de R$ 1 mil a R$ 4 mil, aparelhos de som de ve\u00edculos estacionados em \u00e1reas p\u00fablicas ou particulares que emitirem ru\u00eddos sonoros considerados de alto n\u00edvel, especialmente \u00e0 noite. Se houver descumprimento da ordem para diminuir o volume do som, o aparelho ou at\u00e9 o ve\u00edculo poder\u00e3o ser apreendidos.<\/p>\n<p>A avalia\u00e7\u00e3o do n\u00edvel do barulho ser\u00e1 feita de acordo com as especifica\u00e7\u00f5es da Associa\u00e7\u00e3o Brasileira de Normas T\u00e9cnicas (ABNT) para c\u00e1lculo de ru\u00eddo em \u00e1reas habitadas. Os limites em \u00e1reas estritamente residenciais s\u00e3o de 50 decib\u00e9is das 7h \u00e0s 22h e de 45 decib\u00e9is para o restante do dia.<\/p>\n","protected":false},"excerpt":{"rendered":"<p>Lei sobre comida de rua \u00e9 sancionada Legisla\u00e7\u00e3o prev\u00ea regras para com\u00e9rcio ambulante \u00c2ngelo Dantas\/CMSP O prefeito Fernando Haddad (PT) sancionou, em dezembro, a Lei 15.947\/2013, que regulamenta a comercializa\u00e7\u00e3o e a distribui\u00e7\u00e3o gratuita de comida nas ruas da cidade. A nova legisla\u00e7\u00e3o prev\u00ea as regras para utiliza\u00e7\u00e3o de barracas desmont\u00e1veis, carrinhos e ve\u00edculos automotores, [&hellip;]<\/p>\n","protected":false},"author":109,"featured_media":0,"parent":24330,"menu_order":0,"comment_status":"closed","ping_status":"closed","template":"","meta":{"footnotes":""},"class_list":["post-38185","page","type-page","status-publish","hentry"],"meta_all":{"_edit_lock":["1481912582:109"],"_edit_last":["109"],"_wp_page_template":["default"],"_yoast_wpseo_opengraph-title":["Notas"],"_yoast_wpseo_opengraph-description":["Revista Apartes"],"_yoast_wpseo_twitter-title":["Notas"],"_yoast_wpseo_twitter-description":["Revista Apartes"],"_yoast_wpseo_content_score":["60"],"_cmsp_page_download-files":["a:1:{i:0;a:1:{s:4:\"type\";s:3:\"pdf\";}}"]},"meta_all_2":{"_edit_lock":["1481912582:109"],"_edit_last":["109"],"_wp_page_template":["default"],"_yoast_wpseo_opengraph-title":["Notas"],"_yoast_wpseo_opengraph-description":["Revista Apartes"],"_yoast_wpseo_twitter-title":["Notas"],"_yoast_wpseo_twitter-description":["Revista Apartes"],"_yoast_wpseo_content_score":["60"],"_cmsp_page_download-files":["a:1:{i:0;a:1:{s:4:\"type\";s:3:\"pdf\";}}"]},"yoast_head":"<!-- This site is optimized with the Yoast SEO plugin v27.4 - https:\/\/yoast.com\/product\/yoast-seo-wordpress\/ -->\r\n<title>N\u00ba05 - Notas - Revista Apartes (edi\u00e7\u00f5es anteriores)<\/title>\r\n<meta name=\"robots\" content=\"noindex, follow, max-snippet:-1, max-image-preview:large, max-video-preview:-1\" \/>\r\n<meta property=\"og:locale\" content=\"pt_BR\" \/>\r\n<meta property=\"og:type\" content=\"article\" \/>\r\n<meta property=\"og:title\" content=\"Notas\" \/>\r\n<meta property=\"og:description\" content=\"Revista Apartes\" \/>\r\n<meta property=\"og:url\" content=\"https:\/\/www.saopaulo.sp.leg.br\/apartes-anteriores\/revista-apartes\/numero-5-janeiro-fevereiro2014\/no05-notas\/\" \/>\r\n<meta property=\"og:site_name\" content=\"Revista Apartes (edi\u00e7\u00f5es anteriores)\" \/>\r\n<meta property=\"article:publisher\" content=\"https:\/\/www.facebook.com\/RevistaApartes\/\" \/>\r\n<meta property=\"article:modified_time\" content=\"2016-12-16T18:21:45+00:00\" \/>\r\n<meta property=\"og:image\" content=\"http:\/\/www.saopaulo.sp.leg.br\/apartes-anteriores\/wp-content\/uploads\/sites\/9\/2016\/11\/apartes_n05_04.jpg\" \/>\r\n<meta name=\"twitter:card\" content=\"summary_large_image\" \/>\r\n<meta name=\"twitter:title\" content=\"Notas\" \/>\r\n<meta name=\"twitter:description\" content=\"Revista Apartes\" \/>\r\n<meta name=\"twitter:site\" content=\"@revistaapartes\" \/>\r\n<meta name=\"twitter:label1\" content=\"Est. tempo de leitura\" \/>\n\t<meta name=\"twitter:data1\" content=\"4 minutos\" \/>\r\n<script type=\"application\/ld+json\" class=\"yoast-schema-graph\">{\"@context\":\"https:\\\/\\\/schema.org\",\"@graph\":[{\"@type\":\"WebPage\",\"@id\":\"https:\\\/\\\/www.saopaulo.sp.leg.br\\\/apartes-anteriores\\\/revista-apartes\\\/numero-5-janeiro-fevereiro2014\\\/no05-notas\\\/\",\"url\":\"https:\\\/\\\/www.saopaulo.sp.leg.br\\\/apartes-anteriores\\\/revista-apartes\\\/numero-5-janeiro-fevereiro2014\\\/no05-notas\\\/\",\"name\":\"N\u00ba05 - Notas - Revista Apartes (edi\u00e7\u00f5es anteriores)\",\"isPartOf\":{\"@id\":\"https:\\\/\\\/homolog.saopaulo.sp.leg.br\\\/apartes-anteriores\\\/#website\"},\"primaryImageOfPage\":{\"@id\":\"https:\\\/\\\/www.saopaulo.sp.leg.br\\\/apartes-anteriores\\\/revista-apartes\\\/numero-5-janeiro-fevereiro2014\\\/no05-notas\\\/#primaryimage\"},\"image\":{\"@id\":\"https:\\\/\\\/www.saopaulo.sp.leg.br\\\/apartes-anteriores\\\/revista-apartes\\\/numero-5-janeiro-fevereiro2014\\\/no05-notas\\\/#primaryimage\"},\"thumbnailUrl\":\"http:\\\/\\\/homolog.saopaulo.sp.leg.br\\\/apartes-anteriores\\\/wp-content\\\/uploads\\\/sites\\\/9\\\/2016\\\/11\\\/apartes_n05_04.jpg\",\"datePublished\":\"2016-11-24T18:09:32+00:00\",\"dateModified\":\"2016-12-16T18:21:45+00:00\",\"breadcrumb\":{\"@id\":\"https:\\\/\\\/www.saopaulo.sp.leg.br\\\/apartes-anteriores\\\/revista-apartes\\\/numero-5-janeiro-fevereiro2014\\\/no05-notas\\\/#breadcrumb\"},\"inLanguage\":\"pt-BR\",\"potentialAction\":[{\"@type\":\"ReadAction\",\"target\":[\"https:\\\/\\\/www.saopaulo.sp.leg.br\\\/apartes-anteriores\\\/revista-apartes\\\/numero-5-janeiro-fevereiro2014\\\/no05-notas\\\/\"]}]},{\"@type\":\"ImageObject\",\"inLanguage\":\"pt-BR\",\"@id\":\"https:\\\/\\\/www.saopaulo.sp.leg.br\\\/apartes-anteriores\\\/revista-apartes\\\/numero-5-janeiro-fevereiro2014\\\/no05-notas\\\/#primaryimage\",\"url\":\"https:\\\/\\\/homolog.saopaulo.sp.leg.br\\\/apartes-anteriores\\\/wp-content\\\/uploads\\\/sites\\\/9\\\/2016\\\/11\\\/apartes_n05_04.jpg\",\"contentUrl\":\"https:\\\/\\\/homolog.saopaulo.sp.leg.br\\\/apartes-anteriores\\\/wp-content\\\/uploads\\\/sites\\\/9\\\/2016\\\/11\\\/apartes_n05_04.jpg\",\"width\":652,\"height\":1116},{\"@type\":\"BreadcrumbList\",\"@id\":\"https:\\\/\\\/www.saopaulo.sp.leg.br\\\/apartes-anteriores\\\/revista-apartes\\\/numero-5-janeiro-fevereiro2014\\\/no05-notas\\\/#breadcrumb\",\"itemListElement\":[{\"@type\":\"ListItem\",\"position\":1,\"name\":\"Home\",\"item\":\"https:\\\/\\\/www.saopaulo.sp.leg.br\\\/apartes-anteriores\\\/\"},{\"@type\":\"ListItem\",\"position\":2,\"name\":\"Revista Apartes\",\"item\":\"https:\\\/\\\/www.saopaulo.sp.leg.br\\\/apartes-anteriores\\\/\"},{\"@type\":\"ListItem\",\"position\":3,\"name\":\"N\u00famero 05 &#8211; jan-fev\\\/2014\",\"item\":\"https:\\\/\\\/www.saopaulo.sp.leg.br\\\/apartes-anteriores\\\/revista-apartes\\\/numero-5-janeiro-fevereiro2014\\\/\"},{\"@type\":\"ListItem\",\"position\":4,\"name\":\"N\u00ba05 &#8211; Notas\"}]},{\"@type\":\"WebSite\",\"@id\":\"https:\\\/\\\/homolog.saopaulo.sp.leg.br\\\/apartes-anteriores\\\/#website\",\"url\":\"https:\\\/\\\/homolog.saopaulo.sp.leg.br\\\/apartes-anteriores\\\/\",\"name\":\"Revista Apartes (edi\u00e7\u00f5es anteriores)\",\"description\":\"Revista Apartes (edi\u00e7\u00f5es anteriores)\",\"potentialAction\":[{\"@type\":\"SearchAction\",\"target\":{\"@type\":\"EntryPoint\",\"urlTemplate\":\"https:\\\/\\\/homolog.saopaulo.sp.leg.br\\\/apartes-anteriores\\\/?s={search_term_string}\"},\"query-input\":{\"@type\":\"PropertyValueSpecification\",\"valueRequired\":true,\"valueName\":\"search_term_string\"}}],\"inLanguage\":\"pt-BR\"}]}<\/script>\r\n<!-- \/ Yoast SEO plugin. -->","yoast_head_json":{"title":"N\u00ba05 - Notas - Revista Apartes (edi\u00e7\u00f5es anteriores)","robots":{"index":"noindex","follow":"follow","max-snippet":"max-snippet:-1","max-image-preview":"max-image-preview:large","max-video-preview":"max-video-preview:-1"},"og_locale":"pt_BR","og_type":"article","og_title":"Notas","og_description":"Revista Apartes","og_url":"https:\/\/www.saopaulo.sp.leg.br\/apartes-anteriores\/revista-apartes\/numero-5-janeiro-fevereiro2014\/no05-notas\/","og_site_name":"Revista Apartes (edi\u00e7\u00f5es anteriores)","article_publisher":"https:\/\/www.facebook.com\/RevistaApartes\/","article_modified_time":"2016-12-16T18:21:45+00:00","og_image":[{"url":"http:\/\/www.saopaulo.sp.leg.br\/apartes-anteriores\/wp-content\/uploads\/sites\/9\/2016\/11\/apartes_n05_04.jpg","type":"","width":"","height":""}],"twitter_card":"summary_large_image","twitter_title":"Notas","twitter_description":"Revista Apartes","twitter_site":"@revistaapartes","twitter_misc":{"Est. tempo de leitura":"4 minutos"},"schema":{"@context":"https:\/\/schema.org","@graph":[{"@type":"WebPage","@id":"https:\/\/www.saopaulo.sp.leg.br\/apartes-anteriores\/revista-apartes\/numero-5-janeiro-fevereiro2014\/no05-notas\/","url":"https:\/\/www.saopaulo.sp.leg.br\/apartes-anteriores\/revista-apartes\/numero-5-janeiro-fevereiro2014\/no05-notas\/","name":"N\u00ba05 - Notas - Revista Apartes (edi\u00e7\u00f5es anteriores)","isPartOf":{"@id":"https:\/\/homolog.saopaulo.sp.leg.br\/apartes-anteriores\/#website"},"primaryImageOfPage":{"@id":"https:\/\/www.saopaulo.sp.leg.br\/apartes-anteriores\/revista-apartes\/numero-5-janeiro-fevereiro2014\/no05-notas\/#primaryimage"},"image":{"@id":"https:\/\/www.saopaulo.sp.leg.br\/apartes-anteriores\/revista-apartes\/numero-5-janeiro-fevereiro2014\/no05-notas\/#primaryimage"},"thumbnailUrl":"http:\/\/homolog.saopaulo.sp.leg.br\/apartes-anteriores\/wp-content\/uploads\/sites\/9\/2016\/11\/apartes_n05_04.jpg","datePublished":"2016-11-24T18:09:32+00:00","dateModified":"2016-12-16T18:21:45+00:00","breadcrumb":{"@id":"https:\/\/www.saopaulo.sp.leg.br\/apartes-anteriores\/revista-apartes\/numero-5-janeiro-fevereiro2014\/no05-notas\/#breadcrumb"},"inLanguage":"pt-BR","potentialAction":[{"@type":"ReadAction","target":["https:\/\/www.saopaulo.sp.leg.br\/apartes-anteriores\/revista-apartes\/numero-5-janeiro-fevereiro2014\/no05-notas\/"]}]},{"@type":"ImageObject","inLanguage":"pt-BR","@id":"https:\/\/www.saopaulo.sp.leg.br\/apartes-anteriores\/revista-apartes\/numero-5-janeiro-fevereiro2014\/no05-notas\/#primaryimage","url":"https:\/\/homolog.saopaulo.sp.leg.br\/apartes-anteriores\/wp-content\/uploads\/sites\/9\/2016\/11\/apartes_n05_04.jpg","contentUrl":"https:\/\/homolog.saopaulo.sp.leg.br\/apartes-anteriores\/wp-content\/uploads\/sites\/9\/2016\/11\/apartes_n05_04.jpg","width":652,"height":1116},{"@type":"BreadcrumbList","@id":"https:\/\/www.saopaulo.sp.leg.br\/apartes-anteriores\/revista-apartes\/numero-5-janeiro-fevereiro2014\/no05-notas\/#breadcrumb","itemListElement":[{"@type":"ListItem","position":1,"name":"Home","item":"https:\/\/www.saopaulo.sp.leg.br\/apartes-anteriores\/"},{"@type":"ListItem","position":2,"name":"Revista Apartes","item":"https:\/\/www.saopaulo.sp.leg.br\/apartes-anteriores\/"},{"@type":"ListItem","position":3,"name":"N\u00famero 05 &#8211; jan-fev\/2014","item":"https:\/\/www.saopaulo.sp.leg.br\/apartes-anteriores\/revista-apartes\/numero-5-janeiro-fevereiro2014\/"},{"@type":"ListItem","position":4,"name":"N\u00ba05 &#8211; Notas"}]},{"@type":"WebSite","@id":"https:\/\/homolog.saopaulo.sp.leg.br\/apartes-anteriores\/#website","url":"https:\/\/homolog.saopaulo.sp.leg.br\/apartes-anteriores\/","name":"Revista Apartes (edi\u00e7\u00f5es anteriores)","description":"Revista Apartes (edi\u00e7\u00f5es anteriores)","potentialAction":[{"@type":"SearchAction","target":{"@type":"EntryPoint","urlTemplate":"https:\/\/homolog.saopaulo.sp.leg.br\/apartes-anteriores\/?s={search_term_string}"},"query-input":{"@type":"PropertyValueSpecification","valueRequired":true,"valueName":"search_term_string"}}],"inLanguage":"pt-BR"}]}},"_links":{"self":[{"href":"https:\/\/homolog.saopaulo.sp.leg.br\/apartes-anteriores\/wp-json\/wp\/v2\/pages\/38185","targetHints":{"allow":["GET"]}}],"collection":[{"href":"https:\/\/homolog.saopaulo.sp.leg.br\/apartes-anteriores\/wp-json\/wp\/v2\/pages"}],"about":[{"href":"https:\/\/homolog.saopaulo.sp.leg.br\/apartes-anteriores\/wp-json\/wp\/v2\/types\/page"}],"author":[{"embeddable":true,"href":"https:\/\/homolog.saopaulo.sp.leg.br\/apartes-anteriores\/wp-json\/wp\/v2\/users\/109"}],"replies":[{"embeddable":true,"href":"https:\/\/homolog.saopaulo.sp.leg.br\/apartes-anteriores\/wp-json\/wp\/v2\/comments?post=38185"}],"version-history":[{"count":3,"href":"https:\/\/homolog.saopaulo.sp.leg.br\/apartes-anteriores\/wp-json\/wp\/v2\/pages\/38185\/revisions"}],"predecessor-version":[{"id":38667,"href":"https:\/\/homolog.saopaulo.sp.leg.br\/apartes-anteriores\/wp-json\/wp\/v2\/pages\/38185\/revisions\/38667"}],"up":[{"embeddable":true,"href":"https:\/\/homolog.saopaulo.sp.leg.br\/apartes-anteriores\/wp-json\/wp\/v2\/pages\/24330"}],"wp:attachment":[{"href":"https:\/\/homolog.saopaulo.sp.leg.br\/apartes-anteriores\/wp-json\/wp\/v2\/media?parent=38185"}],"curies":[{"name":"wp","href":"https:\/\/api.w.org\/{rel}","templated":true}]}}