{"id":38246,"date":"2016-11-24T16:24:06","date_gmt":"2016-11-24T18:24:06","guid":{"rendered":"http:\/\/homolog.saopaulo.sp.leg.br\/apartes-anteriores\/?page_id=38246"},"modified":"2016-12-16T16:35:04","modified_gmt":"2016-12-16T18:35:04","slug":"no05-gastronomia-premiada","status":"publish","type":"page","link":"https:\/\/homolog.saopaulo.sp.leg.br\/apartes-anteriores\/revista-apartes\/numero-5-janeiro-fevereiro2014\/no05-gastronomia-premiada\/","title":{"rendered":"N\u00ba05 &#8211; Eventos"},"content":{"rendered":"<h1><span style=\"color: #800000\"><strong>Gastronomia premiada<\/strong><\/span><\/h1>\n<h2>Trof\u00e9u reconhece trabalhos sobre a culin\u00e1ria da capital paulista<\/h2>\n<p><strong>Gisele Machado<\/strong> | <a href=\"mailto:gisele@saopaulo.sp.leg.br\">gisele@saopaulo.sp.leg.br<\/a><\/p>\n<p><!-- imagem TOTAL - com legenda - CENTRALIZADA --><\/p>\n<div style=\"width: 100%;margin-right: 1.5em;margin-bottom: 1.5em\">\n<div style=\"padding: 5px;background-color: #eee !important\">\n<p><a href=\"http:\/\/homolog.saopaulo.sp.leg.br\/apartes-anteriores\/wp-content\/uploads\/sites\/9\/2016\/11\/apartes_n05_06.jpg\"><img loading=\"lazy\" decoding=\"async\" class=\"aligncenter wp-image-38195 size-full\" src=\"http:\/\/homolog.saopaulo.sp.leg.br\/apartes-anteriores\/wp-content\/uploads\/sites\/9\/2016\/11\/apartes_n05_06.jpg\" width=\"3182\" height=\"2095\" srcset=\"https:\/\/homolog.saopaulo.sp.leg.br\/apartes-anteriores\/wp-content\/uploads\/sites\/9\/2016\/11\/apartes_n05_06.jpg 3182w, https:\/\/homolog.saopaulo.sp.leg.br\/apartes-anteriores\/wp-content\/uploads\/sites\/9\/2016\/11\/apartes_n05_06-300x198.jpg 300w, https:\/\/homolog.saopaulo.sp.leg.br\/apartes-anteriores\/wp-content\/uploads\/sites\/9\/2016\/11\/apartes_n05_06-768x506.jpg 768w, https:\/\/homolog.saopaulo.sp.leg.br\/apartes-anteriores\/wp-content\/uploads\/sites\/9\/2016\/11\/apartes_n05_06-1024x674.jpg 1024w\" sizes=\"auto, (max-width: 3182px) 100vw, 3182px\" \/><\/a><\/p>\n<p style=\"font-size: 0.8em;line-height: 1.1em;text-align: center;margin: -1.5em 0px 7px 0px;color: #333;!important;background-color: transparent !important\" align=\"center\">PIMENTA &#8211; A imagem ficou em 1\u00ba lugar e levou o trof\u00e9u na categoria Fotografia<\/p>\n<\/div>\n<p style=\"font-size: 0.5em;line-height: 1.1em;text-align: right;margin: 4px 0px 7px 0px;background-color: transparent !important\">Karl Stanzel\/Portal Club Transatl\u00e2ntico<\/p>\n<\/div>\n<p><!-- imagem TOTAL - com legenda - CENTRALIZADA --><\/p>\n<p>Fazer uma refei\u00e7\u00e3o em grandes centros urbanos como S\u00e3o Paulo pode ser uma oportunidade de conhecer parte da cultura e tradi\u00e7\u00e3o de v\u00e1rios pa\u00edses, tantas s\u00e3o as op\u00e7\u00f5es de pratos t\u00edpicos da culin\u00e1ria internacional encontrados na capital. Essa variedade serve, tamb\u00e9m, de inspira\u00e7\u00e3o para reportagens jornal\u00edsticas e trabalhos acad\u00eamicos. Em reconhecimento a essa vasta produ\u00e7\u00e3o de comunicadores e estudantes, a C\u00e2mara Municipal de S\u00e3o Paulo (CMSP) entrega, anualmente, o Trof\u00e9u S\u00e3o Paulo: Capital Mundial da Gastronomia. Em 29 de novembro do ano passado, ocorreu a 16\u00aa edi\u00e7\u00e3o do evento.<\/p>\n<p><!-- imagem MEDIA - com legenda - LADO DIREITO --><\/p>\n<div style=\"float: right;width: 227px;margin-left: 1.5em;margin-bottom: 1.5em\">\n<div style=\"float: right;padding: 5px;background-color: #eee !important\">\n<p><a href=\"http:\/\/homolog.saopaulo.sp.leg.br\/apartes-anteriores\/wp-content\/uploads\/sites\/9\/2016\/11\/apartes_n05_05.jpg\"><img loading=\"lazy\" decoding=\"async\" class=\"aligncenter wp-image-38194\" src=\"http:\/\/homolog.saopaulo.sp.leg.br\/apartes-anteriores\/wp-content\/uploads\/sites\/9\/2016\/11\/apartes_n05_05-300x274.jpg\" width=\"230\" height=\"210\" srcset=\"https:\/\/homolog.saopaulo.sp.leg.br\/apartes-anteriores\/wp-content\/uploads\/sites\/9\/2016\/11\/apartes_n05_05-300x274.jpg 300w, https:\/\/homolog.saopaulo.sp.leg.br\/apartes-anteriores\/wp-content\/uploads\/sites\/9\/2016\/11\/apartes_n05_05.jpg 654w\" sizes=\"auto, (max-width: 230px) 100vw, 230px\" \/><\/a><\/p>\n<p style=\"font-size: 0.8em;line-height: 1.1em;text-align: center;margin: -1.5em 0px 7px 0px;color: #333;!important;background-color: transparent !important\" align=\"center\">VENCEDORA &#8211; Vereador Ricardo Young entregou os trof\u00e9us a M\u00f4nica da Silva Perez, da USP, e a outros contemplados<\/p>\n<\/div>\n<p style=\"font-size: 0.5em;line-height: 1.1em;text-align: right;margin: 4px 0px 7px 0px;background-color: transparent !important\">Equipe de Eventos\/CMSP<\/p>\n<\/div>\n<p><!-- imagem MEDIA - com legenda - LADO DIREITO --><\/p>\n<p>Um dos premiados da noite foi o trabalho de conclus\u00e3o de curso (TCC) <em>Comer e Lazer na Avenida Paulista: uma Proposta de um Mapa Gastron\u00f4mico<\/em>, da estudante de Lazer e Turismo M\u00f4nica da Silva Perez. O TCC foi apresentado \u00e0 Universidade de S\u00e3o Paulo (USP) e traz um mapeamento de todos os restaurantes, bares, caf\u00e9s e lanchonetes da via mais famosa da capital paulista. \u201cEm nossa sociedade urbana, cronometrada pelo tempo de trabalho e regida pelo mercado, existe uma tend\u00eancia \u00e0 fuga do comum\u201d, destaca M\u00f4nica, em seu trabalho. Segundo a estudante, uma das formas de se fazer essa fuga \u00e9 buscar alimentos sofisticados e diferentes, principalmente em espa\u00e7os p\u00fablicos, que proporcionam intera\u00e7\u00e3o social, troca de experi\u00eancias e conhecimento do novo.<\/p>\n<p>Al\u00e9m de premiar um texto acad\u00eamico do curso de Turismo, Gastronomia, Hotelaria ou Jornalismo, o Trof\u00e9u se destina a reportagens veiculadas em jornal, revista, r\u00e1dio, TV e internet, foto publicada em jornal, revista ou internet, guia gastron\u00f4mico da cidade de S\u00e3o Paulo, programa televisivo especializado e revista especializada (incluindo publica\u00e7\u00f5es de sindicatos e associa\u00e7\u00f5es do setor). Em cada categoria s\u00e3o contemplados os tr\u00eas primeiros lugares.<\/p>\n<p>Em 2013, inscreveram-se 169 trabalhos e reportagens. Os respons\u00e1veis pela sele\u00e7\u00e3o foram os vereadores da Comiss\u00e3o de Atividade Econ\u00f4mica, Turismo, Lazer e Gastronomia da CMSP: o presidente Senival Moura (PT), o vice-presidente Claudinho de Souza (PSDB), Ricardo Young (PPS), Vav\u00e1 (PT), Aur\u00e9lio Miguel (PR), Souza Santos (PSD) e Coronel Telhada (PSDB). Tamb\u00e9m julgaram os trabalhos a presidenta da Associa\u00e7\u00e3o Brasileira de Jornalistas de Turismo de S\u00e3o Paulo, Miriam Petrone, e a diretora de Rela\u00e7\u00f5es Sociais e Sindicais do Sindicato dos Jornalistas Profissionais do Estado de S\u00e3o Paulo, Evany Sessa.<\/p>\n<p>Para o vereador Ricardo Young, que presidiu a cerim\u00f4nia de premia\u00e7\u00e3o, a iniciativa estimula o olhar da m\u00eddia para a gastronomia. Ele acredita que S\u00e3o Paulo n\u00e3o poderia ser \u201ccosmopolita\u201d e \u201cinternacional\u201d se n\u00e3o fosse a forte atua\u00e7\u00e3o da gastronomia, uma das mais importantes do mundo e que comp\u00f5e a pr\u00f3pria identidade da cidade.<\/p>\n<p>O Trof\u00e9u Gastronomia surgiu ap\u00f3s uma a\u00e7\u00e3o da Associa\u00e7\u00e3o Brasileira das Entidades e Empresas de Gastronomia, Hospedagem e Turismo (Abresi), que, em parceria com a C\u00e2mara, criou para a cidade de S\u00e3o Paulo o t\u00edtulo de Capital Mundial da Gastronomia. Em 1995, a Associa\u00e7\u00e3o e a CMSP formaram um grupo de trabalho para decidir as estrat\u00e9gias para dar o t\u00edtulo ao Munic\u00edpio.<\/p>\n<p>A partir da\u00ed, a Abresi montou uma comiss\u00e3o formada por representantes oficiais de 40 pa\u00edses e 10 entidades internacionais, que estudaram as cozinhas presentes em suas respectivas capitais. O trabalho apontou que a culin\u00e1ria de 43 pa\u00edses estava representada na cidade de S\u00e3o Paulo (atualmente, s\u00e3o 51). Durante congresso da Abresi em 1997, a comiss\u00e3o outorgou o t\u00edtulo \u00e0 capital paulista e tamb\u00e9m a Nova York, T\u00f3quio, Roma, Madri, Lisboa, Cidade do M\u00e9xico e Buenos Aires, al\u00e9m de Paris, como hors-concours.<\/p>\n<p>Para mais informa\u00e7\u00f5es sobre o Trof\u00e9u, acesse <a href=\"http:\/\/homolog.saopaulo.sp.leg.br\"><em>homolog.saopaulo.sp.leg.br<\/em><\/a>, se\u00e7\u00e3o Pr\u00eamios Institucionais. Tamb\u00e9m \u00e9 poss\u00edvel entrar em contato com a Equipe de Eventos da CMSP, pelo e-mail <a href=\"mailto:eventos@saopaulo.sp.leg.br\"><em>eventos@saopaulo.sp.leg.br<\/em><\/a> ou pelo telefone (11) 3396-4667.<\/p>\n<p><a href=\"http:\/\/homolog.saopaulo.sp.leg.br\/apartes-anteriores\/wp-content\/uploads\/sites\/9\/2016\/11\/apartes_n05_55.jpg\"><img loading=\"lazy\" decoding=\"async\" class=\"aligncenter wp-image-38244\" src=\"http:\/\/homolog.saopaulo.sp.leg.br\/apartes-anteriores\/wp-content\/uploads\/sites\/9\/2016\/11\/apartes_n05_55.jpg\" alt=\"apartes_n05_55\" width=\"640\" height=\"1243\" srcset=\"https:\/\/homolog.saopaulo.sp.leg.br\/apartes-anteriores\/wp-content\/uploads\/sites\/9\/2016\/11\/apartes_n05_55.jpg 872w, https:\/\/homolog.saopaulo.sp.leg.br\/apartes-anteriores\/wp-content\/uploads\/sites\/9\/2016\/11\/apartes_n05_55-154x300.jpg 154w, https:\/\/homolog.saopaulo.sp.leg.br\/apartes-anteriores\/wp-content\/uploads\/sites\/9\/2016\/11\/apartes_n05_55-768x1492.jpg 768w, https:\/\/homolog.saopaulo.sp.leg.br\/apartes-anteriores\/wp-content\/uploads\/sites\/9\/2016\/11\/apartes_n05_55-527x1024.jpg 527w\" sizes=\"auto, (max-width: 640px) 100vw, 640px\" \/><\/a><\/p>\n","protected":false},"excerpt":{"rendered":"<p>Gastronomia premiada Trof\u00e9u reconhece trabalhos sobre a culin\u00e1ria da capital paulista Gisele Machado | gisele@saopaulo.sp.leg.br PIMENTA &#8211; A imagem ficou em 1\u00ba lugar e levou o trof\u00e9u na categoria Fotografia Karl Stanzel\/Portal Club Transatl\u00e2ntico Fazer uma refei\u00e7\u00e3o em grandes centros urbanos como S\u00e3o Paulo pode ser uma oportunidade de conhecer parte da cultura e tradi\u00e7\u00e3o [&hellip;]<\/p>\n","protected":false},"author":109,"featured_media":0,"parent":24330,"menu_order":0,"comment_status":"closed","ping_status":"closed","template":"","meta":{"footnotes":""},"class_list":["post-38246","page","type-page","status-publish","hentry"],"meta_all":{"_edit_lock":["1481913380:109"],"_edit_last":["109"],"_wp_page_template":["default"],"_yoast_wpseo_content_score":["30"],"_cmsp_page_download-files":["a:1:{i:0;a:1:{s:4:\"type\";s:3:\"pdf\";}}"],"_yoast_wpseo_opengraph-title":["Gastronomia premiada"],"_yoast_wpseo_opengraph-description":["Trof\u00e9u reconhece trabalhos sobre a culin\u00e1ria da capital paulista"],"_yoast_wpseo_twitter-title":["Gastronomia premiada"],"_yoast_wpseo_twitter-description":["Trof\u00e9u reconhece trabalhos sobre a culin\u00e1ria da capital paulista"]},"meta_all_2":{"_edit_lock":["1481913380:109"],"_edit_last":["109"],"_wp_page_template":["default"],"_yoast_wpseo_content_score":["30"],"_cmsp_page_download-files":["a:1:{i:0;a:1:{s:4:\"type\";s:3:\"pdf\";}}"],"_yoast_wpseo_opengraph-title":["Gastronomia premiada"],"_yoast_wpseo_opengraph-description":["Trof\u00e9u reconhece trabalhos sobre a culin\u00e1ria da capital paulista"],"_yoast_wpseo_twitter-title":["Gastronomia premiada"],"_yoast_wpseo_twitter-description":["Trof\u00e9u reconhece trabalhos sobre a culin\u00e1ria da capital paulista"]},"yoast_head":"<!-- This site is optimized with the Yoast SEO plugin v27.4 - https:\/\/yoast.com\/product\/yoast-seo-wordpress\/ -->\r\n<title>N\u00ba05 - Eventos - Revista Apartes (edi\u00e7\u00f5es anteriores)<\/title>\r\n<meta name=\"robots\" content=\"noindex, follow, max-snippet:-1, max-image-preview:large, max-video-preview:-1\" \/>\r\n<meta property=\"og:locale\" content=\"pt_BR\" \/>\r\n<meta property=\"og:type\" content=\"article\" \/>\r\n<meta property=\"og:title\" content=\"Gastronomia premiada\" \/>\r\n<meta property=\"og:description\" content=\"Trof\u00e9u reconhece trabalhos sobre a culin\u00e1ria da capital paulista\" \/>\r\n<meta property=\"og:url\" content=\"https:\/\/www.saopaulo.sp.leg.br\/apartes-anteriores\/revista-apartes\/numero-5-janeiro-fevereiro2014\/no05-gastronomia-premiada\/\" \/>\r\n<meta property=\"og:site_name\" content=\"Revista Apartes (edi\u00e7\u00f5es anteriores)\" \/>\r\n<meta property=\"article:publisher\" content=\"https:\/\/www.facebook.com\/RevistaApartes\/\" \/>\r\n<meta property=\"article:modified_time\" content=\"2016-12-16T18:35:04+00:00\" \/>\r\n<meta property=\"og:image\" content=\"http:\/\/www.saopaulo.sp.leg.br\/apartes-anteriores\/wp-content\/uploads\/sites\/9\/2016\/11\/apartes_n05_06.jpg\" \/>\r\n<meta name=\"twitter:card\" content=\"summary_large_image\" \/>\r\n<meta name=\"twitter:title\" content=\"Gastronomia premiada\" \/>\r\n<meta name=\"twitter:description\" content=\"Trof\u00e9u reconhece trabalhos sobre a culin\u00e1ria da capital paulista\" \/>\r\n<meta name=\"twitter:site\" content=\"@revistaapartes\" \/>\r\n<meta name=\"twitter:label1\" content=\"Est. tempo de leitura\" \/>\n\t<meta name=\"twitter:data1\" content=\"4 minutos\" \/>\r\n<script type=\"application\/ld+json\" class=\"yoast-schema-graph\">{\"@context\":\"https:\\\/\\\/schema.org\",\"@graph\":[{\"@type\":\"WebPage\",\"@id\":\"https:\\\/\\\/www.saopaulo.sp.leg.br\\\/apartes-anteriores\\\/revista-apartes\\\/numero-5-janeiro-fevereiro2014\\\/no05-gastronomia-premiada\\\/\",\"url\":\"https:\\\/\\\/www.saopaulo.sp.leg.br\\\/apartes-anteriores\\\/revista-apartes\\\/numero-5-janeiro-fevereiro2014\\\/no05-gastronomia-premiada\\\/\",\"name\":\"N\u00ba05 - Eventos - Revista Apartes (edi\u00e7\u00f5es anteriores)\",\"isPartOf\":{\"@id\":\"https:\\\/\\\/homolog.saopaulo.sp.leg.br\\\/apartes-anteriores\\\/#website\"},\"primaryImageOfPage\":{\"@id\":\"https:\\\/\\\/www.saopaulo.sp.leg.br\\\/apartes-anteriores\\\/revista-apartes\\\/numero-5-janeiro-fevereiro2014\\\/no05-gastronomia-premiada\\\/#primaryimage\"},\"image\":{\"@id\":\"https:\\\/\\\/www.saopaulo.sp.leg.br\\\/apartes-anteriores\\\/revista-apartes\\\/numero-5-janeiro-fevereiro2014\\\/no05-gastronomia-premiada\\\/#primaryimage\"},\"thumbnailUrl\":\"http:\\\/\\\/homolog.saopaulo.sp.leg.br\\\/apartes-anteriores\\\/wp-content\\\/uploads\\\/sites\\\/9\\\/2016\\\/11\\\/apartes_n05_06.jpg\",\"datePublished\":\"2016-11-24T18:24:06+00:00\",\"dateModified\":\"2016-12-16T18:35:04+00:00\",\"breadcrumb\":{\"@id\":\"https:\\\/\\\/www.saopaulo.sp.leg.br\\\/apartes-anteriores\\\/revista-apartes\\\/numero-5-janeiro-fevereiro2014\\\/no05-gastronomia-premiada\\\/#breadcrumb\"},\"inLanguage\":\"pt-BR\",\"potentialAction\":[{\"@type\":\"ReadAction\",\"target\":[\"https:\\\/\\\/www.saopaulo.sp.leg.br\\\/apartes-anteriores\\\/revista-apartes\\\/numero-5-janeiro-fevereiro2014\\\/no05-gastronomia-premiada\\\/\"]}]},{\"@type\":\"ImageObject\",\"inLanguage\":\"pt-BR\",\"@id\":\"https:\\\/\\\/www.saopaulo.sp.leg.br\\\/apartes-anteriores\\\/revista-apartes\\\/numero-5-janeiro-fevereiro2014\\\/no05-gastronomia-premiada\\\/#primaryimage\",\"url\":\"https:\\\/\\\/homolog.saopaulo.sp.leg.br\\\/apartes-anteriores\\\/wp-content\\\/uploads\\\/sites\\\/9\\\/2016\\\/11\\\/apartes_n05_06.jpg\",\"contentUrl\":\"https:\\\/\\\/homolog.saopaulo.sp.leg.br\\\/apartes-anteriores\\\/wp-content\\\/uploads\\\/sites\\\/9\\\/2016\\\/11\\\/apartes_n05_06.jpg\",\"width\":3182,\"height\":2095},{\"@type\":\"BreadcrumbList\",\"@id\":\"https:\\\/\\\/www.saopaulo.sp.leg.br\\\/apartes-anteriores\\\/revista-apartes\\\/numero-5-janeiro-fevereiro2014\\\/no05-gastronomia-premiada\\\/#breadcrumb\",\"itemListElement\":[{\"@type\":\"ListItem\",\"position\":1,\"name\":\"Home\",\"item\":\"https:\\\/\\\/www.saopaulo.sp.leg.br\\\/apartes-anteriores\\\/\"},{\"@type\":\"ListItem\",\"position\":2,\"name\":\"Revista Apartes\",\"item\":\"https:\\\/\\\/www.saopaulo.sp.leg.br\\\/apartes-anteriores\\\/\"},{\"@type\":\"ListItem\",\"position\":3,\"name\":\"N\u00famero 05 &#8211; jan-fev\\\/2014\",\"item\":\"https:\\\/\\\/www.saopaulo.sp.leg.br\\\/apartes-anteriores\\\/revista-apartes\\\/numero-5-janeiro-fevereiro2014\\\/\"},{\"@type\":\"ListItem\",\"position\":4,\"name\":\"N\u00ba05 &#8211; Eventos\"}]},{\"@type\":\"WebSite\",\"@id\":\"https:\\\/\\\/homolog.saopaulo.sp.leg.br\\\/apartes-anteriores\\\/#website\",\"url\":\"https:\\\/\\\/homolog.saopaulo.sp.leg.br\\\/apartes-anteriores\\\/\",\"name\":\"Revista Apartes (edi\u00e7\u00f5es anteriores)\",\"description\":\"Revista Apartes (edi\u00e7\u00f5es anteriores)\",\"potentialAction\":[{\"@type\":\"SearchAction\",\"target\":{\"@type\":\"EntryPoint\",\"urlTemplate\":\"https:\\\/\\\/homolog.saopaulo.sp.leg.br\\\/apartes-anteriores\\\/?s={search_term_string}\"},\"query-input\":{\"@type\":\"PropertyValueSpecification\",\"valueRequired\":true,\"valueName\":\"search_term_string\"}}],\"inLanguage\":\"pt-BR\"}]}<\/script>\r\n<!-- \/ Yoast SEO plugin. -->","yoast_head_json":{"title":"N\u00ba05 - Eventos - Revista Apartes (edi\u00e7\u00f5es anteriores)","robots":{"index":"noindex","follow":"follow","max-snippet":"max-snippet:-1","max-image-preview":"max-image-preview:large","max-video-preview":"max-video-preview:-1"},"og_locale":"pt_BR","og_type":"article","og_title":"Gastronomia premiada","og_description":"Trof\u00e9u reconhece trabalhos sobre a culin\u00e1ria da capital paulista","og_url":"https:\/\/www.saopaulo.sp.leg.br\/apartes-anteriores\/revista-apartes\/numero-5-janeiro-fevereiro2014\/no05-gastronomia-premiada\/","og_site_name":"Revista Apartes (edi\u00e7\u00f5es anteriores)","article_publisher":"https:\/\/www.facebook.com\/RevistaApartes\/","article_modified_time":"2016-12-16T18:35:04+00:00","og_image":[{"url":"http:\/\/www.saopaulo.sp.leg.br\/apartes-anteriores\/wp-content\/uploads\/sites\/9\/2016\/11\/apartes_n05_06.jpg","type":"","width":"","height":""}],"twitter_card":"summary_large_image","twitter_title":"Gastronomia premiada","twitter_description":"Trof\u00e9u reconhece trabalhos sobre a culin\u00e1ria da capital paulista","twitter_site":"@revistaapartes","twitter_misc":{"Est. tempo de leitura":"4 minutos"},"schema":{"@context":"https:\/\/schema.org","@graph":[{"@type":"WebPage","@id":"https:\/\/www.saopaulo.sp.leg.br\/apartes-anteriores\/revista-apartes\/numero-5-janeiro-fevereiro2014\/no05-gastronomia-premiada\/","url":"https:\/\/www.saopaulo.sp.leg.br\/apartes-anteriores\/revista-apartes\/numero-5-janeiro-fevereiro2014\/no05-gastronomia-premiada\/","name":"N\u00ba05 - Eventos - Revista Apartes (edi\u00e7\u00f5es anteriores)","isPartOf":{"@id":"https:\/\/homolog.saopaulo.sp.leg.br\/apartes-anteriores\/#website"},"primaryImageOfPage":{"@id":"https:\/\/www.saopaulo.sp.leg.br\/apartes-anteriores\/revista-apartes\/numero-5-janeiro-fevereiro2014\/no05-gastronomia-premiada\/#primaryimage"},"image":{"@id":"https:\/\/www.saopaulo.sp.leg.br\/apartes-anteriores\/revista-apartes\/numero-5-janeiro-fevereiro2014\/no05-gastronomia-premiada\/#primaryimage"},"thumbnailUrl":"http:\/\/homolog.saopaulo.sp.leg.br\/apartes-anteriores\/wp-content\/uploads\/sites\/9\/2016\/11\/apartes_n05_06.jpg","datePublished":"2016-11-24T18:24:06+00:00","dateModified":"2016-12-16T18:35:04+00:00","breadcrumb":{"@id":"https:\/\/www.saopaulo.sp.leg.br\/apartes-anteriores\/revista-apartes\/numero-5-janeiro-fevereiro2014\/no05-gastronomia-premiada\/#breadcrumb"},"inLanguage":"pt-BR","potentialAction":[{"@type":"ReadAction","target":["https:\/\/www.saopaulo.sp.leg.br\/apartes-anteriores\/revista-apartes\/numero-5-janeiro-fevereiro2014\/no05-gastronomia-premiada\/"]}]},{"@type":"ImageObject","inLanguage":"pt-BR","@id":"https:\/\/www.saopaulo.sp.leg.br\/apartes-anteriores\/revista-apartes\/numero-5-janeiro-fevereiro2014\/no05-gastronomia-premiada\/#primaryimage","url":"https:\/\/homolog.saopaulo.sp.leg.br\/apartes-anteriores\/wp-content\/uploads\/sites\/9\/2016\/11\/apartes_n05_06.jpg","contentUrl":"https:\/\/homolog.saopaulo.sp.leg.br\/apartes-anteriores\/wp-content\/uploads\/sites\/9\/2016\/11\/apartes_n05_06.jpg","width":3182,"height":2095},{"@type":"BreadcrumbList","@id":"https:\/\/www.saopaulo.sp.leg.br\/apartes-anteriores\/revista-apartes\/numero-5-janeiro-fevereiro2014\/no05-gastronomia-premiada\/#breadcrumb","itemListElement":[{"@type":"ListItem","position":1,"name":"Home","item":"https:\/\/www.saopaulo.sp.leg.br\/apartes-anteriores\/"},{"@type":"ListItem","position":2,"name":"Revista Apartes","item":"https:\/\/www.saopaulo.sp.leg.br\/apartes-anteriores\/"},{"@type":"ListItem","position":3,"name":"N\u00famero 05 &#8211; jan-fev\/2014","item":"https:\/\/www.saopaulo.sp.leg.br\/apartes-anteriores\/revista-apartes\/numero-5-janeiro-fevereiro2014\/"},{"@type":"ListItem","position":4,"name":"N\u00ba05 &#8211; Eventos"}]},{"@type":"WebSite","@id":"https:\/\/homolog.saopaulo.sp.leg.br\/apartes-anteriores\/#website","url":"https:\/\/homolog.saopaulo.sp.leg.br\/apartes-anteriores\/","name":"Revista Apartes (edi\u00e7\u00f5es anteriores)","description":"Revista Apartes (edi\u00e7\u00f5es anteriores)","potentialAction":[{"@type":"SearchAction","target":{"@type":"EntryPoint","urlTemplate":"https:\/\/homolog.saopaulo.sp.leg.br\/apartes-anteriores\/?s={search_term_string}"},"query-input":{"@type":"PropertyValueSpecification","valueRequired":true,"valueName":"search_term_string"}}],"inLanguage":"pt-BR"}]}},"_links":{"self":[{"href":"https:\/\/homolog.saopaulo.sp.leg.br\/apartes-anteriores\/wp-json\/wp\/v2\/pages\/38246","targetHints":{"allow":["GET"]}}],"collection":[{"href":"https:\/\/homolog.saopaulo.sp.leg.br\/apartes-anteriores\/wp-json\/wp\/v2\/pages"}],"about":[{"href":"https:\/\/homolog.saopaulo.sp.leg.br\/apartes-anteriores\/wp-json\/wp\/v2\/types\/page"}],"author":[{"embeddable":true,"href":"https:\/\/homolog.saopaulo.sp.leg.br\/apartes-anteriores\/wp-json\/wp\/v2\/users\/109"}],"replies":[{"embeddable":true,"href":"https:\/\/homolog.saopaulo.sp.leg.br\/apartes-anteriores\/wp-json\/wp\/v2\/comments?post=38246"}],"version-history":[{"count":5,"href":"https:\/\/homolog.saopaulo.sp.leg.br\/apartes-anteriores\/wp-json\/wp\/v2\/pages\/38246\/revisions"}],"predecessor-version":[{"id":38512,"href":"https:\/\/homolog.saopaulo.sp.leg.br\/apartes-anteriores\/wp-json\/wp\/v2\/pages\/38246\/revisions\/38512"}],"up":[{"embeddable":true,"href":"https:\/\/homolog.saopaulo.sp.leg.br\/apartes-anteriores\/wp-json\/wp\/v2\/pages\/24330"}],"wp:attachment":[{"href":"https:\/\/homolog.saopaulo.sp.leg.br\/apartes-anteriores\/wp-json\/wp\/v2\/media?parent=38246"}],"curies":[{"name":"wp","href":"https:\/\/api.w.org\/{rel}","templated":true}]}}