{"id":38286,"date":"2016-11-28T15:04:56","date_gmt":"2016-11-28T17:04:56","guid":{"rendered":"http:\/\/homolog.saopaulo.sp.leg.br\/apartes-anteriores\/?page_id=38286"},"modified":"2016-12-16T18:32:12","modified_gmt":"2016-12-16T20:32:12","slug":"no05-mais-fiscalizacao-e-menos-burocracia","status":"publish","type":"page","link":"https:\/\/homolog.saopaulo.sp.leg.br\/apartes-anteriores\/revista-apartes\/numero-5-janeiro-fevereiro2014\/no05-mais-fiscalizacao-e-menos-burocracia\/","title":{"rendered":"N\u00ba05 &#8211; CPI dos Estacionamentos"},"content":{"rendered":"<h1><span style=\"color: #800000\"><strong>Mais fiscaliza\u00e7\u00e3o e menos burocracia<\/strong><\/span><\/h1>\n<h2>CPI quer facilitar a emiss\u00e3o de licen\u00e7as de funcionamento<\/h2>\n<p>Rodrigo Garcia | <a href=\"mailto:rodrigogarcia@saopaulo.sp.leg.br\">rodrigogarcia@saopaulo.sp.leg.br<\/a><\/p>\n<p><!-- imagem TOTAL - com legenda - CENTRALIZADA --><\/p>\n<div style=\"width: 100%;margin-right: 1.5em;margin-bottom: 1.5em\">\n<div style=\"padding: 5px;background-color: #eee !important\">\n<p><a href=\"http:\/\/homolog.saopaulo.sp.leg.br\/apartes-anteriores\/wp-content\/uploads\/sites\/9\/2016\/11\/apartes_n05_32.jpg\"><img loading=\"lazy\" decoding=\"async\" class=\"aligncenter wp-image-38221 size-full\" src=\"http:\/\/homolog.saopaulo.sp.leg.br\/apartes-anteriores\/wp-content\/uploads\/sites\/9\/2016\/11\/apartes_n05_32.jpg\" width=\"2405\" height=\"1373\" srcset=\"https:\/\/homolog.saopaulo.sp.leg.br\/apartes-anteriores\/wp-content\/uploads\/sites\/9\/2016\/11\/apartes_n05_32.jpg 2405w, https:\/\/homolog.saopaulo.sp.leg.br\/apartes-anteriores\/wp-content\/uploads\/sites\/9\/2016\/11\/apartes_n05_32-300x171.jpg 300w, https:\/\/homolog.saopaulo.sp.leg.br\/apartes-anteriores\/wp-content\/uploads\/sites\/9\/2016\/11\/apartes_n05_32-768x438.jpg 768w, https:\/\/homolog.saopaulo.sp.leg.br\/apartes-anteriores\/wp-content\/uploads\/sites\/9\/2016\/11\/apartes_n05_32-1024x585.jpg 1024w\" sizes=\"auto, (max-width: 2405px) 100vw, 2405px\" \/><\/a><\/p>\n<p style=\"font-size: 0.8em;line-height: 1.1em;text-align: center;margin: -1.5em 0px 7px 0px;color: #333;!important;background-color: transparent !important\" align=\"center\">IRREGULARIDADES &#8211; Dos 79 estabelecimentos diligenciados, 66 n\u00e3o apresentaram alvar\u00e1<\/p>\n<\/div>\n<p style=\"font-size: 0.5em;line-height: 1.1em;text-align: right;margin: 4px 0px 7px 0px;background-color: transparent !important\">F\u00e1bio Lazzari\/CMSP<\/p>\n<\/div>\n<p><!-- imagem TOTAL - com legenda - CENTRALIZADA --><\/p>\n<p>Ap\u00f3s nove meses de trabalho, a Comiss\u00e3o Parlamentar de Inqu\u00e9rito (CPI) criada para analisar a situa\u00e7\u00e3o dos estacionamentos da cidade concluiu que a grande maioria desses locais est\u00e1 irregular e n\u00e3o paga impostos. Segundo os membros da Comiss\u00e3o, os principais respons\u00e1veis pela situa\u00e7\u00e3o ilegal s\u00e3o a burocracia e a falta de fiscaliza\u00e7\u00e3o por parte do Poder P\u00fablico.<\/p>\n<p>\u201cNos \u00faltimos 15 anos, houve uma legisla\u00e7\u00e3o cada vez mais restritiva, os estacionamentos se concentraram apenas onde h\u00e1 mais demanda, cobrando pre\u00e7os abusivos, entrando em \u00e1reas p\u00fablicas\u201d, informou o relator da CPI, vereador La\u00e9rcio Benko (PHS). \u201cN\u00e3o existe fiscaliza\u00e7\u00e3o e a cidade perde com isso\u201d, reconheceu o vereador Reis (PT), presidente da Comiss\u00e3o.<\/p>\n<p>De mar\u00e7o a dezembro, a CPI para Averiguar Irregularidades no Funcionamento de Estacionamento de Ve\u00edculos na Cidade de S\u00e3o Paulo fez dilig\u00eancias em estabelecimentos de diversos bairros, ouviu flanelinhas e propriet\u00e1rios de estacionamentos, analisou documentos e realizou uma audi\u00eancia p\u00fablica com representantes do setor. A Comiss\u00e3o foi composta pelos vereadores Reis, Conte Lopes (PTB) \u2013 vice-presidente, Noemi Nonato (PROS), Calvo (PMDB), Ricardo Nunes (PMDB), Jos\u00e9 Police Neto (PSD), Eduardo Tuma (PSDB), Vav\u00e1 (PT) e La\u00e9rcio Benko.<\/p>\n<p><!-- imagem MEDIA - com legenda - LADO DIREITO --><\/p>\n<div style=\"float: right;width: 227px;margin-left: 1.5em;margin-bottom: 1.5em\">\n<div style=\"float: right;padding: 5px;background-color: #eee !important\">\n<p><a href=\"http:\/\/homolog.saopaulo.sp.leg.br\/apartes-anteriores\/wp-content\/uploads\/sites\/9\/2016\/11\/apartes_n05_33.jpg\"><img loading=\"lazy\" decoding=\"async\" class=\"aligncenter wp-image-38222 size-medium\" src=\"http:\/\/homolog.saopaulo.sp.leg.br\/apartes-anteriores\/wp-content\/uploads\/sites\/9\/2016\/11\/apartes_n05_33-237x300.jpg\" width=\"237\" height=\"300\" srcset=\"https:\/\/homolog.saopaulo.sp.leg.br\/apartes-anteriores\/wp-content\/uploads\/sites\/9\/2016\/11\/apartes_n05_33-237x300.jpg 237w, https:\/\/homolog.saopaulo.sp.leg.br\/apartes-anteriores\/wp-content\/uploads\/sites\/9\/2016\/11\/apartes_n05_33.jpg 761w\" sizes=\"auto, (max-width: 237px) 100vw, 237px\" \/><\/a><\/p>\n<p style=\"font-size: 0.8em;line-height: 1.1em;text-align: center;margin: -1.5em 0px 7px 0px;color: #333;!important;background-color: transparent !important\" align=\"center\">INVESTIGA\u00c7\u00c3O &#8211; Vereadores apuram den\u00fancia sobre flanelinhas<\/p>\n<\/div>\n<p style=\"font-size: 0.5em;line-height: 1.1em;text-align: right;margin: 4px 0px 7px 0px;background-color: transparent !important\">F\u00e1bio Lazzari\/CMSP<\/p>\n<\/div>\n<p><!-- imagem MEDIA - com legenda - LADO DIREITO --><\/p>\n<p>Dos 79 estabelecimentos diligenciados, 66 n\u00e3o apresentaram alvar\u00e1 de funcionamento e tr\u00eas ocupavam espa\u00e7os p\u00fablicos irregularmente. Uma das dilig\u00eancias foi realizada na regi\u00e3o da Avenida Faria Lima, ap\u00f3s a imprensa ter denunciado que flanelinhas estavam intimidando os motoristas. Robson Candeia trabalha em uma empresa do bairro e confirmou a situa\u00e7\u00e3o. Ele e seus colegas de trabalho n\u00e3o pagam os guardadores, e isso j\u00e1 levou a discuss\u00f5es e at\u00e9 amea\u00e7as. \u201cQuebraram o carro de um amigo meu\u201d, contou ao portal da C\u00e2mara.<\/p>\n<p>Moradores da regi\u00e3o tamb\u00e9m confirmam as den\u00fancias. Um deles, que preferiu n\u00e3o se identificar, afirmou que, contrariados, os flanelinhas amea\u00e7am. \u201cQuerem saber que horas sa\u00edmos e chegamos, dizem que determinadas vagas s\u00e3o deles\u201d, revelou. Segundo o morador, o servi\u00e7o funciona de maneira semelhante a um valet de restaurante: as pessoas entregam as chaves dos carros aos guardadores, que estacionam em ruas pr\u00f3ximas e devolvem o ve\u00edculo na porta do escrit\u00f3rio ao serem chamados por telefone.<\/p>\n<p>Os vereadores encontraram apenas um dos tr\u00eas flanelinhas que trabalham na Rua Elisa Pereira de Barros, pr\u00f3xima \u00e0 Faria Lima. Dario de Oliveira afirmou que atende moradores e funcion\u00e1rios, manobra carros e guarda as chaves, por\u00e9m n\u00e3o confirmou que reserva vagas e estabelece um valor fixo para estacionar naquela rua. \u201cVejo com cada um a situa\u00e7\u00e3o pra ser boa para os dois lados; n\u00e3o estou fazendo nada de errado\u201d, defendeu-se, negando fazer amea\u00e7as. Sob sua guarda havia seis chaves de ve\u00edculos. Dario foi ouvido pelos vereadores e liberado.<\/p>\n<h3><strong>Propostas<\/strong><\/h3>\n<p>Representantes da Prefeitura paulistana, da Ordem dos Advogados do Brasil (OAB) e da Secretaria Municipal de Finan\u00e7as foram \u00e0 audi\u00eancia p\u00fablica, realizada em 24 de outubro na C\u00e2mara Municipal de S\u00e3o Paulo. Durante os debates, o presidente do Sindicato das Empresas de Garagens e Estacionamentos do Estado de S\u00e3o Paulo (Sindepark), Marcelo Alvim Gait, informou que na cidade existem cerca de 6 mil estacionamentos (desde simples terrenos at\u00e9 organiza\u00e7\u00f5es complexas, em centros comerciais ou m\u00e9dicos), mas apenas 1.500 s\u00e3o filiados \u00e0 entidade. Ele explicou que \u00e9 f\u00e1cil abrir um estacionamento, o dif\u00edcil \u00e9 regulariz\u00e1-lo. Gait tamb\u00e9m se queixou de que muitas vezes a Prefeitura e o Corpo de Bombeiros exigem documentos que n\u00e3o s\u00e3o responsabilidade do propriet\u00e1rio do estacionamento, mas do dono do im\u00f3vel. \u201cEspero que a gente consiga ter esse alvar\u00e1 em fun\u00e7\u00e3o de documentos pertinentes \u00e0 nossa atividade, e n\u00e3o ao pr\u00e9dio.\u201d<\/p>\n<p>A CPI n\u00e3o se limitou a apontar problemas, tamb\u00e9m mostrou solu\u00e7\u00f5es. Por solicita\u00e7\u00e3o da Comiss\u00e3o, a TV C\u00e2mara passou a exibir uma campanha incentivando os paulistanos a pedirem a nota fiscal quando deixarem seus carros no estacionamento. Tamb\u00e9m foram enviadas sugest\u00f5es \u00e0 Prefeitura para melhorar a fiscaliza\u00e7\u00e3o.<\/p>\n<p>Um projeto de lei, que ser\u00e1 apresentado aos outros vereadores, est\u00e1 anexado ao relat\u00f3rio final da Comiss\u00e3o. Nele h\u00e1 medidas para desburocratizar a emiss\u00e3o de licen\u00e7as para os estacionamentos funcionarem. \u201cPrecisamos legalizar a cidade\u201d, afirmou o vereador Reis.<\/p>\n<div>\n<h4><\/h4>\n<h4>SAIBA MAIS<\/h4>\n<\/div>\n<div style=\"text-align: center;background-color: #72bb81\">\n<p><strong><span style=\"color: #ffffff\">Documento<\/span><\/strong><\/p>\n<\/div>\n<div>\n<p><strong>Relat\u00f3rio da CPI dos Estacionamentos<\/strong>, dispon\u00edvel em <em><a href=\"http:\/\/homolog.saopaulo.sp.leg.br\/\">homolog.saopaulo.sp.leg.br<\/a><\/em>.<\/p>\n<\/div>\n","protected":false},"excerpt":{"rendered":"<p>Mais fiscaliza\u00e7\u00e3o e menos burocracia CPI quer facilitar a emiss\u00e3o de licen\u00e7as de funcionamento Rodrigo Garcia | rodrigogarcia@saopaulo.sp.leg.br IRREGULARIDADES &#8211; Dos 79 estabelecimentos diligenciados, 66 n\u00e3o apresentaram alvar\u00e1 F\u00e1bio Lazzari\/CMSP Ap\u00f3s nove meses de trabalho, a Comiss\u00e3o Parlamentar de Inqu\u00e9rito (CPI) criada para analisar a situa\u00e7\u00e3o dos estacionamentos da cidade concluiu que a grande maioria [&hellip;]<\/p>\n","protected":false},"author":109,"featured_media":0,"parent":24330,"menu_order":0,"comment_status":"closed","ping_status":"closed","template":"","meta":{"footnotes":""},"class_list":["post-38286","page","type-page","status-publish","hentry"],"meta_all":{"_edit_lock":["1481920356:109"],"_edit_last":["109"],"_wp_page_template":["default"],"_yoast_wpseo_opengraph-title":["Mais fiscaliza\u00e7\u00e3o e menos burocracia"],"_yoast_wpseo_opengraph-description":["CPI quer facilitar a emiss\u00e3o de licen\u00e7as de funcionamento"],"_yoast_wpseo_twitter-title":["Mais fiscaliza\u00e7\u00e3o e menos burocracia"],"_yoast_wpseo_twitter-description":["CPI quer facilitar a emiss\u00e3o de licen\u00e7as de funcionamento"],"_yoast_wpseo_content_score":["30"],"_cmsp_page_download-files":["a:1:{i:0;a:1:{s:4:\"type\";s:3:\"pdf\";}}"]},"meta_all_2":{"_edit_lock":["1481920356:109"],"_edit_last":["109"],"_wp_page_template":["default"],"_yoast_wpseo_opengraph-title":["Mais fiscaliza\u00e7\u00e3o e menos burocracia"],"_yoast_wpseo_opengraph-description":["CPI quer facilitar a emiss\u00e3o de licen\u00e7as de funcionamento"],"_yoast_wpseo_twitter-title":["Mais fiscaliza\u00e7\u00e3o e menos burocracia"],"_yoast_wpseo_twitter-description":["CPI quer facilitar a emiss\u00e3o de licen\u00e7as de funcionamento"],"_yoast_wpseo_content_score":["30"],"_cmsp_page_download-files":["a:1:{i:0;a:1:{s:4:\"type\";s:3:\"pdf\";}}"]},"yoast_head":"<!-- This site is optimized with the Yoast SEO plugin v27.4 - https:\/\/yoast.com\/product\/yoast-seo-wordpress\/ -->\r\n<title>N\u00ba05 - CPI dos Estacionamentos - Revista Apartes (edi\u00e7\u00f5es anteriores)<\/title>\r\n<meta name=\"robots\" content=\"noindex, follow, max-snippet:-1, max-image-preview:large, max-video-preview:-1\" \/>\r\n<meta property=\"og:locale\" content=\"pt_BR\" \/>\r\n<meta property=\"og:type\" content=\"article\" \/>\r\n<meta property=\"og:title\" content=\"Mais fiscaliza\u00e7\u00e3o e menos burocracia\" \/>\r\n<meta property=\"og:description\" content=\"CPI quer facilitar a emiss\u00e3o de licen\u00e7as de funcionamento\" \/>\r\n<meta property=\"og:url\" content=\"https:\/\/www.saopaulo.sp.leg.br\/apartes-anteriores\/revista-apartes\/numero-5-janeiro-fevereiro2014\/no05-mais-fiscalizacao-e-menos-burocracia\/\" \/>\r\n<meta property=\"og:site_name\" content=\"Revista Apartes (edi\u00e7\u00f5es anteriores)\" \/>\r\n<meta property=\"article:publisher\" content=\"https:\/\/www.facebook.com\/RevistaApartes\/\" \/>\r\n<meta property=\"article:modified_time\" content=\"2016-12-16T20:32:12+00:00\" \/>\r\n<meta property=\"og:image\" content=\"http:\/\/www.saopaulo.sp.leg.br\/apartes-anteriores\/wp-content\/uploads\/sites\/9\/2016\/11\/apartes_n05_32.jpg\" \/>\r\n<meta name=\"twitter:card\" content=\"summary_large_image\" \/>\r\n<meta name=\"twitter:title\" content=\"Mais fiscaliza\u00e7\u00e3o e menos burocracia\" \/>\r\n<meta name=\"twitter:description\" content=\"CPI quer facilitar a emiss\u00e3o de licen\u00e7as de funcionamento\" \/>\r\n<meta name=\"twitter:site\" content=\"@revistaapartes\" \/>\r\n<meta name=\"twitter:label1\" content=\"Est. tempo de leitura\" \/>\n\t<meta name=\"twitter:data1\" content=\"4 minutos\" \/>\r\n<script type=\"application\/ld+json\" class=\"yoast-schema-graph\">{\"@context\":\"https:\\\/\\\/schema.org\",\"@graph\":[{\"@type\":\"WebPage\",\"@id\":\"https:\\\/\\\/www.saopaulo.sp.leg.br\\\/apartes-anteriores\\\/revista-apartes\\\/numero-5-janeiro-fevereiro2014\\\/no05-mais-fiscalizacao-e-menos-burocracia\\\/\",\"url\":\"https:\\\/\\\/www.saopaulo.sp.leg.br\\\/apartes-anteriores\\\/revista-apartes\\\/numero-5-janeiro-fevereiro2014\\\/no05-mais-fiscalizacao-e-menos-burocracia\\\/\",\"name\":\"N\u00ba05 - CPI dos Estacionamentos - Revista Apartes (edi\u00e7\u00f5es anteriores)\",\"isPartOf\":{\"@id\":\"https:\\\/\\\/homolog.saopaulo.sp.leg.br\\\/apartes-anteriores\\\/#website\"},\"primaryImageOfPage\":{\"@id\":\"https:\\\/\\\/www.saopaulo.sp.leg.br\\\/apartes-anteriores\\\/revista-apartes\\\/numero-5-janeiro-fevereiro2014\\\/no05-mais-fiscalizacao-e-menos-burocracia\\\/#primaryimage\"},\"image\":{\"@id\":\"https:\\\/\\\/www.saopaulo.sp.leg.br\\\/apartes-anteriores\\\/revista-apartes\\\/numero-5-janeiro-fevereiro2014\\\/no05-mais-fiscalizacao-e-menos-burocracia\\\/#primaryimage\"},\"thumbnailUrl\":\"http:\\\/\\\/homolog.saopaulo.sp.leg.br\\\/apartes-anteriores\\\/wp-content\\\/uploads\\\/sites\\\/9\\\/2016\\\/11\\\/apartes_n05_32.jpg\",\"datePublished\":\"2016-11-28T17:04:56+00:00\",\"dateModified\":\"2016-12-16T20:32:12+00:00\",\"breadcrumb\":{\"@id\":\"https:\\\/\\\/www.saopaulo.sp.leg.br\\\/apartes-anteriores\\\/revista-apartes\\\/numero-5-janeiro-fevereiro2014\\\/no05-mais-fiscalizacao-e-menos-burocracia\\\/#breadcrumb\"},\"inLanguage\":\"pt-BR\",\"potentialAction\":[{\"@type\":\"ReadAction\",\"target\":[\"https:\\\/\\\/www.saopaulo.sp.leg.br\\\/apartes-anteriores\\\/revista-apartes\\\/numero-5-janeiro-fevereiro2014\\\/no05-mais-fiscalizacao-e-menos-burocracia\\\/\"]}]},{\"@type\":\"ImageObject\",\"inLanguage\":\"pt-BR\",\"@id\":\"https:\\\/\\\/www.saopaulo.sp.leg.br\\\/apartes-anteriores\\\/revista-apartes\\\/numero-5-janeiro-fevereiro2014\\\/no05-mais-fiscalizacao-e-menos-burocracia\\\/#primaryimage\",\"url\":\"https:\\\/\\\/homolog.saopaulo.sp.leg.br\\\/apartes-anteriores\\\/wp-content\\\/uploads\\\/sites\\\/9\\\/2016\\\/11\\\/apartes_n05_32.jpg\",\"contentUrl\":\"https:\\\/\\\/homolog.saopaulo.sp.leg.br\\\/apartes-anteriores\\\/wp-content\\\/uploads\\\/sites\\\/9\\\/2016\\\/11\\\/apartes_n05_32.jpg\",\"width\":2405,\"height\":1373},{\"@type\":\"BreadcrumbList\",\"@id\":\"https:\\\/\\\/www.saopaulo.sp.leg.br\\\/apartes-anteriores\\\/revista-apartes\\\/numero-5-janeiro-fevereiro2014\\\/no05-mais-fiscalizacao-e-menos-burocracia\\\/#breadcrumb\",\"itemListElement\":[{\"@type\":\"ListItem\",\"position\":1,\"name\":\"Home\",\"item\":\"https:\\\/\\\/www.saopaulo.sp.leg.br\\\/apartes-anteriores\\\/\"},{\"@type\":\"ListItem\",\"position\":2,\"name\":\"Revista Apartes\",\"item\":\"https:\\\/\\\/www.saopaulo.sp.leg.br\\\/apartes-anteriores\\\/\"},{\"@type\":\"ListItem\",\"position\":3,\"name\":\"N\u00famero 05 &#8211; jan-fev\\\/2014\",\"item\":\"https:\\\/\\\/www.saopaulo.sp.leg.br\\\/apartes-anteriores\\\/revista-apartes\\\/numero-5-janeiro-fevereiro2014\\\/\"},{\"@type\":\"ListItem\",\"position\":4,\"name\":\"N\u00ba05 &#8211; CPI dos Estacionamentos\"}]},{\"@type\":\"WebSite\",\"@id\":\"https:\\\/\\\/homolog.saopaulo.sp.leg.br\\\/apartes-anteriores\\\/#website\",\"url\":\"https:\\\/\\\/homolog.saopaulo.sp.leg.br\\\/apartes-anteriores\\\/\",\"name\":\"Revista Apartes (edi\u00e7\u00f5es anteriores)\",\"description\":\"Revista Apartes (edi\u00e7\u00f5es anteriores)\",\"potentialAction\":[{\"@type\":\"SearchAction\",\"target\":{\"@type\":\"EntryPoint\",\"urlTemplate\":\"https:\\\/\\\/homolog.saopaulo.sp.leg.br\\\/apartes-anteriores\\\/?s={search_term_string}\"},\"query-input\":{\"@type\":\"PropertyValueSpecification\",\"valueRequired\":true,\"valueName\":\"search_term_string\"}}],\"inLanguage\":\"pt-BR\"}]}<\/script>\r\n<!-- \/ Yoast SEO plugin. -->","yoast_head_json":{"title":"N\u00ba05 - CPI dos Estacionamentos - Revista Apartes (edi\u00e7\u00f5es anteriores)","robots":{"index":"noindex","follow":"follow","max-snippet":"max-snippet:-1","max-image-preview":"max-image-preview:large","max-video-preview":"max-video-preview:-1"},"og_locale":"pt_BR","og_type":"article","og_title":"Mais fiscaliza\u00e7\u00e3o e menos burocracia","og_description":"CPI quer facilitar a emiss\u00e3o de licen\u00e7as de funcionamento","og_url":"https:\/\/www.saopaulo.sp.leg.br\/apartes-anteriores\/revista-apartes\/numero-5-janeiro-fevereiro2014\/no05-mais-fiscalizacao-e-menos-burocracia\/","og_site_name":"Revista Apartes (edi\u00e7\u00f5es anteriores)","article_publisher":"https:\/\/www.facebook.com\/RevistaApartes\/","article_modified_time":"2016-12-16T20:32:12+00:00","og_image":[{"url":"http:\/\/www.saopaulo.sp.leg.br\/apartes-anteriores\/wp-content\/uploads\/sites\/9\/2016\/11\/apartes_n05_32.jpg","type":"","width":"","height":""}],"twitter_card":"summary_large_image","twitter_title":"Mais fiscaliza\u00e7\u00e3o e menos burocracia","twitter_description":"CPI quer facilitar a emiss\u00e3o de licen\u00e7as de funcionamento","twitter_site":"@revistaapartes","twitter_misc":{"Est. tempo de leitura":"4 minutos"},"schema":{"@context":"https:\/\/schema.org","@graph":[{"@type":"WebPage","@id":"https:\/\/www.saopaulo.sp.leg.br\/apartes-anteriores\/revista-apartes\/numero-5-janeiro-fevereiro2014\/no05-mais-fiscalizacao-e-menos-burocracia\/","url":"https:\/\/www.saopaulo.sp.leg.br\/apartes-anteriores\/revista-apartes\/numero-5-janeiro-fevereiro2014\/no05-mais-fiscalizacao-e-menos-burocracia\/","name":"N\u00ba05 - CPI dos Estacionamentos - Revista Apartes (edi\u00e7\u00f5es anteriores)","isPartOf":{"@id":"https:\/\/homolog.saopaulo.sp.leg.br\/apartes-anteriores\/#website"},"primaryImageOfPage":{"@id":"https:\/\/www.saopaulo.sp.leg.br\/apartes-anteriores\/revista-apartes\/numero-5-janeiro-fevereiro2014\/no05-mais-fiscalizacao-e-menos-burocracia\/#primaryimage"},"image":{"@id":"https:\/\/www.saopaulo.sp.leg.br\/apartes-anteriores\/revista-apartes\/numero-5-janeiro-fevereiro2014\/no05-mais-fiscalizacao-e-menos-burocracia\/#primaryimage"},"thumbnailUrl":"http:\/\/homolog.saopaulo.sp.leg.br\/apartes-anteriores\/wp-content\/uploads\/sites\/9\/2016\/11\/apartes_n05_32.jpg","datePublished":"2016-11-28T17:04:56+00:00","dateModified":"2016-12-16T20:32:12+00:00","breadcrumb":{"@id":"https:\/\/www.saopaulo.sp.leg.br\/apartes-anteriores\/revista-apartes\/numero-5-janeiro-fevereiro2014\/no05-mais-fiscalizacao-e-menos-burocracia\/#breadcrumb"},"inLanguage":"pt-BR","potentialAction":[{"@type":"ReadAction","target":["https:\/\/www.saopaulo.sp.leg.br\/apartes-anteriores\/revista-apartes\/numero-5-janeiro-fevereiro2014\/no05-mais-fiscalizacao-e-menos-burocracia\/"]}]},{"@type":"ImageObject","inLanguage":"pt-BR","@id":"https:\/\/www.saopaulo.sp.leg.br\/apartes-anteriores\/revista-apartes\/numero-5-janeiro-fevereiro2014\/no05-mais-fiscalizacao-e-menos-burocracia\/#primaryimage","url":"https:\/\/homolog.saopaulo.sp.leg.br\/apartes-anteriores\/wp-content\/uploads\/sites\/9\/2016\/11\/apartes_n05_32.jpg","contentUrl":"https:\/\/homolog.saopaulo.sp.leg.br\/apartes-anteriores\/wp-content\/uploads\/sites\/9\/2016\/11\/apartes_n05_32.jpg","width":2405,"height":1373},{"@type":"BreadcrumbList","@id":"https:\/\/www.saopaulo.sp.leg.br\/apartes-anteriores\/revista-apartes\/numero-5-janeiro-fevereiro2014\/no05-mais-fiscalizacao-e-menos-burocracia\/#breadcrumb","itemListElement":[{"@type":"ListItem","position":1,"name":"Home","item":"https:\/\/www.saopaulo.sp.leg.br\/apartes-anteriores\/"},{"@type":"ListItem","position":2,"name":"Revista Apartes","item":"https:\/\/www.saopaulo.sp.leg.br\/apartes-anteriores\/"},{"@type":"ListItem","position":3,"name":"N\u00famero 05 &#8211; jan-fev\/2014","item":"https:\/\/www.saopaulo.sp.leg.br\/apartes-anteriores\/revista-apartes\/numero-5-janeiro-fevereiro2014\/"},{"@type":"ListItem","position":4,"name":"N\u00ba05 &#8211; CPI dos Estacionamentos"}]},{"@type":"WebSite","@id":"https:\/\/homolog.saopaulo.sp.leg.br\/apartes-anteriores\/#website","url":"https:\/\/homolog.saopaulo.sp.leg.br\/apartes-anteriores\/","name":"Revista Apartes (edi\u00e7\u00f5es anteriores)","description":"Revista Apartes (edi\u00e7\u00f5es anteriores)","potentialAction":[{"@type":"SearchAction","target":{"@type":"EntryPoint","urlTemplate":"https:\/\/homolog.saopaulo.sp.leg.br\/apartes-anteriores\/?s={search_term_string}"},"query-input":{"@type":"PropertyValueSpecification","valueRequired":true,"valueName":"search_term_string"}}],"inLanguage":"pt-BR"}]}},"_links":{"self":[{"href":"https:\/\/homolog.saopaulo.sp.leg.br\/apartes-anteriores\/wp-json\/wp\/v2\/pages\/38286","targetHints":{"allow":["GET"]}}],"collection":[{"href":"https:\/\/homolog.saopaulo.sp.leg.br\/apartes-anteriores\/wp-json\/wp\/v2\/pages"}],"about":[{"href":"https:\/\/homolog.saopaulo.sp.leg.br\/apartes-anteriores\/wp-json\/wp\/v2\/types\/page"}],"author":[{"embeddable":true,"href":"https:\/\/homolog.saopaulo.sp.leg.br\/apartes-anteriores\/wp-json\/wp\/v2\/users\/109"}],"replies":[{"embeddable":true,"href":"https:\/\/homolog.saopaulo.sp.leg.br\/apartes-anteriores\/wp-json\/wp\/v2\/comments?post=38286"}],"version-history":[{"count":4,"href":"https:\/\/homolog.saopaulo.sp.leg.br\/apartes-anteriores\/wp-json\/wp\/v2\/pages\/38286\/revisions"}],"predecessor-version":[{"id":38677,"href":"https:\/\/homolog.saopaulo.sp.leg.br\/apartes-anteriores\/wp-json\/wp\/v2\/pages\/38286\/revisions\/38677"}],"up":[{"embeddable":true,"href":"https:\/\/homolog.saopaulo.sp.leg.br\/apartes-anteriores\/wp-json\/wp\/v2\/pages\/24330"}],"wp:attachment":[{"href":"https:\/\/homolog.saopaulo.sp.leg.br\/apartes-anteriores\/wp-json\/wp\/v2\/media?parent=38286"}],"curies":[{"name":"wp","href":"https:\/\/api.w.org\/{rel}","templated":true}]}}