{"id":118,"date":"2021-05-19T18:08:24","date_gmt":"2021-05-19T21:08:24","guid":{"rendered":"https:\/\/homolog.saopaulo.sp.leg.br\/audienciaspublicas\/?page_id=118"},"modified":"2022-06-06T12:43:12","modified_gmt":"2022-06-06T15:43:12","slug":"audiencias-realizadas","status":"publish","type":"page","link":"https:\/\/homolog.saopaulo.sp.leg.br\/audienciaspublicas\/audiencias-realizadas\/","title":{"rendered":"Audi\u00eancias Realizadas"},"content":{"rendered":"<div class=\"cf\" style=\"margin-bottom:40px\">\n<div class=\"teclas\"><a class=\"linkDestaque\" href=\"https:\/\/homolog.saopaulo.sp.leg.br\/audienciaspublicas\/audiencias-agendadas\/\">Audi\u00eancias agendadas<\/a><\/div>\n<div class=\"teclas\"><a class=\"linkDestaque\" href=\"https:\/\/homolog.saopaulo.sp.leg.br\/audienciaspublicas\/audiencias\/\">Todas as Audi\u00eancias<\/a><\/div>\n<\/div>\n<p align=\"center\" style=\"font-size:0.8em;margin:-20px 0 25px\"><a href=\"https:\/\/homolog.saopaulo.sp.leg.br\/atividade-legislativa\/audiencias-publicas\/registro-escrito\/\" target=\"_blank\" rel=\"noopener\">Para Audi\u00eancias P\u00fablicas anteriores a 2020, clique aqui.<\/a><\/p>\n","protected":false},"excerpt":{"rendered":"<p>Audi\u00eancias agendadas Todas as Audi\u00eancias Para Audi\u00eancias P\u00fablicas anteriores a 2020, clique aqui.<\/p>\n","protected":false},"author":630,"featured_media":0,"parent":0,"menu_order":0,"comment_status":"closed","ping_status":"closed","template":"page-audiencias-realizadas.php","meta":{"_acf_changed":false,"footnotes":""},"class_list":["post-118","page","type-page","status-publish","hentry"],"acf":[],"_links":{"self":[{"href":"https:\/\/homolog.saopaulo.sp.leg.br\/audienciaspublicas\/wp-json\/wp\/v2\/pages\/118","targetHints":{"allow":["GET"]}}],"collection":[{"href":"https:\/\/homolog.saopaulo.sp.leg.br\/audienciaspublicas\/wp-json\/wp\/v2\/pages"}],"about":[{"href":"https:\/\/homolog.saopaulo.sp.leg.br\/audienciaspublicas\/wp-json\/wp\/v2\/types\/page"}],"author":[{"embeddable":true,"href":"https:\/\/homolog.saopaulo.sp.leg.br\/audienciaspublicas\/wp-json\/wp\/v2\/users\/630"}],"replies":[{"embeddable":true,"href":"https:\/\/homolog.saopaulo.sp.leg.br\/audienciaspublicas\/wp-json\/wp\/v2\/comments?post=118"}],"version-history":[{"count":5,"href":"https:\/\/homolog.saopaulo.sp.leg.br\/audienciaspublicas\/wp-json\/wp\/v2\/pages\/118\/revisions"}],"predecessor-version":[{"id":1055,"href":"https:\/\/homolog.saopaulo.sp.leg.br\/audienciaspublicas\/wp-json\/wp\/v2\/pages\/118\/revisions\/1055"}],"wp:attachment":[{"href":"https:\/\/homolog.saopaulo.sp.leg.br\/audienciaspublicas\/wp-json\/wp\/v2\/media?parent=118"}],"curies":[{"name":"wp","href":"https:\/\/api.w.org\/{rel}","templated":true}]}}