{"id":179,"date":"2021-07-05T15:03:20","date_gmt":"2021-07-05T18:03:20","guid":{"rendered":"https:\/\/homolog.saopaulo.sp.leg.br\/audienciaspublicas\/?page_id=179"},"modified":"2024-07-18T15:54:16","modified_gmt":"2024-07-18T18:54:16","slug":"contato","status":"publish","type":"page","link":"https:\/\/homolog.saopaulo.sp.leg.br\/audienciaspublicas\/contato\/","title":{"rendered":"Contato"},"content":{"rendered":"<p>As\u00a0<b>Comiss\u00f5es Permanentes de Car\u00e1ter T\u00e9cnico-Legislativo<\/b> s\u00e3o sete e t\u00eam, entre outras atribui\u00e7\u00f5es, a compet\u00eancia de convocar e realizar Audi\u00eancias P\u00fablicas. Entre em contato!<\/p>\n<div class=\"recuo cf\">\n<div class=\"comissao cf\">\n<p><a class=\"comissao alignleft\" style=\"margin: 0 15px 0 0\" href=\"https:\/\/homolog.saopaulo.sp.leg.br\/comissao\/comissoes-do-processo-legislativo\/comissao-de-constituicao-justica-e-legislacao-participativa\/\"><img loading=\"lazy\" decoding=\"async\" class=\"alignleft wp-image-6607\" src=\"http:\/\/homolog.saopaulo.sp.leg.br\/audienciaspublicas\/wp-content\/uploads\/sites\/36\/2024\/07\/01CCJ-01-125x125-1.png\" alt=\"Comiss\u00e3o de Constitui\u00e7\u00e3o, Justi\u00e7a e Legisla\u00e7\u00e3o Participativa\" width=\"81\" height=\"81\" \/><\/a><\/p>\n<div class=\"alignleft\"><strong><a href=\"https:\/\/homolog.saopaulo.sp.leg.br\/comissao\/comissoes-do-processo-legislativo\/comissao-de-constituicao-justica-e-legislacao-participativa\/\">Comiss\u00e3o de Constitui\u00e7\u00e3o, Justi\u00e7a e Legisla\u00e7\u00e3o Participativa<\/a><\/strong><br \/>\n<a class=\"sublink\" href=\"mailto:ccj@saopaulo.sp.leg.br\">ccj@saopaulo.sp.leg.br<\/a><\/div>\n<\/div>\n<div class=\"comissao cf\">\n<p><a class=\"comissao alignleft\" style=\"margin: 0 15px 0 0\" href=\"https:\/\/homolog.saopaulo.sp.leg.br\/atividade-legislativa\/comissoes\/?p=41824\"><img loading=\"lazy\" decoding=\"async\" class=\"alignleft wp-image-6609\" src=\"http:\/\/homolog.saopaulo.sp.leg.br\/audienciaspublicas\/wp-content\/uploads\/sites\/36\/2024\/07\/02FIN-01-125x125-1.png\" alt=\"Comiss\u00e3o de Finan\u00e7as e Or\u00e7amento\" width=\"81\" height=\"81\" \/><\/a><\/p>\n<div class=\"alignleft\"><strong><a href=\"https:\/\/homolog.saopaulo.sp.leg.br\/atividade-legislativa\/comissoes\/?p=41824\">Comiss\u00e3o de Finan\u00e7as e Or\u00e7amento<\/a><\/strong><br \/>\n<a class=\"sublink\" href=\"mailto:financas@saopaulo.sp.leg.br\">financas@saopaulo.sp.leg.br<\/a><\/div>\n<\/div>\n<div class=\"comissao cf\">\n<p><a class=\"comissao alignleft\" style=\"margin: 0 15px 0 0\" href=\"https:\/\/homolog.saopaulo.sp.leg.br\/atividade-legislativa\/comissoes\/?p=41815\"><img loading=\"lazy\" decoding=\"async\" class=\"alignleft wp-image-6607\" src=\"http:\/\/homolog.saopaulo.sp.leg.br\/audienciaspublicas\/wp-content\/uploads\/sites\/36\/2024\/07\/03URB-01-125x125-1.png\" alt=\"Comiss\u00e3o de Pol\u00edtica Urbana, Metropolitana e Meio Ambiente\" width=\"81\" height=\"81\" \/><\/a><\/p>\n<div class=\"alignleft\"><strong><a href=\"https:\/\/homolog.saopaulo.sp.leg.br\/atividade-legislativa\/comissoes\/?p=41815\">Comiss\u00e3o de Pol\u00edtica Urbana, Metropolitana e Meio Ambiente<\/a><\/strong><br \/>\n<a class=\"sublink\" href=\"mailto:urb@saopaulo.sp.leg.br\">urb@saopaulo.sp.leg.br<\/a><\/div>\n<\/div>\n<div class=\"comissao cf\">\n<p><a class=\"comissao alignleft\" style=\"margin: 0 15px 0 0\" href=\"https:\/\/homolog.saopaulo.sp.leg.br\/atividade-legislativa\/comissoes\/?p=41603\"><img loading=\"lazy\" decoding=\"async\" class=\"alignleft wp-image-6607\" src=\"http:\/\/homolog.saopaulo.sp.leg.br\/audienciaspublicas\/wp-content\/uploads\/sites\/36\/2024\/07\/04ADM-01-125x125-1.png\" alt=\"Comiss\u00e3o de Administra\u00e7\u00e3o P\u00fablica\" width=\"81\" height=\"81\" \/><\/a><\/p>\n<div class=\"alignleft\"><strong><a href=\"https:\/\/homolog.saopaulo.sp.leg.br\/atividade-legislativa\/comissoes\/?p=41603\">Comiss\u00e3o de Administra\u00e7\u00e3o P\u00fablica<\/a><\/strong><br \/>\n<a class=\"sublink\" href=\"mailto:adm@saopaulo.sp.leg.br\">adm@saopaulo.sp.leg.br<\/a><\/div>\n<\/div>\n<div class=\"comissao cf\">\n<p><a class=\"comissao alignleft\" style=\"margin: 0 15px 0 0\" href=\"https:\/\/homolog.saopaulo.sp.leg.br\/atividade-legislativa\/comissoes\/?p=41817\"><img loading=\"lazy\" decoding=\"async\" class=\"alignleft wp-image-6607\" src=\"http:\/\/homolog.saopaulo.sp.leg.br\/audienciaspublicas\/wp-content\/uploads\/sites\/36\/2024\/07\/05ECON-01-125x125-1.png\" alt=\"Comiss\u00e3o de Tr\u00e2nsito, Transporte e Atividade Econ\u00f4mica\" width=\"81\" height=\"81\" \/><\/a><\/p>\n<div class=\"alignleft\"><strong><a href=\"https:\/\/homolog.saopaulo.sp.leg.br\/atividade-legislativa\/comissoes\/?p=41817\">Comiss\u00e3o de Tr\u00e2nsito, Transporte e Atividade Econ\u00f4mica<\/a><\/strong><br \/>\n<a class=\"sublink\" href=\"mailto:transito@saopaulo.sp.leg.br\">transito@saopaulo.sp.leg.br<\/a><\/div>\n<\/div>\n<div class=\"comissao cf\">\n<p><a class=\"comissao alignleft\" style=\"margin: 0 15px 0 0\" href=\"https:\/\/homolog.saopaulo.sp.leg.br\/atividade-legislativa\/comissoes\/?p=41823\"><img loading=\"lazy\" decoding=\"async\" class=\"alignleft wp-image-6607\" src=\"http:\/\/homolog.saopaulo.sp.leg.br\/audienciaspublicas\/wp-content\/uploads\/sites\/36\/2024\/07\/06EDUC-01-125x125-1.png\" alt=\"Comiss\u00e3o de Educa\u00e7\u00e3o, Cultura e Esportes\" width=\"81\" height=\"81\" \/><\/a><\/p>\n<div class=\"alignleft\"><strong><a href=\"https:\/\/homolog.saopaulo.sp.leg.br\/atividade-legislativa\/comissoes\/?p=41823\">Comiss\u00e3o de Educa\u00e7\u00e3o, Cultura e Esportes<\/a><\/strong><br \/>\n<a class=\"sublink\" href=\"mailto:educ@saopaulo.sp.leg.br\">educ@saopaulo.sp.leg.br<\/a><\/div>\n<\/div>\n<div class=\"comissao cf\">\n<p><a class=\"comissao alignleft\" style=\"margin: 0 15px 0 0\" href=\"https:\/\/homolog.saopaulo.sp.leg.br\/atividade-legislativa\/comissoes\/?p=41816\"><img loading=\"lazy\" decoding=\"async\" class=\"alignleft wp-image-6607\" src=\"http:\/\/homolog.saopaulo.sp.leg.br\/audienciaspublicas\/wp-content\/uploads\/sites\/36\/2024\/07\/07SAU-01-125x125-1.png\" alt=\"Comiss\u00e3o de Sa\u00fade, Promo\u00e7\u00e3o Social, Trabalho e Mulher\" width=\"81\" height=\"81\" \/><\/a><\/p>\n<div class=\"alignleft\"><strong><a href=\"https:\/\/homolog.saopaulo.sp.leg.br\/atividade-legislativa\/comissoes\/?p=41816\">Comiss\u00e3o de Sa\u00fade, Promo\u00e7\u00e3o Social, Trabalho e Mulher<\/a><\/strong><br \/>\n<a class=\"sublink\" href=\"mailto:saude@saopaulo.sp.leg.br\">saude@saopaulo.sp.leg.br<\/a><\/div>\n<\/div>\n<\/div>\n<p>As\u00a0<strong>Comiss\u00f5es Extraordin\u00e1rias<\/strong> s\u00e3o oito e t\u00eam a compet\u00eancia de promover estudos e debates, avaliar e promover pol\u00edticas p\u00fablicas nas respectivas \u00e1reas de atua\u00e7\u00e3o.<\/p>\n<div class=\"recuo cf\">\n<div class=\"comissao cf\">\n<p><a class=\"comissao alignleft\" style=\"margin: 0 15px 0 0\" href=\"https:\/\/homolog.saopaulo.sp.leg.br\/comissao\/comissoes-extraordinarias\/turismo-lazer-e-gastronomia\/\"><img loading=\"lazy\" decoding=\"async\" class=\"iconeCom wp-post-image\" src=\"http:\/\/homolog.saopaulo.sp.leg.br\/audienciaspublicas\/wp-content\/uploads\/sites\/36\/2024\/07\/TURISMO-01-125x125-1.png\" alt=\"Comiss\u00e3o Extraordin\u00e1ria de Apoio ao Desenvolvimento do Turismo, do Lazer e da Gastronomia\" width=\"81\" height=\"81\" \/><\/a><\/p>\n<div class=\"alignleft\"><strong><a href=\"https:\/\/homolog.saopaulo.sp.leg.br\/comissao\/comissoes-extraordinarias\/turismo-lazer-e-gastronomia\/\">Comiss\u00e3o Extraordin\u00e1ria de Apoio ao Desenvolvimento do Turismo,<br \/>\ndo Lazer e da Gastronomia<\/a><\/strong><br \/>\n<a class=\"sublink\" href=\"mailto:turismo@saopaulo.sp.leg.br\">turismo@saopaulo.sp.leg.br<\/a><\/div>\n<\/div>\n<div class=\"comissao cf\">\n<p><a class=\"comissao alignleft\" style=\"margin: 0 15px 0 0\" href=\"https:\/\/homolog.saopaulo.sp.leg.br\/comissao\/comissoes-extraordinarias\/comissao-extraordinaria-de-relacoes-internacionais\/\"><img loading=\"lazy\" decoding=\"async\" class=\"iconeCom wp-post-image\" src=\"http:\/\/homolog.saopaulo.sp.leg.br\/audienciaspublicas\/wp-content\/uploads\/sites\/36\/2024\/07\/INTER-01-125x125-1.png\" alt=\"Comiss\u00e3o Extraordin\u00e1ria de Rela\u00e7\u00f5es Internacionais\" width=\"81\" height=\"81\" \/><\/a><\/p>\n<div class=\"alignleft\"><strong><a href=\"https:\/\/homolog.saopaulo.sp.leg.br\/comissao\/comissoes-extraordinarias\/comissao-extraordinaria-de-relacoes-internacionais\/\">Comiss\u00e3o Extraordin\u00e1ria de Rela\u00e7\u00f5es Internacionais<\/a><\/strong><br \/>\n<a class=\"sublink\" href=\"mailto:relacoesinternacionais@saopaulo.sp.leg.br\">relacoesinternacionais@saopaulo.sp.leg.br<\/a><\/div>\n<\/div>\n<div class=\"comissao cf\">\n<p><a class=\"comissao alignleft\" style=\"margin: 0 15px 0 0\" href=\"https:\/\/homolog.saopaulo.sp.leg.br\/comissao\/comissoes-extraordinarias\/comissao-extraordinaria-de-defesa-dos-direitos-humanos-cidadania\/\"><img loading=\"lazy\" decoding=\"async\" class=\"iconeCom wp-post-image\" src=\"http:\/\/homolog.saopaulo.sp.leg.br\/audienciaspublicas\/wp-content\/uploads\/sites\/36\/2024\/07\/DHUMANOS-01-125x125-1.png\" alt=\"Comiss\u00e3o Extraordin\u00e1ria de Direitos Humanos e Cidadania\" width=\"81\" height=\"81\" \/><\/a><\/p>\n<div class=\"alignleft\"><strong><a href=\"https:\/\/homolog.saopaulo.sp.leg.br\/comissao\/comissoes-extraordinarias\/comissao-extraordinaria-de-defesa-dos-direitos-humanos-cidadania\/\">Comiss\u00e3o Extraordin\u00e1ria de Direitos Humanos e Cidadania<\/a><\/strong><br \/>\n<a class=\"sublink\" href=\"mailto:dhumanos@saopaulo.sp.leg.br\">dhumanos@saopaulo.sp.leg.br<\/a><\/div>\n<\/div>\n<div class=\"comissao cf\">\n<p><a class=\"comissao alignleft\" style=\"margin: 0 15px 0 0\" href=\"https:\/\/homolog.saopaulo.sp.leg.br\/comissao\/comissoes-extraordinarias\/comissao-extraordinaria-de-defesa-dos-direitos-da-crianca-do-adolescente-e-da-juventude\/\"><img loading=\"lazy\" decoding=\"async\" class=\"iconeCom wp-post-image\" src=\"http:\/\/homolog.saopaulo.sp.leg.br\/audienciaspublicas\/wp-content\/uploads\/sites\/36\/2024\/07\/CRIANCA-01-125x125-1.png\" alt=\"Comiss\u00e3o Extraordin\u00e1ria de Defesa dos Direitos da Crian\u00e7a, do Adolescente e da Juventude\" width=\"81\" height=\"81\" \/><\/a><\/p>\n<div class=\"alignleft\"><strong><a href=\"https:\/\/homolog.saopaulo.sp.leg.br\/comissao\/comissoes-extraordinarias\/comissao-extraordinaria-de-defesa-dos-direitos-da-crianca-do-adolescente-e-da-juventude\">Comiss\u00e3o Extraordin\u00e1ria de Defesa dos Direitos da Crian\u00e7a,<br \/>\ndo Adolescente e da Juventude<\/a><\/strong><br \/>\n<a class=\"sublink\" href=\"mailto:criancaadolescente@saopaulo.sp.leg.br\">criancaadolescente@saopaulo.sp.leg.br<\/a><\/div>\n<\/div>\n<div class=\"comissao cf\">\n<p><a class=\"comissao alignleft\" style=\"margin: 0 15px 0 0\" href=\"https:\/\/homolog.saopaulo.sp.leg.br\/comissao\/comissoes-extraordinarias\/comissao-extraordinaria-permanente-do-idoso-e-de-assistencia-social\/\"><img loading=\"lazy\" decoding=\"async\" class=\"iconeCom wp-post-image\" src=\"http:\/\/homolog.saopaulo.sp.leg.br\/audienciaspublicas\/wp-content\/uploads\/sites\/36\/2024\/07\/IDOSOv2-01-125x125-1.png\" alt=\"Comiss\u00e3o Extraordin\u00e1ria do Idoso e de Assist\u00eancia Social\" width=\"81\" height=\"81\" \/><\/a><\/p>\n<div class=\"alignleft\"><strong><a href=\"https:\/\/homolog.saopaulo.sp.leg.br\/comissao\/comissoes-extraordinarias\/comissao-extraordinaria-permanente-do-idoso-e-de-assistencia-social\/\">Comiss\u00e3o Extraordin\u00e1ria do Idoso e de Assist\u00eancia Social<\/a><\/strong><br \/>\n<a class=\"sublink\" href=\"mailto:idoso_assistenciasocial@saopaulo.sp.leg.br\">idoso_assistenciasocial@saopaulo.sp.leg.br<\/a><\/div>\n<\/div>\n<div class=\"comissao cf\">\n<p><a class=\"comissao alignleft\" style=\"margin: 0 15px 0 0\" href=\"https:\/\/homolog.saopaulo.sp.leg.br\/comissao\/comissoes-extraordinarias\/comissao-extraordinaria-de-seguranca-publica\/\"><img loading=\"lazy\" decoding=\"async\" class=\"iconeCom wp-post-image\" src=\"http:\/\/homolog.saopaulo.sp.leg.br\/audienciaspublicas\/wp-content\/uploads\/sites\/36\/2024\/07\/SEGURANCA-01-125x125-1.png\" alt=\"Comiss\u00e3o Extraordin\u00e1ria de Seguran\u00e7a P\u00fablica\" width=\"81\" height=\"81\" \/><\/a><\/p>\n<div class=\"alignleft\"><strong><a href=\"https:\/\/homolog.saopaulo.sp.leg.br\/comissao\/comissoes-extraordinarias\/comissao-extraordinaria-de-seguranca-publica\/\">Comiss\u00e3o Extraordin\u00e1ria de Seguran\u00e7a P\u00fablica<\/a><\/strong><br \/>\n<a class=\"sublink\" href=\"mailto:segurancapublica@saopaulo.sp.leg.br\">segurancapublica@saopaulo.sp.leg.br<\/a><\/div>\n<\/div>\n<div class=\"comissao cf\">\n<p><a class=\"comissao alignleft\" style=\"margin: 0 15px 0 0\" href=\"https:\/\/homolog.saopaulo.sp.leg.br\/comissao\/comissoes-extraordinarias\/comissao-extraordinaria-de-meio-ambiente-e-direito-dos-animais\/\"><img loading=\"lazy\" decoding=\"async\" class=\"iconeCom wp-post-image\" src=\"http:\/\/homolog.saopaulo.sp.leg.br\/audienciaspublicas\/wp-content\/uploads\/sites\/36\/2024\/07\/MEIOAMBv3-01-125x125-1.png\" alt=\"Comiss\u00e3o Extraordin\u00e1ria de Meio Ambiente e Direito dos Animais\" width=\"81\" height=\"81\" \/><\/a><\/p>\n<div class=\"alignleft\"><strong><a href=\"https:\/\/homolog.saopaulo.sp.leg.br\/comissao\/comissoes-extraordinarias\/comissao-extraordinaria-de-meio-ambiente-e-direito-dos-animais\/\">Comiss\u00e3o Extraordin\u00e1ria de Meio Ambiente e Direito dos Animais<\/a><\/strong><br \/>\n<a class=\"sublink\" href=\"mailto:meioambiente@saopaulo.sp.leg.br\">meioambiente@saopaulo.sp.leg.br<\/a><\/div>\n<\/div>\n<div class=\"comissao cf\">\n<p><a class=\"comissao alignleft\" style=\"margin: 0 15px 0 0\" href=\"https:\/\/homolog.saopaulo.sp.leg.br\/comissao\/comissoes-extraordinarias\/comissao-extraordinaria-de-inovacao-tecnologia-e-cidade-inteligente\/\"><img loading=\"lazy\" decoding=\"async\" class=\"iconeCom wp-post-image\" src=\"\/\/homolog.saopaulo.sp.leg.br\/audienciaspublicas\/wp-content\/uploads\/sites\/36\/2024\/07\/tecnologia.png\" alt=\"Comiss\u00e3o Extraordin\u00e1ria de Inova\u00e7\u00e3o, Tecnologia e Cidade Inteligente\" width=\"81\" height=\"81\" \/><\/a><\/p>\n<div class=\"alignleft\"><strong><a href=\"https:\/\/homolog.saopaulo.sp.leg.br\/comissao\/comissoes-extraordinarias\/comissao-extraordinaria-de-inovacao-tecnologia-e-cidade-inteligente\/\">Comiss\u00e3o Extraordin\u00e1ria de Inova\u00e7\u00e3o, Tecnologia e Cidade Inteligente<\/a><\/strong><\/div>\n<\/div>\n<\/div>\n<p>Para saber mais sobre as Comiss\u00f5es Permanentes, conhecer as Comiss\u00f5es Extraordin\u00e1rias e as Comiss\u00f5es Parlamentares de Inqu\u00e9rito da atual legislatura, visite o Portal CMSP.<\/p>\n<p><a class=\"linkDestaque\" href=\"https:\/\/homolog.saopaulo.sp.leg.br\/atividade-legislativa\/comissoes\/\" target=\"_blank\" rel=\"noopener\">Saiba Mais sobre as Comiss\u00f5es<\/a><\/p>\n","protected":false},"excerpt":{"rendered":"<p>As\u00a0Comiss\u00f5es Permanentes de Car\u00e1ter T\u00e9cnico-Legislativo s\u00e3o sete e t\u00eam, entre outras atribui\u00e7\u00f5es, a compet\u00eancia de convocar e realizar Audi\u00eancias P\u00fablicas. Entre em contato! Comiss\u00e3o de Constitui\u00e7\u00e3o, Justi\u00e7a e Legisla\u00e7\u00e3o Participativa ccj@saopaulo.sp.leg.br Comiss\u00e3o de Finan\u00e7as e Or\u00e7amento financas@saopaulo.sp.leg.br Comiss\u00e3o de Pol\u00edtica Urbana, Metropolitana e Meio Ambiente urb@saopaulo.sp.leg.br Comiss\u00e3o de Administra\u00e7\u00e3o P\u00fablica adm@saopaulo.sp.leg.br Comiss\u00e3o de Tr\u00e2nsito, Transporte [&hellip;]<\/p>\n","protected":false},"author":630,"featured_media":0,"parent":0,"menu_order":0,"comment_status":"closed","ping_status":"closed","template":"","meta":{"_acf_changed":false,"footnotes":""},"class_list":["post-179","page","type-page","status-publish","hentry"],"acf":[],"_links":{"self":[{"href":"https:\/\/homolog.saopaulo.sp.leg.br\/audienciaspublicas\/wp-json\/wp\/v2\/pages\/179","targetHints":{"allow":["GET"]}}],"collection":[{"href":"https:\/\/homolog.saopaulo.sp.leg.br\/audienciaspublicas\/wp-json\/wp\/v2\/pages"}],"about":[{"href":"https:\/\/homolog.saopaulo.sp.leg.br\/audienciaspublicas\/wp-json\/wp\/v2\/types\/page"}],"author":[{"embeddable":true,"href":"https:\/\/homolog.saopaulo.sp.leg.br\/audienciaspublicas\/wp-json\/wp\/v2\/users\/630"}],"replies":[{"embeddable":true,"href":"https:\/\/homolog.saopaulo.sp.leg.br\/audienciaspublicas\/wp-json\/wp\/v2\/comments?post=179"}],"version-history":[{"count":6,"href":"https:\/\/homolog.saopaulo.sp.leg.br\/audienciaspublicas\/wp-json\/wp\/v2\/pages\/179\/revisions"}],"predecessor-version":[{"id":6633,"href":"https:\/\/homolog.saopaulo.sp.leg.br\/audienciaspublicas\/wp-json\/wp\/v2\/pages\/179\/revisions\/6633"}],"wp:attachment":[{"href":"https:\/\/homolog.saopaulo.sp.leg.br\/audienciaspublicas\/wp-json\/wp\/v2\/media?parent=179"}],"curies":[{"name":"wp","href":"https:\/\/api.w.org\/{rel}","templated":true}]}}