{"id":28,"date":"2019-06-04T14:53:30","date_gmt":"2019-06-04T17:53:30","guid":{"rendered":"http:\/\/homolog.saopaulo.sp.leg.br\/cadastro-fornecedores-publicidade\/?page_id=28"},"modified":"2023-10-25T14:21:59","modified_gmt":"2023-10-25T17:21:59","slug":"cadastrar","status":"publish","type":"page","link":"https:\/\/homolog.saopaulo.sp.leg.br\/cadastro-fornecedores-publicidade\/cadastrar\/","title":{"rendered":"Cadastrar"},"content":{"rendered":"<p><strong>Antes de prosseguir, leia com aten\u00e7\u00e3o o Ato Normativo que regulamenta o Cadastro de Fornecedores de Publicidade:<\/strong><\/p>\n<p><a href=\"https:\/\/homolog.saopaulo.sp.leg.br\/cadastro-fornecedores-publicidade\/wp-content\/uploads\/sites\/29\/2019\/06\/AC143419.pdf\">Ato de cadastramento de fornecedores de publicidade no \u00e2mbito da CMSP<\/a><\/p>\n<p><strong>IMPORTANTE:<strong> Ap\u00f3s o cadastro, ser\u00e1 necess\u00e1rio subir TODOS os documentos listados no Ato (devidamente assinados e digitalizados em formato PDF). Dentre tais documentos, est\u00e3o os formul\u00e1rios listados abaixo (formato MS Word):<\/p>\n<ul>\n<li><a href=\"https:\/\/homolog.saopaulo.sp.leg.br\/cadastro-fornecedores-publicidade\/wp-content\/uploads\/sites\/29\/2019\/06\/ANEXO-I.docx\">Anexo I &#8211; Pedido de Requerimento Cadastral<\/a><\/li>\n<li><a href=\"https:\/\/homolog.saopaulo.sp.leg.br\/cadastro-fornecedores-publicidade\/wp-content\/uploads\/sites\/29\/2019\/06\/ANEXO-II.docx\">Anexo II &#8211; Ficha Cadastral (Pessoa Jur\u00eddica)<\/a><\/li>\n<li><a href=\"https:\/\/homolog.saopaulo.sp.leg.br\/cadastro-fornecedores-publicidade\/wp-content\/uploads\/sites\/29\/2019\/06\/ANEXO-III.docx\">Anexo III &#8211; Ficha Cadastral (Pessoa F\u00edsica)<\/a><\/li>\n<li><a href=\"https:\/\/homolog.saopaulo.sp.leg.br\/cadastro-fornecedores-publicidade\/wp-content\/uploads\/sites\/29\/2019\/06\/ANEXO-IV.docx\">Anexo IV &#8211; Declara\u00e7\u00e3o de inexist\u00eancia de empregados menores<\/a><\/li>\n<li><a href=\"https:\/\/homolog.saopaulo.sp.leg.br\/cadastro-fornecedores-publicidade\/wp-content\/uploads\/sites\/29\/2019\/06\/ANEXO-V.docx\">Anexo V &#8211; Declara\u00e7\u00e3o de que n\u00e3o \u00e9 cadastrado no munic\u00edpio e que nada deve \u00e0 Fazenda Municipal<\/a><\/li>\n<\/ul>\n\n<div class=\"um um-register um-5\">\n\t<div class=\"um-form\" data-mode=\"register\">\n\t\t<form method=\"post\" action=\"\">\n\t\t\t<div class=\"um-row _um_row_1 \" style=\"margin: 0 0 30px 0;\"><div class=\"um-col-1\"><div  id=\"um_field_5_tipo-de-pessoa\" class=\"um-field um-field-select  um-field-tipo-de-pessoa um-field-select um-field-type_select\" data-key=\"tipo-de-pessoa\"><div class=\"um-field-label\"><label for=\"tipo-de-pessoa-5\">Tipo de pessoa<\/label><div class=\"um-clear\"><\/div><\/div><div class=\"um-field-area  \"><select data-default=\"Pessoa Jur\u00eddica\"     name=\"tipo-de-pessoa\" id=\"tipo-de-pessoa\" data-validate=\"\" data-key=\"tipo-de-pessoa\" class=\"um-form-field valid um-s1 \" style=\"width: 100%\" data-placeholder=\"\"   aria-invalid=\"false\" ><option value=\"\"><\/option><option value=\"Pessoa F\u00edsica\" >Pessoa F\u00edsica<\/option><option value=\"Pessoa Jur\u00eddica\" selected>Pessoa Jur\u00eddica<\/option><\/select><\/div><\/div><div  id=\"um_field_5_pj_tipo\" class=\"um-field um-field-select  um-is-conditional um-field-pj_tipo um-field-select um-field-type_select\" data-key=\"pj_tipo\" data-cond-0-action=\"show\" data-cond-0-field=\"tipo-de-pessoa\" data-cond-0-operator=\"equals to\" data-cond-0-value=\"Pessoa Jur\u00eddica\"><div class=\"um-field-label\"><label for=\"pj_tipo-5\">Tipo de Pessoa Jur\u00eddica<\/label><div class=\"um-clear\"><\/div><\/div><div class=\"um-field-area  \"><select data-default=\"III \u2013 sociedade simples;\"     name=\"pj_tipo\" id=\"pj_tipo\" data-validate=\"\" data-key=\"pj_tipo\" class=\"um-form-field valid um-s1 \" style=\"width: 100%\" data-placeholder=\"\"   aria-invalid=\"false\" ><option value=\"\"><\/option><option value=\"I \u2013 empresas individuais de responsabilidade limitada e sociedade empres\u00e1ria\" >I \u2013 empresas individuais de responsabilidade limitada e sociedade empres\u00e1ria<\/option><option value=\"II \u2013 sociedade por a\u00e7\u00f5es\" >II \u2013 sociedade por a\u00e7\u00f5es<\/option><option value=\"III \u2013 sociedade simples\" >III \u2013 sociedade simples<\/option><option value=\"IV \u2013 empres\u00e1rio individual\" >IV \u2013 empres\u00e1rio individual<\/option><option value=\"V \u2013 cooperativas de trabalho\" >V \u2013 cooperativas de trabalho<\/option><option value=\"VI \u2013 empresa ou sociedade estrangeira em funcionamento no Brasil\" >VI \u2013 empresa ou sociedade estrangeira em funcionamento no Brasil<\/option><\/select><\/div><\/div><div  id=\"um_field_5_cnpj\" class=\"um-field um-field-text  um-is-conditional um-field-cnpj um-field-text um-field-type_text\" data-key=\"cnpj\" data-cond-0-action=\"show\" data-cond-0-field=\"tipo-de-pessoa\" data-cond-0-operator=\"equals to\" data-cond-0-value=\"Pessoa Jur\u00eddica\"><div class=\"um-field-label\"><label for=\"cnpj-5\">CNPJ<\/label><span class=\"um-tip um-tip-w\" title=\"sem pontos e tra\u00e7os\"><i class=\"um-icon-help-circled\"><\/i><\/span><div class=\"um-clear\"><\/div><\/div><div class=\"um-field-area\"><input  autocomplete=\"off\" class=\"um-form-field valid \" type=\"text\" name=\"cnpj-5\" id=\"cnpj-5\" value=\"\" placeholder=\"\" data-validate=\"unique_value\" data-key=\"cnpj\"  aria-invalid=\"false\" \/>\n\n\t\t\t\t\t\t<\/div><\/div><div  id=\"um_field_5_cpf\" class=\"um-field um-field-text  um-is-conditional um-field-cpf um-field-text um-field-type_text\" data-key=\"cpf\" data-cond-0-action=\"show\" data-cond-0-field=\"tipo-de-pessoa\" data-cond-0-operator=\"equals to\" data-cond-0-value=\"Pessoa F\u00edsica\"><div class=\"um-field-label\"><label for=\"cpf-5\">CPF<\/label><div class=\"um-clear\"><\/div><\/div><div class=\"um-field-area\"><input  autocomplete=\"off\" class=\"um-form-field valid \" type=\"text\" name=\"cpf-5\" id=\"cpf-5\" value=\"\" placeholder=\"\" data-validate=\"unique_value\" data-key=\"cpf\"  aria-invalid=\"false\" \/>\n\n\t\t\t\t\t\t<\/div><\/div><div  id=\"um_field_5_nome\" class=\"um-field um-field-text  um-field-nome um-field-text um-field-type_text\" data-key=\"nome\"><div class=\"um-field-label\"><label for=\"nome-5\">Nome<\/label><div class=\"um-clear\"><\/div><\/div><div class=\"um-field-area\"><input  autocomplete=\"off\" class=\"um-form-field valid \" type=\"text\" name=\"nome-5\" id=\"nome-5\" value=\"\" placeholder=\"\" data-validate=\"\" data-key=\"nome\"  aria-invalid=\"false\" \/>\n\n\t\t\t\t\t\t<\/div><\/div><div  id=\"um_field_5_user_email\" class=\"um-field um-field-text  um-field-user_email um-field-text um-field-type_text\" data-key=\"user_email\"><div class=\"um-field-label\"><label for=\"user_email-5\">E-mail<\/label><div class=\"um-clear\"><\/div><\/div><div class=\"um-field-area\"><input  autocomplete=\"off\" class=\"um-form-field valid \" type=\"text\" name=\"user_email-5\" id=\"user_email-5\" value=\"\" placeholder=\"\" data-validate=\"0\" data-key=\"user_email\"  aria-invalid=\"false\" \/>\n\n\t\t\t\t\t\t<\/div><\/div><div  id=\"um_field_5_phone_number\" class=\"um-field um-field-tel  um-field-phone_number um-field-tel um-field-type_tel\" data-key=\"phone_number\"><div class=\"um-field-label\"><div class=\"um-field-label-icon\"><i class=\"um-faicon-phone\" aria-label=\"Telefone \/ Whatsapp\"><\/i><\/div><label for=\"phone_number-5\">Telefone \/ Whatsapp<\/label><span class=\"um-tip um-tip-w\" title=\"Inclua o n\u00famero com o DDD\"><i class=\"um-icon-help-circled\"><\/i><\/span><div class=\"um-clear\"><\/div><\/div><div class=\"um-field-area\"><input  autocomplete=\"off\" class=\"um-form-field valid not-required \" type=\"tel\" name=\"phone_number-5\" id=\"phone_number-5\" value=\"\" placeholder=\"11-99999-9999\" data-validate=\"phone_number\" data-key=\"phone_number\"  aria-invalid=\"false\" \/>\n\n\t\t\t\t\t\t<\/div><\/div><div  id=\"um_field_5_endereco\" class=\"um-field um-field-text  um-field-endereco um-field-text um-field-type_text\" data-key=\"endereco\"><div class=\"um-field-label\"><label for=\"endereco-5\">Endere\u00e7o<\/label><div class=\"um-clear\"><\/div><\/div><div class=\"um-field-area\"><input  autocomplete=\"off\" class=\"um-form-field valid not-required \" type=\"text\" name=\"endereco-5\" id=\"endereco-5\" value=\"\" placeholder=\"\" data-validate=\"\" data-key=\"endereco\"  aria-invalid=\"false\" \/>\n\n\t\t\t\t\t\t<\/div><\/div><div  id=\"um_field_5_user_login\" class=\"um-field um-field-text  um-field-user_login um-field-text um-field-type_text\" data-key=\"user_login\"><div class=\"um-field-label\"><label for=\"user_login-5\">Usu\u00e1rio<\/label><div class=\"um-clear\"><\/div><\/div><div class=\"um-field-area\"><input  autocomplete=\"off\" class=\"um-form-field valid \" type=\"text\" name=\"user_login-5\" id=\"user_login-5\" value=\"\" placeholder=\"\" data-validate=\"unique_username\" data-key=\"user_login\"  aria-invalid=\"false\" \/>\n\n\t\t\t\t\t\t<\/div><\/div><div  id=\"um_field_5_user_password\" class=\"um-field um-field-password  um-field-user_password um-field-password um-field-type_password\" data-key=\"user_password\"><div class=\"um-field-label\"><label for=\"user_password-5\">Senha<\/label><div class=\"um-clear\"><\/div><\/div><div class=\"um-field-area\"><input class=\"um-form-field valid \" type=\"password\" name=\"user_password-5\" id=\"user_password-5\" value=\"\" placeholder=\"\" data-validate=\"\" data-key=\"user_password\"  aria-invalid=\"false\" \/>\n\n\t\t\t\t\t\t\t<\/div><\/div><div  id=\"um_field_5_confirm_user_password\" class=\"um-field um-field-password  um-field-user_password um-field-password um-field-type_password\" data-key=\"confirm_user_password\"><div class=\"um-field-label\"><label for=\"confirm_user_password-5\">Confirm Senha<\/label><div class=\"um-clear\"><\/div><\/div><div class=\"um-field-area\"><input class=\"um-form-field valid \" type=\"password\" name=\"confirm_user_password-5\" id=\"confirm_user_password-5\" value=\"\" placeholder=\"Confirm Senha\" data-validate=\"\" data-key=\"confirm_user_password\"  aria-invalid=\"false\" \/><\/div><\/div><\/div><\/div>\t<input type=\"hidden\" name=\"form_id\" id=\"form_id_5\" value=\"5\" \/>\n\t\t<p class=\"um_request_name\">\n\t\t<label for=\"um_request_5\">Only fill in if you are not human<\/label>\n\t\t<input type=\"hidden\" name=\"um_request\" id=\"um_request_5\" class=\"input\" value=\"\" size=\"25\" autocomplete=\"off\" \/>\n\t<\/p>\n\t<input type=\"hidden\" id=\"_wpnonce\" name=\"_wpnonce\" value=\"fba9465992\" \/><input type=\"hidden\" name=\"_wp_http_referer\" value=\"\/cadastro-fornecedores-publicidade\/wp-json\/wp\/v2\/pages\/28\" \/>\n\t<div class=\"um-col-alt\">\n\n\t\t\n\t\t\t<div class=\"um-left um-half\">\n\t\t\t\t<input type=\"submit\" value=\"Registrar\" class=\"um-button\" id=\"um-submit-btn\" \/>\n\t\t\t<\/div>\n\t\t\t<div class=\"um-right um-half\">\n\t\t\t\t<a href=\"https:\/\/homolog.saopaulo.sp.leg.br\/cadastro-fornecedores-publicidade\/login\/\" class=\"um-button um-alt\">\n\t\t\t\t\tLogin\t\t\t\t<\/a>\n\t\t\t<\/div>\n\n\t\t\n\t\t<div class=\"um-clear\"><\/div>\n\n\t<\/div>\n\n\t\t\t<\/form>\n\t<\/div>\n<\/div>\n<style>\n\t\t\t.um-5.um {\n\t\t\tmax-width: 450px;\n\t\t}\n\t\t<\/style>\n\n","protected":false},"excerpt":{"rendered":"<p>Antes de prosseguir, leia com aten\u00e7\u00e3o o Ato Normativo que regulamenta o Cadastro de Fornecedores de Publicidade: Ato de cadastramento de fornecedores de publicidade no \u00e2mbito da CMSP IMPORTANTE: Ap\u00f3s o cadastro, ser\u00e1 necess\u00e1rio subir TODOS os documentos listados no Ato (devidamente assinados e digitalizados em formato PDF). Dentre tais documentos, est\u00e3o os formul\u00e1rios listados [&hellip;]<\/p>\n","protected":false},"author":169,"featured_media":0,"parent":0,"menu_order":0,"comment_status":"closed","ping_status":"closed","template":"page-larga.php","meta":{"footnotes":""},"class_list":["post-28","page","type-page","status-publish","hentry"],"_links":{"self":[{"href":"https:\/\/homolog.saopaulo.sp.leg.br\/cadastro-fornecedores-publicidade\/wp-json\/wp\/v2\/pages\/28","targetHints":{"allow":["GET"]}}],"collection":[{"href":"https:\/\/homolog.saopaulo.sp.leg.br\/cadastro-fornecedores-publicidade\/wp-json\/wp\/v2\/pages"}],"about":[{"href":"https:\/\/homolog.saopaulo.sp.leg.br\/cadastro-fornecedores-publicidade\/wp-json\/wp\/v2\/types\/page"}],"author":[{"embeddable":true,"href":"https:\/\/homolog.saopaulo.sp.leg.br\/cadastro-fornecedores-publicidade\/wp-json\/wp\/v2\/users\/169"}],"replies":[{"embeddable":true,"href":"https:\/\/homolog.saopaulo.sp.leg.br\/cadastro-fornecedores-publicidade\/wp-json\/wp\/v2\/comments?post=28"}],"version-history":[{"count":5,"href":"https:\/\/homolog.saopaulo.sp.leg.br\/cadastro-fornecedores-publicidade\/wp-json\/wp\/v2\/pages\/28\/revisions"}],"predecessor-version":[{"id":639,"href":"https:\/\/homolog.saopaulo.sp.leg.br\/cadastro-fornecedores-publicidade\/wp-json\/wp\/v2\/pages\/28\/revisions\/639"}],"wp:attachment":[{"href":"https:\/\/homolog.saopaulo.sp.leg.br\/cadastro-fornecedores-publicidade\/wp-json\/wp\/v2\/media?parent=28"}],"curies":[{"name":"wp","href":"https:\/\/api.w.org\/{rel}","templated":true}]}}