{"id":67,"date":"2025-04-29T10:50:25","date_gmt":"2025-04-29T13:50:25","guid":{"rendered":"https:\/\/homolog.saopaulo.sp.leg.br\/camaraaberta\/?page_id=67"},"modified":"2025-04-29T15:53:26","modified_gmt":"2025-04-29T18:53:26","slug":"como-chegar-na-camara","status":"publish","type":"page","link":"https:\/\/homolog.saopaulo.sp.leg.br\/camaraaberta\/como-chegar-na-camara\/","title":{"rendered":"Como chegar na C\u00e2mara"},"content":{"rendered":"<div class=\"box-text\">\n<p>O <strong>Pal\u00e1cio Anchieta, sede da C\u00e2mara Municipal de S\u00e3o Paulo<\/strong>, est\u00e1 localizado na regi\u00e3o central da cidade de S\u00e3o Paulo <strong>(End.: Viaduto Jacare\u00ed, 100, Bela Vista). <\/strong>Quem optar pelo transporte p\u00fablico para chegar \u00e0 C\u00e2mara pode utilizar o <strong>Terminal Bandeira e o Metr\u00f4 Anhangaba\u00fa &#8211; Linha 3 Vermelha<\/strong>.<\/p>\n<\/div>\n","protected":false},"excerpt":{"rendered":"<p>O Pal\u00e1cio Anchieta, sede da C\u00e2mara Municipal de S\u00e3o Paulo, est\u00e1 localizado na regi\u00e3o central da cidade de S\u00e3o Paulo (End.: Viaduto Jacare\u00ed, 100, Bela Vista). Quem optar pelo transporte p\u00fablico para chegar \u00e0 C\u00e2mara pode utilizar o Terminal Bandeira e o Metr\u00f4 Anhangaba\u00fa &#8211; Linha 3 Vermelha.<\/p>\n","protected":false},"author":733,"featured_media":0,"parent":0,"menu_order":0,"comment_status":"closed","ping_status":"closed","template":"page-mapa.php","meta":{"_acf_changed":false,"footnotes":""},"class_list":["post-67","page","type-page","status-publish","hentry"],"acf":[],"_links":{"self":[{"href":"https:\/\/homolog.saopaulo.sp.leg.br\/camaraaberta\/wp-json\/wp\/v2\/pages\/67","targetHints":{"allow":["GET"]}}],"collection":[{"href":"https:\/\/homolog.saopaulo.sp.leg.br\/camaraaberta\/wp-json\/wp\/v2\/pages"}],"about":[{"href":"https:\/\/homolog.saopaulo.sp.leg.br\/camaraaberta\/wp-json\/wp\/v2\/types\/page"}],"author":[{"embeddable":true,"href":"https:\/\/homolog.saopaulo.sp.leg.br\/camaraaberta\/wp-json\/wp\/v2\/users\/733"}],"replies":[{"embeddable":true,"href":"https:\/\/homolog.saopaulo.sp.leg.br\/camaraaberta\/wp-json\/wp\/v2\/comments?post=67"}],"version-history":[{"count":5,"href":"https:\/\/homolog.saopaulo.sp.leg.br\/camaraaberta\/wp-json\/wp\/v2\/pages\/67\/revisions"}],"predecessor-version":[{"id":123,"href":"https:\/\/homolog.saopaulo.sp.leg.br\/camaraaberta\/wp-json\/wp\/v2\/pages\/67\/revisions\/123"}],"wp:attachment":[{"href":"https:\/\/homolog.saopaulo.sp.leg.br\/camaraaberta\/wp-json\/wp\/v2\/media?parent=67"}],"curies":[{"name":"wp","href":"https:\/\/api.w.org\/{rel}","templated":true}]}}