{"id":8,"date":"2025-03-27T09:21:26","date_gmt":"2025-03-27T12:21:26","guid":{"rendered":"https:\/\/homolog.saopaulo.sp.leg.br\/visiteacamara\/?page_id=8"},"modified":"2025-05-19T10:34:46","modified_gmt":"2025-05-19T13:34:46","slug":"home","status":"publish","type":"page","link":"https:\/\/homolog.saopaulo.sp.leg.br\/camaraaberta\/","title":{"rendered":"Home"},"content":{"rendered":"<div class=\"box-text\">\n<h2>Visita Guiada aos fins de semana<\/h2>\n<p>Seja bem-vindo ao <strong>Pal\u00e1cio Anchieta, sede da C\u00e2mara Municipal de S\u00e3o Paulo<\/strong>! Aqui voc\u00ea vai mergulhar na rica hist\u00f3ria do Parlamento paulistano, cujas mem\u00f3rias remontam a 1560. Al\u00e9m das obras de arte, o<strong> Legislativo<\/strong> possui ambientes grandiosos, como a <strong>Galeria dos Presidentes e o Plen\u00e1rio 1\u00ba de Maio<\/strong>.<\/p>\n<p>A partir de <strong>10 de maio<\/strong>, ser\u00e3o realizadas atividades culturais aos fins de semana no <strong>Pal\u00e1cio Anchieta<\/strong>. Al\u00e9m dos visitantes espont\u00e2neos, \u00e9 poss\u00edvel agendar uma visita guiada.<\/p>\n<p>O <strong>Pal\u00e1cio Anchieta<\/strong> ficar\u00e1 aberto das <strong>9h \u00e0s 17h<\/strong>, em <strong>fins de semana selecionados<\/strong>, com uma s\u00e9rie de atra\u00e7\u00f5es para a popula\u00e7\u00e3o.<\/p>\n<\/div>\n<div class=\"box-text\" style=\"background: #be1f3f;padding-top: 15px;color: #fff;font-size: 20px\">DATAS DO EVENTO NESTE M\u00caS: 10, 17, 18, 24 e 25 de maio.<\/div>\n<div class=\"box-text\">\n<h2>Como agendar<\/h2>\n<ul>\n<li><strong>Retirada de ingresso:<\/strong> at\u00e9 23h59 da quinta-feira anterior ao fim de semana, ou enquanto durarem os ingressos.<\/li>\n<li><strong>Onde retirar:<\/strong> <a href=\"https:\/\/www.sympla.com.br\/evento\/visita-guiada-a-camara-municipal-de-sao-paulo\/2930657\" target=\"_blank\" rel=\"noopener\">Sympla<\/a>.<\/li>\n<li><strong>Informa\u00e7\u00f5es obrigat\u00f3rias:<\/strong> nome completo, telefone, e-mail, RG e CPF (ser\u00e3o conferidos na entrada), necessidades especiais.<\/li>\n<li><strong>Hor\u00e1rios:<\/strong> s\u00e1bados e domingos (exceto feriados e dias de Projeto C\u00e2mara na Rua): 9h30, 11h e 12h30.<\/li>\n<li><strong>Dura\u00e7\u00e3o:<\/strong> aproximadamente 1 hora.<\/li>\n<li><strong>Limite por grupo:<\/strong> 30 pessoas.<\/li>\n<\/ul>\n<p>Os ingressos de cada data s\u00e3o <strong>liberados no Sympla com uma semana de anteced\u00eancia<\/strong>.<\/p>\n<\/div>\n<div class=\"box-text\">\n<h2>Roteiro da visita<\/h2>\n<ul>\n<li><strong>T\u00e9rreo:<\/strong> recep\u00e7\u00e3o, apresenta\u00e7\u00e3o das inscri\u00e7\u00f5es comemorativas em m\u00e1rmore e a hist\u00f3ria da inaugura\u00e7\u00e3o (1969).<\/li>\n<li><strong>8\u00ba andar:<\/strong> Galeria dos Presidentes, Sala Tiradentes, Sal\u00e3o Nobre, Sala da Presid\u00eancia.<\/li>\n<li><strong>2\u00ba andar:<\/strong> painel fotogr\u00e1fico de Sebasti\u00e3o Salgado.<\/li>\n<li><strong>1\u00ba andar:<\/strong> Audit\u00f3rio Prestes Maia e Plen\u00e1rio 1\u00ba de Maio (ou Galeria, caso haja evento).<\/li>\n<\/ul>\n<p>Durante o tour voc\u00ea tamb\u00e9m conhecer\u00e1 o funcionamento das sess\u00f5es <strong>plen\u00e1rias, reuni\u00f5es de comiss\u00e3o e audi\u00eancias p\u00fablicas<\/strong>.<\/p>\n<\/div>\n<div class=\"box-text\">\n<h2>Outras modalidades de visita<\/h2>\n<p><strong>Visita Escolar (10 anos ou mais)<\/strong><\/p>\n<ul>\n<li>Ter\u00e7a \u00e0 quinta-feira, das 14h \u00e0s 16h<\/li>\n<li>Capacidade: 15 a 40 alunos<\/li>\n<li>Agendamento: <a href=\"mailto:visitas@saopaulo.sp.leg.br\" target=\"_blank\" rel=\"noopener\">visitas@saopaulo.sp.leg.br<\/a><\/li>\n<\/ul>\n<p><strong>Visita \u00e0 Horta<\/strong><\/p>\n<ul>\n<li>Segunda \u00e0 sexta-feira, das 8h \u00e0s 16h<\/li>\n<li>Acesso pela Rua Santo Amaro, 46<\/li>\n<li>Agendamento: <a href=\"https:\/\/sampamaisrural.prefeitura.sp.gov.br\/contato\" target=\"_blank\" rel=\"noopener\">sampamaisrural.prefeitura.sp.gov.br\/contato<\/a><\/li>\n<\/ul>\n<\/div>\n<div class=\"box-text\">\n<h2>Feira de Artesanato e gastronomia<\/h2>\n<p>Quem n\u00e3o garantiu vaga na <strong>visita guiada<\/strong> poder\u00e1 aproveitar outras atra\u00e7\u00f5es na <strong>C\u00e2mara<\/strong>. Em parceria com a <strong>Secretaria Municipal de Desenvolvimento e Trabalho<\/strong>, ser\u00e1 realizada no t\u00e9rreo uma <strong>feira de gastronomia e artesanato<\/strong>. Os empreendedores do <strong>projeto M\u00e3os e Mentes Paulistanas<\/strong> v\u00e3o expor seus produtos, e o p\u00fablico ter\u00e1 \u00e0 disposi\u00e7\u00e3o diversas op\u00e7\u00f5es.<\/p>\n<\/div>\n<div class=\"box-text\">\n<h2>Contato e d\u00favida<\/h2>\n<p>Em caso de d\u00favidas ou necessidades adicionais, entre em contato pelo <a href=\"mailto:visitas@saopaulo.sp.leg.br\" target=\"_blank\" rel=\"noopener\">visitas@saopaulo.sp.leg.br<\/a> ou <strong>telefone 3396-4932<\/strong>.<br \/>\nEstamos ansiosos para receb\u00ea-lo!<\/p>\n<\/div>\n","protected":false},"excerpt":{"rendered":"<p>Visita Guiada aos fins de semana Seja bem-vindo ao Pal\u00e1cio Anchieta, sede da C\u00e2mara Municipal de S\u00e3o Paulo! Aqui voc\u00ea vai mergulhar na rica hist\u00f3ria do Parlamento paulistano, cujas mem\u00f3rias remontam a 1560. Al\u00e9m das obras de arte, o Legislativo possui ambientes grandiosos, como a Galeria dos Presidentes e o Plen\u00e1rio 1\u00ba de Maio. A&#8230;  <a class=\"excerpt-read-more\" href=\"https:\/\/homolog.saopaulo.sp.leg.br\/camaraaberta\/\" title=\"Read Home\">Ler mais &raquo;<\/a><\/p>\n","protected":false},"author":733,"featured_media":0,"parent":0,"menu_order":0,"comment_status":"closed","ping_status":"closed","template":"page-home.php","meta":{"_acf_changed":false,"footnotes":""},"class_list":["post-8","page","type-page","status-publish","hentry"],"acf":[],"_links":{"self":[{"href":"https:\/\/homolog.saopaulo.sp.leg.br\/camaraaberta\/wp-json\/wp\/v2\/pages\/8","targetHints":{"allow":["GET"]}}],"collection":[{"href":"https:\/\/homolog.saopaulo.sp.leg.br\/camaraaberta\/wp-json\/wp\/v2\/pages"}],"about":[{"href":"https:\/\/homolog.saopaulo.sp.leg.br\/camaraaberta\/wp-json\/wp\/v2\/types\/page"}],"author":[{"embeddable":true,"href":"https:\/\/homolog.saopaulo.sp.leg.br\/camaraaberta\/wp-json\/wp\/v2\/users\/733"}],"replies":[{"embeddable":true,"href":"https:\/\/homolog.saopaulo.sp.leg.br\/camaraaberta\/wp-json\/wp\/v2\/comments?post=8"}],"version-history":[{"count":6,"href":"https:\/\/homolog.saopaulo.sp.leg.br\/camaraaberta\/wp-json\/wp\/v2\/pages\/8\/revisions"}],"predecessor-version":[{"id":206,"href":"https:\/\/homolog.saopaulo.sp.leg.br\/camaraaberta\/wp-json\/wp\/v2\/pages\/8\/revisions\/206"}],"wp:attachment":[{"href":"https:\/\/homolog.saopaulo.sp.leg.br\/camaraaberta\/wp-json\/wp\/v2\/media?parent=8"}],"curies":[{"name":"wp","href":"https:\/\/api.w.org\/{rel}","templated":true}]}}