

{"id":1058,"date":"2022-10-06T18:45:48","date_gmt":"2022-10-06T21:45:48","guid":{"rendered":"https:\/\/homolog.saopaulo.sp.leg.br\/camaraexplica\/?page_id=1058"},"modified":"2023-02-13T17:10:51","modified_gmt":"2023-02-13T20:10:51","slug":"mandato-participativo","status":"publish","type":"page","link":"https:\/\/homolog.saopaulo.sp.leg.br\/camaraexplica\/tudo-sobre-os-vereadores\/mandato-participativo\/","title":{"rendered":"Mandato Participativo"},"content":{"rendered":"<div class=\"description\">\n<p class=\"text-description\">Os cidad\u00e3os interessados em participar do mandato dos <a href=\"https:\/\/homolog.saopaulo.sp.leg.br\/vereadores\/\" target=\"_blank\" rel=\"noopener\">vereadores<\/a> podem usar o canal de comunica\u00e7\u00e3o dispon\u00edvel no <a href=\"https:\/\/homolog.saopaulo.sp.leg.br\/\" target=\"_blank\" rel=\"noopener\">Portal da C\u00e2mara<\/a> para falar diretamente com os vereadores. Basta acessar, na p\u00e1gina do parlamentar, a ferramenta \u201cFale com o (a) Vereador (a)\u201d.<\/p>\n<p class=\"text-description\">A partir do Portal da C\u00e2mara, \u00e9 poss\u00edvel acessar o perfil dos vereadores e enviar sugest\u00f5es. Logo na p\u00e1gina inicial, no canto superior esquerdo da tela, o internauta deve clicar no link Vereadores. Em seguida, aparecer\u00e3o os perfis dos 55 parlamentares da atual legislatura.<\/p>\n<p class=\"text-description\">Para enviar sugest\u00f5es e propostas, o interessado deve descer a barra de rolagem at\u00e9 o fim e preencher um formul\u00e1rio no campo \u201cFale com o (a) Vereador (a)\u201d.<\/p>\n<p class=\"text-description\">Ainda na p\u00e1gina do parlamentar, o cidad\u00e3o tamb\u00e9m pode conhecer a biografia do vereador ou vereadora, conhecer os Projetos de Lei em tramita\u00e7\u00e3o, leis aprovadas e projetos vetados.<\/p>\n<\/div>\n","protected":false},"excerpt":{"rendered":"<p>Os cidad\u00e3os interessados em participar do mandato dos vereadores podem usar o canal de comunica\u00e7\u00e3o dispon\u00edvel no Portal da C\u00e2mara para falar diretamente com os vereadores. Basta acessar, na p\u00e1gina do parlamentar, a ferramenta \u201cFale com o (a) Vereador (a)\u201d. A partir do Portal da C\u00e2mara, \u00e9 poss\u00edvel acessar o perfil dos vereadores e enviar&#8230;  <a class=\"excerpt-read-more\" href=\"https:\/\/homolog.saopaulo.sp.leg.br\/camaraexplica\/tudo-sobre-os-vereadores\/mandato-participativo\/\" title=\"Leia Mandato Participativo\">Leia Mais &raquo;<\/a><\/p>\n","protected":false},"author":733,"featured_media":0,"parent":928,"menu_order":0,"comment_status":"closed","ping_status":"closed","template":"page-vereadores.php","meta":{"_acf_changed":false,"footnotes":""},"class_list":["post-1058","page","type-page","status-publish","hentry"],"acf":[],"_links":{"self":[{"href":"https:\/\/homolog.saopaulo.sp.leg.br\/camaraexplica\/wp-json\/wp\/v2\/pages\/1058","targetHints":{"allow":["GET"]}}],"collection":[{"href":"https:\/\/homolog.saopaulo.sp.leg.br\/camaraexplica\/wp-json\/wp\/v2\/pages"}],"about":[{"href":"https:\/\/homolog.saopaulo.sp.leg.br\/camaraexplica\/wp-json\/wp\/v2\/types\/page"}],"author":[{"embeddable":true,"href":"https:\/\/homolog.saopaulo.sp.leg.br\/camaraexplica\/wp-json\/wp\/v2\/users\/733"}],"replies":[{"embeddable":true,"href":"https:\/\/homolog.saopaulo.sp.leg.br\/camaraexplica\/wp-json\/wp\/v2\/comments?post=1058"}],"version-history":[{"count":3,"href":"https:\/\/homolog.saopaulo.sp.leg.br\/camaraexplica\/wp-json\/wp\/v2\/pages\/1058\/revisions"}],"predecessor-version":[{"id":1354,"href":"https:\/\/homolog.saopaulo.sp.leg.br\/camaraexplica\/wp-json\/wp\/v2\/pages\/1058\/revisions\/1354"}],"up":[{"embeddable":true,"href":"https:\/\/homolog.saopaulo.sp.leg.br\/camaraexplica\/wp-json\/wp\/v2\/pages\/928"}],"wp:attachment":[{"href":"https:\/\/homolog.saopaulo.sp.leg.br\/camaraexplica\/wp-json\/wp\/v2\/media?parent=1058"}],"curies":[{"name":"wp","href":"https:\/\/api.w.org\/{rel}","templated":true}]}}