{"id":3656,"date":"2015-04-28T09:04:22","date_gmt":"2015-04-28T12:04:22","guid":{"rendered":"http:\/\/homolog.saopaulo.sp.leg.br\/camaranoseubairro\/?page_id=3656"},"modified":"2015-12-15T19:16:54","modified_gmt":"2015-12-15T19:16:54","slug":"demandas","status":"publish","type":"page","link":"https:\/\/homolog.saopaulo.sp.leg.br\/camaranoseubairro\/demandas\/","title":{"rendered":"Demandas"},"content":{"rendered":"<p>Mais de 4600 contribui\u00e7\u00f5es foram apresentadas pelos participantes das sess\u00f5es p\u00fablicas realizadas nas regi\u00f5es de Aricanduva \/ V. Formosa, Butant\u00e3, Campo Limpo, Capela do Socorro, Casa Verde, Cidade Ademar, Cidade Tiradentes, Ermelino Matarazzo, Frequesia do \u00d3 \/ Brasil\u00e2ndia, Guaianases, Ipiranga, Itaim Paulista, Itaquera, Jabaquara, Ja\u00e7an\u00e3\/Trememb\u00e9, Lapa, M&#8217;Boi Mirim, Mooca, Parelheiros, Penha, Perus, Pinheiros, Pirituba\/Jaragu\u00e1, Santana\/Tucuruvi, Santo Amaro, S\u00e3o Mateus, S\u00e3o Miguel, Sapopemba, S\u00e9, V. Maria \/ V. Guilherme, Vila Mariana e Vila Prudente.<\/p>\n<p>Durante os eventos os cidad\u00e3os podem se inscrever e apresentar suas contribui\u00e7\u00f5es, preencher o formul\u00e1rio impresso ou acessar este hotsite.<\/p>\n<p>Veja o resumo das demandas ou utilize a ferramenta de <strong>busca<\/strong>\u00a0abaixo para localizar demandas.<\/p>\n","protected":false},"excerpt":{"rendered":"<p>Mais de 4600 contribui\u00e7\u00f5es foram apresentadas pelos participantes das sess\u00f5es p\u00fablicas realizadas nas regi\u00f5es de Aricanduva \/ V. Formosa, Butant\u00e3, Campo Limpo, Capela do Socorro, Casa Verde, Cidade Ademar, Cidade Tiradentes, Ermelino Matarazzo, Frequesia do \u00d3 \/ Brasil\u00e2ndia, Guaianases, Ipiranga, Itaim Paulista, Itaquera, Jabaquara, Ja\u00e7an\u00e3\/Trememb\u00e9, Lapa, M&#8217;Boi Mirim, Mooca, Parelheiros, Penha, Perus, Pinheiros, Pirituba\/Jaragu\u00e1, Santana\/Tucuruvi,&#8230;  <a class=\"excerpt-read-more\" href=\"https:\/\/homolog.saopaulo.sp.leg.br\/camaranoseubairro\/demandas\/\" title=\"Read Demandas\">Ler mais &raquo;<\/a><\/p>\n","protected":false},"author":59,"featured_media":0,"parent":0,"menu_order":39,"comment_status":"open","ping_status":"closed","template":"page-demandas.php","meta":{"_acf_changed":false,"ngg_post_thumbnail":0,"footnotes":""},"class_list":["post-3656","page","type-page","status-publish","hentry"],"acf":[],"_links":{"self":[{"href":"https:\/\/homolog.saopaulo.sp.leg.br\/camaranoseubairro\/wp-json\/wp\/v2\/pages\/3656","targetHints":{"allow":["GET"]}}],"collection":[{"href":"https:\/\/homolog.saopaulo.sp.leg.br\/camaranoseubairro\/wp-json\/wp\/v2\/pages"}],"about":[{"href":"https:\/\/homolog.saopaulo.sp.leg.br\/camaranoseubairro\/wp-json\/wp\/v2\/types\/page"}],"author":[{"embeddable":true,"href":"https:\/\/homolog.saopaulo.sp.leg.br\/camaranoseubairro\/wp-json\/wp\/v2\/users\/59"}],"replies":[{"embeddable":true,"href":"https:\/\/homolog.saopaulo.sp.leg.br\/camaranoseubairro\/wp-json\/wp\/v2\/comments?post=3656"}],"version-history":[{"count":5,"href":"https:\/\/homolog.saopaulo.sp.leg.br\/camaranoseubairro\/wp-json\/wp\/v2\/pages\/3656\/revisions"}],"predecessor-version":[{"id":6877,"href":"https:\/\/homolog.saopaulo.sp.leg.br\/camaranoseubairro\/wp-json\/wp\/v2\/pages\/3656\/revisions\/6877"}],"wp:attachment":[{"href":"https:\/\/homolog.saopaulo.sp.leg.br\/camaranoseubairro\/wp-json\/wp\/v2\/media?parent=3656"}],"curies":[{"name":"wp","href":"https:\/\/api.w.org\/{rel}","templated":true}]}}