{"id":5300,"date":"2015-03-05T11:27:13","date_gmt":"2015-03-05T14:27:13","guid":{"rendered":"http:\/\/homolog.saopaulo.sp.leg.br\/camaranoseubairro\/home\/"},"modified":"2015-12-15T19:52:29","modified_gmt":"2015-12-15T19:52:29","slug":"home","status":"publish","type":"page","link":"https:\/\/homolog.saopaulo.sp.leg.br\/camaranoseubairro\/","title":{"rendered":"Home"},"content":{"rendered":"<p style=\"text-align: center;\"><a href=\"http:\/\/homolog.saopaulo.sp.leg.br\/camaranoseubairro\/wp-content\/uploads\/sites\/13\/2015\/03\/banner_home.jpg\"><img loading=\"lazy\" decoding=\"async\" class=\"alignnone size-full wp-image-1020\" src=\"http:\/\/homolog.saopaulo.sp.leg.br\/camaranoseubairro\/wp-content\/uploads\/sites\/13\/2015\/03\/banner_home.jpg\" alt=\"banner_home\" width=\"599\" height=\"113\" srcset=\"https:\/\/homolog.saopaulo.sp.leg.br\/camaranoseubairro\/wp-content\/uploads\/sites\/13\/2015\/03\/banner_home.jpg 599w, https:\/\/homolog.saopaulo.sp.leg.br\/camaranoseubairro\/wp-content\/uploads\/sites\/13\/2015\/03\/banner_home-300x57.jpg 300w\" sizes=\"auto, (max-width: 599px) 100vw, 599px\" \/><br \/>\n<\/a><\/p>\n<p style=\"text-align: justify;\">O\u00a0\u201c<a href=\"http:\/\/homolog.saopaulo.sp.leg.br\/camaranoseubairro\/\"><strong>C\u00e2mara no Seu Bairro<\/strong><\/a>\u201d\u00a0\u00e9 uma a\u00e7\u00e3o da C\u00e2mara de Vereadores de S\u00e3o Paulo que aproxima a popula\u00e7\u00e3o do legislativo paulistano. Em 2015, a cada semana, uma das 32 regi\u00f5es administradas pelas subprefeituras recebeu uma sess\u00e3o p\u00fablica, onde foram\u00a0discutidos problemas locais\u00a0com os moradores. O evento foi\u00a0aberto a todos e a inscri\u00e7\u00e3o para falar era\u00a0feita no local, no dia da sess\u00e3o. Neste hotsite voc\u00ea poder\u00e1 conhecer o programa, saber como foi cada uma das sess\u00f5es &#8211; inclusive acessando fotos, v\u00eddeos, not\u00edcias e notas taquigr\u00e1ficas &#8211;\u00a0e conhecer as demandas que foram apresentadas pela popula\u00e7\u00e3o. Foram mais de 12 mil cidad\u00e3os e cidad\u00e3s que participaram do &#8220;C\u00e2mara no Seu Bairro&#8221; um exerc\u00edcio pleno de cidadania e democracia!<\/p>\n<p style=\"text-align: justify;\">No mapa abaixo, clique na subprefeitura da qual deseja ter informa\u00e7\u00f5es:<\/p>\n<p style=\"text-align: justify;\"><img loading=\"lazy\" decoding=\"async\" class=\"aligncenter wp-image-32 size-full\" src=\"http:\/\/homolog.saopaulo.sp.leg.br\/camaranoseubairro\/wp-content\/uploads\/sites\/13\/2015\/10\/subprefeituras_map7.fw_.png\" alt=\"subprefeituras_map\" usemap=\"#Map\" width=\"600\" height=\"899\" border=\"0\" \/><\/p>\n<map id=\"Map\" name=\"Map\">\n<area coords=\"54,160,48,153,47,144,44,139,43,133,45,131,43,129,43,127,42,124,40,124,39,119,39,115,35,112,33,108,28,106,26,100,26,96,30,93,27,87,23,84,20,81,24,77,23,73,28,70,32,68,36,68,40,68,44,67,47,65,53,64,55,67,53,70,59,71,62,68,65,70,69,74,74,75,76,71,76,67,82,67,90,64,93,54,100,50,109,51,113,55,131,54,136,56,142,60,150,62,153,67,154,73,155,77,158,79,163,76,166,80,166,87,167,89,167,92,165,95,160,98,155,103,145,99,141,98,134,96,126,95,121,97,118,103,117,108,109,110,101,111,97,119,97,123,97,127,94,131,91,139,86,141,84,155,76,157,69,156,63,148,59,156\" shape=\"poly\" href=\"http:\/\/homolog.saopaulo.sp.leg.br\/camaranoseubairro\/index.php\/sessoes-publicas\/perus\/\" target=\"_parent\" \/>\n<area coords=\"109,196,100,194,96,188,91,178,92,171,86,164,85,155,86,141,92,139,97,133,98,124,100,117,104,112,112,110,118,109,121,103,125,99,129,97,136,98,143,100,149,103,156,104,160,100,167,95,170,90,177,91,179,97,174,98,173,107,174,118,167,120,164,123,166,128,169,130,170,134,164,140,159,148,160,154,163,163,163,168,165,171,167,174,166,179,165,184,164,188,166,195,169,198,170,212,153,212,147,220,142,216,135,213,117,211,111,203\" shape=\"poly\" href=\"http:\/\/homolog.saopaulo.sp.leg.br\/camaranoseubairro\/index.php\/sessoes-publicas\/pirituba\/\" target=\"_parent\" \/>\n<area coords=\"192,210,195,202,196,196,195,190,201,183,206,178,210,175,212,170,214,162,213,154,209,147,209,139,208,136,211,130,215,121,216,114,222,111,220,105,215,105,208,95,203,90,196,93,197,100,195,105,190,100,183,100,177,98,175,118,166,123,170,130,172,135,167,139,159,148,164,158,166,165,169,170,171,174,169,177,166,184,167,190,169,196,171,203,171,209,175,212,184,212\" shape=\"poly\" href=\"http:\/\/homolog.saopaulo.sp.leg.br\/camaranoseubairro\/index.php\/sessoes-publicas\/freguesia-brasilandia\/\" target=\"_parent\" \/>\n<area coords=\"194,214,201,217,206,220,213,221,221,222,229,223,237,223,240,220,240,213,244,212,249,210,247,202,244,197,240,193,235,182,233,178,238,172,240,163,243,158,241,151,240,146,238,137,235,130,233,122,237,113,232,110,229,105,225,101,218,94,207,90,210,99,215,103,220,105,224,110,222,113,217,115,216,123,213,131,210,137,210,145,211,152,215,158,215,164,215,170,212,175,211,178,206,180,202,183,200,187,197,191,197,200,195,206,194,210\" shape=\"poly\" href=\"http:\/\/homolog.saopaulo.sp.leg.br\/camaranoseubairro\/index.php\/sessoes-publicas\/casa-verde\/\" target=\"_parent\" \/>\n<area coords=\"243,224,260,227,276,227,277,222,276,218,281,213,282,208,282,203,284,200,287,194,288,191,294,191,303,190,310,184,316,176,320,170,314,162,310,159,303,156,297,153,290,153,281,153,268,153,259,145,255,137,255,131,262,121,259,111,256,105,244,106,238,110,238,116,235,126,236,132,237,136,239,143,241,144,243,150,245,160,241,165,240,171,237,176,235,178,237,182,239,189,243,194,246,198,249,202,250,207,249,210,245,212,241,215,240,220\" shape=\"poly\" href=\"http:\/\/homolog.saopaulo.sp.leg.br\/camaranoseubairro\/index.php\/sessoes-publicas\/santana-tucuruvi\/\" target=\"_parent\" \/>\n<area coords=\"349,181,351,170,346,162,339,152,338,145,339,136,341,128,344,120,342,114,341,112,344,101,342,91,347,86,355,80,352,68,362,58,370,48,370,36,375,30,379,21,373,12,361,12,354,22,344,31,338,36,327,32,325,37,310,48,302,54,304,60,297,63,288,78,286,86,285,92,276,91,274,97,268,100,261,106,262,112,265,119,263,123,259,127,257,132,257,136,260,142,263,148,270,152,277,152,283,151,287,151,293,151,297,151,304,154,312,159,318,164,321,168,321,172,329,167,334,165,337,164,343,174\" shape=\"poly\" href=\"http:\/\/homolog.saopaulo.sp.leg.br\/camaranoseubairro\/index.php\/sessoes-publicas\/jacana-tremembe\/\" target=\"_parent\" \/>\n<area coords=\"282,227,288,232,294,232,298,232,301,234,305,238,310,240,316,240,320,238,324,237,328,236,340,235,344,233,353,232,356,229,355,225,355,214,351,212,350,206,348,201,348,197,351,191,351,186,346,182,337,167,331,167,326,170,322,174,317,177,310,187,304,192,288,194,288,198,285,201,284,204,284,209,283,214,279,216,276,219,278,223\" shape=\"poly\" href=\"http:\/\/homolog.saopaulo.sp.leg.br\/camaranoseubairro\/index.php\/sessoes-publicas\/vila-maria-vila-guiherme\/\" target=\"_parent\" \/>\n<area coords=\"99,210,106,220,111,224,114,229,121,230,118,234,115,237,108,237,104,244,103,250,105,253,105,265,106,270,109,275,114,276,117,279,123,280,127,278,134,276,137,272,137,267,135,264,139,260,143,255,146,252,148,251,155,250,160,248,164,249,167,252,174,256,181,257,185,260,189,263,194,265,201,268,206,269,209,267,215,263,219,261,221,256,222,252,225,246,225,237,227,232,233,227,228,224,215,223,205,222,196,217,191,215,183,214,154,214,149,220,145,222,142,217,136,214,128,213,120,213,114,210,110,206,110,199,107,200,103,203,100,206\" shape=\"poly\" href=\"http:\/\/homolog.saopaulo.sp.leg.br\/camaranoseubairro\/index.php\/sessoes-publicas\/lapa\/\" target=\"_parent\" \/>\n<area coords=\"277,306,282,301,285,296,288,292,293,292,295,289,293,284,288,276,271,275,270,270,268,262,268,257,268,253,270,247,270,241,269,229,250,227,234,227,230,230,228,234,228,240,227,246,225,249,224,253,223,258,221,262,217,265,211,268,209,271,213,275,218,276,223,277,227,280,231,283,235,286,240,289,243,294,248,298,253,300,259,302,263,306,271,306\" shape=\"poly\" href=\"http:\/\/homolog.saopaulo.sp.leg.br\/camaranoseubairro\/index.php\/sessoes-publicas\/se\/\" target=\"_parent\" \/>\n<area coords=\"44,346,50,348,55,345,58,342,62,343,68,343,75,341,81,340,87,336,94,336,103,329,106,333,111,336,116,340,116,343,115,348,115,355,116,358,122,357,128,357,133,358,138,354,144,351,154,351,159,354,164,359,177,361,177,353,180,343,183,335,185,329,188,319,185,310,176,299,172,288,166,282,140,268,138,270,136,275,130,278,121,282,115,279,111,277,105,275,100,281,99,287,90,288,88,294,84,298,80,299,76,302,72,303,68,307,64,309,61,313,57,315,52,315,47,316,46,320,47,324,45,330,43,334,44,338,44,342\" shape=\"poly\" href=\"http:\/\/homolog.saopaulo.sp.leg.br\/camaranoseubairro\/index.php\/sessoes-publicas\/butanta\/\" target=\"_parent\" \/>\n<area coords=\"197,365,205,353,208,342,210,332,212,322,214,315,223,309,232,302,239,294,233,287,226,280,220,279,211,274,205,270,197,269,191,266,183,260,178,257,171,255,164,250,159,251,150,253,145,255,138,262,140,266,146,269,152,273,159,276,164,279,169,282,172,286,173,291,177,299,183,305,186,313,189,318,188,325,186,332,184,338,182,345,180,353,179,360,180,365,186,368,193,371\" shape=\"poly\" href=\"http:\/\/homolog.saopaulo.sp.leg.br\/camaranoseubairro\/index.php\/sessoes-publicas\/pinheiros\/\" target=\"_parent\" \/>\n<area coords=\"211,351,218,355,224,358,230,361,235,366,238,373,242,377,245,376,250,374,258,375,263,374,266,369,267,358,266,351,269,342,273,334,275,328,277,318,283,313,279,308,263,308,257,304,252,301,242,295,239,297,232,303,227,308,221,312,216,315,214,321,212,333,209,345\" shape=\"poly\" href=\"http:\/\/homolog.saopaulo.sp.leg.br\/camaranoseubairro\/index.php\/sessoes-publicas\/vila-mariana\/\" target=\"_parent\" \/>\n<area coords=\"285,416,294,412,301,409,305,407,315,401,319,397,321,392,319,384,324,378,323,372,323,364,326,359,327,350,326,341,319,332,310,321,303,308,296,292,287,293,283,301,280,306,283,311,282,314,277,320,272,338,269,349,269,356,268,367,265,374,265,381,267,387,270,397,273,401,270,405,264,406,261,409,260,414,263,420,266,423,263,427,264,432,265,428,269,421,272,418,276,415,279,413\" shape=\"poly\" href=\"http:\/\/homolog.saopaulo.sp.leg.br\/camaranoseubairro\/index.php\/sessoes-publicas\/ipiranga\/\" target=\"_parent\" \/>\n<area coords=\"194,469,187,461,179,445,170,431,163,419,155,413,147,404,146,397,149,391,157,381,164,373,168,371,176,367,179,366,183,368,188,371,193,371,199,365,203,360,205,355,207,351,212,353,215,357,222,359,228,362,232,365,236,371,239,375,240,383,239,387,234,390,227,390,225,387,219,392,212,396,207,401,203,407,202,418,203,424,207,427,215,432,215,436,214,442,215,446,215,456,209,460,200,464\" shape=\"poly\" href=\"http:\/\/homolog.saopaulo.sp.leg.br\/camaranoseubairro\/index.php\/sessoes-publicas\/santo-amaro\/\" target=\"_parent\" \/>\n<area coords=\"258,436,250,433,245,430,240,426,236,424,230,421,226,420,225,417,222,412,217,406,213,397,218,394,223,390,227,392,233,390,237,389,242,385,241,377,245,378,249,377,254,377,260,376,265,378,265,387,267,394,270,399,271,402,265,401,263,404,263,408,259,406,259,411,260,416,261,419,263,422,263,425,262,428,263,432,262,435\" shape=\"poly\" href=\"http:\/\/homolog.saopaulo.sp.leg.br\/camaranoseubairro\/index.php\/sessoes-publicas\/jabaquara\/\" target=\"_parent\" \/>\n<area coords=\"236,510,234,504,230,500,226,498,221,496,217,490,216,481,213,475,207,474,201,473,196,470,197,467,203,463,212,461,215,458,217,451,217,433,212,429,205,422,203,410,206,405,211,399,214,401,217,408,221,412,223,416,225,422,230,422,234,425,237,427,241,429,244,431,249,433,253,435,258,438,263,437,265,441,263,446,260,453,258,458,258,459,262,461,263,466,266,470,271,476,274,480,281,482,281,486,276,490,269,493,264,496,260,501,256,505,247,507,241,510\" shape=\"poly\" href=\"http:\/\/homolog.saopaulo.sp.leg.br\/camaranoseubairro\/index.php\/sessoes-publicas\/cidade-ademar\/\" target=\"_parent\" \/>\n<area coords=\"57,464,53,454,53,451,54,440,60,431,61,423,62,413,65,407,64,399,68,396,71,391,75,388,82,384,85,377,92,372,96,366,101,360,106,353,114,351,114,356,117,360,120,357,127,357,132,359,137,356,143,352,149,352,157,353,163,358,169,361,176,361,174,364,171,367,165,371,160,376,154,382,149,388,146,393,142,395,135,395,128,393,122,391,119,393,113,396,108,398,104,401,106,402,112,403,109,408,107,413,105,419,102,422,101,425,101,430,99,436,96,441,92,444,88,441,86,437,83,441,83,445,80,449,77,453,72,454,66,449,65,454,66,458,63,463\" shape=\"poly\" href=\"http:\/\/homolog.saopaulo.sp.leg.br\/camaranoseubairro\/index.php\/sessoes-publicas\/campo-limpo\/\" target=\"_parent\" \/>\n<area coords=\"76,538,68,531,66,525,61,523,59,516,58,508,59,498,57,490,62,489,64,483,64,474,60,471,53,468,56,466,62,464,67,459,67,454,71,454,77,455,81,451,84,444,85,441,88,443,92,445,98,441,102,435,102,432,103,426,105,420,108,417,110,410,113,403,110,401,111,397,118,396,122,393,125,394,131,395,137,397,143,397,145,398,145,402,148,406,152,411,151,415,148,422,146,428,145,433,145,439,145,446,146,453,145,460,145,466,148,470,150,478,149,483,147,488,144,493,141,498,141,504,141,510,141,517,138,522,134,525,129,529,117,526,109,523,104,523,101,525,97,529,96,535,95,541,94,544,89,544,82,540\" shape=\"poly\" href=\"http:\/\/homolog.saopaulo.sp.leg.br\/camaranoseubairro\/?p=177\" target=\"_parent\" \/>\n<area coords=\"187,671,183,660,182,647,177,639,175,629,177,618,176,609,172,600,170,592,168,582,164,575,163,569,164,562,160,559,155,559,148,559,147,553,145,544,145,534,143,528,139,524,140,519,142,512,143,501,147,490,152,485,153,479,152,475,148,462,147,453,146,444,146,433,147,427,150,419,152,412,156,413,163,421,168,426,173,436,179,445,182,454,187,465,192,470,199,474,205,475,212,477,216,482,217,490,220,495,223,498,230,502,232,506,236,509,238,513,241,523,245,532,246,542,250,550,253,555,258,564,265,571,269,577,272,585,274,596,274,609,274,617,274,627,271,634,266,637,260,642,260,651,256,655,250,657,245,662,238,666,232,670,226,671,221,668,215,667,205,667,197,671,192,672\" shape=\"poly\" href=\"http:\/\/homolog.saopaulo.sp.leg.br\/camaranoseubairro\/index.php\/sessoes-publicas\/capela-do-socorro\/\" target=\"_parent\" \/>\n<area coords=\"291,744,285,737,281,725,281,716,283,709,283,701,281,695,282,688,274,683,269,678,264,676,262,666,259,653,253,656,249,661,242,666,236,672,231,674,224,671,218,669,208,669,200,672,192,673,188,672,185,666,181,656,181,651,179,643,176,635,174,625,176,618,176,609,172,603,169,590,167,583,164,577,163,567,161,561,153,561,146,560,146,553,146,546,144,540,143,532,137,525,131,528,123,528,117,527,111,525,106,525,102,525,100,530,96,539,96,545,94,551,92,556,69,573,69,580,66,593,64,598,61,601,57,607,55,611,52,617,57,620,62,617,66,618,72,621,77,623,84,626,91,630,97,635,99,640,101,645,102,649,103,652,101,658,98,663,91,663,82,663,82,667,81,674,84,678,86,683,84,728,79,732,69,731,60,730,56,730,54,726,49,724,46,727,49,731,49,736,46,741,42,748,41,756,43,765,46,774,47,782,46,791,51,791,58,795,67,798,72,798,78,801,79,804,83,806,88,808,88,814,89,818,94,820,98,821,102,823,103,826,103,828,103,832,107,838,111,838,109,842,108,846,106,850,104,856,96,868,96,871,92,875,86,877,90,883,96,885,97,880,102,880,104,877,110,876,113,873,116,871,122,866,126,864,129,865,134,866,138,868,143,867,147,865,152,863,153,865,157,867,161,867,163,868,171,863,172,862,181,861,187,855,188,853,192,852,196,855,201,858,208,858,214,858,221,858,226,859,233,866,238,869,240,875,243,874,248,871,254,868,260,866,266,861,262,856,261,850,259,843,268,840,273,836,278,835,282,831,286,830,291,828,293,824,293,816,294,810,290,807,294,803,292,795,294,790,288,790,284,786,285,782,289,778,291,774,291,768,292,762,291,756,289,751\" shape=\"poly\" href=\"http:\/\/homolog.saopaulo.sp.leg.br\/camaranoseubairro\/index.php\/sessoes-publicas\/parelheiros\/\" target=\"_parent\" \/>\n<area coords=\"361,243,355,233,358,230,357,225,357,215,360,210,362,209,365,212,368,213,373,211,373,207,368,203,372,199,375,196,376,193,380,190,381,186,384,186,387,183,390,185,393,186,396,184,396,181,396,173,400,173,403,175,407,174,408,171,406,168,406,164,408,165,414,164,415,167,417,171,422,170,426,172,427,176,429,180,423,181,420,185,420,188,425,190,428,194,428,197,431,201,433,204,432,210,425,212,417,213,412,216,407,217,404,218,399,222,403,226,407,228,412,230,417,231,421,231,426,231,430,232,433,234,436,237,438,240,441,238,446,238,452,236,458,235,459,242,458,247,457,252,457,256,456,261,454,264,453,268,450,272,448,274,441,274,435,273,429,269,424,268,418,267,414,269,410,271,406,275,402,273,398,270,395,266,388,261,384,259,380,256,373,255,366,249\" shape=\"poly\" href=\"http:\/\/homolog.saopaulo.sp.leg.br\/camaranoseubairro\/index.php\/sessoes-publicas\/penha\/\" target=\"_parent\" \/>\n<area coords=\"457,233,456,223,453,212,457,209,463,204,466,200,465,195,463,192,464,188,465,184,463,181,462,178,460,174,454,171,450,173,446,175,442,177,439,177,433,174,428,172,427,175,430,178,430,181,427,182,423,183,421,185,423,188,428,191,429,196,431,199,435,204,435,209,433,212,428,213,420,214,412,217,406,219,402,221,404,225,411,228,419,228,427,228,431,229,434,232,437,236,440,237,443,235,448,235,453,235\" shape=\"poly\" href=\"http:\/\/homolog.saopaulo.sp.leg.br\/camaranoseubairro\/index.php\/sessoes-publicas\/ermelino-matarazzo\/\" target=\"_parent\" \/>\n<area coords=\"459,225,457,219,456,212,460,209,465,204,468,200,467,194,465,192,467,186,466,181,463,176,468,176,474,177,473,181,474,186,475,190,480,190,485,189,492,187,499,185,501,179,502,173,507,173,511,171,513,169,520,167,523,168,524,170,530,169,531,167,535,164,540,170,543,172,544,175,543,177,542,181,544,184,550,185,556,180,561,178,565,177,567,170,571,168,574,172,575,177,571,178,566,181,561,184,556,189,551,192,538,192,525,192,520,191,509,190,509,192,511,195,513,198,512,203,512,207,509,212,508,216,511,219,511,223,511,227,511,231,509,235,504,235,497,235,497,231,496,223,494,220,488,219,481,221,475,222,468,223,465,225,461,228\" shape=\"poly\" href=\"http:\/\/homolog.saopaulo.sp.leg.br\/camaranoseubairro\/index.php\/sessoes-publicas\/sao-miguel\/\" target=\"_blank\" \/>\n<area coords=\"524,229,519,228,514,227,513,221,511,216,512,210,515,204,514,194,517,192,525,193,534,193,542,194,550,194,555,192,560,188,566,184,574,179,577,181,580,185,582,190,586,196,589,201,592,208,591,215,581,217,580,221,574,224,571,227,569,228,564,229,554,231,553,235,550,237,544,240,540,238,535,236,531,234,527,231\" shape=\"poly\" href=\"http:\/\/homolog.saopaulo.sp.leg.br\/camaranoseubairro\/index.php\/sessoes-publicas\/itaim-paulista\/\" target=\"_parent\" \/>\n<area coords=\"319,301,316,308,311,309,306,309,302,302,290,276,284,273,277,273,272,271,270,264,269,257,270,252,271,247,271,238,270,229,279,229,283,231,286,234,291,234,295,234,299,234,302,237,306,240,310,242,318,242,325,239,331,238,339,238,342,236,346,235,353,234,356,237,358,240,360,244,364,248,359,249,355,250,353,253,354,256,355,263,357,268,359,275,355,275,350,273,346,272,340,273,339,277,340,281,344,284,347,287,350,289,354,291,358,293,358,296,357,298,356,300,354,303,354,307,351,310,344,311,339,308,332,305,328,302,324,298,323,301\" shape=\"poly\" href=\"http:\/\/homolog.saopaulo.sp.leg.br\/camaranoseubairro\/index.php\/sessoes-publicas\/mooca\/\" target=\"_parent\" \/>\n<area coords=\"368,306,363,305,356,302,358,298,358,293,354,290,348,285,342,279,341,276,344,274,349,275,355,277,360,277,359,269,356,257,357,251,362,250,365,250,368,253,372,257,380,258,385,260,397,271,405,277,412,284,419,294,420,300,423,304,422,308,419,314,417,321,413,320,408,317,404,316,398,314,393,314,385,313,377,308,371,306\" shape=\"poly\" href=\"http:\/\/homolog.saopaulo.sp.leg.br\/camaranoseubairro\/index.php\/sessoes-publicas\/aricanduva-vila-formosa\/\" target=\"_parent\" \/>\n<area coords=\"459,326,448,321,441,318,435,310,425,306,423,300,419,292,415,286,407,278,410,273,416,270,422,270,428,271,433,275,438,277,443,277,449,276,455,271,457,265,459,259,460,249,459,241,458,229,462,231,466,227,470,226,476,225,483,224,491,222,494,224,496,232,495,237,500,239,508,238,510,240,512,247,515,251,518,254,518,258,516,263,516,268,517,273,517,278,516,283,517,287,523,291,522,295,520,300,521,303,525,306,527,309,530,312,530,318,529,322,527,326,523,327,516,327,509,329,500,327,494,327,485,327,479,329,476,333,473,330,464,327\" shape=\"poly\" href=\"http:\/\/homolog.saopaulo.sp.leg.br\/camaranoseubairro\/index.php\/sessoes-publicas\/itaquera\/\" target=\"_parent\" \/>\n<area coords=\"535,283,530,285,525,287,520,285,518,280,517,269,519,261,521,256,518,250,511,241,510,235,514,229,518,229,522,231,527,233,531,236,535,238,540,240,545,241,553,239,555,233,559,232,567,232,569,235,564,236,560,241,557,242,555,246,557,249,557,254,560,256,562,259,564,263,561,267,557,266,555,268,552,268,555,271,557,275,559,280,562,284,566,286,570,286,574,287,571,289,567,292,564,293,560,295,556,296,552,294,544,288,539,285\" shape=\"poly\" href=\"http:\/\/homolog.saopaulo.sp.leg.br\/camaranoseubairro\/index.php\/sessoes-publicas\/guaianases\/\" target=\"_parent\" \/>\n<area coords=\"389,353,395,352,395,348,397,344,394,342,391,338,386,335,381,332,382,328,383,322,383,316,379,312,374,309,367,308,361,306,356,305,355,310,350,312,344,312,338,310,332,307,327,304,324,302,321,304,320,307,318,311,314,312,307,312,310,317,314,324,320,330,325,338,327,335,334,336,338,339,343,343,348,346,351,349,355,350,359,346,362,344,366,341,370,343,372,346,375,348,379,350,384,354\" shape=\"poly\" href=\"http:\/\/homolog.saopaulo.sp.leg.br\/camaranoseubairro\/index.php\/sessoes-publicas\/vila-prudente\/\" target=\"_parent\" \/>\n<area coords=\"554,340,559,338,563,338,568,336,569,333,571,327,573,322,574,318,572,311,569,306,574,304,572,300,569,293,565,295,561,298,557,298,551,296,547,292,544,290,540,287,536,286,530,287,526,290,523,294,523,299,525,301,530,305,533,309,532,314,532,320,530,324,530,327,532,330,533,334,535,338,541,340,544,342,548,346,553,352,552,348,551,343\" shape=\"poly\" href=\"http:\/\/homolog.saopaulo.sp.leg.br\/camaranoseubairro\/index.php\/sessoes-publicas\/cidade-tiradentes\/\" target=\"_parent\" \/>\n<area coords=\"537,382,542,378,540,373,540,367,545,366,549,364,551,361,552,356,551,352,547,349,544,345,540,342,536,341,533,336,531,332,529,328,525,327,522,328,518,329,513,330,510,330,503,328,497,327,491,328,485,329,483,329,480,331,477,334,475,334,472,330,466,330,462,328,456,326,449,323,445,320,441,318,436,313,433,311,429,309,426,309,423,311,421,315,419,319,419,323,420,326,423,328,429,330,434,330,433,333,432,336,431,340,431,346,434,346,440,346,444,346,445,349,445,351,446,355,447,358,448,362,448,366,451,368,453,370,457,372,457,379,460,383,461,385,465,387,470,387,473,389,477,391,481,391,484,391,487,393,491,394,495,394,498,393,505,391,509,391,510,387,513,385,519,387,521,389,521,392,521,394,525,391,529,390,533,385\" shape=\"poly\" href=\"http:\/\/homolog.saopaulo.sp.leg.br\/camaranoseubairro\/index.php\/sessoes-publicas\/sao-mateus\/\" target=\"_parent\" \/>\n<area coords=\"400,354,405,359,409,361,412,363,414,366,417,369,422,370,427,368,431,369,434,369,439,368,443,366,447,365,446,358,444,353,443,348,439,347,433,348,429,347,429,343,429,338,430,333,426,333,421,331,418,328,416,324,412,322,408,320,404,319,399,317,394,316,388,316,386,316,387,318,386,322,386,325,384,328,384,332,388,334,391,336,395,339,397,341,398,345,397,349,396,353\" shape=\"poly\" href=\"http:\/\/homolog.saopaulo.sp.leg.br\/camaranoseubairro\/index.php\/sessoes-publicas\/sapopemba\/\" target=\"_parent\" \/> <\/map>\n","protected":false},"excerpt":{"rendered":"<p>O\u00a0\u201cC\u00e2mara no Seu Bairro\u201d\u00a0\u00e9 uma a\u00e7\u00e3o da C\u00e2mara de Vereadores de S\u00e3o Paulo que aproxima a popula\u00e7\u00e3o do legislativo paulistano. Em 2015, a cada semana, uma das 32 regi\u00f5es administradas pelas subprefeituras recebeu uma sess\u00e3o p\u00fablica, onde foram\u00a0discutidos problemas locais\u00a0com os moradores. O evento foi\u00a0aberto a todos e a inscri\u00e7\u00e3o para falar era\u00a0feita no local,&#8230;  <a class=\"excerpt-read-more\" href=\"https:\/\/homolog.saopaulo.sp.leg.br\/camaranoseubairro\/\" title=\"Read Home\">Ler mais &raquo;<\/a><\/p>\n","protected":false},"author":59,"featured_media":0,"parent":0,"menu_order":1,"comment_status":"open","ping_status":"closed","template":"","meta":{"_acf_changed":false,"ngg_post_thumbnail":0,"footnotes":""},"class_list":["post-5300","page","type-page","status-publish","hentry"],"acf":[],"_links":{"self":[{"href":"https:\/\/homolog.saopaulo.sp.leg.br\/camaranoseubairro\/wp-json\/wp\/v2\/pages\/5300","targetHints":{"allow":["GET"]}}],"collection":[{"href":"https:\/\/homolog.saopaulo.sp.leg.br\/camaranoseubairro\/wp-json\/wp\/v2\/pages"}],"about":[{"href":"https:\/\/homolog.saopaulo.sp.leg.br\/camaranoseubairro\/wp-json\/wp\/v2\/types\/page"}],"author":[{"embeddable":true,"href":"https:\/\/homolog.saopaulo.sp.leg.br\/camaranoseubairro\/wp-json\/wp\/v2\/users\/59"}],"replies":[{"embeddable":true,"href":"https:\/\/homolog.saopaulo.sp.leg.br\/camaranoseubairro\/wp-json\/wp\/v2\/comments?post=5300"}],"version-history":[{"count":5,"href":"https:\/\/homolog.saopaulo.sp.leg.br\/camaranoseubairro\/wp-json\/wp\/v2\/pages\/5300\/revisions"}],"predecessor-version":[{"id":6880,"href":"https:\/\/homolog.saopaulo.sp.leg.br\/camaranoseubairro\/wp-json\/wp\/v2\/pages\/5300\/revisions\/6880"}],"wp:attachment":[{"href":"https:\/\/homolog.saopaulo.sp.leg.br\/camaranoseubairro\/wp-json\/wp\/v2\/media?parent=5300"}],"curies":[{"name":"wp","href":"https:\/\/api.w.org\/{rel}","templated":true}]}}