{"id":5301,"date":"2015-03-05T11:27:13","date_gmt":"2015-03-05T14:27:13","guid":{"rendered":"http:\/\/homolog.saopaulo.sp.leg.br\/camaranoseubairro\/entenda\/"},"modified":"2015-12-15T20:25:47","modified_gmt":"2015-12-15T20:25:47","slug":"entenda","status":"publish","type":"page","link":"https:\/\/homolog.saopaulo.sp.leg.br\/camaranoseubairro\/entenda\/","title":{"rendered":"C\u00e2mara no seu Bairro"},"content":{"rendered":"<p><iframe loading=\"lazy\" src=\"https:\/\/www.youtube.com\/embed\/DCFDLqU7Us8?rel=0&amp;showinfo=0\" width=\"650\" height=\"365\" frameborder=\"0\" allowfullscreen=\"allowfullscreen\"><\/iframe><br \/>\n<strong>Conhe\u00e7a a hist\u00f3ria de Nelson Marques, morador da Vila Maria. Mais um entre diversos personagens descobertos nas sess\u00f5es do programa C\u00e2mara no seu Bairro.<\/strong><\/p>\n<h2>Conhe\u00e7a o programa C\u00e2mara no Seu Bairro<\/h2>\n<p>O <a href=\"http:\/\/homolog.saopaulo.sp.leg.br\/camaranoseubairro\/entenda\/\" target=\"_blank\"><strong>\u201cC\u00e2mara no seu Bairro\u201d<\/strong><\/a> \u00e9 um programa da Mesa Diretora da C\u00e2mara Municipal de S\u00e3o Paulo que tem como principal objetivo aproximar a popula\u00e7\u00e3o do trabalho legislativo. Em 2015, a cada semana, uma das 32 regi\u00f5es administradas pelas subprefeituras recebeu uma sess\u00e3o p\u00fablica, onde foram\u00a0discutidos com os moradores os problemas locais.<\/p>\n<p>Essas sess\u00f5es foram\u00a0divididas em dois momentos. Primeiro, um Pequeno Expediente, onde cada vereador presente teve cinco minutos para expor as suas ideias. Ap\u00f3s, foi\u00a0realizada a Tribuna Popular, na qual cada mun\u00edcipe inscrito teve at\u00e9 tr\u00eas\u00a0minutos para\u00a0falar\u00a0de assuntos de interesse local, apresentar propostas e sugest\u00f5es que contribuam para a melhoria de sua regi\u00e3o e da cidade como um todo.<\/p>\n<p>O evento foi\u00a0aberto a todos e a inscri\u00e7\u00e3o para falar\u00a0foi\u00a0feita no local, no dia da sess\u00e3o. Quando o\u00a0n\u00famero de inscri\u00e7\u00f5es ultrapassou\u00a0os 90 minutos, tempo previsto da sess\u00e3o, houve um sorteio para a defini\u00e7\u00e3o dos oradores.<\/p>\n<p>Ao final, o presidente abriu\u00a0a palavra \u00e0s autoridades para eventuais esclarecimentos e considera\u00e7\u00f5es finais.<\/p>\n<p>Uma equipe da C\u00e2mara Municipal esteve presente exclusivamente para coletar as demandas dos moradores. Todas as demandas foram\u00a0avaliadas, encaminhadas aos \u00f3rg\u00e3os competentes ou \u00e0 C\u00e2mara, e poder\u00e3o ser transformadas em iniciativas de lei ou iniciativas de fiscaliza\u00e7\u00e3o.<\/p>\n<p>Al\u00e9m da manifesta\u00e7\u00e3o presencial na sess\u00e3o, tamb\u00e9m foram\u00a0ser feitas contribui\u00e7\u00f5es via formul\u00e1rio em papel, que foi\u00a0distribu\u00eddo no dia.<\/p>\n<p>Confira o<a href=\"https:\/\/homolog.saopaulo.sp.leg.br\/wp-content\/uploads\/dce\/Ato%20n%C2%BA%201293.pdf\" target=\"_blank\"> Ato n\u00ba 1293\/15<\/a>, da Mesa Diretora, que disp\u00f5e sobre a realiza\u00e7\u00e3o de <a href=\"http:\/\/homolog.saopaulo.sp.leg.br\/camaranoseubairro\/sessoes-publicas\/\" target=\"_blank\">sess\u00f5es p\u00fablicas<\/a> fora das depend\u00eancias do Pal\u00e1cio Anchieta, e d\u00e1 outras provid\u00eancias.<\/p>\n<p>&nbsp;<\/p>\n","protected":false},"excerpt":{"rendered":"<p>Conhe\u00e7a a hist\u00f3ria de Nelson Marques, morador da Vila Maria. Mais um entre diversos personagens descobertos nas sess\u00f5es do programa C\u00e2mara no seu Bairro. Conhe\u00e7a o programa C\u00e2mara no Seu Bairro O \u201cC\u00e2mara no seu Bairro\u201d \u00e9 um programa da Mesa Diretora da C\u00e2mara Municipal de S\u00e3o Paulo que tem como principal objetivo aproximar a&#8230;  <a class=\"excerpt-read-more\" href=\"https:\/\/homolog.saopaulo.sp.leg.br\/camaranoseubairro\/entenda\/\" title=\"Read C\u00e2mara no seu Bairro\">Ler mais &raquo;<\/a><\/p>\n","protected":false},"author":59,"featured_media":0,"parent":0,"menu_order":3,"comment_status":"open","ping_status":"open","template":"","meta":{"_acf_changed":false,"ngg_post_thumbnail":0,"footnotes":""},"class_list":["post-5301","page","type-page","status-publish","hentry"],"acf":[],"_links":{"self":[{"href":"https:\/\/homolog.saopaulo.sp.leg.br\/camaranoseubairro\/wp-json\/wp\/v2\/pages\/5301","targetHints":{"allow":["GET"]}}],"collection":[{"href":"https:\/\/homolog.saopaulo.sp.leg.br\/camaranoseubairro\/wp-json\/wp\/v2\/pages"}],"about":[{"href":"https:\/\/homolog.saopaulo.sp.leg.br\/camaranoseubairro\/wp-json\/wp\/v2\/types\/page"}],"author":[{"embeddable":true,"href":"https:\/\/homolog.saopaulo.sp.leg.br\/camaranoseubairro\/wp-json\/wp\/v2\/users\/59"}],"replies":[{"embeddable":true,"href":"https:\/\/homolog.saopaulo.sp.leg.br\/camaranoseubairro\/wp-json\/wp\/v2\/comments?post=5301"}],"version-history":[{"count":3,"href":"https:\/\/homolog.saopaulo.sp.leg.br\/camaranoseubairro\/wp-json\/wp\/v2\/pages\/5301\/revisions"}],"predecessor-version":[{"id":6883,"href":"https:\/\/homolog.saopaulo.sp.leg.br\/camaranoseubairro\/wp-json\/wp\/v2\/pages\/5301\/revisions\/6883"}],"wp:attachment":[{"href":"https:\/\/homolog.saopaulo.sp.leg.br\/camaranoseubairro\/wp-json\/wp\/v2\/media?parent=5301"}],"curies":[{"name":"wp","href":"https:\/\/api.w.org\/{rel}","templated":true}]}}