{"id":606,"date":"2020-03-31T14:40:15","date_gmt":"2020-03-31T17:40:15","guid":{"rendered":"http:\/\/homolog.saopaulo.sp.leg.br\/coronavirus\/?page_id=606"},"modified":"2022-03-18T11:55:49","modified_gmt":"2022-03-18T14:55:49","slug":"prevencao-contra-o-novo-coronavirus","status":"publish","type":"page","link":"https:\/\/homolog.saopaulo.sp.leg.br\/coronavirus\/prevencao-contra-o-novo-coronavirus\/","title":{"rendered":"Preven\u00e7\u00e3o contra o novo coronav\u00edrus"},"content":{"rendered":"<div class=\"lead\">\n<p>A preven\u00e7\u00e3o contra a Covid-19 atingiu um novo n\u00edvel no Brasil com o in\u00edcio da campanha de vacina\u00e7\u00e3o. Atualmente, h\u00e1 quatro vacinas contra o novo coronav\u00edrus aprovadas pela <a href=\"https:\/\/www.gov.br\/anvisa\/pt-br\/assuntos\/paf\/coronavirus\/vacinas\" target=\"_blank\" rel=\"noopener\">Anvisa (Ag\u00eancia Nacional de Vigil\u00e2ncia Sanit\u00e1ria)<\/a>: Coronavac, AstraZeneca, Pfizer e Janssen. A campanha \u00e9 dividida em p\u00fablicos-alvo definidos pelo PNI (Programa Nacional de Imuniza\u00e7\u00e3o) do Minist\u00e9rio da Sa\u00fade.<\/p>\n<p>Al\u00e9m disso, outra recomenda\u00e7\u00e3o contra a doen\u00e7a \u00e9 a de lavar as m\u00e3os com \u00e1gua e sab\u00e3o. Opte pelo \u00e1lcool em gel apenas em locais onde n\u00e3o \u00e9 poss\u00edvel fazer a higiene desta maneira. Acompanhe como deve ser feito o procedimento no infogr\u00e1fico abaixo. Segundo a OMS (Organiza\u00e7\u00e3o Mundial da Sa\u00fade), o ideal \u00e9 gastar de 40 a 60 segundos em todo o procedimento. Ap\u00f3s enxaguar, se a torneira n\u00e3o for do tipo autom\u00e1tica, use uma toalha de papel para fech\u00e1-la.<\/p>\n<\/div>\n<img loading=\"lazy\" decoding=\"async\" class=\"alignnone wp-image-1003 size-full\" src=\"https:\/\/homolog.saopaulo.sp.leg.br\/coronavirus\/wp-content\/uploads\/sites\/33\/2022\/03\/higienizacao_mao.jpg\" alt=\"\" width=\"850\" height=\"1270\" \/>\n<h2>A EFIC\u00c1CIA DO \u00c1LCOOL EM GEL E OS RISCOS DA PRODU\u00c7\u00c3O CASEIRA<\/h2>\n<p>Por ser considerado antiss\u00e9ptico, o \u00e1lcool em gel 70% tamb\u00e9m ajuda na preven\u00e7\u00e3o contra a Covid-19 e \u00e9 recomendado pelas autoridades de sa\u00fade. No entanto, no in\u00edcio da pandemia, surgiram in\u00fameras receitas caseiras circulando em grupos de WhatsApp, YouTube e redes sociais. Na ocasi\u00e3o, o Conselho Federal de Qu\u00edmica emitiu um alerta sobre os riscos dessas vers\u00f5es improvisadas.<\/p>\n<p>Quando se utiliza \u00e1lcool l\u00edquido em elevadas concentra\u00e7\u00f5es, aumenta-se bastante o risco de acidentes que podem provocar inc\u00eandios, queimaduras de grau elevado e irrita\u00e7\u00e3o da pele e mucosas. A venda de \u00e1lcool l\u00edquido em concentra\u00e7\u00f5es superiores a 54\u00b0GL est\u00e1, inclusive, desautorizada pela Anvisa desde 2013, conforme <a href=\"https:\/\/bvsms.saude.gov.br\/bvs\/saudelegis\/anvisa\/2002\/rdc0046_20_02_2002.html#:~:text=RESOLU\u00c7\u00c3O-RDC%20N\u00ba%2046%2C%20DE%2020%20DE%20FEVEREIRO%20DE,1\u00ba%20do%20Art.%20111%20do%20Regimento%20Interno%20aprovado\" target=\"_blank\" rel=\"noopener\">resolu\u00e7\u00e3o RDC n\u00ba 46, de 20 de fevereiro de 2002<\/a>, que considerou os riscos oferecidos \u00e0 sa\u00fade p\u00fablica decorrentes de acidentes por queimadura e ingest\u00e3o. Para solu\u00e7\u00f5es com gradua\u00e7\u00e3o acima de 54\u00b0GL, a norma permite a forma em gel.<\/p>\n<p>Al\u00e9m disso, dependendo do que se utiliza como espessante, em vez de eliminar microrganismos pode-se potencializar sua prolifera\u00e7\u00e3o.<\/p>\n<p>Os produtos industrializados passam por rigoroso processo de produ\u00e7\u00e3o, onde h\u00e1 padr\u00f5es a serem seguidos. Todas as etapas s\u00e3o monitoradas e passam por controles que garantem a padroniza\u00e7\u00e3o, regularidade e qualidade dos produtos disponibilizados ao consumidor final. J\u00e1 o \u00e1lcool em gel fabricado a partir de receitas e m\u00e9todos caseiros n\u00e3o passa por nenhum controle de qualidade, por isso sem garantia de efic\u00e1cia.<\/p>\n<p>Se n\u00e3o tiver \u00e1lcool em gel dispon\u00edvel, higienize suas m\u00e3os com \u00e1gua e sab\u00e3o. Uma vez que n\u00e3o estar\u00e1 fazendo uso do \u00e1lcool em gel, \u00e9 interessante aumentar a frequ\u00eancia de lavagens e tamb\u00e9m estar atento \u00e0 hidrata\u00e7\u00e3o da pele para evitar ressecamento.<\/p>\n<div class=\"box\">\n<div>\n<h3 style=\"margin: 0\">Um alerta importante<\/h3>\n<p>Fique atento ao uso do produto principalmente em ambientes como a cozinha. Por conta da consist\u00eancia, o \u00e1lcool em gel demora a se dissipar nas m\u00e3os e \u00e9 uma subst\u00e2ncia inflam\u00e1vel. O recomendado ap\u00f3s a aplica\u00e7\u00e3o \u00e9 esperar secar completamente e aguardar entre 15 a 20 minutos, para que seja mais seguro fazer atividades que envolvam qualquer fonte de calor.<\/p>\n<p>J\u00e1 na higieniza\u00e7\u00e3o de equipamentos eletr\u00f4nicos, como o celular, o mais recomendado \u00e9 o \u00e1lcool isoprop\u00edlico. S\u00f3 \u00e9 preciso ter cuidado com a quantidade de produto aplicada, n\u00e3o devendo molhar o equipamento e bastando aplicar com um pano\/len\u00e7o\/papel embebido no \u00e1lcool.<\/p>\n<\/div>\n<\/div>\n<h2>J\u00c1 OUVIR FALAR EM ETIQUETA RESPIRAT\u00d3RIA?<\/h2>\n<p>Desde cedo, todos n\u00f3s aprendemos que ao tossir devemos proteger boca e nariz com as m\u00e3os. Por\u00e9m, o modo mais adequado, principalmente em meio a pandemia da Covid-19 \u00e9 cobrir a boca com um len\u00e7o de papel ao espirrar ou tossir, descartando o len\u00e7o usado no lixo.<\/p>\n<p>Se n\u00e3o tiver um len\u00e7o \u00e0 disposi\u00e7\u00e3o, voc\u00ea deve tossir ou espirrar no antebra\u00e7o e n\u00e3o em suas m\u00e3os, que s\u00e3o importantes ve\u00edculos de contamina\u00e7\u00e3o. Agora, se voc\u00ea n\u00e3o estiver tossindo ou espirrando e estiver no mesmo ambiente que algu\u00e9m com estes sintomas, procure ficar a uma dist\u00e2ncia de ao menos um metro.<\/p>\n<h2>DIFEREN\u00c7A ENTRE ISOLAMENTO SOCIAL, DISTANCIAMENTO SOCIAL E QUARENTENA<\/h2>\n<h3>Isolamento social<\/h3>\n<p>O isolamento \u00e9 a separa\u00e7\u00e3o de indiv\u00edduos infectados dos n\u00e3o infectados durante o per\u00edodo de transmissibilidade da doen\u00e7a, quando \u00e9 poss\u00edvel transmitir o pat\u00f3geno em condi\u00e7\u00f5es de infectar outra pessoa.<\/p>\n<h3>Distanciamento social<\/h3>\n<p>O distanciamento social \u00e9 importante para reduzir as chances e a velocidade de transmiss\u00e3o quando h\u00e1 probabilidade de indiv\u00edduos estarem infectados mesmo que assintom\u00e1ticos e sem diagn\u00f3stico da Covid-19. A dist\u00e2ncia f\u00edsica recomendada \u00e9 de pelo menos 1 metro. Lembre-se que aglomera\u00e7\u00f5es representam um risco alto para dissemina\u00e7\u00e3o do v\u00edrus.<\/p>\n<h3>Quarentena<\/h3>\n<p>A quarentena \u00e9 uma medida preventiva recomendada para restringir a circula\u00e7\u00e3o de pessoas que foram expostas a uma doen\u00e7a contagiosa durante o per\u00edodo em que elas podem ficar doentes.<\/p>\n<h2>COVID NO AMBIENTE DOMICILIAR<\/h2>\n<h3>CUIDADOS COM QUEM EST\u00c1 CONTAMINADO<\/h3>\n<p>O isolamento domiciliar \u00e9 uma conduta prevista pelo Minist\u00e9rio da Sa\u00fade e que pode ser indicada pelo m\u00e9dico, a depender da condi\u00e7\u00e3o cl\u00ednica do paciente, para casos confirmados de Covid-19 que n\u00e3o precisam de interna\u00e7\u00e3o imediata, e tamb\u00e9m para casos suspeitos.<\/p>\n<p>Segundo <a href=\"https:\/\/www.gov.br\/saude\/pt-br\/assuntos\/noticias\/2022\/janeiro\/ministerio-da-saude-reduz-para-7-dias-o-isolamento-de-casos-por-covid-19\/GuiadeVigilanciaEpidemiologicaCovid19_12012022.pdf\" target=\"_blank\" rel=\"noopener\">recomenda\u00e7\u00f5es do Guia de Vigil\u00e2ncia Epidemiol\u00f3gica do Minist\u00e9rio da Sa\u00fade<\/a>, o isolamento domiciliar deve ser feito por 10 dias para casos leves a moderados da doen\u00e7a, quando n\u00e3o h\u00e1 mais febre e uso de medicamentos antit\u00e9rmicos. Esse per\u00edodo pode ser reduzido para sete dias se o paciente estiver afebril, sem o uso de medicamentos antit\u00e9rmicos h\u00e1 pelo menos 24 horas e com remiss\u00e3o dos sintomas respirat\u00f3rios. Caso a pessoa tenha acesso \u00e0 testagem, o isolamento respirat\u00f3rio domiciliar poder\u00e1 ser suspenso no 5\u00ba dia completo do in\u00edcio dos sintomas, desde que permane\u00e7a afebril, sem o uso de medicamentos antit\u00e9rmicos h\u00e1 pelo menos 24 horas e com remiss\u00e3o dos sintomas respirat\u00f3rios e com resultado n\u00e3o detectado para RT-PCR ou n\u00e3o reagente para Teste R\u00e1pido de Ant\u00edgeno (TR-Ag) realizado no 5\u00ba dia completo do in\u00edcio dos sintomas.<\/p>\n<p>Veja abaixo o quadro de recomenda\u00e7\u00f5es do guia:<\/p>\n<img loading=\"lazy\" decoding=\"async\" class=\"aligncenter wp-image-4476 size-full\" src=\"https:\/\/homolog.saopaulo.sp.leg.br\/coronavirus\/wp-content\/uploads\/sites\/33\/2022\/03\/quadro43.jpg\" alt=\"\" width=\"850\" height=\"1021\" srcset=\"https:\/\/homolog.saopaulo.sp.leg.br\/coronavirus\/wp-content\/uploads\/sites\/33\/2022\/03\/quadro43.jpg 850w, https:\/\/homolog.saopaulo.sp.leg.br\/coronavirus\/wp-content\/uploads\/sites\/33\/2022\/03\/quadro43-250x300.jpg 250w, https:\/\/homolog.saopaulo.sp.leg.br\/coronavirus\/wp-content\/uploads\/sites\/33\/2022\/03\/quadro43-768x923.jpg 768w\" sizes=\"auto, (max-width: 850px) 100vw, 850px\" \/>\n<h4>Medidas para isolamento seguro:<\/h4>\n<ul>\n<li>Permanecer em quarto isolado e bem ventilado. Caso n\u00e3o seja poss\u00edvel isolar em um quarto \u00fanico, manter pelo menos 1 metro de dist\u00e2ncia do paciente;<\/li>\n<li>dormir em cama separada;<\/li>\n<li>limitar a movimenta\u00e7\u00e3o do paciente pela casa;<\/li>\n<li>locais com compartilhamento, como cozinha e banheiro, devem estar bem ventilados;<\/li>\n<li>utiliza\u00e7\u00e3o de m\u00e1scara cir\u00fargica todo o tempo. Caso o paciente n\u00e3o tolere ficar por muito tempo, realizar medidas de higiene respirat\u00f3ria com mais frequ\u00eancia;<\/li>\n<li>trocar m\u00e1scara cir\u00fargica sempre que esta estiver \u00famida ou danificada;<\/li>\n<li>em idas ao banheiro ou outro ambiente, o doente deve usar obrigatoriamente m\u00e1scara;<\/li>\n<li>realizar higiene frequente das m\u00e3os, com \u00e1gua e sab\u00e3o ou \u00e1lcool em gel, especialmente antes de comer ou cozinhar e ap\u00f3s ir ao banheiro;<\/li>\n<li>sem visitas ao doente;<\/li>\n<li>o paciente s\u00f3 poder\u00e1 sair de casa em casos de emerg\u00eancia, sempre com m\u00e1scara e evitar multid\u00f5es, preferindo transportes individuais ou a p\u00e9, sempre que poss\u00edvel.<\/li>\n<\/ul>\n<h4>Precau\u00e7\u00f5es para o cuidador:<\/h4>\n<ul>\n<li>o cuidador deve utilizar uma m\u00e1scara (descart\u00e1vel) quando estiver perto do paciente. Caso a m\u00e1scara fique \u00famida ou com secre\u00e7\u00f5es, deve ser trocada imediatamente;<\/li>\n<li>nunca tocar ou mexer na m\u00e1scara enquanto estiver perto do paciente. Ap\u00f3s retirar a m\u00e1scara, o cuidador deve lavar as m\u00e3os;<\/li>\n<li>deve ser realizada higiene das m\u00e3os toda vez que elas parecerem sujas, antes\/depois do contato com o paciente, antes\/depois de ir ao banheiro, antes\/depois de cozinhar e comer ou toda vez que julgar necess\u00e1rio;<\/li>\n<li>pode ser utilizado \u00e1lcool em gel quando as m\u00e3os estiverem secas e \u00e1gua e sab\u00e3o quando as m\u00e3os parecerem oleosas ou sujas;<\/li>\n<li>toda vez que lavar as m\u00e3os com \u00e1gua e sab\u00e3o, dar prefer\u00eancia ao papel-toalha. Caso n\u00e3o seja poss\u00edvel, utilizar toalha de tecido e troc\u00e1-la toda vez que ficar \u00famida;<\/li>\n<li>caso algu\u00e9m do domic\u00edlio apresente sintomas, iniciar com os mesmos cuidados de precau\u00e7\u00e3o para pacientes.<\/li>\n<\/ul>\n<h4>Precau\u00e7\u00f5es gerais para isolamento domiciliar:<\/h4>\n<ul>\n<li>Toda vez que lavar as m\u00e3os com \u00e1gua e sab\u00e3o, d\u00ea prefer\u00eancia ao papel-toalha. Caso n\u00e3o seja poss\u00edvel, utilizar toalha de tecido e troc\u00e1-la toda vez que ficar \u00famida. Todos os moradores da casa devem cobrir a boca e o nariz quando forem tossir ou espirrar, seja com as m\u00e3os ou m\u00e1scaras;<\/li>\n<li>lave as m\u00e3os e jogue as m\u00e1scaras ap\u00f3s o uso;<\/li>\n<li>evite o contato com as secre\u00e7\u00f5es do paciente;<\/li>\n<li>quando for descartar o lixo do paciente, utilize luvas descart\u00e1veis;<\/li>\n<li>limpe frequentemente (mais de uma vez por dia) as superf\u00edcies que s\u00e3o frequentemente tocadas com solu\u00e7\u00e3o contendo alvejante. Fa\u00e7a o mesmo para banheiros e toaletes;<\/li>\n<li>lave roupas pessoais, roupas de cama e roupas de banho do paciente com sab\u00e3o comum e \u00e1gua entre 60-90\u00baC, deixe secar.<\/li>\n<\/ul>\n<p>&nbsp;<\/p>\n<p><strong>Fontes:<\/strong><br \/>\n<em>OMS \u2013 Organiza\u00e7\u00e3o Mundial da Sa\u00fade<br \/>\nMinist\u00e9rio da Sa\u00fade<br \/>\nAnvisa \u2013 Ag\u00eancia Nacional de Vigil\u00e2ncia Sanit\u00e1ria<br \/>\nCFQ &#8211; Conselho Federal de Qu\u00edmica<\/em><\/p>\n","protected":false},"excerpt":{"rendered":"<p>A preven\u00e7\u00e3o contra a Covid-19 atingiu um novo n\u00edvel no Brasil com o in\u00edcio da campanha de vacina\u00e7\u00e3o. Atualmente, h\u00e1 quatro vacinas contra o novo coronav\u00edrus aprovadas pela Anvisa (Ag\u00eancia Nacional de Vigil\u00e2ncia Sanit\u00e1ria): Coronavac, AstraZeneca, Pfizer e Janssen. A campanha \u00e9 dividida em p\u00fablicos-alvo definidos pelo PNI (Programa Nacional de Imuniza\u00e7\u00e3o) do Minist\u00e9rio da&#8230;  <a class=\"excerpt-read-more\" href=\"https:\/\/homolog.saopaulo.sp.leg.br\/coronavirus\/prevencao-contra-o-novo-coronavirus\/\" title=\"Read Preven\u00e7\u00e3o contra o novo coronav\u00edrus\">Ler mais &raquo;<\/a><\/p>\n","protected":false},"author":630,"featured_media":0,"parent":0,"menu_order":0,"comment_status":"closed","ping_status":"closed","template":"page-simple.php","meta":{"_acf_changed":false,"footnotes":""},"class_list":["post-606","page","type-page","status-publish","hentry"],"acf":[],"yoast_head":"<!-- This site is optimized with the Yoast SEO plugin v27.4 - https:\/\/yoast.com\/product\/yoast-seo-wordpress\/ -->\r\n<title>Preven\u00e7\u00e3o contra o novo coronav\u00edrus - Coronav\u00edrus<\/title>\r\n<meta name=\"description\" content=\"Quando o assunto \u00e9 preven\u00e7\u00e3o contra o novo coronav\u00edrus, a principal recomenda\u00e7\u00e3o contra o novo coronav\u00edrus \u00e9 a de lavar as m\u00e3os com \u00e1gua e sab\u00e3o.\" \/>\r\n<meta name=\"robots\" content=\"noindex, follow, max-snippet:-1, max-image-preview:large, max-video-preview:-1\" \/>\r\n<meta property=\"og:locale\" content=\"pt_BR\" \/>\r\n<meta property=\"og:type\" content=\"article\" \/>\r\n<meta property=\"og:title\" content=\"Preven\u00e7\u00e3o contra o novo coronav\u00edrus - Coronav\u00edrus\" \/>\r\n<meta property=\"og:description\" content=\"Quando o assunto \u00e9 preven\u00e7\u00e3o contra o novo coronav\u00edrus, a principal recomenda\u00e7\u00e3o contra o novo coronav\u00edrus \u00e9 a de lavar as m\u00e3os com \u00e1gua e sab\u00e3o.\" \/>\r\n<meta property=\"og:url\" content=\"https:\/\/www.saopaulo.sp.leg.br\/coronavirus\/prevencao-contra-o-novo-coronavirus\/\" \/>\r\n<meta property=\"og:site_name\" content=\"Coronav\u00edrus\" \/>\r\n<meta property=\"article:modified_time\" content=\"2022-03-18T14:55:49+00:00\" \/>\r\n<meta property=\"og:image\" content=\"https:\/\/www.saopaulo.sp.leg.br\/coronavirus\/wp-content\/uploads\/sites\/33\/2022\/03\/higienizacao_mao.jpg\" \/>\r\n<meta name=\"twitter:card\" content=\"summary_large_image\" \/>\r\n<meta name=\"twitter:label1\" content=\"Est. tempo de leitura\" \/>\n\t<meta name=\"twitter:data1\" content=\"9 minutos\" \/>\r\n<script type=\"application\/ld+json\" class=\"yoast-schema-graph\">{\"@context\":\"https:\\\/\\\/schema.org\",\"@graph\":[{\"@type\":\"WebPage\",\"@id\":\"https:\\\/\\\/www.saopaulo.sp.leg.br\\\/coronavirus\\\/prevencao-contra-o-novo-coronavirus\\\/\",\"url\":\"https:\\\/\\\/www.saopaulo.sp.leg.br\\\/coronavirus\\\/prevencao-contra-o-novo-coronavirus\\\/\",\"name\":\"Preven\u00e7\u00e3o contra o novo coronav\u00edrus - Coronav\u00edrus\",\"isPartOf\":{\"@id\":\"https:\\\/\\\/homolog.saopaulo.sp.leg.br\\\/coronavirus\\\/#website\"},\"primaryImageOfPage\":{\"@id\":\"https:\\\/\\\/www.saopaulo.sp.leg.br\\\/coronavirus\\\/prevencao-contra-o-novo-coronavirus\\\/#primaryimage\"},\"image\":{\"@id\":\"https:\\\/\\\/www.saopaulo.sp.leg.br\\\/coronavirus\\\/prevencao-contra-o-novo-coronavirus\\\/#primaryimage\"},\"thumbnailUrl\":\"https:\\\/\\\/homolog.saopaulo.sp.leg.br\\\/coronavirus\\\/wp-content\\\/uploads\\\/sites\\\/33\\\/2022\\\/03\\\/higienizacao_mao.jpg\",\"datePublished\":\"2020-03-31T17:40:15+00:00\",\"dateModified\":\"2022-03-18T14:55:49+00:00\",\"description\":\"Quando o assunto \u00e9 preven\u00e7\u00e3o contra o novo coronav\u00edrus, a principal recomenda\u00e7\u00e3o contra o novo coronav\u00edrus \u00e9 a de lavar as m\u00e3os com \u00e1gua e sab\u00e3o.\",\"breadcrumb\":{\"@id\":\"https:\\\/\\\/www.saopaulo.sp.leg.br\\\/coronavirus\\\/prevencao-contra-o-novo-coronavirus\\\/#breadcrumb\"},\"inLanguage\":\"pt-BR\",\"potentialAction\":[{\"@type\":\"ReadAction\",\"target\":[\"https:\\\/\\\/www.saopaulo.sp.leg.br\\\/coronavirus\\\/prevencao-contra-o-novo-coronavirus\\\/\"]}]},{\"@type\":\"ImageObject\",\"inLanguage\":\"pt-BR\",\"@id\":\"https:\\\/\\\/www.saopaulo.sp.leg.br\\\/coronavirus\\\/prevencao-contra-o-novo-coronavirus\\\/#primaryimage\",\"url\":\"https:\\\/\\\/homolog.saopaulo.sp.leg.br\\\/coronavirus\\\/wp-content\\\/uploads\\\/sites\\\/33\\\/2022\\\/03\\\/higienizacao_mao.jpg\",\"contentUrl\":\"https:\\\/\\\/homolog.saopaulo.sp.leg.br\\\/coronavirus\\\/wp-content\\\/uploads\\\/sites\\\/33\\\/2022\\\/03\\\/higienizacao_mao.jpg\"},{\"@type\":\"BreadcrumbList\",\"@id\":\"https:\\\/\\\/www.saopaulo.sp.leg.br\\\/coronavirus\\\/prevencao-contra-o-novo-coronavirus\\\/#breadcrumb\",\"itemListElement\":[{\"@type\":\"ListItem\",\"position\":1,\"name\":\"In\u00edcio\",\"item\":\"https:\\\/\\\/homolog.saopaulo.sp.leg.br\\\/coronavirus\\\/\"},{\"@type\":\"ListItem\",\"position\":2,\"name\":\"Preven\u00e7\u00e3o contra o novo coronav\u00edrus\"}]},{\"@type\":\"WebSite\",\"@id\":\"https:\\\/\\\/homolog.saopaulo.sp.leg.br\\\/coronavirus\\\/#website\",\"url\":\"https:\\\/\\\/homolog.saopaulo.sp.leg.br\\\/coronavirus\\\/\",\"name\":\"Coronav\u00edrus\",\"description\":\"Informa\u00e7\u00e3o no combate ao COVID-19\",\"potentialAction\":[{\"@type\":\"SearchAction\",\"target\":{\"@type\":\"EntryPoint\",\"urlTemplate\":\"https:\\\/\\\/homolog.saopaulo.sp.leg.br\\\/coronavirus\\\/?s={search_term_string}\"},\"query-input\":{\"@type\":\"PropertyValueSpecification\",\"valueRequired\":true,\"valueName\":\"search_term_string\"}}],\"inLanguage\":\"pt-BR\"}]}<\/script>\r\n<!-- \/ Yoast SEO plugin. -->","yoast_head_json":{"title":"Preven\u00e7\u00e3o contra o novo coronav\u00edrus - Coronav\u00edrus","description":"Quando o assunto \u00e9 preven\u00e7\u00e3o contra o novo coronav\u00edrus, a principal recomenda\u00e7\u00e3o contra o novo coronav\u00edrus \u00e9 a de lavar as m\u00e3os com \u00e1gua e sab\u00e3o.","robots":{"index":"noindex","follow":"follow","max-snippet":"max-snippet:-1","max-image-preview":"max-image-preview:large","max-video-preview":"max-video-preview:-1"},"og_locale":"pt_BR","og_type":"article","og_title":"Preven\u00e7\u00e3o contra o novo coronav\u00edrus - Coronav\u00edrus","og_description":"Quando o assunto \u00e9 preven\u00e7\u00e3o contra o novo coronav\u00edrus, a principal recomenda\u00e7\u00e3o contra o novo coronav\u00edrus \u00e9 a de lavar as m\u00e3os com \u00e1gua e sab\u00e3o.","og_url":"https:\/\/www.saopaulo.sp.leg.br\/coronavirus\/prevencao-contra-o-novo-coronavirus\/","og_site_name":"Coronav\u00edrus","article_modified_time":"2022-03-18T14:55:49+00:00","og_image":[{"url":"https:\/\/www.saopaulo.sp.leg.br\/coronavirus\/wp-content\/uploads\/sites\/33\/2022\/03\/higienizacao_mao.jpg","type":"","width":"","height":""}],"twitter_card":"summary_large_image","twitter_misc":{"Est. tempo de leitura":"9 minutos"},"schema":{"@context":"https:\/\/schema.org","@graph":[{"@type":"WebPage","@id":"https:\/\/www.saopaulo.sp.leg.br\/coronavirus\/prevencao-contra-o-novo-coronavirus\/","url":"https:\/\/www.saopaulo.sp.leg.br\/coronavirus\/prevencao-contra-o-novo-coronavirus\/","name":"Preven\u00e7\u00e3o contra o novo coronav\u00edrus - Coronav\u00edrus","isPartOf":{"@id":"https:\/\/homolog.saopaulo.sp.leg.br\/coronavirus\/#website"},"primaryImageOfPage":{"@id":"https:\/\/www.saopaulo.sp.leg.br\/coronavirus\/prevencao-contra-o-novo-coronavirus\/#primaryimage"},"image":{"@id":"https:\/\/www.saopaulo.sp.leg.br\/coronavirus\/prevencao-contra-o-novo-coronavirus\/#primaryimage"},"thumbnailUrl":"https:\/\/homolog.saopaulo.sp.leg.br\/coronavirus\/wp-content\/uploads\/sites\/33\/2022\/03\/higienizacao_mao.jpg","datePublished":"2020-03-31T17:40:15+00:00","dateModified":"2022-03-18T14:55:49+00:00","description":"Quando o assunto \u00e9 preven\u00e7\u00e3o contra o novo coronav\u00edrus, a principal recomenda\u00e7\u00e3o contra o novo coronav\u00edrus \u00e9 a de lavar as m\u00e3os com \u00e1gua e sab\u00e3o.","breadcrumb":{"@id":"https:\/\/www.saopaulo.sp.leg.br\/coronavirus\/prevencao-contra-o-novo-coronavirus\/#breadcrumb"},"inLanguage":"pt-BR","potentialAction":[{"@type":"ReadAction","target":["https:\/\/www.saopaulo.sp.leg.br\/coronavirus\/prevencao-contra-o-novo-coronavirus\/"]}]},{"@type":"ImageObject","inLanguage":"pt-BR","@id":"https:\/\/www.saopaulo.sp.leg.br\/coronavirus\/prevencao-contra-o-novo-coronavirus\/#primaryimage","url":"https:\/\/homolog.saopaulo.sp.leg.br\/coronavirus\/wp-content\/uploads\/sites\/33\/2022\/03\/higienizacao_mao.jpg","contentUrl":"https:\/\/homolog.saopaulo.sp.leg.br\/coronavirus\/wp-content\/uploads\/sites\/33\/2022\/03\/higienizacao_mao.jpg"},{"@type":"BreadcrumbList","@id":"https:\/\/www.saopaulo.sp.leg.br\/coronavirus\/prevencao-contra-o-novo-coronavirus\/#breadcrumb","itemListElement":[{"@type":"ListItem","position":1,"name":"In\u00edcio","item":"https:\/\/homolog.saopaulo.sp.leg.br\/coronavirus\/"},{"@type":"ListItem","position":2,"name":"Preven\u00e7\u00e3o contra o novo coronav\u00edrus"}]},{"@type":"WebSite","@id":"https:\/\/homolog.saopaulo.sp.leg.br\/coronavirus\/#website","url":"https:\/\/homolog.saopaulo.sp.leg.br\/coronavirus\/","name":"Coronav\u00edrus","description":"Informa\u00e7\u00e3o no combate ao COVID-19","potentialAction":[{"@type":"SearchAction","target":{"@type":"EntryPoint","urlTemplate":"https:\/\/homolog.saopaulo.sp.leg.br\/coronavirus\/?s={search_term_string}"},"query-input":{"@type":"PropertyValueSpecification","valueRequired":true,"valueName":"search_term_string"}}],"inLanguage":"pt-BR"}]}},"_links":{"self":[{"href":"https:\/\/homolog.saopaulo.sp.leg.br\/coronavirus\/wp-json\/wp\/v2\/pages\/606","targetHints":{"allow":["GET"]}}],"collection":[{"href":"https:\/\/homolog.saopaulo.sp.leg.br\/coronavirus\/wp-json\/wp\/v2\/pages"}],"about":[{"href":"https:\/\/homolog.saopaulo.sp.leg.br\/coronavirus\/wp-json\/wp\/v2\/types\/page"}],"author":[{"embeddable":true,"href":"https:\/\/homolog.saopaulo.sp.leg.br\/coronavirus\/wp-json\/wp\/v2\/users\/630"}],"replies":[{"embeddable":true,"href":"https:\/\/homolog.saopaulo.sp.leg.br\/coronavirus\/wp-json\/wp\/v2\/comments?post=606"}],"version-history":[{"count":5,"href":"https:\/\/homolog.saopaulo.sp.leg.br\/coronavirus\/wp-json\/wp\/v2\/pages\/606\/revisions"}],"predecessor-version":[{"id":4523,"href":"https:\/\/homolog.saopaulo.sp.leg.br\/coronavirus\/wp-json\/wp\/v2\/pages\/606\/revisions\/4523"}],"wp:attachment":[{"href":"https:\/\/homolog.saopaulo.sp.leg.br\/coronavirus\/wp-json\/wp\/v2\/media?parent=606"}],"curies":[{"name":"wp","href":"https:\/\/api.w.org\/{rel}","templated":true}]}}