{"id":908,"date":"2020-04-13T16:03:32","date_gmt":"2020-04-13T19:03:32","guid":{"rendered":"http:\/\/homolog.saopaulo.sp.leg.br\/coronavirus\/?page_id=908"},"modified":"2022-03-16T14:22:22","modified_gmt":"2022-03-16T17:22:22","slug":"o-que-fazer-ao-apresentar-sintomas","status":"publish","type":"page","link":"https:\/\/homolog.saopaulo.sp.leg.br\/coronavirus\/o-que-fazer-ao-apresentar-sintomas\/","title":{"rendered":"O que fazer ao apresentar sintomas?"},"content":{"rendered":"<h2>COVID-19 \u2013 QUANDO PROCURAR AJUDA M\u00c9DICA<\/h2>\n<p>O diagn\u00f3stico precoce \u00e9 um fator determinante para combater o novo coronav\u00edrus. A recomenda\u00e7\u00e3o do <a href=\"https:\/\/www.gov.br\/saude\/pt-br\/coronavirus\/estou-doente-o-que-fazer\" target=\"_blank\" rel=\"noopener\">Minist\u00e9rio da Sa\u00fade<\/a> \u00e9 que, em caso de sintomas compat\u00edveis com a doen\u00e7a, tais como febre, tosse, dor de garganta e\/ou coriza, com ou sem falta de ar, o indiv\u00edduo evite o contato f\u00edsico com familiares (principalmente idosos e doentes cr\u00f4nicos) e procure imediatamente os postos de triagem em Unidades B\u00e1sicas de Sa\u00fade, UPAS ou outras unidades de atendimento.<\/p>\n<p>Quanto antes o diagn\u00f3stico correto for realizado, maiores ser\u00e3o as chances de sucesso no tratamento.<\/p>\n<h3>REDE DE ATENDIMENTO EM SP<\/h3>\n<p>A rede de sa\u00fade do Estado de S\u00e3o Paulo est\u00e1 organizada e preparada para receber os casos. Caso tenha sintomas da doen\u00e7a, a recomenda\u00e7\u00e3o \u00e9 procurar o servi\u00e7o de sa\u00fade mais pr\u00f3ximo da resid\u00eancia.<\/p>\n<p>Cabe ao m\u00e9dico dessa unidade avaliar o paciente e determinar se ser\u00e1 necess\u00e1rio o encaminhamento para um hospital de maior complexidade, que seja refer\u00eancia para atender os casos graves.<\/p>\n<p>Na capital, os hospitais de refer\u00eancia da rede estadual para tratamento dos casos graves s\u00e3o o Hospital das Cl\u00ednicas e o Instituto de Infectologia Em\u00edlio Ribas.<\/p>\n<h3>REDE MUNICIPAL<\/h3>\n<p>A Prefeitura de S\u00e3o Paulo, por meio da Secretaria Municipal da Sa\u00fade, recomenda que os pacientes que apresentarem os primeiros sintomas, como tosse, febre e coriza, procurem uma das 468 UBSs (Unidades B\u00e1sicas de Sa\u00fade) da cidade de S\u00e3o Paulo. Para facilitar o acesso \u00e0 rela\u00e7\u00e3o de endere\u00e7os, a Prefeitura de S\u00e3o Paulo disponibiliza um <a href=\"https:\/\/nam10.safelinks.protection.outlook.com\/?url=http%3A%2F%2Fbuscasaude.prefeitura.sp.gov.br%2F&amp;data=04%7C01%7Csaudeimprensa@PREFEITURA.SP.GOV.BR%7C6ce04e181a914ca575f408d92b5ec1fd%7Cf398df9cfd0c4829a003c770a1c4a063%7C0%7C0%7C637588508418701384%7CUnknown%7CTWFpbGZsb3d8eyJWIjoiMC4wLjAwMDAiLCJQIjoiV2luMzIiLCJBTiI6Ik1haWwiLCJXVCI6Mn0%3D%7C2000&amp;sdata=qrJWd6sFZtb94%2F2fXe1KpYDowiC3frM%2FDcMurd4lLbM%3D&amp;reserved=0\" target=\"_blank\" rel=\"noopener\">Sistema de Localiza\u00e7\u00e3o de Estabelecimentos de Sa\u00fade da Rede SUS do munic\u00edpio de S\u00e3o Paulo.<\/a><\/p>\n<p>Al\u00e9m disso, atualmente a gest\u00e3o municipal disp\u00f5e de 1.274 leitos, sendo 701 de enfermaria e 573 de UTI (Unidade de Terapia Intensiva), para atender a demanda dos pacientes diagnosticados com a Covid-19. O Executivo explica tamb\u00e9m que, caso necess\u00e1rio, mais leitos ser\u00e3o ativados para o tratamento de cidad\u00e3os diagnosticados com a doen\u00e7a.<\/p>\n<p>Os leitos destinados exclusivamente para o tratamento de pacientes com Covid-19 est\u00e3o habilitados nos Hospitais Municipais Ign\u00e1cio Proen\u00e7a de Gouv\u00eaa, Tide Setubal, Brasil\u00e2ndia, Guarapiranga, Josanias Castanha Braga (Parelheiros) e Professora Lydia Stor\u00f3poli.<\/p>\n<p><strong>Fontes:<\/strong><br \/>\n<em>Minist\u00e9rio da Sa\u00fade<\/em><br \/>\n<em>Governo do Estado de S\u00e3o Paulo<\/em><br \/>\n<em>Prefeitura de S\u00e3o Paulo<\/em><\/p>\n","protected":false},"excerpt":{"rendered":"<p>COVID-19 \u2013 QUANDO PROCURAR AJUDA M\u00c9DICA O diagn\u00f3stico precoce \u00e9 um fator determinante para combater o novo coronav\u00edrus. A recomenda\u00e7\u00e3o do Minist\u00e9rio da Sa\u00fade \u00e9 que, em caso de sintomas compat\u00edveis com a doen\u00e7a, tais como febre, tosse, dor de garganta e\/ou coriza, com ou sem falta de ar, o indiv\u00edduo evite o contato f\u00edsico&#8230;  <a class=\"excerpt-read-more\" href=\"https:\/\/homolog.saopaulo.sp.leg.br\/coronavirus\/o-que-fazer-ao-apresentar-sintomas\/\" title=\"Read O que fazer ao apresentar sintomas?\">Ler mais &raquo;<\/a><\/p>\n","protected":false},"author":630,"featured_media":0,"parent":0,"menu_order":0,"comment_status":"closed","ping_status":"closed","template":"page-simple.php","meta":{"_acf_changed":false,"footnotes":""},"class_list":["post-908","page","type-page","status-publish","hentry"],"acf":[],"yoast_head":"<!-- This site is optimized with the Yoast SEO plugin v27.4 - https:\/\/yoast.com\/product\/yoast-seo-wordpress\/ -->\r\n<title>O que fazer ao apresentar sintomas? - Coronav\u00edrus<\/title>\r\n<meta name=\"robots\" content=\"noindex, follow, max-snippet:-1, max-image-preview:large, max-video-preview:-1\" \/>\r\n<meta property=\"og:locale\" content=\"pt_BR\" \/>\r\n<meta property=\"og:type\" content=\"article\" \/>\r\n<meta property=\"og:title\" content=\"O que fazer ao apresentar sintomas? - Coronav\u00edrus\" \/>\r\n<meta property=\"og:description\" content=\"COVID-19 \u2013 QUANDO PROCURAR AJUDA M\u00c9DICA O diagn\u00f3stico precoce \u00e9 um fator determinante para combater o novo coronav\u00edrus. A recomenda\u00e7\u00e3o do Minist\u00e9rio da Sa\u00fade \u00e9 que, em caso de sintomas compat\u00edveis com a doen\u00e7a, tais como febre, tosse, dor de garganta e\/ou coriza, com ou sem falta de ar, o indiv\u00edduo evite o contato f\u00edsico... Ler mais &raquo;\" \/>\r\n<meta property=\"og:url\" content=\"https:\/\/www.saopaulo.sp.leg.br\/coronavirus\/o-que-fazer-ao-apresentar-sintomas\/\" \/>\r\n<meta property=\"og:site_name\" content=\"Coronav\u00edrus\" \/>\r\n<meta property=\"article:modified_time\" content=\"2022-03-16T17:22:22+00:00\" \/>\r\n<meta name=\"twitter:card\" content=\"summary_large_image\" \/>\r\n<meta name=\"twitter:label1\" content=\"Est. tempo de leitura\" \/>\n\t<meta name=\"twitter:data1\" content=\"2 minutos\" \/>\r\n<script type=\"application\/ld+json\" class=\"yoast-schema-graph\">{\"@context\":\"https:\\\/\\\/schema.org\",\"@graph\":[{\"@type\":\"WebPage\",\"@id\":\"https:\\\/\\\/www.saopaulo.sp.leg.br\\\/coronavirus\\\/o-que-fazer-ao-apresentar-sintomas\\\/\",\"url\":\"https:\\\/\\\/www.saopaulo.sp.leg.br\\\/coronavirus\\\/o-que-fazer-ao-apresentar-sintomas\\\/\",\"name\":\"O que fazer ao apresentar sintomas? - Coronav\u00edrus\",\"isPartOf\":{\"@id\":\"https:\\\/\\\/homolog.saopaulo.sp.leg.br\\\/coronavirus\\\/#website\"},\"datePublished\":\"2020-04-13T19:03:32+00:00\",\"dateModified\":\"2022-03-16T17:22:22+00:00\",\"breadcrumb\":{\"@id\":\"https:\\\/\\\/www.saopaulo.sp.leg.br\\\/coronavirus\\\/o-que-fazer-ao-apresentar-sintomas\\\/#breadcrumb\"},\"inLanguage\":\"pt-BR\",\"potentialAction\":[{\"@type\":\"ReadAction\",\"target\":[\"https:\\\/\\\/www.saopaulo.sp.leg.br\\\/coronavirus\\\/o-que-fazer-ao-apresentar-sintomas\\\/\"]}]},{\"@type\":\"BreadcrumbList\",\"@id\":\"https:\\\/\\\/www.saopaulo.sp.leg.br\\\/coronavirus\\\/o-que-fazer-ao-apresentar-sintomas\\\/#breadcrumb\",\"itemListElement\":[{\"@type\":\"ListItem\",\"position\":1,\"name\":\"In\u00edcio\",\"item\":\"https:\\\/\\\/homolog.saopaulo.sp.leg.br\\\/coronavirus\\\/\"},{\"@type\":\"ListItem\",\"position\":2,\"name\":\"O que fazer ao apresentar sintomas?\"}]},{\"@type\":\"WebSite\",\"@id\":\"https:\\\/\\\/homolog.saopaulo.sp.leg.br\\\/coronavirus\\\/#website\",\"url\":\"https:\\\/\\\/homolog.saopaulo.sp.leg.br\\\/coronavirus\\\/\",\"name\":\"Coronav\u00edrus\",\"description\":\"Informa\u00e7\u00e3o no combate ao COVID-19\",\"potentialAction\":[{\"@type\":\"SearchAction\",\"target\":{\"@type\":\"EntryPoint\",\"urlTemplate\":\"https:\\\/\\\/homolog.saopaulo.sp.leg.br\\\/coronavirus\\\/?s={search_term_string}\"},\"query-input\":{\"@type\":\"PropertyValueSpecification\",\"valueRequired\":true,\"valueName\":\"search_term_string\"}}],\"inLanguage\":\"pt-BR\"}]}<\/script>\r\n<!-- \/ Yoast SEO plugin. -->","yoast_head_json":{"title":"O que fazer ao apresentar sintomas? - Coronav\u00edrus","robots":{"index":"noindex","follow":"follow","max-snippet":"max-snippet:-1","max-image-preview":"max-image-preview:large","max-video-preview":"max-video-preview:-1"},"og_locale":"pt_BR","og_type":"article","og_title":"O que fazer ao apresentar sintomas? - Coronav\u00edrus","og_description":"COVID-19 \u2013 QUANDO PROCURAR AJUDA M\u00c9DICA O diagn\u00f3stico precoce \u00e9 um fator determinante para combater o novo coronav\u00edrus. A recomenda\u00e7\u00e3o do Minist\u00e9rio da Sa\u00fade \u00e9 que, em caso de sintomas compat\u00edveis com a doen\u00e7a, tais como febre, tosse, dor de garganta e\/ou coriza, com ou sem falta de ar, o indiv\u00edduo evite o contato f\u00edsico... Ler mais &raquo;","og_url":"https:\/\/www.saopaulo.sp.leg.br\/coronavirus\/o-que-fazer-ao-apresentar-sintomas\/","og_site_name":"Coronav\u00edrus","article_modified_time":"2022-03-16T17:22:22+00:00","twitter_card":"summary_large_image","twitter_misc":{"Est. tempo de leitura":"2 minutos"},"schema":{"@context":"https:\/\/schema.org","@graph":[{"@type":"WebPage","@id":"https:\/\/www.saopaulo.sp.leg.br\/coronavirus\/o-que-fazer-ao-apresentar-sintomas\/","url":"https:\/\/www.saopaulo.sp.leg.br\/coronavirus\/o-que-fazer-ao-apresentar-sintomas\/","name":"O que fazer ao apresentar sintomas? - Coronav\u00edrus","isPartOf":{"@id":"https:\/\/homolog.saopaulo.sp.leg.br\/coronavirus\/#website"},"datePublished":"2020-04-13T19:03:32+00:00","dateModified":"2022-03-16T17:22:22+00:00","breadcrumb":{"@id":"https:\/\/www.saopaulo.sp.leg.br\/coronavirus\/o-que-fazer-ao-apresentar-sintomas\/#breadcrumb"},"inLanguage":"pt-BR","potentialAction":[{"@type":"ReadAction","target":["https:\/\/www.saopaulo.sp.leg.br\/coronavirus\/o-que-fazer-ao-apresentar-sintomas\/"]}]},{"@type":"BreadcrumbList","@id":"https:\/\/www.saopaulo.sp.leg.br\/coronavirus\/o-que-fazer-ao-apresentar-sintomas\/#breadcrumb","itemListElement":[{"@type":"ListItem","position":1,"name":"In\u00edcio","item":"https:\/\/homolog.saopaulo.sp.leg.br\/coronavirus\/"},{"@type":"ListItem","position":2,"name":"O que fazer ao apresentar sintomas?"}]},{"@type":"WebSite","@id":"https:\/\/homolog.saopaulo.sp.leg.br\/coronavirus\/#website","url":"https:\/\/homolog.saopaulo.sp.leg.br\/coronavirus\/","name":"Coronav\u00edrus","description":"Informa\u00e7\u00e3o no combate ao COVID-19","potentialAction":[{"@type":"SearchAction","target":{"@type":"EntryPoint","urlTemplate":"https:\/\/homolog.saopaulo.sp.leg.br\/coronavirus\/?s={search_term_string}"},"query-input":{"@type":"PropertyValueSpecification","valueRequired":true,"valueName":"search_term_string"}}],"inLanguage":"pt-BR"}]}},"_links":{"self":[{"href":"https:\/\/homolog.saopaulo.sp.leg.br\/coronavirus\/wp-json\/wp\/v2\/pages\/908","targetHints":{"allow":["GET"]}}],"collection":[{"href":"https:\/\/homolog.saopaulo.sp.leg.br\/coronavirus\/wp-json\/wp\/v2\/pages"}],"about":[{"href":"https:\/\/homolog.saopaulo.sp.leg.br\/coronavirus\/wp-json\/wp\/v2\/types\/page"}],"author":[{"embeddable":true,"href":"https:\/\/homolog.saopaulo.sp.leg.br\/coronavirus\/wp-json\/wp\/v2\/users\/630"}],"replies":[{"embeddable":true,"href":"https:\/\/homolog.saopaulo.sp.leg.br\/coronavirus\/wp-json\/wp\/v2\/comments?post=908"}],"version-history":[{"count":5,"href":"https:\/\/homolog.saopaulo.sp.leg.br\/coronavirus\/wp-json\/wp\/v2\/pages\/908\/revisions"}],"predecessor-version":[{"id":4496,"href":"https:\/\/homolog.saopaulo.sp.leg.br\/coronavirus\/wp-json\/wp\/v2\/pages\/908\/revisions\/4496"}],"wp:attachment":[{"href":"https:\/\/homolog.saopaulo.sp.leg.br\/coronavirus\/wp-json\/wp\/v2\/media?parent=908"}],"curies":[{"name":"wp","href":"https:\/\/api.w.org\/{rel}","templated":true}]}}