{"id":10,"date":"2024-04-11T15:46:51","date_gmt":"2024-04-11T18:46:51","guid":{"rendered":"https:\/\/homolog.saopaulo.sp.leg.br\/privatizacao-sabesp\/?page_id=10"},"modified":"2024-04-15T10:39:00","modified_gmt":"2024-04-15T13:39:00","slug":"documentos","status":"publish","type":"page","link":"https:\/\/homolog.saopaulo.sp.leg.br\/debatesabesp\/documentos\/","title":{"rendered":"Documentos"},"content":{"rendered":"<h2 style=\"text-align: left\">Comiss\u00e3o de Estudos sobre a Privatiza\u00e7\u00e3o da Sabesp<\/h2>\n<p>Em outubro do ano passado, a C\u00e2mara Municipal de S\u00e3o Paulo aprovou e criou a Comiss\u00e3o Especial de Estudos Relativos ao Processo de Privatiza\u00e7\u00e3o da Sabesp (Companhia de Saneamento B\u00e1sico do Estado de S\u00e3o Paulo). O objetivo do trabalho foi analisar os impactos que a concess\u00e3o do servi\u00e7o de saneamento b\u00e1sico e de abastecimento de \u00e1gua ter\u00e3o para a capital paulista.<\/p>\n<p>Ao longo dos quase cinco meses de estudos, a Comiss\u00e3o ouviu especialistas e representantes da Prefeitura e da Sabesp. Al\u00e9m das reuni\u00f5es, a Comiss\u00e3o Especial de Estudos Relativos ao Processo de Privatiza\u00e7\u00e3o da Sabesp visitou duas esta\u00e7\u00f5es de tratamento na zona sul da cidade. Ap\u00f3s o per\u00edodo de an\u00e1lises, foram elaborados dois <a href=\"https:\/\/homolog.saopaulo.sp.leg.br\/blog\/comissao-da-sabesp-aprova-relatorios-finais-e-apresenta-recomendacoes-para-prefeitura-aderir-a-privatizacao\/\" target=\"_blank\" rel=\"noopener\">relat\u00f3rios finais<\/a>. Os documentos, que est\u00e3o no bot\u00e3o abaixo, tratam da viabilidade de manter o contrato com a empresa que assumir a Companhia e fazem recomenda\u00e7\u00f5es para a Prefeitura aderir \u00e0 privatiza\u00e7\u00e3o.<\/p>\n<p><a class=\"linkDestaque\" href=\"http:\/\/homolog.saopaulo.sp.leg.br\/debatesabesp\/wp-content\/uploads\/sites\/62\/2024\/04\/Relatorio-final.pdf\" target=\"_blank\" rel=\"noopener noreferrer\">Relat\u00f3rio da Comiss\u00e3o de Estudos da C\u00e2mara Municipal sobre a privatiza\u00e7\u00e3o da Sabesp<\/a><\/p>\n","protected":false},"excerpt":{"rendered":"<p>Comiss\u00e3o de Estudos sobre a Privatiza\u00e7\u00e3o da Sabesp Em outubro do ano passado, a C\u00e2mara Municipal de S\u00e3o Paulo aprovou e criou a Comiss\u00e3o Especial de Estudos Relativos ao Processo de Privatiza\u00e7\u00e3o da Sabesp (Companhia de Saneamento B\u00e1sico do Estado de S\u00e3o Paulo). O objetivo do trabalho foi analisar os impactos que a concess\u00e3o do&#8230;  <a class=\"excerpt-read-more\" href=\"https:\/\/homolog.saopaulo.sp.leg.br\/debatesabesp\/documentos\/\" title=\"Read Documentos\">Ler mais &raquo;<\/a><\/p>\n","protected":false},"author":733,"featured_media":0,"parent":0,"menu_order":0,"comment_status":"closed","ping_status":"closed","template":"","meta":{"_acf_changed":false,"footnotes":""},"class_list":["post-10","page","type-page","status-publish","hentry"],"acf":[],"_links":{"self":[{"href":"https:\/\/homolog.saopaulo.sp.leg.br\/debatesabesp\/wp-json\/wp\/v2\/pages\/10","targetHints":{"allow":["GET"]}}],"collection":[{"href":"https:\/\/homolog.saopaulo.sp.leg.br\/debatesabesp\/wp-json\/wp\/v2\/pages"}],"about":[{"href":"https:\/\/homolog.saopaulo.sp.leg.br\/debatesabesp\/wp-json\/wp\/v2\/types\/page"}],"author":[{"embeddable":true,"href":"https:\/\/homolog.saopaulo.sp.leg.br\/debatesabesp\/wp-json\/wp\/v2\/users\/733"}],"replies":[{"embeddable":true,"href":"https:\/\/homolog.saopaulo.sp.leg.br\/debatesabesp\/wp-json\/wp\/v2\/comments?post=10"}],"version-history":[{"count":6,"href":"https:\/\/homolog.saopaulo.sp.leg.br\/debatesabesp\/wp-json\/wp\/v2\/pages\/10\/revisions"}],"predecessor-version":[{"id":89,"href":"https:\/\/homolog.saopaulo.sp.leg.br\/debatesabesp\/wp-json\/wp\/v2\/pages\/10\/revisions\/89"}],"wp:attachment":[{"href":"https:\/\/homolog.saopaulo.sp.leg.br\/debatesabesp\/wp-json\/wp\/v2\/media?parent=10"}],"curies":[{"name":"wp","href":"https:\/\/api.w.org\/{rel}","templated":true}]}}