{"id":16,"date":"2024-04-11T15:47:56","date_gmt":"2024-04-11T18:47:56","guid":{"rendered":"https:\/\/homolog.saopaulo.sp.leg.br\/privatizacao-sabesp\/?page_id=16"},"modified":"2024-05-02T10:22:59","modified_gmt":"2024-05-02T13:22:59","slug":"participe","status":"publish","type":"page","link":"https:\/\/homolog.saopaulo.sp.leg.br\/debatesabesp\/participe\/","title":{"rendered":"Participe!"},"content":{"rendered":"<h2 style=\"text-align: center\">Participa\u00e7\u00e3o por Videoconfer\u00eancia<\/h2>\n<ul>\n<li><strong>15\/04\/24 &#8211; 17:00<\/strong> &#8211; Audi\u00eancia P\u00fablica \u2013 Pol\u00edtica Urbana &#8211; <strong>AUDI\u00caNCIA REALIZADA<\/strong><\/li>\n<li><strong>17\/04\/24 &#8211; 11:00<\/strong> &#8211; Audi\u00eancia P\u00fablica \u2013 Pol\u00edtica Urbana &#8211; <strong>AUDI\u00caNCIA REALIZADA<\/strong><\/li>\n<li><strong>18\/04\/24 &#8211; 15:00<\/strong> &#8211; Audi\u00eancia P\u00fablica \u2013 Pol\u00edtica Urbana &#8211; <strong>AUDI\u00caNCIA REALIZADA<\/strong><\/li>\n<li><strong>20\/04\/24 &#8211; 09:00<\/strong> &#8211; Audi\u00eancia P\u00fablica \u2013 Externa &#8211; <strong>AUDI\u00caNCIA REALIZADA<\/strong><\/li>\n<li><strong>22\/04\/24 &#8211; 11:00<\/strong> &#8211; Audi\u00eancia P\u00fablica \u2013 Pol\u00edtica Urbana &#8211; <strong>AUDI\u00caNCIA REALIZADA<\/strong><\/li>\n<li><strong>24\/04\/24 &#8211; 11:00<\/strong> &#8211; Audi\u00eancia P\u00fablica \u2013 Pol\u00edtica Urbana &#8211; <strong>AUDI\u00caNCIA REALIZADA<\/strong><\/li>\n<li><strong>25\/04\/24 &#8211; 19:00<\/strong> &#8211; Audi\u00eancia P\u00fablica \u2013 Externa &#8211; CEU Meninos &#8211; <strong>AUDI\u00caNCIA REALIZADA<\/strong><\/li>\n<li><strong>27\/04\/24 &#8211; 09:00<\/strong> &#8211; Audi\u00eancia P\u00fablica \u2013 Externa &#8211; CEU Guarapiranga<\/li>\n<li><strong>02\/05\/24 &#8211; 11:00<\/strong> &#8211; Audi\u00eancia P\u00fablica \u2013 DEVOLUTIVA &#8211; Pol\u00edtica Urbana<\/li>\n<\/ul>\n","protected":false},"excerpt":{"rendered":"<p>Participa\u00e7\u00e3o por Videoconfer\u00eancia 15\/04\/24 &#8211; 17:00 &#8211; Audi\u00eancia P\u00fablica \u2013 Pol\u00edtica Urbana &#8211; AUDI\u00caNCIA REALIZADA 17\/04\/24 &#8211; 11:00 &#8211; Audi\u00eancia P\u00fablica \u2013 Pol\u00edtica Urbana &#8211; AUDI\u00caNCIA REALIZADA 18\/04\/24 &#8211; 15:00 &#8211; Audi\u00eancia P\u00fablica \u2013 Pol\u00edtica Urbana &#8211; AUDI\u00caNCIA REALIZADA 20\/04\/24 &#8211; 09:00 &#8211; Audi\u00eancia P\u00fablica \u2013 Externa &#8211; AUDI\u00caNCIA REALIZADA 22\/04\/24 &#8211; 11:00 &#8211; Audi\u00eancia&#8230;  <a class=\"excerpt-read-more\" href=\"https:\/\/homolog.saopaulo.sp.leg.br\/debatesabesp\/participe\/\" title=\"Read Participe!\">Ler mais &raquo;<\/a><\/p>\n","protected":false},"author":733,"featured_media":0,"parent":0,"menu_order":0,"comment_status":"closed","ping_status":"closed","template":"","meta":{"_acf_changed":false,"footnotes":""},"class_list":["post-16","page","type-page","status-publish","hentry"],"acf":[],"_links":{"self":[{"href":"https:\/\/homolog.saopaulo.sp.leg.br\/debatesabesp\/wp-json\/wp\/v2\/pages\/16","targetHints":{"allow":["GET"]}}],"collection":[{"href":"https:\/\/homolog.saopaulo.sp.leg.br\/debatesabesp\/wp-json\/wp\/v2\/pages"}],"about":[{"href":"https:\/\/homolog.saopaulo.sp.leg.br\/debatesabesp\/wp-json\/wp\/v2\/types\/page"}],"author":[{"embeddable":true,"href":"https:\/\/homolog.saopaulo.sp.leg.br\/debatesabesp\/wp-json\/wp\/v2\/users\/733"}],"replies":[{"embeddable":true,"href":"https:\/\/homolog.saopaulo.sp.leg.br\/debatesabesp\/wp-json\/wp\/v2\/comments?post=16"}],"version-history":[{"count":5,"href":"https:\/\/homolog.saopaulo.sp.leg.br\/debatesabesp\/wp-json\/wp\/v2\/pages\/16\/revisions"}],"predecessor-version":[{"id":109,"href":"https:\/\/homolog.saopaulo.sp.leg.br\/debatesabesp\/wp-json\/wp\/v2\/pages\/16\/revisions\/109"}],"wp:attachment":[{"href":"https:\/\/homolog.saopaulo.sp.leg.br\/debatesabesp\/wp-json\/wp\/v2\/media?parent=16"}],"curies":[{"name":"wp","href":"https:\/\/api.w.org\/{rel}","templated":true}]}}