{"id":18,"date":"2024-04-11T15:48:21","date_gmt":"2024-04-11T18:48:21","guid":{"rendered":"https:\/\/homolog.saopaulo.sp.leg.br\/privatizacao-sabesp\/?page_id=18"},"modified":"2024-05-03T11:22:24","modified_gmt":"2024-05-03T14:22:24","slug":"projeto-de-lei","status":"publish","type":"page","link":"https:\/\/homolog.saopaulo.sp.leg.br\/debatesabesp\/projeto-de-lei\/","title":{"rendered":"Projeto de Lei"},"content":{"rendered":"<p>De autoria do Poder Executivo, o <strong>PL (Projeto de Lei) 163\/2024<\/strong> foi encaminhado \u00e0 C\u00e2mara de Vereadores em mar\u00e7o. Consulte nos bot\u00f5es abaixo a proposta e todos documentos relacionados \u00e0 tramita\u00e7\u00e3o<\/p>\n<p><a class=\"linkDestaque\" href=\"https:\/\/splegisconsulta.saopaulo.sp.leg.br\/Pesquisa\/DetailsDetalhado?COD_MTRA_LEGL=1&amp;COD_PCSS_CMSP=163&amp;ANO_PCSS_CMSP=2024\" target=\"_blank\" rel=\"noopener noreferrer\">Relat\u00f3rio Detalhado &#8211; PL 163\/2024<\/a><\/p>\n<p><a class=\"linkDestaque\" href=\"https:\/\/app-plpconsulta-prd.azurewebsites.net\/Forms\/MostrarArquivo?ID=20883&amp;TipArq=1\" target=\"_blank\" rel=\"noopener noreferrer\">Lei n\u00ba 18.107\/2024<\/a><\/p>\n","protected":false},"excerpt":{"rendered":"<p>De autoria do Poder Executivo, o PL (Projeto de Lei) 163\/2024 foi encaminhado \u00e0 C\u00e2mara de Vereadores em mar\u00e7o. Consulte nos bot\u00f5es abaixo a proposta e todos documentos relacionados \u00e0 tramita\u00e7\u00e3o Relat\u00f3rio Detalhado &#8211; PL 163\/2024 Lei n\u00ba 18.107\/2024<\/p>\n","protected":false},"author":733,"featured_media":0,"parent":0,"menu_order":0,"comment_status":"closed","ping_status":"closed","template":"","meta":{"_acf_changed":false,"footnotes":""},"class_list":["post-18","page","type-page","status-publish","hentry"],"acf":[],"_links":{"self":[{"href":"https:\/\/homolog.saopaulo.sp.leg.br\/debatesabesp\/wp-json\/wp\/v2\/pages\/18","targetHints":{"allow":["GET"]}}],"collection":[{"href":"https:\/\/homolog.saopaulo.sp.leg.br\/debatesabesp\/wp-json\/wp\/v2\/pages"}],"about":[{"href":"https:\/\/homolog.saopaulo.sp.leg.br\/debatesabesp\/wp-json\/wp\/v2\/types\/page"}],"author":[{"embeddable":true,"href":"https:\/\/homolog.saopaulo.sp.leg.br\/debatesabesp\/wp-json\/wp\/v2\/users\/733"}],"replies":[{"embeddable":true,"href":"https:\/\/homolog.saopaulo.sp.leg.br\/debatesabesp\/wp-json\/wp\/v2\/comments?post=18"}],"version-history":[{"count":5,"href":"https:\/\/homolog.saopaulo.sp.leg.br\/debatesabesp\/wp-json\/wp\/v2\/pages\/18\/revisions"}],"predecessor-version":[{"id":112,"href":"https:\/\/homolog.saopaulo.sp.leg.br\/debatesabesp\/wp-json\/wp\/v2\/pages\/18\/revisions\/112"}],"wp:attachment":[{"href":"https:\/\/homolog.saopaulo.sp.leg.br\/debatesabesp\/wp-json\/wp\/v2\/media?parent=18"}],"curies":[{"name":"wp","href":"https:\/\/api.w.org\/{rel}","templated":true}]}}