{"id":8,"date":"2024-04-11T15:46:29","date_gmt":"2024-04-11T18:46:29","guid":{"rendered":"https:\/\/homolog.saopaulo.sp.leg.br\/privatizacao-sabesp\/?page_id=8"},"modified":"2024-04-16T14:39:54","modified_gmt":"2024-04-16T17:39:54","slug":"audiencias-publicas","status":"publish","type":"page","link":"https:\/\/homolog.saopaulo.sp.leg.br\/debatesabesp\/audiencias-publicas\/","title":{"rendered":"Audi\u00eancias P\u00fablicas"},"content":{"rendered":"<h2 style=\"text-align: center\">Calend\u00e1rio das Audi\u00eancias P\u00fablicas sobre a privatiza\u00e7\u00e3o da Sabesp<\/h2>\n","protected":false},"excerpt":{"rendered":"<p>Calend\u00e1rio das Audi\u00eancias P\u00fablicas sobre a privatiza\u00e7\u00e3o da Sabesp<\/p>\n","protected":false},"author":733,"featured_media":0,"parent":0,"menu_order":0,"comment_status":"closed","ping_status":"closed","template":"page-audiencias-realizadas.php","meta":{"_acf_changed":false,"footnotes":""},"class_list":["post-8","page","type-page","status-publish","hentry"],"acf":[],"_links":{"self":[{"href":"https:\/\/homolog.saopaulo.sp.leg.br\/debatesabesp\/wp-json\/wp\/v2\/pages\/8","targetHints":{"allow":["GET"]}}],"collection":[{"href":"https:\/\/homolog.saopaulo.sp.leg.br\/debatesabesp\/wp-json\/wp\/v2\/pages"}],"about":[{"href":"https:\/\/homolog.saopaulo.sp.leg.br\/debatesabesp\/wp-json\/wp\/v2\/types\/page"}],"author":[{"embeddable":true,"href":"https:\/\/homolog.saopaulo.sp.leg.br\/debatesabesp\/wp-json\/wp\/v2\/users\/733"}],"replies":[{"embeddable":true,"href":"https:\/\/homolog.saopaulo.sp.leg.br\/debatesabesp\/wp-json\/wp\/v2\/comments?post=8"}],"version-history":[{"count":2,"href":"https:\/\/homolog.saopaulo.sp.leg.br\/debatesabesp\/wp-json\/wp\/v2\/pages\/8\/revisions"}],"predecessor-version":[{"id":97,"href":"https:\/\/homolog.saopaulo.sp.leg.br\/debatesabesp\/wp-json\/wp\/v2\/pages\/8\/revisions\/97"}],"wp:attachment":[{"href":"https:\/\/homolog.saopaulo.sp.leg.br\/debatesabesp\/wp-json\/wp\/v2\/media?parent=8"}],"curies":[{"name":"wp","href":"https:\/\/api.w.org\/{rel}","templated":true}]}}