{"id":1146,"date":"2020-06-30T08:47:11","date_gmt":"2020-06-30T11:47:11","guid":{"rendered":"http:\/\/homolog.saopaulo.sp.leg.br\/biblioteca-novo\/?page_id=1146"},"modified":"2023-08-08T15:25:17","modified_gmt":"2023-08-08T18:25:17","slug":"arquivo-geral","status":"publish","type":"page","link":"https:\/\/homolog.saopaulo.sp.leg.br\/documentacao\/a-secretaria-de-documentacao\/arquivo-geral\/","title":{"rendered":"Arquivo Geral"},"content":{"rendered":"<p>O Arquivo Geral \u00e9 respons\u00e1vel pela cust\u00f3dia da \u00edntegra dos originais dos documentos legislativos e administrativos produzidos pela C\u00e2mara, incumbindo-se dos cuidados com guarda, organiza\u00e7\u00e3o, preserva\u00e7\u00e3o, restauro, disponibiliza\u00e7\u00e3o e eventual descarte destes documentos. Seu acervo comp\u00f5e-se de aproximadamente 350 mil documentos, guardados em fun\u00e7\u00e3o do seu valor jur\u00eddico\/legal e hist\u00f3rico.<\/p>\n<div id=\"attachment_2904\" style=\"width: 690px\" class=\"wp-caption aligncenter\"><img loading=\"lazy\" decoding=\"async\" aria-describedby=\"caption-attachment-2904\" class=\"wp-image-2904 size-large\" src=\"https:\/\/homolog.saopaulo.sp.leg.br\/documentacao\/wp-content\/uploads\/sites\/34\/2023\/08\/52991184722_1de63c3f8a_k-1024x683.jpg\" alt=\"\" width=\"680\" height=\"454\" srcset=\"https:\/\/homolog.saopaulo.sp.leg.br\/documentacao\/wp-content\/uploads\/sites\/34\/2023\/08\/52991184722_1de63c3f8a_k-1024x683.jpg 1024w, https:\/\/homolog.saopaulo.sp.leg.br\/documentacao\/wp-content\/uploads\/sites\/34\/2023\/08\/52991184722_1de63c3f8a_k-300x200.jpg 300w, https:\/\/homolog.saopaulo.sp.leg.br\/documentacao\/wp-content\/uploads\/sites\/34\/2023\/08\/52991184722_1de63c3f8a_k-768x512.jpg 768w, https:\/\/homolog.saopaulo.sp.leg.br\/documentacao\/wp-content\/uploads\/sites\/34\/2023\/08\/52991184722_1de63c3f8a_k-1536x1024.jpg 1536w, https:\/\/homolog.saopaulo.sp.leg.br\/documentacao\/wp-content\/uploads\/sites\/34\/2023\/08\/52991184722_1de63c3f8a_k-180x120.jpg 180w, https:\/\/homolog.saopaulo.sp.leg.br\/documentacao\/wp-content\/uploads\/sites\/34\/2023\/08\/52991184722_1de63c3f8a_k.jpg 2048w\" sizes=\"auto, (max-width: 680px) 100vw, 680px\" \/><p id=\"caption-attachment-2904\" class=\"wp-caption-text\">Acervo do Arquivo Geral | Cr\u00e9dito: Andr\u00e9 Bueno \/ Rede C\u00e2mara SP<\/p><\/div>\n<p>Os documentos mantidos no Arquivo Geral apresentam-se em diversos formatos. Dentre eles, destacam-se:<\/p>\n<ul>\n<li>Processos legislativos na \u00edntegra (referentes a projetos de lei apresentados, requerimentos, indica\u00e7\u00f5es, mo\u00e7\u00f5es, trabalhos de Comiss\u00f5es Parlamentares de Inqu\u00e9rito, etc.);<\/li>\n<li>Processos administrativos na \u00edntegra (referentes a licita\u00e7\u00f5es, compras de materiais, contrata\u00e7\u00e3o de servi\u00e7os, atividades cont\u00e1beis, recursos humanos, etc.);<\/li>\n<li>Livros de atas;<\/li>\n<li>Livros de ponto;<\/li>\n<li>Documentos em fichas;<\/li>\n<li>Plantas arquitet\u00f4nicas;<\/li>\n<li>Manuscritos.<\/li>\n<\/ul>\n<div id=\"attachment_2899\" style=\"width: 690px\" class=\"wp-caption aligncenter\"><img loading=\"lazy\" decoding=\"async\" aria-describedby=\"caption-attachment-2899\" class=\"wp-image-2899 size-large\" src=\"https:\/\/homolog.saopaulo.sp.leg.br\/documentacao\/wp-content\/uploads\/sites\/34\/2023\/08\/52991776831_a4bcde0479_k-1024x683.jpg\" alt=\"\" width=\"680\" height=\"454\" srcset=\"https:\/\/homolog.saopaulo.sp.leg.br\/documentacao\/wp-content\/uploads\/sites\/34\/2023\/08\/52991776831_a4bcde0479_k-1024x683.jpg 1024w, https:\/\/homolog.saopaulo.sp.leg.br\/documentacao\/wp-content\/uploads\/sites\/34\/2023\/08\/52991776831_a4bcde0479_k-300x200.jpg 300w, https:\/\/homolog.saopaulo.sp.leg.br\/documentacao\/wp-content\/uploads\/sites\/34\/2023\/08\/52991776831_a4bcde0479_k-768x512.jpg 768w, https:\/\/homolog.saopaulo.sp.leg.br\/documentacao\/wp-content\/uploads\/sites\/34\/2023\/08\/52991776831_a4bcde0479_k-1536x1024.jpg 1536w, https:\/\/homolog.saopaulo.sp.leg.br\/documentacao\/wp-content\/uploads\/sites\/34\/2023\/08\/52991776831_a4bcde0479_k-180x120.jpg 180w, https:\/\/homolog.saopaulo.sp.leg.br\/documentacao\/wp-content\/uploads\/sites\/34\/2023\/08\/52991776831_a4bcde0479_k.jpg 2048w\" sizes=\"auto, (max-width: 680px) 100vw, 680px\" \/><p id=\"caption-attachment-2899\" class=\"wp-caption-text\">Documento hist\u00f3rico | Cr\u00e9dito: Andr\u00e9 Bueno \/ Rede C\u00e2mara SP<\/p><\/div>\n<p>Os processos legislativos e administrativos s\u00e3o enviados ao Arquivo Geral quando termina a sua devida tramita\u00e7\u00e3o por diferentes setores da C\u00e2mara. A partir da\u00ed, o Arquivo Geral exerce procedimentos que s\u00e3o de sua compet\u00eancia, tais como: o desarquivamento de processos para consulta ou seu retorno \u00e0 tramita\u00e7\u00e3o, se requisitado. Todos estes procedimentos s\u00e3o feitos em conformidade com o <a href=\"http:\/\/saopaulo.sp.leg.br\/cgi-bin\/wxis.bin\/iah\/scripts\/?IsisScript=iah.xis&amp;lang=pt&amp;format=detalhado.pft&amp;base=legis&amp;nextAction=search&amp;form=A&amp;indexSearch=%5enTw%5elTodos%20os%20campos&amp;&amp;exprSearch=ATO*DA*CMSP*1.124\/(6)*2010\" target=\"_blank\" rel=\"noopener\">Manual de Processos da C\u00e2mara, aprovado pelo ato n\u00ba 1.124, de 22 de setembro de 2010<\/a>.<\/p>\n<p>Uma das fun\u00e7\u00f5es mais importantes do Arquivo Geral \u00e9 a aplica\u00e7\u00e3o da <a href=\"https:\/\/homolog.saopaulo.sp.leg.br\/documentacao\/wp-content\/uploads\/sites\/34\/2020\/11\/TabelaDeTemporalidadeDocumentalManual.pdf\" target=\"_blank\" rel=\"noopener\">Tabela de Temporalidade Documental<\/a>, que determina se um documento \u00e9 de preserva\u00e7\u00e3o permanente ou de guarda tempor\u00e1ria (com descarte ap\u00f3s o seu prazo legal). A Tabela de Temporalidade Documental \u00e9 elaborada no \u00e2mbito dos trabalhos da Comiss\u00e3o de Avalia\u00e7\u00e3o de Documentos (CAD), com a participa\u00e7\u00e3o expressiva da Secretaria de Documenta\u00e7\u00e3o.<\/p>\n<div id=\"attachment_2902\" style=\"width: 690px\" class=\"wp-caption aligncenter\"><img loading=\"lazy\" decoding=\"async\" aria-describedby=\"caption-attachment-2902\" class=\"wp-image-2902 size-large\" src=\"https:\/\/homolog.saopaulo.sp.leg.br\/documentacao\/wp-content\/uploads\/sites\/34\/2023\/08\/52992249883_1234543afd_k-1024x683.jpg\" alt=\"\" width=\"680\" height=\"454\" srcset=\"https:\/\/homolog.saopaulo.sp.leg.br\/documentacao\/wp-content\/uploads\/sites\/34\/2023\/08\/52992249883_1234543afd_k-1024x683.jpg 1024w, https:\/\/homolog.saopaulo.sp.leg.br\/documentacao\/wp-content\/uploads\/sites\/34\/2023\/08\/52992249883_1234543afd_k-300x200.jpg 300w, https:\/\/homolog.saopaulo.sp.leg.br\/documentacao\/wp-content\/uploads\/sites\/34\/2023\/08\/52992249883_1234543afd_k-768x512.jpg 768w, https:\/\/homolog.saopaulo.sp.leg.br\/documentacao\/wp-content\/uploads\/sites\/34\/2023\/08\/52992249883_1234543afd_k-1536x1024.jpg 1536w, https:\/\/homolog.saopaulo.sp.leg.br\/documentacao\/wp-content\/uploads\/sites\/34\/2023\/08\/52992249883_1234543afd_k-180x120.jpg 180w, https:\/\/homolog.saopaulo.sp.leg.br\/documentacao\/wp-content\/uploads\/sites\/34\/2023\/08\/52992249883_1234543afd_k.jpg 2048w\" sizes=\"auto, (max-width: 680px) 100vw, 680px\" \/><p id=\"caption-attachment-2902\" class=\"wp-caption-text\">Acervo do Arquivo Geral | Cr\u00e9dito: Andr\u00e9 Bueno \/ Rede C\u00e2mara SP<\/p><\/div>\n<p>A totalidade dos processos legislativos e boa parte dos processos administrativos que s\u00e3o considerados de preserva\u00e7\u00e3o permanente j\u00e1 est\u00e1 em formato digital. Com a implanta\u00e7\u00e3o dos sistemas SPLegis (processos legislativos) e Sigadoc (processos administrativos) j\u00e1 come\u00e7a a ser feita a tramita\u00e7\u00e3o de processos em formato digital ou misto de digital e papel.<\/p>\n<p>Uma vez que a C\u00e2mara Municipal existe desde 1560 (tendo suas atividades encerradas durante o per\u00edodo do Estado Novo, entre 1937 e 1948), uma grande parte dos documentos por ela produzidos tem valor hist\u00f3rico. Os originais dos documentos mais antigos est\u00e3o sob a guarda do Arquivo Hist\u00f3rico Municipal de S\u00e3o Paulo, mas o Arquivo Geral da C\u00e2mara disponibiliza documentos originais dos seguintes per\u00edodos:<\/p>\n<ul>\n<li><b>A partir de 1948<\/b>: <a href=\"https:\/\/homolog.saopaulo.sp.leg.br\/documentacao\/pesquisa\/processos-legislativos\/\">s\u00e9ries completas de documentos de preserva\u00e7\u00e3o permanente dispon\u00edveis para consulta em formato digital<\/a>;<\/li>\n<li><b>De 1892 a 1937<\/b>: <a href=\"https:\/\/homolog.saopaulo.sp.leg.br\/documentacao\/pesquisa\/documentos-historicos\/\">s\u00e9ries parciais de documentos dispon\u00edveis para consulta na base de dados de documentos hist\u00f3ricos<\/a>;<\/li>\n<\/ul>\n<p>O Arquivo Geral \u00e9 pe\u00e7a fundamental na gest\u00e3o documental da C\u00e2mara Municipal de S\u00e3o Paulo e desenvolve um conjunto de a\u00e7\u00f5es que contribuem para o pleno acesso \u00e0 informa\u00e7\u00e3o como direito essencial ao exerc\u00edcio da cidadania, al\u00e9m da preserva\u00e7\u00e3o de seu patrim\u00f4nio documental, com atendimento ao p\u00fablico interno e externo.<\/p>\n","protected":false},"excerpt":{"rendered":"<p>O Arquivo Geral \u00e9 respons\u00e1vel pela cust\u00f3dia da \u00edntegra dos originais dos documentos legislativos e administrativos produzidos pela C\u00e2mara, incumbindo-se dos cuidados com guarda, organiza\u00e7\u00e3o, preserva\u00e7\u00e3o, restauro, disponibiliza\u00e7\u00e3o e eventual&#8230;  <a class=\"excerpt-read-more\" href=\"https:\/\/homolog.saopaulo.sp.leg.br\/documentacao\/a-secretaria-de-documentacao\/arquivo-geral\/\" title=\"Leia Arquivo Geral\">Leia mais &raquo;<\/a><\/p>\n","protected":false},"author":544,"featured_media":0,"parent":1138,"menu_order":0,"comment_status":"closed","ping_status":"closed","template":"","meta":{"_acf_changed":false,"footnotes":""},"class_list":["post-1146","page","type-page","status-publish","hentry"],"acf":[],"yoast_head":"<!-- This site is optimized with the Yoast SEO plugin v27.3 - https:\/\/yoast.com\/product\/yoast-seo-wordpress\/ -->\r\n<title>Arquivo Geral - Biblioteca e Documenta\u00e7\u00e3o<\/title>\r\n<meta name=\"robots\" content=\"noindex, follow, max-snippet:-1, max-image-preview:large, max-video-preview:-1\" \/>\r\n<meta property=\"og:locale\" content=\"pt_BR\" \/>\r\n<meta property=\"og:type\" content=\"article\" \/>\r\n<meta property=\"og:title\" content=\"Arquivo Geral - Biblioteca e Documenta\u00e7\u00e3o\" \/>\r\n<meta property=\"og:description\" content=\"O Arquivo Geral \u00e9 respons\u00e1vel pela cust\u00f3dia da \u00edntegra dos originais dos documentos legislativos e administrativos produzidos pela C\u00e2mara, incumbindo-se dos cuidados com guarda, organiza\u00e7\u00e3o, preserva\u00e7\u00e3o, restauro, disponibiliza\u00e7\u00e3o e eventual... Leia mais &raquo;\" \/>\r\n<meta property=\"og:url\" content=\"https:\/\/www.saopaulo.sp.leg.br\/documentacao\/a-secretaria-de-documentacao\/arquivo-geral\/\" \/>\r\n<meta property=\"og:site_name\" content=\"Biblioteca e Documenta\u00e7\u00e3o\" \/>\r\n<meta property=\"article:modified_time\" content=\"2023-08-08T18:25:17+00:00\" \/>\r\n<meta property=\"og:image\" content=\"https:\/\/www.saopaulo.sp.leg.br\/documentacao\/wp-content\/uploads\/sites\/34\/2023\/08\/52991184722_1de63c3f8a_k-1024x683.jpg\" \/>\r\n<meta name=\"twitter:card\" content=\"summary_large_image\" \/>\r\n<meta name=\"twitter:label1\" content=\"Est. tempo de leitura\" \/>\n\t<meta name=\"twitter:data1\" content=\"4 minutos\" \/>\r\n<script type=\"application\/ld+json\" class=\"yoast-schema-graph\">{\"@context\":\"https:\\\/\\\/schema.org\",\"@graph\":[{\"@type\":\"WebPage\",\"@id\":\"https:\\\/\\\/www.saopaulo.sp.leg.br\\\/documentacao\\\/a-secretaria-de-documentacao\\\/arquivo-geral\\\/\",\"url\":\"https:\\\/\\\/www.saopaulo.sp.leg.br\\\/documentacao\\\/a-secretaria-de-documentacao\\\/arquivo-geral\\\/\",\"name\":\"Arquivo Geral - Biblioteca e Documenta\u00e7\u00e3o\",\"isPartOf\":{\"@id\":\"https:\\\/\\\/homolog.saopaulo.sp.leg.br\\\/documentacao\\\/#website\"},\"primaryImageOfPage\":{\"@id\":\"https:\\\/\\\/www.saopaulo.sp.leg.br\\\/documentacao\\\/a-secretaria-de-documentacao\\\/arquivo-geral\\\/#primaryimage\"},\"image\":{\"@id\":\"https:\\\/\\\/www.saopaulo.sp.leg.br\\\/documentacao\\\/a-secretaria-de-documentacao\\\/arquivo-geral\\\/#primaryimage\"},\"thumbnailUrl\":\"https:\\\/\\\/homolog.saopaulo.sp.leg.br\\\/documentacao\\\/wp-content\\\/uploads\\\/sites\\\/34\\\/2023\\\/08\\\/52991184722_1de63c3f8a_k-1024x683.jpg\",\"datePublished\":\"2020-06-30T11:47:11+00:00\",\"dateModified\":\"2023-08-08T18:25:17+00:00\",\"breadcrumb\":{\"@id\":\"https:\\\/\\\/www.saopaulo.sp.leg.br\\\/documentacao\\\/a-secretaria-de-documentacao\\\/arquivo-geral\\\/#breadcrumb\"},\"inLanguage\":\"pt-BR\",\"potentialAction\":[{\"@type\":\"ReadAction\",\"target\":[\"https:\\\/\\\/www.saopaulo.sp.leg.br\\\/documentacao\\\/a-secretaria-de-documentacao\\\/arquivo-geral\\\/\"]}]},{\"@type\":\"ImageObject\",\"inLanguage\":\"pt-BR\",\"@id\":\"https:\\\/\\\/www.saopaulo.sp.leg.br\\\/documentacao\\\/a-secretaria-de-documentacao\\\/arquivo-geral\\\/#primaryimage\",\"url\":\"https:\\\/\\\/homolog.saopaulo.sp.leg.br\\\/documentacao\\\/wp-content\\\/uploads\\\/sites\\\/34\\\/2023\\\/08\\\/52991184722_1de63c3f8a_k-1024x683.jpg\",\"contentUrl\":\"https:\\\/\\\/homolog.saopaulo.sp.leg.br\\\/documentacao\\\/wp-content\\\/uploads\\\/sites\\\/34\\\/2023\\\/08\\\/52991184722_1de63c3f8a_k-1024x683.jpg\"},{\"@type\":\"BreadcrumbList\",\"@id\":\"https:\\\/\\\/www.saopaulo.sp.leg.br\\\/documentacao\\\/a-secretaria-de-documentacao\\\/arquivo-geral\\\/#breadcrumb\",\"itemListElement\":[{\"@type\":\"ListItem\",\"position\":1,\"name\":\"In\u00edcio\",\"item\":\"https:\\\/\\\/www.saopaulo.sp.leg.br\\\/documentacao\\\/\"},{\"@type\":\"ListItem\",\"position\":2,\"name\":\"A Secretaria de Documenta\u00e7\u00e3o\",\"item\":\"https:\\\/\\\/www.saopaulo.sp.leg.br\\\/documentacao\\\/a-secretaria-de-documentacao\\\/\"},{\"@type\":\"ListItem\",\"position\":3,\"name\":\"Arquivo Geral\"}]},{\"@type\":\"WebSite\",\"@id\":\"https:\\\/\\\/homolog.saopaulo.sp.leg.br\\\/documentacao\\\/#website\",\"url\":\"https:\\\/\\\/homolog.saopaulo.sp.leg.br\\\/documentacao\\\/\",\"name\":\"Biblioteca e Documenta\u00e7\u00e3o\",\"description\":\"Secretaria de Documenta\u00e7\u00e3o\",\"potentialAction\":[{\"@type\":\"SearchAction\",\"target\":{\"@type\":\"EntryPoint\",\"urlTemplate\":\"https:\\\/\\\/homolog.saopaulo.sp.leg.br\\\/documentacao\\\/?s={search_term_string}\"},\"query-input\":{\"@type\":\"PropertyValueSpecification\",\"valueRequired\":true,\"valueName\":\"search_term_string\"}}],\"inLanguage\":\"pt-BR\"}]}<\/script>\r\n<!-- \/ Yoast SEO plugin. -->","yoast_head_json":{"title":"Arquivo Geral - Biblioteca e Documenta\u00e7\u00e3o","robots":{"index":"noindex","follow":"follow","max-snippet":"max-snippet:-1","max-image-preview":"max-image-preview:large","max-video-preview":"max-video-preview:-1"},"og_locale":"pt_BR","og_type":"article","og_title":"Arquivo Geral - Biblioteca e Documenta\u00e7\u00e3o","og_description":"O Arquivo Geral \u00e9 respons\u00e1vel pela cust\u00f3dia da \u00edntegra dos originais dos documentos legislativos e administrativos produzidos pela C\u00e2mara, incumbindo-se dos cuidados com guarda, organiza\u00e7\u00e3o, preserva\u00e7\u00e3o, restauro, disponibiliza\u00e7\u00e3o e eventual... Leia mais &raquo;","og_url":"https:\/\/www.saopaulo.sp.leg.br\/documentacao\/a-secretaria-de-documentacao\/arquivo-geral\/","og_site_name":"Biblioteca e Documenta\u00e7\u00e3o","article_modified_time":"2023-08-08T18:25:17+00:00","og_image":[{"url":"https:\/\/www.saopaulo.sp.leg.br\/documentacao\/wp-content\/uploads\/sites\/34\/2023\/08\/52991184722_1de63c3f8a_k-1024x683.jpg","type":"","width":"","height":""}],"twitter_card":"summary_large_image","twitter_misc":{"Est. tempo de leitura":"4 minutos"},"schema":{"@context":"https:\/\/schema.org","@graph":[{"@type":"WebPage","@id":"https:\/\/www.saopaulo.sp.leg.br\/documentacao\/a-secretaria-de-documentacao\/arquivo-geral\/","url":"https:\/\/www.saopaulo.sp.leg.br\/documentacao\/a-secretaria-de-documentacao\/arquivo-geral\/","name":"Arquivo Geral - Biblioteca e Documenta\u00e7\u00e3o","isPartOf":{"@id":"https:\/\/homolog.saopaulo.sp.leg.br\/documentacao\/#website"},"primaryImageOfPage":{"@id":"https:\/\/www.saopaulo.sp.leg.br\/documentacao\/a-secretaria-de-documentacao\/arquivo-geral\/#primaryimage"},"image":{"@id":"https:\/\/www.saopaulo.sp.leg.br\/documentacao\/a-secretaria-de-documentacao\/arquivo-geral\/#primaryimage"},"thumbnailUrl":"https:\/\/homolog.saopaulo.sp.leg.br\/documentacao\/wp-content\/uploads\/sites\/34\/2023\/08\/52991184722_1de63c3f8a_k-1024x683.jpg","datePublished":"2020-06-30T11:47:11+00:00","dateModified":"2023-08-08T18:25:17+00:00","breadcrumb":{"@id":"https:\/\/www.saopaulo.sp.leg.br\/documentacao\/a-secretaria-de-documentacao\/arquivo-geral\/#breadcrumb"},"inLanguage":"pt-BR","potentialAction":[{"@type":"ReadAction","target":["https:\/\/www.saopaulo.sp.leg.br\/documentacao\/a-secretaria-de-documentacao\/arquivo-geral\/"]}]},{"@type":"ImageObject","inLanguage":"pt-BR","@id":"https:\/\/www.saopaulo.sp.leg.br\/documentacao\/a-secretaria-de-documentacao\/arquivo-geral\/#primaryimage","url":"https:\/\/homolog.saopaulo.sp.leg.br\/documentacao\/wp-content\/uploads\/sites\/34\/2023\/08\/52991184722_1de63c3f8a_k-1024x683.jpg","contentUrl":"https:\/\/homolog.saopaulo.sp.leg.br\/documentacao\/wp-content\/uploads\/sites\/34\/2023\/08\/52991184722_1de63c3f8a_k-1024x683.jpg"},{"@type":"BreadcrumbList","@id":"https:\/\/www.saopaulo.sp.leg.br\/documentacao\/a-secretaria-de-documentacao\/arquivo-geral\/#breadcrumb","itemListElement":[{"@type":"ListItem","position":1,"name":"In\u00edcio","item":"https:\/\/www.saopaulo.sp.leg.br\/documentacao\/"},{"@type":"ListItem","position":2,"name":"A Secretaria de Documenta\u00e7\u00e3o","item":"https:\/\/www.saopaulo.sp.leg.br\/documentacao\/a-secretaria-de-documentacao\/"},{"@type":"ListItem","position":3,"name":"Arquivo Geral"}]},{"@type":"WebSite","@id":"https:\/\/homolog.saopaulo.sp.leg.br\/documentacao\/#website","url":"https:\/\/homolog.saopaulo.sp.leg.br\/documentacao\/","name":"Biblioteca e Documenta\u00e7\u00e3o","description":"Secretaria de Documenta\u00e7\u00e3o","potentialAction":[{"@type":"SearchAction","target":{"@type":"EntryPoint","urlTemplate":"https:\/\/homolog.saopaulo.sp.leg.br\/documentacao\/?s={search_term_string}"},"query-input":{"@type":"PropertyValueSpecification","valueRequired":true,"valueName":"search_term_string"}}],"inLanguage":"pt-BR"}]}},"_links":{"self":[{"href":"https:\/\/homolog.saopaulo.sp.leg.br\/documentacao\/wp-json\/wp\/v2\/pages\/1146","targetHints":{"allow":["GET"]}}],"collection":[{"href":"https:\/\/homolog.saopaulo.sp.leg.br\/documentacao\/wp-json\/wp\/v2\/pages"}],"about":[{"href":"https:\/\/homolog.saopaulo.sp.leg.br\/documentacao\/wp-json\/wp\/v2\/types\/page"}],"author":[{"embeddable":true,"href":"https:\/\/homolog.saopaulo.sp.leg.br\/documentacao\/wp-json\/wp\/v2\/users\/544"}],"replies":[{"embeddable":true,"href":"https:\/\/homolog.saopaulo.sp.leg.br\/documentacao\/wp-json\/wp\/v2\/comments?post=1146"}],"version-history":[{"count":5,"href":"https:\/\/homolog.saopaulo.sp.leg.br\/documentacao\/wp-json\/wp\/v2\/pages\/1146\/revisions"}],"predecessor-version":[{"id":2968,"href":"https:\/\/homolog.saopaulo.sp.leg.br\/documentacao\/wp-json\/wp\/v2\/pages\/1146\/revisions\/2968"}],"up":[{"embeddable":true,"href":"https:\/\/homolog.saopaulo.sp.leg.br\/documentacao\/wp-json\/wp\/v2\/pages\/1138"}],"wp:attachment":[{"href":"https:\/\/homolog.saopaulo.sp.leg.br\/documentacao\/wp-json\/wp\/v2\/media?parent=1146"}],"curies":[{"name":"wp","href":"https:\/\/api.w.org\/{rel}","templated":true}]}}