{"id":1148,"date":"2020-06-30T08:47:39","date_gmt":"2020-06-30T11:47:39","guid":{"rendered":"http:\/\/homolog.saopaulo.sp.leg.br\/biblioteca-novo\/?page_id=1148"},"modified":"2023-08-09T17:12:26","modified_gmt":"2023-08-09T20:12:26","slug":"biblioteca","status":"publish","type":"page","link":"https:\/\/homolog.saopaulo.sp.leg.br\/documentacao\/a-secretaria-de-documentacao\/biblioteca\/","title":{"rendered":"Biblioteca"},"content":{"rendered":"<div id=\"attachment_2930\" style=\"width: 690px\" class=\"wp-caption aligncenter\"><img loading=\"lazy\" decoding=\"async\" aria-describedby=\"caption-attachment-2930\" class=\"wp-image-2930 size-large\" src=\"https:\/\/homolog.saopaulo.sp.leg.br\/documentacao\/wp-content\/uploads\/sites\/34\/2023\/08\/SiteSGP3-Espaco003-1024x683.jpg\" alt=\"Espa\u00e7o da Biblioteca da CMSP | Cr\u00e9dito: Andr\u00e9 Bueno \/ Rede C\u00e2mara SP\" width=\"680\" height=\"454\" srcset=\"https:\/\/homolog.saopaulo.sp.leg.br\/documentacao\/wp-content\/uploads\/sites\/34\/2023\/08\/SiteSGP3-Espaco003-1024x683.jpg 1024w, https:\/\/homolog.saopaulo.sp.leg.br\/documentacao\/wp-content\/uploads\/sites\/34\/2023\/08\/SiteSGP3-Espaco003-300x200.jpg 300w, https:\/\/homolog.saopaulo.sp.leg.br\/documentacao\/wp-content\/uploads\/sites\/34\/2023\/08\/SiteSGP3-Espaco003-768x512.jpg 768w, https:\/\/homolog.saopaulo.sp.leg.br\/documentacao\/wp-content\/uploads\/sites\/34\/2023\/08\/SiteSGP3-Espaco003-1536x1024.jpg 1536w, https:\/\/homolog.saopaulo.sp.leg.br\/documentacao\/wp-content\/uploads\/sites\/34\/2023\/08\/SiteSGP3-Espaco003-180x120.jpg 180w, https:\/\/homolog.saopaulo.sp.leg.br\/documentacao\/wp-content\/uploads\/sites\/34\/2023\/08\/SiteSGP3-Espaco003.jpg 2048w\" sizes=\"auto, (max-width: 680px) 100vw, 680px\" \/><p id=\"caption-attachment-2930\" class=\"wp-caption-text\">Espa\u00e7o da Biblioteca da CMSP | Cr\u00e9dito: Andr\u00e9 Bueno \/ Rede C\u00e2mara SP<\/p><\/div>\n<p>A Biblioteca constitui, na pr\u00e1tica, a recep\u00e7\u00e3o ou porta de entrada da Secretaria de Documenta\u00e7\u00e3o. N\u00e3o por acaso, a Secretaria \u00e9 comumente conhecida como &#8220;Biblioteca&#8221; pelos demais setores da C\u00e2mara Municipal. Uma vez que, historicamente, a Secretaria nasceu como biblioteca em 1907, o apelido \u00e9 mais que apropriado.<\/p>\n<p>Em geral, a Biblioteca \u00e9 o primeiro lugar a ser procurado por quem necessita utilizar os diferentes servi\u00e7os da Secretaria de Documenta\u00e7\u00e3o. Ela atende aos vereadores, aos funcion\u00e1rios da C\u00e2mara e ao p\u00fablico em geral nas seguintes compet\u00eancias:<\/p>\n<ul>\n<li>Orienta\u00e7\u00f5es sobre os usos das cole\u00e7\u00f5es e bases de dados mantidos pela Biblioteca;<\/li>\n<li>Orienta\u00e7\u00f5es sobre os acervos e as informa\u00e7\u00f5es oferecidas pelas tr\u00eas Equipes da Secretaria de Documenta\u00e7\u00e3o e sobre a estrutura da C\u00e2mara, com os seus diferentes servi\u00e7os e departamentos;<\/li>\n<li>Suporte informacional \u00e0s atividades legislativa, fiscalizat\u00f3ria e de representa\u00e7\u00e3o dos vereadores e de seus \u00f3rg\u00e3os colegiados (comiss\u00f5es, comit\u00eas, grupos de trabalho, entre outros);<\/li>\n<li>Suporte informacional \u00e0s atividades de apoio t\u00e9cnico-administrativo da C\u00e2mara;<\/li>\n<li>Servi\u00e7os de recupera\u00e7\u00e3o e divulga\u00e7\u00e3o de informa\u00e7\u00f5es, al\u00e9m de levantamentos de necessidades informacionais dos usu\u00e1rios;<\/li>\n<li>Consultas, levantamentos e pesquisas bibliogr\u00e1ficas no seu acervo e em fontes externas \u00e0 C\u00e2mara Municipal (outras bibliotecas, centros de documenta\u00e7\u00e3o, museus, p\u00e1ginas da internet, etc.);<\/li>\n<li>Interc\u00e2mbios informacionais com outras institui\u00e7\u00f5es;<\/li>\n<li>Instru\u00e7\u00f5es sobre o uso de cat\u00e1logos em bases de dados e sobre o uso de cole\u00e7\u00f5es de refer\u00eancia (dicion\u00e1rios, enciclop\u00e9dias, guias, etc.);<\/li>\n<li>Empr\u00e9stimo de livros para usu\u00e1rios inscritos na Biblioteca;<\/li>\n<li>Coleta de sugest\u00f5es de aquisi\u00e7\u00e3o de novas obras.<\/li>\n<\/ul>\n<p>O acervo da Biblioteca inclui livros (principalmente das \u00e1reas de direito, hist\u00f3ria, administra\u00e7\u00e3o p\u00fablica e pol\u00edticas p\u00fablicas), peri\u00f3dicos, artigos de jornais, di\u00e1rios oficiais, normas t\u00e9cnicas, documentos em formato digital e cole\u00e7\u00f5es especiais (acervo Aureliano Leite, cole\u00e7\u00e3o S\u00e3o Paulo, obras raras). A Biblioteca realiza a sele\u00e7\u00e3o, aquisi\u00e7\u00e3o, processamento t\u00e9cnico (cataloga\u00e7\u00e3o, classifica\u00e7\u00e3o, indexa\u00e7\u00e3o), organiza\u00e7\u00e3o, disponibiliza\u00e7\u00e3o e manuten\u00e7\u00e3o de todo esse acervo.<\/p>\n<p>Al\u00e9m de tudo isso, \u00e9 tamb\u00e9m respons\u00e1vel pela gest\u00e3o de:<\/p>\n<ul>\n<li><a href=\"..\/..\/pesquisa\/vereadores\/\">Base de dados de informa\u00e7\u00f5es sobre os vereadores que j\u00e1 passaram pela C\u00e2mara<\/a>;<\/li>\n<li>Assinaturas de normas t\u00e9cnicas;<\/li>\n<li>Aquisi\u00e7\u00e3o de material bibliogr\u00e1fico para setores da C\u00e2mara.<\/li>\n<\/ul>\n<div style=\"margin-top:2em\"><a class=\"botao\" href=\"..\/..\/pesquisa\/livros\/\">Para acessar as obras do acervo da Biblioteca, clique aqui.<\/a><a class=\"botao\" href=\"..\/..\/a-secretaria-de-documentacao\/#historico\">Para saber sobre a hist\u00f3ria da Biblioteca, clique aqui.<\/a><\/div>\n","protected":false},"excerpt":{"rendered":"<p>A Biblioteca constitui, na pr\u00e1tica, a recep\u00e7\u00e3o ou porta de entrada da Secretaria de Documenta\u00e7\u00e3o. N\u00e3o por acaso, a Secretaria \u00e9 comumente conhecida como &#8220;Biblioteca&#8221; pelos demais setores da C\u00e2mara&#8230;  <a class=\"excerpt-read-more\" href=\"https:\/\/homolog.saopaulo.sp.leg.br\/documentacao\/a-secretaria-de-documentacao\/biblioteca\/\" title=\"Leia Biblioteca\">Leia mais &raquo;<\/a><\/p>\n","protected":false},"author":544,"featured_media":0,"parent":1138,"menu_order":0,"comment_status":"closed","ping_status":"closed","template":"","meta":{"_acf_changed":false,"footnotes":""},"class_list":["post-1148","page","type-page","status-publish","hentry"],"acf":[],"yoast_head":"<!-- This site is optimized with the Yoast SEO plugin v27.4 - https:\/\/yoast.com\/product\/yoast-seo-wordpress\/ -->\r\n<title>Biblioteca - Biblioteca e Documenta\u00e7\u00e3o<\/title>\r\n<meta name=\"robots\" content=\"noindex, follow, max-snippet:-1, max-image-preview:large, max-video-preview:-1\" \/>\r\n<meta property=\"og:locale\" content=\"pt_BR\" \/>\r\n<meta property=\"og:type\" content=\"article\" \/>\r\n<meta property=\"og:title\" content=\"Biblioteca - Biblioteca e Documenta\u00e7\u00e3o\" \/>\r\n<meta property=\"og:description\" content=\"A Biblioteca constitui, na pr\u00e1tica, a recep\u00e7\u00e3o ou porta de entrada da Secretaria de Documenta\u00e7\u00e3o. N\u00e3o por acaso, a Secretaria \u00e9 comumente conhecida como &#8220;Biblioteca&#8221; pelos demais setores da C\u00e2mara... Leia mais &raquo;\" \/>\r\n<meta property=\"og:url\" content=\"https:\/\/www.saopaulo.sp.leg.br\/documentacao\/a-secretaria-de-documentacao\/biblioteca\/\" \/>\r\n<meta property=\"og:site_name\" content=\"Biblioteca e Documenta\u00e7\u00e3o\" \/>\r\n<meta property=\"article:modified_time\" content=\"2023-08-09T20:12:26+00:00\" \/>\r\n<meta property=\"og:image\" content=\"https:\/\/www.saopaulo.sp.leg.br\/documentacao\/wp-content\/uploads\/sites\/34\/2023\/08\/SiteSGP3-Espaco003-1024x683.jpg\" \/>\r\n<meta name=\"twitter:card\" content=\"summary_large_image\" \/>\r\n<meta name=\"twitter:label1\" content=\"Est. tempo de leitura\" \/>\n\t<meta name=\"twitter:data1\" content=\"3 minutos\" \/>\r\n<script type=\"application\/ld+json\" class=\"yoast-schema-graph\">{\"@context\":\"https:\\\/\\\/schema.org\",\"@graph\":[{\"@type\":\"WebPage\",\"@id\":\"https:\\\/\\\/www.saopaulo.sp.leg.br\\\/documentacao\\\/a-secretaria-de-documentacao\\\/biblioteca\\\/\",\"url\":\"https:\\\/\\\/www.saopaulo.sp.leg.br\\\/documentacao\\\/a-secretaria-de-documentacao\\\/biblioteca\\\/\",\"name\":\"Biblioteca - Biblioteca e Documenta\u00e7\u00e3o\",\"isPartOf\":{\"@id\":\"https:\\\/\\\/homolog.saopaulo.sp.leg.br\\\/documentacao\\\/#website\"},\"primaryImageOfPage\":{\"@id\":\"https:\\\/\\\/www.saopaulo.sp.leg.br\\\/documentacao\\\/a-secretaria-de-documentacao\\\/biblioteca\\\/#primaryimage\"},\"image\":{\"@id\":\"https:\\\/\\\/www.saopaulo.sp.leg.br\\\/documentacao\\\/a-secretaria-de-documentacao\\\/biblioteca\\\/#primaryimage\"},\"thumbnailUrl\":\"https:\\\/\\\/homolog.saopaulo.sp.leg.br\\\/documentacao\\\/wp-content\\\/uploads\\\/sites\\\/34\\\/2023\\\/08\\\/SiteSGP3-Espaco003-1024x683.jpg\",\"datePublished\":\"2020-06-30T11:47:39+00:00\",\"dateModified\":\"2023-08-09T20:12:26+00:00\",\"breadcrumb\":{\"@id\":\"https:\\\/\\\/www.saopaulo.sp.leg.br\\\/documentacao\\\/a-secretaria-de-documentacao\\\/biblioteca\\\/#breadcrumb\"},\"inLanguage\":\"pt-BR\",\"potentialAction\":[{\"@type\":\"ReadAction\",\"target\":[\"https:\\\/\\\/www.saopaulo.sp.leg.br\\\/documentacao\\\/a-secretaria-de-documentacao\\\/biblioteca\\\/\"]}]},{\"@type\":\"ImageObject\",\"inLanguage\":\"pt-BR\",\"@id\":\"https:\\\/\\\/www.saopaulo.sp.leg.br\\\/documentacao\\\/a-secretaria-de-documentacao\\\/biblioteca\\\/#primaryimage\",\"url\":\"https:\\\/\\\/homolog.saopaulo.sp.leg.br\\\/documentacao\\\/wp-content\\\/uploads\\\/sites\\\/34\\\/2023\\\/08\\\/SiteSGP3-Espaco003-1024x683.jpg\",\"contentUrl\":\"https:\\\/\\\/homolog.saopaulo.sp.leg.br\\\/documentacao\\\/wp-content\\\/uploads\\\/sites\\\/34\\\/2023\\\/08\\\/SiteSGP3-Espaco003-1024x683.jpg\"},{\"@type\":\"BreadcrumbList\",\"@id\":\"https:\\\/\\\/www.saopaulo.sp.leg.br\\\/documentacao\\\/a-secretaria-de-documentacao\\\/biblioteca\\\/#breadcrumb\",\"itemListElement\":[{\"@type\":\"ListItem\",\"position\":1,\"name\":\"In\u00edcio\",\"item\":\"https:\\\/\\\/www.saopaulo.sp.leg.br\\\/documentacao\\\/\"},{\"@type\":\"ListItem\",\"position\":2,\"name\":\"A Secretaria de Documenta\u00e7\u00e3o\",\"item\":\"https:\\\/\\\/www.saopaulo.sp.leg.br\\\/documentacao\\\/a-secretaria-de-documentacao\\\/\"},{\"@type\":\"ListItem\",\"position\":3,\"name\":\"Biblioteca\"}]},{\"@type\":\"WebSite\",\"@id\":\"https:\\\/\\\/homolog.saopaulo.sp.leg.br\\\/documentacao\\\/#website\",\"url\":\"https:\\\/\\\/homolog.saopaulo.sp.leg.br\\\/documentacao\\\/\",\"name\":\"Biblioteca e Documenta\u00e7\u00e3o\",\"description\":\"Secretaria de Documenta\u00e7\u00e3o\",\"potentialAction\":[{\"@type\":\"SearchAction\",\"target\":{\"@type\":\"EntryPoint\",\"urlTemplate\":\"https:\\\/\\\/homolog.saopaulo.sp.leg.br\\\/documentacao\\\/?s={search_term_string}\"},\"query-input\":{\"@type\":\"PropertyValueSpecification\",\"valueRequired\":true,\"valueName\":\"search_term_string\"}}],\"inLanguage\":\"pt-BR\"}]}<\/script>\r\n<!-- \/ Yoast SEO plugin. -->","yoast_head_json":{"title":"Biblioteca - Biblioteca e Documenta\u00e7\u00e3o","robots":{"index":"noindex","follow":"follow","max-snippet":"max-snippet:-1","max-image-preview":"max-image-preview:large","max-video-preview":"max-video-preview:-1"},"og_locale":"pt_BR","og_type":"article","og_title":"Biblioteca - Biblioteca e Documenta\u00e7\u00e3o","og_description":"A Biblioteca constitui, na pr\u00e1tica, a recep\u00e7\u00e3o ou porta de entrada da Secretaria de Documenta\u00e7\u00e3o. N\u00e3o por acaso, a Secretaria \u00e9 comumente conhecida como &#8220;Biblioteca&#8221; pelos demais setores da C\u00e2mara... Leia mais &raquo;","og_url":"https:\/\/www.saopaulo.sp.leg.br\/documentacao\/a-secretaria-de-documentacao\/biblioteca\/","og_site_name":"Biblioteca e Documenta\u00e7\u00e3o","article_modified_time":"2023-08-09T20:12:26+00:00","og_image":[{"url":"https:\/\/www.saopaulo.sp.leg.br\/documentacao\/wp-content\/uploads\/sites\/34\/2023\/08\/SiteSGP3-Espaco003-1024x683.jpg","type":"","width":"","height":""}],"twitter_card":"summary_large_image","twitter_misc":{"Est. tempo de leitura":"3 minutos"},"schema":{"@context":"https:\/\/schema.org","@graph":[{"@type":"WebPage","@id":"https:\/\/www.saopaulo.sp.leg.br\/documentacao\/a-secretaria-de-documentacao\/biblioteca\/","url":"https:\/\/www.saopaulo.sp.leg.br\/documentacao\/a-secretaria-de-documentacao\/biblioteca\/","name":"Biblioteca - Biblioteca e Documenta\u00e7\u00e3o","isPartOf":{"@id":"https:\/\/homolog.saopaulo.sp.leg.br\/documentacao\/#website"},"primaryImageOfPage":{"@id":"https:\/\/www.saopaulo.sp.leg.br\/documentacao\/a-secretaria-de-documentacao\/biblioteca\/#primaryimage"},"image":{"@id":"https:\/\/www.saopaulo.sp.leg.br\/documentacao\/a-secretaria-de-documentacao\/biblioteca\/#primaryimage"},"thumbnailUrl":"https:\/\/homolog.saopaulo.sp.leg.br\/documentacao\/wp-content\/uploads\/sites\/34\/2023\/08\/SiteSGP3-Espaco003-1024x683.jpg","datePublished":"2020-06-30T11:47:39+00:00","dateModified":"2023-08-09T20:12:26+00:00","breadcrumb":{"@id":"https:\/\/www.saopaulo.sp.leg.br\/documentacao\/a-secretaria-de-documentacao\/biblioteca\/#breadcrumb"},"inLanguage":"pt-BR","potentialAction":[{"@type":"ReadAction","target":["https:\/\/www.saopaulo.sp.leg.br\/documentacao\/a-secretaria-de-documentacao\/biblioteca\/"]}]},{"@type":"ImageObject","inLanguage":"pt-BR","@id":"https:\/\/www.saopaulo.sp.leg.br\/documentacao\/a-secretaria-de-documentacao\/biblioteca\/#primaryimage","url":"https:\/\/homolog.saopaulo.sp.leg.br\/documentacao\/wp-content\/uploads\/sites\/34\/2023\/08\/SiteSGP3-Espaco003-1024x683.jpg","contentUrl":"https:\/\/homolog.saopaulo.sp.leg.br\/documentacao\/wp-content\/uploads\/sites\/34\/2023\/08\/SiteSGP3-Espaco003-1024x683.jpg"},{"@type":"BreadcrumbList","@id":"https:\/\/www.saopaulo.sp.leg.br\/documentacao\/a-secretaria-de-documentacao\/biblioteca\/#breadcrumb","itemListElement":[{"@type":"ListItem","position":1,"name":"In\u00edcio","item":"https:\/\/www.saopaulo.sp.leg.br\/documentacao\/"},{"@type":"ListItem","position":2,"name":"A Secretaria de Documenta\u00e7\u00e3o","item":"https:\/\/www.saopaulo.sp.leg.br\/documentacao\/a-secretaria-de-documentacao\/"},{"@type":"ListItem","position":3,"name":"Biblioteca"}]},{"@type":"WebSite","@id":"https:\/\/homolog.saopaulo.sp.leg.br\/documentacao\/#website","url":"https:\/\/homolog.saopaulo.sp.leg.br\/documentacao\/","name":"Biblioteca e Documenta\u00e7\u00e3o","description":"Secretaria de Documenta\u00e7\u00e3o","potentialAction":[{"@type":"SearchAction","target":{"@type":"EntryPoint","urlTemplate":"https:\/\/homolog.saopaulo.sp.leg.br\/documentacao\/?s={search_term_string}"},"query-input":{"@type":"PropertyValueSpecification","valueRequired":true,"valueName":"search_term_string"}}],"inLanguage":"pt-BR"}]}},"_links":{"self":[{"href":"https:\/\/homolog.saopaulo.sp.leg.br\/documentacao\/wp-json\/wp\/v2\/pages\/1148","targetHints":{"allow":["GET"]}}],"collection":[{"href":"https:\/\/homolog.saopaulo.sp.leg.br\/documentacao\/wp-json\/wp\/v2\/pages"}],"about":[{"href":"https:\/\/homolog.saopaulo.sp.leg.br\/documentacao\/wp-json\/wp\/v2\/types\/page"}],"author":[{"embeddable":true,"href":"https:\/\/homolog.saopaulo.sp.leg.br\/documentacao\/wp-json\/wp\/v2\/users\/544"}],"replies":[{"embeddable":true,"href":"https:\/\/homolog.saopaulo.sp.leg.br\/documentacao\/wp-json\/wp\/v2\/comments?post=1148"}],"version-history":[{"count":6,"href":"https:\/\/homolog.saopaulo.sp.leg.br\/documentacao\/wp-json\/wp\/v2\/pages\/1148\/revisions"}],"predecessor-version":[{"id":3056,"href":"https:\/\/homolog.saopaulo.sp.leg.br\/documentacao\/wp-json\/wp\/v2\/pages\/1148\/revisions\/3056"}],"up":[{"embeddable":true,"href":"https:\/\/homolog.saopaulo.sp.leg.br\/documentacao\/wp-json\/wp\/v2\/pages\/1138"}],"wp:attachment":[{"href":"https:\/\/homolog.saopaulo.sp.leg.br\/documentacao\/wp-json\/wp\/v2\/media?parent=1148"}],"curies":[{"name":"wp","href":"https:\/\/api.w.org\/{rel}","templated":true}]}}