{"id":1163,"date":"2020-06-30T08:58:10","date_gmt":"2020-06-30T11:58:10","guid":{"rendered":"http:\/\/homolog.saopaulo.sp.leg.br\/biblioteca-novo\/?page_id=1163"},"modified":"2023-08-09T10:35:59","modified_gmt":"2023-08-09T13:35:59","slug":"publicacoes-institucionais","status":"publish","type":"page","link":"https:\/\/homolog.saopaulo.sp.leg.br\/documentacao\/publicacoes-institucionais\/","title":{"rendered":"Publica\u00e7\u00f5es Institucionais"},"content":{"rendered":"<p>Nesta se\u00e7\u00e3o, apresentamos livros, peri\u00f3dicos e demais publica\u00e7\u00f5es produzidas por setores da <strong>C\u00e2mara Municipal de S\u00e3o Paulo<\/strong>, como o <strong>Centro de Comunica\u00e7\u00e3o Institucional, a Escola do Parlamento, a Consultoria T\u00e9cnica de Economia e Or\u00e7amento, a Consultoria T\u00e9cnico-Legislativa e a Procuradoria<\/strong>.<\/p>\n<div class=\"filtro flex\">\n<div class=\"tecla livros\"><span class=\"tipo\"><a href=\"https:\/\/homolog.saopaulo.sp.leg.br\/documentacao\/publicacoes-institucionais\/livros\">Livros<\/a><\/span><\/div>\n<div class=\"tecla livros-digitais\"><span class=\"tipo\"><a href=\"https:\/\/homolog.saopaulo.sp.leg.br\/documentacao\/publicacoes-institucionais\/livros-digitais\">Livros Digitais<\/a><\/span><\/div>\n<div class=\"tecla periodicos\"><span class=\"tipo\"><a href=\"https:\/\/homolog.saopaulo.sp.leg.br\/documentacao\/publicacoes-institucionais\/periodicos\">Peri\u00f3dicos<\/a><\/span><\/div>\n<div class=\"tecla hqs\"><span class=\"tipo\"><a href=\"https:\/\/homolog.saopaulo.sp.leg.br\/documentacao\/publicacoes-institucionais\/hqs\">Hist\u00f3rias em Quadrinhos<\/a><\/span><\/div>\n<\/p><\/div>\n","protected":false},"excerpt":{"rendered":"<p>Nesta se\u00e7\u00e3o, apresentamos livros, peri\u00f3dicos e demais publica\u00e7\u00f5es produzidas por setores da C\u00e2mara Municipal de S\u00e3o Paulo, como o Centro de Comunica\u00e7\u00e3o Institucional, a Escola do Parlamento, a Consultoria T\u00e9cnica&#8230;  <a class=\"excerpt-read-more\" href=\"https:\/\/homolog.saopaulo.sp.leg.br\/documentacao\/publicacoes-institucionais\/\" title=\"Leia Publica\u00e7\u00f5es Institucionais\">Leia mais &raquo;<\/a><\/p>\n","protected":false},"author":544,"featured_media":0,"parent":0,"menu_order":0,"comment_status":"closed","ping_status":"closed","template":"page-publicacoes.php","meta":{"_acf_changed":false,"footnotes":""},"class_list":["post-1163","page","type-page","status-publish","hentry"],"acf":[],"yoast_head":"<!-- This site is optimized with the Yoast SEO plugin v27.4 - https:\/\/yoast.com\/product\/yoast-seo-wordpress\/ -->\r\n<title>Publica\u00e7\u00f5es Institucionais - Biblioteca e Documenta\u00e7\u00e3o<\/title>\r\n<meta name=\"robots\" content=\"noindex, follow, max-snippet:-1, max-image-preview:large, max-video-preview:-1\" \/>\r\n<meta property=\"og:locale\" content=\"pt_BR\" \/>\r\n<meta property=\"og:type\" content=\"article\" \/>\r\n<meta property=\"og:title\" content=\"Publica\u00e7\u00f5es Institucionais - Biblioteca e Documenta\u00e7\u00e3o\" \/>\r\n<meta property=\"og:description\" content=\"Nesta se\u00e7\u00e3o, apresentamos livros, peri\u00f3dicos e demais publica\u00e7\u00f5es produzidas por setores da C\u00e2mara Municipal de S\u00e3o Paulo, como o Centro de Comunica\u00e7\u00e3o Institucional, a Escola do Parlamento, a Consultoria T\u00e9cnica... Leia mais &raquo;\" \/>\r\n<meta property=\"og:url\" content=\"https:\/\/www.saopaulo.sp.leg.br\/documentacao\/publicacoes-institucionais\/\" \/>\r\n<meta property=\"og:site_name\" content=\"Biblioteca e Documenta\u00e7\u00e3o\" \/>\r\n<meta property=\"article:modified_time\" content=\"2023-08-09T13:35:59+00:00\" \/>\r\n<meta name=\"twitter:card\" content=\"summary_large_image\" \/>\r\n<meta name=\"twitter:label1\" content=\"Est. tempo de leitura\" \/>\n\t<meta name=\"twitter:data1\" content=\"1 minuto\" \/>\r\n<script type=\"application\/ld+json\" class=\"yoast-schema-graph\">{\"@context\":\"https:\\\/\\\/schema.org\",\"@graph\":[{\"@type\":\"WebPage\",\"@id\":\"https:\\\/\\\/www.saopaulo.sp.leg.br\\\/documentacao\\\/publicacoes-institucionais\\\/\",\"url\":\"https:\\\/\\\/www.saopaulo.sp.leg.br\\\/documentacao\\\/publicacoes-institucionais\\\/\",\"name\":\"Publica\u00e7\u00f5es Institucionais - Biblioteca e Documenta\u00e7\u00e3o\",\"isPartOf\":{\"@id\":\"https:\\\/\\\/homolog.saopaulo.sp.leg.br\\\/documentacao\\\/#website\"},\"datePublished\":\"2020-06-30T11:58:10+00:00\",\"dateModified\":\"2023-08-09T13:35:59+00:00\",\"breadcrumb\":{\"@id\":\"https:\\\/\\\/www.saopaulo.sp.leg.br\\\/documentacao\\\/publicacoes-institucionais\\\/#breadcrumb\"},\"inLanguage\":\"pt-BR\",\"potentialAction\":[{\"@type\":\"ReadAction\",\"target\":[\"https:\\\/\\\/www.saopaulo.sp.leg.br\\\/documentacao\\\/publicacoes-institucionais\\\/\"]}]},{\"@type\":\"BreadcrumbList\",\"@id\":\"https:\\\/\\\/www.saopaulo.sp.leg.br\\\/documentacao\\\/publicacoes-institucionais\\\/#breadcrumb\",\"itemListElement\":[{\"@type\":\"ListItem\",\"position\":1,\"name\":\"In\u00edcio\",\"item\":\"https:\\\/\\\/www.saopaulo.sp.leg.br\\\/documentacao\\\/\"},{\"@type\":\"ListItem\",\"position\":2,\"name\":\"Publica\u00e7\u00f5es Institucionais\"}]},{\"@type\":\"WebSite\",\"@id\":\"https:\\\/\\\/homolog.saopaulo.sp.leg.br\\\/documentacao\\\/#website\",\"url\":\"https:\\\/\\\/homolog.saopaulo.sp.leg.br\\\/documentacao\\\/\",\"name\":\"Biblioteca e Documenta\u00e7\u00e3o\",\"description\":\"Secretaria de Documenta\u00e7\u00e3o\",\"potentialAction\":[{\"@type\":\"SearchAction\",\"target\":{\"@type\":\"EntryPoint\",\"urlTemplate\":\"https:\\\/\\\/homolog.saopaulo.sp.leg.br\\\/documentacao\\\/?s={search_term_string}\"},\"query-input\":{\"@type\":\"PropertyValueSpecification\",\"valueRequired\":true,\"valueName\":\"search_term_string\"}}],\"inLanguage\":\"pt-BR\"}]}<\/script>\r\n<!-- \/ Yoast SEO plugin. -->","yoast_head_json":{"title":"Publica\u00e7\u00f5es Institucionais - Biblioteca e Documenta\u00e7\u00e3o","robots":{"index":"noindex","follow":"follow","max-snippet":"max-snippet:-1","max-image-preview":"max-image-preview:large","max-video-preview":"max-video-preview:-1"},"og_locale":"pt_BR","og_type":"article","og_title":"Publica\u00e7\u00f5es Institucionais - Biblioteca e Documenta\u00e7\u00e3o","og_description":"Nesta se\u00e7\u00e3o, apresentamos livros, peri\u00f3dicos e demais publica\u00e7\u00f5es produzidas por setores da C\u00e2mara Municipal de S\u00e3o Paulo, como o Centro de Comunica\u00e7\u00e3o Institucional, a Escola do Parlamento, a Consultoria T\u00e9cnica... Leia mais &raquo;","og_url":"https:\/\/www.saopaulo.sp.leg.br\/documentacao\/publicacoes-institucionais\/","og_site_name":"Biblioteca e Documenta\u00e7\u00e3o","article_modified_time":"2023-08-09T13:35:59+00:00","twitter_card":"summary_large_image","twitter_misc":{"Est. tempo de leitura":"1 minuto"},"schema":{"@context":"https:\/\/schema.org","@graph":[{"@type":"WebPage","@id":"https:\/\/www.saopaulo.sp.leg.br\/documentacao\/publicacoes-institucionais\/","url":"https:\/\/www.saopaulo.sp.leg.br\/documentacao\/publicacoes-institucionais\/","name":"Publica\u00e7\u00f5es Institucionais - Biblioteca e Documenta\u00e7\u00e3o","isPartOf":{"@id":"https:\/\/homolog.saopaulo.sp.leg.br\/documentacao\/#website"},"datePublished":"2020-06-30T11:58:10+00:00","dateModified":"2023-08-09T13:35:59+00:00","breadcrumb":{"@id":"https:\/\/www.saopaulo.sp.leg.br\/documentacao\/publicacoes-institucionais\/#breadcrumb"},"inLanguage":"pt-BR","potentialAction":[{"@type":"ReadAction","target":["https:\/\/www.saopaulo.sp.leg.br\/documentacao\/publicacoes-institucionais\/"]}]},{"@type":"BreadcrumbList","@id":"https:\/\/www.saopaulo.sp.leg.br\/documentacao\/publicacoes-institucionais\/#breadcrumb","itemListElement":[{"@type":"ListItem","position":1,"name":"In\u00edcio","item":"https:\/\/www.saopaulo.sp.leg.br\/documentacao\/"},{"@type":"ListItem","position":2,"name":"Publica\u00e7\u00f5es Institucionais"}]},{"@type":"WebSite","@id":"https:\/\/homolog.saopaulo.sp.leg.br\/documentacao\/#website","url":"https:\/\/homolog.saopaulo.sp.leg.br\/documentacao\/","name":"Biblioteca e Documenta\u00e7\u00e3o","description":"Secretaria de Documenta\u00e7\u00e3o","potentialAction":[{"@type":"SearchAction","target":{"@type":"EntryPoint","urlTemplate":"https:\/\/homolog.saopaulo.sp.leg.br\/documentacao\/?s={search_term_string}"},"query-input":{"@type":"PropertyValueSpecification","valueRequired":true,"valueName":"search_term_string"}}],"inLanguage":"pt-BR"}]}},"_links":{"self":[{"href":"https:\/\/homolog.saopaulo.sp.leg.br\/documentacao\/wp-json\/wp\/v2\/pages\/1163","targetHints":{"allow":["GET"]}}],"collection":[{"href":"https:\/\/homolog.saopaulo.sp.leg.br\/documentacao\/wp-json\/wp\/v2\/pages"}],"about":[{"href":"https:\/\/homolog.saopaulo.sp.leg.br\/documentacao\/wp-json\/wp\/v2\/types\/page"}],"author":[{"embeddable":true,"href":"https:\/\/homolog.saopaulo.sp.leg.br\/documentacao\/wp-json\/wp\/v2\/users\/544"}],"replies":[{"embeddable":true,"href":"https:\/\/homolog.saopaulo.sp.leg.br\/documentacao\/wp-json\/wp\/v2\/comments?post=1163"}],"version-history":[{"count":5,"href":"https:\/\/homolog.saopaulo.sp.leg.br\/documentacao\/wp-json\/wp\/v2\/pages\/1163\/revisions"}],"predecessor-version":[{"id":3051,"href":"https:\/\/homolog.saopaulo.sp.leg.br\/documentacao\/wp-json\/wp\/v2\/pages\/1163\/revisions\/3051"}],"wp:attachment":[{"href":"https:\/\/homolog.saopaulo.sp.leg.br\/documentacao\/wp-json\/wp\/v2\/media?parent=1163"}],"curies":[{"name":"wp","href":"https:\/\/api.w.org\/{rel}","templated":true}]}}