{"id":1192,"date":"2020-06-30T09:17:08","date_gmt":"2020-06-30T12:17:08","guid":{"rendered":"http:\/\/homolog.saopaulo.sp.leg.br\/biblioteca-novo\/?page_id=1192"},"modified":"2023-08-08T17:54:15","modified_gmt":"2023-08-08T20:54:15","slug":"consulta-as-colecoes","status":"publish","type":"page","link":"https:\/\/homolog.saopaulo.sp.leg.br\/documentacao\/produtos-e-servicos\/consulta-as-colecoes\/","title":{"rendered":"Consulta \u00e0s Cole\u00e7\u00f5es"},"content":{"rendered":"<div id=\"attachment_2940\" style=\"width: 690px\" class=\"wp-caption aligncenter\"><img loading=\"lazy\" decoding=\"async\" aria-describedby=\"caption-attachment-2940\" class=\"wp-image-2940 size-large\" src=\"https:\/\/homolog.saopaulo.sp.leg.br\/documentacao\/wp-content\/uploads\/sites\/34\/2023\/08\/SiteSGP3-Consulta001-1024x683.jpg\" alt=\"Material para consulta | Cr\u00e9dito: Andr\u00e9 Bueno \/ Rede C\u00e2mara SP\" width=\"680\" height=\"454\" srcset=\"https:\/\/homolog.saopaulo.sp.leg.br\/documentacao\/wp-content\/uploads\/sites\/34\/2023\/08\/SiteSGP3-Consulta001-1024x683.jpg 1024w, https:\/\/homolog.saopaulo.sp.leg.br\/documentacao\/wp-content\/uploads\/sites\/34\/2023\/08\/SiteSGP3-Consulta001-300x200.jpg 300w, https:\/\/homolog.saopaulo.sp.leg.br\/documentacao\/wp-content\/uploads\/sites\/34\/2023\/08\/SiteSGP3-Consulta001-768x512.jpg 768w, https:\/\/homolog.saopaulo.sp.leg.br\/documentacao\/wp-content\/uploads\/sites\/34\/2023\/08\/SiteSGP3-Consulta001-1536x1024.jpg 1536w, https:\/\/homolog.saopaulo.sp.leg.br\/documentacao\/wp-content\/uploads\/sites\/34\/2023\/08\/SiteSGP3-Consulta001-2048x1365.jpg 2048w, https:\/\/homolog.saopaulo.sp.leg.br\/documentacao\/wp-content\/uploads\/sites\/34\/2023\/08\/SiteSGP3-Consulta001-180x120.jpg 180w\" sizes=\"auto, (max-width: 680px) 100vw, 680px\" \/><p id=\"caption-attachment-2940\" class=\"wp-caption-text\">Material para consulta | Cr\u00e9dito: Andr\u00e9 Bueno \/ Rede C\u00e2mara SP<\/p><\/div>\n<p>A Secretaria de Documenta\u00e7\u00e3o mant\u00e9m e disponibiliza <a href=\"https:\/\/homolog.saopaulo.sp.leg.br\/documentacao\/colecao\/as-colecoes-da-secretaria\/\">diversas cole\u00e7\u00f5es de documentos<\/a>. O acesso a esse material \u00e9 feito por meio de <a href=\"..\/..\/pesquisa\/\">bases de dados<\/a> e da consulta direta ao acervo f\u00edsico.<\/p>\n<p>Visando a melhor preserva\u00e7\u00e3o destes documentos, a Secretaria estabeleceu algumas normas e protocolos para consulta.<\/p>\n<h3>CONSULTA DIRETA AO ACERVO<\/h3>\n<ul>\n<li>Na <a href=\"..\/..\/a-secretaria-de-documentacao\/biblioteca\/\">Biblioteca<\/a>, \u00e9 poss\u00edvel consultar as cole\u00e7\u00f5es de livros, peri\u00f3dicos, di\u00e1rios oficiais e mat\u00e9rias jornal\u00edsticas, entre outros documentos bibliogr\u00e1ficos.<\/li>\n<li>Tamb\u00e9m \u00e9 poss\u00edvel consultar documentos digitais e originais de documentos digitalizados nas <a href=\"..\/..\/a-secretaria-de-documentacao\/documentacao-do-legislativo\/\">Equipes de Documenta\u00e7\u00e3o do Legislativo<\/a> (legisla\u00e7\u00e3o, projetos, sess\u00f5es legislativas, entre outros) e <a href=\"..\/..\/a-secretaria-de-documentacao\/arquivo-geral\/\">Arquivo Geral<\/a> (processos, documentos de arquivo, documentos hist\u00f3ricos, entre outros).<\/li>\n<li>A consulta aos acervos \u00e9 gratuita.<\/li>\n<li>O usu\u00e1rio \u00e9 correspons\u00e1vel pela preserva\u00e7\u00e3o dos documentos consultados.<\/li>\n<li>\u00c9 limitada a quantidade de livros e outros documentos que se pode acessar a cada consulta.<\/li>\n<li>\u00c9 permitida a reprodu\u00e7\u00e3o de documentos, seguindo-se as orienta\u00e7\u00f5es da Lei de Direitos Autorais (<a href=\"https:\/\/www.planalto.gov.br\/ccivil_03\/Leis\/L9610.htm\" target=\"_blank\" rel=\"noopener\">lei federal n\u00ba 9.610\/1998<\/a>) e da Lei de Acesso \u00e0 Informa\u00e7\u00e3o &#8211; LAI (<a href=\"http:\/\/www.planalto.gov.br\/ccivil_03\/_Ato2011-2014\/2011\/Lei\/L12527.htm\" target=\"_blank\" rel=\"noopener\">lei federal n\u00ba 12.527\/2011<\/a>).<\/li>\n<li>\u00c9 permitido fotografar documentos desde que n\u00e3o se use flash.<\/li>\n<\/ul>\n<h3>REQUISITOS NECESS\u00c1RIOS PARA AS CONSULTAS:<\/h3>\n<ul>\n<li>Para algumas cole\u00e7\u00f5es, pode ser necess\u00e1rio agendar a consulta previamente.<\/li>\n<li>Poder\u00e3o ser solicitados dados do usu\u00e1rio em atendimento para fins estat\u00edsticos ou para envio de respostas.<\/li>\n<li>Deve ser utilizado l\u00e1pis ou lapiseira durante a consulta: n\u00e3o \u00e9 permitido o uso de canetas.<\/li>\n<li>Visando a melhor preserva\u00e7\u00e3o e prote\u00e7\u00e3o do acervo, ser\u00e1 sempre dada prefer\u00eancia \u00e0 consulta de c\u00f3pia digitalizada (quando existir), ao inv\u00e9s da consulta ao documento f\u00edsico original.<\/li>\n<li>Mapas e outros documentos que contenham dobraduras somente dever\u00e3o ser abertos por um funcion\u00e1rio respons\u00e1vel do setor onde esteja sendo feita a consulta.<\/li>\n<li>Para a consulta de alguns documentos especiais (exemplos: obras raras, documentos hist\u00f3ricos), poder\u00e1 ser solicitado o uso de equipamentos de prote\u00e7\u00e3o individual \u2013 EPI (luvas, m\u00e1scaras, \u00f3culos de prote\u00e7\u00e3o, etc.), os quais ser\u00e3o fornecidos pelas Equipes da Secretaria de Documenta\u00e7\u00e3o.<\/li>\n<li>Poder\u00e1 ser vedada a pesquisa e\/ou reprodu\u00e7\u00e3o de documentos que estejam em estado de conserva\u00e7\u00e3o fr\u00e1gil. A consulta tamb\u00e9m poder\u00e1 ser vedada por qualquer outra raz\u00e3o de ordem t\u00e9cnica ou legal, a crit\u00e9rio das Equipes de trabalho da Secretaria de Documenta\u00e7\u00e3o.<\/li>\n<\/ul>\n<h3>N\u00c3O \u00c9 PERMITIDO:<\/h3>\n<ul>\n<li>Apoiar equipamentos ou qualquer parte do corpo em livros e outros documentos.<\/li>\n<li>Fazer anota\u00e7\u00f5es e\/ou marca\u00e7\u00f5es em livros e outros documentos.<\/li>\n<li>Cortar, dobrar ou arrancar p\u00e1ginas de livros e de outros documentos.<\/li>\n<li>Usar caneta durante as pesquisas.<\/li>\n<li>Portar e\/ou consumir alimentos e bebidas durante as consultas ao acervo.<\/li>\n<li>Mascar chicletes no local de consulta.<\/li>\n<li>Fumar no local de consulta (<a href=\"http:\/\/www.planalto.gov.br\/CCIVIL_03\/_Ato2011-2014\/2011\/Lei\/L12546.htm\" target=\"_blank\" rel=\"noopener\">lei federal n\u00ba 12.546\/2011<\/a> e <a href=\"https:\/\/homolog.saopaulo.sp.leg.br\/iah\/fulltext\/leis\/L14805.pdf\">lei municipal n\u00ba 14.805\/2008 <\/a>).<\/li>\n<li>Fazer c\u00f3pias xerogr\u00e1ficas ou similares de livros e outros documentos bibliogr\u00e1ficos na totalidade (de capa a capa).<\/li>\n<li>Fotografar documentos com flash.<\/li>\n<\/ul>\n<p><strong>O usu\u00e1rio que descumprir estas normas e orienta\u00e7\u00f5es ficar\u00e1 impedido de realizar futuras consultas aos acervos da Secretaria de Documenta\u00e7\u00e3o.<\/strong><\/p>\n<h3>SOLICITA\u00c7\u00d5ES ESPECIAIS AOS PESQUISADORES:<\/h3>\n<p>Sempre que poss\u00edvel, a Secretaria de Documenta\u00e7\u00e3o solicita aos pesquisadores cujas consultas aos acervos resultem em eventuais trabalhos publicados que:<\/p>\n<ul>\n<li>indiquem nos trabalhos os autores dos documentos consultados, dando-lhes o devido cr\u00e9dito;<\/li>\n<li>indiquem nos trabalhos que a pesquisa foi feita nos acervos das Equipes de Biblioteca, Arquivo Geral ou Documenta\u00e7\u00e3o do Legislativo;<\/li>\n<li>doem \u00e0 Biblioteca c\u00f3pias em PDF ou exemplares impressos destes trabalhos.<\/li>\n<\/ul>\n<h3>HOR\u00c1RIO DE ATENDIMENTO:<\/h3>\n<p>Segunda-feira a sexta-feira, das 10h \u00e0s 18h30.<\/p>\n<h3>LOCAIS DE ATENDIMENTO:<\/h3>\n<p>Equipe de Biblioteca \u2013 2\u00ba andar, sala 207.<br \/>\nEquipe de Documenta\u00e7\u00e3o do Legislativo \u2013 2\u00ba andar, sala 204.<br \/>\nEquipe de Arquivo Geral \u2013 1\u00ba subsolo, sala 1S 35.<\/p>\n","protected":false},"excerpt":{"rendered":"<p>A Secretaria de Documenta\u00e7\u00e3o mant\u00e9m e disponibiliza diversas cole\u00e7\u00f5es de documentos. O acesso a esse material \u00e9 feito por meio de bases de dados e da consulta direta ao acervo&#8230;  <a class=\"excerpt-read-more\" href=\"https:\/\/homolog.saopaulo.sp.leg.br\/documentacao\/produtos-e-servicos\/consulta-as-colecoes\/\" title=\"Leia Consulta \u00e0s Cole\u00e7\u00f5es\">Leia mais &raquo;<\/a><\/p>\n","protected":false},"author":544,"featured_media":0,"parent":1179,"menu_order":0,"comment_status":"closed","ping_status":"closed","template":"page-menuprodutos.php","meta":{"_acf_changed":false,"footnotes":""},"class_list":["post-1192","page","type-page","status-publish","hentry"],"acf":[],"yoast_head":"<!-- This site is optimized with the Yoast SEO plugin v27.4 - https:\/\/yoast.com\/product\/yoast-seo-wordpress\/ -->\r\n<title>Consulta \u00e0s Cole\u00e7\u00f5es - Biblioteca e Documenta\u00e7\u00e3o<\/title>\r\n<meta name=\"robots\" content=\"noindex, follow, max-snippet:-1, max-image-preview:large, max-video-preview:-1\" \/>\r\n<meta property=\"og:locale\" content=\"pt_BR\" \/>\r\n<meta property=\"og:type\" content=\"article\" \/>\r\n<meta property=\"og:title\" content=\"Consulta \u00e0s Cole\u00e7\u00f5es - Biblioteca e Documenta\u00e7\u00e3o\" \/>\r\n<meta property=\"og:description\" content=\"A Secretaria de Documenta\u00e7\u00e3o mant\u00e9m e disponibiliza diversas cole\u00e7\u00f5es de documentos. O acesso a esse material \u00e9 feito por meio de bases de dados e da consulta direta ao acervo... Leia mais &raquo;\" \/>\r\n<meta property=\"og:url\" content=\"https:\/\/www.saopaulo.sp.leg.br\/documentacao\/produtos-e-servicos\/consulta-as-colecoes\/\" \/>\r\n<meta property=\"og:site_name\" content=\"Biblioteca e Documenta\u00e7\u00e3o\" \/>\r\n<meta property=\"article:modified_time\" content=\"2023-08-08T20:54:15+00:00\" \/>\r\n<meta property=\"og:image\" content=\"https:\/\/www.saopaulo.sp.leg.br\/documentacao\/wp-content\/uploads\/sites\/34\/2023\/08\/SiteSGP3-Consulta001-1024x683.jpg\" \/>\r\n<meta name=\"twitter:card\" content=\"summary_large_image\" \/>\r\n<meta name=\"twitter:label1\" content=\"Est. tempo de leitura\" \/>\n\t<meta name=\"twitter:data1\" content=\"4 minutos\" \/>\r\n<script type=\"application\/ld+json\" class=\"yoast-schema-graph\">{\"@context\":\"https:\\\/\\\/schema.org\",\"@graph\":[{\"@type\":\"WebPage\",\"@id\":\"https:\\\/\\\/www.saopaulo.sp.leg.br\\\/documentacao\\\/produtos-e-servicos\\\/consulta-as-colecoes\\\/\",\"url\":\"https:\\\/\\\/www.saopaulo.sp.leg.br\\\/documentacao\\\/produtos-e-servicos\\\/consulta-as-colecoes\\\/\",\"name\":\"Consulta \u00e0s Cole\u00e7\u00f5es - Biblioteca e Documenta\u00e7\u00e3o\",\"isPartOf\":{\"@id\":\"https:\\\/\\\/homolog.saopaulo.sp.leg.br\\\/documentacao\\\/#website\"},\"primaryImageOfPage\":{\"@id\":\"https:\\\/\\\/www.saopaulo.sp.leg.br\\\/documentacao\\\/produtos-e-servicos\\\/consulta-as-colecoes\\\/#primaryimage\"},\"image\":{\"@id\":\"https:\\\/\\\/www.saopaulo.sp.leg.br\\\/documentacao\\\/produtos-e-servicos\\\/consulta-as-colecoes\\\/#primaryimage\"},\"thumbnailUrl\":\"https:\\\/\\\/homolog.saopaulo.sp.leg.br\\\/documentacao\\\/wp-content\\\/uploads\\\/sites\\\/34\\\/2023\\\/08\\\/SiteSGP3-Consulta001-1024x683.jpg\",\"datePublished\":\"2020-06-30T12:17:08+00:00\",\"dateModified\":\"2023-08-08T20:54:15+00:00\",\"breadcrumb\":{\"@id\":\"https:\\\/\\\/www.saopaulo.sp.leg.br\\\/documentacao\\\/produtos-e-servicos\\\/consulta-as-colecoes\\\/#breadcrumb\"},\"inLanguage\":\"pt-BR\",\"potentialAction\":[{\"@type\":\"ReadAction\",\"target\":[\"https:\\\/\\\/www.saopaulo.sp.leg.br\\\/documentacao\\\/produtos-e-servicos\\\/consulta-as-colecoes\\\/\"]}]},{\"@type\":\"ImageObject\",\"inLanguage\":\"pt-BR\",\"@id\":\"https:\\\/\\\/www.saopaulo.sp.leg.br\\\/documentacao\\\/produtos-e-servicos\\\/consulta-as-colecoes\\\/#primaryimage\",\"url\":\"https:\\\/\\\/homolog.saopaulo.sp.leg.br\\\/documentacao\\\/wp-content\\\/uploads\\\/sites\\\/34\\\/2023\\\/08\\\/SiteSGP3-Consulta001-1024x683.jpg\",\"contentUrl\":\"https:\\\/\\\/homolog.saopaulo.sp.leg.br\\\/documentacao\\\/wp-content\\\/uploads\\\/sites\\\/34\\\/2023\\\/08\\\/SiteSGP3-Consulta001-1024x683.jpg\"},{\"@type\":\"BreadcrumbList\",\"@id\":\"https:\\\/\\\/www.saopaulo.sp.leg.br\\\/documentacao\\\/produtos-e-servicos\\\/consulta-as-colecoes\\\/#breadcrumb\",\"itemListElement\":[{\"@type\":\"ListItem\",\"position\":1,\"name\":\"In\u00edcio\",\"item\":\"https:\\\/\\\/www.saopaulo.sp.leg.br\\\/documentacao\\\/\"},{\"@type\":\"ListItem\",\"position\":2,\"name\":\"Produtos e Servi\u00e7os\",\"item\":\"https:\\\/\\\/www.saopaulo.sp.leg.br\\\/documentacao\\\/produtos-e-servicos\\\/\"},{\"@type\":\"ListItem\",\"position\":3,\"name\":\"Consulta \u00e0s Cole\u00e7\u00f5es\"}]},{\"@type\":\"WebSite\",\"@id\":\"https:\\\/\\\/homolog.saopaulo.sp.leg.br\\\/documentacao\\\/#website\",\"url\":\"https:\\\/\\\/homolog.saopaulo.sp.leg.br\\\/documentacao\\\/\",\"name\":\"Biblioteca e Documenta\u00e7\u00e3o\",\"description\":\"Secretaria de Documenta\u00e7\u00e3o\",\"potentialAction\":[{\"@type\":\"SearchAction\",\"target\":{\"@type\":\"EntryPoint\",\"urlTemplate\":\"https:\\\/\\\/homolog.saopaulo.sp.leg.br\\\/documentacao\\\/?s={search_term_string}\"},\"query-input\":{\"@type\":\"PropertyValueSpecification\",\"valueRequired\":true,\"valueName\":\"search_term_string\"}}],\"inLanguage\":\"pt-BR\"}]}<\/script>\r\n<!-- \/ Yoast SEO plugin. -->","yoast_head_json":{"title":"Consulta \u00e0s Cole\u00e7\u00f5es - Biblioteca e Documenta\u00e7\u00e3o","robots":{"index":"noindex","follow":"follow","max-snippet":"max-snippet:-1","max-image-preview":"max-image-preview:large","max-video-preview":"max-video-preview:-1"},"og_locale":"pt_BR","og_type":"article","og_title":"Consulta \u00e0s Cole\u00e7\u00f5es - Biblioteca e Documenta\u00e7\u00e3o","og_description":"A Secretaria de Documenta\u00e7\u00e3o mant\u00e9m e disponibiliza diversas cole\u00e7\u00f5es de documentos. O acesso a esse material \u00e9 feito por meio de bases de dados e da consulta direta ao acervo... Leia mais &raquo;","og_url":"https:\/\/www.saopaulo.sp.leg.br\/documentacao\/produtos-e-servicos\/consulta-as-colecoes\/","og_site_name":"Biblioteca e Documenta\u00e7\u00e3o","article_modified_time":"2023-08-08T20:54:15+00:00","og_image":[{"url":"https:\/\/www.saopaulo.sp.leg.br\/documentacao\/wp-content\/uploads\/sites\/34\/2023\/08\/SiteSGP3-Consulta001-1024x683.jpg","type":"","width":"","height":""}],"twitter_card":"summary_large_image","twitter_misc":{"Est. tempo de leitura":"4 minutos"},"schema":{"@context":"https:\/\/schema.org","@graph":[{"@type":"WebPage","@id":"https:\/\/www.saopaulo.sp.leg.br\/documentacao\/produtos-e-servicos\/consulta-as-colecoes\/","url":"https:\/\/www.saopaulo.sp.leg.br\/documentacao\/produtos-e-servicos\/consulta-as-colecoes\/","name":"Consulta \u00e0s Cole\u00e7\u00f5es - Biblioteca e Documenta\u00e7\u00e3o","isPartOf":{"@id":"https:\/\/homolog.saopaulo.sp.leg.br\/documentacao\/#website"},"primaryImageOfPage":{"@id":"https:\/\/www.saopaulo.sp.leg.br\/documentacao\/produtos-e-servicos\/consulta-as-colecoes\/#primaryimage"},"image":{"@id":"https:\/\/www.saopaulo.sp.leg.br\/documentacao\/produtos-e-servicos\/consulta-as-colecoes\/#primaryimage"},"thumbnailUrl":"https:\/\/homolog.saopaulo.sp.leg.br\/documentacao\/wp-content\/uploads\/sites\/34\/2023\/08\/SiteSGP3-Consulta001-1024x683.jpg","datePublished":"2020-06-30T12:17:08+00:00","dateModified":"2023-08-08T20:54:15+00:00","breadcrumb":{"@id":"https:\/\/www.saopaulo.sp.leg.br\/documentacao\/produtos-e-servicos\/consulta-as-colecoes\/#breadcrumb"},"inLanguage":"pt-BR","potentialAction":[{"@type":"ReadAction","target":["https:\/\/www.saopaulo.sp.leg.br\/documentacao\/produtos-e-servicos\/consulta-as-colecoes\/"]}]},{"@type":"ImageObject","inLanguage":"pt-BR","@id":"https:\/\/www.saopaulo.sp.leg.br\/documentacao\/produtos-e-servicos\/consulta-as-colecoes\/#primaryimage","url":"https:\/\/homolog.saopaulo.sp.leg.br\/documentacao\/wp-content\/uploads\/sites\/34\/2023\/08\/SiteSGP3-Consulta001-1024x683.jpg","contentUrl":"https:\/\/homolog.saopaulo.sp.leg.br\/documentacao\/wp-content\/uploads\/sites\/34\/2023\/08\/SiteSGP3-Consulta001-1024x683.jpg"},{"@type":"BreadcrumbList","@id":"https:\/\/www.saopaulo.sp.leg.br\/documentacao\/produtos-e-servicos\/consulta-as-colecoes\/#breadcrumb","itemListElement":[{"@type":"ListItem","position":1,"name":"In\u00edcio","item":"https:\/\/www.saopaulo.sp.leg.br\/documentacao\/"},{"@type":"ListItem","position":2,"name":"Produtos e Servi\u00e7os","item":"https:\/\/www.saopaulo.sp.leg.br\/documentacao\/produtos-e-servicos\/"},{"@type":"ListItem","position":3,"name":"Consulta \u00e0s Cole\u00e7\u00f5es"}]},{"@type":"WebSite","@id":"https:\/\/homolog.saopaulo.sp.leg.br\/documentacao\/#website","url":"https:\/\/homolog.saopaulo.sp.leg.br\/documentacao\/","name":"Biblioteca e Documenta\u00e7\u00e3o","description":"Secretaria de Documenta\u00e7\u00e3o","potentialAction":[{"@type":"SearchAction","target":{"@type":"EntryPoint","urlTemplate":"https:\/\/homolog.saopaulo.sp.leg.br\/documentacao\/?s={search_term_string}"},"query-input":{"@type":"PropertyValueSpecification","valueRequired":true,"valueName":"search_term_string"}}],"inLanguage":"pt-BR"}]}},"_links":{"self":[{"href":"https:\/\/homolog.saopaulo.sp.leg.br\/documentacao\/wp-json\/wp\/v2\/pages\/1192","targetHints":{"allow":["GET"]}}],"collection":[{"href":"https:\/\/homolog.saopaulo.sp.leg.br\/documentacao\/wp-json\/wp\/v2\/pages"}],"about":[{"href":"https:\/\/homolog.saopaulo.sp.leg.br\/documentacao\/wp-json\/wp\/v2\/types\/page"}],"author":[{"embeddable":true,"href":"https:\/\/homolog.saopaulo.sp.leg.br\/documentacao\/wp-json\/wp\/v2\/users\/544"}],"replies":[{"embeddable":true,"href":"https:\/\/homolog.saopaulo.sp.leg.br\/documentacao\/wp-json\/wp\/v2\/comments?post=1192"}],"version-history":[{"count":7,"href":"https:\/\/homolog.saopaulo.sp.leg.br\/documentacao\/wp-json\/wp\/v2\/pages\/1192\/revisions"}],"predecessor-version":[{"id":3023,"href":"https:\/\/homolog.saopaulo.sp.leg.br\/documentacao\/wp-json\/wp\/v2\/pages\/1192\/revisions\/3023"}],"up":[{"embeddable":true,"href":"https:\/\/homolog.saopaulo.sp.leg.br\/documentacao\/wp-json\/wp\/v2\/pages\/1179"}],"wp:attachment":[{"href":"https:\/\/homolog.saopaulo.sp.leg.br\/documentacao\/wp-json\/wp\/v2\/media?parent=1192"}],"curies":[{"name":"wp","href":"https:\/\/api.w.org\/{rel}","templated":true}]}}