{"id":1200,"date":"2020-06-30T09:19:41","date_gmt":"2020-06-30T12:19:41","guid":{"rendered":"http:\/\/homolog.saopaulo.sp.leg.br\/biblioteca-novo\/?page_id=1200"},"modified":"2025-05-20T18:16:16","modified_gmt":"2025-05-20T21:16:16","slug":"dossies-de-pesquisa","status":"publish","type":"page","link":"https:\/\/homolog.saopaulo.sp.leg.br\/documentacao\/produtos-e-servicos\/dossies-de-pesquisa\/","title":{"rendered":"Dossi\u00eas de Pesquisa"},"content":{"rendered":"<p>Os dossi\u00eas de pesquisa da Secretaria de Documenta\u00e7\u00e3o re\u00fanem resultados de busca por temas solicitados com frequ\u00eancia por usu\u00e1rios em atendimento, e tamb\u00e9m relat\u00f3rios desenvolvidos a partir de dados presentes nas ferramentas de pesquisa da Secretaria e em fontes complementares, mas que demandam esfor\u00e7os ou estrat\u00e9gias especiais para elabora\u00e7\u00e3o.<\/p>\n<p>Estas pesquisas s\u00e3o apresentadas no formato de compila\u00e7\u00f5es de normas jur\u00eddicas, levantamentos bibliogr\u00e1ficos ou tabelas de dados.<\/p>\n<p>A atualiza\u00e7\u00e3o dos conte\u00fados \u00e9 realizada periodicamente, com \u00faltima data de revis\u00e3o informada no pr\u00f3prio documento.<\/p>\n<p>A inclus\u00e3o dos dossi\u00eas nesta p\u00e1gina est\u00e1 sendo feita de maneira progressiva.<\/p>\n<ul>\n<li><strong><a href=\"https:\/\/homolog.saopaulo.sp.leg.br\/documentacao\/wp-content\/uploads\/sites\/34\/2023\/08\/Dossie-Legislacao-Calcadas.pdf\" target=\"_blank\" rel=\"noopener\">Dossi\u00ea Cal\u00e7adas: levantamento da legisla\u00e7\u00e3o municipal de S\u00e3o Paulo<\/a>.<\/strong><\/li>\n<li><strong><a href=\"https:\/\/homolog.saopaulo.sp.leg.br\/documentacao\/wp-content\/uploads\/sites\/34\/2023\/08\/Dossie-Honrarias-Premios-Trofeus-ambito-da-Camara-Municipal-de-Sao-Paulo-2023-08.pdf\" target=\"_blank\" rel=\"noopener\">Dossi\u00ea Honrarias, Pr\u00eamios e Trof\u00e9us do \u00e2mbito da C\u00e2mara Municipal de S\u00e3o Paulo.<\/a><\/strong><\/li>\n<li><strong><a href=\"http:\/\/homolog.saopaulo.sp.leg.br\/documentacao\/wp-content\/uploads\/sites\/34\/2025\/01\/Dossie-PrefeitosLista2025.pdf\" target=\"_blank\" rel=\"noopener\">Dossi\u00ea Prefeitos da cidade de S\u00e3o Paulo<\/a>.<\/strong><\/li>\n<li><strong><a href=\"http:\/\/homolog.saopaulo.sp.leg.br\/documentacao\/wp-content\/uploads\/sites\/34\/2025\/01\/Presidentes-da-CMSP-1892-2025.pdf\" target=\"_blank\" rel=\"noopener\">Dossi\u00ea Presidentes da C\u00e2mara Municipal de S\u00e3o Paulo<\/a>.<\/strong><\/li>\n<li><strong><a href=\"http:\/\/homolog.saopaulo.sp.leg.br\/documentacao\/wp-content\/uploads\/sites\/34\/2025\/01\/Vereadoras-20250115.pdf\" target=\"_blank\" rel=\"noopener\">Dossi\u00ea Vereadoras da C\u00e2mara Municipal de S\u00e3o Paulo<\/a>.<\/strong><\/li>\n<li><strong><a href=\"http:\/\/homolog.saopaulo.sp.leg.br\/documentacao\/wp-content\/uploads\/sites\/34\/2025\/05\/Vereadores-2025.pdf\" target=\"_blank\" rel=\"noopener\">Dossi\u00ea Vereadores 2025<\/a>.<\/strong><\/li>\n<\/ul>\n","protected":false},"excerpt":{"rendered":"<p>Os dossi\u00eas de pesquisa da Secretaria de Documenta\u00e7\u00e3o re\u00fanem resultados de busca por temas solicitados com frequ\u00eancia por usu\u00e1rios em atendimento, e tamb\u00e9m relat\u00f3rios desenvolvidos a partir de dados presentes&#8230;  <a class=\"excerpt-read-more\" href=\"https:\/\/homolog.saopaulo.sp.leg.br\/documentacao\/produtos-e-servicos\/dossies-de-pesquisa\/\" title=\"Leia Dossi\u00eas de Pesquisa\">Leia mais &raquo;<\/a><\/p>\n","protected":false},"author":544,"featured_media":0,"parent":1179,"menu_order":0,"comment_status":"closed","ping_status":"closed","template":"page-menuprodutos.php","meta":{"_acf_changed":false,"footnotes":""},"class_list":["post-1200","page","type-page","status-publish","hentry"],"acf":[],"yoast_head":"<!-- This site is optimized with the Yoast SEO plugin v27.4 - https:\/\/yoast.com\/product\/yoast-seo-wordpress\/ -->\r\n<title>Dossi\u00eas de Pesquisa - Biblioteca e Documenta\u00e7\u00e3o<\/title>\r\n<meta name=\"robots\" content=\"noindex, follow, max-snippet:-1, max-image-preview:large, max-video-preview:-1\" \/>\r\n<meta property=\"og:locale\" content=\"pt_BR\" \/>\r\n<meta property=\"og:type\" content=\"article\" \/>\r\n<meta property=\"og:title\" content=\"Dossi\u00eas de Pesquisa - Biblioteca e Documenta\u00e7\u00e3o\" \/>\r\n<meta property=\"og:description\" content=\"Os dossi\u00eas de pesquisa da Secretaria de Documenta\u00e7\u00e3o re\u00fanem resultados de busca por temas solicitados com frequ\u00eancia por usu\u00e1rios em atendimento, e tamb\u00e9m relat\u00f3rios desenvolvidos a partir de dados presentes... Leia mais &raquo;\" \/>\r\n<meta property=\"og:url\" content=\"https:\/\/www.saopaulo.sp.leg.br\/documentacao\/produtos-e-servicos\/dossies-de-pesquisa\/\" \/>\r\n<meta property=\"og:site_name\" content=\"Biblioteca e Documenta\u00e7\u00e3o\" \/>\r\n<meta property=\"article:modified_time\" content=\"2025-05-20T21:16:16+00:00\" \/>\r\n<meta name=\"twitter:card\" content=\"summary_large_image\" \/>\r\n<meta name=\"twitter:label1\" content=\"Est. tempo de leitura\" \/>\n\t<meta name=\"twitter:data1\" content=\"1 minuto\" \/>\r\n<script type=\"application\/ld+json\" class=\"yoast-schema-graph\">{\"@context\":\"https:\\\/\\\/schema.org\",\"@graph\":[{\"@type\":\"WebPage\",\"@id\":\"https:\\\/\\\/www.saopaulo.sp.leg.br\\\/documentacao\\\/produtos-e-servicos\\\/dossies-de-pesquisa\\\/\",\"url\":\"https:\\\/\\\/www.saopaulo.sp.leg.br\\\/documentacao\\\/produtos-e-servicos\\\/dossies-de-pesquisa\\\/\",\"name\":\"Dossi\u00eas de Pesquisa - Biblioteca e Documenta\u00e7\u00e3o\",\"isPartOf\":{\"@id\":\"https:\\\/\\\/homolog.saopaulo.sp.leg.br\\\/documentacao\\\/#website\"},\"datePublished\":\"2020-06-30T12:19:41+00:00\",\"dateModified\":\"2025-05-20T21:16:16+00:00\",\"breadcrumb\":{\"@id\":\"https:\\\/\\\/www.saopaulo.sp.leg.br\\\/documentacao\\\/produtos-e-servicos\\\/dossies-de-pesquisa\\\/#breadcrumb\"},\"inLanguage\":\"pt-BR\",\"potentialAction\":[{\"@type\":\"ReadAction\",\"target\":[\"https:\\\/\\\/www.saopaulo.sp.leg.br\\\/documentacao\\\/produtos-e-servicos\\\/dossies-de-pesquisa\\\/\"]}]},{\"@type\":\"BreadcrumbList\",\"@id\":\"https:\\\/\\\/www.saopaulo.sp.leg.br\\\/documentacao\\\/produtos-e-servicos\\\/dossies-de-pesquisa\\\/#breadcrumb\",\"itemListElement\":[{\"@type\":\"ListItem\",\"position\":1,\"name\":\"In\u00edcio\",\"item\":\"https:\\\/\\\/www.saopaulo.sp.leg.br\\\/documentacao\\\/\"},{\"@type\":\"ListItem\",\"position\":2,\"name\":\"Produtos e Servi\u00e7os\",\"item\":\"https:\\\/\\\/www.saopaulo.sp.leg.br\\\/documentacao\\\/produtos-e-servicos\\\/\"},{\"@type\":\"ListItem\",\"position\":3,\"name\":\"Dossi\u00eas de Pesquisa\"}]},{\"@type\":\"WebSite\",\"@id\":\"https:\\\/\\\/homolog.saopaulo.sp.leg.br\\\/documentacao\\\/#website\",\"url\":\"https:\\\/\\\/homolog.saopaulo.sp.leg.br\\\/documentacao\\\/\",\"name\":\"Biblioteca e Documenta\u00e7\u00e3o\",\"description\":\"Secretaria de Documenta\u00e7\u00e3o\",\"potentialAction\":[{\"@type\":\"SearchAction\",\"target\":{\"@type\":\"EntryPoint\",\"urlTemplate\":\"https:\\\/\\\/homolog.saopaulo.sp.leg.br\\\/documentacao\\\/?s={search_term_string}\"},\"query-input\":{\"@type\":\"PropertyValueSpecification\",\"valueRequired\":true,\"valueName\":\"search_term_string\"}}],\"inLanguage\":\"pt-BR\"}]}<\/script>\r\n<!-- \/ Yoast SEO plugin. -->","yoast_head_json":{"title":"Dossi\u00eas de Pesquisa - Biblioteca e Documenta\u00e7\u00e3o","robots":{"index":"noindex","follow":"follow","max-snippet":"max-snippet:-1","max-image-preview":"max-image-preview:large","max-video-preview":"max-video-preview:-1"},"og_locale":"pt_BR","og_type":"article","og_title":"Dossi\u00eas de Pesquisa - Biblioteca e Documenta\u00e7\u00e3o","og_description":"Os dossi\u00eas de pesquisa da Secretaria de Documenta\u00e7\u00e3o re\u00fanem resultados de busca por temas solicitados com frequ\u00eancia por usu\u00e1rios em atendimento, e tamb\u00e9m relat\u00f3rios desenvolvidos a partir de dados presentes... Leia mais &raquo;","og_url":"https:\/\/www.saopaulo.sp.leg.br\/documentacao\/produtos-e-servicos\/dossies-de-pesquisa\/","og_site_name":"Biblioteca e Documenta\u00e7\u00e3o","article_modified_time":"2025-05-20T21:16:16+00:00","twitter_card":"summary_large_image","twitter_misc":{"Est. tempo de leitura":"1 minuto"},"schema":{"@context":"https:\/\/schema.org","@graph":[{"@type":"WebPage","@id":"https:\/\/www.saopaulo.sp.leg.br\/documentacao\/produtos-e-servicos\/dossies-de-pesquisa\/","url":"https:\/\/www.saopaulo.sp.leg.br\/documentacao\/produtos-e-servicos\/dossies-de-pesquisa\/","name":"Dossi\u00eas de Pesquisa - Biblioteca e Documenta\u00e7\u00e3o","isPartOf":{"@id":"https:\/\/homolog.saopaulo.sp.leg.br\/documentacao\/#website"},"datePublished":"2020-06-30T12:19:41+00:00","dateModified":"2025-05-20T21:16:16+00:00","breadcrumb":{"@id":"https:\/\/www.saopaulo.sp.leg.br\/documentacao\/produtos-e-servicos\/dossies-de-pesquisa\/#breadcrumb"},"inLanguage":"pt-BR","potentialAction":[{"@type":"ReadAction","target":["https:\/\/www.saopaulo.sp.leg.br\/documentacao\/produtos-e-servicos\/dossies-de-pesquisa\/"]}]},{"@type":"BreadcrumbList","@id":"https:\/\/www.saopaulo.sp.leg.br\/documentacao\/produtos-e-servicos\/dossies-de-pesquisa\/#breadcrumb","itemListElement":[{"@type":"ListItem","position":1,"name":"In\u00edcio","item":"https:\/\/www.saopaulo.sp.leg.br\/documentacao\/"},{"@type":"ListItem","position":2,"name":"Produtos e Servi\u00e7os","item":"https:\/\/www.saopaulo.sp.leg.br\/documentacao\/produtos-e-servicos\/"},{"@type":"ListItem","position":3,"name":"Dossi\u00eas de Pesquisa"}]},{"@type":"WebSite","@id":"https:\/\/homolog.saopaulo.sp.leg.br\/documentacao\/#website","url":"https:\/\/homolog.saopaulo.sp.leg.br\/documentacao\/","name":"Biblioteca e Documenta\u00e7\u00e3o","description":"Secretaria de Documenta\u00e7\u00e3o","potentialAction":[{"@type":"SearchAction","target":{"@type":"EntryPoint","urlTemplate":"https:\/\/homolog.saopaulo.sp.leg.br\/documentacao\/?s={search_term_string}"},"query-input":{"@type":"PropertyValueSpecification","valueRequired":true,"valueName":"search_term_string"}}],"inLanguage":"pt-BR"}]}},"_links":{"self":[{"href":"https:\/\/homolog.saopaulo.sp.leg.br\/documentacao\/wp-json\/wp\/v2\/pages\/1200","targetHints":{"allow":["GET"]}}],"collection":[{"href":"https:\/\/homolog.saopaulo.sp.leg.br\/documentacao\/wp-json\/wp\/v2\/pages"}],"about":[{"href":"https:\/\/homolog.saopaulo.sp.leg.br\/documentacao\/wp-json\/wp\/v2\/types\/page"}],"author":[{"embeddable":true,"href":"https:\/\/homolog.saopaulo.sp.leg.br\/documentacao\/wp-json\/wp\/v2\/users\/544"}],"replies":[{"embeddable":true,"href":"https:\/\/homolog.saopaulo.sp.leg.br\/documentacao\/wp-json\/wp\/v2\/comments?post=1200"}],"version-history":[{"count":6,"href":"https:\/\/homolog.saopaulo.sp.leg.br\/documentacao\/wp-json\/wp\/v2\/pages\/1200\/revisions"}],"predecessor-version":[{"id":3617,"href":"https:\/\/homolog.saopaulo.sp.leg.br\/documentacao\/wp-json\/wp\/v2\/pages\/1200\/revisions\/3617"}],"up":[{"embeddable":true,"href":"https:\/\/homolog.saopaulo.sp.leg.br\/documentacao\/wp-json\/wp\/v2\/pages\/1179"}],"wp:attachment":[{"href":"https:\/\/homolog.saopaulo.sp.leg.br\/documentacao\/wp-json\/wp\/v2\/media?parent=1200"}],"curies":[{"name":"wp","href":"https:\/\/api.w.org\/{rel}","templated":true}]}}