{"id":1202,"date":"2020-06-30T09:20:15","date_gmt":"2020-06-30T12:20:15","guid":{"rendered":"http:\/\/homolog.saopaulo.sp.leg.br\/biblioteca-novo\/?page_id=1202"},"modified":"2023-08-08T17:17:48","modified_gmt":"2023-08-08T20:17:48","slug":"historia-e-memoria","status":"publish","type":"page","link":"https:\/\/homolog.saopaulo.sp.leg.br\/documentacao\/produtos-e-servicos\/historia-e-memoria\/","title":{"rendered":"Hist\u00f3ria e Mem\u00f3ria"},"content":{"rendered":"<p>As origens da C\u00e2mara Municipal de S\u00e3o Paulo remontam ao s\u00e9culo XVI. Ao longo do tempo, foram produzidos muitos registros que se tornaram fontes ricas para o conhecimento das atividades da institui\u00e7\u00e3o, que est\u00e1 entrela\u00e7ada com as transforma\u00e7\u00f5es pelas quais a cidade passou. Interessados na pesquisa hist\u00f3rica poder\u00e3o encontrar nos recursos a seguir informa\u00e7\u00f5es abundantes para serem analisadas. Reunimos p\u00e1ginas da internet, com fontes prim\u00e1rias, textos e publica\u00e7\u00f5es digitais. Apresentamos tamb\u00e9m uma bibliografia b\u00e1sica comentada, que ilustra as possibilidades de estudos sobre a C\u00e2mara e sua rela\u00e7\u00e3o com a cidade.<\/p>\n<h3>P\u00c1GINAS NA INTERNET<\/h3>\n<p>O portal da C\u00e2mara Municipal de S\u00e3o Paulo apresenta um <a href=\"https:\/\/homolog.saopaulo.sp.leg.br\/institucional\/publicacoes\/historico-da-camara\/\" target=\"_blank\" rel=\"noopener\">breve hist\u00f3rico da institui\u00e7\u00e3o<\/a>.<\/p>\n<p>A p\u00e1gina do <a href=\"https:\/\/homolog.saopaulo.sp.leg.br\/memoria\/\" target=\"_blank\" rel=\"noopener\">Centro de Mem\u00f3ria<\/a> re\u00fane acervos e estudos da Secretaria de Documenta\u00e7\u00e3o e produ\u00e7\u00f5es do Centro de Comunica\u00e7\u00e3o Institucional. Al\u00e9m das bases de dados da Secretaria, h\u00e1 publica\u00e7\u00f5es institucionais, artigos da revista <em>Apartes<\/em> e outros materiais relacionados \u00e0 hist\u00f3ria da C\u00e2mara. Uma linha do tempo no topo da p\u00e1gina apresenta os principais marcos hist\u00f3ricos desde o per\u00edodo colonial.<\/p>\n<p>Na <a href=\"http:\/\/homolog.saopaulo.sp.leg.br\/memoria\/pasta\/publicacoes\/\" target=\"_blank\" rel=\"noopener\">se\u00e7\u00e3o de publica\u00e7\u00f5es do Centro de Mem\u00f3ria<\/a>, destacam-se os quatro livros da cole\u00e7\u00e3o <em>Hist\u00f3ria das legislaturas contempor\u00e2neas<\/em>, que abrangem o per\u00edodo de 1948 a 1963. Estas obras apresentam textos de jornalistas, historiadores, cientistas pol\u00edticos e soci\u00f3logos. A expectativa \u00e9 que este estudo tenha continuidade com outras publica\u00e7\u00f5es.<\/p>\n<p>Outro destaque da se\u00e7\u00e3o de publica\u00e7\u00f5es do Centro de Mem\u00f3ria \u00e9 o livro <em>C\u00e2mara Municipal de S\u00e3o Paulo: panorama hist\u00f3rico<\/em>. A obra apresenta um hist\u00f3rico da institui\u00e7\u00e3o desde suas origens portuguesas no per\u00edodo colonial at\u00e9 per\u00edodos mais recentes, evidenciando-se como a hist\u00f3ria da C\u00e2mara se entrela\u00e7a com o crescimento da vila que se tornou a maior cidade do pa\u00eds.<\/p>\n<p>Informa\u00e7\u00f5es sobre essas e outras obras podem ser consultadas no item <a href=\"..\/..\/colecao\/publicacoes-institucionais\/\" target=\"_blank\" rel=\"noopener\">Publica\u00e7\u00f5es institucionais<\/a>.<\/p>\n<p>O <a href=\"https:\/\/www.prefeitura.sp.gov.br\/cidade\/secretarias\/cultura\/arquivo_historico\/\" target=\"_blank\" rel=\"noopener\">Arquivo Hist\u00f3rico Municipal<\/a> \u00e9 institui\u00e7\u00e3o parceira da Secretaria de Documenta\u00e7\u00e3o da C\u00e2mara, uma vez que preserva a documenta\u00e7\u00e3o original da C\u00e2mara do per\u00edodo colonial e imperial. Ligada \u00e0 Secretaria da Cultura do munic\u00edpio, a institui\u00e7\u00e3o \u00e9 grande refer\u00eancia para pesquisas sobre a hist\u00f3ria da cidade de S\u00e3o Paulo.<\/p>\n<h3>BIBLIOGRAFIA COMENTADA<\/h3>\n<div class=\"fichamento\">ARQUIVO HIST\u00d3RICO MUNICIPAL (S\u00e3o Paulo, SP). <strong>Guia do Arquivo Hist\u00f3rico Municipal de S\u00e3o Paulo<\/strong>. S\u00e3o Paulo: Secretaria Municipal de Cultura, 2017. Dispon\u00edvel em <a href=\"https:\/\/www.prefeitura.sp.gov.br\/cidade\/upload\/Guia%20do%20AHM_2017.pdf\" target=\"_blank\" rel=\"noopener\">https:\/\/www.prefeitura.sp.gov.br\/cidade\/upload\/Guia%20do%20AHM_2017.pdf<\/a>. Acesso em 13 set. 2021.<\/div>\n<p>Preparada pela equipe t\u00e9cnica do Arquivo Hist\u00f3rico Municipal, esta obra apresenta informa\u00e7\u00f5es sobre as principais s\u00e9ries documentais preservadas na institui\u00e7\u00e3o. A documenta\u00e7\u00e3o original mais antiga da C\u00e2mara Municipal de S\u00e3o Paulo encontra-se no acervo do Arquivo Hist\u00f3rico, com atas originais produzidas a partir de 1562. Informa\u00e7\u00f5es hist\u00f3ricas ajudam a contextualizar essa documenta\u00e7\u00e3o, que cobre todo o per\u00edodo colonial e imperial. Outras s\u00e9ries documentais de relev\u00e2ncia para a hist\u00f3ria da cidade tamb\u00e9m est\u00e3o dispon\u00edveis aos pesquisadores do acervo do Arquivo Hist\u00f3rico Municipal.<\/p>\n<div class=\"fichamento\">LEITE, Aureliano; SCANTINBURGO, Jo\u00e3o de (ed.). <strong>Hist\u00f3ria da municipalidade de S\u00e3o Paulo<\/strong>. S\u00e3o Paulo: C\u00e2mara Municipal, 1977-1978. v. 1-2.<\/div>\n<p>Publica\u00e7\u00e3o institucional que contou com a pesquisa e reflex\u00e3o de dois grandes estudiosos da realidade paulistana: Aureliano Leite e Jo\u00e3o de Scantinburgo. O primeiro volume apresenta uma interpreta\u00e7\u00e3o da hist\u00f3ria brasileira e do munic\u00edpio de S\u00e3o Paulo que situa os autores no campo do conservadorismo. Neste mesmo volume, tem in\u00edcio o estudo sobre a forma\u00e7\u00e3o do poder municipal e seus desdobramentos em S\u00e3o Paulo no per\u00edodo colonial. O segundo volume continua o estudo cronologicamente, alcan\u00e7ando o per\u00edodo do Imp\u00e9rio. Fundamentado em documenta\u00e7\u00e3o prim\u00e1ria, sobretudo as Atas e Registro Geral da C\u00e2mara Municipal, tem como interpreta\u00e7\u00e3o a ideia de hist\u00f3ria difundida pelo antigo Instituto Hist\u00f3rico e Geogr\u00e1fico de S\u00e3o Paulo.<\/p>\n<div class=\"fichamento\">MONTEIRO, John Manuel. <strong>Negros da terra:<\/strong> \u00edndios e bandeirantes nas origens de S\u00e3o Paulo. S\u00e3o Paulo: Companhia das Letras, 1994. 300 p.<\/div>\n<p>Obra cl\u00e1ssica e imperd\u00edvel sobre S\u00e3o Paulo no per\u00edodo colonial. De maneira t\u00e9cnica e abrangente, com farta documenta\u00e7\u00e3o e escrita atrativa, Monteiro recoloca o papel dos \u00edndios na hist\u00f3ria de S\u00e3o Paulo e apresenta de que maneira bandeirantes e o poder camar\u00e1rio participaram da escravid\u00e3o ind\u00edgena.<\/p>\n<div class=\"fichamento\">PRESTES FILHO, Ubirajara de Farias. Fontes hist\u00f3ricas e o legislativo paulistano. <strong>Revista do Parlamento Paulistano<\/strong>, S\u00e3o Paulo, ano 1, n. 1, p. 89-104, dezembro 2011. Dispon\u00edvel em <a href=\"https:\/\/homolog.saopaulo.sp.leg.br\/wp-content\/uploads\/2014\/11\/Revista_do_Parlamento_Numero1_dez11.pdf\" target=\"_blank\" rel=\"noopener\">https:\/\/homolog.saopaulo.sp.leg.br\/wp-content\/uploads\/2014\/11\/Revista_do_Parlamento_Numero1_dez11.pdf<\/a>. Acesso em 13 set. 2021.<\/div>\n<p>O artigo apresenta as principais fontes hist\u00f3ricas da C\u00e2mara Municipal de S\u00e3o Paulo, com destaque para as Atas e Anais da C\u00e2mara Municipal e para documentos originais produzidos durante a Primeira Rep\u00fablica. Algumas propostas de an\u00e1lise das fontes s\u00e3o apresentadas. O autor \u00e9 funcion\u00e1rio da C\u00e2mara Municipal, ocupando o cargo de Consultor T\u00e9cnico Legislativo especializado em Hist\u00f3ria.<\/p>\n<div class=\"fichamento\">PRESTES FILHO, Ubirajara de Farias; BUONAVITA, Mar\u00edlia Gabriela. O debate pol\u00edtico na C\u00e2mara Municipal de S\u00e3o Paulo em 1936 e 1937: o integralismo e a liberal-democracia. In: BAUAB, Jos\u00e9 D\u00b4Amico (org.). <strong>Paulist\u00e2nia eleitoral<\/strong>: ensaios, mem\u00f3rias, imagens. S\u00e3o Paulo: Imprensa Oficial, 2011.<\/div>\n<p>Parte de uma colet\u00e2nea de textos sobre a hist\u00f3ria pol\u00edtica de S\u00e3o Paulo, este artigo trata da curta legislatura de 1936 e 1937, que teve interessantes debates sobre o delicado momento que o pa\u00eds e o mundo viviam, com discuss\u00f5es sobre alternativas pol\u00edticas concorrentes.<\/p>\n<div class=\"fichamento\">SANTOS, D\u00e9lio Freire dos; RODRIGUES, Eduardo Ramos. <strong>C\u00e2mara Municipal de S\u00e3o Paulo: 1560-1998<\/strong>: quatro s\u00e9culos de hist\u00f3ria. S\u00e3o Paulo: Imprensa Oficial, 1998. 192 p.<\/div>\n<p>Esta obra apresenta a hist\u00f3ria da C\u00e2mara de maneira cronol\u00f3gica, com destaque para \u201cfatos not\u00e1veis ou curiosos\u201d e \u201cvereadores not\u00e1veis\u201d. Para cada s\u00e9culo, apresenta de maneira esquem\u00e1tica os principais fatos. Este livro re\u00fane muitas informa\u00e7\u00f5es interessantes e se orienta por uma vis\u00e3o memorial\u00edstica da hist\u00f3ria de S\u00e3o Paulo, exaltando grandes feitos e personalidades.<\/p>\n<div class=\"fichamento\">SILVA, Janice Theodoro da. <strong>S\u00e3o Paulo: 1554-1880<\/strong>: discurso ideol\u00f3gico e organiza\u00e7\u00e3o espacial. S\u00e3o Paulo: Moderna, 1984.<\/div>\n<p>A autora utiliza como principal fonte para sua an\u00e1lise textos das Atas da C\u00e2mara Municipal de S\u00e3o Paulo, que explicam a organiza\u00e7\u00e3o espacial da vila e cidade. \u00c9 um bom exemplo sobre como a documenta\u00e7\u00e3o da C\u00e2mara pode ser utilizada.<\/p>\n<div class=\"fichamento\">\n<p>TOLEDO, Roberto Pompeu. <strong>A capital da solid\u00e3o<\/strong>: uma hist\u00f3ria de S\u00e3o Paulo das origens a 1900. Rio de Janeiro: Objetiva, 2002.__________. <strong>A capital da vertigem<\/strong>: uma hist\u00f3ria de S\u00e3o Paulo de 1900 a 1954. Rio de Janeiro: Objetiva, 2002.<\/p>\n<\/div>\n<p>Os dois livros de Roberto Pompeu de Toledo apresentam um excelente panorama pol\u00edtico, social, cultural e econ\u00f4mico de S\u00e3o Paulo, desde as origens coloniais at\u00e9 o s\u00e9culo XX. Trata-se de uma narrativa envolvente, que emociona o leitor. Muitos aspectos sobre a C\u00e2mara Municipal, sobretudo no per\u00edodo colonial, s\u00e3o abordados pelo autor.<\/p>\n","protected":false},"excerpt":{"rendered":"<p>As origens da C\u00e2mara Municipal de S\u00e3o Paulo remontam ao s\u00e9culo XVI. Ao longo do tempo, foram produzidos muitos registros que se tornaram fontes ricas para o conhecimento das atividades&#8230;  <a class=\"excerpt-read-more\" href=\"https:\/\/homolog.saopaulo.sp.leg.br\/documentacao\/produtos-e-servicos\/historia-e-memoria\/\" title=\"Leia Hist\u00f3ria e Mem\u00f3ria\">Leia mais &raquo;<\/a><\/p>\n","protected":false},"author":544,"featured_media":0,"parent":1179,"menu_order":0,"comment_status":"closed","ping_status":"closed","template":"page-menuprodutos.php","meta":{"_acf_changed":false,"footnotes":""},"class_list":["post-1202","page","type-page","status-publish","hentry"],"acf":[],"yoast_head":"<!-- This site is optimized with the Yoast SEO plugin v27.4 - https:\/\/yoast.com\/product\/yoast-seo-wordpress\/ -->\r\n<title>Hist\u00f3ria e Mem\u00f3ria - Biblioteca e Documenta\u00e7\u00e3o<\/title>\r\n<meta name=\"robots\" content=\"noindex, follow, max-snippet:-1, max-image-preview:large, max-video-preview:-1\" \/>\r\n<meta property=\"og:locale\" content=\"pt_BR\" \/>\r\n<meta property=\"og:type\" content=\"article\" \/>\r\n<meta property=\"og:title\" content=\"Hist\u00f3ria e Mem\u00f3ria - Biblioteca e Documenta\u00e7\u00e3o\" \/>\r\n<meta property=\"og:description\" content=\"As origens da C\u00e2mara Municipal de S\u00e3o Paulo remontam ao s\u00e9culo XVI. Ao longo do tempo, foram produzidos muitos registros que se tornaram fontes ricas para o conhecimento das atividades... Leia mais &raquo;\" \/>\r\n<meta property=\"og:url\" content=\"https:\/\/www.saopaulo.sp.leg.br\/documentacao\/produtos-e-servicos\/historia-e-memoria\/\" \/>\r\n<meta property=\"og:site_name\" content=\"Biblioteca e Documenta\u00e7\u00e3o\" \/>\r\n<meta property=\"article:modified_time\" content=\"2023-08-08T20:17:48+00:00\" \/>\r\n<meta name=\"twitter:card\" content=\"summary_large_image\" \/>\r\n<meta name=\"twitter:label1\" content=\"Est. tempo de leitura\" \/>\n\t<meta name=\"twitter:data1\" content=\"6 minutos\" \/>\r\n<script type=\"application\/ld+json\" class=\"yoast-schema-graph\">{\"@context\":\"https:\\\/\\\/schema.org\",\"@graph\":[{\"@type\":\"WebPage\",\"@id\":\"https:\\\/\\\/www.saopaulo.sp.leg.br\\\/documentacao\\\/produtos-e-servicos\\\/historia-e-memoria\\\/\",\"url\":\"https:\\\/\\\/www.saopaulo.sp.leg.br\\\/documentacao\\\/produtos-e-servicos\\\/historia-e-memoria\\\/\",\"name\":\"Hist\u00f3ria e Mem\u00f3ria - Biblioteca e Documenta\u00e7\u00e3o\",\"isPartOf\":{\"@id\":\"https:\\\/\\\/homolog.saopaulo.sp.leg.br\\\/documentacao\\\/#website\"},\"datePublished\":\"2020-06-30T12:20:15+00:00\",\"dateModified\":\"2023-08-08T20:17:48+00:00\",\"breadcrumb\":{\"@id\":\"https:\\\/\\\/www.saopaulo.sp.leg.br\\\/documentacao\\\/produtos-e-servicos\\\/historia-e-memoria\\\/#breadcrumb\"},\"inLanguage\":\"pt-BR\",\"potentialAction\":[{\"@type\":\"ReadAction\",\"target\":[\"https:\\\/\\\/www.saopaulo.sp.leg.br\\\/documentacao\\\/produtos-e-servicos\\\/historia-e-memoria\\\/\"]}]},{\"@type\":\"BreadcrumbList\",\"@id\":\"https:\\\/\\\/www.saopaulo.sp.leg.br\\\/documentacao\\\/produtos-e-servicos\\\/historia-e-memoria\\\/#breadcrumb\",\"itemListElement\":[{\"@type\":\"ListItem\",\"position\":1,\"name\":\"In\u00edcio\",\"item\":\"https:\\\/\\\/www.saopaulo.sp.leg.br\\\/documentacao\\\/\"},{\"@type\":\"ListItem\",\"position\":2,\"name\":\"Produtos e Servi\u00e7os\",\"item\":\"https:\\\/\\\/www.saopaulo.sp.leg.br\\\/documentacao\\\/produtos-e-servicos\\\/\"},{\"@type\":\"ListItem\",\"position\":3,\"name\":\"Hist\u00f3ria e Mem\u00f3ria\"}]},{\"@type\":\"WebSite\",\"@id\":\"https:\\\/\\\/homolog.saopaulo.sp.leg.br\\\/documentacao\\\/#website\",\"url\":\"https:\\\/\\\/homolog.saopaulo.sp.leg.br\\\/documentacao\\\/\",\"name\":\"Biblioteca e Documenta\u00e7\u00e3o\",\"description\":\"Secretaria de Documenta\u00e7\u00e3o\",\"potentialAction\":[{\"@type\":\"SearchAction\",\"target\":{\"@type\":\"EntryPoint\",\"urlTemplate\":\"https:\\\/\\\/homolog.saopaulo.sp.leg.br\\\/documentacao\\\/?s={search_term_string}\"},\"query-input\":{\"@type\":\"PropertyValueSpecification\",\"valueRequired\":true,\"valueName\":\"search_term_string\"}}],\"inLanguage\":\"pt-BR\"}]}<\/script>\r\n<!-- \/ Yoast SEO plugin. -->","yoast_head_json":{"title":"Hist\u00f3ria e Mem\u00f3ria - Biblioteca e Documenta\u00e7\u00e3o","robots":{"index":"noindex","follow":"follow","max-snippet":"max-snippet:-1","max-image-preview":"max-image-preview:large","max-video-preview":"max-video-preview:-1"},"og_locale":"pt_BR","og_type":"article","og_title":"Hist\u00f3ria e Mem\u00f3ria - Biblioteca e Documenta\u00e7\u00e3o","og_description":"As origens da C\u00e2mara Municipal de S\u00e3o Paulo remontam ao s\u00e9culo XVI. Ao longo do tempo, foram produzidos muitos registros que se tornaram fontes ricas para o conhecimento das atividades... Leia mais &raquo;","og_url":"https:\/\/www.saopaulo.sp.leg.br\/documentacao\/produtos-e-servicos\/historia-e-memoria\/","og_site_name":"Biblioteca e Documenta\u00e7\u00e3o","article_modified_time":"2023-08-08T20:17:48+00:00","twitter_card":"summary_large_image","twitter_misc":{"Est. tempo de leitura":"6 minutos"},"schema":{"@context":"https:\/\/schema.org","@graph":[{"@type":"WebPage","@id":"https:\/\/www.saopaulo.sp.leg.br\/documentacao\/produtos-e-servicos\/historia-e-memoria\/","url":"https:\/\/www.saopaulo.sp.leg.br\/documentacao\/produtos-e-servicos\/historia-e-memoria\/","name":"Hist\u00f3ria e Mem\u00f3ria - Biblioteca e Documenta\u00e7\u00e3o","isPartOf":{"@id":"https:\/\/homolog.saopaulo.sp.leg.br\/documentacao\/#website"},"datePublished":"2020-06-30T12:20:15+00:00","dateModified":"2023-08-08T20:17:48+00:00","breadcrumb":{"@id":"https:\/\/www.saopaulo.sp.leg.br\/documentacao\/produtos-e-servicos\/historia-e-memoria\/#breadcrumb"},"inLanguage":"pt-BR","potentialAction":[{"@type":"ReadAction","target":["https:\/\/www.saopaulo.sp.leg.br\/documentacao\/produtos-e-servicos\/historia-e-memoria\/"]}]},{"@type":"BreadcrumbList","@id":"https:\/\/www.saopaulo.sp.leg.br\/documentacao\/produtos-e-servicos\/historia-e-memoria\/#breadcrumb","itemListElement":[{"@type":"ListItem","position":1,"name":"In\u00edcio","item":"https:\/\/www.saopaulo.sp.leg.br\/documentacao\/"},{"@type":"ListItem","position":2,"name":"Produtos e Servi\u00e7os","item":"https:\/\/www.saopaulo.sp.leg.br\/documentacao\/produtos-e-servicos\/"},{"@type":"ListItem","position":3,"name":"Hist\u00f3ria e Mem\u00f3ria"}]},{"@type":"WebSite","@id":"https:\/\/homolog.saopaulo.sp.leg.br\/documentacao\/#website","url":"https:\/\/homolog.saopaulo.sp.leg.br\/documentacao\/","name":"Biblioteca e Documenta\u00e7\u00e3o","description":"Secretaria de Documenta\u00e7\u00e3o","potentialAction":[{"@type":"SearchAction","target":{"@type":"EntryPoint","urlTemplate":"https:\/\/homolog.saopaulo.sp.leg.br\/documentacao\/?s={search_term_string}"},"query-input":{"@type":"PropertyValueSpecification","valueRequired":true,"valueName":"search_term_string"}}],"inLanguage":"pt-BR"}]}},"_links":{"self":[{"href":"https:\/\/homolog.saopaulo.sp.leg.br\/documentacao\/wp-json\/wp\/v2\/pages\/1202","targetHints":{"allow":["GET"]}}],"collection":[{"href":"https:\/\/homolog.saopaulo.sp.leg.br\/documentacao\/wp-json\/wp\/v2\/pages"}],"about":[{"href":"https:\/\/homolog.saopaulo.sp.leg.br\/documentacao\/wp-json\/wp\/v2\/types\/page"}],"author":[{"embeddable":true,"href":"https:\/\/homolog.saopaulo.sp.leg.br\/documentacao\/wp-json\/wp\/v2\/users\/544"}],"replies":[{"embeddable":true,"href":"https:\/\/homolog.saopaulo.sp.leg.br\/documentacao\/wp-json\/wp\/v2\/comments?post=1202"}],"version-history":[{"count":7,"href":"https:\/\/homolog.saopaulo.sp.leg.br\/documentacao\/wp-json\/wp\/v2\/pages\/1202\/revisions"}],"predecessor-version":[{"id":3007,"href":"https:\/\/homolog.saopaulo.sp.leg.br\/documentacao\/wp-json\/wp\/v2\/pages\/1202\/revisions\/3007"}],"up":[{"embeddable":true,"href":"https:\/\/homolog.saopaulo.sp.leg.br\/documentacao\/wp-json\/wp\/v2\/pages\/1179"}],"wp:attachment":[{"href":"https:\/\/homolog.saopaulo.sp.leg.br\/documentacao\/wp-json\/wp\/v2\/media?parent=1202"}],"curies":[{"name":"wp","href":"https:\/\/api.w.org\/{rel}","templated":true}]}}