{"id":1336,"date":"2020-10-16T14:11:48","date_gmt":"2020-10-16T17:11:48","guid":{"rendered":"http:\/\/homolog.saopaulo.sp.leg.br\/biblioteca-novo\/?page_id=1336"},"modified":"2023-08-10T13:46:44","modified_gmt":"2023-08-10T16:46:44","slug":"vereadores","status":"publish","type":"page","link":"https:\/\/homolog.saopaulo.sp.leg.br\/documentacao\/pesquisa\/vereadores\/","title":{"rendered":"Vereadores"},"content":{"rendered":"<p>A <strong><a href=\"http:\/\/saopaulo.sp.leg.br\/cgi-bin\/wxis.bin\/iah\/scripts\/?IsisScript=iah.xis&amp;lang=pt&amp;base=verea\" target=\"_blank\" rel=\"noopener\">base de dados de Vereadores<\/a><\/strong> cont\u00e9m informa\u00e7\u00f5es compiladas pela Biblioteca da C\u00e2mara Municipal de S\u00e3o Paulo sobre os vereadores do munic\u00edpio desde o ano de 1892.<\/p>\n<p>Por meio desta base de dados \u00e9 poss\u00edvel obter dados eleitorais, per\u00edodos de verean\u00e7a e participa\u00e7\u00f5es em Comiss\u00f5es Permanentes dos Vereadores. Al\u00e9m disso, pode-se consultar as composi\u00e7\u00f5es das legislaturas e das Mesas Diretoras ao longo da hist\u00f3ria contempor\u00e2nea da Casa.<\/p>\n<p>\u00c9 poss\u00edvel pesquisar por:<\/p>\n<ul>\n<li>Nome do vereador.<\/li>\n<li>Ano ou n\u00famero da legislatura.<\/li>\n<li>Ano da Mesa Diretora.<\/li>\n<\/ul>\n<p>Para informa\u00e7\u00f5es complementares dos Vereadores atuais (biografia, contato), <a href=\"https:\/\/homolog.saopaulo.sp.leg.br\/vereadores\/\" rel=\"noopener\">clique aqui<\/a>.<\/p>\n<p>Para assistir a entrevistas com ex-Vereadores no programa \u201cVossa Excel\u00eancia, a Mem\u00f3ria\u201d, produzido pela Rede C\u00e2mara SP, inscreva-se no canal da C\u00e2mara no YouTube e assista \u00e0 <a href=\"https:\/\/www.youtube.com\/results?search_query=vossa+excelencia%2C+a+memoria+playlist\" target=\"_blank\" rel=\"noopener\">Playlist<\/a>\u00a0 com os epis\u00f3dios do programa.<\/p>\n<p>Os epis\u00f3dios in\u00e9ditos v\u00e3o ao ar todas \u00e0s quintas-feiras, \u00e0s 14h, na Rede C\u00e2mara SP (Canal 8.3 Digital) e no <a href=\"https:\/\/www.youtube.com\/camarasaopaulo\" target=\"_blank\" rel=\"noopener\">canal oficial da C\u00e2mara no YouTube<\/a>.<\/p>\n<p>&nbsp;<\/p>\n<h3>COMO PESQUISAR<\/h3>\n<div class=\"box-instrucoes\">\n<p class=\"accordion\">Instru\u00e7\u00f5es gerais<\/p>\n<div class=\"panel\">\n<ul>\n<li><b>Se a pesquisa n\u00e3o estiver aparecendo, verifique seu bloqueador de pop-ups.<\/b><\/li>\n<li><b>N\u00e3o utilize acentos ou caracteres especiais<\/b>, tais como os acentos grave (`), agudo (\u00b4), til (~), circunflexo (^), aspas (\u201c), ap\u00f3strofo (\u2018) e cedilha (\u00e7). Exemplos: Assuncao; d Ornellas.<\/li>\n<li><b>N\u00e3o utilize barras (\/) ou hifens (-)<\/b> entre as palavras.<\/li>\n<li>Use o s\u00edmbolo de truncagem &#8220;$&#8221; (cifr\u00e3o) para pesquisar palavras com mesma raiz. Exemplo: &#8220;Alvar$&#8221; recupera &#8220;Alvarenga&#8221;, &#8220;\u00c1lvares&#8221;, &#8220;\u00c1lvaro&#8221;, etc.<\/li>\n<li>Clique no bot\u00e3o &#8220;Pesquisar&#8221; para executar a busca. <b>N\u00e3o aperte a tecla &lt;<i>enter<\/i>&gt;<\/b>.<\/li>\n<li>Existem dois tipos de formul\u00e1rios de pesquisa: o <em>formul\u00e1rio livre<\/em> (dispon\u00edvel quando se inicia a busca) e o <em>formul\u00e1rio avan\u00e7ado<\/em> (que pode ser acessado clicando-se no canto superior direito do formul\u00e1rio livre).<\/li>\n<\/ul>\n<\/div>\n<p class=\"accordion\">Formul\u00e1rio livre<\/p>\n<div class=\"panel\">\n<ul>\n<li>Na caixa de pesquisa do formul\u00e1rio livre digite uma ou mais palavras a serem pesquisadas, separadas apenas por espa\u00e7o.<\/li>\n<li>Escolha a op\u00e7\u00e3o desejada para a combina\u00e7\u00e3o das palavras na pesquisa: todas as palavras no mesmo documento (equivale ao <a href=\"https:\/\/homolog.saopaulo.sp.leg.br\/documentacao\/pesquisa\/vereadores\/#boolean\">operador booleano AND<\/a>) ou qualquer palavra (recupera documentos que tenham pelo menos uma das palavras e equivale ao <a href=\"https:\/\/homolog.saopaulo.sp.leg.br\/documentacao\/pesquisa\/vereadores\/#boolean\">operador booleano OR<\/a>).<\/li>\n<li><b>N\u00e3o digite <a href=\"https:\/\/homolog.saopaulo.sp.leg.br\/documentacao\/pesquisa\/vereadores\/#boolean\">operadores booleanos (AND, OR ou AND NOT)<\/a><\/b> na caixa de pesquisa.<\/li>\n<\/ul>\n<\/div>\n<p class=\"accordion\">Formul\u00e1rio avan\u00e7ado<\/p>\n<div class=\"panel\">\n<p>A pesquisa no formul\u00e1rio avan\u00e7ado permite especificar o campo a ser pesquisado, selecionar palavras a partir dos \u00edndices e combinar operadores booleanos diferentes numa mesma pesquisa.<\/p>\n<ul>\n<li style=\"list-style-type: none\">\n<ul>\n<li>Para especificar o campo em que a palavra ser\u00e1 pesquisada, digite apenas uma palavra em cada linha (1, 2, 3) e escolha o nome do campo. Para combin\u00e1-las, utilize os <a href=\"https:\/\/homolog.saopaulo.sp.leg.br\/documentacao\/pesquisa\/vereadores\/#boolean\">operadores booleanos (AND, OR ou AND NOT)<\/a> do pr\u00f3prio formul\u00e1rio.<\/li>\n<\/ul>\n<\/li>\n<\/ul>\n<p>Exemplo:<\/p>\n<img loading=\"lazy\" decoding=\"async\" class=\"aligncenter size-full wp-image-1919\" src=\"..\/..\/wp-content\/uploads\/sites\/34\/2021\/09\/pesquisa-04.jpg\" alt=\"\" width=\"1045\" height=\"197\" srcset=\"https:\/\/homolog.saopaulo.sp.leg.br\/documentacao\/wp-content\/uploads\/sites\/34\/2021\/09\/pesquisa-04.jpg 1045w, https:\/\/homolog.saopaulo.sp.leg.br\/documentacao\/wp-content\/uploads\/sites\/34\/2021\/09\/pesquisa-04-300x57.jpg 300w, https:\/\/homolog.saopaulo.sp.leg.br\/documentacao\/wp-content\/uploads\/sites\/34\/2021\/09\/pesquisa-04-1024x193.jpg 1024w, https:\/\/homolog.saopaulo.sp.leg.br\/documentacao\/wp-content\/uploads\/sites\/34\/2021\/09\/pesquisa-04-768x145.jpg 768w, https:\/\/homolog.saopaulo.sp.leg.br\/documentacao\/wp-content\/uploads\/sites\/34\/2021\/09\/pesquisa-04-180x34.jpg 180w\" sizes=\"auto, (max-width: 1045px) 100vw, 1045px\" \/>\n<p>(Esta pesquisa recupera os dados da vereadora Dulce Sales).<\/p>\n<ul>\n<li style=\"list-style-type: none\">\n<ul>\n<li>Para selecionar as palavras mais adequadas \u00e0 pesquisa a partir de uma lista de termos, clique no bot\u00e3o &#8220;\u00edndice&#8221;: a partir da\u00ed ser\u00e1 poss\u00edvel verificar se o termo existe na base. Se o campo de pesquisa (ex. Vereadores, Ano ou n\u00famero da legislatura) estiver especificado, a busca ser\u00e1 feita somente nas palavras que ocorrem naquele campo. Para exibir a lista de termos, clique na letra inicial ou digite o come\u00e7o da palavra e acione \u201cmostrar \u00edndice\u201d. Em seguida, e s\u00f3 localizar o termo de interesse e pesquis\u00e1-lo diretamente ou adicion\u00e1-lo ao formul\u00e1rio para combina\u00e7\u00e3o com outros termos.<\/li>\n<li>Para pesquisar a composi\u00e7\u00e3o da C\u00e2mara em uma determinada legislatura ou em um determinado ano, digite o n\u00famero da legislatura ou o ano no formato <em>aaaa<\/em> (indica\u00e7\u00e3o de ano com quatro algarismos) na linha de pesquisa e selecione o campo \u201cAno ou n\u00famero da legislatura\u201d.<\/li>\n<\/ul>\n<\/li>\n<\/ul>\n<p>Exemplo:<\/p>\n<img loading=\"lazy\" decoding=\"async\" class=\"aligncenter size-full wp-image-1922\" src=\"..\/..\/wp-content\/uploads\/sites\/34\/2021\/09\/pesquisa-05.jpg\" alt=\"\" width=\"1057\" height=\"181\" srcset=\"https:\/\/homolog.saopaulo.sp.leg.br\/documentacao\/wp-content\/uploads\/sites\/34\/2021\/09\/pesquisa-05.jpg 1057w, https:\/\/homolog.saopaulo.sp.leg.br\/documentacao\/wp-content\/uploads\/sites\/34\/2021\/09\/pesquisa-05-300x51.jpg 300w, https:\/\/homolog.saopaulo.sp.leg.br\/documentacao\/wp-content\/uploads\/sites\/34\/2021\/09\/pesquisa-05-1024x175.jpg 1024w, https:\/\/homolog.saopaulo.sp.leg.br\/documentacao\/wp-content\/uploads\/sites\/34\/2021\/09\/pesquisa-05-768x132.jpg 768w, https:\/\/homolog.saopaulo.sp.leg.br\/documentacao\/wp-content\/uploads\/sites\/34\/2021\/09\/pesquisa-05-180x31.jpg 180w\" sizes=\"auto, (max-width: 1057px) 100vw, 1057px\" \/>\n<p>(Esta pesquisa recupera os registros em que aparece a legislatura da C\u00e2mara que inclui o ano de 1992).<\/p>\n<ul>\n<li>Para pesquisar a composi\u00e7\u00e3o da Mesa Diretora da C\u00e2mara em um determinado ano, digite o ano no formato aaaa (indica\u00e7\u00e3o de ano com quatro algarismos) na linha de pesquisa e selecione o campo \u201cAno da Mesa Diretora\u201d.<\/li>\n<\/ul>\n<p>Exemplo:<\/p>\n<img loading=\"lazy\" decoding=\"async\" class=\"aligncenter size-full wp-image-1979\" src=\"..\/..\/wp-content\/uploads\/sites\/34\/2021\/09\/pesquisa-20.jpg\" alt=\"\" width=\"1051\" height=\"169\" srcset=\"https:\/\/homolog.saopaulo.sp.leg.br\/documentacao\/wp-content\/uploads\/sites\/34\/2021\/09\/pesquisa-20.jpg 1051w, https:\/\/homolog.saopaulo.sp.leg.br\/documentacao\/wp-content\/uploads\/sites\/34\/2021\/09\/pesquisa-20-300x48.jpg 300w, https:\/\/homolog.saopaulo.sp.leg.br\/documentacao\/wp-content\/uploads\/sites\/34\/2021\/09\/pesquisa-20-1024x165.jpg 1024w, https:\/\/homolog.saopaulo.sp.leg.br\/documentacao\/wp-content\/uploads\/sites\/34\/2021\/09\/pesquisa-20-768x123.jpg 768w, https:\/\/homolog.saopaulo.sp.leg.br\/documentacao\/wp-content\/uploads\/sites\/34\/2021\/09\/pesquisa-20-180x29.jpg 180w\" sizes=\"auto, (max-width: 1051px) 100vw, 1051px\" \/>\n<p>(Esta pesquisa recupera os registros em que aparece a da Mesa Diretora da C\u00e2mara do ano de 1992).<\/p>\n<\/div>\n<div id=\"boolean\" class=\"cf\"><\/div>\n<p class=\"accordion\">Operadores booleanos<\/p>\n<div class=\"panel\">\n<p>Operadores booleanos s\u00e3o comandos (neste caso, palavras em ingl\u00eas) que conectam termos de pesquisa para criar uma frase l\u00f3gica que a base de dados possa entender. Eles permitem criar pesquisas mais complexas que podem incluir m\u00faltiplos conceitos e termos alternativos. A seguir, \u00e9 apresentada uma lista dos operadores e das a\u00e7\u00f5es que eles realizam.<\/p>\n<table style=\"font-size: 0.75em\">\n<tbody>\n<tr>\n<td><strong>OPERADOR<\/strong><\/td>\n<td><strong>TRADU\u00c7\u00c3O<\/strong><\/td>\n<td><strong>EXEMPLO<\/strong><\/td>\n<td><strong>A\u00c7\u00c3O<\/strong><\/td>\n<td><strong>EFEITO<\/strong><\/td>\n<\/tr>\n<tr>\n<td><strong>and<\/strong><\/td>\n<td>e<\/td>\n<td>paciente and cuidados<\/td>\n<td>Recupera os documentos que contenham as duas palavras: \u201cpaciente\u201d e \u201ccuidados\u201d.<\/td>\n<td>Restringe a busca, diminui o n\u00famero de registros recuperados na base.<\/td>\n<\/tr>\n<tr>\n<td><strong>or<\/strong><\/td>\n<td>ou<\/td>\n<td>paciente or cuidados<\/td>\n<td>Recupera os documentos que contenham a palavra &#8220;paciente&#8221; ou a palavra &#8220;cuidados&#8221; ou documentos que contenham as duas palavras.<\/td>\n<td>Amplia a busca, aumenta o n\u00famero de registros recuperados na base.<\/td>\n<\/tr>\n<tr>\n<td><strong>and not<\/strong><\/td>\n<td>exceto<\/td>\n<td>paciente and not cuidados<\/td>\n<td>Recupera os documentos que contenham apenas a palavra &#8220;paciente&#8221; e n\u00e3o contenham a palavra &#8220;cuidados&#8221;.<\/td>\n<td>Remove resultados da busca, restringe o n\u00famero de registros recuperados na base.<\/td>\n<\/tr>\n<\/tbody>\n<\/table>\n<p>Al\u00e9m dos operadores booleanos, tamb\u00e9m \u00e9 poss\u00edvel usar os par\u00eanteses ( ) para agrupar os termos de busca e o cifr\u00e3o $ para buscar palavras com a mesma raiz. A combina\u00e7\u00e3o destes elementos permite a elabora\u00e7\u00e3o de estrat\u00e9gias de pesquisa bastante espec\u00edficas. A tabela a seguir apresenta um exemplo:<\/p>\n<table style=\"font-size: 0.75em\">\n<tbody>\n<tr>\n<td><strong>EXPRESS\u00c3O<\/strong><\/td>\n<td><strong>RESULTADOS<\/strong><\/td>\n<\/tr>\n<tr>\n<td>(tabaco or fumo or cigarr$) and cancer<\/td>\n<td>Recupera os documentos que contenham as palavras:<\/p>\n<ul>\n<li>\u201ctabaco\u201d e \u201cc\u00e2ncer\u201d;<\/li>\n<li>\u201cfumo\u201d e \u201cc\u00e2ncer\u201d;<\/li>\n<li>\u201ccigarro\u201d e \u201cc\u00e2ncer\u201d;<\/li>\n<li>\u201ccigarros\u201d e \u201cc\u00e2ncer\u201d.<\/li>\n<\/ul>\n<p>Exclui os documentos que contenham as palavras \u201ctabaco\u201d, \u201cfumo\u201d, \u201ccigarro\u201d, \u201ccigarros\u201d e n\u00e3o contenham a palavra \u201cc\u00e2ncer\u201d.<\/td>\n<\/tr>\n<\/tbody>\n<\/table>\n<\/div>\n<\/div>\n<hr \/>\n<p>Em caso de d\u00favidas na pesquisa da base de Vereadores, entrar em contato com:<\/p>\n<div style=\"font-size: 0.75em;margin-bottom: 25px;padding: 0 25px\"><b>Secretaria de Documenta\u00e7\u00e3o da C\u00e2mara Municipal de S\u00e3o Paulo (SGP.3)<\/b><br \/>\n<b>Equipe de Biblioteca (SGP.32)<\/b><br \/>\n<b>Telefone:<\/b> (11)3396-4331<br \/>\n<b>E-mail:<\/b> <a href=\"mailto:biblioteca@saopaulo.sp.leg.br\">biblioteca@saopaulo.sp.leg.br<\/a><\/div>\n","protected":false},"excerpt":{"rendered":"<p>A base de dados de Vereadores cont\u00e9m informa\u00e7\u00f5es compiladas pela Biblioteca da C\u00e2mara Municipal de S\u00e3o Paulo sobre os vereadores do munic\u00edpio desde o ano de 1892. Por meio desta&#8230;  <a class=\"excerpt-read-more\" href=\"https:\/\/homolog.saopaulo.sp.leg.br\/documentacao\/pesquisa\/vereadores\/\" title=\"Leia Vereadores\">Leia mais &raquo;<\/a><\/p>\n","protected":false},"author":630,"featured_media":0,"parent":934,"menu_order":0,"comment_status":"closed","ping_status":"closed","template":"page-iframe.php","meta":{"_acf_changed":false,"footnotes":""},"class_list":["post-1336","page","type-page","status-publish","hentry"],"acf":[],"yoast_head":"<!-- This site is optimized with the Yoast SEO plugin v27.4 - https:\/\/yoast.com\/product\/yoast-seo-wordpress\/ -->\r\n<title>Vereadores - Biblioteca e Documenta\u00e7\u00e3o<\/title>\r\n<meta name=\"robots\" content=\"noindex, follow, max-snippet:-1, max-image-preview:large, max-video-preview:-1\" \/>\r\n<meta property=\"og:locale\" content=\"pt_BR\" \/>\r\n<meta property=\"og:type\" content=\"article\" \/>\r\n<meta property=\"og:title\" content=\"Vereadores - Biblioteca e Documenta\u00e7\u00e3o\" \/>\r\n<meta property=\"og:description\" content=\"A base de dados de Vereadores cont\u00e9m informa\u00e7\u00f5es compiladas pela Biblioteca da C\u00e2mara Municipal de S\u00e3o Paulo sobre os vereadores do munic\u00edpio desde o ano de 1892. Por meio desta... Leia mais &raquo;\" \/>\r\n<meta property=\"og:url\" content=\"https:\/\/www.saopaulo.sp.leg.br\/documentacao\/pesquisa\/vereadores\/\" \/>\r\n<meta property=\"og:site_name\" content=\"Biblioteca e Documenta\u00e7\u00e3o\" \/>\r\n<meta property=\"article:modified_time\" content=\"2023-08-10T16:46:44+00:00\" \/>\r\n<meta name=\"twitter:card\" content=\"summary_large_image\" \/>\r\n<meta name=\"twitter:label1\" content=\"Est. tempo de leitura\" \/>\n\t<meta name=\"twitter:data1\" content=\"6 minutos\" \/>\r\n<script type=\"application\/ld+json\" class=\"yoast-schema-graph\">{\"@context\":\"https:\\\/\\\/schema.org\",\"@graph\":[{\"@type\":\"WebPage\",\"@id\":\"https:\\\/\\\/www.saopaulo.sp.leg.br\\\/documentacao\\\/pesquisa\\\/vereadores\\\/\",\"url\":\"https:\\\/\\\/www.saopaulo.sp.leg.br\\\/documentacao\\\/pesquisa\\\/vereadores\\\/\",\"name\":\"Vereadores - Biblioteca e Documenta\u00e7\u00e3o\",\"isPartOf\":{\"@id\":\"https:\\\/\\\/homolog.saopaulo.sp.leg.br\\\/documentacao\\\/#website\"},\"datePublished\":\"2020-10-16T17:11:48+00:00\",\"dateModified\":\"2023-08-10T16:46:44+00:00\",\"breadcrumb\":{\"@id\":\"https:\\\/\\\/www.saopaulo.sp.leg.br\\\/documentacao\\\/pesquisa\\\/vereadores\\\/#breadcrumb\"},\"inLanguage\":\"pt-BR\",\"potentialAction\":[{\"@type\":\"ReadAction\",\"target\":[\"https:\\\/\\\/www.saopaulo.sp.leg.br\\\/documentacao\\\/pesquisa\\\/vereadores\\\/\"]}]},{\"@type\":\"BreadcrumbList\",\"@id\":\"https:\\\/\\\/www.saopaulo.sp.leg.br\\\/documentacao\\\/pesquisa\\\/vereadores\\\/#breadcrumb\",\"itemListElement\":[{\"@type\":\"ListItem\",\"position\":1,\"name\":\"In\u00edcio\",\"item\":\"https:\\\/\\\/www.saopaulo.sp.leg.br\\\/documentacao\\\/\"},{\"@type\":\"ListItem\",\"position\":2,\"name\":\"Pesquisa\",\"item\":\"https:\\\/\\\/www.saopaulo.sp.leg.br\\\/documentacao\\\/pesquisa\\\/\"},{\"@type\":\"ListItem\",\"position\":3,\"name\":\"Vereadores\"}]},{\"@type\":\"WebSite\",\"@id\":\"https:\\\/\\\/homolog.saopaulo.sp.leg.br\\\/documentacao\\\/#website\",\"url\":\"https:\\\/\\\/homolog.saopaulo.sp.leg.br\\\/documentacao\\\/\",\"name\":\"Biblioteca e Documenta\u00e7\u00e3o\",\"description\":\"Secretaria de Documenta\u00e7\u00e3o\",\"potentialAction\":[{\"@type\":\"SearchAction\",\"target\":{\"@type\":\"EntryPoint\",\"urlTemplate\":\"https:\\\/\\\/homolog.saopaulo.sp.leg.br\\\/documentacao\\\/?s={search_term_string}\"},\"query-input\":{\"@type\":\"PropertyValueSpecification\",\"valueRequired\":true,\"valueName\":\"search_term_string\"}}],\"inLanguage\":\"pt-BR\"}]}<\/script>\r\n<!-- \/ Yoast SEO plugin. -->","yoast_head_json":{"title":"Vereadores - Biblioteca e Documenta\u00e7\u00e3o","robots":{"index":"noindex","follow":"follow","max-snippet":"max-snippet:-1","max-image-preview":"max-image-preview:large","max-video-preview":"max-video-preview:-1"},"og_locale":"pt_BR","og_type":"article","og_title":"Vereadores - Biblioteca e Documenta\u00e7\u00e3o","og_description":"A base de dados de Vereadores cont\u00e9m informa\u00e7\u00f5es compiladas pela Biblioteca da C\u00e2mara Municipal de S\u00e3o Paulo sobre os vereadores do munic\u00edpio desde o ano de 1892. Por meio desta... Leia mais &raquo;","og_url":"https:\/\/www.saopaulo.sp.leg.br\/documentacao\/pesquisa\/vereadores\/","og_site_name":"Biblioteca e Documenta\u00e7\u00e3o","article_modified_time":"2023-08-10T16:46:44+00:00","twitter_card":"summary_large_image","twitter_misc":{"Est. tempo de leitura":"6 minutos"},"schema":{"@context":"https:\/\/schema.org","@graph":[{"@type":"WebPage","@id":"https:\/\/www.saopaulo.sp.leg.br\/documentacao\/pesquisa\/vereadores\/","url":"https:\/\/www.saopaulo.sp.leg.br\/documentacao\/pesquisa\/vereadores\/","name":"Vereadores - Biblioteca e Documenta\u00e7\u00e3o","isPartOf":{"@id":"https:\/\/homolog.saopaulo.sp.leg.br\/documentacao\/#website"},"datePublished":"2020-10-16T17:11:48+00:00","dateModified":"2023-08-10T16:46:44+00:00","breadcrumb":{"@id":"https:\/\/www.saopaulo.sp.leg.br\/documentacao\/pesquisa\/vereadores\/#breadcrumb"},"inLanguage":"pt-BR","potentialAction":[{"@type":"ReadAction","target":["https:\/\/www.saopaulo.sp.leg.br\/documentacao\/pesquisa\/vereadores\/"]}]},{"@type":"BreadcrumbList","@id":"https:\/\/www.saopaulo.sp.leg.br\/documentacao\/pesquisa\/vereadores\/#breadcrumb","itemListElement":[{"@type":"ListItem","position":1,"name":"In\u00edcio","item":"https:\/\/www.saopaulo.sp.leg.br\/documentacao\/"},{"@type":"ListItem","position":2,"name":"Pesquisa","item":"https:\/\/www.saopaulo.sp.leg.br\/documentacao\/pesquisa\/"},{"@type":"ListItem","position":3,"name":"Vereadores"}]},{"@type":"WebSite","@id":"https:\/\/homolog.saopaulo.sp.leg.br\/documentacao\/#website","url":"https:\/\/homolog.saopaulo.sp.leg.br\/documentacao\/","name":"Biblioteca e Documenta\u00e7\u00e3o","description":"Secretaria de Documenta\u00e7\u00e3o","potentialAction":[{"@type":"SearchAction","target":{"@type":"EntryPoint","urlTemplate":"https:\/\/homolog.saopaulo.sp.leg.br\/documentacao\/?s={search_term_string}"},"query-input":{"@type":"PropertyValueSpecification","valueRequired":true,"valueName":"search_term_string"}}],"inLanguage":"pt-BR"}]}},"_links":{"self":[{"href":"https:\/\/homolog.saopaulo.sp.leg.br\/documentacao\/wp-json\/wp\/v2\/pages\/1336","targetHints":{"allow":["GET"]}}],"collection":[{"href":"https:\/\/homolog.saopaulo.sp.leg.br\/documentacao\/wp-json\/wp\/v2\/pages"}],"about":[{"href":"https:\/\/homolog.saopaulo.sp.leg.br\/documentacao\/wp-json\/wp\/v2\/types\/page"}],"author":[{"embeddable":true,"href":"https:\/\/homolog.saopaulo.sp.leg.br\/documentacao\/wp-json\/wp\/v2\/users\/630"}],"replies":[{"embeddable":true,"href":"https:\/\/homolog.saopaulo.sp.leg.br\/documentacao\/wp-json\/wp\/v2\/comments?post=1336"}],"version-history":[{"count":5,"href":"https:\/\/homolog.saopaulo.sp.leg.br\/documentacao\/wp-json\/wp\/v2\/pages\/1336\/revisions"}],"predecessor-version":[{"id":3058,"href":"https:\/\/homolog.saopaulo.sp.leg.br\/documentacao\/wp-json\/wp\/v2\/pages\/1336\/revisions\/3058"}],"up":[{"embeddable":true,"href":"https:\/\/homolog.saopaulo.sp.leg.br\/documentacao\/wp-json\/wp\/v2\/pages\/934"}],"wp:attachment":[{"href":"https:\/\/homolog.saopaulo.sp.leg.br\/documentacao\/wp-json\/wp\/v2\/media?parent=1336"}],"curies":[{"name":"wp","href":"https:\/\/api.w.org\/{rel}","templated":true}]}}