{"id":1353,"date":"2020-10-16T14:22:02","date_gmt":"2020-10-16T17:22:02","guid":{"rendered":"http:\/\/homolog.saopaulo.sp.leg.br\/biblioteca-novo\/?page_id=1353"},"modified":"2023-08-08T16:13:53","modified_gmt":"2023-08-08T19:13:53","slug":"comissoes-temporarias","status":"publish","type":"page","link":"https:\/\/homolog.saopaulo.sp.leg.br\/documentacao\/pesquisa\/comissoes-temporarias\/","title":{"rendered":"Comiss\u00f5es Tempor\u00e1rias"},"content":{"rendered":"<p>As <a href=\"http:\/\/homolog.saopaulo.sp.leg.br\/atividade-legislativa\/comissoes\/\" target=\"_blank\" rel=\"noopener\">Comiss\u00f5es Tempor\u00e1rias<\/a> s\u00e3o constitu\u00eddas por vereadores, criadas com o objetivo de apreciar um assunto espec\u00edfico, de acordo com o Regimento Interno da C\u00e2mara. Elas s\u00e3o extintas quando atingida a sua finalidade ou expirado o seu prazo de dura\u00e7\u00e3o.<\/p>\n<p>A <strong><a href=\"http:\/\/saopaulo.sp.leg.br\/cgi-bin\/wxis.bin\/iah\/scripts\/?IsisScript=iah.xis&amp;lang=pt&amp;base=comis\" target=\"_blank\" rel=\"noopener\">base de dados de Comiss\u00f5es Tempor\u00e1rias<\/a><\/strong> cont\u00e9m informa\u00e7\u00f5es sobre Comiss\u00f5es Parlamentares de Inqu\u00e9rito (CPIs), Comiss\u00f5es de Estudo, Comiss\u00f5es Especiais, Subcomiss\u00f5es e Comiss\u00f5es Processantes requeridas e eventualmente instaladas na C\u00e2mara a partir de 1980. A base disponibiliza os textos integrais dos requerimentos de instaura\u00e7\u00e3o e dos relat\u00f3rios finais apresentados por ocasi\u00e3o do encerramento das atividades destas Comiss\u00f5es.<\/p>\n<p>\u00c9 poss\u00edvel pesquisar por:<\/p>\n<ul>\n<li>Tipo de comiss\u00e3o.<\/li>\n<li>Ano e n\u00famero do processo.<\/li>\n<li>Ano e n\u00famero do requerimento.<\/li>\n<li>Autor do requerimento.<\/li>\n<li>Nomes dos vereadores que s\u00e3o membros participantes da comiss\u00e3o.<\/li>\n<li>Assunto.<\/li>\n<\/ul>\n<p>Para informa\u00e7\u00f5es complementares de Comiss\u00f5es Tempor\u00e1rias em andamento &#8211; not\u00edcias, agenda de reuni\u00f5es, clique <a href=\"https:\/\/homolog.saopaulo.sp.leg.br\/atividade-legislativa\/comissoes\/\" target=\"_blank\" rel=\"noopener\">aqui<\/a>.<\/p>\n<h3>COMO PESQUISAR<\/h3>\n<div class=\"box-instrucoes\">\n<p class=\"accordion\">Instru\u00e7\u00f5es gerais<\/p>\n<div class=\"panel\">\n<ul>\n<li><b>Se a pesquisa n\u00e3o estiver aparecendo, verifique seu bloqueador de pop-ups.<\/b><\/li>\n<li><b>N\u00e3o utilize acentos ou caracteres especiais<\/b>, tais como os acentos grave (`), agudo (\u00b4), til (~), circunflexo (^), aspas (\u201c), ap\u00f3strofo (&#8216;) e cedilha (\u00e7). Exemplos: direito a informacao; M Boi Mirim ; agua.<\/li>\n<li><b>N\u00e3o utilize barras (\/) ou hifens (-)<\/b> entre as palavras.<\/li>\n<li>Use o s\u00edmbolo de truncagem &#8220;$&#8221; (cifr\u00e3o) para pesquisar palavras com mesma raiz. Exemplo: &#8220;papel$&#8221; recupera &#8220;papel&#8221;, &#8220;papel\u00e3o&#8221;, &#8220;papeleiro&#8221;, etc.<\/li>\n<li>Clique no bot\u00e3o &#8220;Pesquisar&#8221; para executar a busca. <b>N\u00e3o aperte a tecla &lt;<i>enter<\/i>&gt;<\/b>.<\/li>\n<li>No resultado da pesquisa, para visualizar o texto do requerimento de constitui\u00e7\u00e3o da Comiss\u00e3o Tempor\u00e1ria, clique na express\u00e3o <em>Ver documento<\/em>. Para visualizar o texto do relat\u00f3rio final da Comiss\u00e3o Tempor\u00e1ria, clique na express\u00e3o <em>Ver relat\u00f3rio<\/em>.<\/li>\n<li>Existem dois tipos de formul\u00e1rios de pesquisa: o <em>formul\u00e1rio livre<\/em> (dispon\u00edvel quando se inicia a busca) e o <em>formul\u00e1rio avan\u00e7ado<\/em> (que pode ser acessado clicando-se no canto superior direito do formul\u00e1rio livre).<\/li>\n<\/ul>\n<\/div>\n<p class=\"accordion\">Formul\u00e1rio livre<\/p>\n<div class=\"panel\">\n<ul>\n<li>Na caixa de pesquisa do formul\u00e1rio livre digite uma ou mais palavras a serem pesquisadas, separadas apenas por espa\u00e7o.<\/li>\n<li>Escolha a op\u00e7\u00e3o desejada para a combina\u00e7\u00e3o das palavras na pesquisa: todas as palavras no mesmo documento (equivale ao <a href=\"https:\/\/homolog.saopaulo.sp.leg.br\/documentacao\/pesquisa\/comissoes-temporarias\/#boolean\">operador booleano AND<\/a>) ou qualquer palavra (recupera documentos que tenham pelo menos uma das palavras e equivale ao <a href=\"https:\/\/homolog.saopaulo.sp.leg.br\/documentacao\/pesquisa\/comissoes-temporarias\/#boolean\">operador booleano OR<\/a>).<\/li>\n<li><b>N\u00e3o digite <a href=\"https:\/\/homolog.saopaulo.sp.leg.br\/documentacao\/pesquisa\/comissoes-temporarias\/#boolean\">operadores booleanos (AND, OR ou AND NOT)<\/a><\/b> na caixa de pesquisa.<\/li>\n<li>Se a pesquisa for feita pelo n\u00famero do requerimento ou do processo, utilize o formato <i>nnnn<\/i> <i>aaaa<\/i> (n\u00famero sem ponto indicador de milhar seguido de ano com quatro algarismos). <b>N\u00e3o utilize barra (\/)<\/b>. Exemplos: 2455 1989, 22 2017.<\/li>\n<\/ul>\n<\/div>\n<p class=\"accordion\">Formul\u00e1rio avan\u00e7ado<\/p>\n<div class=\"panel\">\n<p>A pesquisa no formul\u00e1rio avan\u00e7ado permite especificar o campo a ser pesquisado, selecionar palavras a partir dos \u00edndices e combinar operadores booleanos diferentes numa mesma pesquisa.<\/p>\n<ul>\n<li style=\"list-style-type: none\">\n<ul>\n<li>Para especificar o campo em que a palavra ser\u00e1 pesquisada, digite apenas uma palavra em cada linha (1, 2, 3) e escolha o nome do campo. Para combin\u00e1-las, utilize os <a href=\"https:\/\/homolog.saopaulo.sp.leg.br\/documentacao\/pesquisa\/comissoes-temporarias\/#boolean\">operadores booleanos (AND, OR ou AND NOT)<\/a> do pr\u00f3prio formul\u00e1rio.<\/li>\n<\/ul>\n<\/li>\n<\/ul>\n<p>Exemplo:<\/p>\n<img loading=\"lazy\" decoding=\"async\" class=\"aligncenter size-full wp-image-1924\" src=\"..\/..\/wp-content\/uploads\/sites\/34\/2021\/09\/pesquisa-06.jpg\" alt=\"\" width=\"1051\" height=\"174\" srcset=\"https:\/\/homolog.saopaulo.sp.leg.br\/documentacao\/wp-content\/uploads\/sites\/34\/2021\/09\/pesquisa-06.jpg 1051w, https:\/\/homolog.saopaulo.sp.leg.br\/documentacao\/wp-content\/uploads\/sites\/34\/2021\/09\/pesquisa-06-300x50.jpg 300w, https:\/\/homolog.saopaulo.sp.leg.br\/documentacao\/wp-content\/uploads\/sites\/34\/2021\/09\/pesquisa-06-1024x170.jpg 1024w, https:\/\/homolog.saopaulo.sp.leg.br\/documentacao\/wp-content\/uploads\/sites\/34\/2021\/09\/pesquisa-06-768x127.jpg 768w, https:\/\/homolog.saopaulo.sp.leg.br\/documentacao\/wp-content\/uploads\/sites\/34\/2021\/09\/pesquisa-06-180x30.jpg 180w\" sizes=\"auto, (max-width: 1051px) 100vw, 1051px\" \/>\n<p>(Esta pesquisa recupera Comiss\u00f5es Parlamentares de Inqu\u00e9rito \u2013 CPIs \u2013 que tenham como assunto o termo \u201ceduca\u00e7\u00e3o\u201d).<\/p>\n<ul>\n<li style=\"list-style-type: none\">\n<ul>\n<li>\u00c9 poss\u00edvel utilizar as aspas (\u201c) para realizar a pesquisa de dois ou mais termos numa ordem determinada. Por exemplo: a express\u00e3o \u201cmaioridade penal\u201d ir\u00e1 recuperar os registros em que estas palavras aparecem exatamente nesta sequ\u00eancia e n\u00e3o ir\u00e1 recuperar os registros em que s\u00f3 aparecem as palavras \u201cmaioridade\u201d e \u201cpenal\u201d sem estarem em sequ\u00eancia.<\/li>\n<li>Para selecionar as palavras mais adequadas \u00e0 pesquisa a partir de uma lista de termos, clique no bot\u00e3o &#8220;\u00edndice&#8221;: a partir da\u00ed ser\u00e1 poss\u00edvel verificar se o termo existe na base. Se o campo de pesquisa (ex. Assunto, Vereadores participantes) estiver especificado, a busca ser\u00e1 feita somente nas palavras que ocorrem naquele campo. Para exibir a lista de termos, clique na letra inicial ou digite o come\u00e7o da palavra e acione \u201cmostrar \u00edndice\u201d. Em seguida, e s\u00f3 localizar o termo de interesse e pesquis\u00e1-lo diretamente ou adicion\u00e1-lo ao formul\u00e1rio para combina\u00e7\u00e3o com outros termos.<\/li>\n<li>Para pesquisar mais de tr\u00eas assuntos, pode-se digitar mais de uma palavra em uma mesma linha, desde que se utilize <a href=\"https:\/\/homolog.saopaulo.sp.leg.br\/documentacao\/pesquisa\/comissoes-temporarias\/#boolean\">operadores booleanos (AND, OR ou AND NOT)<\/a> para combin\u00e1-las, <b>sem especificar o campo<\/b> (op\u00e7\u00e3o \u201cTodos os campos\u201d). Neste caso, use par\u00eanteses quando quiser agrupar os termos da busca.<\/li>\n<\/ul>\n<\/li>\n<\/ul>\n<p>Exemplo:<\/p>\n<img loading=\"lazy\" decoding=\"async\" class=\"aligncenter size-full wp-image-1926\" src=\"..\/..\/wp-content\/uploads\/sites\/34\/2021\/09\/pesquisa-07.jpg\" alt=\"\" width=\"1051\" height=\"166\" srcset=\"https:\/\/homolog.saopaulo.sp.leg.br\/documentacao\/wp-content\/uploads\/sites\/34\/2021\/09\/pesquisa-07.jpg 1051w, https:\/\/homolog.saopaulo.sp.leg.br\/documentacao\/wp-content\/uploads\/sites\/34\/2021\/09\/pesquisa-07-300x47.jpg 300w, https:\/\/homolog.saopaulo.sp.leg.br\/documentacao\/wp-content\/uploads\/sites\/34\/2021\/09\/pesquisa-07-1024x162.jpg 1024w, https:\/\/homolog.saopaulo.sp.leg.br\/documentacao\/wp-content\/uploads\/sites\/34\/2021\/09\/pesquisa-07-768x121.jpg 768w, https:\/\/homolog.saopaulo.sp.leg.br\/documentacao\/wp-content\/uploads\/sites\/34\/2021\/09\/pesquisa-07-180x28.jpg 180w\" sizes=\"auto, (max-width: 1051px) 100vw, 1051px\" \/>\n<p>(Esta pesquisa recupera registros de Comiss\u00f5es Tempor\u00e1rias requeridas em 2014 ou 2015 que tenham como assunto o termo \u201ctransporte\u201d).<\/p>\n<\/div>\n<div id=\"boolean\" class=\"cf\"><\/div>\n<p class=\"accordion\">Operadores booleanos<\/p>\n<div class=\"panel\">\n<p>Operadores booleanos s\u00e3o comandos (neste caso, palavras em ingl\u00eas) que conectam termos de pesquisa para criar uma frase l\u00f3gica que a base de dados possa entender. Eles permitem criar pesquisas mais complexas que podem incluir m\u00faltiplos conceitos e termos alternativos. A seguir, \u00e9 apresentada uma lista dos operadores e das a\u00e7\u00f5es que eles realizam.<\/p>\n<table style=\"font-size: 0.75em\">\n<tbody>\n<tr>\n<td><strong>OPERADOR<\/strong><\/td>\n<td><strong>TRADU\u00c7\u00c3O<\/strong><\/td>\n<td><strong>EXEMPLO<\/strong><\/td>\n<td><strong>A\u00c7\u00c3O<\/strong><\/td>\n<td><strong>EFEITO<\/strong><\/td>\n<\/tr>\n<tr>\n<td><strong>and<\/strong><\/td>\n<td>e<\/td>\n<td>paciente and cuidados<\/td>\n<td>Recupera os documentos que contenham as duas palavras: \u201cpaciente\u201d e \u201ccuidados\u201d.<\/td>\n<td>Restringe a busca, diminui o n\u00famero de registros recuperados na base.<\/td>\n<\/tr>\n<tr>\n<td><strong>or<\/strong><\/td>\n<td>ou<\/td>\n<td>paciente or cuidados<\/td>\n<td>Recupera os documentos que contenham a palavra &#8220;paciente&#8221; ou a palavra &#8220;cuidados&#8221; ou documentos que contenham as duas palavras.<\/td>\n<td>Amplia a busca, aumenta o n\u00famero de registros recuperados na base.<\/td>\n<\/tr>\n<tr>\n<td><strong>and not<\/strong><\/td>\n<td>exceto<\/td>\n<td>paciente and not cuidados<\/td>\n<td>Recupera os documentos que contenham apenas a palavra &#8220;paciente&#8221; e n\u00e3o contenham a palavra &#8220;cuidados&#8221;.<\/td>\n<td>Remove resultados da busca, restringe o n\u00famero de registros recuperados na base.<\/td>\n<\/tr>\n<\/tbody>\n<\/table>\n<p>Al\u00e9m dos operadores booleanos, tamb\u00e9m \u00e9 poss\u00edvel usar os par\u00eanteses ( ) para agrupar os termos de busca e o cifr\u00e3o $ para buscar palavras com a mesma raiz. A combina\u00e7\u00e3o destes elementos permite a elabora\u00e7\u00e3o de estrat\u00e9gias de pesquisa bastante espec\u00edficas. A tabela a seguir apresenta um exemplo:<\/p>\n<table style=\"font-size: 0.75em\">\n<tbody>\n<tr>\n<td><strong>EXPRESS\u00c3O<\/strong><\/td>\n<td><strong>RESULTADOS<\/strong><\/td>\n<\/tr>\n<tr>\n<td>(tabaco or fumo or cigarr$) and cancer<\/td>\n<td>Recupera os documentos que contenham as palavras:<\/p>\n<ul>\n<li>\u201ctabaco\u201d e \u201cc\u00e2ncer\u201d;<\/li>\n<li>\u201cfumo\u201d e \u201cc\u00e2ncer\u201d;<\/li>\n<li>\u201ccigarro\u201d e \u201cc\u00e2ncer\u201d;<\/li>\n<li>\u201ccigarros\u201d e \u201cc\u00e2ncer\u201d.<\/li>\n<\/ul>\n<p>Exclui os documentos que contenham as palavras \u201ctabaco\u201d, \u201cfumo\u201d, \u201ccigarro\u201d, \u201ccigarros\u201d e n\u00e3o contenham a palavra \u201cc\u00e2ncer\u201d.<\/td>\n<\/tr>\n<\/tbody>\n<\/table>\n<\/div>\n<\/div>\n<hr \/>\n<p>Em caso de d\u00favidas na pesquisa da base de Comiss\u00f5es Tempor\u00e1rias, entrar em contato com:<\/p>\n<div style=\"font-size: 0.75em;margin-bottom: 25px;padding: 0 25px\"><b>Secretaria de Documenta\u00e7\u00e3o da C\u00e2mara Municipal de S\u00e3o Paulo (SGP.3)<\/b><br \/>\n<b>Equipe de Documenta\u00e7\u00e3o do Legislativo (SGP.31)<\/b><br \/>\n<b>Telefones:<\/b> (11)3396-5357, (11)3396-5360, (11)3396-4984, (11)3396-4549<br \/>\n<b>E-mail:<\/b> <a href=\"mailto:atendimentodoc@saopaulo.sp.leg.br\">atendimentodoc@saopaulo.sp.leg.br<\/a><\/div>\n","protected":false},"excerpt":{"rendered":"<p>As Comiss\u00f5es Tempor\u00e1rias s\u00e3o constitu\u00eddas por vereadores, criadas com o objetivo de apreciar um assunto espec\u00edfico, de acordo com o Regimento Interno da C\u00e2mara. Elas s\u00e3o extintas quando atingida a&#8230;  <a class=\"excerpt-read-more\" href=\"https:\/\/homolog.saopaulo.sp.leg.br\/documentacao\/pesquisa\/comissoes-temporarias\/\" title=\"Leia Comiss\u00f5es Tempor\u00e1rias\">Leia mais &raquo;<\/a><\/p>\n","protected":false},"author":630,"featured_media":0,"parent":934,"menu_order":0,"comment_status":"closed","ping_status":"closed","template":"page-iframe.php","meta":{"_acf_changed":false,"footnotes":""},"class_list":["post-1353","page","type-page","status-publish","hentry"],"acf":[],"yoast_head":"<!-- This site is optimized with the Yoast SEO plugin v27.4 - https:\/\/yoast.com\/product\/yoast-seo-wordpress\/ -->\r\n<title>Comiss\u00f5es Tempor\u00e1rias - Biblioteca e Documenta\u00e7\u00e3o<\/title>\r\n<meta name=\"robots\" content=\"noindex, follow, max-snippet:-1, max-image-preview:large, max-video-preview:-1\" \/>\r\n<meta property=\"og:locale\" content=\"pt_BR\" \/>\r\n<meta property=\"og:type\" content=\"article\" \/>\r\n<meta property=\"og:title\" content=\"Comiss\u00f5es Tempor\u00e1rias - Biblioteca e Documenta\u00e7\u00e3o\" \/>\r\n<meta property=\"og:description\" content=\"As Comiss\u00f5es Tempor\u00e1rias s\u00e3o constitu\u00eddas por vereadores, criadas com o objetivo de apreciar um assunto espec\u00edfico, de acordo com o Regimento Interno da C\u00e2mara. Elas s\u00e3o extintas quando atingida a... Leia mais &raquo;\" \/>\r\n<meta property=\"og:url\" content=\"https:\/\/www.saopaulo.sp.leg.br\/documentacao\/pesquisa\/comissoes-temporarias\/\" \/>\r\n<meta property=\"og:site_name\" content=\"Biblioteca e Documenta\u00e7\u00e3o\" \/>\r\n<meta property=\"article:modified_time\" content=\"2023-08-08T19:13:53+00:00\" \/>\r\n<meta name=\"twitter:card\" content=\"summary_large_image\" \/>\r\n<meta name=\"twitter:label1\" content=\"Est. tempo de leitura\" \/>\n\t<meta name=\"twitter:data1\" content=\"6 minutos\" \/>\r\n<script type=\"application\/ld+json\" class=\"yoast-schema-graph\">{\"@context\":\"https:\\\/\\\/schema.org\",\"@graph\":[{\"@type\":\"WebPage\",\"@id\":\"https:\\\/\\\/www.saopaulo.sp.leg.br\\\/documentacao\\\/pesquisa\\\/comissoes-temporarias\\\/\",\"url\":\"https:\\\/\\\/www.saopaulo.sp.leg.br\\\/documentacao\\\/pesquisa\\\/comissoes-temporarias\\\/\",\"name\":\"Comiss\u00f5es Tempor\u00e1rias - Biblioteca e Documenta\u00e7\u00e3o\",\"isPartOf\":{\"@id\":\"https:\\\/\\\/homolog.saopaulo.sp.leg.br\\\/documentacao\\\/#website\"},\"datePublished\":\"2020-10-16T17:22:02+00:00\",\"dateModified\":\"2023-08-08T19:13:53+00:00\",\"breadcrumb\":{\"@id\":\"https:\\\/\\\/www.saopaulo.sp.leg.br\\\/documentacao\\\/pesquisa\\\/comissoes-temporarias\\\/#breadcrumb\"},\"inLanguage\":\"pt-BR\",\"potentialAction\":[{\"@type\":\"ReadAction\",\"target\":[\"https:\\\/\\\/www.saopaulo.sp.leg.br\\\/documentacao\\\/pesquisa\\\/comissoes-temporarias\\\/\"]}]},{\"@type\":\"BreadcrumbList\",\"@id\":\"https:\\\/\\\/www.saopaulo.sp.leg.br\\\/documentacao\\\/pesquisa\\\/comissoes-temporarias\\\/#breadcrumb\",\"itemListElement\":[{\"@type\":\"ListItem\",\"position\":1,\"name\":\"In\u00edcio\",\"item\":\"https:\\\/\\\/www.saopaulo.sp.leg.br\\\/documentacao\\\/\"},{\"@type\":\"ListItem\",\"position\":2,\"name\":\"Pesquisa\",\"item\":\"https:\\\/\\\/www.saopaulo.sp.leg.br\\\/documentacao\\\/pesquisa\\\/\"},{\"@type\":\"ListItem\",\"position\":3,\"name\":\"Comiss\u00f5es Tempor\u00e1rias\"}]},{\"@type\":\"WebSite\",\"@id\":\"https:\\\/\\\/homolog.saopaulo.sp.leg.br\\\/documentacao\\\/#website\",\"url\":\"https:\\\/\\\/homolog.saopaulo.sp.leg.br\\\/documentacao\\\/\",\"name\":\"Biblioteca e Documenta\u00e7\u00e3o\",\"description\":\"Secretaria de Documenta\u00e7\u00e3o\",\"potentialAction\":[{\"@type\":\"SearchAction\",\"target\":{\"@type\":\"EntryPoint\",\"urlTemplate\":\"https:\\\/\\\/homolog.saopaulo.sp.leg.br\\\/documentacao\\\/?s={search_term_string}\"},\"query-input\":{\"@type\":\"PropertyValueSpecification\",\"valueRequired\":true,\"valueName\":\"search_term_string\"}}],\"inLanguage\":\"pt-BR\"}]}<\/script>\r\n<!-- \/ Yoast SEO plugin. -->","yoast_head_json":{"title":"Comiss\u00f5es Tempor\u00e1rias - Biblioteca e Documenta\u00e7\u00e3o","robots":{"index":"noindex","follow":"follow","max-snippet":"max-snippet:-1","max-image-preview":"max-image-preview:large","max-video-preview":"max-video-preview:-1"},"og_locale":"pt_BR","og_type":"article","og_title":"Comiss\u00f5es Tempor\u00e1rias - Biblioteca e Documenta\u00e7\u00e3o","og_description":"As Comiss\u00f5es Tempor\u00e1rias s\u00e3o constitu\u00eddas por vereadores, criadas com o objetivo de apreciar um assunto espec\u00edfico, de acordo com o Regimento Interno da C\u00e2mara. Elas s\u00e3o extintas quando atingida a... Leia mais &raquo;","og_url":"https:\/\/www.saopaulo.sp.leg.br\/documentacao\/pesquisa\/comissoes-temporarias\/","og_site_name":"Biblioteca e Documenta\u00e7\u00e3o","article_modified_time":"2023-08-08T19:13:53+00:00","twitter_card":"summary_large_image","twitter_misc":{"Est. tempo de leitura":"6 minutos"},"schema":{"@context":"https:\/\/schema.org","@graph":[{"@type":"WebPage","@id":"https:\/\/www.saopaulo.sp.leg.br\/documentacao\/pesquisa\/comissoes-temporarias\/","url":"https:\/\/www.saopaulo.sp.leg.br\/documentacao\/pesquisa\/comissoes-temporarias\/","name":"Comiss\u00f5es Tempor\u00e1rias - Biblioteca e Documenta\u00e7\u00e3o","isPartOf":{"@id":"https:\/\/homolog.saopaulo.sp.leg.br\/documentacao\/#website"},"datePublished":"2020-10-16T17:22:02+00:00","dateModified":"2023-08-08T19:13:53+00:00","breadcrumb":{"@id":"https:\/\/www.saopaulo.sp.leg.br\/documentacao\/pesquisa\/comissoes-temporarias\/#breadcrumb"},"inLanguage":"pt-BR","potentialAction":[{"@type":"ReadAction","target":["https:\/\/www.saopaulo.sp.leg.br\/documentacao\/pesquisa\/comissoes-temporarias\/"]}]},{"@type":"BreadcrumbList","@id":"https:\/\/www.saopaulo.sp.leg.br\/documentacao\/pesquisa\/comissoes-temporarias\/#breadcrumb","itemListElement":[{"@type":"ListItem","position":1,"name":"In\u00edcio","item":"https:\/\/www.saopaulo.sp.leg.br\/documentacao\/"},{"@type":"ListItem","position":2,"name":"Pesquisa","item":"https:\/\/www.saopaulo.sp.leg.br\/documentacao\/pesquisa\/"},{"@type":"ListItem","position":3,"name":"Comiss\u00f5es Tempor\u00e1rias"}]},{"@type":"WebSite","@id":"https:\/\/homolog.saopaulo.sp.leg.br\/documentacao\/#website","url":"https:\/\/homolog.saopaulo.sp.leg.br\/documentacao\/","name":"Biblioteca e Documenta\u00e7\u00e3o","description":"Secretaria de Documenta\u00e7\u00e3o","potentialAction":[{"@type":"SearchAction","target":{"@type":"EntryPoint","urlTemplate":"https:\/\/homolog.saopaulo.sp.leg.br\/documentacao\/?s={search_term_string}"},"query-input":{"@type":"PropertyValueSpecification","valueRequired":true,"valueName":"search_term_string"}}],"inLanguage":"pt-BR"}]}},"_links":{"self":[{"href":"https:\/\/homolog.saopaulo.sp.leg.br\/documentacao\/wp-json\/wp\/v2\/pages\/1353","targetHints":{"allow":["GET"]}}],"collection":[{"href":"https:\/\/homolog.saopaulo.sp.leg.br\/documentacao\/wp-json\/wp\/v2\/pages"}],"about":[{"href":"https:\/\/homolog.saopaulo.sp.leg.br\/documentacao\/wp-json\/wp\/v2\/types\/page"}],"author":[{"embeddable":true,"href":"https:\/\/homolog.saopaulo.sp.leg.br\/documentacao\/wp-json\/wp\/v2\/users\/630"}],"replies":[{"embeddable":true,"href":"https:\/\/homolog.saopaulo.sp.leg.br\/documentacao\/wp-json\/wp\/v2\/comments?post=1353"}],"version-history":[{"count":6,"href":"https:\/\/homolog.saopaulo.sp.leg.br\/documentacao\/wp-json\/wp\/v2\/pages\/1353\/revisions"}],"predecessor-version":[{"id":2990,"href":"https:\/\/homolog.saopaulo.sp.leg.br\/documentacao\/wp-json\/wp\/v2\/pages\/1353\/revisions\/2990"}],"up":[{"embeddable":true,"href":"https:\/\/homolog.saopaulo.sp.leg.br\/documentacao\/wp-json\/wp\/v2\/pages\/934"}],"wp:attachment":[{"href":"https:\/\/homolog.saopaulo.sp.leg.br\/documentacao\/wp-json\/wp\/v2\/media?parent=1353"}],"curies":[{"name":"wp","href":"https:\/\/api.w.org\/{rel}","templated":true}]}}