{"id":1356,"date":"2020-10-16T14:23:56","date_gmt":"2020-10-16T17:23:56","guid":{"rendered":"http:\/\/homolog.saopaulo.sp.leg.br\/biblioteca-novo\/?page_id=1356"},"modified":"2023-08-25T09:49:24","modified_gmt":"2023-08-25T12:49:24","slug":"legislacao","status":"publish","type":"page","link":"https:\/\/homolog.saopaulo.sp.leg.br\/documentacao\/pesquisa\/legislacao\/","title":{"rendered":"Legisla\u00e7\u00e3o"},"content":{"rendered":"<p>A <strong><a href=\"https:\/\/saopaulo.sp.leg.br\/cgi-bin\/wxis.bin\/iah\/scripts\/?IsisScript=iah.xis&amp;lang=pt&amp;base=legis\" target=\"_blank\" rel=\"noopener\">base de dados de Legisla\u00e7\u00e3o Municipal<\/a><\/strong> cont\u00e9m informa\u00e7\u00f5es sobre as normas jur\u00eddicas do munic\u00edpio: leis, decretos, decretos legislativos, emendas \u00e0 Lei Org\u00e2nica, resolu\u00e7\u00f5es e atos da C\u00e2mara, entre outras. Estas informa\u00e7\u00f5es incluem: vig\u00eancia, regulamenta\u00e7\u00f5es, altera\u00e7\u00f5es e revoga\u00e7\u00f5es das normas.<\/p>\n<p>A base possui registros a partir de 1892, com acesso ao texto integral original dos documentos. Ela foi desenvolvida pioneiramente em 1992 pela Secretaria de Documenta\u00e7\u00e3o (<a href=\"..\/..\/a-secretaria-de-documentacao\/\" rel=\"noopener\">ent\u00e3o denominada Departamento de Documenta\u00e7\u00e3o e Inform\u00e1tica<\/a>) e est\u00e1 dispon\u00edvel para pesquisa na Internet desde 2009.<\/p>\n<p>\u00c9 poss\u00edvel pesquisar por:<\/p>\n<ul>\n<li>Tipo, n\u00famero, ano de publica\u00e7\u00e3o e situa\u00e7\u00e3o de vig\u00eancia de normas promulgadas a partir de 1892.<\/li>\n<li>Autor do projeto de lei original de normas promulgadas a partir de 1948.<\/li>\n<li>Assunto das leis a partir de 1961.<\/li>\n<li>Assunto dos decretos a partir de 1987.<\/li>\n<li>Assunto dos decretos legislativos, emendas \u00e0 Lei Org\u00e2nica, resolu\u00e7\u00f5es e atos da C\u00e2mara na sua totalidade.<\/li>\n<\/ul>\n<p>A inclus\u00e3o retrospectiva de termos de assunto nos registros das normas segue em andamento, com o objetivo de ampliar a cobertura da pesquisa por assunto a per\u00edodos anteriores.<\/p>\n<div class=\"box-instrucoes\">\n<h3>COMO PESQUISAR<\/h3>\n<p class=\"accordion\">Instru\u00e7\u00f5es gerais<\/p>\n<div class=\"panel\">\n<ul>\n<li><b>Se a pesquisa n\u00e3o estiver aparecendo, verifique seu bloqueador de pop-ups.<\/b><\/li>\n<li><b>N\u00e3o utilize acentos ou caracteres especiais<\/b>, tais como os acentos grave (`), agudo (\u00b4), til (~), circunflexo (^), aspas (\u201c), ap\u00f3strofo (\u2018) e cedilha (\u00e7). Exemplos: direito a informacao; M Boi Mirim ; agua.<\/li>\n<li><b>N\u00e3o utilize barras (\/) ou hifens (-)<\/b> entre as palavras.<\/li>\n<li>Use o s\u00edmbolo de truncagem &#8220;$&#8221; (cifr\u00e3o) para pesquisar palavras com mesma raiz. Exemplo: &#8220;papel$&#8221; recupera &#8220;papel&#8221;, &#8220;papel\u00e3o&#8221;, &#8220;papeleiro&#8221;, etc.<\/li>\n<li>Clique no bot\u00e3o &#8220;Pesquisar&#8221; para executar a busca. <b>N\u00e3o aperte a tecla &lt;<i>enter<\/i>&gt;<\/b>.<\/li>\n<li>No resultado da pesquisa, para visualizar o texto completo da norma ou de algum dos outros documentos citados no registro, clique na express\u00e3o <strong><i>Ver documento<\/i><\/strong> correspondente,<\/li>\n<li>Existem dois tipos de formul\u00e1rios de pesquisa: o formul\u00e1rio livre (dispon\u00edvel quando se inicia a busca) e o formul\u00e1rio avan\u00e7ado (que pode ser acessado clicando-se no canto superior direito do formul\u00e1rio livre).<\/li>\n<\/ul>\n<\/div>\n<p class=\"accordion\">Formul\u00e1rio livre<\/p>\n<div class=\"panel\">\n<ul>\n<li>Na caixa de pesquisa do formul\u00e1rio livre digite uma ou mais palavras a serem pesquisadas, separadas apenas por espa\u00e7o.<\/li>\n<li>Escolha a op\u00e7\u00e3o desejada para a combina\u00e7\u00e3o das palavras na pesquisa: todas as palavras no mesmo documento (equivale ao <a href=\"#boolean\">operador booleano AND<\/a>) ou qualquer palavra (recupera documentos que tenham pelo menos uma das palavras e equivale ao <a href=\"#boolean\">operador booleano OR<\/a>).<\/li>\n<li><b>N\u00e3o digite <a href=\"#boolean\">operadores booleanos (AND, OR ou AND NOT)<\/a><\/b> na caixa de pesquisa.<\/li>\n<li>Se a pesquisa for feita pelo n\u00famero de um projeto ou de uma norma jur\u00eddica (lei, decreto, etc.), utilize o formato <i>nn.nnn<\/i> <i>aaaa<\/i> (n\u00famero com ponto indicador de milhar seguido de ano com quatro algarismos). <b>N\u00e3o utilize barra (\/)<\/b>. Exemplos: PL 106 2012, Lei 15.776 2013.<\/li>\n<\/ul>\n<\/div>\n<p class=\"accordion\">Formul\u00e1rio avan\u00e7ado<\/p>\n<div class=\"panel\">\n<p>A pesquisa no formul\u00e1rio avan\u00e7ado permite especificar o campo a ser pesquisado, selecionar palavras a partir dos \u00edndices e combinar operadores booleanos diferentes numa mesma pesquisa.<\/p>\n<ul>\n<li>Para especificar o campo em que a palavra ser\u00e1 pesquisada, digite apenas uma palavra em cada linha (1, 2, 3) e escolha o nome do campo. Para combin\u00e1-las, utilize os <a href=\"#boolean\">operadores booleanos (AND, OR ou AND NOT)<\/a> do pr\u00f3prio formul\u00e1rio.<\/li>\n<li>Para pesquisar pelo campo <b>Situa\u00e7\u00e3o de vig\u00eancia<\/b>, \u00e9 necess\u00e1rio digitar na caixa de pesquisa um dos seguintes c\u00f3digos atribu\u00eddos para a legisla\u00e7\u00e3o:\n<ul>\n<li><b>1<\/b> (legisla\u00e7\u00e3o sem revoga\u00e7\u00e3o expressa),<\/li>\n<li><b>2<\/b> (legisla\u00e7\u00e3o revogada),<\/li>\n<li><b>3<\/b> (legisla\u00e7\u00e3o revogada parcialmente),<\/li>\n<li><b>4<\/b> (declarada inconstitucional) e<\/li>\n<li><b>5<\/b> (declarada parcialmente inconstitucional).<\/li>\n<\/ul>\n<p>Exemplo:<\/li>\n<\/ul>\n<p><img loading=\"lazy\" decoding=\"async\" class=\"aligncenter wp-image-1913 size-full\" src=\"..\/..\/wp-content\/uploads\/sites\/34\/2021\/09\/pesquisa-01.jpg\" alt=\"\" width=\"1086\" height=\"205\" srcset=\"https:\/\/homolog.saopaulo.sp.leg.br\/documentacao\/wp-content\/uploads\/sites\/34\/2021\/09\/pesquisa-01.jpg 1086w, https:\/\/homolog.saopaulo.sp.leg.br\/documentacao\/wp-content\/uploads\/sites\/34\/2021\/09\/pesquisa-01-300x57.jpg 300w, https:\/\/homolog.saopaulo.sp.leg.br\/documentacao\/wp-content\/uploads\/sites\/34\/2021\/09\/pesquisa-01-1024x193.jpg 1024w, https:\/\/homolog.saopaulo.sp.leg.br\/documentacao\/wp-content\/uploads\/sites\/34\/2021\/09\/pesquisa-01-768x145.jpg 768w, https:\/\/homolog.saopaulo.sp.leg.br\/documentacao\/wp-content\/uploads\/sites\/34\/2021\/09\/pesquisa-01-180x34.jpg 180w\" sizes=\"auto, (max-width: 1086px) 100vw, 1086px\" \/>(Esta pesquisa recupera normas com o assunto &#8220;t\u00e1xi&#8221; que n\u00e3o apresentam revoga\u00e7\u00e3o total ou parcial expressas).<\/p>\n<ul>\n<li>\u00c9 poss\u00edvel utilizar as aspas (\u201c) para realizar a pesquisa de dois ou mais termos numa ordem determinada. Por exemplo: a express\u00e3o \u201cimovel municipal\u201d ir\u00e1 recuperar os registros em que as palavras \u201cim\u00f3vel municipal\u201d aparecem exatamente nesta sequ\u00eancia e n\u00e3o ir\u00e1 recuperar os registros em que s\u00f3 aparecem as palavras \u201cim\u00f3vel\u201d e \u201cmunicipal\u201d sem estarem em sequ\u00eancia.<\/li>\n<li>Para selecionar as palavras mais adequadas \u00e0 pesquisa a partir de uma lista de termos, clique no bot\u00e3o &#8220;\u00edndice&#8221;: a partir da\u00ed ser\u00e1 poss\u00edvel verificar se o termo existe na base. Se o campo de pesquisa (ex. Assunto, Autor do projeto) estiver especificado, a busca ser\u00e1 feita somente nas palavras que ocorrem naquele campo. Para exibir a lista de termos, clique na letra inicial ou digite o come\u00e7o da palavra e acione \u201cmostrar \u00edndice\u201d. Em seguida, e s\u00f3 localizar o termo de interesse e pesquis\u00e1-lo diretamente ou adicion\u00e1-lo ao formul\u00e1rio para combina\u00e7\u00e3o com outros termos.<\/li>\n<li>Para pesquisar mais de tr\u00eas assuntos, pode-se digitar mais de uma palavra em uma mesma linha, desde que se utilize <a href=\"#boolean\">operadores booleanos (AND, OR ou AND NOT)<\/a> para combin\u00e1-las, <b>sem especificar o campo<\/b> (op\u00e7\u00e3o \u201cTodos os campos\u201d). Neste caso, use par\u00eanteses quando se quiser agrupar os termos da busca.<br \/>\nExemplo:<\/li>\n<\/ul>\n<p><img loading=\"lazy\" decoding=\"async\" class=\"aligncenter size-full wp-image-1915\" src=\"..\/..\/wp-content\/uploads\/sites\/34\/2021\/09\/pesquisa-02.jpg\" alt=\"\" width=\"1080\" height=\"192\" srcset=\"https:\/\/homolog.saopaulo.sp.leg.br\/documentacao\/wp-content\/uploads\/sites\/34\/2021\/09\/pesquisa-02.jpg 1080w, https:\/\/homolog.saopaulo.sp.leg.br\/documentacao\/wp-content\/uploads\/sites\/34\/2021\/09\/pesquisa-02-300x53.jpg 300w, https:\/\/homolog.saopaulo.sp.leg.br\/documentacao\/wp-content\/uploads\/sites\/34\/2021\/09\/pesquisa-02-1024x182.jpg 1024w, https:\/\/homolog.saopaulo.sp.leg.br\/documentacao\/wp-content\/uploads\/sites\/34\/2021\/09\/pesquisa-02-768x137.jpg 768w, https:\/\/homolog.saopaulo.sp.leg.br\/documentacao\/wp-content\/uploads\/sites\/34\/2021\/09\/pesquisa-02-180x32.jpg 180w\" sizes=\"auto, (max-width: 1080px) 100vw, 1080px\" \/>(Esta pesquisa recupera normas sobre or\u00e7amento dos anos de 2012 ou 2013).<\/p>\n<\/div>\n<div id=\"boolean\" class=\"cf\"><\/div>\n<p class=\"accordion\">Operadores booleanos<\/p>\n<div class=\"panel\">\n<p>Operadores booleanos s\u00e3o comandos (neste caso, palavras em ingl\u00eas) que conectam termos de pesquisa para criar uma frase l\u00f3gica que a base de dados possa entender. Eles permitem criar pesquisas mais complexas que podem incluir m\u00faltiplos conceitos e termos alternativos. A seguir, \u00e9 apresentada uma lista dos operadores e das a\u00e7\u00f5es que eles realizam.<\/p>\n<table style=\"font-size: 0.75em\">\n<tbody>\n<tr>\n<td><strong>OPERADOR<\/strong><\/td>\n<td><strong>TRADU\u00c7\u00c3O<\/strong><\/td>\n<td><strong>EXEMPLO<\/strong><\/td>\n<td><strong>A\u00c7\u00c3O<\/strong><\/td>\n<td><strong>EFEITO<\/strong><\/td>\n<\/tr>\n<tr>\n<td style=\"text-align: left\"><strong>and<\/strong><\/td>\n<td style=\"text-align: left\">e<\/td>\n<td style=\"text-align: left\">paciente and cuidados<\/td>\n<td style=\"text-align: left\">Recupera os documentos que contenham as duas palavras: \u201cpaciente\u201d e \u201ccuidados\u201d.<\/td>\n<td style=\"text-align: left\">Restringe a busca, diminui o n\u00famero de registros recuperados na base.<\/td>\n<\/tr>\n<tr>\n<td><strong>or<\/strong><\/td>\n<td>ou<\/td>\n<td>paciente or cuidados<\/td>\n<td>Recupera os documentos que contenham a palavra &#8220;paciente&#8221; ou a palavra &#8220;cuidados&#8221; ou documentos que contenham as duas palavras.<\/td>\n<td>Amplia a busca, aumenta o n\u00famero de registros recuperados na base.<\/td>\n<\/tr>\n<tr>\n<td><strong>and not<\/strong><\/td>\n<td>exceto<\/td>\n<td>paciente and not cuidados<\/td>\n<td>Recupera os documentos que contenham apenas a palavra &#8220;paciente&#8221; e n\u00e3o contenham a palavra &#8220;cuidados&#8221;.<\/td>\n<td>Remove resultados da busca, restringe o n\u00famero de registros recuperados na base.<\/td>\n<\/tr>\n<\/tbody>\n<\/table>\n<p>Al\u00e9m dos operadores booleanos, tamb\u00e9m \u00e9 poss\u00edvel usar os par\u00eanteses ( ) para agrupar os termos de busca e o cifr\u00e3o $ para buscar palavras com a mesma raiz. A combina\u00e7\u00e3o destes elementos permite a elabora\u00e7\u00e3o de estrat\u00e9gias de pesquisa bastante espec\u00edficas. A tabela a seguir apresenta um exemplo:<\/p>\n<table style=\"font-size: 0.75em\">\n<tbody>\n<tr>\n<td><strong>EXPRESS\u00c3O<\/strong><\/td>\n<td><strong>RESULTADOS<\/strong><\/td>\n<\/tr>\n<tr>\n<td>(tabaco or fumo or cigarr$) and cancer<\/td>\n<td>Recupera os documentos que contenham as palavras:<\/p>\n<ul>\n<li>\u201ctabaco\u201d e \u201cc\u00e2ncer\u201d;<\/li>\n<li>\u201cfumo\u201d e \u201cc\u00e2ncer\u201d;<\/li>\n<li>\u201ccigarro\u201d e \u201cc\u00e2ncer\u201d;<\/li>\n<li>\u201ccigarros\u201d e \u201cc\u00e2ncer\u201d.<\/li>\n<\/ul>\n<p>Exclui os documentos que contenham as palavras \u201ctabaco\u201d, \u201cfumo\u201d, \u201ccigarro\u201d, \u201ccigarros\u201d e n\u00e3o contenham a palavra \u201cc\u00e2ncer\u201d.<\/td>\n<\/tr>\n<\/tbody>\n<\/table>\n<\/div>\n<\/div>\n<hr \/>\n<p>Em caso de d\u00favidas na pesquisa da base de Legisla\u00e7\u00e3o Municipal, entrar em contato com:<\/p>\n<div style=\"font-size: 0.75em;margin-bottom: 25px;padding: 0 25px\"><b>Secretaria de Documenta\u00e7\u00e3o da C\u00e2mara Municipal de S\u00e3o Paulo (SGP.3)<\/b><br \/>\n<b>Equipe de Documenta\u00e7\u00e3o do Legislativo (SGP.31)<\/b><br \/>\n<b>Telefones:<\/b> (11)3396-5357, (11)3396-5360, (11)3396-4984, (11)3396-4549<br \/>\n<b>E-mail:<\/b> <a href=\"mailto:atendimentodoc@saopaulo.sp.leg.br\">atendimentodoc@saopaulo.sp.leg.br<\/a><\/div>\n<h3><a href=\"https:\/\/homolog.saopaulo.sp.leg.br\/ipdbv\/por\/menu.html\" target=\"_blank\" rel=\"noopener\">P\u00e1gina com facilidades para acesso por deficientes visuais<\/a><\/h3>\n","protected":false},"excerpt":{"rendered":"<p>A base de dados de Legisla\u00e7\u00e3o Municipal cont\u00e9m informa\u00e7\u00f5es sobre as normas jur\u00eddicas do munic\u00edpio: leis, decretos, decretos legislativos, emendas \u00e0 Lei Org\u00e2nica, resolu\u00e7\u00f5es e atos da C\u00e2mara, entre outras&#8230;.  <a class=\"excerpt-read-more\" href=\"https:\/\/homolog.saopaulo.sp.leg.br\/documentacao\/pesquisa\/legislacao\/\" title=\"Leia Legisla\u00e7\u00e3o\">Leia mais &raquo;<\/a><\/p>\n","protected":false},"author":630,"featured_media":0,"parent":934,"menu_order":0,"comment_status":"closed","ping_status":"closed","template":"page-iframe.php","meta":{"_acf_changed":false,"footnotes":""},"class_list":["post-1356","page","type-page","status-publish","hentry"],"acf":[],"yoast_head":"<!-- This site is optimized with the Yoast SEO plugin v27.4 - https:\/\/yoast.com\/product\/yoast-seo-wordpress\/ -->\r\n<title>Legisla\u00e7\u00e3o - Biblioteca e Documenta\u00e7\u00e3o<\/title>\r\n<meta name=\"robots\" content=\"noindex, follow, max-snippet:-1, max-image-preview:large, max-video-preview:-1\" \/>\r\n<meta property=\"og:locale\" content=\"pt_BR\" \/>\r\n<meta property=\"og:type\" content=\"article\" \/>\r\n<meta property=\"og:title\" content=\"Legisla\u00e7\u00e3o - Biblioteca e Documenta\u00e7\u00e3o\" \/>\r\n<meta property=\"og:description\" content=\"A base de dados de Legisla\u00e7\u00e3o Municipal cont\u00e9m informa\u00e7\u00f5es sobre as normas jur\u00eddicas do munic\u00edpio: leis, decretos, decretos legislativos, emendas \u00e0 Lei Org\u00e2nica, resolu\u00e7\u00f5es e atos da C\u00e2mara, entre outras.... Leia mais &raquo;\" \/>\r\n<meta property=\"og:url\" content=\"https:\/\/www.saopaulo.sp.leg.br\/documentacao\/pesquisa\/legislacao\/\" \/>\r\n<meta property=\"og:site_name\" content=\"Biblioteca e Documenta\u00e7\u00e3o\" \/>\r\n<meta property=\"article:modified_time\" content=\"2023-08-25T12:49:24+00:00\" \/>\r\n<meta name=\"twitter:card\" content=\"summary_large_image\" \/>\r\n<meta name=\"twitter:label1\" content=\"Est. tempo de leitura\" \/>\n\t<meta name=\"twitter:data1\" content=\"7 minutos\" \/>\r\n<script type=\"application\/ld+json\" class=\"yoast-schema-graph\">{\"@context\":\"https:\\\/\\\/schema.org\",\"@graph\":[{\"@type\":\"WebPage\",\"@id\":\"https:\\\/\\\/www.saopaulo.sp.leg.br\\\/documentacao\\\/pesquisa\\\/legislacao\\\/\",\"url\":\"https:\\\/\\\/www.saopaulo.sp.leg.br\\\/documentacao\\\/pesquisa\\\/legislacao\\\/\",\"name\":\"Legisla\u00e7\u00e3o - Biblioteca e Documenta\u00e7\u00e3o\",\"isPartOf\":{\"@id\":\"https:\\\/\\\/homolog.saopaulo.sp.leg.br\\\/documentacao\\\/#website\"},\"datePublished\":\"2020-10-16T17:23:56+00:00\",\"dateModified\":\"2023-08-25T12:49:24+00:00\",\"breadcrumb\":{\"@id\":\"https:\\\/\\\/www.saopaulo.sp.leg.br\\\/documentacao\\\/pesquisa\\\/legislacao\\\/#breadcrumb\"},\"inLanguage\":\"pt-BR\",\"potentialAction\":[{\"@type\":\"ReadAction\",\"target\":[\"https:\\\/\\\/www.saopaulo.sp.leg.br\\\/documentacao\\\/pesquisa\\\/legislacao\\\/\"]}]},{\"@type\":\"BreadcrumbList\",\"@id\":\"https:\\\/\\\/www.saopaulo.sp.leg.br\\\/documentacao\\\/pesquisa\\\/legislacao\\\/#breadcrumb\",\"itemListElement\":[{\"@type\":\"ListItem\",\"position\":1,\"name\":\"In\u00edcio\",\"item\":\"https:\\\/\\\/www.saopaulo.sp.leg.br\\\/documentacao\\\/\"},{\"@type\":\"ListItem\",\"position\":2,\"name\":\"Pesquisa\",\"item\":\"https:\\\/\\\/www.saopaulo.sp.leg.br\\\/documentacao\\\/pesquisa\\\/\"},{\"@type\":\"ListItem\",\"position\":3,\"name\":\"Legisla\u00e7\u00e3o\"}]},{\"@type\":\"WebSite\",\"@id\":\"https:\\\/\\\/homolog.saopaulo.sp.leg.br\\\/documentacao\\\/#website\",\"url\":\"https:\\\/\\\/homolog.saopaulo.sp.leg.br\\\/documentacao\\\/\",\"name\":\"Biblioteca e Documenta\u00e7\u00e3o\",\"description\":\"Secretaria de Documenta\u00e7\u00e3o\",\"potentialAction\":[{\"@type\":\"SearchAction\",\"target\":{\"@type\":\"EntryPoint\",\"urlTemplate\":\"https:\\\/\\\/homolog.saopaulo.sp.leg.br\\\/documentacao\\\/?s={search_term_string}\"},\"query-input\":{\"@type\":\"PropertyValueSpecification\",\"valueRequired\":true,\"valueName\":\"search_term_string\"}}],\"inLanguage\":\"pt-BR\"}]}<\/script>\r\n<!-- \/ Yoast SEO plugin. -->","yoast_head_json":{"title":"Legisla\u00e7\u00e3o - Biblioteca e Documenta\u00e7\u00e3o","robots":{"index":"noindex","follow":"follow","max-snippet":"max-snippet:-1","max-image-preview":"max-image-preview:large","max-video-preview":"max-video-preview:-1"},"og_locale":"pt_BR","og_type":"article","og_title":"Legisla\u00e7\u00e3o - Biblioteca e Documenta\u00e7\u00e3o","og_description":"A base de dados de Legisla\u00e7\u00e3o Municipal cont\u00e9m informa\u00e7\u00f5es sobre as normas jur\u00eddicas do munic\u00edpio: leis, decretos, decretos legislativos, emendas \u00e0 Lei Org\u00e2nica, resolu\u00e7\u00f5es e atos da C\u00e2mara, entre outras.... Leia mais &raquo;","og_url":"https:\/\/www.saopaulo.sp.leg.br\/documentacao\/pesquisa\/legislacao\/","og_site_name":"Biblioteca e Documenta\u00e7\u00e3o","article_modified_time":"2023-08-25T12:49:24+00:00","twitter_card":"summary_large_image","twitter_misc":{"Est. tempo de leitura":"7 minutos"},"schema":{"@context":"https:\/\/schema.org","@graph":[{"@type":"WebPage","@id":"https:\/\/www.saopaulo.sp.leg.br\/documentacao\/pesquisa\/legislacao\/","url":"https:\/\/www.saopaulo.sp.leg.br\/documentacao\/pesquisa\/legislacao\/","name":"Legisla\u00e7\u00e3o - Biblioteca e Documenta\u00e7\u00e3o","isPartOf":{"@id":"https:\/\/homolog.saopaulo.sp.leg.br\/documentacao\/#website"},"datePublished":"2020-10-16T17:23:56+00:00","dateModified":"2023-08-25T12:49:24+00:00","breadcrumb":{"@id":"https:\/\/www.saopaulo.sp.leg.br\/documentacao\/pesquisa\/legislacao\/#breadcrumb"},"inLanguage":"pt-BR","potentialAction":[{"@type":"ReadAction","target":["https:\/\/www.saopaulo.sp.leg.br\/documentacao\/pesquisa\/legislacao\/"]}]},{"@type":"BreadcrumbList","@id":"https:\/\/www.saopaulo.sp.leg.br\/documentacao\/pesquisa\/legislacao\/#breadcrumb","itemListElement":[{"@type":"ListItem","position":1,"name":"In\u00edcio","item":"https:\/\/www.saopaulo.sp.leg.br\/documentacao\/"},{"@type":"ListItem","position":2,"name":"Pesquisa","item":"https:\/\/www.saopaulo.sp.leg.br\/documentacao\/pesquisa\/"},{"@type":"ListItem","position":3,"name":"Legisla\u00e7\u00e3o"}]},{"@type":"WebSite","@id":"https:\/\/homolog.saopaulo.sp.leg.br\/documentacao\/#website","url":"https:\/\/homolog.saopaulo.sp.leg.br\/documentacao\/","name":"Biblioteca e Documenta\u00e7\u00e3o","description":"Secretaria de Documenta\u00e7\u00e3o","potentialAction":[{"@type":"SearchAction","target":{"@type":"EntryPoint","urlTemplate":"https:\/\/homolog.saopaulo.sp.leg.br\/documentacao\/?s={search_term_string}"},"query-input":{"@type":"PropertyValueSpecification","valueRequired":true,"valueName":"search_term_string"}}],"inLanguage":"pt-BR"}]}},"_links":{"self":[{"href":"https:\/\/homolog.saopaulo.sp.leg.br\/documentacao\/wp-json\/wp\/v2\/pages\/1356","targetHints":{"allow":["GET"]}}],"collection":[{"href":"https:\/\/homolog.saopaulo.sp.leg.br\/documentacao\/wp-json\/wp\/v2\/pages"}],"about":[{"href":"https:\/\/homolog.saopaulo.sp.leg.br\/documentacao\/wp-json\/wp\/v2\/types\/page"}],"author":[{"embeddable":true,"href":"https:\/\/homolog.saopaulo.sp.leg.br\/documentacao\/wp-json\/wp\/v2\/users\/630"}],"replies":[{"embeddable":true,"href":"https:\/\/homolog.saopaulo.sp.leg.br\/documentacao\/wp-json\/wp\/v2\/comments?post=1356"}],"version-history":[{"count":7,"href":"https:\/\/homolog.saopaulo.sp.leg.br\/documentacao\/wp-json\/wp\/v2\/pages\/1356\/revisions"}],"predecessor-version":[{"id":3085,"href":"https:\/\/homolog.saopaulo.sp.leg.br\/documentacao\/wp-json\/wp\/v2\/pages\/1356\/revisions\/3085"}],"up":[{"embeddable":true,"href":"https:\/\/homolog.saopaulo.sp.leg.br\/documentacao\/wp-json\/wp\/v2\/pages\/934"}],"wp:attachment":[{"href":"https:\/\/homolog.saopaulo.sp.leg.br\/documentacao\/wp-json\/wp\/v2\/media?parent=1356"}],"curies":[{"name":"wp","href":"https:\/\/api.w.org\/{rel}","templated":true}]}}