{"id":1359,"date":"2020-10-16T14:25:21","date_gmt":"2020-10-16T17:25:21","guid":{"rendered":"http:\/\/homolog.saopaulo.sp.leg.br\/biblioteca-novo\/?page_id=1359"},"modified":"2023-08-08T16:24:29","modified_gmt":"2023-08-08T19:24:29","slug":"livros","status":"publish","type":"page","link":"https:\/\/homolog.saopaulo.sp.leg.br\/documentacao\/pesquisa\/livros\/","title":{"rendered":"Livros"},"content":{"rendered":"<p>A Biblioteca da C\u00e2mara Municipal de S\u00e3o Paulo mant\u00e9m um acervo de livros composto por aproximadamente 23 mil volumes, sendo respons\u00e1vel pela sele\u00e7\u00e3o, aquisi\u00e7\u00e3o, processamento t\u00e9cnico (cataloga\u00e7\u00e3o, classifica\u00e7\u00e3o, indexa\u00e7\u00e3o), organiza\u00e7\u00e3o, disponibiliza\u00e7\u00e3o e manuten\u00e7\u00e3o desse material bibliogr\u00e1fico.<\/p>\n<p>A <b><a href=\"http:\/\/saopaulo.sp.leg.br\/cgi-bin\/wxis.bin\/iah\/scripts\/?IsisScript=iah.xis&amp;lang=pt&amp;base=monog\" target=\"_blank\" rel=\"noopener\">base de dados de Livros<\/a><\/b> permite acesso aos dados bibliogr\u00e1ficos das obras. Esse acervo est\u00e1 dividido em cinco cole\u00e7\u00f5es:<\/p>\n<ul>\n<li>Cole\u00e7\u00e3o Bibliogr\u00e1fica Geral (incluindo as monografias produzidas pela Escola do Parlamento).<\/li>\n<li>Cole\u00e7\u00e3o S\u00e3o Paulo.<\/li>\n<li>Cole\u00e7\u00e3o Aureliano Leite.<\/li>\n<li>Cole\u00e7\u00e3o de obras de refer\u00eancia.<\/li>\n<li>Cole\u00e7\u00e3o de obras raras (incluindo a s\u00e9rie Brasiliana).<\/li>\n<\/ul>\n<p>\u00c9 poss\u00edvel pesquisar por:<\/p>\n<ul>\n<li>Autor.<\/li>\n<li>T\u00edtulo.<\/li>\n<li>Assunto.<\/li>\n<\/ul>\n<p>Para saber mais sobre as cole\u00e7\u00f5es de livros, <a href=\"..\/..\/colecao\/as-colecoes-da-secretaria\/#LIVROS\">clique aqui<\/a>.<\/p>\n<p>Para informa\u00e7\u00f5es sobre empr\u00e9stimo, <a href=\"..\/..\/produtos-e-servicos\/emprestimo\/\">clique aqui<\/a>.<\/p>\n<div class=\"box-instrucoes\">\n<h3>COMO PESQUISAR<\/h3>\n<p class=\"accordion\">Instru\u00e7\u00f5es gerais<\/p>\n<div class=\"panel\">\n<ul>\n<li><b>Se a pesquisa n\u00e3o estiver aparecendo, verifique seu bloqueador de pop-ups.<\/b><\/li>\n<li><b>N\u00e3o utilize acentos ou caracteres especiais<\/b>, tais como os acentos grave (`), agudo (\u00b4), til (~), circunflexo (^), aspas (\u201c), ap\u00f3strofo (&#8216;) e cedilha (\u00e7). Exemplos: direito a informacao; M Boi Mirim ; agua.<\/li>\n<li><b>N\u00e3o utilize barras (\/) ou hifens (-)<\/b> entre as palavras.<\/li>\n<li>Use o s\u00edmbolo de truncagem &#8220;$&#8221; (cifr\u00e3o) para pesquisar palavras com mesma raiz. Exemplo: &#8220;papel$&#8221; recupera &#8220;papel&#8221;, &#8220;papel\u00e3o&#8221;, &#8220;papeleiro&#8221;, etc.<\/li>\n<li>Clique no bot\u00e3o &#8220;Pesquisar&#8221; para executar a busca. <b>N\u00e3o aperte a tecla &lt;<i>enter<\/i>&gt;<\/b>.<\/li>\n<li>Existem dois tipos de formul\u00e1rios de pesquisa: o <em>formul\u00e1rio livre<\/em> (dispon\u00edvel quando se inicia a busca) e o <em>formul\u00e1rio avan\u00e7ado<\/em> (que pode ser acessado clicando-se no canto superior direito do formul\u00e1rio livre).<\/li>\n<\/ul>\n<\/div>\n<p class=\"accordion\">Formul\u00e1rio livre<\/p>\n<div class=\"panel\">\n<ul>\n<li>Na caixa de pesquisa do formul\u00e1rio livre digite uma ou mais palavras a serem pesquisadas, separadas apenas por espa\u00e7o.<\/li>\n<li>Escolha a op\u00e7\u00e3o desejada para a combina\u00e7\u00e3o das palavras na pesquisa: todas as palavras no mesmo documento (equivale ao <a href=\"#boolean\">operador booleano AND<\/a>) ou qualquer palavra (recupera documentos que tenham pelo menos uma das palavras e equivale ao <a href=\"#boolean\">operador booleano OR<\/a>).<\/li>\n<li><b>N\u00e3o digite <a href=\"#boolean\">operadores booleanos (AND, OR ou AND NOT)<\/a><\/b> na caixa de pesquisa.<\/li>\n<\/ul>\n<\/div>\n<p class=\"accordion\">Formul\u00e1rio avan\u00e7ado<\/p>\n<div class=\"panel\">\n<p>A pesquisa no formul\u00e1rio avan\u00e7ado permite especificar o campo a ser pesquisado, selecionar palavras a partir dos \u00edndices e combinar operadores booleanos diferentes numa mesma pesquisa.<\/p>\n<ul>\n<li style=\"list-style-type: none\">\n<ul>\n<li>Para especificar o campo em que a palavra ser\u00e1 pesquisada, digite apenas uma palavra em cada linha (1, 2, 3) e escolha o nome do campo. Para combin\u00e1-las, utilize os <a href=\"#boolean\">operadores booleanos (AND, OR ou AND NOT)<\/a> do pr\u00f3prio formul\u00e1rio.<\/li>\n<\/ul>\n<\/li>\n<\/ul>\n<p>Exemplo:<\/p>\n<ul>\n<li><img loading=\"lazy\" decoding=\"async\" class=\"aligncenter size-full wp-image-1932\" src=\"..\/..\/wp-content\/uploads\/sites\/34\/2021\/09\/pesquisa-10.jpg\" alt=\"\" width=\"1051\" height=\"163\" srcset=\"https:\/\/homolog.saopaulo.sp.leg.br\/documentacao\/wp-content\/uploads\/sites\/34\/2021\/09\/pesquisa-10.jpg 1051w, https:\/\/homolog.saopaulo.sp.leg.br\/documentacao\/wp-content\/uploads\/sites\/34\/2021\/09\/pesquisa-10-300x47.jpg 300w, https:\/\/homolog.saopaulo.sp.leg.br\/documentacao\/wp-content\/uploads\/sites\/34\/2021\/09\/pesquisa-10-1024x159.jpg 1024w, https:\/\/homolog.saopaulo.sp.leg.br\/documentacao\/wp-content\/uploads\/sites\/34\/2021\/09\/pesquisa-10-768x119.jpg 768w, https:\/\/homolog.saopaulo.sp.leg.br\/documentacao\/wp-content\/uploads\/sites\/34\/2021\/09\/pesquisa-10-180x28.jpg 180w\" sizes=\"auto, (max-width: 1051px) 100vw, 1051px\" \/><\/li>\n<\/ul>\n<p>(Esta pesquisa recupera livros de autores que tenham o sobrenome Meirelles que possuam a palavra \u201clicita\u00e7\u00e3o\u201d no t\u00edtulo).<\/p>\n<ul>\n<li>\u00c9 poss\u00edvel utilizar as aspas (\u201c) para realizar a pesquisa de dois ou mais termos numa ordem determinada. Por exemplo: a express\u00e3o \u201cigreja catolica\u201d ir\u00e1 recuperar os registros em que as palavras \u201cigreja cat\u00f3lica\u201d aparecem exatamente nesta sequ\u00eancia e n\u00e3o ir\u00e1 recuperar os registros em que s\u00f3 aparecem as palavras \u201cigreja\u201d e \u201ccat\u00f3lica\u201d sem estarem em sequ\u00eancia.<\/li>\n<li>Para selecionar as palavras mais adequadas \u00e0 pesquisa a partir de uma lista de termos, clique no bot\u00e3o &#8220;\u00edndice&#8221;: a partir da\u00ed ser\u00e1 poss\u00edvel verificar se o termo existe na base. Se o campo de pesquisa (ex. Assunto, Vereadores) estiver especificado, a busca ser\u00e1 feita somente nas palavras que ocorrem naquele campo. Para exibir a lista de termos, clique na letra inicial ou digite o come\u00e7o da palavra e acione \u201cmostrar \u00edndice\u201d. Em seguida, e s\u00f3 localizar o termo de interesse e pesquis\u00e1-lo diretamente ou adicion\u00e1-lo ao formul\u00e1rio para combina\u00e7\u00e3o com outros termos.<\/li>\n<li>Para pesquisar mais de tr\u00eas assuntos, pode-se digitar mais de uma palavra em uma mesma linha, desde que se utilize <a href=\"#boolean\">operadores booleanos (AND, OR ou AND NOT)<\/a> para combin\u00e1-las, <b>sem especificar o campo<\/b> (op\u00e7\u00e3o \u201cTodos os campos\u201d). Neste caso, use par\u00eanteses quando se quiser agrupar os termos da busca.<br \/>\nExemplo:<\/li>\n<\/ul>\n<img loading=\"lazy\" decoding=\"async\" class=\"aligncenter size-full wp-image-1933\" src=\"..\/..\/wp-content\/uploads\/sites\/34\/2021\/09\/pesquisa-11.jpg\" alt=\"\" width=\"1051\" height=\"190\" srcset=\"https:\/\/homolog.saopaulo.sp.leg.br\/documentacao\/wp-content\/uploads\/sites\/34\/2021\/09\/pesquisa-11.jpg 1051w, https:\/\/homolog.saopaulo.sp.leg.br\/documentacao\/wp-content\/uploads\/sites\/34\/2021\/09\/pesquisa-11-300x54.jpg 300w, https:\/\/homolog.saopaulo.sp.leg.br\/documentacao\/wp-content\/uploads\/sites\/34\/2021\/09\/pesquisa-11-1024x185.jpg 1024w, https:\/\/homolog.saopaulo.sp.leg.br\/documentacao\/wp-content\/uploads\/sites\/34\/2021\/09\/pesquisa-11-768x139.jpg 768w, https:\/\/homolog.saopaulo.sp.leg.br\/documentacao\/wp-content\/uploads\/sites\/34\/2021\/09\/pesquisa-11-180x33.jpg 180w\" sizes=\"auto, (max-width: 1051px) 100vw, 1051px\" \/>\n<p>(Esta pesquisa recupera livros em que apare\u00e7am os termos \u201celei\u00e7\u00e3o\u201d e \u201cprefeitura\u201d ou \u201celei\u00e7\u00e3o\u201d e \u201cgoverno\u201d nos campos de t\u00edtulo ou de assunto).<\/p>\n<\/div>\n<div id=\"boolean\" class=\"cf\"><\/div>\n<p class=\"accordion\">Operadores booleanos<\/p>\n<div class=\"panel\">\n<p>Operadores booleanos s\u00e3o comandos (neste caso, palavras em ingl\u00eas) que conectam termos de pesquisa para criar uma frase l\u00f3gica que a base de dados possa entender. Eles permitem criar pesquisas mais complexas que podem incluir m\u00faltiplos conceitos e termos alternativos. A seguir, \u00e9 apresentada uma lista dos operadores e das a\u00e7\u00f5es que eles realizam.<\/p>\n<table style=\"font-size: 0.75em\">\n<tbody>\n<tr>\n<td><strong>OPERADOR<\/strong><\/td>\n<td><strong>TRADU\u00c7\u00c3O<\/strong><\/td>\n<td><strong>EXEMPLO<\/strong><\/td>\n<td><strong>A\u00c7\u00c3O<\/strong><\/td>\n<td><strong>EFEITO<\/strong><\/td>\n<\/tr>\n<tr>\n<td><strong>and<\/strong><\/td>\n<td>e<\/td>\n<td>paciente and cuidados<\/td>\n<td>Recupera os documentos que contenham as duas palavras: \u201cpaciente\u201d e \u201ccuidados\u201d.<\/td>\n<td>Restringe a busca, diminui o n\u00famero de registros recuperados na base.<\/td>\n<\/tr>\n<tr>\n<td><strong>or<\/strong><\/td>\n<td>ou<\/td>\n<td>paciente or cuidados<\/td>\n<td>Recupera os documentos que contenham a palavra &#8220;paciente&#8221; ou a palavra &#8220;cuidados&#8221; ou documentos que contenham as duas palavras.<\/td>\n<td>Amplia a busca, aumenta o n\u00famero de registros recuperados na base.<\/td>\n<\/tr>\n<tr>\n<td><strong>and not<\/strong><\/td>\n<td>exceto<\/td>\n<td>paciente and not cuidados<\/td>\n<td>Recupera os documentos que contenham apenas a palavra &#8220;paciente&#8221; e n\u00e3o contenham a palavra &#8220;cuidados&#8221;.<\/td>\n<td>Remove resultados da busca, restringe o n\u00famero de registros recuperados na base.<\/td>\n<\/tr>\n<\/tbody>\n<\/table>\n<p>Al\u00e9m dos operadores booleanos, tamb\u00e9m \u00e9 poss\u00edvel usar os par\u00eanteses ( ) para agrupar os termos de busca e o cifr\u00e3o $ para buscar palavras com a mesma raiz. A combina\u00e7\u00e3o destes elementos permite a elabora\u00e7\u00e3o de estrat\u00e9gias de pesquisa bastante espec\u00edficas. A tabela a seguir apresenta um exemplo:<\/p>\n<table style=\"font-size: 0.75em\">\n<tbody>\n<tr>\n<td><strong>EXPRESS\u00c3O<\/strong><\/td>\n<td><strong>RESULTADOS<\/strong><\/td>\n<\/tr>\n<tr>\n<td>(tabaco or fumo or cigarr$) and cancer<\/td>\n<td>Recupera os documentos que contenham as palavras:<\/p>\n<ul>\n<li>\u201ctabaco\u201d e \u201cc\u00e2ncer\u201d;<\/li>\n<li>\u201cfumo\u201d e \u201cc\u00e2ncer\u201d;<\/li>\n<li>\u201ccigarro\u201d e \u201cc\u00e2ncer\u201d;<\/li>\n<li>\u201ccigarros\u201d e \u201cc\u00e2ncer\u201d.<\/li>\n<\/ul>\n<p>Exclui os documentos que contenham as palavras \u201ctabaco\u201d, \u201cfumo\u201d, \u201ccigarro\u201d, \u201ccigarros\u201d e n\u00e3o contenham a palavra \u201cc\u00e2ncer\u201d.<\/td>\n<\/tr>\n<\/tbody>\n<\/table>\n<\/div>\n<\/div>\n<hr \/>\n<p>Em caso de d\u00favidas na pesquisa da base de Livros, entrar em contato com:<\/p>\n<div style=\"font-size: 0.75em;margin-bottom: 25px;padding: 0 25px\"><b>Secretaria de Documenta\u00e7\u00e3o da C\u00e2mara Municipal de S\u00e3o Paulo (SGP.3)<\/b><br \/>\n<b>Equipe de Biblioteca (SGP.32)<\/b><br \/>\n<b>Telefone:<\/b> (11)3396-4331<br \/>\n<b>E-mail:<\/b> <a href=\"mailto:biblioteca@saopaulo.sp.leg.br\">biblioteca@saopaulo.sp.leg.br<\/a><\/div>\n","protected":false},"excerpt":{"rendered":"<p>A Biblioteca da C\u00e2mara Municipal de S\u00e3o Paulo mant\u00e9m um acervo de livros composto por aproximadamente 23 mil volumes, sendo respons\u00e1vel pela sele\u00e7\u00e3o, aquisi\u00e7\u00e3o, processamento t\u00e9cnico (cataloga\u00e7\u00e3o, classifica\u00e7\u00e3o, indexa\u00e7\u00e3o), organiza\u00e7\u00e3o,&#8230;  <a class=\"excerpt-read-more\" href=\"https:\/\/homolog.saopaulo.sp.leg.br\/documentacao\/pesquisa\/livros\/\" title=\"Leia Livros\">Leia mais &raquo;<\/a><\/p>\n","protected":false},"author":630,"featured_media":0,"parent":934,"menu_order":0,"comment_status":"closed","ping_status":"closed","template":"page-iframe.php","meta":{"_acf_changed":false,"footnotes":""},"class_list":["post-1359","page","type-page","status-publish","hentry"],"acf":[],"yoast_head":"<!-- This site is optimized with the Yoast SEO plugin v27.4 - https:\/\/yoast.com\/product\/yoast-seo-wordpress\/ -->\r\n<title>Livros - Biblioteca e Documenta\u00e7\u00e3o<\/title>\r\n<meta name=\"robots\" content=\"noindex, follow, max-snippet:-1, max-image-preview:large, max-video-preview:-1\" \/>\r\n<meta property=\"og:locale\" content=\"pt_BR\" \/>\r\n<meta property=\"og:type\" content=\"article\" \/>\r\n<meta property=\"og:title\" content=\"Livros - Biblioteca e Documenta\u00e7\u00e3o\" \/>\r\n<meta property=\"og:description\" content=\"A Biblioteca da C\u00e2mara Municipal de S\u00e3o Paulo mant\u00e9m um acervo de livros composto por aproximadamente 23 mil volumes, sendo respons\u00e1vel pela sele\u00e7\u00e3o, aquisi\u00e7\u00e3o, processamento t\u00e9cnico (cataloga\u00e7\u00e3o, classifica\u00e7\u00e3o, indexa\u00e7\u00e3o), organiza\u00e7\u00e3o,... Leia mais &raquo;\" \/>\r\n<meta property=\"og:url\" content=\"https:\/\/www.saopaulo.sp.leg.br\/documentacao\/pesquisa\/livros\/\" \/>\r\n<meta property=\"og:site_name\" content=\"Biblioteca e Documenta\u00e7\u00e3o\" \/>\r\n<meta property=\"article:modified_time\" content=\"2023-08-08T19:24:29+00:00\" \/>\r\n<meta name=\"twitter:card\" content=\"summary_large_image\" \/>\r\n<meta name=\"twitter:label1\" content=\"Est. tempo de leitura\" \/>\n\t<meta name=\"twitter:data1\" content=\"6 minutos\" \/>\r\n<script type=\"application\/ld+json\" class=\"yoast-schema-graph\">{\"@context\":\"https:\\\/\\\/schema.org\",\"@graph\":[{\"@type\":\"WebPage\",\"@id\":\"https:\\\/\\\/www.saopaulo.sp.leg.br\\\/documentacao\\\/pesquisa\\\/livros\\\/\",\"url\":\"https:\\\/\\\/www.saopaulo.sp.leg.br\\\/documentacao\\\/pesquisa\\\/livros\\\/\",\"name\":\"Livros - Biblioteca e Documenta\u00e7\u00e3o\",\"isPartOf\":{\"@id\":\"https:\\\/\\\/homolog.saopaulo.sp.leg.br\\\/documentacao\\\/#website\"},\"datePublished\":\"2020-10-16T17:25:21+00:00\",\"dateModified\":\"2023-08-08T19:24:29+00:00\",\"breadcrumb\":{\"@id\":\"https:\\\/\\\/www.saopaulo.sp.leg.br\\\/documentacao\\\/pesquisa\\\/livros\\\/#breadcrumb\"},\"inLanguage\":\"pt-BR\",\"potentialAction\":[{\"@type\":\"ReadAction\",\"target\":[\"https:\\\/\\\/www.saopaulo.sp.leg.br\\\/documentacao\\\/pesquisa\\\/livros\\\/\"]}]},{\"@type\":\"BreadcrumbList\",\"@id\":\"https:\\\/\\\/www.saopaulo.sp.leg.br\\\/documentacao\\\/pesquisa\\\/livros\\\/#breadcrumb\",\"itemListElement\":[{\"@type\":\"ListItem\",\"position\":1,\"name\":\"In\u00edcio\",\"item\":\"https:\\\/\\\/www.saopaulo.sp.leg.br\\\/documentacao\\\/\"},{\"@type\":\"ListItem\",\"position\":2,\"name\":\"Pesquisa\",\"item\":\"https:\\\/\\\/www.saopaulo.sp.leg.br\\\/documentacao\\\/pesquisa\\\/\"},{\"@type\":\"ListItem\",\"position\":3,\"name\":\"Livros\"}]},{\"@type\":\"WebSite\",\"@id\":\"https:\\\/\\\/homolog.saopaulo.sp.leg.br\\\/documentacao\\\/#website\",\"url\":\"https:\\\/\\\/homolog.saopaulo.sp.leg.br\\\/documentacao\\\/\",\"name\":\"Biblioteca e Documenta\u00e7\u00e3o\",\"description\":\"Secretaria de Documenta\u00e7\u00e3o\",\"potentialAction\":[{\"@type\":\"SearchAction\",\"target\":{\"@type\":\"EntryPoint\",\"urlTemplate\":\"https:\\\/\\\/homolog.saopaulo.sp.leg.br\\\/documentacao\\\/?s={search_term_string}\"},\"query-input\":{\"@type\":\"PropertyValueSpecification\",\"valueRequired\":true,\"valueName\":\"search_term_string\"}}],\"inLanguage\":\"pt-BR\"}]}<\/script>\r\n<!-- \/ Yoast SEO plugin. -->","yoast_head_json":{"title":"Livros - Biblioteca e Documenta\u00e7\u00e3o","robots":{"index":"noindex","follow":"follow","max-snippet":"max-snippet:-1","max-image-preview":"max-image-preview:large","max-video-preview":"max-video-preview:-1"},"og_locale":"pt_BR","og_type":"article","og_title":"Livros - Biblioteca e Documenta\u00e7\u00e3o","og_description":"A Biblioteca da C\u00e2mara Municipal de S\u00e3o Paulo mant\u00e9m um acervo de livros composto por aproximadamente 23 mil volumes, sendo respons\u00e1vel pela sele\u00e7\u00e3o, aquisi\u00e7\u00e3o, processamento t\u00e9cnico (cataloga\u00e7\u00e3o, classifica\u00e7\u00e3o, indexa\u00e7\u00e3o), organiza\u00e7\u00e3o,... Leia mais &raquo;","og_url":"https:\/\/www.saopaulo.sp.leg.br\/documentacao\/pesquisa\/livros\/","og_site_name":"Biblioteca e Documenta\u00e7\u00e3o","article_modified_time":"2023-08-08T19:24:29+00:00","twitter_card":"summary_large_image","twitter_misc":{"Est. tempo de leitura":"6 minutos"},"schema":{"@context":"https:\/\/schema.org","@graph":[{"@type":"WebPage","@id":"https:\/\/www.saopaulo.sp.leg.br\/documentacao\/pesquisa\/livros\/","url":"https:\/\/www.saopaulo.sp.leg.br\/documentacao\/pesquisa\/livros\/","name":"Livros - Biblioteca e Documenta\u00e7\u00e3o","isPartOf":{"@id":"https:\/\/homolog.saopaulo.sp.leg.br\/documentacao\/#website"},"datePublished":"2020-10-16T17:25:21+00:00","dateModified":"2023-08-08T19:24:29+00:00","breadcrumb":{"@id":"https:\/\/www.saopaulo.sp.leg.br\/documentacao\/pesquisa\/livros\/#breadcrumb"},"inLanguage":"pt-BR","potentialAction":[{"@type":"ReadAction","target":["https:\/\/www.saopaulo.sp.leg.br\/documentacao\/pesquisa\/livros\/"]}]},{"@type":"BreadcrumbList","@id":"https:\/\/www.saopaulo.sp.leg.br\/documentacao\/pesquisa\/livros\/#breadcrumb","itemListElement":[{"@type":"ListItem","position":1,"name":"In\u00edcio","item":"https:\/\/www.saopaulo.sp.leg.br\/documentacao\/"},{"@type":"ListItem","position":2,"name":"Pesquisa","item":"https:\/\/www.saopaulo.sp.leg.br\/documentacao\/pesquisa\/"},{"@type":"ListItem","position":3,"name":"Livros"}]},{"@type":"WebSite","@id":"https:\/\/homolog.saopaulo.sp.leg.br\/documentacao\/#website","url":"https:\/\/homolog.saopaulo.sp.leg.br\/documentacao\/","name":"Biblioteca e Documenta\u00e7\u00e3o","description":"Secretaria de Documenta\u00e7\u00e3o","potentialAction":[{"@type":"SearchAction","target":{"@type":"EntryPoint","urlTemplate":"https:\/\/homolog.saopaulo.sp.leg.br\/documentacao\/?s={search_term_string}"},"query-input":{"@type":"PropertyValueSpecification","valueRequired":true,"valueName":"search_term_string"}}],"inLanguage":"pt-BR"}]}},"_links":{"self":[{"href":"https:\/\/homolog.saopaulo.sp.leg.br\/documentacao\/wp-json\/wp\/v2\/pages\/1359","targetHints":{"allow":["GET"]}}],"collection":[{"href":"https:\/\/homolog.saopaulo.sp.leg.br\/documentacao\/wp-json\/wp\/v2\/pages"}],"about":[{"href":"https:\/\/homolog.saopaulo.sp.leg.br\/documentacao\/wp-json\/wp\/v2\/types\/page"}],"author":[{"embeddable":true,"href":"https:\/\/homolog.saopaulo.sp.leg.br\/documentacao\/wp-json\/wp\/v2\/users\/630"}],"replies":[{"embeddable":true,"href":"https:\/\/homolog.saopaulo.sp.leg.br\/documentacao\/wp-json\/wp\/v2\/comments?post=1359"}],"version-history":[{"count":6,"href":"https:\/\/homolog.saopaulo.sp.leg.br\/documentacao\/wp-json\/wp\/v2\/pages\/1359\/revisions"}],"predecessor-version":[{"id":2996,"href":"https:\/\/homolog.saopaulo.sp.leg.br\/documentacao\/wp-json\/wp\/v2\/pages\/1359\/revisions\/2996"}],"up":[{"embeddable":true,"href":"https:\/\/homolog.saopaulo.sp.leg.br\/documentacao\/wp-json\/wp\/v2\/pages\/934"}],"wp:attachment":[{"href":"https:\/\/homolog.saopaulo.sp.leg.br\/documentacao\/wp-json\/wp\/v2\/media?parent=1359"}],"curies":[{"name":"wp","href":"https:\/\/api.w.org\/{rel}","templated":true}]}}