{"id":1699,"date":"2021-09-16T13:58:25","date_gmt":"2021-09-16T16:58:25","guid":{"rendered":"https:\/\/homolog.saopaulo.sp.leg.br\/biblioteca-novo\/?page_id=1699"},"modified":"2023-08-08T18:28:34","modified_gmt":"2023-08-08T21:28:34","slug":"orientacao-a-pesquisa","status":"publish","type":"page","link":"https:\/\/homolog.saopaulo.sp.leg.br\/documentacao\/pesquisa\/orientacao-a-pesquisa\/","title":{"rendered":"Orienta\u00e7\u00e3o \u00e0 Pesquisa"},"content":{"rendered":"<p>Relacionamos a seguir guias e manuais de pesquisa e uso das bases de dados e das ferramentas utilizadas pela Secretaria.<\/p>\n<p>As Equipes se encontram \u00e0 disposi\u00e7\u00e3o para orienta\u00e7\u00e3o e esclarecimento de d\u00favidas:<\/p>\n<ul>\n<li>Uso do <a href=\"https:\/\/splegisconsulta.saopaulo.sp.leg.br\/\">SPLegis<\/a> na pesquisa de projetos apresentados na C\u00e2mara.<\/li>\n<li><a href=\"..\/..\/pesquisa\/\">Pesquisa nas bases de dados<\/a> mantidas pela Secretaria de Documenta\u00e7\u00e3o.<\/li>\n<\/ul>\n<p>O atendimento n\u00e3o abrange a interpreta\u00e7\u00e3o ou manifesta\u00e7\u00f5es sobre a aplica\u00e7\u00e3o de normas e proposituras.<\/p>\n<h3>Manuais e Guias<\/h3>\n<ul>\n<li>Pesquisa em bases de dados da Secretaria de Documenta\u00e7\u00e3o: <a href=\"https:\/\/homolog.saopaulo.sp.leg.br\/documentacao\/wp-content\/uploads\/sites\/34\/2021\/09\/Portal-ManualDoUsuario.pdf\">Manual do usu\u00e1rio<\/a>.<\/li>\n<li>Base Atas e Anais da CMSP (<a style=\"background-color: #ffffff\" href=\"https:\/\/homolog.saopaulo.sp.leg.br\/memoria\/wp-content\/uploads\/sites\/20\/2020\/01\/Base-Atas-e-Anais-CMSP-Orienta%C3%A7%C3%B5es.pdf\">orienta\u00e7\u00f5es para pesquisa na base de dados<\/a>, com explica\u00e7\u00f5es sobre campos de busca, recursos e outras informa\u00e7\u00f5es).<\/li>\n<li>SPLegis Sistema do Processo Legislativo: <a style=\"background-color: #ffffff\" href=\"https:\/\/splegisconsulta.saopaulo.sp.leg.br\/Content\/manual\/ManualUsuarioRev2.pdf\">Manual de pesquisa de projetos e relat\u00f3rios detalhado da mat\u00e9ria<\/a>. Desenvolvido pela Equipe de Desenvolvimento e Suporte a Sistemas do Centro de Tecnologia da Informa\u00e7\u00e3o da C\u00e2mara Municipal.<\/li>\n<\/ul>\n<p>A Secretaria elaborou uma <a href=\"https:\/\/homolog.saopaulo.sp.leg.br\/documentacao\/wp-content\/uploads\/sites\/34\/2023\/08\/Documentacao-CMSP-Recursos-de-Pesquisa-2023.pdf\" target=\"_blank\" rel=\"noopener\">apresenta\u00e7\u00e3o<\/a> explicando qual o conte\u00fado principal e como fazer as pesquisas mais comuns nas principais bases da Secretaria.<\/p>\n","protected":false},"excerpt":{"rendered":"<p>Relacionamos a seguir guias e manuais de pesquisa e uso das bases de dados e das ferramentas utilizadas pela Secretaria. As Equipes se encontram \u00e0 disposi\u00e7\u00e3o para orienta\u00e7\u00e3o e esclarecimento&#8230;  <a class=\"excerpt-read-more\" href=\"https:\/\/homolog.saopaulo.sp.leg.br\/documentacao\/pesquisa\/orientacao-a-pesquisa\/\" title=\"Leia Orienta\u00e7\u00e3o \u00e0 Pesquisa\">Leia mais &raquo;<\/a><\/p>\n","protected":false},"author":630,"featured_media":0,"parent":934,"menu_order":0,"comment_status":"closed","ping_status":"closed","template":"page-menupesquisa.php","meta":{"_acf_changed":false,"footnotes":""},"class_list":["post-1699","page","type-page","status-publish","hentry"],"acf":[],"yoast_head":"<!-- This site is optimized with the Yoast SEO plugin v27.4 - https:\/\/yoast.com\/product\/yoast-seo-wordpress\/ -->\r\n<title>Orienta\u00e7\u00e3o \u00e0 Pesquisa - Biblioteca e Documenta\u00e7\u00e3o<\/title>\r\n<meta name=\"robots\" content=\"noindex, follow, max-snippet:-1, max-image-preview:large, max-video-preview:-1\" \/>\r\n<meta property=\"og:locale\" content=\"pt_BR\" \/>\r\n<meta property=\"og:type\" content=\"article\" \/>\r\n<meta property=\"og:title\" content=\"Orienta\u00e7\u00e3o \u00e0 Pesquisa - Biblioteca e Documenta\u00e7\u00e3o\" \/>\r\n<meta property=\"og:description\" content=\"Relacionamos a seguir guias e manuais de pesquisa e uso das bases de dados e das ferramentas utilizadas pela Secretaria. As Equipes se encontram \u00e0 disposi\u00e7\u00e3o para orienta\u00e7\u00e3o e esclarecimento... Leia mais &raquo;\" \/>\r\n<meta property=\"og:url\" content=\"https:\/\/www.saopaulo.sp.leg.br\/documentacao\/pesquisa\/orientacao-a-pesquisa\/\" \/>\r\n<meta property=\"og:site_name\" content=\"Biblioteca e Documenta\u00e7\u00e3o\" \/>\r\n<meta property=\"article:modified_time\" content=\"2023-08-08T21:28:34+00:00\" \/>\r\n<meta name=\"twitter:card\" content=\"summary_large_image\" \/>\r\n<meta name=\"twitter:label1\" content=\"Est. tempo de leitura\" \/>\n\t<meta name=\"twitter:data1\" content=\"1 minuto\" \/>\r\n<script type=\"application\/ld+json\" class=\"yoast-schema-graph\">{\"@context\":\"https:\\\/\\\/schema.org\",\"@graph\":[{\"@type\":\"WebPage\",\"@id\":\"https:\\\/\\\/www.saopaulo.sp.leg.br\\\/documentacao\\\/pesquisa\\\/orientacao-a-pesquisa\\\/\",\"url\":\"https:\\\/\\\/www.saopaulo.sp.leg.br\\\/documentacao\\\/pesquisa\\\/orientacao-a-pesquisa\\\/\",\"name\":\"Orienta\u00e7\u00e3o \u00e0 Pesquisa - Biblioteca e Documenta\u00e7\u00e3o\",\"isPartOf\":{\"@id\":\"https:\\\/\\\/homolog.saopaulo.sp.leg.br\\\/documentacao\\\/#website\"},\"datePublished\":\"2021-09-16T16:58:25+00:00\",\"dateModified\":\"2023-08-08T21:28:34+00:00\",\"breadcrumb\":{\"@id\":\"https:\\\/\\\/www.saopaulo.sp.leg.br\\\/documentacao\\\/pesquisa\\\/orientacao-a-pesquisa\\\/#breadcrumb\"},\"inLanguage\":\"pt-BR\",\"potentialAction\":[{\"@type\":\"ReadAction\",\"target\":[\"https:\\\/\\\/www.saopaulo.sp.leg.br\\\/documentacao\\\/pesquisa\\\/orientacao-a-pesquisa\\\/\"]}]},{\"@type\":\"BreadcrumbList\",\"@id\":\"https:\\\/\\\/www.saopaulo.sp.leg.br\\\/documentacao\\\/pesquisa\\\/orientacao-a-pesquisa\\\/#breadcrumb\",\"itemListElement\":[{\"@type\":\"ListItem\",\"position\":1,\"name\":\"In\u00edcio\",\"item\":\"https:\\\/\\\/www.saopaulo.sp.leg.br\\\/documentacao\\\/\"},{\"@type\":\"ListItem\",\"position\":2,\"name\":\"Pesquisa\",\"item\":\"https:\\\/\\\/www.saopaulo.sp.leg.br\\\/documentacao\\\/pesquisa\\\/\"},{\"@type\":\"ListItem\",\"position\":3,\"name\":\"Orienta\u00e7\u00e3o \u00e0 Pesquisa\"}]},{\"@type\":\"WebSite\",\"@id\":\"https:\\\/\\\/homolog.saopaulo.sp.leg.br\\\/documentacao\\\/#website\",\"url\":\"https:\\\/\\\/homolog.saopaulo.sp.leg.br\\\/documentacao\\\/\",\"name\":\"Biblioteca e Documenta\u00e7\u00e3o\",\"description\":\"Secretaria de Documenta\u00e7\u00e3o\",\"potentialAction\":[{\"@type\":\"SearchAction\",\"target\":{\"@type\":\"EntryPoint\",\"urlTemplate\":\"https:\\\/\\\/homolog.saopaulo.sp.leg.br\\\/documentacao\\\/?s={search_term_string}\"},\"query-input\":{\"@type\":\"PropertyValueSpecification\",\"valueRequired\":true,\"valueName\":\"search_term_string\"}}],\"inLanguage\":\"pt-BR\"}]}<\/script>\r\n<!-- \/ Yoast SEO plugin. -->","yoast_head_json":{"title":"Orienta\u00e7\u00e3o \u00e0 Pesquisa - Biblioteca e Documenta\u00e7\u00e3o","robots":{"index":"noindex","follow":"follow","max-snippet":"max-snippet:-1","max-image-preview":"max-image-preview:large","max-video-preview":"max-video-preview:-1"},"og_locale":"pt_BR","og_type":"article","og_title":"Orienta\u00e7\u00e3o \u00e0 Pesquisa - Biblioteca e Documenta\u00e7\u00e3o","og_description":"Relacionamos a seguir guias e manuais de pesquisa e uso das bases de dados e das ferramentas utilizadas pela Secretaria. As Equipes se encontram \u00e0 disposi\u00e7\u00e3o para orienta\u00e7\u00e3o e esclarecimento... Leia mais &raquo;","og_url":"https:\/\/www.saopaulo.sp.leg.br\/documentacao\/pesquisa\/orientacao-a-pesquisa\/","og_site_name":"Biblioteca e Documenta\u00e7\u00e3o","article_modified_time":"2023-08-08T21:28:34+00:00","twitter_card":"summary_large_image","twitter_misc":{"Est. tempo de leitura":"1 minuto"},"schema":{"@context":"https:\/\/schema.org","@graph":[{"@type":"WebPage","@id":"https:\/\/www.saopaulo.sp.leg.br\/documentacao\/pesquisa\/orientacao-a-pesquisa\/","url":"https:\/\/www.saopaulo.sp.leg.br\/documentacao\/pesquisa\/orientacao-a-pesquisa\/","name":"Orienta\u00e7\u00e3o \u00e0 Pesquisa - Biblioteca e Documenta\u00e7\u00e3o","isPartOf":{"@id":"https:\/\/homolog.saopaulo.sp.leg.br\/documentacao\/#website"},"datePublished":"2021-09-16T16:58:25+00:00","dateModified":"2023-08-08T21:28:34+00:00","breadcrumb":{"@id":"https:\/\/www.saopaulo.sp.leg.br\/documentacao\/pesquisa\/orientacao-a-pesquisa\/#breadcrumb"},"inLanguage":"pt-BR","potentialAction":[{"@type":"ReadAction","target":["https:\/\/www.saopaulo.sp.leg.br\/documentacao\/pesquisa\/orientacao-a-pesquisa\/"]}]},{"@type":"BreadcrumbList","@id":"https:\/\/www.saopaulo.sp.leg.br\/documentacao\/pesquisa\/orientacao-a-pesquisa\/#breadcrumb","itemListElement":[{"@type":"ListItem","position":1,"name":"In\u00edcio","item":"https:\/\/www.saopaulo.sp.leg.br\/documentacao\/"},{"@type":"ListItem","position":2,"name":"Pesquisa","item":"https:\/\/www.saopaulo.sp.leg.br\/documentacao\/pesquisa\/"},{"@type":"ListItem","position":3,"name":"Orienta\u00e7\u00e3o \u00e0 Pesquisa"}]},{"@type":"WebSite","@id":"https:\/\/homolog.saopaulo.sp.leg.br\/documentacao\/#website","url":"https:\/\/homolog.saopaulo.sp.leg.br\/documentacao\/","name":"Biblioteca e Documenta\u00e7\u00e3o","description":"Secretaria de Documenta\u00e7\u00e3o","potentialAction":[{"@type":"SearchAction","target":{"@type":"EntryPoint","urlTemplate":"https:\/\/homolog.saopaulo.sp.leg.br\/documentacao\/?s={search_term_string}"},"query-input":{"@type":"PropertyValueSpecification","valueRequired":true,"valueName":"search_term_string"}}],"inLanguage":"pt-BR"}]}},"_links":{"self":[{"href":"https:\/\/homolog.saopaulo.sp.leg.br\/documentacao\/wp-json\/wp\/v2\/pages\/1699","targetHints":{"allow":["GET"]}}],"collection":[{"href":"https:\/\/homolog.saopaulo.sp.leg.br\/documentacao\/wp-json\/wp\/v2\/pages"}],"about":[{"href":"https:\/\/homolog.saopaulo.sp.leg.br\/documentacao\/wp-json\/wp\/v2\/types\/page"}],"author":[{"embeddable":true,"href":"https:\/\/homolog.saopaulo.sp.leg.br\/documentacao\/wp-json\/wp\/v2\/users\/630"}],"replies":[{"embeddable":true,"href":"https:\/\/homolog.saopaulo.sp.leg.br\/documentacao\/wp-json\/wp\/v2\/comments?post=1699"}],"version-history":[{"count":8,"href":"https:\/\/homolog.saopaulo.sp.leg.br\/documentacao\/wp-json\/wp\/v2\/pages\/1699\/revisions"}],"predecessor-version":[{"id":3031,"href":"https:\/\/homolog.saopaulo.sp.leg.br\/documentacao\/wp-json\/wp\/v2\/pages\/1699\/revisions\/3031"}],"up":[{"embeddable":true,"href":"https:\/\/homolog.saopaulo.sp.leg.br\/documentacao\/wp-json\/wp\/v2\/pages\/934"}],"wp:attachment":[{"href":"https:\/\/homolog.saopaulo.sp.leg.br\/documentacao\/wp-json\/wp\/v2\/media?parent=1699"}],"curies":[{"name":"wp","href":"https:\/\/api.w.org\/{rel}","templated":true}]}}