{"id":2116,"date":"2021-11-30T16:55:10","date_gmt":"2021-11-30T19:55:10","guid":{"rendered":"https:\/\/homolog.saopaulo.sp.leg.br\/biblioteca-novo\/?page_id=2116"},"modified":"2023-08-14T17:50:24","modified_gmt":"2023-08-14T20:50:24","slug":"splegis","status":"publish","type":"page","link":"https:\/\/homolog.saopaulo.sp.leg.br\/documentacao\/pesquisa\/splegis\/","title":{"rendered":"SPLegis"},"content":{"rendered":"<p>Desenvolvido pelo Centro de Tecnologia da Informa\u00e7\u00e3o \u2013 CTI da C\u00e2mara Municipal de S\u00e3o Paulo, o <a href=\"https:\/\/homolog.saopaulo.sp.leg.br\/atividade-legislativa\/splegis-consulta\/\" target=\"_blank\" rel=\"noopener\"><strong>SPLegis (Sistema do Processo Legislativo)<\/strong><\/a> \u00e9 o sistema que gerencia os processos e documentos legislativos da C\u00e2mara a partir de 1991. \u00c9 a partir dele que se realiza a tramita\u00e7\u00e3o das mat\u00e9rias legislativas, desde o momento da sua apresenta\u00e7\u00e3o e autua\u00e7\u00e3o inicial at\u00e9 o seu encerramento e arquivamento no <a href=\"https:\/\/homolog.saopaulo.sp.leg.br\/documentacao\/a-secretaria-de-documentacao\/arquivo-geral\/\">Arquivo Geral<\/a>.<\/p>\n<p>O <strong>SPLegis<\/strong> apresenta informa\u00e7\u00f5es sobre a tramita\u00e7\u00e3o e permite o acesso aos arquivos digitais que cont\u00eam a \u00edntegra dos processos legislativos. Al\u00e9m dos projetos (projetos de lei, de decreto legislativo, de resolu\u00e7\u00e3o e de emenda \u00e0 Lei Org\u00e2nica), tamb\u00e9m est\u00e3o dispon\u00edveis informa\u00e7\u00f5es sobre indica\u00e7\u00f5es, mo\u00e7\u00f5es, requerimentos e recursos apresentados pelos vereadores, bem como of\u00edcios e documentos recebidos de \u00f3rg\u00e3os externos.<\/p>\n<p>No <strong>SPLegis<\/strong>, \u00e9 poss\u00edvel pesquisar os projetos por:<\/p>\n<ul>\n<li>Tipo, n\u00famero e ano de apresenta\u00e7\u00e3o.<\/li>\n<li>Data de leitura.<\/li>\n<li>Autor (promovente).<\/li>\n<li>Assunto.<\/li>\n<li>Norma originada com a aprova\u00e7\u00e3o do projeto.<\/li>\n<li>Tipo de veto.<\/li>\n<li>Projetos em tramita\u00e7\u00e3o.<\/li>\n<li>Projetos promulgados.<\/li>\n<\/ul>\n<h3>COMO PESQUISAR<\/h3>\n<p>Acesse o <a href=\"https:\/\/splegisconsulta.saopaulo.sp.leg.br\/Content\/manual\/ManualUsuarioRev2.pdf\" target=\"_blank\" rel=\"noopener\">Manual do usu\u00e1rio<\/a>, que est\u00e1 dispon\u00edvel na <a href=\"https:\/\/splegisconsulta.saopaulo.sp.leg.br\/\" target=\"_blank\" rel=\"noopener\">p\u00e1gina do SPLegis<\/a>, na lista que est\u00e1 no menu <em>Outros<\/em>.<\/p>\n","protected":false},"excerpt":{"rendered":"<p>Desenvolvido pelo Centro de Tecnologia da Informa\u00e7\u00e3o \u2013 CTI da C\u00e2mara Municipal de S\u00e3o Paulo, o SPLegis (Sistema do Processo Legislativo) \u00e9 o sistema que gerencia os processos e documentos&#8230;  <a class=\"excerpt-read-more\" href=\"https:\/\/homolog.saopaulo.sp.leg.br\/documentacao\/pesquisa\/splegis\/\" title=\"Leia SPLegis\">Leia mais &raquo;<\/a><\/p>\n","protected":false},"author":630,"featured_media":0,"parent":934,"menu_order":0,"comment_status":"closed","ping_status":"closed","template":"page-menupesquisa.php","meta":{"_acf_changed":false,"footnotes":""},"class_list":["post-2116","page","type-page","status-publish","hentry"],"acf":[],"yoast_head":"<!-- This site is optimized with the Yoast SEO plugin v27.4 - https:\/\/yoast.com\/product\/yoast-seo-wordpress\/ -->\r\n<title>SPLegis - Biblioteca e Documenta\u00e7\u00e3o<\/title>\r\n<meta name=\"robots\" content=\"noindex, follow, max-snippet:-1, max-image-preview:large, max-video-preview:-1\" \/>\r\n<meta property=\"og:locale\" content=\"pt_BR\" \/>\r\n<meta property=\"og:type\" content=\"article\" \/>\r\n<meta property=\"og:title\" content=\"SPLegis - Biblioteca e Documenta\u00e7\u00e3o\" \/>\r\n<meta property=\"og:description\" content=\"Desenvolvido pelo Centro de Tecnologia da Informa\u00e7\u00e3o \u2013 CTI da C\u00e2mara Municipal de S\u00e3o Paulo, o SPLegis (Sistema do Processo Legislativo) \u00e9 o sistema que gerencia os processos e documentos... Leia mais &raquo;\" \/>\r\n<meta property=\"og:url\" content=\"https:\/\/www.saopaulo.sp.leg.br\/documentacao\/pesquisa\/splegis\/\" \/>\r\n<meta property=\"og:site_name\" content=\"Biblioteca e Documenta\u00e7\u00e3o\" \/>\r\n<meta property=\"article:modified_time\" content=\"2023-08-14T20:50:24+00:00\" \/>\r\n<meta name=\"twitter:card\" content=\"summary_large_image\" \/>\r\n<meta name=\"twitter:label1\" content=\"Est. tempo de leitura\" \/>\n\t<meta name=\"twitter:data1\" content=\"2 minutos\" \/>\r\n<script type=\"application\/ld+json\" class=\"yoast-schema-graph\">{\"@context\":\"https:\\\/\\\/schema.org\",\"@graph\":[{\"@type\":\"WebPage\",\"@id\":\"https:\\\/\\\/www.saopaulo.sp.leg.br\\\/documentacao\\\/pesquisa\\\/splegis\\\/\",\"url\":\"https:\\\/\\\/www.saopaulo.sp.leg.br\\\/documentacao\\\/pesquisa\\\/splegis\\\/\",\"name\":\"SPLegis - Biblioteca e Documenta\u00e7\u00e3o\",\"isPartOf\":{\"@id\":\"https:\\\/\\\/homolog.saopaulo.sp.leg.br\\\/documentacao\\\/#website\"},\"datePublished\":\"2021-11-30T19:55:10+00:00\",\"dateModified\":\"2023-08-14T20:50:24+00:00\",\"breadcrumb\":{\"@id\":\"https:\\\/\\\/www.saopaulo.sp.leg.br\\\/documentacao\\\/pesquisa\\\/splegis\\\/#breadcrumb\"},\"inLanguage\":\"pt-BR\",\"potentialAction\":[{\"@type\":\"ReadAction\",\"target\":[\"https:\\\/\\\/www.saopaulo.sp.leg.br\\\/documentacao\\\/pesquisa\\\/splegis\\\/\"]}]},{\"@type\":\"BreadcrumbList\",\"@id\":\"https:\\\/\\\/www.saopaulo.sp.leg.br\\\/documentacao\\\/pesquisa\\\/splegis\\\/#breadcrumb\",\"itemListElement\":[{\"@type\":\"ListItem\",\"position\":1,\"name\":\"In\u00edcio\",\"item\":\"https:\\\/\\\/www.saopaulo.sp.leg.br\\\/documentacao\\\/\"},{\"@type\":\"ListItem\",\"position\":2,\"name\":\"Pesquisa\",\"item\":\"https:\\\/\\\/www.saopaulo.sp.leg.br\\\/documentacao\\\/pesquisa\\\/\"},{\"@type\":\"ListItem\",\"position\":3,\"name\":\"SPLegis\"}]},{\"@type\":\"WebSite\",\"@id\":\"https:\\\/\\\/homolog.saopaulo.sp.leg.br\\\/documentacao\\\/#website\",\"url\":\"https:\\\/\\\/homolog.saopaulo.sp.leg.br\\\/documentacao\\\/\",\"name\":\"Biblioteca e Documenta\u00e7\u00e3o\",\"description\":\"Secretaria de Documenta\u00e7\u00e3o\",\"potentialAction\":[{\"@type\":\"SearchAction\",\"target\":{\"@type\":\"EntryPoint\",\"urlTemplate\":\"https:\\\/\\\/homolog.saopaulo.sp.leg.br\\\/documentacao\\\/?s={search_term_string}\"},\"query-input\":{\"@type\":\"PropertyValueSpecification\",\"valueRequired\":true,\"valueName\":\"search_term_string\"}}],\"inLanguage\":\"pt-BR\"}]}<\/script>\r\n<!-- \/ Yoast SEO plugin. -->","yoast_head_json":{"title":"SPLegis - Biblioteca e Documenta\u00e7\u00e3o","robots":{"index":"noindex","follow":"follow","max-snippet":"max-snippet:-1","max-image-preview":"max-image-preview:large","max-video-preview":"max-video-preview:-1"},"og_locale":"pt_BR","og_type":"article","og_title":"SPLegis - Biblioteca e Documenta\u00e7\u00e3o","og_description":"Desenvolvido pelo Centro de Tecnologia da Informa\u00e7\u00e3o \u2013 CTI da C\u00e2mara Municipal de S\u00e3o Paulo, o SPLegis (Sistema do Processo Legislativo) \u00e9 o sistema que gerencia os processos e documentos... Leia mais &raquo;","og_url":"https:\/\/www.saopaulo.sp.leg.br\/documentacao\/pesquisa\/splegis\/","og_site_name":"Biblioteca e Documenta\u00e7\u00e3o","article_modified_time":"2023-08-14T20:50:24+00:00","twitter_card":"summary_large_image","twitter_misc":{"Est. tempo de leitura":"2 minutos"},"schema":{"@context":"https:\/\/schema.org","@graph":[{"@type":"WebPage","@id":"https:\/\/www.saopaulo.sp.leg.br\/documentacao\/pesquisa\/splegis\/","url":"https:\/\/www.saopaulo.sp.leg.br\/documentacao\/pesquisa\/splegis\/","name":"SPLegis - Biblioteca e Documenta\u00e7\u00e3o","isPartOf":{"@id":"https:\/\/homolog.saopaulo.sp.leg.br\/documentacao\/#website"},"datePublished":"2021-11-30T19:55:10+00:00","dateModified":"2023-08-14T20:50:24+00:00","breadcrumb":{"@id":"https:\/\/www.saopaulo.sp.leg.br\/documentacao\/pesquisa\/splegis\/#breadcrumb"},"inLanguage":"pt-BR","potentialAction":[{"@type":"ReadAction","target":["https:\/\/www.saopaulo.sp.leg.br\/documentacao\/pesquisa\/splegis\/"]}]},{"@type":"BreadcrumbList","@id":"https:\/\/www.saopaulo.sp.leg.br\/documentacao\/pesquisa\/splegis\/#breadcrumb","itemListElement":[{"@type":"ListItem","position":1,"name":"In\u00edcio","item":"https:\/\/www.saopaulo.sp.leg.br\/documentacao\/"},{"@type":"ListItem","position":2,"name":"Pesquisa","item":"https:\/\/www.saopaulo.sp.leg.br\/documentacao\/pesquisa\/"},{"@type":"ListItem","position":3,"name":"SPLegis"}]},{"@type":"WebSite","@id":"https:\/\/homolog.saopaulo.sp.leg.br\/documentacao\/#website","url":"https:\/\/homolog.saopaulo.sp.leg.br\/documentacao\/","name":"Biblioteca e Documenta\u00e7\u00e3o","description":"Secretaria de Documenta\u00e7\u00e3o","potentialAction":[{"@type":"SearchAction","target":{"@type":"EntryPoint","urlTemplate":"https:\/\/homolog.saopaulo.sp.leg.br\/documentacao\/?s={search_term_string}"},"query-input":{"@type":"PropertyValueSpecification","valueRequired":true,"valueName":"search_term_string"}}],"inLanguage":"pt-BR"}]}},"_links":{"self":[{"href":"https:\/\/homolog.saopaulo.sp.leg.br\/documentacao\/wp-json\/wp\/v2\/pages\/2116","targetHints":{"allow":["GET"]}}],"collection":[{"href":"https:\/\/homolog.saopaulo.sp.leg.br\/documentacao\/wp-json\/wp\/v2\/pages"}],"about":[{"href":"https:\/\/homolog.saopaulo.sp.leg.br\/documentacao\/wp-json\/wp\/v2\/types\/page"}],"author":[{"embeddable":true,"href":"https:\/\/homolog.saopaulo.sp.leg.br\/documentacao\/wp-json\/wp\/v2\/users\/630"}],"replies":[{"embeddable":true,"href":"https:\/\/homolog.saopaulo.sp.leg.br\/documentacao\/wp-json\/wp\/v2\/comments?post=2116"}],"version-history":[{"count":6,"href":"https:\/\/homolog.saopaulo.sp.leg.br\/documentacao\/wp-json\/wp\/v2\/pages\/2116\/revisions"}],"predecessor-version":[{"id":3062,"href":"https:\/\/homolog.saopaulo.sp.leg.br\/documentacao\/wp-json\/wp\/v2\/pages\/2116\/revisions\/3062"}],"up":[{"embeddable":true,"href":"https:\/\/homolog.saopaulo.sp.leg.br\/documentacao\/wp-json\/wp\/v2\/pages\/934"}],"wp:attachment":[{"href":"https:\/\/homolog.saopaulo.sp.leg.br\/documentacao\/wp-json\/wp\/v2\/media?parent=2116"}],"curies":[{"name":"wp","href":"https:\/\/api.w.org\/{rel}","templated":true}]}}