{"id":934,"date":"2020-04-15T18:48:27","date_gmt":"2020-04-15T21:48:27","guid":{"rendered":"http:\/\/homolog.saopaulo.sp.leg.br\/biblioteca-novo\/?page_id=934"},"modified":"2023-06-20T16:25:34","modified_gmt":"2023-06-20T19:25:34","slug":"pesquisa","status":"publish","type":"page","link":"https:\/\/homolog.saopaulo.sp.leg.br\/documentacao\/pesquisa\/","title":{"rendered":"Pesquisa"},"content":{"rendered":"<p>A Secretaria de Documenta\u00e7\u00e3o, por interm\u00e9dio das suas tr\u00eas Supervis\u00f5es (Equipes de <a href=\"..\/a-secretaria-de-documentacao\/biblioteca\/\">Biblioteca<\/a>, de <a href=\"..\/a-secretaria-de-documentacao\/documentacao-do-legislativo\/\">Documenta\u00e7\u00e3o do Legislativo<\/a> e de <a href=\"..\/a-secretaria-de-documentacao\/arquivo-geral\/\">Arquivo Geral<\/a> administra e disponibiliza um acervo diversificado de documentos que inclui livros e outros documentos bibliogr\u00e1ficos, legisla\u00e7\u00e3o municipal, projetos de lei e outras proposituras, dados dos vereadores, transcri\u00e7\u00f5es de sess\u00f5es plen\u00e1rias e audi\u00eancias p\u00fablicas, requerimentos e relat\u00f3rios finais de Comiss\u00f5es Parlamentares de Inqu\u00e9rito (CPIs) e de outras comiss\u00f5es tempor\u00e1rias, mat\u00e9rias jornal\u00edsticas, relat\u00f3rios de presta\u00e7\u00e3o de contas do Munic\u00edpio e documentos hist\u00f3ricos. Grande parte desse acervo documental est\u00e1 dispon\u00edvel para consulta pela Internet.<\/p>\n<p>Visando disseminar as informa\u00e7\u00f5es contidas em suas cole\u00e7\u00f5es, a Secretaria de Documenta\u00e7\u00e3o criou e desenvolveu ao longo do tempo v\u00e1rias bases de dados que permitem a pesquisa por diferentes pontos de acesso, como autor, assunto, tipo de documento e n\u00famero. As bases tamb\u00e9m permitem o acesso ao texto integral de documentos digitalizados ou criados originalmente em formato digital que n\u00e3o estejam protegidos por direitos autorais. Um bom exemplo de base de dados desenvolvida pela Secretaria \u00e9 a <a href=\".\/legislacao\/\">base de dados de Legisla\u00e7\u00e3o Municipal<\/a> criada pioneiramente em 1992 e dispon\u00edvel para pesquisa na Internet desde 2009.<\/p>\n<p>As bases de dados dispon\u00edveis s\u00e3o:<\/p>\n<ul>\n<li><a href=\".\/legislacao\/\">Legisla\u00e7\u00e3o<\/a>.<\/li>\n<li><a href=\".\/projetos\/\">Projetos<\/a>.<\/li>\n<li><a href=\".\/atas-e-anais\/\">Atas e anais<\/a>.<\/li>\n<li><a href=\".\/documentos-historicos\/\">Documentos hist\u00f3ricos<\/a>.<\/li>\n<li><a href=\".\/vereadores\/\">Vereadores<\/a>.<\/li>\n<li><a href=\".\/comissoes-temporarias\/\">Comiss\u00f5es tempor\u00e1rias<\/a>.<\/li>\n<li><a href=\".\/audiencias-publicas\/\">Audi\u00eancias p\u00fablicas<\/a>.<\/li>\n<li>Processos legislativos (<a href=\"https:\/\/homolog.saopaulo.sp.leg.br\/atividade-legislativa\/splegis-consulta\/\">SPLegis<\/a> e <a href=\".\/processos-legislativos\/\">p\u00e1gina de processos digitalizados<\/a>).<\/li>\n<li><a href=\".\/livros\/\">Livros<\/a>.<\/li>\n<li><a href=\".\/periodicos\/\">Peri\u00f3dicos<\/a>.<\/li>\n<li><a href=\".\/artigos-e-materias\/\">Artigos e mat\u00e9rias<\/a>.<\/li>\n<li><a href=\".\/contas-do-municipio\/\">Contas do munic\u00edpio<\/a>.<\/li>\n<li><a href=\".\/datas-comemorativas\/\">Datas comemorativas<\/a><\/li>\n<\/ul>\n<p>Caso n\u00e3o localize o que procura, envie uma <a href=\".\/solicitacao-de-pesquisa\/\">solicita\u00e7\u00e3o de pesquisa<\/a> ou <a href=\"..\/fale-conosco\/\">entre em contato conosco<\/a>.<\/p>\n<p>Acesse tamb\u00e9m a <a href=\"https:\/\/homolog.saopaulo.sp.leg.br\/ipdbv\/por\/menu.html\"><strong>p\u00e1gina com facilidades para deficientes visuais<\/strong><\/a>.<\/p>\n","protected":false},"excerpt":{"rendered":"<p>A Secretaria de Documenta\u00e7\u00e3o, por interm\u00e9dio das suas tr\u00eas Supervis\u00f5es (Equipes de Biblioteca, de Documenta\u00e7\u00e3o do Legislativo e de Arquivo Geral administra e disponibiliza um acervo diversificado de documentos que&#8230;  <a class=\"excerpt-read-more\" href=\"https:\/\/homolog.saopaulo.sp.leg.br\/documentacao\/pesquisa\/\" title=\"Leia Pesquisa\">Leia mais &raquo;<\/a><\/p>\n","protected":false},"author":544,"featured_media":0,"parent":0,"menu_order":0,"comment_status":"closed","ping_status":"closed","template":"page-menupesquisa.php","meta":{"_acf_changed":false,"footnotes":""},"class_list":["post-934","page","type-page","status-publish","hentry"],"acf":[],"yoast_head":"<!-- This site is optimized with the Yoast SEO plugin v27.4 - https:\/\/yoast.com\/product\/yoast-seo-wordpress\/ -->\r\n<title>Pesquisa - Biblioteca e Documenta\u00e7\u00e3o<\/title>\r\n<meta name=\"robots\" content=\"noindex, follow, max-snippet:-1, max-image-preview:large, max-video-preview:-1\" \/>\r\n<meta property=\"og:locale\" content=\"pt_BR\" \/>\r\n<meta property=\"og:type\" content=\"article\" \/>\r\n<meta property=\"og:title\" content=\"Pesquisa - Biblioteca e Documenta\u00e7\u00e3o\" \/>\r\n<meta property=\"og:description\" content=\"A Secretaria de Documenta\u00e7\u00e3o, por interm\u00e9dio das suas tr\u00eas Supervis\u00f5es (Equipes de Biblioteca, de Documenta\u00e7\u00e3o do Legislativo e de Arquivo Geral administra e disponibiliza um acervo diversificado de documentos que... Leia mais &raquo;\" \/>\r\n<meta property=\"og:url\" content=\"https:\/\/www.saopaulo.sp.leg.br\/documentacao\/pesquisa\/\" \/>\r\n<meta property=\"og:site_name\" content=\"Biblioteca e Documenta\u00e7\u00e3o\" \/>\r\n<meta property=\"article:modified_time\" content=\"2023-06-20T19:25:34+00:00\" \/>\r\n<meta name=\"twitter:card\" content=\"summary_large_image\" \/>\r\n<meta name=\"twitter:label1\" content=\"Est. tempo de leitura\" \/>\n\t<meta name=\"twitter:data1\" content=\"2 minutos\" \/>\r\n<script type=\"application\/ld+json\" class=\"yoast-schema-graph\">{\"@context\":\"https:\\\/\\\/schema.org\",\"@graph\":[{\"@type\":\"WebPage\",\"@id\":\"https:\\\/\\\/www.saopaulo.sp.leg.br\\\/documentacao\\\/pesquisa\\\/\",\"url\":\"https:\\\/\\\/www.saopaulo.sp.leg.br\\\/documentacao\\\/pesquisa\\\/\",\"name\":\"Pesquisa - Biblioteca e Documenta\u00e7\u00e3o\",\"isPartOf\":{\"@id\":\"https:\\\/\\\/homolog.saopaulo.sp.leg.br\\\/documentacao\\\/#website\"},\"datePublished\":\"2020-04-15T21:48:27+00:00\",\"dateModified\":\"2023-06-20T19:25:34+00:00\",\"breadcrumb\":{\"@id\":\"https:\\\/\\\/www.saopaulo.sp.leg.br\\\/documentacao\\\/pesquisa\\\/#breadcrumb\"},\"inLanguage\":\"pt-BR\",\"potentialAction\":[{\"@type\":\"ReadAction\",\"target\":[\"https:\\\/\\\/www.saopaulo.sp.leg.br\\\/documentacao\\\/pesquisa\\\/\"]}]},{\"@type\":\"BreadcrumbList\",\"@id\":\"https:\\\/\\\/www.saopaulo.sp.leg.br\\\/documentacao\\\/pesquisa\\\/#breadcrumb\",\"itemListElement\":[{\"@type\":\"ListItem\",\"position\":1,\"name\":\"In\u00edcio\",\"item\":\"https:\\\/\\\/www.saopaulo.sp.leg.br\\\/documentacao\\\/\"},{\"@type\":\"ListItem\",\"position\":2,\"name\":\"Pesquisa\"}]},{\"@type\":\"WebSite\",\"@id\":\"https:\\\/\\\/homolog.saopaulo.sp.leg.br\\\/documentacao\\\/#website\",\"url\":\"https:\\\/\\\/homolog.saopaulo.sp.leg.br\\\/documentacao\\\/\",\"name\":\"Biblioteca e Documenta\u00e7\u00e3o\",\"description\":\"Secretaria de Documenta\u00e7\u00e3o\",\"potentialAction\":[{\"@type\":\"SearchAction\",\"target\":{\"@type\":\"EntryPoint\",\"urlTemplate\":\"https:\\\/\\\/homolog.saopaulo.sp.leg.br\\\/documentacao\\\/?s={search_term_string}\"},\"query-input\":{\"@type\":\"PropertyValueSpecification\",\"valueRequired\":true,\"valueName\":\"search_term_string\"}}],\"inLanguage\":\"pt-BR\"}]}<\/script>\r\n<!-- \/ Yoast SEO plugin. -->","yoast_head_json":{"title":"Pesquisa - Biblioteca e Documenta\u00e7\u00e3o","robots":{"index":"noindex","follow":"follow","max-snippet":"max-snippet:-1","max-image-preview":"max-image-preview:large","max-video-preview":"max-video-preview:-1"},"og_locale":"pt_BR","og_type":"article","og_title":"Pesquisa - Biblioteca e Documenta\u00e7\u00e3o","og_description":"A Secretaria de Documenta\u00e7\u00e3o, por interm\u00e9dio das suas tr\u00eas Supervis\u00f5es (Equipes de Biblioteca, de Documenta\u00e7\u00e3o do Legislativo e de Arquivo Geral administra e disponibiliza um acervo diversificado de documentos que... Leia mais &raquo;","og_url":"https:\/\/www.saopaulo.sp.leg.br\/documentacao\/pesquisa\/","og_site_name":"Biblioteca e Documenta\u00e7\u00e3o","article_modified_time":"2023-06-20T19:25:34+00:00","twitter_card":"summary_large_image","twitter_misc":{"Est. tempo de leitura":"2 minutos"},"schema":{"@context":"https:\/\/schema.org","@graph":[{"@type":"WebPage","@id":"https:\/\/www.saopaulo.sp.leg.br\/documentacao\/pesquisa\/","url":"https:\/\/www.saopaulo.sp.leg.br\/documentacao\/pesquisa\/","name":"Pesquisa - Biblioteca e Documenta\u00e7\u00e3o","isPartOf":{"@id":"https:\/\/homolog.saopaulo.sp.leg.br\/documentacao\/#website"},"datePublished":"2020-04-15T21:48:27+00:00","dateModified":"2023-06-20T19:25:34+00:00","breadcrumb":{"@id":"https:\/\/www.saopaulo.sp.leg.br\/documentacao\/pesquisa\/#breadcrumb"},"inLanguage":"pt-BR","potentialAction":[{"@type":"ReadAction","target":["https:\/\/www.saopaulo.sp.leg.br\/documentacao\/pesquisa\/"]}]},{"@type":"BreadcrumbList","@id":"https:\/\/www.saopaulo.sp.leg.br\/documentacao\/pesquisa\/#breadcrumb","itemListElement":[{"@type":"ListItem","position":1,"name":"In\u00edcio","item":"https:\/\/www.saopaulo.sp.leg.br\/documentacao\/"},{"@type":"ListItem","position":2,"name":"Pesquisa"}]},{"@type":"WebSite","@id":"https:\/\/homolog.saopaulo.sp.leg.br\/documentacao\/#website","url":"https:\/\/homolog.saopaulo.sp.leg.br\/documentacao\/","name":"Biblioteca e Documenta\u00e7\u00e3o","description":"Secretaria de Documenta\u00e7\u00e3o","potentialAction":[{"@type":"SearchAction","target":{"@type":"EntryPoint","urlTemplate":"https:\/\/homolog.saopaulo.sp.leg.br\/documentacao\/?s={search_term_string}"},"query-input":{"@type":"PropertyValueSpecification","valueRequired":true,"valueName":"search_term_string"}}],"inLanguage":"pt-BR"}]}},"_links":{"self":[{"href":"https:\/\/homolog.saopaulo.sp.leg.br\/documentacao\/wp-json\/wp\/v2\/pages\/934","targetHints":{"allow":["GET"]}}],"collection":[{"href":"https:\/\/homolog.saopaulo.sp.leg.br\/documentacao\/wp-json\/wp\/v2\/pages"}],"about":[{"href":"https:\/\/homolog.saopaulo.sp.leg.br\/documentacao\/wp-json\/wp\/v2\/types\/page"}],"author":[{"embeddable":true,"href":"https:\/\/homolog.saopaulo.sp.leg.br\/documentacao\/wp-json\/wp\/v2\/users\/544"}],"replies":[{"embeddable":true,"href":"https:\/\/homolog.saopaulo.sp.leg.br\/documentacao\/wp-json\/wp\/v2\/comments?post=934"}],"version-history":[{"count":6,"href":"https:\/\/homolog.saopaulo.sp.leg.br\/documentacao\/wp-json\/wp\/v2\/pages\/934\/revisions"}],"predecessor-version":[{"id":2621,"href":"https:\/\/homolog.saopaulo.sp.leg.br\/documentacao\/wp-json\/wp\/v2\/pages\/934\/revisions\/2621"}],"wp:attachment":[{"href":"https:\/\/homolog.saopaulo.sp.leg.br\/documentacao\/wp-json\/wp\/v2\/media?parent=934"}],"curies":[{"name":"wp","href":"https:\/\/api.w.org\/{rel}","templated":true}]}}