{"id":11247,"date":"2019-02-20T14:45:43","date_gmt":"2019-02-20T17:45:43","guid":{"rendered":"http:\/\/homolog.saopaulo.sp.leg.br\/escoladoparlamento\/?page_id=11247"},"modified":"2019-03-25T12:57:24","modified_gmt":"2019-03-25T15:57:24","slug":"i-congresso-luso-brasileiro-de-legistica","status":"publish","type":"page","link":"https:\/\/homolog.saopaulo.sp.leg.br\/escoladoparlamento\/cursos\/cursos-anteriores\/cursos-realizados-em-2019\/i-congresso-luso-brasileiro-de-legistica\/","title":{"rendered":"I Congresso Luso-brasileiro de Leg\u00edstica &#8211; em homenagem ao Professor Carlos Blanco de Morais"},"content":{"rendered":"<p style=\"text-align: left\"><strong>Diretora Respons\u00e1vel:<\/strong> Ilza Jorge<\/p>\n<p style=\"text-align: left\"><strong>Coordenadores:<\/strong>\u00a0Dra. Maria Nazar\u00e9 Lins Barbosa e\u00a0 Leonardo David Quintiliano<\/p>\n<p>LEGISLAR MELHOR: este \u00e9 o foco da Leg\u00edstica, que estuda n\u00e3o s\u00f3 a din\u00e2mica do processo legislativo como tamb\u00e9m a efetividade das normas produzidas.<\/p>\n<p>O jurista portugu\u00eas Carlos Blanco de Morais conduziu projetos p\u00fablicos e acad\u00eamicos em Portugal e no Brasil, contribuindo notavelmente para os estudos nessa \u00e1rea.<\/p>\n<p style=\"text-align: left\">A atividade legislativa no Brasil \u00e9 de grande monta, nas tr\u00eas esferas de governo: Uni\u00e3o, Estados e Munic\u00edpios. No cen\u00e1rio nacional, o Munic\u00edpio de S\u00e3o Paulo destaca-se por ser o mais populoso \u2013 com mais de 12 (doze) milh\u00f5es de habitantes \u2013 e o mais rico \u2013 com or\u00e7amento superior a R$ 56 bilh\u00f5es de reais. A produ\u00e7\u00e3o legislativa do munic\u00edpio \u00e9 intensa e incide sobre temas abrangentes, como educa\u00e7\u00e3o, meio ambiente, urbanismo e diversas outras \u00e1reas de pol\u00edticas p\u00fablicas. H\u00e1 uma demanda por pol\u00edticas p\u00fablicas e pesquisas acad\u00eamicas voltadas ao aperfei\u00e7oamento e simplifica\u00e7\u00e3o da pr\u00f3pria produ\u00e7\u00e3o legislativa.<\/p>\n<p>Sens\u00edvel \u00e0 demanda por pol\u00edticas voltadas ao aperfei\u00e7oamento e simplifica\u00e7\u00e3o da produ\u00e7\u00e3o legislativa, a C\u00e2mara Municipal de S\u00e3o Paulo e a Assembleia Legislativa do Estado de S\u00e3o Paulo promovem o I Congresso Luso-Brasileiro de Leg\u00edstica em homenagem ao Prof. Carlos Blanco de Morais.<\/p>\n<p style=\"text-align: left\">Participar\u00e3o do evento, al\u00e9m do homenageado, grandes juristas brasileiros afetos \u00e0 \u00e1rea de conhecimento, como: Ives Gandra Martins Filho, Ministro do TST; Jos\u00e9 Levi Mello do Amaral J\u00fanior, Procurador-Geral da Fazenda Nacional; Rubens Naman Rizek Junior, Secret\u00e1rio Municipal de Justi\u00e7a do Munic\u00edpio de S\u00e3o Paulo, e Fernando Dias Menezes de Almeida, Professor Titular de Direito do Estado na Faculdade de Direito da Universidade de S\u00e3o Paulo e Diretor Administrativo da Fapesp.<\/p>\n<p style=\"text-align: left\"><strong>Realiza\u00e7\u00e3o:<\/strong> Escola do Parlamento e Centro de Estudos Legislativos-CELEG da C\u00e2mara Municipal de S\u00e3o Paulo; e Instituto Legislativo Paulista- ILP da Assembleia Legislativa do Estado de S\u00e3o Paulo.<\/p>\n<p style=\"text-align: left\"><strong>Objetivos:<\/strong> Trazer o debate sobre a import\u00e2ncia da Leg\u00edstica e os \u00faltimos estudos sobre o tema.<\/p>\n<p style=\"text-align: left\"><strong>P\u00fablico Alvo:<\/strong> Vereadores, assessores parlamentares, \u00a0servidores p\u00fablicos, legisladores, estudantes de Direito e interessados no tema.<\/p>\n<p style=\"text-align: left\"><strong>Data:<\/strong>\u00a021<strong>*<\/strong> e 22 de mar\u00e7o de 2019, das 9h30 \u00e0s 17h.<\/p>\n<h5 style=\"text-align: left\"><strong>*<\/strong> Na tarde do dia 21 de mar\u00e7o, quinta-feira, o evento ocorrer\u00e1 na Assembleia Legislativa do Estado de S\u00e3o Paulo \u2013 ALESP.<\/h5>\n<h3 style=\"text-align: left\"><strong>Inscri\u00e7\u00f5es:<\/strong>\u00a0<span style=\"color: #ff0000\">encerradas<\/span><\/h3>\n<p style=\"text-align: left\"><strong>Programa\u00e7\u00e3o:<\/strong><\/p>\n<p style=\"text-align: left\"><strong>21\/03 &#8211; MANH\u00c3 &#8211; C\u00c2MARA MUNICIPAL DE S\u00c3O PAULO \u2013 Audit\u00f3rio Prestes Maia<\/strong><\/p>\n<p>9h30- 10h \u2013 Recep\u00e7\u00e3o\/Credenciamento.<\/p>\n<p>10h-10h15 \u2013 Abertura: Eduardo Tuma &#8211; Presidente da C\u00e2mara Municipal de S\u00e3o Paulo e Excelent\u00edssimo Senhor Paulo Jorge Nascimento, C\u00f4nsul Geral de Portugal em S\u00e3o Paulo.<\/p>\n<p>10h15-11h \u2013 Carlos Blanco de Morais &#8211; O desenvolvimento da Leg\u00edstica em Portugal.<\/p>\n<p>11h\u201311h45\u2013 Ives Gandra Martins Filho- A Lei Complementar n\u00ba 95\/1998 e seus desdobramentos.<\/p>\n<p>11h45\u2013 12h30 &#8211; Jandyr Maya Faillace Neto \u2013 O Decreto n\u00ba 9191\/2017 e a pr\u00e1tica de elabora\u00e7\u00e3o legislativa na esfera federal.<\/p>\n<p style=\"text-align: left\"><strong>21\/03 \u2013 TARDE \u2013 ASSEMBLEIA LEGISLATIVA DO ESTADO DE S\u00c3O PAULO\u00a0 <\/strong>(Pal\u00e1cio 9 de Julho &#8211; Av. Pedro \u00c1lvares Cabral, 201 &#8211; Para\u00edso)<\/p>\n<p>14h30-15h &#8211; Abertura do evento &#8211; Presid\u00eancia da Assembleia Legislativa do Estado de S\u00e3o Paulo.<\/p>\n<p>15h-15h20 \u2013 Leonardo David Quintiliano \u2013Panorama atual da Leg\u00edstica no Brasil.<\/p>\n<p>15h20-15h40- Carlos Blanco de Morais \u2013 Panorama da Leg\u00edstica em Portugal.<\/p>\n<p>15h40 -16h -Jo\u00e3o Trindade Cavalcante Filho &#8211; O estudo de impacto econ\u00f4mico das leis durante o processo legislativo.<\/p>\n<p>16h-16h20 \u2013 \u00a0Intervalo<\/p>\n<p>16h20 \u2013 16h40 Carlos Roberto de Alckmin Dutra &#8211; A inconstitucionalidade final\u00edstica decorrente de v\u00edcio formal na reda\u00e7\u00e3o legislativa.<\/p>\n<p>16h40- 17h \u2013 Fernando Dias Menezes de Almeida &#8211;\u00a0 Controle jurisdicional de atos legislativos<\/p>\n<p>&nbsp;<\/p>\n<p style=\"text-align: left\"><strong>22\/03 \u2013 MANH\u00c3 \u2013 C\u00c2MARA MUNICIPAL DE S\u00c3O PAULO<\/strong><\/p>\n<p>9h30-10h \u2013 Recep\u00e7\u00e3o &#8211;<\/p>\n<p>10h-10h30 &#8211; Carlos Blanco de Morais \u2013 Avalia\u00e7\u00e3o das pol\u00edticas p\u00fablicas no dom\u00ednio da <em>&#8220;better regulation<\/em>&#8220;.<\/p>\n<p>10h30- 11h &#8211; <em>Case:<\/em> Leis Municipais; sistematiza\u00e7\u00e3o e regulamenta\u00e7\u00e3o. \u00a0Ieda Maria Ferreira Pires, Anna Carolina Torres Aguilar Cortez e Camila Morais Cajaiba Garcez Marins.<\/p>\n<p>11h\u201311h30 &#8211; Rubens Naman Rizek J\u00fanior \u2013 O processo de consolida\u00e7\u00e3o e organiza\u00e7\u00e3o legislativa no Brasil<\/p>\n<p>11h30 \u2013 12h \u00a0&#8211; Elival da Silva Ramos \u2013\u00a0 A coopera\u00e7\u00e3o entre o Executivo e o Legislativo na conforma\u00e7\u00e3o das leis<\/p>\n<p style=\"text-align: left\"><strong>TARDE \u2013 C\u00c2MARA MUNICIPAL DE S\u00c3O PAULO<\/strong><\/p>\n<p>14h- 14h30 \u2013 Recep\u00e7\u00e3o<\/p>\n<p>14h30-15h &#8211; <em>Case<\/em> Indicadores de Desempenho do Poder Legislativo &#8211; Humberto Dantas e Andre Marcon.<\/p>\n<p>15h \u2013 15h30 &#8211; Juliana Cristina Luvizotto\u00a0 \u2013 A responsabilidade civil do Estado por atos legislativos.<\/p>\n<p>15h30 \u2013 16h &#8211; Jo\u00e3o Trindade Cavalcante Filho \u2013 Monitoramento e avalia\u00e7\u00e3o da produ\u00e7\u00e3o legislativa.<\/p>\n<p>16h \u2013 16h30 &#8211; Jos\u00e9 Levi Mello do Amaral Junior &#8211; O necess\u00e1rio aprimoramento da pol\u00edtica p\u00fablica de produ\u00e7\u00e3o legislativa no Brasil.<\/p>\n<p><span style=\"font-family: 'Helvetica',sans-serif;color: #333333\">16h30 \u201316h40 &#8211; S\u00f3nia Rodrigues &#8211; Coordenadora do observat\u00f3rio da legisla\u00e7\u00e3o portuguesa Nova Direito, Lisboa (participa\u00e7\u00e3o remota): Experi\u00eancias do observat\u00f3rio da Legisla\u00e7\u00e3o Portuguesa\u00a0<\/span><\/p>\n<p>16h40 \u201316h50 \u2013Maria Nazar\u00e9 Lins Barbosa \u2013 Projeto de Pesquisa: Pol\u00edtica p\u00fablica de qualidade na produ\u00e7\u00e3o legislativa. Perspectivas e desafios<\/p>\n<p>16h50 &#8211; Encerramento. Presidente da C\u00e2mara Municipal de S\u00e3o Paulo e Carlos Blanco de Morais.<\/p>\n<p>&nbsp;<\/p>\n","protected":false},"excerpt":{"rendered":"<p>Diretora Respons\u00e1vel: Ilza Jorge Coordenadores:\u00a0Dra. Maria Nazar\u00e9 Lins Barbosa e\u00a0 Leonardo David Quintiliano LEGISLAR MELHOR: este \u00e9 o foco da Leg\u00edstica, que estuda n\u00e3o s\u00f3 a din\u00e2mica do processo legislativo como tamb\u00e9m a efetividade das normas produzidas. O jurista portugu\u00eas Carlos Blanco de Morais conduziu projetos p\u00fablicos e acad\u00eamicos em Portugal e no Brasil, contribuindo [&hellip;]<\/p>\n","protected":false},"author":522,"featured_media":0,"parent":15928,"menu_order":288,"comment_status":"closed","ping_status":"closed","template":"","meta":{"_acf_changed":false,"footnotes":""},"class_list":["post-11247","page","type-page","status-publish","hentry"],"acf":[],"_links":{"self":[{"href":"https:\/\/homolog.saopaulo.sp.leg.br\/escoladoparlamento\/wp-json\/wp\/v2\/pages\/11247","targetHints":{"allow":["GET"]}}],"collection":[{"href":"https:\/\/homolog.saopaulo.sp.leg.br\/escoladoparlamento\/wp-json\/wp\/v2\/pages"}],"about":[{"href":"https:\/\/homolog.saopaulo.sp.leg.br\/escoladoparlamento\/wp-json\/wp\/v2\/types\/page"}],"author":[{"embeddable":true,"href":"https:\/\/homolog.saopaulo.sp.leg.br\/escoladoparlamento\/wp-json\/wp\/v2\/users\/522"}],"replies":[{"embeddable":true,"href":"https:\/\/homolog.saopaulo.sp.leg.br\/escoladoparlamento\/wp-json\/wp\/v2\/comments?post=11247"}],"version-history":[{"count":5,"href":"https:\/\/homolog.saopaulo.sp.leg.br\/escoladoparlamento\/wp-json\/wp\/v2\/pages\/11247\/revisions"}],"predecessor-version":[{"id":16137,"href":"https:\/\/homolog.saopaulo.sp.leg.br\/escoladoparlamento\/wp-json\/wp\/v2\/pages\/11247\/revisions\/16137"}],"up":[{"embeddable":true,"href":"https:\/\/homolog.saopaulo.sp.leg.br\/escoladoparlamento\/wp-json\/wp\/v2\/pages\/15928"}],"wp:attachment":[{"href":"https:\/\/homolog.saopaulo.sp.leg.br\/escoladoparlamento\/wp-json\/wp\/v2\/media?parent=11247"}],"curies":[{"name":"wp","href":"https:\/\/api.w.org\/{rel}","templated":true}]}}