{"id":1331,"date":"2015-08-11T17:04:13","date_gmt":"2015-08-11T20:04:13","guid":{"rendered":"http:\/\/homolog.saopaulo.sp.leg.br\/escoladoparlamento\/?page_id=1331"},"modified":"2018-03-16T14:44:07","modified_gmt":"2018-03-16T17:44:07","slug":"cursos-realizados-em-2015","status":"publish","type":"page","link":"https:\/\/homolog.saopaulo.sp.leg.br\/escoladoparlamento\/cursos\/cursos-anteriores\/cursos-realizados-em-2015\/","title":{"rendered":"Cursos realizados em 2015"},"content":{"rendered":"<p><a href=\"http:\/\/homolog.saopaulo.sp.leg.br\/escoladoparlamento\/cursos\/cursos-anteriores\/cursos-realizados-em-2015\/120-anos-do-tratado-de-amizade-comercio-e-navegacao-brasil-japao\/\">120 Anos do Tratado de Amizade (&#8230;) Brasil-Jap\u00e3o<\/a><br \/>\n<a href=\"http:\/\/homolog.saopaulo.sp.leg.br\/escoladoparlamento\/cursos\/cursos-anteriores\/cursos-realizados-em-2015\/a-leitura-como-politica-publica-e-direito-de-cidadania\/\">A Leitura como Pol\u00edtica P\u00fablica e direito de Cidadania<\/a><br \/>\n<a href=\"http:\/\/homolog.saopaulo.sp.leg.br\/escoladoparlamento\/cursos\/cursos-anteriores\/cursos-realizados-em-2015\/2117-2\/\">A Rela\u00e7\u00e3o Crian\u00e7a-Cidade: uma via de m\u00e3o dupla<\/a><br \/>\n<a href=\"http:\/\/homolog.saopaulo.sp.leg.br\/escoladoparlamento\/cursos\/cursos-anteriores\/cursos-realizados-em-2015\/atualizacao-em-direito-processual-civil-novo-cpc\/\">Atualiza\u00e7\u00e3o em Direito Processual Civil \u2013 Novo CPC<\/a><br \/>\n<a href=\"http:\/\/homolog.saopaulo.sp.leg.br\/escoladoparlamento\/cursos\/cursos-anteriores\/cursos-realizados-em-2015\/debate-betinho-80-anos-seu-legado-e-as-novas-fomes-do-brasil\/\">Betinho 80 Anos \u2013 seu legado e as novas fomes do Brasil<\/a><br \/>\n<a href=\"http:\/\/homolog.saopaulo.sp.leg.br\/escoladoparlamento\/cursos\/cursos-anteriores\/cursos-realizados-em-2015\/cidadania-e-politica\/\">Cidadania e Pol\u00edtica II<\/a><br \/>\n<a href=\"http:\/\/homolog.saopaulo.sp.leg.br\/escoladoparlamento\/cursos\/cursos-anteriores\/cursos-realizados-em-2015\/cidadania-e-politica-formacao-de-liderancas-locais-2\/\">Cidadania e Pol\u00edtica: Forma\u00e7\u00e3o de lideran\u00e7as locais<\/a><br \/>\n<a href=\"http:\/\/homolog.saopaulo.sp.leg.br\/escoladoparlamento\/cursos\/cursos-anteriores\/cursos-realizados-em-2015\/comunicacao-livre-modulo-2-blogs-e-escrita-digital\/\">Comunica\u00e7\u00e3o Livre &#8211; M\u00f3dulo I<\/a><br \/>\n<a href=\"http:\/\/homolog.saopaulo.sp.leg.br\/escoladoparlamento\/cursos\/cursos-anteriores\/cursos-realizados-em-2015\/comunicacao-livre-modulo-1-principios-basicos-de-comunicacao-nas-redes-digitais\/\">Comunica\u00e7\u00e3o Livre &#8211; M\u00f3dulo II<\/a><br \/>\n<a href=\"http:\/\/homolog.saopaulo.sp.leg.br\/escoladoparlamento\/cursos\/cursos-anteriores\/cursos-realizados-em-2015\/comunicacao-livre-modulo-iii-webdoc-e-webtv\/\">Comunica\u00e7\u00e3o Livre &#8211; M\u00f3dulo III<\/a><br \/>\n<a href=\"http:\/\/homolog.saopaulo.sp.leg.br\/escoladoparlamento\/cursos\/cursos-anteriores\/cursos-realizados-em-2015\/caminhos-da-comunicacao-publica-midia-sociedade-e-estado\/\">Caminhos da Comunica\u00e7\u00e3o P\u00fablica<\/a><br \/>\n<a href=\"http:\/\/homolog.saopaulo.sp.leg.br\/escoladoparlamento\/cursos\/cursos-anteriores\/cursos-realizados-em-2015\/o-crece-conselho-de-representantes-de-conselhos-de-escolas-a-democracia-participativa-e-a-qualidade-social-da-educacao\/\">CRECE, a Democracia Participativa e a Qualidade Social da Educa\u00e7\u00e3o<\/a><br \/>\n<a href=\"http:\/\/homolog.saopaulo.sp.leg.br\/escoladoparlamento\/cursos\/cursos-anteriores\/cursos-realizados-em-2015\/projeto-reporter-do-futuro-modulo-descobrir-sao-paulo-descobrir-se-reporter\/\">Descobrir S\u00e3o Paulo, Descobrir-se Rep\u00f3rter (Rep\u00f3rter do Futuro)<\/a><br \/>\n<a href=\"http:\/\/homolog.saopaulo.sp.leg.br\/escoladoparlamento\/cursos\/cursos-anteriores\/cursos-realizados-em-2015\/desigualdade-racial-no-brasil\/\">Desigualdade Racial no Brasil: Desafios e Perspectivas<\/a><br \/>\n<a href=\"http:\/\/homolog.saopaulo.sp.leg.br\/escoladoparlamento\/cursos\/cursos-anteriores\/cursos-realizados-em-2015\/desigualdades-sociais\/\">Desigualdades Sociais<\/a><br \/>\n<a href=\"http:\/\/homolog.saopaulo.sp.leg.br\/escoladoparlamento\/cursos\/cursos-anteriores\/cursos-realizados-em-2015\/direito-a-convivencia-familiar-e-comunitaria\/\">Direito \u00e0 Conviv\u00eancia Familiar e Comunit\u00e1ria<\/a><br \/>\n<a href=\"http:\/\/homolog.saopaulo.sp.leg.br\/escoladoparlamento\/cursos\/cursos-anteriores\/cursos-realizados-em-2015\/ditadura-e-direitos-humanos\/\">Ditadura e Direitos Humanos<\/a><br \/>\n<a href=\"http:\/\/homolog.saopaulo.sp.leg.br\/escoladoparlamento\/cursos\/cursos-anteriores\/cursos-realizados-em-2015\/educacao-e-cidadania-3a-turma\/\">Educa\u00e7\u00e3o e Cidadania, turma 3<\/a><br \/>\n<a href=\"http:\/\/homolog.saopaulo.sp.leg.br\/escoladoparlamento\/cursos\/cursos-anteriores\/cursos-realizados-em-2015\/educacao-e-cidadania-4a-turma\/\">Educa\u00e7\u00e3o e Cidadania, turma 4<\/a><br \/>\n<a href=\"http:\/\/homolog.saopaulo.sp.leg.br\/escoladoparlamento\/cursos\/cursos-anteriores\/cursos-realizados-em-2015\/educacao-financeira-para-a-cidadania\/\">Educa\u00e7\u00e3o Financeira para Cidadania<\/a><br \/>\n<a href=\"http:\/\/homolog.saopaulo.sp.leg.br\/escoladoparlamento\/cursos\/cursos-anteriores\/cursos-realizados-em-2015\/seminario-governanca-da-agua\/\">Semin\u00e1rio Governan\u00e7a da \u00c1gua (Gest\u00e3o de Recursos H\u00eddricos)<\/a><br \/>\n<a href=\"http:\/\/homolog.saopaulo.sp.leg.br\/escoladoparlamento\/cursos\/cursos-anteriores\/cursos-realizados-em-2015\/ciclo-de-debates-igualdade-de-genero\/\">Igualdade de G\u00eanero &#8211; Ciclo de Debate<\/a><br \/>\n<a href=\"http:\/\/homolog.saopaulo.sp.leg.br\/escoladoparlamento\/cursos\/cursos-anteriores\/cursos-realizados-em-2015\/jornada-da-democracia-direta\/\">Jornada da Democracia Direta<\/a><br \/>\n<a href=\"http:\/\/homolog.saopaulo.sp.leg.br\/escoladoparlamento\/cursos\/cursos-anteriores\/cursos-realizados-em-2015\/2308-2\/\">Partidos Pol\u00edticos<\/a><br \/>\n<a href=\"http:\/\/homolog.saopaulo.sp.leg.br\/escoladoparlamento\/cursos\/cursos-anteriores\/cursos-realizados-em-2015\/poder-legislativo-e-o-processo-legislativo\/\"> Poder Legislativo e Processo Legislativo<\/a><br \/>\n<a href=\"http:\/\/homolog.saopaulo.sp.leg.br\/escoladoparlamento\/cursos\/cursos-anteriores\/cursos-realizados-em-2015\/poder-esfera-publica-e-sociedade-civil\/\">Poder, Esfera P\u00fablica e Sociedade Civil<\/a><br \/>\n<a href=\"http:\/\/homolog.saopaulo.sp.leg.br\/escoladoparlamento\/cursos\/cursos-anteriores\/cursos-realizados-em-2015\/curso-politica-urbana-e-direito-urbanistico\/\">Pol\u00edtica Urbana e Direito Urban\u00edstico &#8211; M\u00f3dulo I<\/a><br \/>\n<a href=\"http:\/\/homolog.saopaulo.sp.leg.br\/escoladoparlamento\/cursos\/cursos-anteriores\/cursos-realizados-em-2015\/politica-urbana-e-direito-urbanistico-modulo-ii\/\">Pol\u00edtica Urbana e Direito Urban\u00edstico &#8211; M\u00f3dulo II<\/a><br \/>\n<a href=\"http:\/\/homolog.saopaulo.sp.leg.br\/escoladoparlamento\/cursos\/cursos-anteriores\/cursos-realizados-em-2015\/politicas-publicas-de-cultura\/\">Pol\u00edticas P\u00fablicas da Cultura<\/a><br \/>\n<a href=\"http:\/\/homolog.saopaulo.sp.leg.br\/escoladoparlamento\/cursos\/cursos-anteriores\/cursos-realizados-em-2015\/curso-politicas-publicas-para-a-populacao-em-situacao-de-rua-modulo-i\/\">Pol\u00edticas P\u00fablicas para Popula\u00e7\u00e3o em Situa\u00e7\u00e3o de Rua, M\u00f3d. I<\/a><br \/>\n<a href=\"http:\/\/homolog.saopaulo.sp.leg.br\/escoladoparlamento\/cursos\/cursos-anteriores\/cursos-realizados-em-2015\/politicas-publicas-para-a-populacao-em-situacao-de-rua-modulo-ii\/\">Pol\u00edticas P\u00fablicas para Popula\u00e7\u00e3o em Situa\u00e7\u00e3o de Rua, M\u00f3d. II<\/a><br \/>\n<a href=\"http:\/\/homolog.saopaulo.sp.leg.br\/escoladoparlamento\/cursos\/cursos-anteriores\/cursos-realizados-em-2015\/politicas-publicas-da-agenda-a-avaliacao-modulo-i\/\">Pol\u00edticas P\u00fablicas: da agenda \u00e0 avalia\u00e7\u00e3o, M\u00f3d. I<\/a><br \/>\n<a href=\"http:\/\/homolog.saopaulo.sp.leg.br\/escoladoparlamento\/cursos\/cursos-anteriores\/cursos-realizados-em-2015\/politicas-publicas-da-agenda-a-avaliacao-modulo-ii\/\">Pol\u00edticas P\u00fablicas: da agenda \u00e0 avalia\u00e7\u00e3o, M\u00f3d. II<\/a><br \/>\n<a href=\"http:\/\/homolog.saopaulo.sp.leg.br\/escoladoparlamento\/cursos\/cursos-anteriores\/cursos-realizados-em-2015\/ciclo-de-debates-reforma-politica\/\">Reforma Pol\u00edtica &#8211; Ciclo de Debates<\/a><br \/>\n<a href=\"http:\/\/homolog.saopaulo.sp.leg.br\/escoladoparlamento\/cursos\/cursos-anteriores\/cursos-realizados-em-2015\/ciclo-de-debates-sobre-regulacao-urbanistica-lei-de-zoneamento\/\">Regula\u00e7\u00e3o Urbana (Lei de Zoneamento)<\/a><br \/>\n<a href=\"http:\/\/homolog.saopaulo.sp.leg.br\/escoladoparlamento\/cursos\/cursos-anteriores\/cursos-realizados-em-2015\/sao-paulo-de-todos-os-imigrantes\/\">S\u00e3o Paulo de Todos os Imigrantes<\/a><br \/>\n<a href=\"http:\/\/homolog.saopaulo.sp.leg.br\/escoladoparlamento\/cursos\/cursos-anteriores\/cursos-realizados-em-2015\/xxvi-encontro-da-associacao-brasileira-de-escolas-do-legislativo-e-de-contas-abel\/\">XXVI Encontro da ABEL<\/a><\/p>\n<hr \/>\n<p><iframe loading=\"lazy\" title=\"Christy Ganzert fala da Escola do Parlamento da C\u00e2mara\" width=\"640\" height=\"480\" src=\"https:\/\/www.youtube.com\/embed\/NbSj5BpRpYc?feature=oembed\" frameborder=\"0\" allow=\"accelerometer; autoplay; clipboard-write; encrypted-media; gyroscope; picture-in-picture; web-share\" referrerpolicy=\"strict-origin-when-cross-origin\" allowfullscreen><\/iframe><\/p>\n<p><iframe loading=\"lazy\" title=\"Espa\u00e7o Livre | Escola do Parlamento\" width=\"640\" height=\"480\" src=\"https:\/\/www.youtube.com\/embed\/HaIu8p9R1UE?feature=oembed\" frameborder=\"0\" allow=\"accelerometer; autoplay; clipboard-write; encrypted-media; gyroscope; picture-in-picture; web-share\" referrerpolicy=\"strict-origin-when-cross-origin\" allowfullscreen><\/iframe><\/p>\n","protected":false},"excerpt":{"rendered":"<p>120 Anos do Tratado de Amizade (&#8230;) Brasil-Jap\u00e3o A Leitura como Pol\u00edtica P\u00fablica e direito de Cidadania A Rela\u00e7\u00e3o Crian\u00e7a-Cidade: uma via de m\u00e3o dupla Atualiza\u00e7\u00e3o em Direito Processual Civil \u2013 Novo CPC Betinho 80 Anos \u2013 seu legado e as novas fomes do Brasil Cidadania e Pol\u00edtica II Cidadania e Pol\u00edtica: Forma\u00e7\u00e3o de lideran\u00e7as [&hellip;]<\/p>\n","protected":false},"author":79,"featured_media":0,"parent":169,"menu_order":710,"comment_status":"open","ping_status":"closed","template":"","meta":{"_acf_changed":false,"footnotes":""},"class_list":["post-1331","page","type-page","status-publish","hentry"],"acf":[],"_links":{"self":[{"href":"https:\/\/homolog.saopaulo.sp.leg.br\/escoladoparlamento\/wp-json\/wp\/v2\/pages\/1331","targetHints":{"allow":["GET"]}}],"collection":[{"href":"https:\/\/homolog.saopaulo.sp.leg.br\/escoladoparlamento\/wp-json\/wp\/v2\/pages"}],"about":[{"href":"https:\/\/homolog.saopaulo.sp.leg.br\/escoladoparlamento\/wp-json\/wp\/v2\/types\/page"}],"author":[{"embeddable":true,"href":"https:\/\/homolog.saopaulo.sp.leg.br\/escoladoparlamento\/wp-json\/wp\/v2\/users\/79"}],"replies":[{"embeddable":true,"href":"https:\/\/homolog.saopaulo.sp.leg.br\/escoladoparlamento\/wp-json\/wp\/v2\/comments?post=1331"}],"version-history":[{"count":5,"href":"https:\/\/homolog.saopaulo.sp.leg.br\/escoladoparlamento\/wp-json\/wp\/v2\/pages\/1331\/revisions"}],"predecessor-version":[{"id":8864,"href":"https:\/\/homolog.saopaulo.sp.leg.br\/escoladoparlamento\/wp-json\/wp\/v2\/pages\/1331\/revisions\/8864"}],"up":[{"embeddable":true,"href":"https:\/\/homolog.saopaulo.sp.leg.br\/escoladoparlamento\/wp-json\/wp\/v2\/pages\/169"}],"wp:attachment":[{"href":"https:\/\/homolog.saopaulo.sp.leg.br\/escoladoparlamento\/wp-json\/wp\/v2\/media?parent=1331"}],"curies":[{"name":"wp","href":"https:\/\/api.w.org\/{rel}","templated":true}]}}