{"id":1437,"date":"2015-08-17T17:11:57","date_gmt":"2015-08-17T20:11:57","guid":{"rendered":"http:\/\/homolog.saopaulo.sp.leg.br\/escoladoparlamento\/?page_id=1437"},"modified":"2017-07-11T13:24:50","modified_gmt":"2017-07-11T16:24:50","slug":"projeto-reporter-do-futuro-modulo-descobrir-sao-paulo-descobrir-se-reporter","status":"publish","type":"page","link":"https:\/\/homolog.saopaulo.sp.leg.br\/escoladoparlamento\/cursos\/cursos-anteriores\/cursos-realizados-em-2015\/projeto-reporter-do-futuro-modulo-descobrir-sao-paulo-descobrir-se-reporter\/","title":{"rendered":"Projeto Rep\u00f3rter do Futuro &#8211; M\u00f3dulo \u201cDescobrir S\u00e3o Paulo, Descobrir-se Rep\u00f3rter\u201d"},"content":{"rendered":"<p><iframe loading=\"lazy\" title=\"Escola do Parlamento d\u00e1 in\u00edcio a 8\u00aa edi\u00e7\u00e3o do &#039;Rep\u00f3rter do Futuro&#039;\" width=\"640\" height=\"480\" src=\"https:\/\/www.youtube.com\/embed\/w6K0ODy4rSE?feature=oembed\" frameborder=\"0\" allow=\"accelerometer; autoplay; clipboard-write; encrypted-media; gyroscope; picture-in-picture; web-share\" referrerpolicy=\"strict-origin-when-cross-origin\" allowfullscreen><\/iframe><\/p>\n<hr \/>\n<p><a href=\"http:\/\/homolog.saopaulo.sp.leg.br\/escoladoparlamento\/wp-content\/uploads\/sites\/5\/2015\/08\/Erminia-Maricato.jpg\"><img loading=\"lazy\" decoding=\"async\" class=\"size-full wp-image-1819 aligncenter\" src=\"http:\/\/homolog.saopaulo.sp.leg.br\/escoladoparlamento\/wp-content\/uploads\/sites\/5\/2015\/08\/Erminia-Maricato.jpg\" alt=\"Erminia Maricato\" width=\"630\" height=\"267\" srcset=\"https:\/\/homolog.saopaulo.sp.leg.br\/escoladoparlamento\/wp-content\/uploads\/sites\/5\/2015\/08\/Erminia-Maricato.jpg 630w, https:\/\/homolog.saopaulo.sp.leg.br\/escoladoparlamento\/wp-content\/uploads\/sites\/5\/2015\/08\/Erminia-Maricato-300x127.jpg 300w\" sizes=\"auto, (max-width: 630px) 100vw, 630px\" \/><\/a><\/p>\n<p style=\"text-align: center\">Arquiteta e urbanista, Erm\u00ednia Maricato, em entrevista coletiva\u00a0aos alunos do curso<\/p>\n<p>A Escola do Parlamento da C\u00e2mara Municipal de S\u00e3o Paulo e a OBOR\u00c9 Projetos Especiais oferecem, pelo quarto ano consecutivo, 20 (vinte) vagas para estudantes de gradua\u00e7\u00e3o em Jornalismo e 5 (cinco) vagas para estagi\u00e1rios de comunica\u00e7\u00e3o dos gabinetes dos vereadores para o curso <strong>Descobrir S\u00e3o Paulo &#8211; Descobrir-se Rep\u00f3rter, <\/strong>m\u00f3dulo tem\u00e1tico do Projeto Rep\u00f3rter do Futuro cujo foco \u00e9 estimular a pr\u00e1tica reflexiva e o exerc\u00edcio da reportagem tendo como cen\u00e1rio a cidade de S\u00e3o Paulo.<\/p>\n<p>Ao todo, ser\u00e3o oito encontros com uma variada programa\u00e7\u00e3o que inclui, aos s\u00e1bados, visitas aos bairros da cidade e sess\u00f5es p\u00fablicas do <em>C\u00e2mara no seu Bairro e <\/em> Confer\u00eancias de Imprensa seguidas de Entrevistas Coletivas sobre os grandes problemas da cidade com gestores e especialistas nas \u00e1reas da Sa\u00fade, Transporte, Habita\u00e7\u00e3o, Cultura, Educa\u00e7\u00e3o e Viol\u00eancia.<\/p>\n<p>Os estudantes s\u00e3o acompanhados, de forma individual, na produ\u00e7\u00e3o de seus textos e, ao final do m\u00f3dulo, formam duplas para realizar uma reportagem de f\u00f4lego em um algum bairro de livre escolha.<\/p>\n<p><strong>Objetivo: <\/strong>Aproximar estudantes de Jornalismo das grandes quest\u00f5es que desafiam o crescimento de uma cidade como S\u00e3o Paulo, vistas sob a \u00f3tica dos gestores p\u00fablicos ligados ao poder executivo ou legislativo, estudiosos e especialistas, mas tamb\u00e9m vivenciadas nas visitas aos bairros \u2013 momento em que os jovens s\u00e3o estimulados a traduzir a complexidade da cidade e o cotidiano do seu povo em entrevistas e reportagens de campo.<\/p>\n<p><strong>P\u00fablico alvo:<\/strong> Estudantes de Jornalismo e estagi\u00e1rios da \u00e1rea de comunica\u00e7\u00e3o de gabinetes de vereador da C\u00e2mara Municipal de S\u00e3o Paulo.<\/p>\n<p><strong>Coordenadores:<\/strong>\u00a0Sergio Gomes e Ana Lu\u00edsa Zaniboni Gomes<\/p>\n<p><strong>Diretor Respons\u00e1vel:<\/strong> Tatiana Braz Ribeiral<\/p>\n<p><strong>Vagas:<\/strong> 25, sendo 20 estudantes e 5 estagi\u00e1rios oriundos dos gabinetes<\/p>\n<p><strong>Carga Hor\u00e1ria:<\/strong> 73 horas, sendo 36h\/aula de atividades presenciais + 2h de avalia\u00e7\u00e3o individual de textos + 5h de leituras + 30h de atividades pr\u00e1ticas de reportagens e produ\u00e7\u00e3o de textos.<\/p>\n<p><strong>Inscri\u00e7\u00f5es:<\/strong> 03 a 21 de agosto de 2015.<\/p>\n<p><strong>Local:<\/strong> C\u00e2mara Municipal, de 22\/8 a 12\/12,<\/p>\n<p><strong>Hor\u00e1rio:<\/strong> Aos s\u00e1bados, das 14h \u00e0s 17h.<\/p>\n<p><strong>Programa:<\/strong><\/p>\n<table width=\"624\">\n<tbody>\n<tr>\n<td width=\"50\">\u00a0<strong>Data<\/strong><\/td>\n<td width=\"262\"><strong>Tema<\/strong><\/td>\n<td width=\"312\"><strong>Palestrantes convidados<\/strong><\/td>\n<\/tr>\n<tr>\n<td width=\"50\"><strong>12\/9<\/strong><\/td>\n<td width=\"262\"><strong>Palestra \/ entrevista coletiva<\/strong><\/p>\n<p><strong>Viol\u00eancia<\/strong><strong>\u00a0<\/strong>[14h-17h]<\/p>\n<p>Sala Oscar Pedroso Horta<\/td>\n<td width=\"312\">Julio Neves, Ouvidor Geral da Pol\u00edcia do Estado de S\u00e3o Paulo<\/td>\n<\/tr>\n<tr>\n<td colspan=\"3\" width=\"624\"><strong>19\/9\u00a0\u00a0 C\u00e2mara no Seu Bairro\u00a0 |<\/strong><strong>\u00a0<\/strong><strong>Itaquera\u00a0\u00a0\u00a0\u00a0\u00a0\u00a0\u00a0\u00a0\u00a0\u00a0\u00a0\u00a0\u00a0\u00a0\u00a0\u00a0\u00a0\u00a0 \u00a0\u00a0\u00a0\u00a0\u00a0\u00a0\u00a0\u00a0\u00a0<\/strong><strong>\u00a0\u00a0\u00a0\u00a0\u00a09-12h\u00a0\u00a0\u00a0\u00a0 Reportagem de Campo<\/strong><\/td>\n<\/tr>\n<tr>\n<td width=\"50\"><strong>19\/9<\/strong><\/td>\n<td width=\"262\"><strong>Palestra \/ entrevista coletiva<\/strong><\/p>\n<p><strong>Habita\u00e7\u00e3o<\/strong><strong>\u00a0<\/strong>[14 &#8211; 17h]<\/p>\n<p>Sala Oscar Pedroso Horta<\/td>\n<td width=\"312\">Erm\u00ednia Maricato, Professora universit\u00e1ria, Ex- Secret\u00e1ria de Habita\u00e7\u00e3o e Desenvolvimento Urbano (1989-1992) da Prefeitura de S\u00e3o Paulo e Ex- Secret\u00e1ria Executiva do Minist\u00e9rio das Cidades (2003- 2005).<\/td>\n<\/tr>\n<tr>\n<td width=\"50\"><strong>26\/9<\/strong><\/td>\n<td width=\"262\"><strong>Palestra \/ entrevista coletiva<\/strong><\/p>\n<p><strong>Sa\u00fade<\/strong><strong>\u00a0<\/strong>[14-17h]<\/p>\n<p>Sala Oscar Pedroso Horta<\/td>\n<td width=\"312\">Marco Antonio Manfredini, \u00a0secret\u00e1rio-geral do Conselho Regional de Odontologia de S\u00e3o Paulo (CROSP) e docente da Faculdade de Sa\u00fade P\u00fablica da USP.<strong> \u00a0\u00a0<\/strong><\/td>\n<\/tr>\n<tr>\n<td width=\"50\"><strong>3\/10<\/strong><\/td>\n<td width=\"262\"><strong>Palestra \/ entrevista coletiva<\/strong><\/p>\n<p><strong>Educa\u00e7\u00e3o<\/strong>\u00a0 [14-17h]<\/p>\n<p>Sala Oscar Pedroso Horta<\/td>\n<td width=\"312\">Cesar Callegari, ex secret\u00e1rio municipal da Educa\u00e7\u00e3o e \u00a0membro do Conselho Nacional de Educa\u00e7\u00e3o.<\/td>\n<\/tr>\n<tr>\n<td colspan=\"3\" width=\"624\"><strong>17\/10 &#8211; C\u00e2mara no Seu Bairro |<\/strong><strong>\u00a0<\/strong><strong>Vila Prudente<\/strong><strong>\u00a0<\/strong><strong>\u00a0\u00a0\u00a0\u00a0\u00a0\u00a0\u00a0\u00a0\u00a0\u00a0\u00a0\u00a0\u00a0\u00a0\u00a0\u00a0\u00a0\u00a0\u00a0\u00a0\u00a0\u00a0\u00a0\u00a09-12h\u00a0\u00a0\u00a0\u00a0 Reportagem de Campo<\/strong><\/td>\n<\/tr>\n<tr>\n<td width=\"50\"><strong>17\/10<\/strong><\/td>\n<td width=\"262\"><strong>Palestra \/ entrevista coletiva<\/strong><\/p>\n<p><strong>Cultura<\/strong><strong>\u00a0<\/strong>\u00a0[14 &#8211; 17h]<\/p>\n<p>Sala Oscar Pedroso Horta<\/td>\n<td width=\"312\">Nabil Bonduki, secret\u00e1rio municipal da Cultura<\/td>\n<\/tr>\n<tr>\n<td colspan=\"3\" width=\"624\"><strong>24\/10 &#8211; C\u00e2mara no Seu Bairro |<\/strong><strong>\u00a0<\/strong><strong>Parelheiros<\/strong><strong>\u00a0<\/strong><strong>\u00a0\u00a0\u00a0\u00a0\u00a0\u00a0\u00a0\u00a0\u00a0\u00a0\u00a0\u00a0\u00a0\u00a0\u00a0\u00a0\u00a0\u00a0\u00a0\u00a0\u00a0\u00a0\u00a0\u00a0\u00a0\u00a0\u00a0\u00a0\u00a09-12h\u00a0\u00a0\u00a0\u00a0\u00a0 Reportagem de Campo<\/strong><\/td>\n<\/tr>\n<tr>\n<td colspan=\"3\" width=\"624\"><strong>07\/11 &#8211; C\u00e2mara no Seu Bairro |<\/strong><strong>\u00a0<\/strong><strong>S\u00e9<\/strong><strong>\u00a0\u00a0\u00a0\u00a0\u00a0\u00a0\u00a0\u00a0\u00a0\u00a0\u00a0\u00a0\u00a0\u00a0\u00a0\u00a0\u00a0\u00a0\u00a0\u00a0\u00a0\u00a0\u00a0\u00a0\u00a0\u00a0\u00a0 \u00a0\u00a0\u00a0\u00a0\u00a0\u00a0\u00a0\u00a0\u00a0\u00a0\u00a0\u00a0\u00a0\u00a0\u00a0\u00a0\u00a0\u00a09-12h\u00a0\u00a0\u00a0\u00a0\u00a0\u00a0 Reportagem de Campo<\/strong><\/td>\n<\/tr>\n<tr>\n<td width=\"50\"><strong>07\/11<\/strong><\/td>\n<td width=\"262\"><strong>Palestra \/ entrevista coletiva<\/strong><\/p>\n<p><strong>Transportes<\/strong><strong>\u00a0<\/strong>[14 &#8211; 17h]<\/p>\n<p>Sala Oscar Pedroso Horta<\/td>\n<td width=\"312\">Frederico\u00a0 Bussinger,\u00a0Consultor do Instituto de Desenvolvimento, Log\u00edstica, Transportes e Meio Ambiente (Idelt), ex-diretor das companhias docas do Estado de S\u00e3o Paulo e de S\u00e3o Sebasti\u00e3o.<\/td>\n<\/tr>\n<tr>\n<td width=\"50\"><strong>12\/12<\/strong><\/td>\n<td width=\"262\"><strong>Encontro de Avalia\u00e7\u00e3o e Encerramento<\/strong><\/p>\n<p>Sala Oscar Pedroso Horta [14-17h]<\/td>\n<td width=\"312\"><\/td>\n<\/tr>\n<\/tbody>\n<\/table>\n<h3>Lista de Aprovados:<\/h3>\n<p>Alessandra Petroglia Miguel<\/p>\n<p>Ana Paula F. Santos<\/p>\n<p>Andr\u00e9 Dominguez do Carmo<\/p>\n<p>Barbara Martins F. Monfrinato<\/p>\n<p>Clara Stefanie A. A. Costa<\/p>\n<p>Fl\u00e1vio Ricardo dos Santos<\/p>\n<p>Iago Luiz de Morais<\/p>\n<p>Jeniffer Mendon\u00e7a Anuncia\u00e7\u00e3o<\/p>\n<p>Juliana Fagundes Pithon<\/p>\n<p>Karina Balan Julio<\/p>\n<p>Karine Rodrigues Seimoha<\/p>\n<p>Nathalia Lima Durval<\/p>\n<p>Osvaldo Alves de B. Junior<\/p>\n<p>P\u00e2mela Ellen Chagas Gama<\/p>\n<p>Phillippe de Campos T. Watanabe<\/p>\n<p>Priscila Aparecida S. Alecrim<\/p>\n<p>Roberta Vassalo Bordoni<\/p>\n<p>Ruam de Oliveira Silva<\/p>\n<p>Tamires S. Tavares<\/p>\n<p>Willian Pereira da S. Barbosa<\/p>\n<h3>Estagi\u00e1rios:<\/h3>\n<p>Andr\u00e9 Catto da Costa<\/p>\n<p>Jo\u00e3o Neres<\/p>\n<p>Katherine Rivas<\/p>\n<p>Pedro do Val de Carvalho Gil<\/p>\n<p>Rafael Satiro da Silva<\/p>\n<p>&nbsp;<\/p>\n<p>Dica de S\u00e9rgio Gomes para s\u00e1bado, dia 19\/09\/2015: <a href=\"http:\/\/revistadaespm.espm.br\/?p=3598\">As Cidades S\u00e3o o \u00daltimo Reduto da Solidariedade<\/a>.<\/p>\n<p><strong>Bibliografia:<\/strong><\/p>\n<p>ANDRADE, M\u00e1rio de. A Revela\u00e7\u00e3o \u2013 Ora\u00e7\u00e3o de paraninfo 1935. In: AB\u2019SABER, Aziz (org.). <strong>Leituras\u00a0indispens\u00e1veis. <\/strong>S\u00e3o Paulo: Ateli\u00ea Editorial, 2008, pp. 19-30.<\/p>\n<p>ARTIGAS, Jo\u00e3o Batista Vilanova. <strong>O desenho<\/strong>. Aula inaugural proferida na FAU\/USP em mar\u00e7o de 1967. S\u00e3o Paulo: FAU\/USP, 1970,1975.<\/p>\n<p>BIANCARELLI, Aureliano. <strong>Cirurgia em campo aberto<\/strong>. S\u00e3o Paulo: Brasiliense, 2001.<\/p>\n<p>ECKBO, Garret. O paisagismo nas grandes metr\u00f3poles. In: In: AB\u2019SABER, Aziz (org.). <strong>Leituras \u00a0\u00a0\u00a0\u00a0\u00a0indispens\u00e1veis. <\/strong>S\u00e3o Paulo: Ateli\u00ea Editorial, 2008, pp. 39-56.<\/p>\n<p>FOLHA DE S. PAULO<strong>. DNA Paulistano &#8211; a mais abrangente pesquisa de opini\u00e3o sobre a rela\u00e7\u00e3o dos paulistanos com a sua cidade. <\/strong>S\u00e3o Paulo: Publifolha, 2012<strong>. <\/strong><\/p>\n<p>S\u00c3O PAULO. C\u00e2mara Municipal de S\u00e3o Paulo. Projeto de Lei 272\/2015 \u2013 Revis\u00e3o da lei de Parcelamento, Uso e Ocupa\u00e7\u00e3o do Solo <strong>Revis\u00e3o da Lei de Zoneamento<\/strong>. Dispon\u00edvel em : &lt;&lt; <a href=\"http:\/\/homolog.saopaulo.sp.leg.br\/zoneamento\/apresentacao\/\">http:\/\/homolog.saopaulo.sp.leg.br\/zoneamento\/apresentacao\/<\/a>&gt;&gt;.<\/p>\n<p>S\u00c3O PAULO. C\u00e2mara Municipal de S\u00e3o Paulo. <strong>C\u00e2mara no seu bairro<\/strong>. Dispon\u00edvel em: &lt;&lt;<a href=\"http:\/\/homolog.saopaulo.sp.leg.br\/camaranoseubairro\/\">http:\/\/homolog.saopaulo.sp.leg.br\/camaranoseubairro\/<\/a>&gt;&gt;.<\/p>\n<p>S\u00c3O PAULO. Prefeitura Municipal de S\u00e3o Paulo. Secretaria Municipal do Desenvolvimento Urbano. Plano Diretor Estrat\u00e9gico (PDE). <strong>S\u00e3o Paulo tem um Plano<\/strong>. Dispon\u00edvel em &lt;&lt; <a href=\"http:\/\/gestaourbana.prefeitura.sp.gov.br\/entenda-a-lei\/\">http:\/\/gestaourbana.prefeitura.sp.gov.br\/entenda-a-lei\/<\/a>&gt;&gt;.<\/p>\n<p>S\u00c3O PAULO. Prefeitura Municipal de S\u00e3o Paulo. Secretaria Municipal das Subprefeituras. <strong>Dados demogr\u00e1ficos dos Distritos pertencentes \u00e0s Subprefeituras<\/strong>. Dispon\u00edvel em &lt;&lt; <a href=\"http:\/\/www.prefeitura.sp.gov.br\/cidade\/secretarias\/subprefeituras\/subprefeituras\/dados_demograficos\/index.php?p=12758\">http:\/\/www.prefeitura.sp.gov.br\/cidade\/secretarias\/subprefeituras\/subprefeituras\/dados_demograficos\/index.php?p=12758<\/a>&gt;&gt;.<\/p>\n","protected":false},"excerpt":{"rendered":"<p>Arquiteta e urbanista, Erm\u00ednia Maricato, em entrevista coletiva\u00a0aos alunos do curso A Escola do Parlamento da C\u00e2mara Municipal de S\u00e3o Paulo e a OBOR\u00c9 Projetos Especiais oferecem, pelo quarto ano consecutivo, 20 (vinte) vagas para estudantes de gradua\u00e7\u00e3o em Jornalismo e 5 (cinco) vagas para estagi\u00e1rios de comunica\u00e7\u00e3o dos gabinetes dos vereadores para o curso [&hellip;]<\/p>\n","protected":false},"author":79,"featured_media":0,"parent":1331,"menu_order":657,"comment_status":"open","ping_status":"open","template":"","meta":{"_acf_changed":false,"footnotes":""},"class_list":["post-1437","page","type-page","status-publish","hentry"],"acf":[],"_links":{"self":[{"href":"https:\/\/homolog.saopaulo.sp.leg.br\/escoladoparlamento\/wp-json\/wp\/v2\/pages\/1437","targetHints":{"allow":["GET"]}}],"collection":[{"href":"https:\/\/homolog.saopaulo.sp.leg.br\/escoladoparlamento\/wp-json\/wp\/v2\/pages"}],"about":[{"href":"https:\/\/homolog.saopaulo.sp.leg.br\/escoladoparlamento\/wp-json\/wp\/v2\/types\/page"}],"author":[{"embeddable":true,"href":"https:\/\/homolog.saopaulo.sp.leg.br\/escoladoparlamento\/wp-json\/wp\/v2\/users\/79"}],"replies":[{"embeddable":true,"href":"https:\/\/homolog.saopaulo.sp.leg.br\/escoladoparlamento\/wp-json\/wp\/v2\/comments?post=1437"}],"version-history":[{"count":5,"href":"https:\/\/homolog.saopaulo.sp.leg.br\/escoladoparlamento\/wp-json\/wp\/v2\/pages\/1437\/revisions"}],"predecessor-version":[{"id":7230,"href":"https:\/\/homolog.saopaulo.sp.leg.br\/escoladoparlamento\/wp-json\/wp\/v2\/pages\/1437\/revisions\/7230"}],"up":[{"embeddable":true,"href":"https:\/\/homolog.saopaulo.sp.leg.br\/escoladoparlamento\/wp-json\/wp\/v2\/pages\/1331"}],"wp:attachment":[{"href":"https:\/\/homolog.saopaulo.sp.leg.br\/escoladoparlamento\/wp-json\/wp\/v2\/media?parent=1437"}],"curies":[{"name":"wp","href":"https:\/\/api.w.org\/{rel}","templated":true}]}}