{"id":15879,"date":"2019-02-18T17:20:17","date_gmt":"2019-02-18T20:20:17","guid":{"rendered":"http:\/\/homolog.saopaulo.sp.leg.br\/escoladoparlamento\/?page_id=15879"},"modified":"2019-07-25T16:52:46","modified_gmt":"2019-07-25T19:52:46","slug":"reporter-do-futuro-2019","status":"publish","type":"page","link":"https:\/\/homolog.saopaulo.sp.leg.br\/escoladoparlamento\/cursos\/cursos-anteriores\/cursos-realizados-em-2019\/reporter-do-futuro-2019\/","title":{"rendered":"Rep\u00f3rter do Futuro \u2013 2019"},"content":{"rendered":"<p>O curso\u00a0<em>Descobrir S\u00e3o Paulo, Descobrir-se Rep\u00f3rter<\/em>, m\u00f3dulo do\u00a0<strong>Projeto Rep\u00f3rter do Futuro<\/strong> realizado pela <em>OBOR\u00c9 Projetos Especiais<\/em>, <em>IPFD \u2013 Instituto de Pesquisa, Forma\u00e7\u00e3o e Difus\u00e3o em Pol\u00edticas P\u00fablicas e Sociais<\/em> e a <em>Escola do Parlamento da C\u00e2mara Municipal de S\u00e3o Paulo<\/em>, com o apoio da <em>Abraji \u2013 Associa\u00e7\u00e3o Brasileira de Jornalismo Investigativo<\/em>, na sua 12\u00aa edi\u00e7\u00e3o aposta mais uma vez na pr\u00e1tica reflexiva da atividade jornal\u00edstica e estimula a cobertura de temas relevantes para o funcionamento da cidade.<\/p>\n<p>&nbsp;<\/p>\n<p>A cada encontro, sempre aos s\u00e1bados, os estudantes participam de palestra com um convidado de destaque, que apresenta um panorama sobre o assunto no qual \u00e9 especialista, seguida de uma coletiva de imprensa possibilitando os alunos viverem, na pr\u00e1tica, situa\u00e7\u00f5es que enfrentar\u00e3o na vida profissional.<\/p>\n<p>Na metodologia especialmente desenvolvida para este projeto de forma\u00e7\u00e3o, os estudantes tamb\u00e9m s\u00e3o estimulados a produzir uma pe\u00e7a jornal\u00edstica a cada encontro e recebem orienta\u00e7\u00f5es por meio de atendimentos individuais prestados por jornalistas experientes que integram a coordena\u00e7\u00e3o do\u00a0Projeto Rep\u00f3rter do Futuro.<br \/>\nE no m\u00f3dulo final, \u00e9 proposta a realiza\u00e7\u00e3o de uma reportagem de f\u00f4lego sobre um ou mais temas discutidos ao longo do curso, a \u201cOpera\u00e7\u00e3o Ponto Final\u201d.<\/p>\n<p><strong>\u00a0<\/strong><\/p>\n<p><strong>P\u00fablico Alvo:<\/strong>\u00a0Estudantes universit\u00e1rios de gradua\u00e7\u00e3o em Jornalismo.<\/p>\n<p><strong>Vagas:<\/strong>\u00a020 vagas<\/p>\n<h3><strong>Inscri\u00e7\u00f5es:<\/strong> encerradas<\/h3>\n<h3>Para mais informa\u00e7\u00f5es <a href=\"http:\/\/obore.com.br\/noticias\/noticia\/Projeto-Reporter-do-Futuro-abre-inscricoes-para-a-12a-edicao-do-modulo-Descobrir-Sao-Paulo-Descobrir-se-Reporter\">clique aqui<\/a><\/h3>\n","protected":false},"excerpt":{"rendered":"<p>O curso\u00a0Descobrir S\u00e3o Paulo, Descobrir-se Rep\u00f3rter, m\u00f3dulo do\u00a0Projeto Rep\u00f3rter do Futuro realizado pela OBOR\u00c9 Projetos Especiais, IPFD \u2013 Instituto de Pesquisa, Forma\u00e7\u00e3o e Difus\u00e3o em Pol\u00edticas P\u00fablicas e Sociais e a Escola do Parlamento da C\u00e2mara Municipal de S\u00e3o Paulo, com o apoio da Abraji \u2013 Associa\u00e7\u00e3o Brasileira de Jornalismo Investigativo, na sua 12\u00aa edi\u00e7\u00e3o [&hellip;]<\/p>\n","protected":false},"author":577,"featured_media":0,"parent":15928,"menu_order":286,"comment_status":"closed","ping_status":"closed","template":"","meta":{"_acf_changed":false,"footnotes":""},"class_list":["post-15879","page","type-page","status-publish","hentry"],"acf":[],"_links":{"self":[{"href":"https:\/\/homolog.saopaulo.sp.leg.br\/escoladoparlamento\/wp-json\/wp\/v2\/pages\/15879","targetHints":{"allow":["GET"]}}],"collection":[{"href":"https:\/\/homolog.saopaulo.sp.leg.br\/escoladoparlamento\/wp-json\/wp\/v2\/pages"}],"about":[{"href":"https:\/\/homolog.saopaulo.sp.leg.br\/escoladoparlamento\/wp-json\/wp\/v2\/types\/page"}],"author":[{"embeddable":true,"href":"https:\/\/homolog.saopaulo.sp.leg.br\/escoladoparlamento\/wp-json\/wp\/v2\/users\/577"}],"replies":[{"embeddable":true,"href":"https:\/\/homolog.saopaulo.sp.leg.br\/escoladoparlamento\/wp-json\/wp\/v2\/comments?post=15879"}],"version-history":[{"count":5,"href":"https:\/\/homolog.saopaulo.sp.leg.br\/escoladoparlamento\/wp-json\/wp\/v2\/pages\/15879\/revisions"}],"predecessor-version":[{"id":16146,"href":"https:\/\/homolog.saopaulo.sp.leg.br\/escoladoparlamento\/wp-json\/wp\/v2\/pages\/15879\/revisions\/16146"}],"up":[{"embeddable":true,"href":"https:\/\/homolog.saopaulo.sp.leg.br\/escoladoparlamento\/wp-json\/wp\/v2\/pages\/15928"}],"wp:attachment":[{"href":"https:\/\/homolog.saopaulo.sp.leg.br\/escoladoparlamento\/wp-json\/wp\/v2\/media?parent=15879"}],"curies":[{"name":"wp","href":"https:\/\/api.w.org\/{rel}","templated":true}]}}