{"id":1594,"date":"2015-09-03T15:47:21","date_gmt":"2015-09-03T18:47:21","guid":{"rendered":"http:\/\/homolog.saopaulo.sp.leg.br\/escoladoparlamento\/?page_id=1594"},"modified":"2017-07-11T16:02:11","modified_gmt":"2017-07-11T19:02:11","slug":"direito-a-convivencia-familiar-e-comunitaria","status":"publish","type":"page","link":"https:\/\/homolog.saopaulo.sp.leg.br\/escoladoparlamento\/cursos\/cursos-anteriores\/cursos-realizados-em-2015\/direito-a-convivencia-familiar-e-comunitaria\/","title":{"rendered":"Direito \u00e0 Conviv\u00eancia Familiar e Comunit\u00e1ria"},"content":{"rendered":"<p><iframe loading=\"lazy\" title=\"Curso da Escola do Parlamento trata do direito \u00e0 conviv\u00eancia familiar\" width=\"640\" height=\"480\" src=\"https:\/\/www.youtube.com\/embed\/0_i0EpHvtu8?feature=oembed\" frameborder=\"0\" allow=\"accelerometer; autoplay; clipboard-write; encrypted-media; gyroscope; picture-in-picture; web-share\" referrerpolicy=\"strict-origin-when-cross-origin\" allowfullscreen><\/iframe><\/p>\n<p><iframe loading=\"lazy\" title=\"Curso da Escola do Parlamento discute situa\u00e7\u00e3o de crian\u00e7as e jovens no Brasil\" width=\"640\" height=\"480\" src=\"https:\/\/www.youtube.com\/embed\/973MyNUXA2A?feature=oembed\" frameborder=\"0\" allow=\"accelerometer; autoplay; clipboard-write; encrypted-media; gyroscope; picture-in-picture; web-share\" referrerpolicy=\"strict-origin-when-cross-origin\" allowfullscreen><\/iframe><\/p>\n<p><iframe loading=\"lazy\" title=\"Coordenadora faz balan\u00e7o do curso &quot;Direito \u00e0 Conviv\u00eancia Familiar e Comunit\u00e1ria&quot;\" width=\"640\" height=\"480\" src=\"https:\/\/www.youtube.com\/embed\/VpKn-nEOiPE?feature=oembed\" frameborder=\"0\" allow=\"accelerometer; autoplay; clipboard-write; encrypted-media; gyroscope; picture-in-picture; web-share\" referrerpolicy=\"strict-origin-when-cross-origin\" allowfullscreen><\/iframe><\/p>\n<hr \/>\n<p><strong>Objetivo:<\/strong> Difundir o direito de crian\u00e7as e adolescentes \u00e0 conviv\u00eancia familiar e comunit\u00e1ria garantido pelo Plano Nacional de Conviv\u00eancia Familiar e Comunit\u00e1ria, como instrumento de justi\u00e7a e mobiliza\u00e7\u00e3o social. Analisar as exig\u00eancias de prote\u00e7\u00e3o social postas \u00e0s fam\u00edlias, historicamente, e no atual desenho das pol\u00edticas sociais. Oferecer elementos te\u00f3ricos e t\u00e9cnico-operativos para a efetiva\u00e7\u00e3o do Plano Nacional de Promo\u00e7\u00e3o, Prote\u00e7\u00e3o e Defesa da Crian\u00e7a e Adolescente \u00e0 Conviv\u00eancia Familiar e Comunit\u00e1ria. Desenvolver compet\u00eancias para o desenvolvimento de politicas p\u00fablicas de aten\u00e7\u00e3o as fam\u00edlias, com vistas ao fortalecimento dos v\u00ednculos. Analisar o significado hist\u00f3rico da institucionaliza\u00e7\u00e3o, a partir da rela\u00e7\u00e3o entre garantia de prote\u00e7\u00e3o do Estado <em>versus<\/em> garantia de direitos humanos.<\/p>\n<p><strong>P\u00fablico Alvo:\u00a0<\/strong>Profissionais de n\u00edvel m\u00e9dio e de n\u00edvel universit\u00e1rio, especialmente aos\u00a0 que atuam no Sistema de Garantia de Direitos (SGD); parlamentares e assessores\/as de gabinetes; demais cidad\u00e3os\/\u00e3s da sociedade civil pertencentes aos mecanismos de participa\u00e7\u00e3o popular e de controle social.<\/p>\n<p><strong>Coordenadora:<\/strong> Joana M. G. F. Duarte<\/p>\n<p><strong>Carga Hor\u00e1ria:<\/strong> 17h<\/p>\n<h3><strong>Inscri\u00e7\u00f5es:<\/strong>\u00a0Encerradas.<\/h3>\n<p><strong>Local:<\/strong> C\u00e2mara Municipal de S\u00e3o Paulo<\/p>\n<p><strong>Programa:<\/strong><\/p>\n<table>\n<tbody>\n<tr>\n<td><strong>Data<\/strong><\/td>\n<td><strong>Local<\/strong><\/td>\n<td><strong>Tema<\/strong><\/td>\n<td><strong>Palestrante<\/strong><\/td>\n<\/tr>\n<tr>\n<td><strong>24\/09 <\/strong>(19h-22h)<\/td>\n<td><a href=\"http:\/\/homolog.saopaulo.sp.leg.br\/transparencia\/auditorios-online\/sala-sergio-vieira-de-mello-sala\/\">Sala S\u00e9rgio Vieira de Mello<\/a><\/td>\n<td><em>A concep\u00e7\u00e3o de prote\u00e7\u00e3o social no Brasil e a Seguridade Social brasileira: uma reflex\u00e3o sobre a responsabiliza\u00e7\u00e3o das fam\u00edlias no enfrentamento das desigualdades e das vulnerabilidades.<\/em><\/td>\n<td>Damares Vicente<\/td>\n<\/tr>\n<tr>\n<td><strong>01\/10 <\/strong>(19h-22h)<\/td>\n<td><a href=\"http:\/\/homolog.saopaulo.sp.leg.br\/transparencia\/auditorios-online\/auditorio-prestes-maia\/\">Audit\u00f3rio Prestes Maia (Plenarinho)<\/a><\/td>\n<td><em>Desigualdades hist\u00f3ricas, econ\u00f4micas, pol\u00edticas, sociais, geracionais e de g\u00eanero expressas nas rela\u00e7\u00f5es familiares. [<a href=\"http:\/\/camarasp.flashserverbr.com\/19303\">V\u00eddeo<\/a>]<\/em><\/td>\n<td>Joana Duarte<\/td>\n<\/tr>\n<tr>\n<td><strong>08\/10 <\/strong>(19h-22h)<\/td>\n<td><a href=\"http:\/\/homolog.saopaulo.sp.leg.br\/transparencia\/auditorios-online\/salao-nobre-presidente-joao-brasil-vita\/\">Sal\u00e3o Nobre<\/a>\u00a0(8o andar)<\/td>\n<td><em>A hist\u00f3ria da crian\u00e7a e do adolescente no Brasil. A cultura da institucionaliza\u00e7\u00e3o no Brasil. Marcos legais (Declara\u00e7\u00e3o dos Direitos Humanos; ECA).\u00a0[<a href=\"http:\/\/camarasp.flashserverbr.com\/19404\">V\u00eddeo<\/a>\u00a0| <a href=\"http:\/\/camarasp.flashserverbr.com\/19408\">V\u00eddeo<\/a>]<\/em><\/td>\n<td>Elizabete Rosa<\/td>\n<\/tr>\n<tr>\n<td><strong>15\/10 <\/strong>(19h-22h)<\/td>\n<td><a href=\"http:\/\/homolog.saopaulo.sp.leg.br\/transparencia\/auditorios-online\/sala-sergio-vieira-de-mello-sala\/\">Sala S\u00e9rgio Vieira de Mello<\/a>\u00a0com transmiss\u00e3o na Sala Oscar Pedroso Horta<\/td>\n<td><em>As amea\u00e7as e as viola\u00e7\u00f5es dos direitos de crian\u00e7as e adolescentes: situa\u00e7\u00e3o de rua, viol\u00eancia, entre outras formas de desprote\u00e7\u00e3o.\u00a0[<a href=\"http:\/\/camarasp.flashserverbr.com\/19507\">V\u00eddeo<\/a>]<\/em><\/td>\n<td>Elizabete Rosa<\/td>\n<\/tr>\n<tr>\n<td><strong>22\/10 <\/strong>(19h-22h)<\/td>\n<td><a href=\"http:\/\/homolog.saopaulo.sp.leg.br\/transparencia\/auditorios-online\/salao-nobre-presidente-joao-brasil-vita\/\">Sal\u00e3o Nobre<\/a>\u00a0(8o andar)<\/td>\n<td><em>Plano Nacional de Conviv\u00eancia Familiar e Comunit\u00e1ria: diretrizes e objetivos.\u00a0[<a href=\"http:\/\/camarasp.flashserverbr.com\/19612\">V\u00eddeo<\/a>]<\/em><\/td>\n<td width=\"192\">Joana Duarte<\/td>\n<\/tr>\n<tr>\n<td><strong>05\/11 <\/strong>(19-21h)<\/td>\n<td><a href=\"http:\/\/homolog.saopaulo.sp.leg.br\/transparencia\/auditorios-online\/sala-sergio-vieira-de-mello-sala\/\">Sala S\u00e9rgio Vieira de Mello<\/a>\u00a0com transmiss\u00e3o na Sala Oscar Pedroso Horta<\/td>\n<td><em>Oficina: Pol\u00edticas, servi\u00e7os e programas de prote\u00e7\u00e3o \u00e0s fam\u00edlias.\u00a0[<a href=\"http:\/\/camarasp.flashserverbr.com\/19742\">V\u00eddeo<\/a>]<\/em><\/td>\n<td>Joana Duarte<\/td>\n<\/tr>\n<\/tbody>\n<\/table>\n<p>&nbsp;<\/p>\n","protected":false},"excerpt":{"rendered":"<p>Objetivo: Difundir o direito de crian\u00e7as e adolescentes \u00e0 conviv\u00eancia familiar e comunit\u00e1ria garantido pelo Plano Nacional de Conviv\u00eancia Familiar e Comunit\u00e1ria, como instrumento de justi\u00e7a e mobiliza\u00e7\u00e3o social. Analisar as exig\u00eancias de prote\u00e7\u00e3o social postas \u00e0s fam\u00edlias, historicamente, e no atual desenho das pol\u00edticas sociais. Oferecer elementos te\u00f3ricos e t\u00e9cnico-operativos para a efetiva\u00e7\u00e3o do [&hellip;]<\/p>\n","protected":false},"author":79,"featured_media":0,"parent":1331,"menu_order":654,"comment_status":"closed","ping_status":"closed","template":"","meta":{"_acf_changed":false,"footnotes":""},"class_list":["post-1594","page","type-page","status-publish","hentry"],"acf":[],"_links":{"self":[{"href":"https:\/\/homolog.saopaulo.sp.leg.br\/escoladoparlamento\/wp-json\/wp\/v2\/pages\/1594","targetHints":{"allow":["GET"]}}],"collection":[{"href":"https:\/\/homolog.saopaulo.sp.leg.br\/escoladoparlamento\/wp-json\/wp\/v2\/pages"}],"about":[{"href":"https:\/\/homolog.saopaulo.sp.leg.br\/escoladoparlamento\/wp-json\/wp\/v2\/types\/page"}],"author":[{"embeddable":true,"href":"https:\/\/homolog.saopaulo.sp.leg.br\/escoladoparlamento\/wp-json\/wp\/v2\/users\/79"}],"replies":[{"embeddable":true,"href":"https:\/\/homolog.saopaulo.sp.leg.br\/escoladoparlamento\/wp-json\/wp\/v2\/comments?post=1594"}],"version-history":[{"count":5,"href":"https:\/\/homolog.saopaulo.sp.leg.br\/escoladoparlamento\/wp-json\/wp\/v2\/pages\/1594\/revisions"}],"predecessor-version":[{"id":1933,"href":"https:\/\/homolog.saopaulo.sp.leg.br\/escoladoparlamento\/wp-json\/wp\/v2\/pages\/1594\/revisions\/1933"}],"up":[{"embeddable":true,"href":"https:\/\/homolog.saopaulo.sp.leg.br\/escoladoparlamento\/wp-json\/wp\/v2\/pages\/1331"}],"wp:attachment":[{"href":"https:\/\/homolog.saopaulo.sp.leg.br\/escoladoparlamento\/wp-json\/wp\/v2\/media?parent=1594"}],"curies":[{"name":"wp","href":"https:\/\/api.w.org\/{rel}","templated":true}]}}