{"id":16220,"date":"2019-04-10T16:09:13","date_gmt":"2019-04-10T19:09:13","guid":{"rendered":"http:\/\/homolog.saopaulo.sp.leg.br\/escoladoparlamento\/?page_id=16220"},"modified":"2019-05-07T16:49:47","modified_gmt":"2019-05-07T19:49:47","slug":"v-jornada-paulista-de-cerimonial","status":"publish","type":"page","link":"https:\/\/homolog.saopaulo.sp.leg.br\/escoladoparlamento\/cursos\/cursos-anteriores\/cursos-realizados-em-2019\/v-jornada-paulista-de-cerimonial\/","title":{"rendered":"V Jornada Paulista de Cerimonial"},"content":{"rendered":"<h1><strong>3 de maio de 2019<\/strong><\/h1>\n<h2><a href=\"http:\/\/homolog.saopaulo.sp.leg.br\/transparencia\/auditorios-online\/salao-nobre-presidente-joao-brasil-vita\/\">Sal\u00e3o Nobre<\/a><\/h2>\n<h2><strong>Programa\u00e7\u00e3o:<\/strong><\/h2>\n<p><strong>13h30<\/strong> Abertura<\/p>\n<hr \/>\n<p><strong>14h-15h<\/strong> Gest\u00e3o e Estrat\u00e9gia do Cerimonial no Executivo<\/p>\n<p>Coordenador: <strong>Carlos Takahashi <\/strong><em>Chefe de Gabinete da Casa Civil do Governo do Estado de S\u00e3o Paulo<\/em><\/p>\n<p><strong>Evandro Evangelista<\/strong> <em>Chefe de Gabinete da Prefeitura de Piracicaba<\/em><\/p>\n<p><strong>Fredolino Ant\u00f4nio David<\/strong> <em>Vice-presidente do CNCP\/Brasil<\/em><\/p>\n<p><strong>Ivone de Souza Almeida<\/strong> <em>Presidente da Academia Brasileira de Cerimonial e Protocolo<\/em><\/p>\n<hr \/>\n<p><strong>15h-16h<\/strong> Caracter\u00edsticas das Cerim\u00f4nias de Entrega de Honrarias no Poder Legislativo<\/p>\n<p>Coordenadora: <strong>Regina de Almeida El Rafihi <\/strong><em>Instrutora da Escola da Assembleia Legislativa do Estado de Rond\u00f4nia<\/em><\/p>\n<p><strong>Cecilia de Arruda<\/strong> <em>Chefe do Cerimonial da C\u00e2mara Municipal de S\u00e3o Paulo<\/em><\/p>\n<p><strong>Roberta Lameiro Sattelmayer<\/strong> <em>C\u00e2mara Municipal de S\u00e3o Jos\u00e9 dos Campos<\/em><\/p>\n<p><strong>Sonia Palma Beolchi<\/strong> <em>Vice-presidente da C\u00e2mara Municipal de Ibir\u00e1 e vice-presidente da UVESP<\/em><\/p>\n<hr \/>\n<p><strong>16h-18h<\/strong> Grande Painel &#8211;\u00a0<strong>temas:<\/strong> Convites, Preced\u00eancias, Seguran\u00e7a, S\u00edmbolos Nacionais, Visitas, Ex\u00e9quias, Inaugura\u00e7\u00f5es e Mestre de Cerim\u00f4nias<\/p>\n<p>Coordenador: <strong>Djair de Souza<\/strong> <em>Assessor para o Executivo Municipal do CNCP<\/em><\/p>\n<p><strong>Andrea Nakane<\/strong> <em>Diretora Mestres da Hospitalidade<\/em><\/p>\n<p><strong>Ant\u00f4nio Carlos Vieira J\u00fanior<\/strong> <em>Mestre de Cerim\u00f4nias da C\u00e2mara Municipal de S\u00e3o Paulo<\/em><\/p>\n<p><strong>Eliane Ubill\u00fas<\/strong> <em>Vice-presidente da OICP, Diretora de Rela\u00e7\u00f5es Internacionais do CNCP\/Brasil e Diretora Administrativa da ABCP<\/em><\/p>\n<p><strong>Fredolino Ant\u00f4nio David<\/strong> <em>Vice-presidente do CNCP\/Brasil<\/em><\/p>\n<p><strong>Lincoln Alves da Mata Ribeiro<\/strong> <em>Diretor de Cerimonial da Prefeitura de Volta Redonda<\/em><\/p>\n<p><strong>Lizete Ricci<\/strong> <em>Delegada do CNCP no Estado de S\u00e3o Paulo<\/em><\/p>\n<p><strong>Yvone de Souza Almeida <\/strong><em>Presidente da Academia Brasileira de Cerimonial e Protocolo<\/em><\/p>\n<hr \/>\n<h2><strong>Inscri\u00e7\u00f5es:<\/strong> <span style=\"color: #ff0000\"><strong>encerradas<\/strong><\/span><\/h2>\n","protected":false},"excerpt":{"rendered":"<p>3 de maio de 2019 Sal\u00e3o Nobre Programa\u00e7\u00e3o: 13h30 Abertura 14h-15h Gest\u00e3o e Estrat\u00e9gia do Cerimonial no Executivo Coordenador: Carlos Takahashi Chefe de Gabinete da Casa Civil do Governo do Estado de S\u00e3o Paulo Evandro Evangelista Chefe de Gabinete da Prefeitura de Piracicaba Fredolino Ant\u00f4nio David Vice-presidente do CNCP\/Brasil Ivone de Souza Almeida Presidente da [&hellip;]<\/p>\n","protected":false},"author":522,"featured_media":0,"parent":15928,"menu_order":278,"comment_status":"closed","ping_status":"closed","template":"","meta":{"_acf_changed":false,"footnotes":""},"class_list":["post-16220","page","type-page","status-publish","hentry"],"acf":[],"_links":{"self":[{"href":"https:\/\/homolog.saopaulo.sp.leg.br\/escoladoparlamento\/wp-json\/wp\/v2\/pages\/16220","targetHints":{"allow":["GET"]}}],"collection":[{"href":"https:\/\/homolog.saopaulo.sp.leg.br\/escoladoparlamento\/wp-json\/wp\/v2\/pages"}],"about":[{"href":"https:\/\/homolog.saopaulo.sp.leg.br\/escoladoparlamento\/wp-json\/wp\/v2\/types\/page"}],"author":[{"embeddable":true,"href":"https:\/\/homolog.saopaulo.sp.leg.br\/escoladoparlamento\/wp-json\/wp\/v2\/users\/522"}],"replies":[{"embeddable":true,"href":"https:\/\/homolog.saopaulo.sp.leg.br\/escoladoparlamento\/wp-json\/wp\/v2\/comments?post=16220"}],"version-history":[{"count":5,"href":"https:\/\/homolog.saopaulo.sp.leg.br\/escoladoparlamento\/wp-json\/wp\/v2\/pages\/16220\/revisions"}],"predecessor-version":[{"id":16282,"href":"https:\/\/homolog.saopaulo.sp.leg.br\/escoladoparlamento\/wp-json\/wp\/v2\/pages\/16220\/revisions\/16282"}],"up":[{"embeddable":true,"href":"https:\/\/homolog.saopaulo.sp.leg.br\/escoladoparlamento\/wp-json\/wp\/v2\/pages\/15928"}],"wp:attachment":[{"href":"https:\/\/homolog.saopaulo.sp.leg.br\/escoladoparlamento\/wp-json\/wp\/v2\/media?parent=16220"}],"curies":[{"name":"wp","href":"https:\/\/api.w.org\/{rel}","templated":true}]}}