{"id":16491,"date":"2019-07-25T16:51:18","date_gmt":"2019-07-25T19:51:18","guid":{"rendered":"http:\/\/homolog.saopaulo.sp.leg.br\/escoladoparlamento\/?page_id=16491"},"modified":"2019-11-11T14:34:09","modified_gmt":"2019-11-11T17:34:09","slug":"forum-de-educacao-integral","status":"publish","type":"page","link":"https:\/\/homolog.saopaulo.sp.leg.br\/escoladoparlamento\/parcerias\/realizados-2\/realizados-2019\/forum-de-educacao-integral\/","title":{"rendered":"F\u00f3rum de Educa\u00e7\u00e3o Integral"},"content":{"rendered":"<h2>Educa\u00e7\u00e3o Integral e Democracia: uma agenda positiva para a Educa\u00e7\u00e3o nacional<\/h2>\n<p>&nbsp;<\/p>\n<p><strong>Objetivos:<\/strong> fortalecer o debate sobre a Educa\u00e7\u00e3o Integral na Rede municipal de educa\u00e7\u00e3o da cidade de S\u00e3o Paulo; aprofundar o conhecimento e o debate a respeito dos sentidos do direito \u00e0 educa\u00e7\u00e3o, da democracia e da democratiza\u00e7\u00e3o; refletir sobre as rela\u00e7\u00f5es indissoci\u00e1veis entre a Educa\u00e7\u00e3o Integral e a democracia; trocar experi\u00eancias com outras Redes municipais que se organizam a partir da concep\u00e7\u00e3o da Educa\u00e7\u00e3o Integral; possibilitar o debate entre profissionais da educa\u00e7\u00e3o de Redes municipais distintas, reconhecendo as especificidades culturais, geogr\u00e1ficas e sociais de cada munic\u00edpio; contribuir para alcan\u00e7ar os resultados esperados do projeto <em>25: S\u00e3o Paulo Educadora<\/em>, do Plano de Metas da Cidade de S\u00e3o Paulo 2017-2020.<\/p>\n<p><strong>Vagas:<\/strong> 160<\/p>\n<p><strong>P\u00fablico alvo:<\/strong> Agente de Apoio, Agente Escolar, Assist. de Diretor de Escola, Coord. Pedag\u00f3gico, Diretor de Escola, Prof. de Educa\u00e7\u00e3o Infantil, Prof. Ed. Infantil e Ensino Fundamental I, Prof. Ensino Fundamental II e M\u00e9dio, Supervisor Escolar.<\/p>\n<h3><span style=\"color: #3366ff\"><strong>21 de agosto e 06 de novembro &#8211; das 9h \u00e0s 13h<\/strong><\/span><\/h3>\n<h3><a href=\"http:\/\/homolog.saopaulo.sp.leg.br\/transparencia\/auditorios-online\/sala-sergio-vieira-de-mello-sala\/\"><strong>Sala S\u00e9rgio Vieira de Mello<\/strong><\/a><\/h3>\n<h3><strong>Inscri\u00e7\u00f5es: <span style=\"color: #ff0000\">encerradas<\/span><\/strong><\/h3>\n<p>&nbsp;<\/p>\n<hr \/>\n<p><strong>PROGRAMA\u00c7\u00c3O: <\/strong><\/p>\n<p><span style=\"color: #ff0000\"><strong>06 de NOVEMBRO<\/strong><\/span><br \/>\n<strong>9h \u00e0s 9h30<\/strong> &#8211; Abertura<\/p>\n<p><strong>9h30 \u00e0s 11h30<\/strong><br \/>\nMesa: <strong>Educa\u00e7\u00e3o Integral: outras escolas, outras redes<\/strong><br \/>\nPalestrantes:<\/p>\n<ul>\n<li><strong>Dra. Cristiana Mercadante Esper Berthoud <\/strong><em>&#8211; Secret\u00e1ria de Educa\u00e7\u00e3o da Est\u00e2ncia Tur\u00edstica de Trememb\u00e9<\/em><\/li>\n<li><strong>Cristina Barletta<\/strong> &#8211; <em>Secret\u00e1ria de Educa\u00e7\u00e3o do munic\u00edpio de Santos<\/em><\/li>\n<li><strong>Jos\u00e9 Pedro Nunes da Silva<\/strong> &#8211; <em>Diretor da EMEF Jos\u00e9 Inoc\u00eancio Monteiro, Trememb\u00e9<\/em><\/li>\n<li><strong>M\u00e1rcia Cal\u00e7ada<\/strong> &#8211; <em>Coordenadora Geral do programa &#8220;Escola Total&#8221; do munic\u00edpio de Santos<\/em><\/li>\n<\/ul>\n<p><strong>11h30 \u00e0s 13h<\/strong> &#8211; Palavra aberta, informes e encaminhamentos<\/p>\n<p>&nbsp;<\/p>\n<p><span style=\"color: #ff0000\"><strong>21 de AGOSTO<\/strong><\/span><br \/>\n<strong>9h \u00e0s 9h30<\/strong> &#8211; Abertura e apresenta\u00e7\u00e3o cultural <em>VOPO &#8211; Vozes Po\u00e9ticas (EMEF Paulo Carneiro \/ DRE JT)<\/em><\/p>\n<p><strong>9h30 \u00e0s 11h30<\/strong><br \/>\nMesa: <strong>Educa\u00e7\u00e3o Integral e Democracia: uma agenda positiva para a educa\u00e7\u00e3o nacional<\/strong><br \/>\nPalestrantes:<\/p>\n<ul>\n<li><strong>Daniel Cara<\/strong> &#8211; <em>Doutorando em Ci\u00eancia Pol\u00edtica (USP) e Coordenador Geral da Campanha Nacional pelo Direito \u00e0 Educa\u00e7\u00e3o<\/em><\/li>\n<li><strong>Maria do Pilar Lacerda<\/strong> &#8211; <em>Diretora da Funda\u00e7\u00e3o SM\/Brasil, ex-Secret\u00e1ria Nacional de Educa\u00e7\u00e3o B\u00e1sica do Minist\u00e9rio da Educa\u00e7\u00e3o (2007 a 2012)<\/em><\/li>\n<\/ul>\n<p><strong>Media\u00e7\u00e3o:<\/strong> Yuri Scardino &#8211; <em>Professor EMEF Assad Abdalla<\/em><\/p>\n<p><strong>11h30 \u00e0s 13h<\/strong> &#8211; Palavra aberta, informes e encaminhamentos<\/p>\n<p>&nbsp;<\/p>\n<p>&nbsp;<\/p>\n","protected":false},"excerpt":{"rendered":"<p>Educa\u00e7\u00e3o Integral e Democracia: uma agenda positiva para a Educa\u00e7\u00e3o nacional &nbsp; Objetivos: fortalecer o debate sobre a Educa\u00e7\u00e3o Integral na Rede municipal de educa\u00e7\u00e3o da cidade de S\u00e3o Paulo; aprofundar o conhecimento e o debate a respeito dos sentidos do direito \u00e0 educa\u00e7\u00e3o, da democracia e da democratiza\u00e7\u00e3o; refletir sobre as rela\u00e7\u00f5es indissoci\u00e1veis entre [&hellip;]<\/p>\n","protected":false},"author":522,"featured_media":0,"parent":17111,"menu_order":274,"comment_status":"closed","ping_status":"closed","template":"","meta":{"_acf_changed":false,"footnotes":""},"class_list":["post-16491","page","type-page","status-publish","hentry"],"acf":[],"_links":{"self":[{"href":"https:\/\/homolog.saopaulo.sp.leg.br\/escoladoparlamento\/wp-json\/wp\/v2\/pages\/16491","targetHints":{"allow":["GET"]}}],"collection":[{"href":"https:\/\/homolog.saopaulo.sp.leg.br\/escoladoparlamento\/wp-json\/wp\/v2\/pages"}],"about":[{"href":"https:\/\/homolog.saopaulo.sp.leg.br\/escoladoparlamento\/wp-json\/wp\/v2\/types\/page"}],"author":[{"embeddable":true,"href":"https:\/\/homolog.saopaulo.sp.leg.br\/escoladoparlamento\/wp-json\/wp\/v2\/users\/522"}],"replies":[{"embeddable":true,"href":"https:\/\/homolog.saopaulo.sp.leg.br\/escoladoparlamento\/wp-json\/wp\/v2\/comments?post=16491"}],"version-history":[{"count":5,"href":"https:\/\/homolog.saopaulo.sp.leg.br\/escoladoparlamento\/wp-json\/wp\/v2\/pages\/16491\/revisions"}],"predecessor-version":[{"id":17049,"href":"https:\/\/homolog.saopaulo.sp.leg.br\/escoladoparlamento\/wp-json\/wp\/v2\/pages\/16491\/revisions\/17049"}],"up":[{"embeddable":true,"href":"https:\/\/homolog.saopaulo.sp.leg.br\/escoladoparlamento\/wp-json\/wp\/v2\/pages\/17111"}],"wp:attachment":[{"href":"https:\/\/homolog.saopaulo.sp.leg.br\/escoladoparlamento\/wp-json\/wp\/v2\/media?parent=16491"}],"curies":[{"name":"wp","href":"https:\/\/api.w.org\/{rel}","templated":true}]}}