{"id":16594,"date":"2019-08-20T16:43:26","date_gmt":"2019-08-20T19:43:26","guid":{"rendered":"http:\/\/homolog.saopaulo.sp.leg.br\/escoladoparlamento\/?page_id=16594"},"modified":"2019-09-09T13:09:25","modified_gmt":"2019-09-09T16:09:25","slug":"regularizacao-fundiaria-urbana-a-lei-federal-no-13-465-2017-reurb-e-sua-aplicabilidade-no-municipio-de-sao-paulo","status":"publish","type":"page","link":"https:\/\/homolog.saopaulo.sp.leg.br\/escoladoparlamento\/cursos\/cursos-anteriores\/cursos-realizados-em-2019\/regularizacao-fundiaria-urbana-a-lei-federal-no-13-465-2017-reurb-e-sua-aplicabilidade-no-municipio-de-sao-paulo\/","title":{"rendered":"Regulariza\u00e7\u00e3o Fundi\u00e1ria Urbana: a Lei federal n\u00ba 13.465\/2017 (Reurb) e sua aplicabilidade no Munic\u00edpio de S\u00e3o Paulo"},"content":{"rendered":"<p><strong>Respons\u00e1vel:<\/strong> Rubem Romancini<\/p>\n<p><strong>Coordenador:<\/strong> Pedro Campones<\/p>\n<p><strong>Tipo do Evento:<\/strong> Semin\u00e1rio<\/p>\n<p>Considerando que a quantidade de mudan\u00e7as da legisla\u00e7\u00e3o sobre o tema trouxe d\u00favida para muitos, desde t\u00e9cnicos da mat\u00e9ria at\u00e9 os executores da pol\u00edtica urbana, e que no Munic\u00edpio de S\u00e3o Paulo, especialmente na Secretaria de Habita\u00e7\u00e3o, tramitam incont\u00e1veis procedimentos para regulariza\u00e7\u00e3o de moradias de interesse social, a <em>Escola do Parlamento,<\/em> juntamente com a equipe de Assessoria e Consultoria de Urbanismo e Meio Ambiente da <em>Comiss\u00e3o de Pol\u00edtica Urbana Metropolitana e Meio Ambiente da C\u00e2mara<\/em>, promovem a realiza\u00e7\u00e3o de semin\u00e1rio sobre a Lei 13.465\/2017 e sua aplicabilidade no Munic\u00edpio de S\u00e3o Paulo.<\/p>\n<p><strong>Objetivos:<\/strong> apresentar os novos instrumentos da REURB e sua aplicabilidade; discutir os aspectos pr\u00e1ticos, avaliando a necessidade de regulamenta\u00e7\u00e3o no munic\u00edpio.<\/p>\n<p><strong>P\u00fablico alvo:<\/strong> lideran\u00e7as comunit\u00e1rias, assessorias t\u00e9cnicas e servidores p\u00fablicos que atuam no campo da regulariza\u00e7\u00e3o fundi\u00e1ria.<\/p>\n<p><strong>Vagas:<\/strong> 150<\/p>\n<p><strong>Carga Hor\u00e1ria Total:<\/strong> 8 horas<\/p>\n<h2><strong><span style=\"color: #000000\">5 de setembro &#8211;<\/span> <a href=\"http:\/\/homolog.saopaulo.sp.leg.br\/transparencia\/auditorios-online\/auditorio-prestes-maia\/\">Audit\u00f3rio Prestes Maia<\/a><\/strong><\/h2>\n<h3>Programa\u00e7\u00e3o:<\/h3>\n<p><strong>9h &#8211; Abertura<\/strong> &#8211; presen\u00e7a de vereadores, Sr. Secret\u00e1rio da Habita\u00e7\u00e3o e representante da Escola do Parlamento<\/p>\n<hr \/>\n<p><strong>9h30 &#8211; PARTE I &#8211; REURB e seus desafios institucionais<\/strong><\/p>\n<p>REURB \u2013 aspectos gerais da lei federal &#8211; <em>Dr. Allan Ramalho Ferreira \u2013 Defensoria P\u00fablica de SP\u00a0 &#8211; <a href=\"https:\/\/homolog.saopaulo.sp.leg.br\/escoladoparlamento\/wp-content\/uploads\/sites\/5\/2019\/09\/APRESENTA\u00c7\u00c30-ALLAN-R-FERREIRA.pdf\">Slide<\/a><\/em><\/p>\n<p>REURB &#8211; nos Cart\u00f3rios de Registro de Im\u00f3veis\u00a0 &#8211; <em>Dr. Eduardo Queiroz Rodrigues \u2013 18\u00ba Registro de Im\u00f3veis da Capital<\/em><\/p>\n<p>REURB \u2013 na vis\u00e3o do MPSP &#8211; <em>Dr. Ivan Carneiro \u2013 Promotor de Justi\u00e7a &#8211; <a href=\"https:\/\/homolog.saopaulo.sp.leg.br\/escoladoparlamento\/wp-content\/uploads\/sites\/5\/2019\/09\/IVAN-PAPEL-DO-MP-na-REURB-06-09-19-C\u00e2mara-Municipal-de-S\u00e3o-Paulo.pdf\">Slide<\/a><\/em><\/p>\n<p><strong>Media\u00e7\u00e3o &#8211;<\/strong> <em>Dr. Jose Fernando Ferreira Brega \u2013 Procurador PMSP<\/em><\/p>\n<hr \/>\n<p><strong>14h30 &#8211; PARTE II \u2013 REURB na cidade <\/strong><\/p>\n<p>O passo a passo da REURB &#8211; <em>Dra. Candel\u00e1ria Maria Reyes Garcia &#8211; consultora REURB<\/em><\/p>\n<p>A pr\u00e1tica de REURB no munic\u00edpio de S\u00e3o Paulo &#8211; <em>Dra. Silvia de Mesquita Rodrigues de Freitas &#8211; CRF \/SEHAB<\/em><\/p>\n<p>Regulariza\u00e7\u00e3o fundi\u00e1ria e meio ambiente &#8211; <em>Dr. Douglas Tadashi &#8211; Defensoria P\u00fablica de SP<\/em><\/p>\n<p><strong>Media\u00e7\u00e3o &#8211;<\/strong> <em>Dra. Rosane de Almeida Tierno \u2013 IBDU e CDU &#8211; OAB\/SP<\/em><\/p>\n<hr \/>\n<p><strong>18h &#8211; Encerramento<\/strong><\/p>\n<h2><strong>Inscri\u00e7\u00f5es: <\/strong><span style=\"color: #ff0000\">encerradas<\/span><\/h2>\n<h3><\/h3>\n<p>&nbsp;<\/p>\n","protected":false},"excerpt":{"rendered":"<p>Respons\u00e1vel: Rubem Romancini Coordenador: Pedro Campones Tipo do Evento: Semin\u00e1rio Considerando que a quantidade de mudan\u00e7as da legisla\u00e7\u00e3o sobre o tema trouxe d\u00favida para muitos, desde t\u00e9cnicos da mat\u00e9ria at\u00e9 os executores da pol\u00edtica urbana, e que no Munic\u00edpio de S\u00e3o Paulo, especialmente na Secretaria de Habita\u00e7\u00e3o, tramitam incont\u00e1veis procedimentos para regulariza\u00e7\u00e3o de moradias de [&hellip;]<\/p>\n","protected":false},"author":522,"featured_media":0,"parent":15928,"menu_order":271,"comment_status":"closed","ping_status":"closed","template":"","meta":{"_acf_changed":false,"footnotes":""},"class_list":["post-16594","page","type-page","status-publish","hentry"],"acf":[],"_links":{"self":[{"href":"https:\/\/homolog.saopaulo.sp.leg.br\/escoladoparlamento\/wp-json\/wp\/v2\/pages\/16594","targetHints":{"allow":["GET"]}}],"collection":[{"href":"https:\/\/homolog.saopaulo.sp.leg.br\/escoladoparlamento\/wp-json\/wp\/v2\/pages"}],"about":[{"href":"https:\/\/homolog.saopaulo.sp.leg.br\/escoladoparlamento\/wp-json\/wp\/v2\/types\/page"}],"author":[{"embeddable":true,"href":"https:\/\/homolog.saopaulo.sp.leg.br\/escoladoparlamento\/wp-json\/wp\/v2\/users\/522"}],"replies":[{"embeddable":true,"href":"https:\/\/homolog.saopaulo.sp.leg.br\/escoladoparlamento\/wp-json\/wp\/v2\/comments?post=16594"}],"version-history":[{"count":5,"href":"https:\/\/homolog.saopaulo.sp.leg.br\/escoladoparlamento\/wp-json\/wp\/v2\/pages\/16594\/revisions"}],"predecessor-version":[{"id":16685,"href":"https:\/\/homolog.saopaulo.sp.leg.br\/escoladoparlamento\/wp-json\/wp\/v2\/pages\/16594\/revisions\/16685"}],"up":[{"embeddable":true,"href":"https:\/\/homolog.saopaulo.sp.leg.br\/escoladoparlamento\/wp-json\/wp\/v2\/pages\/15928"}],"wp:attachment":[{"href":"https:\/\/homolog.saopaulo.sp.leg.br\/escoladoparlamento\/wp-json\/wp\/v2\/media?parent=16594"}],"curies":[{"name":"wp","href":"https:\/\/api.w.org\/{rel}","templated":true}]}}