{"id":16661,"date":"2019-09-02T15:32:48","date_gmt":"2019-09-02T18:32:48","guid":{"rendered":"http:\/\/homolog.saopaulo.sp.leg.br\/escoladoparlamento\/?page_id=16661"},"modified":"2025-01-21T16:41:03","modified_gmt":"2025-01-21T19:41:03","slug":"termo-de-cooperacao-tecnica","status":"publish","type":"page","link":"https:\/\/homolog.saopaulo.sp.leg.br\/escoladoparlamento\/parcerias\/termo-de-cooperacao-tecnica\/","title":{"rendered":"Termo de Coopera\u00e7\u00e3o T\u00e9cnica"},"content":{"rendered":"<p>Procedimento obrigat\u00f3rio para a celebra\u00e7\u00e3o de parcerias, o <strong>Termo de Coopera\u00e7\u00e3o T\u00e9cnica<\/strong> \u00e9 o documento firmado entre a <em>Escola do Parlamento<\/em> e entidades p\u00fablicas e\/ou privadas sem fins lucrativos, por um tempo estabelecido e voltado \u00e0 defini\u00e7\u00e3o das especificidades na realiza\u00e7\u00e3o de atividades acad\u00eamicas.<\/p>\n<p>&nbsp;<\/p>\n<p><a href=\"https:\/\/homolog.saopaulo.sp.leg.br\/escoladoparlamento\/wp-content\/uploads\/sites\/5\/2019\/09\/Edital-de-Cadastramento_Celebra\u00e7\u00e3o-de-Conv\u00eanios-entre-a-Escola-do-Parlamento-e-entidades-p\u00fablicas-e-privadas-sem-fins-lucrativos.pdf\">Edital de Cadastramento para Celebra\u00e7\u00e3o de Conv\u00eanios entre a Escola do Parlamento e entidades p\u00fablicas e privadas sem fins lucrativos<\/a><\/p>\n<p><a href=\"https:\/\/homolog.saopaulo.sp.leg.br\/escoladoparlamento\/wp-content\/uploads\/sites\/5\/2019\/09\/ANEXO-I_Ficha-Cadastral-em-Word.docx\">ANEXO I_Ficha Cadastral em Word<\/a><\/p>\n<p><a href=\"http:\/\/homolog.saopaulo.sp.leg.br\/escoladoparlamento\/wp-content\/uploads\/sites\/5\/2025\/01\/ANEXO-II_Minuta-para-elaboracao-do-Termo-de-Cooperacao-Tecnica_2025.docx\">ANEXO II_Minuta para elaboracao do Termo de Coopera\u00e7\u00e3o T\u00e9cnica<\/a><\/p>\n<p>&nbsp;<\/p>\n","protected":false},"excerpt":{"rendered":"<p>Procedimento obrigat\u00f3rio para a celebra\u00e7\u00e3o de parcerias, o Termo de Coopera\u00e7\u00e3o T\u00e9cnica \u00e9 o documento firmado entre a Escola do Parlamento e entidades p\u00fablicas e\/ou privadas sem fins lucrativos, por um tempo estabelecido e voltado \u00e0 defini\u00e7\u00e3o das especificidades na realiza\u00e7\u00e3o de atividades acad\u00eamicas. &nbsp; Edital de Cadastramento para Celebra\u00e7\u00e3o de Conv\u00eanios entre a Escola [&hellip;]<\/p>\n","protected":false},"author":522,"featured_media":0,"parent":16775,"menu_order":269,"comment_status":"closed","ping_status":"closed","template":"","meta":{"_acf_changed":false,"footnotes":""},"class_list":["post-16661","page","type-page","status-publish","hentry"],"acf":[],"_links":{"self":[{"href":"https:\/\/homolog.saopaulo.sp.leg.br\/escoladoparlamento\/wp-json\/wp\/v2\/pages\/16661","targetHints":{"allow":["GET"]}}],"collection":[{"href":"https:\/\/homolog.saopaulo.sp.leg.br\/escoladoparlamento\/wp-json\/wp\/v2\/pages"}],"about":[{"href":"https:\/\/homolog.saopaulo.sp.leg.br\/escoladoparlamento\/wp-json\/wp\/v2\/types\/page"}],"author":[{"embeddable":true,"href":"https:\/\/homolog.saopaulo.sp.leg.br\/escoladoparlamento\/wp-json\/wp\/v2\/users\/522"}],"replies":[{"embeddable":true,"href":"https:\/\/homolog.saopaulo.sp.leg.br\/escoladoparlamento\/wp-json\/wp\/v2\/comments?post=16661"}],"version-history":[{"count":5,"href":"https:\/\/homolog.saopaulo.sp.leg.br\/escoladoparlamento\/wp-json\/wp\/v2\/pages\/16661\/revisions"}],"predecessor-version":[{"id":29266,"href":"https:\/\/homolog.saopaulo.sp.leg.br\/escoladoparlamento\/wp-json\/wp\/v2\/pages\/16661\/revisions\/29266"}],"up":[{"embeddable":true,"href":"https:\/\/homolog.saopaulo.sp.leg.br\/escoladoparlamento\/wp-json\/wp\/v2\/pages\/16775"}],"wp:attachment":[{"href":"https:\/\/homolog.saopaulo.sp.leg.br\/escoladoparlamento\/wp-json\/wp\/v2\/media?parent=16661"}],"curies":[{"name":"wp","href":"https:\/\/api.w.org\/{rel}","templated":true}]}}